{"id":76059,"date":"2023-10-02T18:26:33","date_gmt":"2023-10-02T16:26:33","guid":{"rendered":"https:\/\/bien-etreiris.ch\/produktpraesentation\/aromatherapie\/pflanzenwaesser\/kamillenbluetenwasser\/romaine\/"},"modified":"2023-10-02T19:00:36","modified_gmt":"2023-10-02T17:00:36","slug":"romische-kamille","status":"publish","type":"page","link":"https:\/\/bien-etreiris.ch\/de\/produktpraesentation\/aromatherapie\/pflanzenwaesser\/kamillenbluetenwasser\/romische-kamille\/","title":{"rendered":"R\u00d6MISCHE"},"content":{"rendered":"<h2><strong>R\u00f6misches Kamillenbl\u00fcten Pflanzenwasser - Entspannte Sch\u00f6nheit<\/strong><\/h2>\n<h4><strong>&nbsp;<\/strong><\/h4>\n<p><a href=\"https:\/\/bien-etreiris.ch\/de\/produktpraesentation\/aromatherapie\/pflanzenwaesser\/kamillenbluetenwasser\/camomille-6-2\/\"><img loading=\"lazy\" decoding=\"async\" class=\"wp-image-75837  alignleft\" src=\"https:\/\/bien-etreiris.ch\/wp-content\/uploads\/2023\/09\/Camomille.jpg\" sizes=\"auto, (max-width: 353px) 100vw, 353px\" srcset=\"https:\/\/bien-etreiris.ch\/wp-content\/uploads\/2023\/09\/Camomille.jpg 480w, https:\/\/bien-etreiris.ch\/wp-content\/uploads\/2023\/09\/Camomille-225x300.jpg 225w\" alt=\"\" width=\"353\" height=\"471\"><\/a><\/p>\n<p>&nbsp;<\/p>\n<p>&nbsp;<\/p>\n<p>&nbsp;<\/p>\n<p>&nbsp;<\/p>\n<p>&nbsp;<\/p>\n<p>100% pur - garantit la plus haute qualit\u00e9<\/p>\n<p>Flacon en verre avec Spray vaporisateur<\/p>\n<p><em><strong>Qualit\u00e9 1A BIO<\/strong><\/em><\/p>\n<p><strong>Contenu : <\/strong><\/p>\n<p>&nbsp; 50 ml <strong>CHF 6.25<\/strong><\/p>\n<p>100 ml<strong> CHF 9.00<\/strong><\/p>\n<p>\u00e9galement disponible en remplissage 50 ml <strong>CHF 2.75<br \/>\n<\/strong><\/p>\n<hr>\n<p><em><strong>Qualit\u00e9&nbsp; BIO<\/strong><\/em><\/p>\n<p><strong>Contenu :<\/strong><\/p>\n<p>&nbsp; 50 ml <strong>CHF 5.75<\/strong><\/p>\n<p>100 ml<strong> CHF 8.00<\/strong><\/p>\n<p>\u00e9galement disponible en remplissage 50 ml <strong>CHF 2.25<\/strong><\/p>\n<p>&nbsp;<\/p>\n<p>&nbsp;<\/p>\n<p><a href=\"https:\/\/bien-etreiris.ch\/de\/produktpraesentation\/aromatherapie\/pflanzenwaesser\/kamillenbluetenwasser\/basis-mit-text-50-ml-2\/\" rel=\"attachment wp-att-75840\"><img loading=\"lazy\" decoding=\"async\" class=\"alignnone  wp-image-75840\" src=\"https:\/\/bien-etreiris.ch\/wp-content\/uploads\/2023\/09\/basis-mit-text-50-ml.jpg\" sizes=\"auto, (max-width: 745px) 100vw, 745px\" srcset=\"https:\/\/bien-etreiris.ch\/wp-content\/uploads\/2023\/09\/basis-mit-text-50-ml.jpg 800w, https:\/\/bien-etreiris.ch\/wp-content\/uploads\/2023\/09\/basis-mit-text-50-ml-300x147.jpg 300w, https:\/\/bien-etreiris.ch\/wp-content\/uploads\/2023\/09\/basis-mit-text-50-ml-768x377.jpg 768w, https:\/\/bien-etreiris.ch\/wp-content\/uploads\/2023\/09\/basis-mit-text-50-ml-100x50.jpg 100w\" alt=\"\" width=\"745\" height=\"366\"><\/a><\/p>\n<p>&nbsp;<\/p>\n<p>&nbsp;<\/p>\n<table class=\"table\" style=\"width: 46.1903%;\">\n<thead>\n<tr>\n<th style=\"width: 36.9631%;\" colspan=\"2\">\n<h4>Caract\u00e9ristiques<\/h4>\n<\/th>\n<\/tr>\n<\/thead>\n<tbody>\n<tr>\n<td style=\"width: 14.0366%;\">Quantit\u00e9<\/td>\n<td style=\"width: 22.9265%;\">de 50 ml<\/td>\n<\/tr>\n<tr>\n<td style=\"width: 14.0366%;\">Provenance<\/td>\n<td style=\"width: 22.9265%;\">Italy<\/td>\n<\/tr>\n<tr>\n<td style=\"width: 14.0366%;\">Mode de Culture<\/td>\n<td style=\"width: 22.9265%;\">BIO<\/td>\n<\/tr>\n<tr>\n<td style=\"width: 14.0366%;\">Partie Distill\u00e9e<\/td>\n<td style=\"width: 22.9265%;\">Fleurs \/ Plante<\/td>\n<\/tr>\n<tr>\n<td style=\"width: 36.9631%;\" colspan=\"2\">\n<h4><strong>Modes d'utilisation<\/strong><\/h4>\n<\/td>\n<\/tr>\n<tr>\n<td style=\"width: 14.0366%;\">Vaporisation<\/td>\n<td style=\"width: 22.9265%;\">***<\/td>\n<\/tr>\n<tr>\n<td style=\"width: 14.0366%;\">Voie Cutan\u00e9e<\/td>\n<td style=\"width: 22.9265%;\">***<\/td>\n<\/tr>\n<tr>\n<td style=\"width: 14.0366%;\">Bain Aromatique<\/td>\n<td style=\"width: 22.9265%;\">***<\/td>\n<\/tr>\n<tr>\n<td style=\"width: 14.0366%;\">Voie Interne<\/td>\n<td style=\"width: 22.9265%;\">***<\/td>\n<\/tr>\n<tr>\n<td style=\"width: 36.9631%;\" colspan=\"2\">\n<h4><strong>Autres utilisations<\/strong><\/h4>\n<\/td>\n<\/tr>\n<tr>\n<td style=\"width: 14.0366%;\">Aroma \u00e9nerg\u00e9tique<\/td>\n<td style=\"width: 22.9265%;\">**<\/td>\n<\/tr>\n<tr>\n<td style=\"width: 14.0366%;\">Cosm\u00e9tique<\/td>\n<td style=\"width: 22.9265%;\">**<\/td>\n<\/tr>\n<tr>\n<td style=\"width: 14.0366%;\">Massage<\/td>\n<td style=\"width: 22.9265%;\">-<\/td>\n<\/tr>\n<tr>\n<td style=\"width: 14.0366%;\">Cuisine<\/td>\n<td style=\"width: 22.9265%;\">*<\/td>\n<\/tr>\n<tr>\n<td style=\"width: 36.9631%;\" colspan=\"2\">\n<h4><strong>Infos compl\u00e9mentaires<\/strong><\/h4>\n<\/td>\n<\/tr>\n<tr>\n<td style=\"width: 14.0366%;\">Chakras n\u00b0<\/td>\n<td style=\"width: 22.9265%;\">4,5 &amp; 6<\/td>\n<\/tr>\n<tr>\n<td style=\"width: 14.0366%;\">Couleurs<\/td>\n<td style=\"width: 22.9265%;\">Bleu &amp; Indigo<\/td>\n<\/tr>\n<tr>\n<td style=\"width: 14.0366%;\">Notes de<\/td>\n<td style=\"width: 22.9265%;\">-<\/td>\n<\/tr>\n<tr>\n<td style=\"width: 14.0366%;\">Ayurveda<\/td>\n<td style=\"width: 22.9265%;\">Eau | Vata + \/ Pitta &amp; Kapha -<\/td>\n<\/tr>\n<\/tbody>\n<\/table>\n<p>&nbsp;<\/p>\n<p>&nbsp;<\/p>\n<p>&nbsp;<\/p>\n<p>&nbsp;<\/p>\n<p>&nbsp;<\/p>\n<h4><strong>Chamomilla nobile<\/strong><\/h4>\n<p><a href=\"https:\/\/decoiris.ch\/wp-content\/uploads\/2019\/07\/Kamille-seitentitel-1.jpg\"><img loading=\"lazy\" decoding=\"async\" class=\"wp-image-22170  alignleft\" src=\"https:\/\/decoiris.ch\/wp-content\/uploads\/2019\/07\/Kamille-seitentitel-1.jpg\" sizes=\"auto, (max-width: 450px) 100vw, 450px\" srcset=\"https:\/\/decoiris.ch\/wp-content\/uploads\/2019\/07\/Kamille-seitentitel-1.jpg 450w, https:\/\/decoiris.ch\/wp-content\/uploads\/2019\/07\/Kamille-seitentitel-1-142x300.jpg 142w\" alt=\"\" width=\"332\" height=\"701\"><\/a><\/p>\n<p>&nbsp;<\/p>\n<p>&nbsp;<\/p>\n<p>&nbsp;<\/p>\n<p>&nbsp;<\/p>\n<p>&nbsp;<\/p>\n<p>&nbsp;<\/p>\n<p>&nbsp;<\/p>\n<p>&nbsp;<\/p>\n<p>&nbsp;<\/p>\n<p>&nbsp;<\/p>\n<p>&nbsp;<\/p>\n<p>&nbsp;<\/p>\n<p>L'eau b\u00e9n\u00e9fique de camomille convient au nettoyage au soin des peaux sensibles, impures et irrit\u00e9es. L'eau des plantes est \u00e9galement fortement recommand\u00e9e aux cheveux pour un cuir chevelu sain ou comme soin doux pour b\u00e9b\u00e9<\/p>\n<p><strong>Application&nbsp;:<\/strong><br \/>\nPour les soins du visage et du corps&nbsp;: vaporisez la peau non dilu\u00e9e. En tant que spray capillaire, vaporisez directement sur le cuir chevelu.<\/p>\n<p><strong>Le saviez-vous ?<\/strong><br \/>\nSi l'eau de camomille est utilis\u00e9e comme bain de bouche, elle peut d\u00e9velopper son doux effet anti-inflammatoire. Vaporiser directement dans la bouche, laisser agir puis rincer. L'eau de camomille romaine contribue \u00e0 un repos gastrique agr\u00e9able, en particulier lorsque les troubles et la col\u00e8re sont li\u00e9s. Vaporiser 2 \u00e0 3 gouttes d'eau dans un verre d'eau ti\u00e8de et boire \u00e0 petites gorg\u00e9es.<\/p>\n<p>&nbsp;<\/p>\n<p>&nbsp;<\/p>\n<p>&nbsp;<\/p>\n<p>&nbsp;<\/p>\n<h2><a href=\"https:\/\/bien-etreiris.ch\/de\/ratgeber-klarheit-beratung\/natuerliche-heilmittel\/pflanzenheilkunde\/hydrolats\/camomille-romaine\/\" target=\"_blank\" rel=\"noopener\"><span style=\"color: #99cc00;\"><em>Si vous souhaitez en savoir plus sur cet hydrolat, cliquez ici.<\/em><\/span><\/a><\/h2>\n","protected":false},"excerpt":{"rendered":"<p>R\u00f6misches Kamillenbl\u00fcten Pflanzenwasser - Entspannte Sch\u00f6nheit &nbsp; &nbsp; &nbsp; &nbsp; &nbsp; &nbsp; 100% pur - garantit la plus haute qualit\u00e9 Flacon en verre avec Spray vaporisateur Qualit\u00e9 1A BIO Contenu : &nbsp; 50 ml CHF 6.25 100 ml CHF 9.00 \u00e9galement disponible en remplissage 50 ml CHF 2.75 Qualit\u00e9&nbsp; BIO Contenu : &nbsp; 50 ml CHF 5.75 100 ml CHF&nbsp;<a href=\"https:\/\/bien-etreiris.ch\/de\/produktpraesentation\/aromatherapie\/pflanzenwaesser\/kamillenbluetenwasser\/romische-kamille\/\" class=\"read-more\">Weiter lesen<\/a><\/p>\n","protected":false},"author":1,"featured_media":40787,"parent":40789,"menu_order":2892,"comment_status":"closed","ping_status":"closed","template":"page-with-child.php","meta":{"_acf_changed":false,"ngg_post_thumbnail":0,"footnotes":""},"class_list":["post-76059","page","type-page","status-publish","has-post-thumbnail","hentry"],"acf":[],"yoast_head":"<!-- This site is optimized with the Yoast SEO plugin v27.4 - https:\/\/yoast.com\/product\/yoast-seo-wordpress\/ -->\n<title>R\u00d6MISCHE - WOHLBEFINDEN<\/title>\n<meta name=\"robots\" content=\"index, follow, max-snippet:-1, max-image-preview:large, max-video-preview:-1\" \/>\n<link rel=\"canonical\" href=\"https:\/\/bien-etreiris.ch\/de\/produktpraesentation\/aromatherapie\/pflanzenwaesser\/kamillenbluetenwasser\/romische-kamille\/\" \/>\n<meta property=\"og:locale\" content=\"de_DE\" \/>\n<meta property=\"og:type\" content=\"article\" \/>\n<meta property=\"og:title\" content=\"R\u00d6MISCHE - WOHLBEFINDEN\" \/>\n<meta property=\"og:description\" content=\"R\u00f6misches Kamillenbl\u00fcten Pflanzenwasser - Entspannte Sch\u00f6nheit &nbsp; &nbsp; &nbsp; &nbsp; &nbsp; &nbsp; 100% pur - garantit la plus haute qualit\u00e9 Flacon en verre avec Spray vaporisateur Qualit\u00e9 1A BIO Contenu : &nbsp; 50 ml CHF 6.25 100 ml CHF 9.00 \u00e9galement disponible en remplissage 50 ml CHF 2.75 Qualit\u00e9&nbsp; BIO Contenu : &nbsp; 50 ml CHF 5.75 100 ml CHF&nbsp;Weiter lesen\" \/>\n<meta property=\"og:url\" content=\"https:\/\/bien-etreiris.ch\/de\/produktpraesentation\/aromatherapie\/pflanzenwaesser\/kamillenbluetenwasser\/romische-kamille\/\" \/>\n<meta property=\"og:site_name\" content=\"WOHLBEFINDEN\" \/>\n<meta property=\"article:publisher\" content=\"https:\/\/www.facebook.com\/bienetreiris\/\" \/>\n<meta property=\"article:modified_time\" content=\"2023-10-02T17:00:36+00:00\" \/>\n<meta property=\"og:image\" content=\"https:\/\/bien-etreiris.ch\/wp-content\/uploads\/2021\/03\/acceuil-camomille.jpg\" \/>\n\t<meta property=\"og:image:width\" content=\"500\" \/>\n\t<meta property=\"og:image:height\" content=\"333\" \/>\n\t<meta property=\"og:image:type\" content=\"image\/jpeg\" \/>\n<meta name=\"twitter:label1\" content=\"Gesch\u00e4tzte Lesezeit\" \/>\n\t<meta name=\"twitter:data1\" content=\"3\u00a0Minuten\" \/>\n<script type=\"application\/ld+json\" class=\"yoast-schema-graph\">{\"@context\":\"https:\\\/\\\/schema.org\",\"@graph\":[{\"@type\":\"WebPage\",\"@id\":\"https:\\\/\\\/bien-etreiris.ch\\\/de\\\/produktpraesentation\\\/aromatherapie\\\/pflanzenwaesser\\\/kamillenbluetenwasser\\\/romische-kamille\\\/\",\"url\":\"https:\\\/\\\/bien-etreiris.ch\\\/de\\\/produktpraesentation\\\/aromatherapie\\\/pflanzenwaesser\\\/kamillenbluetenwasser\\\/romische-kamille\\\/\",\"name\":\"R\u00d6MISCHE - WOHLBEFINDEN\",\"isPartOf\":{\"@id\":\"https:\\\/\\\/bien-etreiris.ch\\\/de\\\/#website\"},\"primaryImageOfPage\":{\"@id\":\"https:\\\/\\\/bien-etreiris.ch\\\/de\\\/produktpraesentation\\\/aromatherapie\\\/pflanzenwaesser\\\/kamillenbluetenwasser\\\/romische-kamille\\\/#primaryimage\"},\"image\":{\"@id\":\"https:\\\/\\\/bien-etreiris.ch\\\/de\\\/produktpraesentation\\\/aromatherapie\\\/pflanzenwaesser\\\/kamillenbluetenwasser\\\/romische-kamille\\\/#primaryimage\"},\"thumbnailUrl\":\"https:\\\/\\\/bien-etreiris.ch\\\/wp-content\\\/uploads\\\/2021\\\/03\\\/acceuil-camomille.jpg\",\"datePublished\":\"2023-10-02T16:26:33+00:00\",\"dateModified\":\"2023-10-02T17:00:36+00:00\",\"breadcrumb\":{\"@id\":\"https:\\\/\\\/bien-etreiris.ch\\\/de\\\/produktpraesentation\\\/aromatherapie\\\/pflanzenwaesser\\\/kamillenbluetenwasser\\\/romische-kamille\\\/#breadcrumb\"},\"inLanguage\":\"de\",\"potentialAction\":[{\"@type\":\"ReadAction\",\"target\":[\"https:\\\/\\\/bien-etreiris.ch\\\/de\\\/produktpraesentation\\\/aromatherapie\\\/pflanzenwaesser\\\/kamillenbluetenwasser\\\/romische-kamille\\\/\"]}]},{\"@type\":\"ImageObject\",\"inLanguage\":\"de\",\"@id\":\"https:\\\/\\\/bien-etreiris.ch\\\/de\\\/produktpraesentation\\\/aromatherapie\\\/pflanzenwaesser\\\/kamillenbluetenwasser\\\/romische-kamille\\\/#primaryimage\",\"url\":\"https:\\\/\\\/bien-etreiris.ch\\\/wp-content\\\/uploads\\\/2021\\\/03\\\/acceuil-camomille.jpg\",\"contentUrl\":\"https:\\\/\\\/bien-etreiris.ch\\\/wp-content\\\/uploads\\\/2021\\\/03\\\/acceuil-camomille.jpg\",\"width\":500,\"height\":333},{\"@type\":\"BreadcrumbList\",\"@id\":\"https:\\\/\\\/bien-etreiris.ch\\\/de\\\/produktpraesentation\\\/aromatherapie\\\/pflanzenwaesser\\\/kamillenbluetenwasser\\\/romische-kamille\\\/#breadcrumb\",\"itemListElement\":[{\"@type\":\"ListItem\",\"position\":1,\"name\":\"Home\",\"item\":\"https:\\\/\\\/bien-etreiris.ch\\\/de\\\/\"},{\"@type\":\"ListItem\",\"position\":2,\"name\":\"PRODUKTPR\u00c4SENTATION\",\"item\":\"https:\\\/\\\/bien-etreiris.ch\\\/de\\\/produktpraesentation\\\/\"},{\"@type\":\"ListItem\",\"position\":3,\"name\":\"AROMATHERAPIE\",\"item\":\"https:\\\/\\\/bien-etreiris.ch\\\/de\\\/produktpraesentation\\\/aromatherapie\\\/\"},{\"@type\":\"ListItem\",\"position\":4,\"name\":\"PFLANZENW\u00c4SSER\",\"item\":\"https:\\\/\\\/bien-etreiris.ch\\\/de\\\/produktpraesentation\\\/aromatherapie\\\/pflanzenwaesser\\\/\"},{\"@type\":\"ListItem\",\"position\":5,\"name\":\"KAMILLENWASSER\",\"item\":\"https:\\\/\\\/bien-etreiris.ch\\\/de\\\/produktpraesentation\\\/aromatherapie\\\/pflanzenwaesser\\\/kamillenbluetenwasser\\\/\"},{\"@type\":\"ListItem\",\"position\":6,\"name\":\"R\u00d6MISCHE\"}]},{\"@type\":\"WebSite\",\"@id\":\"https:\\\/\\\/bien-etreiris.ch\\\/de\\\/#website\",\"url\":\"https:\\\/\\\/bien-etreiris.ch\\\/de\\\/\",\"name\":\"Bien-\u00eatre Iris\",\"description\":\"IHRE Gesundheit ist uns wichtig\",\"potentialAction\":[{\"@type\":\"SearchAction\",\"target\":{\"@type\":\"EntryPoint\",\"urlTemplate\":\"https:\\\/\\\/bien-etreiris.ch\\\/de\\\/?s={search_term_string}\"},\"query-input\":{\"@type\":\"PropertyValueSpecification\",\"valueRequired\":true,\"valueName\":\"search_term_string\"}}],\"inLanguage\":\"de\"}]}<\/script>\n<!-- \/ Yoast SEO plugin. -->","yoast_head_json":{"title":"R\u00d6MISCHE - WOHLBEFINDEN","robots":{"index":"index","follow":"follow","max-snippet":"max-snippet:-1","max-image-preview":"max-image-preview:large","max-video-preview":"max-video-preview:-1"},"canonical":"https:\/\/bien-etreiris.ch\/de\/produktpraesentation\/aromatherapie\/pflanzenwaesser\/kamillenbluetenwasser\/romische-kamille\/","og_locale":"de_DE","og_type":"article","og_title":"R\u00d6MISCHE - WOHLBEFINDEN","og_description":"R\u00f6misches Kamillenbl\u00fcten Pflanzenwasser - Entspannte Sch\u00f6nheit &nbsp; &nbsp; &nbsp; &nbsp; &nbsp; &nbsp; 100% pur - garantit la plus haute qualit\u00e9 Flacon en verre avec Spray vaporisateur Qualit\u00e9 1A BIO Contenu : &nbsp; 50 ml CHF 6.25 100 ml CHF 9.00 \u00e9galement disponible en remplissage 50 ml CHF 2.75 Qualit\u00e9&nbsp; BIO Contenu : &nbsp; 50 ml CHF 5.75 100 ml CHF&nbsp;Weiter lesen","og_url":"https:\/\/bien-etreiris.ch\/de\/produktpraesentation\/aromatherapie\/pflanzenwaesser\/kamillenbluetenwasser\/romische-kamille\/","og_site_name":"WOHLBEFINDEN","article_publisher":"https:\/\/www.facebook.com\/bienetreiris\/","article_modified_time":"2023-10-02T17:00:36+00:00","og_image":[{"width":500,"height":333,"url":"https:\/\/bien-etreiris.ch\/wp-content\/uploads\/2021\/03\/acceuil-camomille.jpg","type":"image\/jpeg"}],"twitter_misc":{"Gesch\u00e4tzte Lesezeit":"3\u00a0Minuten"},"schema":{"@context":"https:\/\/schema.org","@graph":[{"@type":"WebPage","@id":"https:\/\/bien-etreiris.ch\/de\/produktpraesentation\/aromatherapie\/pflanzenwaesser\/kamillenbluetenwasser\/romische-kamille\/","url":"https:\/\/bien-etreiris.ch\/de\/produktpraesentation\/aromatherapie\/pflanzenwaesser\/kamillenbluetenwasser\/romische-kamille\/","name":"R\u00d6MISCHE - WOHLBEFINDEN","isPartOf":{"@id":"https:\/\/bien-etreiris.ch\/de\/#website"},"primaryImageOfPage":{"@id":"https:\/\/bien-etreiris.ch\/de\/produktpraesentation\/aromatherapie\/pflanzenwaesser\/kamillenbluetenwasser\/romische-kamille\/#primaryimage"},"image":{"@id":"https:\/\/bien-etreiris.ch\/de\/produktpraesentation\/aromatherapie\/pflanzenwaesser\/kamillenbluetenwasser\/romische-kamille\/#primaryimage"},"thumbnailUrl":"https:\/\/bien-etreiris.ch\/wp-content\/uploads\/2021\/03\/acceuil-camomille.jpg","datePublished":"2023-10-02T16:26:33+00:00","dateModified":"2023-10-02T17:00:36+00:00","breadcrumb":{"@id":"https:\/\/bien-etreiris.ch\/de\/produktpraesentation\/aromatherapie\/pflanzenwaesser\/kamillenbluetenwasser\/romische-kamille\/#breadcrumb"},"inLanguage":"de","potentialAction":[{"@type":"ReadAction","target":["https:\/\/bien-etreiris.ch\/de\/produktpraesentation\/aromatherapie\/pflanzenwaesser\/kamillenbluetenwasser\/romische-kamille\/"]}]},{"@type":"ImageObject","inLanguage":"de","@id":"https:\/\/bien-etreiris.ch\/de\/produktpraesentation\/aromatherapie\/pflanzenwaesser\/kamillenbluetenwasser\/romische-kamille\/#primaryimage","url":"https:\/\/bien-etreiris.ch\/wp-content\/uploads\/2021\/03\/acceuil-camomille.jpg","contentUrl":"https:\/\/bien-etreiris.ch\/wp-content\/uploads\/2021\/03\/acceuil-camomille.jpg","width":500,"height":333},{"@type":"BreadcrumbList","@id":"https:\/\/bien-etreiris.ch\/de\/produktpraesentation\/aromatherapie\/pflanzenwaesser\/kamillenbluetenwasser\/romische-kamille\/#breadcrumb","itemListElement":[{"@type":"ListItem","position":1,"name":"Home","item":"https:\/\/bien-etreiris.ch\/de\/"},{"@type":"ListItem","position":2,"name":"PRODUKTPR\u00c4SENTATION","item":"https:\/\/bien-etreiris.ch\/de\/produktpraesentation\/"},{"@type":"ListItem","position":3,"name":"AROMATHERAPIE","item":"https:\/\/bien-etreiris.ch\/de\/produktpraesentation\/aromatherapie\/"},{"@type":"ListItem","position":4,"name":"PFLANZENW\u00c4SSER","item":"https:\/\/bien-etreiris.ch\/de\/produktpraesentation\/aromatherapie\/pflanzenwaesser\/"},{"@type":"ListItem","position":5,"name":"KAMILLENWASSER","item":"https:\/\/bien-etreiris.ch\/de\/produktpraesentation\/aromatherapie\/pflanzenwaesser\/kamillenbluetenwasser\/"},{"@type":"ListItem","position":6,"name":"R\u00d6MISCHE"}]},{"@type":"WebSite","@id":"https:\/\/bien-etreiris.ch\/de\/#website","url":"https:\/\/bien-etreiris.ch\/de\/","name":"Bien-\u00eatre Iris","description":"IHRE Gesundheit ist uns wichtig","potentialAction":[{"@type":"SearchAction","target":{"@type":"EntryPoint","urlTemplate":"https:\/\/bien-etreiris.ch\/de\/?s={search_term_string}"},"query-input":{"@type":"PropertyValueSpecification","valueRequired":true,"valueName":"search_term_string"}}],"inLanguage":"de"}]}},"_links":{"self":[{"href":"https:\/\/bien-etreiris.ch\/de\/wp-json\/wp\/v2\/pages\/76059","targetHints":{"allow":["GET"]}}],"collection":[{"href":"https:\/\/bien-etreiris.ch\/de\/wp-json\/wp\/v2\/pages"}],"about":[{"href":"https:\/\/bien-etreiris.ch\/de\/wp-json\/wp\/v2\/types\/page"}],"author":[{"embeddable":true,"href":"https:\/\/bien-etreiris.ch\/de\/wp-json\/wp\/v2\/users\/1"}],"replies":[{"embeddable":true,"href":"https:\/\/bien-etreiris.ch\/de\/wp-json\/wp\/v2\/comments?post=76059"}],"version-history":[{"count":4,"href":"https:\/\/bien-etreiris.ch\/de\/wp-json\/wp\/v2\/pages\/76059\/revisions"}],"predecessor-version":[{"id":76078,"href":"https:\/\/bien-etreiris.ch\/de\/wp-json\/wp\/v2\/pages\/76059\/revisions\/76078"}],"up":[{"embeddable":true,"href":"https:\/\/bien-etreiris.ch\/de\/wp-json\/wp\/v2\/pages\/40789"}],"wp:featuredmedia":[{"embeddable":true,"href":"https:\/\/bien-etreiris.ch\/de\/wp-json\/wp\/v2\/media\/40787"}],"wp:attachment":[{"href":"https:\/\/bien-etreiris.ch\/de\/wp-json\/wp\/v2\/media?parent=76059"}],"curies":[{"name":"wp","href":"https:\/\/api.w.org\/{rel}","templated":true}]}}