{"id":75917,"date":"2023-09-28T17:12:43","date_gmt":"2023-09-28T15:12:43","guid":{"rendered":"https:\/\/bien-etreiris.ch\/produktpraesentation\/gesundes-leben\/nahrungsergaenzungsmittel\/pflanzenheilkunde-gleichgewicht-durch-heilpflanzen\/kraeuter-und-pflanzen\/fleurs-de-rose\/damascena\/"},"modified":"2023-09-28T18:50:28","modified_gmt":"2023-09-28T16:50:28","slug":"damascena","status":"publish","type":"page","link":"https:\/\/bien-etreiris.ch\/de\/produktpraesentation\/aromatherapie\/pflanzenwaesser\/rosenbluetenwasser\/damascena\/","title":{"rendered":"DAMASCENA"},"content":{"rendered":"\n<h2><strong data-rich-text-format-boundary=\"true\">Rose Damascena<\/strong>&nbsp; - Rose - \u00eatre femme<\/h2>\n\n\n<h4><strong>&nbsp;<\/strong><\/h4>\n<p><a href=\"https:\/\/bien-etreiris.ch\/de\/produktpraesentation\/aromatherapie\/pflanzenwaesser\/rosenbluetenwasser\/damascena\/rose-damascena-3-2\/\"><img loading=\"lazy\" decoding=\"async\" class=\"wp-image-75922  alignleft\" src=\"https:\/\/bien-etreiris.ch\/wp-content\/uploads\/2023\/09\/Rose-Damascena.jpg\" alt=\"\" width=\"324\" height=\"432\" srcset=\"https:\/\/bien-etreiris.ch\/wp-content\/uploads\/2023\/09\/Rose-Damascena.jpg 480w, https:\/\/bien-etreiris.ch\/wp-content\/uploads\/2023\/09\/Rose-Damascena-225x300.jpg 225w\" sizes=\"auto, (max-width: 324px) 100vw, 324px\" \/><\/a><\/p>\n<p>&nbsp;<\/p>\n<p>&nbsp;<\/p>\n<p>&nbsp;<\/p>\n<p>100% pur - garantit la plus haute qualit\u00e9<\/p>\n<p>Flacon en verre avec Spray vaporisateur<\/p>\n<p><span style=\"color: #33cccc;\"><em><strong>Qualit\u00e9 1A BIO<\/strong><\/em><\/span><\/p>\n<p><strong>Contenu : <\/strong><\/p>\n<p>&nbsp; 50 ml <strong>CHF 6.65<\/strong><\/p>\n<p>100 ml<strong> CHF 9.80<\/strong><\/p>\n<p>\u00e9galement disponible en remplissage 50 ml <strong>CHF 3.15<\/strong><\/p>\n<p>&nbsp;<\/p>\n<p>&nbsp;<\/p>\n<p>&nbsp;<\/p>\n<p>&nbsp;<\/p>\n<p><a href=\"https:\/\/bien-etreiris.ch\/wp-content\/uploads\/2023\/02\/eau-de-rose-50-ml.jpg\"><img loading=\"lazy\" decoding=\"async\" class=\"alignnone  wp-image-67279\" src=\"https:\/\/bien-etreiris.ch\/wp-content\/uploads\/2023\/02\/eau-de-rose-50-ml.jpg\" alt=\"\" width=\"590\" height=\"287\" srcset=\"https:\/\/bien-etreiris.ch\/wp-content\/uploads\/2023\/02\/eau-de-rose-50-ml.jpg 2180w, https:\/\/bien-etreiris.ch\/wp-content\/uploads\/2023\/02\/eau-de-rose-50-ml-300x146.jpg 300w, https:\/\/bien-etreiris.ch\/wp-content\/uploads\/2023\/02\/eau-de-rose-50-ml-1024x497.jpg 1024w, https:\/\/bien-etreiris.ch\/wp-content\/uploads\/2023\/02\/eau-de-rose-50-ml-768x373.jpg 768w, https:\/\/bien-etreiris.ch\/wp-content\/uploads\/2023\/02\/eau-de-rose-50-ml-1536x745.jpg 1536w, https:\/\/bien-etreiris.ch\/wp-content\/uploads\/2023\/02\/eau-de-rose-50-ml-2048x994.jpg 2048w, https:\/\/bien-etreiris.ch\/wp-content\/uploads\/2023\/02\/eau-de-rose-50-ml-100x50.jpg 100w\" sizes=\"auto, (max-width: 590px) 100vw, 590px\" \/><\/a><\/p>\n<p>&nbsp;<\/p>\n<h2>&nbsp;<\/h2>\n<p><strong>&nbsp;<\/strong><\/p>\n<p><a href=\"https:\/\/decoiris.ch\/wp-content\/uploads\/2019\/07\/rose-grosses-bild-1.jpg\"><img loading=\"lazy\" decoding=\"async\" class=\"wp-image-22218  alignleft\" src=\"https:\/\/decoiris.ch\/wp-content\/uploads\/2019\/07\/rose-grosses-bild-1.jpg\" sizes=\"auto, (max-width: 450px) 100vw, 450px\" srcset=\"https:\/\/decoiris.ch\/wp-content\/uploads\/2019\/07\/rose-grosses-bild-1.jpg 450w, https:\/\/decoiris.ch\/wp-content\/uploads\/2019\/07\/rose-grosses-bild-1-142x300.jpg 142w\" alt=\"\" width=\"378\" height=\"798\"><\/a><\/p>\n<p>&nbsp;<\/p>\n<p>La pr\u00e9cieuse eau de rose distill\u00e9e \u00e0 plusieurs reprises contient des ingr\u00e9dients pr\u00e9cieux pour les nobles soins du visage (soins et nettoyage). Il apaise et hydrate les yeux exalt\u00e9s et des muqueuses, a un refroidissement et en d\u00e9composition sur les changements de la peau irrit\u00e9e. L'eau de rose est souvent appr\u00e9ci\u00e9e par la femme comme compagnon pendant la m\u00e9nopause, il a un effet \u00e9quilibrant sur le corps et le psychisme.<\/p>\n<p><strong>Application&nbsp;:<\/strong><br>Pour les soins du visage et du corps, vaporisez l\u2019eau de rose non-dilu\u00e9e sur la peau.<\/p>\n<p>Pour les soins des yeux : vaporisez g\u00e9n\u00e9reusement de l'eau de rose sur les tampons de coton et applique.<\/p>\n<p>\u00c9galement recommand\u00e9e comme un doux soin v\u00e9t\u00e9rinaire.<\/p>\n<p>Si l\u2019eau de rose lib\u00e8re le parfum de seuil (naissance ou mort) utilis\u00e9e comme vaporisateur d\u2019ambiance de l'environnement de pulv\u00e9risation du corps.<\/p>\n<p><strong>Le saviez-vous ?<\/strong><br>Dans la fine cuisine aromatique, l\u2019eau de rose est utilis\u00e9e pour aromatiser les desserts, les boissons et les aliments.<\/p>\n<p><strong>Inspiration&nbsp;:<\/strong><br>Ch\u00e8res femmes pulv\u00e9risez l'eau de rose sur votre visage et sur votre d\u00e9collet\u00e9, offrez-vous du parfum de l\u2019eau de rose et profiter de la salutation de la rose, la reine de beaut\u00e9. L'eau de rose avec son fin parfum de fleur donne au parfum naturel une base magnifique.<\/p>\n<p>&nbsp;<\/p>\n<p>&nbsp;<\/p>\n<p>&nbsp;<\/p>\n<p><a href=\"https:\/\/decoiris.ch\/wp-content\/uploads\/2019\/07\/recette-2.png\"><img loading=\"lazy\" decoding=\"async\" class=\"wp-image-21896 alignleft\" src=\"https:\/\/decoiris.ch\/wp-content\/uploads\/2019\/07\/recette-2-246x300.png\" sizes=\"auto, (max-width: 314px) 100vw, 314px\" srcset=\"https:\/\/decoiris.ch\/wp-content\/uploads\/2019\/07\/recette-2-246x300.png 246w, https:\/\/decoiris.ch\/wp-content\/uploads\/2019\/07\/recette-2.png 378w\" alt=\"\" width=\"314\" height=\"383\"><\/a><\/p>\n<p>&nbsp;&nbsp; &nbsp; &nbsp; &nbsp; &nbsp; &nbsp; &nbsp; &nbsp; &nbsp; &nbsp; &nbsp;<\/p>\n<p><strong>&nbsp;<\/strong><\/p>\n<p>&nbsp;<\/p>\n<p>&nbsp;<\/p>\n<p>&nbsp;<\/p>\n<p>&nbsp;<\/p>\n<p>&nbsp;<\/p>\n<p>&nbsp;<\/p>\n<p>&nbsp;<\/p>\n<p>&nbsp;<\/p>\n<h2><span style=\"color: #99cc00;\"><em>Si vous souhaitez en savoir plus sur cet hydrolat, cliquez ici<\/em><\/span><\/h2>\n<p>&nbsp;<\/p>\n<p>&nbsp;<\/p>\n<p>&nbsp;<\/p>","protected":false},"excerpt":{"rendered":"<p>Rose Damascena&nbsp; - Rose - \u00eatre femme &nbsp; &nbsp; &nbsp; &nbsp; 100% pur - garantit la plus haute qualit\u00e9 Flacon en verre avec Spray vaporisateur Qualit\u00e9 1A BIO Contenu : &nbsp; 50 ml CHF 6.65 100 ml CHF 9.80 \u00e9galement disponible en remplissage 50 ml CHF 3.15 &nbsp; &nbsp; &nbsp; &nbsp; &nbsp; &nbsp; &nbsp; &nbsp; La pr\u00e9cieuse eau de rose&nbsp;<a href=\"https:\/\/bien-etreiris.ch\/de\/produktpraesentation\/aromatherapie\/pflanzenwaesser\/rosenbluetenwasser\/damascena\/\" class=\"read-more\">Weiter lesen<\/a><\/p>\n","protected":false},"author":1,"featured_media":75934,"parent":40831,"menu_order":2908,"comment_status":"closed","ping_status":"closed","template":"page-with-child.php","meta":{"_acf_changed":false,"ngg_post_thumbnail":0,"footnotes":""},"class_list":["post-75917","page","type-page","status-publish","has-post-thumbnail","hentry"],"acf":[],"yoast_head":"<!-- This site is optimized with the Yoast SEO plugin v27.4 - https:\/\/yoast.com\/product\/yoast-seo-wordpress\/ -->\n<title>DAMASCENA - WOHLBEFINDEN<\/title>\n<meta name=\"robots\" content=\"index, follow, max-snippet:-1, max-image-preview:large, max-video-preview:-1\" \/>\n<link rel=\"canonical\" href=\"https:\/\/bien-etreiris.ch\/de\/produktpraesentation\/aromatherapie\/pflanzenwaesser\/rosenbluetenwasser\/damascena\/\" \/>\n<meta property=\"og:locale\" content=\"de_DE\" \/>\n<meta property=\"og:type\" content=\"article\" \/>\n<meta property=\"og:title\" content=\"DAMASCENA - WOHLBEFINDEN\" \/>\n<meta property=\"og:description\" content=\"Rose Damascena&nbsp; - Rose - \u00eatre femme &nbsp; &nbsp; &nbsp; &nbsp; 100% pur - garantit la plus haute qualit\u00e9 Flacon en verre avec Spray vaporisateur Qualit\u00e9 1A BIO Contenu : &nbsp; 50 ml CHF 6.65 100 ml CHF 9.80 \u00e9galement disponible en remplissage 50 ml CHF 3.15 &nbsp; &nbsp; &nbsp; &nbsp; &nbsp; &nbsp; &nbsp; &nbsp; La pr\u00e9cieuse eau de rose&nbsp;Weiter lesen\" \/>\n<meta property=\"og:url\" content=\"https:\/\/bien-etreiris.ch\/de\/produktpraesentation\/aromatherapie\/pflanzenwaesser\/rosenbluetenwasser\/damascena\/\" \/>\n<meta property=\"og:site_name\" content=\"WOHLBEFINDEN\" \/>\n<meta property=\"article:publisher\" content=\"https:\/\/www.facebook.com\/bienetreiris\/\" \/>\n<meta property=\"article:modified_time\" content=\"2023-09-28T16:50:28+00:00\" \/>\n<meta property=\"og:image\" content=\"https:\/\/bien-etreiris.ch\/wp-content\/uploads\/2023\/09\/rose-Damascena-1.jpg\" \/>\n\t<meta property=\"og:image:width\" content=\"500\" \/>\n\t<meta property=\"og:image:height\" content=\"333\" \/>\n\t<meta property=\"og:image:type\" content=\"image\/jpeg\" \/>\n<meta name=\"twitter:label1\" content=\"Gesch\u00e4tzte Lesezeit\" \/>\n\t<meta name=\"twitter:data1\" content=\"3\u00a0Minuten\" \/>\n<script type=\"application\/ld+json\" class=\"yoast-schema-graph\">{\"@context\":\"https:\\\/\\\/schema.org\",\"@graph\":[{\"@type\":\"WebPage\",\"@id\":\"https:\\\/\\\/bien-etreiris.ch\\\/de\\\/produktpraesentation\\\/aromatherapie\\\/pflanzenwaesser\\\/rosenbluetenwasser\\\/damascena\\\/\",\"url\":\"https:\\\/\\\/bien-etreiris.ch\\\/de\\\/produktpraesentation\\\/aromatherapie\\\/pflanzenwaesser\\\/rosenbluetenwasser\\\/damascena\\\/\",\"name\":\"DAMASCENA - WOHLBEFINDEN\",\"isPartOf\":{\"@id\":\"https:\\\/\\\/bien-etreiris.ch\\\/de\\\/#website\"},\"primaryImageOfPage\":{\"@id\":\"https:\\\/\\\/bien-etreiris.ch\\\/de\\\/produktpraesentation\\\/aromatherapie\\\/pflanzenwaesser\\\/rosenbluetenwasser\\\/damascena\\\/#primaryimage\"},\"image\":{\"@id\":\"https:\\\/\\\/bien-etreiris.ch\\\/de\\\/produktpraesentation\\\/aromatherapie\\\/pflanzenwaesser\\\/rosenbluetenwasser\\\/damascena\\\/#primaryimage\"},\"thumbnailUrl\":\"https:\\\/\\\/bien-etreiris.ch\\\/wp-content\\\/uploads\\\/2023\\\/09\\\/rose-Damascena-1.jpg\",\"datePublished\":\"2023-09-28T15:12:43+00:00\",\"dateModified\":\"2023-09-28T16:50:28+00:00\",\"breadcrumb\":{\"@id\":\"https:\\\/\\\/bien-etreiris.ch\\\/de\\\/produktpraesentation\\\/aromatherapie\\\/pflanzenwaesser\\\/rosenbluetenwasser\\\/damascena\\\/#breadcrumb\"},\"inLanguage\":\"de\",\"potentialAction\":[{\"@type\":\"ReadAction\",\"target\":[\"https:\\\/\\\/bien-etreiris.ch\\\/de\\\/produktpraesentation\\\/aromatherapie\\\/pflanzenwaesser\\\/rosenbluetenwasser\\\/damascena\\\/\"]}]},{\"@type\":\"ImageObject\",\"inLanguage\":\"de\",\"@id\":\"https:\\\/\\\/bien-etreiris.ch\\\/de\\\/produktpraesentation\\\/aromatherapie\\\/pflanzenwaesser\\\/rosenbluetenwasser\\\/damascena\\\/#primaryimage\",\"url\":\"https:\\\/\\\/bien-etreiris.ch\\\/wp-content\\\/uploads\\\/2023\\\/09\\\/rose-Damascena-1.jpg\",\"contentUrl\":\"https:\\\/\\\/bien-etreiris.ch\\\/wp-content\\\/uploads\\\/2023\\\/09\\\/rose-Damascena-1.jpg\",\"width\":500,\"height\":333},{\"@type\":\"BreadcrumbList\",\"@id\":\"https:\\\/\\\/bien-etreiris.ch\\\/de\\\/produktpraesentation\\\/aromatherapie\\\/pflanzenwaesser\\\/rosenbluetenwasser\\\/damascena\\\/#breadcrumb\",\"itemListElement\":[{\"@type\":\"ListItem\",\"position\":1,\"name\":\"Home\",\"item\":\"https:\\\/\\\/bien-etreiris.ch\\\/de\\\/\"},{\"@type\":\"ListItem\",\"position\":2,\"name\":\"PRODUKTPR\u00c4SENTATION\",\"item\":\"https:\\\/\\\/bien-etreiris.ch\\\/de\\\/produktpraesentation\\\/\"},{\"@type\":\"ListItem\",\"position\":3,\"name\":\"AROMATHERAPIE\",\"item\":\"https:\\\/\\\/bien-etreiris.ch\\\/de\\\/produktpraesentation\\\/aromatherapie\\\/\"},{\"@type\":\"ListItem\",\"position\":4,\"name\":\"PFLANZENW\u00c4SSER\",\"item\":\"https:\\\/\\\/bien-etreiris.ch\\\/de\\\/produktpraesentation\\\/aromatherapie\\\/pflanzenwaesser\\\/\"},{\"@type\":\"ListItem\",\"position\":5,\"name\":\"ROSENBL\u00dcTENWASSER\",\"item\":\"https:\\\/\\\/bien-etreiris.ch\\\/de\\\/produktpraesentation\\\/aromatherapie\\\/pflanzenwaesser\\\/rosenbluetenwasser\\\/\"},{\"@type\":\"ListItem\",\"position\":6,\"name\":\"DAMASCENA\"}]},{\"@type\":\"WebSite\",\"@id\":\"https:\\\/\\\/bien-etreiris.ch\\\/de\\\/#website\",\"url\":\"https:\\\/\\\/bien-etreiris.ch\\\/de\\\/\",\"name\":\"Bien-\u00eatre Iris\",\"description\":\"IHRE Gesundheit ist uns wichtig\",\"potentialAction\":[{\"@type\":\"SearchAction\",\"target\":{\"@type\":\"EntryPoint\",\"urlTemplate\":\"https:\\\/\\\/bien-etreiris.ch\\\/de\\\/?s={search_term_string}\"},\"query-input\":{\"@type\":\"PropertyValueSpecification\",\"valueRequired\":true,\"valueName\":\"search_term_string\"}}],\"inLanguage\":\"de\"}]}<\/script>\n<!-- \/ Yoast SEO plugin. -->","yoast_head_json":{"title":"DAMASCENA - WOHLBEFINDEN","robots":{"index":"index","follow":"follow","max-snippet":"max-snippet:-1","max-image-preview":"max-image-preview:large","max-video-preview":"max-video-preview:-1"},"canonical":"https:\/\/bien-etreiris.ch\/de\/produktpraesentation\/aromatherapie\/pflanzenwaesser\/rosenbluetenwasser\/damascena\/","og_locale":"de_DE","og_type":"article","og_title":"DAMASCENA - WOHLBEFINDEN","og_description":"Rose Damascena&nbsp; - Rose - \u00eatre femme &nbsp; &nbsp; &nbsp; &nbsp; 100% pur - garantit la plus haute qualit\u00e9 Flacon en verre avec Spray vaporisateur Qualit\u00e9 1A BIO Contenu : &nbsp; 50 ml CHF 6.65 100 ml CHF 9.80 \u00e9galement disponible en remplissage 50 ml CHF 3.15 &nbsp; &nbsp; &nbsp; &nbsp; &nbsp; &nbsp; &nbsp; &nbsp; La pr\u00e9cieuse eau de rose&nbsp;Weiter lesen","og_url":"https:\/\/bien-etreiris.ch\/de\/produktpraesentation\/aromatherapie\/pflanzenwaesser\/rosenbluetenwasser\/damascena\/","og_site_name":"WOHLBEFINDEN","article_publisher":"https:\/\/www.facebook.com\/bienetreiris\/","article_modified_time":"2023-09-28T16:50:28+00:00","og_image":[{"width":500,"height":333,"url":"https:\/\/bien-etreiris.ch\/wp-content\/uploads\/2023\/09\/rose-Damascena-1.jpg","type":"image\/jpeg"}],"twitter_misc":{"Gesch\u00e4tzte Lesezeit":"3\u00a0Minuten"},"schema":{"@context":"https:\/\/schema.org","@graph":[{"@type":"WebPage","@id":"https:\/\/bien-etreiris.ch\/de\/produktpraesentation\/aromatherapie\/pflanzenwaesser\/rosenbluetenwasser\/damascena\/","url":"https:\/\/bien-etreiris.ch\/de\/produktpraesentation\/aromatherapie\/pflanzenwaesser\/rosenbluetenwasser\/damascena\/","name":"DAMASCENA - WOHLBEFINDEN","isPartOf":{"@id":"https:\/\/bien-etreiris.ch\/de\/#website"},"primaryImageOfPage":{"@id":"https:\/\/bien-etreiris.ch\/de\/produktpraesentation\/aromatherapie\/pflanzenwaesser\/rosenbluetenwasser\/damascena\/#primaryimage"},"image":{"@id":"https:\/\/bien-etreiris.ch\/de\/produktpraesentation\/aromatherapie\/pflanzenwaesser\/rosenbluetenwasser\/damascena\/#primaryimage"},"thumbnailUrl":"https:\/\/bien-etreiris.ch\/wp-content\/uploads\/2023\/09\/rose-Damascena-1.jpg","datePublished":"2023-09-28T15:12:43+00:00","dateModified":"2023-09-28T16:50:28+00:00","breadcrumb":{"@id":"https:\/\/bien-etreiris.ch\/de\/produktpraesentation\/aromatherapie\/pflanzenwaesser\/rosenbluetenwasser\/damascena\/#breadcrumb"},"inLanguage":"de","potentialAction":[{"@type":"ReadAction","target":["https:\/\/bien-etreiris.ch\/de\/produktpraesentation\/aromatherapie\/pflanzenwaesser\/rosenbluetenwasser\/damascena\/"]}]},{"@type":"ImageObject","inLanguage":"de","@id":"https:\/\/bien-etreiris.ch\/de\/produktpraesentation\/aromatherapie\/pflanzenwaesser\/rosenbluetenwasser\/damascena\/#primaryimage","url":"https:\/\/bien-etreiris.ch\/wp-content\/uploads\/2023\/09\/rose-Damascena-1.jpg","contentUrl":"https:\/\/bien-etreiris.ch\/wp-content\/uploads\/2023\/09\/rose-Damascena-1.jpg","width":500,"height":333},{"@type":"BreadcrumbList","@id":"https:\/\/bien-etreiris.ch\/de\/produktpraesentation\/aromatherapie\/pflanzenwaesser\/rosenbluetenwasser\/damascena\/#breadcrumb","itemListElement":[{"@type":"ListItem","position":1,"name":"Home","item":"https:\/\/bien-etreiris.ch\/de\/"},{"@type":"ListItem","position":2,"name":"PRODUKTPR\u00c4SENTATION","item":"https:\/\/bien-etreiris.ch\/de\/produktpraesentation\/"},{"@type":"ListItem","position":3,"name":"AROMATHERAPIE","item":"https:\/\/bien-etreiris.ch\/de\/produktpraesentation\/aromatherapie\/"},{"@type":"ListItem","position":4,"name":"PFLANZENW\u00c4SSER","item":"https:\/\/bien-etreiris.ch\/de\/produktpraesentation\/aromatherapie\/pflanzenwaesser\/"},{"@type":"ListItem","position":5,"name":"ROSENBL\u00dcTENWASSER","item":"https:\/\/bien-etreiris.ch\/de\/produktpraesentation\/aromatherapie\/pflanzenwaesser\/rosenbluetenwasser\/"},{"@type":"ListItem","position":6,"name":"DAMASCENA"}]},{"@type":"WebSite","@id":"https:\/\/bien-etreiris.ch\/de\/#website","url":"https:\/\/bien-etreiris.ch\/de\/","name":"Bien-\u00eatre Iris","description":"IHRE Gesundheit ist uns wichtig","potentialAction":[{"@type":"SearchAction","target":{"@type":"EntryPoint","urlTemplate":"https:\/\/bien-etreiris.ch\/de\/?s={search_term_string}"},"query-input":{"@type":"PropertyValueSpecification","valueRequired":true,"valueName":"search_term_string"}}],"inLanguage":"de"}]}},"_links":{"self":[{"href":"https:\/\/bien-etreiris.ch\/de\/wp-json\/wp\/v2\/pages\/75917","targetHints":{"allow":["GET"]}}],"collection":[{"href":"https:\/\/bien-etreiris.ch\/de\/wp-json\/wp\/v2\/pages"}],"about":[{"href":"https:\/\/bien-etreiris.ch\/de\/wp-json\/wp\/v2\/types\/page"}],"author":[{"embeddable":true,"href":"https:\/\/bien-etreiris.ch\/de\/wp-json\/wp\/v2\/users\/1"}],"replies":[{"embeddable":true,"href":"https:\/\/bien-etreiris.ch\/de\/wp-json\/wp\/v2\/comments?post=75917"}],"version-history":[{"count":6,"href":"https:\/\/bien-etreiris.ch\/de\/wp-json\/wp\/v2\/pages\/75917\/revisions"}],"predecessor-version":[{"id":75954,"href":"https:\/\/bien-etreiris.ch\/de\/wp-json\/wp\/v2\/pages\/75917\/revisions\/75954"}],"up":[{"embeddable":true,"href":"https:\/\/bien-etreiris.ch\/de\/wp-json\/wp\/v2\/pages\/40831"}],"wp:featuredmedia":[{"embeddable":true,"href":"https:\/\/bien-etreiris.ch\/de\/wp-json\/wp\/v2\/media\/75934"}],"wp:attachment":[{"href":"https:\/\/bien-etreiris.ch\/de\/wp-json\/wp\/v2\/media?parent=75917"}],"curies":[{"name":"wp","href":"https:\/\/api.w.org\/{rel}","templated":true}]}}