{"id":7550,"date":"2017-09-18T08:41:34","date_gmt":"2017-09-18T08:41:34","guid":{"rendered":"https:\/\/bien-etreiris.ch\/demo\/cgv\/"},"modified":"2021-07-13T01:59:14","modified_gmt":"2021-07-12T23:59:14","slug":"abg","status":"publish","type":"page","link":"https:\/\/bien-etreiris.ch\/de\/abg\/","title":{"rendered":"ABG"},"content":{"rendered":"<p><span style=\"font-size: 18pt;\"><strong>&nbsp;<\/strong><strong>Allgemeine Gesch\u00e4ftsbedingungen<\/strong><\/span><\/p>\n<p><strong>Vertragsgrundlagen<\/strong><\/p>\n<p>Durch Entgegennahme und Unterzeichnung dieser Allgemeinen Gesch\u00e4ftsbedingungen, der Auftragsbest\u00e4tigung oder durch Unterzeichnung des Bestellformulars oder Anzahlung der Offerte anerkennt der Kunde die Allgemeinen Gesch\u00e4ftsbedingungen der Firma Deco Iris GmbH, 1740 Neyruz.<\/p>\n<p>\u00c4nderungen oder Erg\u00e4nzungen des urspr\u00fcnglichen Vertragsinhaltes bed\u00fcrfen der schriftlichen Form. M\u00fcndliche Absprachen sind unverbindlich.<\/p>\n<p>Der Kunde akzeptiert die AGB mit Annahme der Offerte und\/oder Auftragsbest\u00e4tigung.<\/p>\n<p>Diese Allgemeinen Gesch\u00e4ftsbedingungen gelten auch f\u00fcr alle zuk\u00fcnftigen Gesch\u00e4fte zwischen den Vertragsparteien, auch wenn dies nicht ausdr\u00fccklich vereinbart wird.<\/p>\n<p>Hat Deco Iris f\u00fcr die Einreichung einer zweiten Offerte mit erneuter Kundenberatung, und kommt es Schlussendlich &nbsp;nicht zum Vertragsabschluss, so ist Deco Iris berechtigt, f\u00fcr die zweite Offerte&nbsp; und die Beratung dem Kunden ein Honorar nach SIA-Norm 110 oder VSI-Norm in Rechnung zu stellen und die entstandenen Spesen abzurechnen.<\/p>\n<p><strong>Geistiges Eigentum + Nutzungsrecht<\/strong><\/p>\n<p>Das geistige Eigentum an den Pl\u00e4nen, Zeichnungen, Skizzen, Abbildungen und am Design von M\u00f6beln und Inneneinrichtungsgegenst\u00e4nden aller Art (Nachstehend Produkte von Deco Iris genannt) sowie an den diesen Produkten von Deco Iris zugrundeliegende&nbsp; Ideen ist und bleibt bei Deco Iris, auch nach Bezahlung aller Fakturen durch den Kunden. Der Kunde ist nicht berechtigt, diese Produkte von Deco Iris&nbsp; an Dritten zug\u00e4nglich zu machen, sie zu kopieren oder zur Selbstherstellung der Produkte von Deco Iris zu ben\u00fctzen, aber auch, gelieferte Objekte zur Herstellung von Werkstattzeichnungen zur Selbstherstellung zu ben\u00fctzen. Von Deco Iris dem Kunden \u00fcbergebende Produkte von Deco Iris, sind bei Nichtzustandekommen eines Auftrages oder bei einer ausserordentlichen Vertragsbeendigung vollst\u00e4ndig und mitsamt allen Vorlagen und Muster der Deco Iris zur\u00fcckzugeben, ist dies nicht der Fall m\u00fcssen diese in Rechnung gestellt werden.<\/p>\n<p>Deco Iris hat das Recht die Skizzen und Bilder &nbsp;in anonymisierter Form im Internet und Printmedien zu Dokumentations- und Werbezwecken zu verwenden. Wird dies vom Kunden nicht gew\u00fcnscht, bedarf es einer ausdr\u00fccklichen schriftlichen Best\u00e4tigung vor der Auftragsvergabe.<\/p>\n<p><strong>Vertragsr\u00fccktritt<\/strong><\/p>\n<p>Tritt der Kunde vom Vertrag zur\u00fcck, so hat er Deco Iris f\u00fcr die entstandenen Auslagen und eingegangenen Verpflichtungen schadlos zu halten und die angefangenen Arbeiten zu verg\u00fcten.<\/p>\n<p><strong>Lieferung<\/strong><\/p>\n<p>Kann Deco Iris ohne eigenes Verschulden die Lieferbedingungen nicht einhalten, so ist der Kunde weder berechtigt, vom Vertrag zur\u00fcckzutreten, noch Schadenersatz zu fordern. Lieferfristen sind unverbindlich mit Ausnahme best\u00e4tigter Fixtermine.<\/p>\n<p>Zusatzmontagen, Anpassungsarbeiten jeder Art, Spezialverpackungen f\u00fcr Lieferungen ins Ausland werden in Regie plus Verpackungsmaterial verrechnet.<\/p>\n<p>&nbsp;<\/p>\n<p><span style=\"font-size: 18pt;\"><strong>Zahlungskonditionen<\/strong><\/span><\/p>\n<p><strong>F\u00fcr Objektkunden<\/strong><\/p>\n<ul>\n<li>Alle Preise verstehen sich rein netto.<\/li>\n<li>Mindestens die H\u00e4lfte der Gesamtsumme, also 50%, ist zahlbar nach Auftragserteilung in Form einer Akontozahlung.<br \/>\nEine weitere Akontozahlung in der H\u00f6he von 30% der Gesamtsumme ist f\u00e4llig&nbsp;bei Beginn der Arbeit.<\/li>\n<li>Bei langanhaltend Arbeiten&nbsp; nochmals 10 %<\/li>\n<li>Restbetrag innert 10 Tagen nach Rechnungsstellung.<\/li>\n<li>Bei Nichteinhaltung dieser Konditionen werden Mahnspesen und ein Verzugszins von 5% erhoben.<\/li>\n<li>Die Auftragsbearbeitung beginnt mit dem Eintreffen der Akontozahlung<\/li>\n<\/ul>\n<p>&nbsp;<\/p>\n<p><strong>F\u00fcr Privatkunden<\/strong><\/p>\n<ul>\n<li>Alle Preise verstehen sich rein netto.<\/li>\n<li>Mindestens die H\u00e4lfte der Gesamtsumme, also 50%, ist zahlbar nach Auftragserteilung in Form einer Akontozahlung.<\/li>\n<li>Spezialrabatte sind nur abzugsf\u00e4hig bei der Lieferung der Ware.<\/li>\n<li>Nicht gerechtfertigte Abz\u00fcge werden in Rechnung gestellt<\/li>\n<li>Soweit nicht anders zuvor schriftlich vereinbart wurde, sind die Rechnungen der Firma Deco Iris S\u00e0rl sofort nach Erhalt ohne Abzug zahlbar.<\/li>\n<li>Bei Nichteinhaltung dieser Konditionen werden nach 30 Tagen Mahnspesen&nbsp; und ein Verzugszins von 5% erhoben.<\/li>\n<li>Die Auftragsbearbeitung beginnt mit dem Eintreffen der Akontozahlung<\/li>\n<\/ul>\n<p>&nbsp;<\/p>\n<p><strong>Garantie \/ M\u00e4ngelr\u00fcgen \/ Gew\u00e4hrleistung<\/strong><\/p>\n<p>Der Kunde hat die Ware und die geleistete Arbeit sofort nach der Abnahme zu pr\u00fcfen und Deco Iris die erkennbaren allf\u00e4lligen M\u00e4ngel unverz\u00fcglich, sp\u00e4testens jedoch 8 Tage nach Abnahme, schriftlich anzuzeigen. Deco Iris ist Gelegenheit zur \u00dcberpr\u00fcfung der geltend gemachten M\u00e4ngel einzur\u00e4umen. Kommt der Kunde dieser Verpflichtung nicht nach oder vers\u00e4umt er die R\u00fcgefrist von 8 Tagen, gilt die Lieferung als genehmigt. Gew\u00e4hrleistungsanspr\u00fcche sind damit ausgeschlossen.<\/p>\n<p>Treten verdeckte M\u00e4ngel auf, sind diese ebenfalls unverz\u00fcglich, sp\u00e4testens jedoch 8 Tage nach ihrer Wahrnehmung, schriftlich &nbsp;an Deco Iris anzuzeigen. Deco Iris \u00fcbernimmt die Sachgew\u00e4hrleistung nach entsprechender \u00dcberpr\u00fcfung, sofern die M\u00e4ngelr\u00fcge innert einem Jahr nach der Abnahme erhoben worden ist (Lieferung).<\/p>\n<p>Bei berechtigter Beanstandung und rechtzeitiger M\u00e4ngelr\u00fcge leistet Deco Iris insofern Garantie, als sie nach freiem Ermessen berechtigt ist, die M\u00e4ngel zu beheben oder Ersatz der Ware zu liefern. \u2014 Weitergehende Leistungen erbringt Deco Iris nicht, und Schadenersatzanspr\u00fcche sind generell wegbedungen.<\/p>\n<p>M\u00e4ngel bzw. Sch\u00e4den, die auf unsachgem\u00e4sse Behandlung, mangelhafte oder fehlende Wartung, \u00fcberm\u00e4ssige Beanspruchung oder falsches Raumklima zur\u00fcckzuf\u00fchren sind, berechtigen nicht zu Gew\u00e4hrleistungsanspr\u00fcchen. Von der Garantie nicht erfasst sind Bruch von Glas, Spiegel, Mosaik, Stein, Abn\u00fctzung von Teppichen sowie durch Abnutzung entstandene Sch\u00e4den am Bezug von Polsterm\u00f6bel. Leder und Holz sind Naturprodukte. Narben, verwachsene Risse, Ungleichm\u00e4ssigkeiten sowie Farb- und Strukturdifferenzen sind das beste Echtheitszeugnis f\u00fcr diese Produkte. Der Kunde erkl\u00e4rt, davon unterrichtet worden zu sein, dass Objekte aus Holz, mit oder ohne Witterung ausgesetzt zu sein, sich verziehen k\u00f6nnen und Risse keine M\u00e4ngel darstellen. Im Gebrauch auftretende Sitzspiegel und Wellenbildung, bei Polsterm\u00f6bel aller Art, sind produktspezifisch und bilden kein Mangel. Diese typischen Merkmale werden vom Kunden akzeptiert.<\/p>\n<p>Geringf\u00fcgige Abweichungen in der Abmessung, technische Detail\u00e4nderungen zur funktionellen Verbesserung des Objektes sowie farbliche Nuancen und strukturelle Ungleichheiten bei Lack- und Beizarbeiten (Handarbeit), Stoffen, Teppichen, Leder und Natursteinen gelten nicht als M\u00e4ngel. Dieser Gew\u00e4hrleistungsausschluss gilt auch bei Nachbestellungen.<\/p>\n<p>\u00dcbliche, zumutbare Abweichungen in den Abmessungen, sowie in Farbe und Struktur, soweit diese in der Natur der verwendeten Materialien liegen, bleiben vorbehalten. Ebenso wird darauf hingewiesen, dass handels\u00fcbliche Abweichungen gegen\u00fcber den vorgelegten Mustern \u00fcblich sind.<\/p>\n<p>Die Garantie verleiht dem Kunden einen Anspruch auf kostenlose Nachbesserung oder Ersatzlieferung, soweit der Produkthersteller den Mangel anerkennt. Der Kunde kann die Garantie nur geltend machen, wenn er seinen Zahlungsverpflichtungen nachgekommen ist. Sofern der Kunde die Nachbesserungsarbeiten durch Deco Iris verhindert, ist Deco Iris von der Haftung freigestellt. Es besteht kein R\u00fcckgaberecht.<\/p>\n<p>Der ausschliessliche Gerichtsstand ist der Sitz Bien-\u00eatre Iris by Deco Iris S\u00e0rl<\/p>\n<p>(Freiburg&nbsp;)&nbsp;&nbsp;&nbsp;&nbsp;&nbsp;&nbsp;&nbsp;&nbsp;&nbsp;&nbsp;&nbsp;&nbsp;&nbsp;&nbsp;&nbsp;&nbsp;&nbsp;&nbsp;&nbsp;&nbsp;&nbsp;&nbsp;&nbsp;&nbsp;&nbsp;&nbsp;&nbsp;&nbsp;&nbsp;&nbsp;&nbsp;&nbsp;&nbsp;&nbsp;&nbsp;&nbsp;&nbsp;&nbsp;&nbsp;&nbsp;&nbsp;&nbsp;&nbsp;&nbsp;&nbsp;&nbsp;&nbsp;&nbsp;&nbsp;&nbsp;&nbsp;&nbsp;&nbsp;&nbsp;&nbsp;&nbsp;&nbsp;&nbsp;&nbsp;&nbsp;&nbsp;&nbsp;&nbsp;&nbsp;&nbsp;&nbsp;&nbsp;&nbsp;&nbsp;&nbsp;&nbsp;&nbsp;&nbsp;&nbsp;&nbsp;&nbsp;&nbsp;&nbsp;&nbsp;&nbsp;&nbsp;&nbsp;&nbsp;&nbsp;&nbsp;&nbsp;&nbsp;&nbsp;<\/p>\n<p>&nbsp;<\/p>\n","protected":false},"excerpt":{"rendered":"<p>&nbsp;Allgemeine Gesch\u00e4ftsbedingungen Vertragsgrundlagen Durch Entgegennahme und Unterzeichnung dieser Allgemeinen Gesch\u00e4ftsbedingungen, der Auftragsbest\u00e4tigung oder durch Unterzeichnung des Bestellformulars oder Anzahlung der Offerte anerkennt der Kunde die Allgemeinen Gesch\u00e4ftsbedingungen der Firma Deco Iris GmbH, 1740 Neyruz. \u00c4nderungen oder Erg\u00e4nzungen des urspr\u00fcnglichen Vertragsinhaltes bed\u00fcrfen der schriftlichen Form. M\u00fcndliche Absprachen sind unverbindlich. Der Kunde akzeptiert die AGB mit Annahme der Offerte und\/oder Auftragsbest\u00e4tigung. Diese&nbsp;<a href=\"https:\/\/bien-etreiris.ch\/de\/abg\/\" class=\"read-more\">Weiter lesen<\/a><\/p>\n","protected":false},"author":1,"featured_media":0,"parent":0,"menu_order":7831,"comment_status":"closed","ping_status":"closed","template":"","meta":{"_acf_changed":false,"ngg_post_thumbnail":0,"footnotes":""},"class_list":["post-7550","page","type-page","status-publish","hentry"],"acf":[],"yoast_head":"<!-- This site is optimized with the Yoast SEO plugin v27.4 - https:\/\/yoast.com\/product\/yoast-seo-wordpress\/ -->\n<title>ABG - WOHLBEFINDEN<\/title>\n<meta name=\"robots\" content=\"index, follow, max-snippet:-1, max-image-preview:large, max-video-preview:-1\" \/>\n<link rel=\"canonical\" href=\"https:\/\/bien-etreiris.ch\/de\/abg\/\" \/>\n<meta property=\"og:locale\" content=\"de_DE\" \/>\n<meta property=\"og:type\" content=\"article\" \/>\n<meta property=\"og:title\" content=\"ABG - WOHLBEFINDEN\" \/>\n<meta property=\"og:description\" content=\"&nbsp;Allgemeine Gesch\u00e4ftsbedingungen Vertragsgrundlagen Durch Entgegennahme und Unterzeichnung dieser Allgemeinen Gesch\u00e4ftsbedingungen, der Auftragsbest\u00e4tigung oder durch Unterzeichnung des Bestellformulars oder Anzahlung der Offerte anerkennt der Kunde die Allgemeinen Gesch\u00e4ftsbedingungen der Firma Deco Iris GmbH, 1740 Neyruz. \u00c4nderungen oder Erg\u00e4nzungen des urspr\u00fcnglichen Vertragsinhaltes bed\u00fcrfen der schriftlichen Form. M\u00fcndliche Absprachen sind unverbindlich. Der Kunde akzeptiert die AGB mit Annahme der Offerte und\/oder Auftragsbest\u00e4tigung. Diese&nbsp;Weiter lesen\" \/>\n<meta property=\"og:url\" content=\"https:\/\/bien-etreiris.ch\/de\/abg\/\" \/>\n<meta property=\"og:site_name\" content=\"WOHLBEFINDEN\" \/>\n<meta property=\"article:publisher\" content=\"https:\/\/www.facebook.com\/bienetreiris\/\" \/>\n<meta property=\"article:modified_time\" content=\"2021-07-12T23:59:14+00:00\" \/>\n<meta name=\"twitter:label1\" content=\"Gesch\u00e4tzte Lesezeit\" \/>\n\t<meta name=\"twitter:data1\" content=\"5\u00a0Minuten\" \/>\n<script type=\"application\/ld+json\" class=\"yoast-schema-graph\">{\"@context\":\"https:\\\/\\\/schema.org\",\"@graph\":[{\"@type\":\"WebPage\",\"@id\":\"https:\\\/\\\/bien-etreiris.ch\\\/de\\\/abg\\\/\",\"url\":\"https:\\\/\\\/bien-etreiris.ch\\\/de\\\/abg\\\/\",\"name\":\"ABG - WOHLBEFINDEN\",\"isPartOf\":{\"@id\":\"https:\\\/\\\/bien-etreiris.ch\\\/de\\\/#website\"},\"datePublished\":\"2017-09-18T08:41:34+00:00\",\"dateModified\":\"2021-07-12T23:59:14+00:00\",\"breadcrumb\":{\"@id\":\"https:\\\/\\\/bien-etreiris.ch\\\/de\\\/abg\\\/#breadcrumb\"},\"inLanguage\":\"de\",\"potentialAction\":[{\"@type\":\"ReadAction\",\"target\":[\"https:\\\/\\\/bien-etreiris.ch\\\/de\\\/abg\\\/\"]}]},{\"@type\":\"BreadcrumbList\",\"@id\":\"https:\\\/\\\/bien-etreiris.ch\\\/de\\\/abg\\\/#breadcrumb\",\"itemListElement\":[{\"@type\":\"ListItem\",\"position\":1,\"name\":\"Home\",\"item\":\"https:\\\/\\\/bien-etreiris.ch\\\/de\\\/\"},{\"@type\":\"ListItem\",\"position\":2,\"name\":\"ABG\"}]},{\"@type\":\"WebSite\",\"@id\":\"https:\\\/\\\/bien-etreiris.ch\\\/de\\\/#website\",\"url\":\"https:\\\/\\\/bien-etreiris.ch\\\/de\\\/\",\"name\":\"Bien-\u00eatre Iris\",\"description\":\"IHRE Gesundheit ist uns wichtig\",\"potentialAction\":[{\"@type\":\"SearchAction\",\"target\":{\"@type\":\"EntryPoint\",\"urlTemplate\":\"https:\\\/\\\/bien-etreiris.ch\\\/de\\\/?s={search_term_string}\"},\"query-input\":{\"@type\":\"PropertyValueSpecification\",\"valueRequired\":true,\"valueName\":\"search_term_string\"}}],\"inLanguage\":\"de\"}]}<\/script>\n<!-- \/ Yoast SEO plugin. -->","yoast_head_json":{"title":"ABG - WOHLBEFINDEN","robots":{"index":"index","follow":"follow","max-snippet":"max-snippet:-1","max-image-preview":"max-image-preview:large","max-video-preview":"max-video-preview:-1"},"canonical":"https:\/\/bien-etreiris.ch\/de\/abg\/","og_locale":"de_DE","og_type":"article","og_title":"ABG - WOHLBEFINDEN","og_description":"&nbsp;Allgemeine Gesch\u00e4ftsbedingungen Vertragsgrundlagen Durch Entgegennahme und Unterzeichnung dieser Allgemeinen Gesch\u00e4ftsbedingungen, der Auftragsbest\u00e4tigung oder durch Unterzeichnung des Bestellformulars oder Anzahlung der Offerte anerkennt der Kunde die Allgemeinen Gesch\u00e4ftsbedingungen der Firma Deco Iris GmbH, 1740 Neyruz. \u00c4nderungen oder Erg\u00e4nzungen des urspr\u00fcnglichen Vertragsinhaltes bed\u00fcrfen der schriftlichen Form. M\u00fcndliche Absprachen sind unverbindlich. Der Kunde akzeptiert die AGB mit Annahme der Offerte und\/oder Auftragsbest\u00e4tigung. Diese&nbsp;Weiter lesen","og_url":"https:\/\/bien-etreiris.ch\/de\/abg\/","og_site_name":"WOHLBEFINDEN","article_publisher":"https:\/\/www.facebook.com\/bienetreiris\/","article_modified_time":"2021-07-12T23:59:14+00:00","twitter_misc":{"Gesch\u00e4tzte Lesezeit":"5\u00a0Minuten"},"schema":{"@context":"https:\/\/schema.org","@graph":[{"@type":"WebPage","@id":"https:\/\/bien-etreiris.ch\/de\/abg\/","url":"https:\/\/bien-etreiris.ch\/de\/abg\/","name":"ABG - WOHLBEFINDEN","isPartOf":{"@id":"https:\/\/bien-etreiris.ch\/de\/#website"},"datePublished":"2017-09-18T08:41:34+00:00","dateModified":"2021-07-12T23:59:14+00:00","breadcrumb":{"@id":"https:\/\/bien-etreiris.ch\/de\/abg\/#breadcrumb"},"inLanguage":"de","potentialAction":[{"@type":"ReadAction","target":["https:\/\/bien-etreiris.ch\/de\/abg\/"]}]},{"@type":"BreadcrumbList","@id":"https:\/\/bien-etreiris.ch\/de\/abg\/#breadcrumb","itemListElement":[{"@type":"ListItem","position":1,"name":"Home","item":"https:\/\/bien-etreiris.ch\/de\/"},{"@type":"ListItem","position":2,"name":"ABG"}]},{"@type":"WebSite","@id":"https:\/\/bien-etreiris.ch\/de\/#website","url":"https:\/\/bien-etreiris.ch\/de\/","name":"Bien-\u00eatre Iris","description":"IHRE Gesundheit ist uns wichtig","potentialAction":[{"@type":"SearchAction","target":{"@type":"EntryPoint","urlTemplate":"https:\/\/bien-etreiris.ch\/de\/?s={search_term_string}"},"query-input":{"@type":"PropertyValueSpecification","valueRequired":true,"valueName":"search_term_string"}}],"inLanguage":"de"}]}},"_links":{"self":[{"href":"https:\/\/bien-etreiris.ch\/de\/wp-json\/wp\/v2\/pages\/7550","targetHints":{"allow":["GET"]}}],"collection":[{"href":"https:\/\/bien-etreiris.ch\/de\/wp-json\/wp\/v2\/pages"}],"about":[{"href":"https:\/\/bien-etreiris.ch\/de\/wp-json\/wp\/v2\/types\/page"}],"author":[{"embeddable":true,"href":"https:\/\/bien-etreiris.ch\/de\/wp-json\/wp\/v2\/users\/1"}],"replies":[{"embeddable":true,"href":"https:\/\/bien-etreiris.ch\/de\/wp-json\/wp\/v2\/comments?post=7550"}],"version-history":[{"count":7,"href":"https:\/\/bien-etreiris.ch\/de\/wp-json\/wp\/v2\/pages\/7550\/revisions"}],"predecessor-version":[{"id":52303,"href":"https:\/\/bien-etreiris.ch\/de\/wp-json\/wp\/v2\/pages\/7550\/revisions\/52303"}],"wp:attachment":[{"href":"https:\/\/bien-etreiris.ch\/de\/wp-json\/wp\/v2\/media?parent=7550"}],"curies":[{"name":"wp","href":"https:\/\/api.w.org\/{rel}","templated":true}]}}