{"id":75345,"date":"2023-09-16T11:01:38","date_gmt":"2023-09-16T09:01:38","guid":{"rendered":"https:\/\/bien-etreiris.ch\/produktpraesentation\/gesundes-leben\/gesunde-lebensmittel\/superfoods\/koernrer-samen\/hanfsamen\/75326-2\/"},"modified":"2023-09-16T11:57:11","modified_gmt":"2023-09-16T09:57:11","slug":"graines-de-chanvre-entiere","status":"publish","type":"page","link":"https:\/\/bien-etreiris.ch\/de\/produktpraesentation\/gesundes-leben\/gesunde-lebensmittel\/superfoods\/koernrer-samen\/hanfsamen\/graines-de-chanvre-entiere\/","title":{"rendered":"COMPLET"},"content":{"rendered":"<h2 class=\"productStage__title\">Graines de chanvre&nbsp; enti\u00e8re<\/h2>\n<p><a href=\"https:\/\/bien-etreiris.ch\/presentations-des-produits\/vie-saine\/aliments-sains\/super-aliments\/oleagineux-et-graines\/graines-de-chanvre\/75326-2\/graines-de-chanvre-entiere\/\" rel=\"attachment wp-att-75335\"><img loading=\"lazy\" decoding=\"async\" class=\"size-full wp-image-75335 alignleft\" src=\"https:\/\/bien-etreiris.ch\/wp-content\/uploads\/2023\/09\/Graines-de-chanvre-entiere.jpg\" alt=\"\" width=\"313\" height=\"449\" srcset=\"https:\/\/bien-etreiris.ch\/wp-content\/uploads\/2023\/09\/Graines-de-chanvre-entiere.jpg 313w, https:\/\/bien-etreiris.ch\/wp-content\/uploads\/2023\/09\/Graines-de-chanvre-entiere-209x300.jpg 209w\" sizes=\"auto, (max-width: 313px) 100vw, 313px\" \/><\/a><\/p>\n<p>&nbsp;<\/p>\n<p>&nbsp;<\/p>\n<p>&nbsp;<\/p>\n<p>&nbsp;<\/p>\n<h4><strong><em><a href=\"https:\/\/bien-etreiris.ch\/de\/unsere-marken\/flow\/\" target=\"_blank\" rel=\"noopener\">FLOW<\/a><\/em><\/strong><\/h4>\n<div class=\"elementor-element elementor-element-b142d4f elementor-widget elementor-widget-woocommerce-product-short-description\" data-id=\"b142d4f\" data-element_type=\"widget\" data-widget_type=\"woocommerce-product-short-description.default\">\n<div class=\"elementor-widget-container\">\n<div class=\"woocommerce-product-details__short-description\">\n<p>provenant des cultures locales <a href=\"https:\/\/bien-etreiris.ch\/de\/produktpraesentation\/gesundes-leben\/gesunde-lebensmittel\/superfoods\/koernrer-samen\/hanfsamen\/suisse-2-2\/\" rel=\"attachment wp-att-75231\"><img loading=\"lazy\" decoding=\"async\" class=\"alignnone  wp-image-75231\" src=\"https:\/\/bien-etreiris.ch\/wp-content\/uploads\/2023\/09\/suisse.png\" alt=\"\" width=\"41\" height=\"41\"><\/a> <a href=\"https:\/\/bien-etreiris.ch\/de\/produktpraesentation\/gesundes-leben\/gesunde-lebensmittel\/superfoods\/koernrer-samen\/hanfsamen\/fribourg-2\/\" rel=\"attachment wp-att-75234\"><img loading=\"lazy\" decoding=\"async\" class=\"alignnone  wp-image-75234\" src=\"https:\/\/bien-etreiris.ch\/wp-content\/uploads\/2023\/09\/fribourg.png\" alt=\"\" width=\"40\" height=\"41\"><\/a><a href=\"https:\/\/bien-etreiris.ch\/presentations-des-produits\/vie-saine\/aliments-sains\/super-aliments\/oleagineux-et-graines\/graines-de-chanvre\/75326-2\/vaud\/\" rel=\"attachment wp-att-75338\"><img loading=\"lazy\" decoding=\"async\" class=\"alignnone  wp-image-75338\" src=\"https:\/\/bien-etreiris.ch\/wp-content\/uploads\/2023\/09\/vaud.png\" alt=\"\" width=\"39\" height=\"39\"><\/a><\/p>\n<\/div>\n<\/div>\n<\/div>\n<div class=\"elementor-element elementor-element-b142d4f elementor-widget elementor-widget-woocommerce-product-short-description\" data-id=\"b142d4f\" data-element_type=\"widget\" data-widget_type=\"woocommerce-product-short-description.default\">\n<div class=\"elementor-widget-container\">\n<div class=\"woocommerce-product-details__short-description\">\n<ul style=\"list-style-type: disc;\">\n<li>Vegan<\/li>\n<li>D\u2019origine biologique<\/li>\n<li>Suisse<\/li>\n<li>Hyper croustillant<\/li>\n<\/ul>\n<\/div>\n<\/div>\n<\/div>\n<p>&nbsp;<\/p>\n<p>1 sachet contenu 120 g <strong>CHF 6.70<\/strong><\/p>\n<p>en vrac&nbsp; 10 g <strong>CHF 0.25<\/strong><\/p>\n<p>&nbsp;<\/p>\n<p>&nbsp;<\/p>\n<p>&nbsp;<\/p>\n<p>&nbsp;<\/p>\n<div class=\"elementor-element elementor-element-8c5f2a8 elementor-widget elementor-widget-heading\" data-id=\"8c5f2a8\" data-element_type=\"widget\" data-widget_type=\"heading.default\">\n<div class=\"elementor-widget-container\">\n<h4 class=\"elementor-heading-title elementor-size-default\">Description du produit<\/h4>\n<\/div>\n<\/div>\n<div class=\"elementor-element elementor-element-9eb5502 elementor-widget elementor-widget-woocommerce-product-content\" data-id=\"9eb5502\" data-element_type=\"widget\" data-widget_type=\"woocommerce-product-content.default\">\n<div class=\"elementor-widget-container\">\n<p>Les graines de chanvre enti\u00e8res sont des super-aliments riches en nutriments. Elles sont naturellement sans gluten, riches en prot\u00e9ines, en acides gras essentiels, en fibres, en min\u00e9raux et en vitamines. Les graines de chanvre sont \u00e9galement une source importante d\u2019acides gras om\u00e9ga-3 et om\u00e9ga-6, qui sont essentiels pour une bonne sant\u00e9 cardiovasculaire et pour r\u00e9duire l\u2019inflammation dans le corps.<\/p>\n<p>Les graines de chanvre peuvent \u00eatre consomm\u00e9es crues, grill\u00e9es-sal\u00e9es\/sucr\u00e9es ou ajout\u00e9es \u00e0&nbsp; des salades, des soupes et d\u2019autres plats.<\/p>\n<p>Elles sont \u00e9galement de plus en plus populaires dans les r\u00e9gimes v\u00e9g\u00e9tariens et v\u00e9g\u00e9taliens, car elles contiennent tous les acides amin\u00e9s essentiels n\u00e9cessaires \u00e0 une alimentation saine.<\/p>\n<p>NE CONTIENT PAS DE THC !<\/p>\n<\/div>\n<\/div>\n<p>&nbsp;<\/p>\n<hr>\n<h2 class=\"productStage__title\">Graines de chanvre&nbsp; enti\u00e8re grill\u00e9es-sal\u00e9s<\/h2>\n<p><a href=\"https:\/\/bien-etreiris.ch\/presentations-des-produits\/vie-saine\/aliments-sains\/super-aliments\/oleagineux-et-graines\/graines-de-chanvre\/75326-2\/graines-de-chanvre-entiere-grille\/\" rel=\"attachment wp-att-75341\"><img loading=\"lazy\" decoding=\"async\" class=\"wp-image-75341 alignleft\" src=\"https:\/\/bien-etreiris.ch\/wp-content\/uploads\/2023\/09\/Graines-de-chanvre-entiere-grille.jpg\" alt=\"\" width=\"319\" height=\"463\" srcset=\"https:\/\/bien-etreiris.ch\/wp-content\/uploads\/2023\/09\/Graines-de-chanvre-entiere-grille.jpg 372w, https:\/\/bien-etreiris.ch\/wp-content\/uploads\/2023\/09\/Graines-de-chanvre-entiere-grille-207x300.jpg 207w\" sizes=\"auto, (max-width: 319px) 100vw, 319px\" \/><\/a><\/p>\n<p>&nbsp;<\/p>\n<p>&nbsp;<\/p>\n<p>&nbsp;<\/p>\n<p>&nbsp;<\/p>\n<h4><strong><em><a href=\"https:\/\/bien-etreiris.ch\/de\/unsere-marken\/flow\/\" target=\"_blank\" rel=\"noopener\">FLOW<\/a><\/em><\/strong><\/h4>\n<div class=\"elementor-element elementor-element-b142d4f elementor-widget elementor-widget-woocommerce-product-short-description\" data-id=\"b142d4f\" data-element_type=\"widget\" data-widget_type=\"woocommerce-product-short-description.default\">\n<div class=\"elementor-widget-container\">\n<div class=\"woocommerce-product-details__short-description\">\n<p>provenant des cultures locales <a href=\"https:\/\/bien-etreiris.ch\/de\/produktpraesentation\/gesundes-leben\/gesunde-lebensmittel\/superfoods\/koernrer-samen\/hanfsamen\/suisse-2-2\/\" rel=\"attachment wp-att-75231\"><img loading=\"lazy\" decoding=\"async\" class=\"alignnone  wp-image-75231\" src=\"https:\/\/bien-etreiris.ch\/wp-content\/uploads\/2023\/09\/suisse.png\" alt=\"\" width=\"41\" height=\"41\"><\/a> <a href=\"https:\/\/bien-etreiris.ch\/de\/produktpraesentation\/gesundes-leben\/gesunde-lebensmittel\/superfoods\/koernrer-samen\/hanfsamen\/fribourg-2\/\" rel=\"attachment wp-att-75234\"><img loading=\"lazy\" decoding=\"async\" class=\"alignnone  wp-image-75234\" src=\"https:\/\/bien-etreiris.ch\/wp-content\/uploads\/2023\/09\/fribourg.png\" alt=\"\" width=\"40\" height=\"41\"><\/a><a href=\"https:\/\/bien-etreiris.ch\/presentations-des-produits\/vie-saine\/aliments-sains\/super-aliments\/oleagineux-et-graines\/graines-de-chanvre\/75326-2\/vaud\/\" rel=\"attachment wp-att-75338\"><img loading=\"lazy\" decoding=\"async\" class=\"alignnone  wp-image-75338\" src=\"https:\/\/bien-etreiris.ch\/wp-content\/uploads\/2023\/09\/vaud.png\" alt=\"\" width=\"39\" height=\"39\"><\/a><\/p>\n<\/div>\n<\/div>\n<\/div>\n<div class=\"elementor-element elementor-element-b142d4f elementor-widget elementor-widget-woocommerce-product-short-description\" data-id=\"b142d4f\" data-element_type=\"widget\" data-widget_type=\"woocommerce-product-short-description.default\">\n<div class=\"elementor-widget-container\">\n<div class=\"woocommerce-product-details__short-description\">\n<ul>\n<li>Vegan<\/li>\n<li>D\u2019origine biologique<\/li>\n<li>Suisse<\/li>\n<li>Hyper croustillant<\/li>\n<\/ul>\n<\/div>\n<\/div>\n<\/div>\n<p>&nbsp;<\/p>\n<p>1 sachet contenu 120 g <strong>CHF 8.70<\/strong><\/p>\n<p>en vrac&nbsp; 10 g <strong>CHF 0.40<\/strong><\/p>\n<div class=\"elementor-element elementor-element-8c5f2a8 elementor-widget elementor-widget-heading\" data-id=\"8c5f2a8\" data-element_type=\"widget\" data-widget_type=\"heading.default\">\n<div class=\"elementor-widget-container\">\n<h4 class=\"elementor-heading-title elementor-size-default\">Description du produit<\/h4>\n<\/div>\n<\/div>\n<div class=\"elementor-element elementor-element-9eb5502 elementor-widget elementor-widget-woocommerce-product-content\" data-id=\"9eb5502\" data-element_type=\"widget\" data-widget_type=\"woocommerce-product-content.default\">\n<div class=\"elementor-widget-container\">\n<p>Les graines de chanvre enti\u00e8res sont des super-aliments riches en nutriments. Elles sont naturellement sans gluten, riches en prot\u00e9ines, en acides gras essentiels, en fibres, en min\u00e9raux et en vitamines. Les graines de chanvre sont \u00e9galement une source importante d\u2019acides gras om\u00e9ga-3 et om\u00e9ga-6, qui sont essentiels pour une bonne sant\u00e9 cardiovasculaire et pour r\u00e9duire l\u2019inflammation dans le corps.<\/p>\n<p>Ces graines de chanvre compl\u00e8tes sont d\u00e9j\u00e0 grill\u00e9es et sal\u00e9es (Fleur de sel de Gu\u00e9rande).<\/p>\n<p>Elles sont \u00e9galement de plus en plus populaires dans les r\u00e9gimes v\u00e9g\u00e9tariens et v\u00e9g\u00e9taliens, car elles contiennent tous les acides amin\u00e9s essentiels n\u00e9cessaires \u00e0 une alimentation saine.<\/p>\n<p>NE CONTIENT PAS DE THC !<\/p>\n<\/div>\n<\/div>\n<p>&nbsp;<\/p>\n","protected":false},"excerpt":{"rendered":"<p>Graines de chanvre&nbsp; enti\u00e8re &nbsp; &nbsp; &nbsp; &nbsp; FLOW provenant des cultures locales Vegan D\u2019origine biologique Suisse Hyper croustillant &nbsp; 1 sachet contenu 120 g CHF 6.70 en vrac&nbsp; 10 g CHF 0.25 &nbsp; &nbsp; &nbsp; &nbsp; Description du produit Les graines de chanvre enti\u00e8res sont des super-aliments riches en nutriments. Elles sont naturellement sans gluten, riches en prot\u00e9ines, en&nbsp;<a href=\"https:\/\/bien-etreiris.ch\/de\/produktpraesentation\/gesundes-leben\/gesunde-lebensmittel\/superfoods\/koernrer-samen\/hanfsamen\/graines-de-chanvre-entiere\/\" class=\"read-more\">Weiter lesen<\/a><\/p>\n","protected":false},"author":1,"featured_media":75332,"parent":46086,"menu_order":2953,"comment_status":"closed","ping_status":"closed","template":"page-with-child.php","meta":{"_acf_changed":false,"ngg_post_thumbnail":0,"footnotes":""},"class_list":["post-75345","page","type-page","status-publish","has-post-thumbnail","hentry"],"acf":[],"yoast_head":"<!-- This site is optimized with the Yoast SEO plugin v27.5 - https:\/\/yoast.com\/product\/yoast-seo-wordpress\/ -->\n<title>COMPLET - WOHLBEFINDEN<\/title>\n<meta name=\"robots\" content=\"index, follow, max-snippet:-1, max-image-preview:large, max-video-preview:-1\" \/>\n<link rel=\"canonical\" href=\"https:\/\/bien-etreiris.ch\/de\/produktpraesentation\/gesundes-leben\/gesunde-lebensmittel\/superfoods\/koernrer-samen\/hanfsamen\/graines-de-chanvre-entiere\/\" \/>\n<meta property=\"og:locale\" content=\"de_DE\" \/>\n<meta property=\"og:type\" content=\"article\" \/>\n<meta property=\"og:title\" content=\"COMPLET - WOHLBEFINDEN\" \/>\n<meta property=\"og:description\" content=\"Graines de chanvre&nbsp; enti\u00e8re &nbsp; &nbsp; &nbsp; &nbsp; FLOW provenant des cultures locales Vegan D\u2019origine biologique Suisse Hyper croustillant &nbsp; 1 sachet contenu 120 g CHF 6.70 en vrac&nbsp; 10 g CHF 0.25 &nbsp; &nbsp; &nbsp; &nbsp; Description du produit Les graines de chanvre enti\u00e8res sont des super-aliments riches en nutriments. Elles sont naturellement sans gluten, riches en prot\u00e9ines, en&nbsp;Weiter lesen\" \/>\n<meta property=\"og:url\" content=\"https:\/\/bien-etreiris.ch\/de\/produktpraesentation\/gesundes-leben\/gesunde-lebensmittel\/superfoods\/koernrer-samen\/hanfsamen\/graines-de-chanvre-entiere\/\" \/>\n<meta property=\"og:site_name\" content=\"WOHLBEFINDEN\" \/>\n<meta property=\"article:publisher\" content=\"https:\/\/www.facebook.com\/bienetreiris\/\" \/>\n<meta property=\"article:modified_time\" content=\"2023-09-16T09:57:11+00:00\" \/>\n<meta property=\"og:image\" content=\"https:\/\/bien-etreiris.ch\/wp-content\/uploads\/2023\/09\/acceuil-graines-des-chanvre-complets-1.jpg\" \/>\n\t<meta property=\"og:image:width\" content=\"2560\" \/>\n\t<meta property=\"og:image:height\" content=\"1707\" \/>\n\t<meta property=\"og:image:type\" content=\"image\/jpeg\" \/>\n<meta name=\"twitter:label1\" content=\"Gesch\u00e4tzte Lesezeit\" \/>\n\t<meta name=\"twitter:data1\" content=\"1\u00a0Minute\" \/>\n<script type=\"application\/ld+json\" class=\"yoast-schema-graph\">{\"@context\":\"https:\\\/\\\/schema.org\",\"@graph\":[{\"@type\":\"WebPage\",\"@id\":\"https:\\\/\\\/bien-etreiris.ch\\\/de\\\/produktpraesentation\\\/gesundes-leben\\\/gesunde-lebensmittel\\\/superfoods\\\/koernrer-samen\\\/hanfsamen\\\/graines-de-chanvre-entiere\\\/\",\"url\":\"https:\\\/\\\/bien-etreiris.ch\\\/de\\\/produktpraesentation\\\/gesundes-leben\\\/gesunde-lebensmittel\\\/superfoods\\\/koernrer-samen\\\/hanfsamen\\\/graines-de-chanvre-entiere\\\/\",\"name\":\"COMPLET - WOHLBEFINDEN\",\"isPartOf\":{\"@id\":\"https:\\\/\\\/bien-etreiris.ch\\\/de\\\/#website\"},\"primaryImageOfPage\":{\"@id\":\"https:\\\/\\\/bien-etreiris.ch\\\/de\\\/produktpraesentation\\\/gesundes-leben\\\/gesunde-lebensmittel\\\/superfoods\\\/koernrer-samen\\\/hanfsamen\\\/graines-de-chanvre-entiere\\\/#primaryimage\"},\"image\":{\"@id\":\"https:\\\/\\\/bien-etreiris.ch\\\/de\\\/produktpraesentation\\\/gesundes-leben\\\/gesunde-lebensmittel\\\/superfoods\\\/koernrer-samen\\\/hanfsamen\\\/graines-de-chanvre-entiere\\\/#primaryimage\"},\"thumbnailUrl\":\"https:\\\/\\\/bien-etreiris.ch\\\/wp-content\\\/uploads\\\/2023\\\/09\\\/acceuil-graines-des-chanvre-complets-1.jpg\",\"datePublished\":\"2023-09-16T09:01:38+00:00\",\"dateModified\":\"2023-09-16T09:57:11+00:00\",\"breadcrumb\":{\"@id\":\"https:\\\/\\\/bien-etreiris.ch\\\/de\\\/produktpraesentation\\\/gesundes-leben\\\/gesunde-lebensmittel\\\/superfoods\\\/koernrer-samen\\\/hanfsamen\\\/graines-de-chanvre-entiere\\\/#breadcrumb\"},\"inLanguage\":\"de\",\"potentialAction\":[{\"@type\":\"ReadAction\",\"target\":[\"https:\\\/\\\/bien-etreiris.ch\\\/de\\\/produktpraesentation\\\/gesundes-leben\\\/gesunde-lebensmittel\\\/superfoods\\\/koernrer-samen\\\/hanfsamen\\\/graines-de-chanvre-entiere\\\/\"]}]},{\"@type\":\"ImageObject\",\"inLanguage\":\"de\",\"@id\":\"https:\\\/\\\/bien-etreiris.ch\\\/de\\\/produktpraesentation\\\/gesundes-leben\\\/gesunde-lebensmittel\\\/superfoods\\\/koernrer-samen\\\/hanfsamen\\\/graines-de-chanvre-entiere\\\/#primaryimage\",\"url\":\"https:\\\/\\\/bien-etreiris.ch\\\/wp-content\\\/uploads\\\/2023\\\/09\\\/acceuil-graines-des-chanvre-complets-1.jpg\",\"contentUrl\":\"https:\\\/\\\/bien-etreiris.ch\\\/wp-content\\\/uploads\\\/2023\\\/09\\\/acceuil-graines-des-chanvre-complets-1.jpg\",\"width\":2560,\"height\":1707},{\"@type\":\"BreadcrumbList\",\"@id\":\"https:\\\/\\\/bien-etreiris.ch\\\/de\\\/produktpraesentation\\\/gesundes-leben\\\/gesunde-lebensmittel\\\/superfoods\\\/koernrer-samen\\\/hanfsamen\\\/graines-de-chanvre-entiere\\\/#breadcrumb\",\"itemListElement\":[{\"@type\":\"ListItem\",\"position\":1,\"name\":\"Home\",\"item\":\"https:\\\/\\\/bien-etreiris.ch\\\/de\\\/\"},{\"@type\":\"ListItem\",\"position\":2,\"name\":\"PRODUKTPR\u00c4SENTATION\",\"item\":\"https:\\\/\\\/bien-etreiris.ch\\\/de\\\/produktpraesentation\\\/\"},{\"@type\":\"ListItem\",\"position\":3,\"name\":\"GESUNDES LEBEN\",\"item\":\"https:\\\/\\\/bien-etreiris.ch\\\/de\\\/produktpraesentation\\\/gesundes-leben\\\/\"},{\"@type\":\"ListItem\",\"position\":4,\"name\":\"GESUNDE LEBENSMITTEL\",\"item\":\"https:\\\/\\\/bien-etreiris.ch\\\/de\\\/produktpraesentation\\\/gesundes-leben\\\/gesunde-lebensmittel\\\/\"},{\"@type\":\"ListItem\",\"position\":5,\"name\":\"SUPERFOODS\",\"item\":\"https:\\\/\\\/bien-etreiris.ch\\\/de\\\/produktpraesentation\\\/gesundes-leben\\\/gesunde-lebensmittel\\\/superfoods\\\/\"},{\"@type\":\"ListItem\",\"position\":6,\"name\":\"K\u00d6RNER &#8211; SAMEN\",\"item\":\"https:\\\/\\\/bien-etreiris.ch\\\/de\\\/produktpraesentation\\\/gesundes-leben\\\/gesunde-lebensmittel\\\/superfoods\\\/koernrer-samen\\\/\"},{\"@type\":\"ListItem\",\"position\":7,\"name\":\"HANFSAMEN\",\"item\":\"https:\\\/\\\/bien-etreiris.ch\\\/de\\\/produktpraesentation\\\/gesundes-leben\\\/gesunde-lebensmittel\\\/superfoods\\\/koernrer-samen\\\/hanfsamen\\\/\"},{\"@type\":\"ListItem\",\"position\":8,\"name\":\"COMPLET\"}]},{\"@type\":\"WebSite\",\"@id\":\"https:\\\/\\\/bien-etreiris.ch\\\/de\\\/#website\",\"url\":\"https:\\\/\\\/bien-etreiris.ch\\\/de\\\/\",\"name\":\"Bien-\u00eatre Iris\",\"description\":\"IHRE Gesundheit ist uns wichtig\",\"potentialAction\":[{\"@type\":\"SearchAction\",\"target\":{\"@type\":\"EntryPoint\",\"urlTemplate\":\"https:\\\/\\\/bien-etreiris.ch\\\/de\\\/?s={search_term_string}\"},\"query-input\":{\"@type\":\"PropertyValueSpecification\",\"valueRequired\":true,\"valueName\":\"search_term_string\"}}],\"inLanguage\":\"de\"}]}<\/script>\n<!-- \/ Yoast SEO plugin. -->","yoast_head_json":{"title":"COMPLET - WOHLBEFINDEN","robots":{"index":"index","follow":"follow","max-snippet":"max-snippet:-1","max-image-preview":"max-image-preview:large","max-video-preview":"max-video-preview:-1"},"canonical":"https:\/\/bien-etreiris.ch\/de\/produktpraesentation\/gesundes-leben\/gesunde-lebensmittel\/superfoods\/koernrer-samen\/hanfsamen\/graines-de-chanvre-entiere\/","og_locale":"de_DE","og_type":"article","og_title":"COMPLET - WOHLBEFINDEN","og_description":"Graines de chanvre&nbsp; enti\u00e8re &nbsp; &nbsp; &nbsp; &nbsp; FLOW provenant des cultures locales Vegan D\u2019origine biologique Suisse Hyper croustillant &nbsp; 1 sachet contenu 120 g CHF 6.70 en vrac&nbsp; 10 g CHF 0.25 &nbsp; &nbsp; &nbsp; &nbsp; Description du produit Les graines de chanvre enti\u00e8res sont des super-aliments riches en nutriments. Elles sont naturellement sans gluten, riches en prot\u00e9ines, en&nbsp;Weiter lesen","og_url":"https:\/\/bien-etreiris.ch\/de\/produktpraesentation\/gesundes-leben\/gesunde-lebensmittel\/superfoods\/koernrer-samen\/hanfsamen\/graines-de-chanvre-entiere\/","og_site_name":"WOHLBEFINDEN","article_publisher":"https:\/\/www.facebook.com\/bienetreiris\/","article_modified_time":"2023-09-16T09:57:11+00:00","og_image":[{"width":2560,"height":1707,"url":"https:\/\/bien-etreiris.ch\/wp-content\/uploads\/2023\/09\/acceuil-graines-des-chanvre-complets-1.jpg","type":"image\/jpeg"}],"twitter_misc":{"Gesch\u00e4tzte Lesezeit":"1\u00a0Minute"},"schema":{"@context":"https:\/\/schema.org","@graph":[{"@type":"WebPage","@id":"https:\/\/bien-etreiris.ch\/de\/produktpraesentation\/gesundes-leben\/gesunde-lebensmittel\/superfoods\/koernrer-samen\/hanfsamen\/graines-de-chanvre-entiere\/","url":"https:\/\/bien-etreiris.ch\/de\/produktpraesentation\/gesundes-leben\/gesunde-lebensmittel\/superfoods\/koernrer-samen\/hanfsamen\/graines-de-chanvre-entiere\/","name":"COMPLET - WOHLBEFINDEN","isPartOf":{"@id":"https:\/\/bien-etreiris.ch\/de\/#website"},"primaryImageOfPage":{"@id":"https:\/\/bien-etreiris.ch\/de\/produktpraesentation\/gesundes-leben\/gesunde-lebensmittel\/superfoods\/koernrer-samen\/hanfsamen\/graines-de-chanvre-entiere\/#primaryimage"},"image":{"@id":"https:\/\/bien-etreiris.ch\/de\/produktpraesentation\/gesundes-leben\/gesunde-lebensmittel\/superfoods\/koernrer-samen\/hanfsamen\/graines-de-chanvre-entiere\/#primaryimage"},"thumbnailUrl":"https:\/\/bien-etreiris.ch\/wp-content\/uploads\/2023\/09\/acceuil-graines-des-chanvre-complets-1.jpg","datePublished":"2023-09-16T09:01:38+00:00","dateModified":"2023-09-16T09:57:11+00:00","breadcrumb":{"@id":"https:\/\/bien-etreiris.ch\/de\/produktpraesentation\/gesundes-leben\/gesunde-lebensmittel\/superfoods\/koernrer-samen\/hanfsamen\/graines-de-chanvre-entiere\/#breadcrumb"},"inLanguage":"de","potentialAction":[{"@type":"ReadAction","target":["https:\/\/bien-etreiris.ch\/de\/produktpraesentation\/gesundes-leben\/gesunde-lebensmittel\/superfoods\/koernrer-samen\/hanfsamen\/graines-de-chanvre-entiere\/"]}]},{"@type":"ImageObject","inLanguage":"de","@id":"https:\/\/bien-etreiris.ch\/de\/produktpraesentation\/gesundes-leben\/gesunde-lebensmittel\/superfoods\/koernrer-samen\/hanfsamen\/graines-de-chanvre-entiere\/#primaryimage","url":"https:\/\/bien-etreiris.ch\/wp-content\/uploads\/2023\/09\/acceuil-graines-des-chanvre-complets-1.jpg","contentUrl":"https:\/\/bien-etreiris.ch\/wp-content\/uploads\/2023\/09\/acceuil-graines-des-chanvre-complets-1.jpg","width":2560,"height":1707},{"@type":"BreadcrumbList","@id":"https:\/\/bien-etreiris.ch\/de\/produktpraesentation\/gesundes-leben\/gesunde-lebensmittel\/superfoods\/koernrer-samen\/hanfsamen\/graines-de-chanvre-entiere\/#breadcrumb","itemListElement":[{"@type":"ListItem","position":1,"name":"Home","item":"https:\/\/bien-etreiris.ch\/de\/"},{"@type":"ListItem","position":2,"name":"PRODUKTPR\u00c4SENTATION","item":"https:\/\/bien-etreiris.ch\/de\/produktpraesentation\/"},{"@type":"ListItem","position":3,"name":"GESUNDES LEBEN","item":"https:\/\/bien-etreiris.ch\/de\/produktpraesentation\/gesundes-leben\/"},{"@type":"ListItem","position":4,"name":"GESUNDE LEBENSMITTEL","item":"https:\/\/bien-etreiris.ch\/de\/produktpraesentation\/gesundes-leben\/gesunde-lebensmittel\/"},{"@type":"ListItem","position":5,"name":"SUPERFOODS","item":"https:\/\/bien-etreiris.ch\/de\/produktpraesentation\/gesundes-leben\/gesunde-lebensmittel\/superfoods\/"},{"@type":"ListItem","position":6,"name":"K\u00d6RNER &#8211; SAMEN","item":"https:\/\/bien-etreiris.ch\/de\/produktpraesentation\/gesundes-leben\/gesunde-lebensmittel\/superfoods\/koernrer-samen\/"},{"@type":"ListItem","position":7,"name":"HANFSAMEN","item":"https:\/\/bien-etreiris.ch\/de\/produktpraesentation\/gesundes-leben\/gesunde-lebensmittel\/superfoods\/koernrer-samen\/hanfsamen\/"},{"@type":"ListItem","position":8,"name":"COMPLET"}]},{"@type":"WebSite","@id":"https:\/\/bien-etreiris.ch\/de\/#website","url":"https:\/\/bien-etreiris.ch\/de\/","name":"Bien-\u00eatre Iris","description":"IHRE Gesundheit ist uns wichtig","potentialAction":[{"@type":"SearchAction","target":{"@type":"EntryPoint","urlTemplate":"https:\/\/bien-etreiris.ch\/de\/?s={search_term_string}"},"query-input":{"@type":"PropertyValueSpecification","valueRequired":true,"valueName":"search_term_string"}}],"inLanguage":"de"}]}},"_links":{"self":[{"href":"https:\/\/bien-etreiris.ch\/de\/wp-json\/wp\/v2\/pages\/75345","targetHints":{"allow":["GET"]}}],"collection":[{"href":"https:\/\/bien-etreiris.ch\/de\/wp-json\/wp\/v2\/pages"}],"about":[{"href":"https:\/\/bien-etreiris.ch\/de\/wp-json\/wp\/v2\/types\/page"}],"author":[{"embeddable":true,"href":"https:\/\/bien-etreiris.ch\/de\/wp-json\/wp\/v2\/users\/1"}],"replies":[{"embeddable":true,"href":"https:\/\/bien-etreiris.ch\/de\/wp-json\/wp\/v2\/comments?post=75345"}],"version-history":[{"count":1,"href":"https:\/\/bien-etreiris.ch\/de\/wp-json\/wp\/v2\/pages\/75345\/revisions"}],"predecessor-version":[{"id":75348,"href":"https:\/\/bien-etreiris.ch\/de\/wp-json\/wp\/v2\/pages\/75345\/revisions\/75348"}],"up":[{"embeddable":true,"href":"https:\/\/bien-etreiris.ch\/de\/wp-json\/wp\/v2\/pages\/46086"}],"wp:featuredmedia":[{"embeddable":true,"href":"https:\/\/bien-etreiris.ch\/de\/wp-json\/wp\/v2\/media\/75332"}],"wp:attachment":[{"href":"https:\/\/bien-etreiris.ch\/de\/wp-json\/wp\/v2\/media?parent=75345"}],"curies":[{"name":"wp","href":"https:\/\/api.w.org\/{rel}","templated":true}]}}