{"id":75266,"date":"2023-09-16T00:14:38","date_gmt":"2023-09-15T22:14:38","guid":{"rendered":"https:\/\/bien-etreiris.ch\/produktpraesentation\/lesen-und-entdecken\/aromatherapie\/pflanzenoele\/huile-de-chanvre-cosmetique\/"},"modified":"2023-09-16T00:34:05","modified_gmt":"2023-09-15T22:34:05","slug":"huile-de-chanvre-cosmetique","status":"publish","type":"page","link":"https:\/\/bien-etreiris.ch\/de\/produktpraesentation\/lesen-und-entdecken\/aromatherapie\/pflanzenoele\/huile-de-chanvre-cosmetique\/","title":{"rendered":"HUILE DE CHANVRE"},"content":{"rendered":"<h2>Huile de chanvre cosm\u00e9tique<\/h2>\n<p><strong> 75 ml CHF 10.30<\/strong> (Farfalla)<strong><br \/>\n<\/strong><\/p>\n<p><strong>100 ml CHF 13.40 <\/strong>(Fandler)<\/p>\n<p>&nbsp;<\/p>\n<p>en vrac 10 ml <strong>CHF 0.70 <\/strong>(Damascena) en stock plus cosmetique<\/p>\n<p><strong>tous 100 % naturelle et pur<\/strong><\/p>\n<p><strong>CH - BIO 006<\/strong><\/p>\n<p>&nbsp;<\/p>\n<p>&nbsp;<\/p>\n<p>&nbsp;<\/p>\n<p>&nbsp;<\/p>\n<ul>\n<li><strong>Nom commun de l\u2019huile v\u00e9g\u00e9tale<\/strong> : Chanvre, Chanvre Indien, Ch\u00e8nevis<\/li>\n<li><strong>Arbre producteur<\/strong> : Cannabis<\/li>\n<li><strong>Nom botanique<\/strong> : Cannabis sativa<\/li>\n<li><strong>Pr\u00e9cision :<\/strong> Cannabis indica et Cannabis sativa ont longtemps \u00e9taient consid\u00e9r\u00e9es comme deux esp\u00e8ces diff\u00e9rentes alors qu'elles ne sont qu'une seule et m\u00eame esp\u00e8ce.<\/li>\n<li><strong>Famille botanique<\/strong> : Cannabac\u00e9es<\/li>\n<li><strong>Origine<\/strong> (pays o\u00f9 l\u2019huile v\u00e9g\u00e9tale est cultiv\u00e9e) : France, Chine, Canada, USA, Inde<\/li>\n<li><strong>Partie de la plante extraite<\/strong> : Graine, appel\u00e9e ch\u00e8nevis<\/li>\n<li><strong>Potentiel oxydatif<\/strong> : Assez sensible<\/li>\n<\/ul>\n<p>&nbsp;<\/p>\n<p>&nbsp;<\/p>\n<p>Cette huile press\u00e9e \u00e0 froid \u00e0 partir de graines de chanvre p\u00e9ruvien est particuli\u00e8rement adapt\u00e9e aux peaux rugueuses, enflamm\u00e9s et squameuses, par ex. pour ecz\u00e9ma. Elle s'\u00e9tale bien sur la peau est absorb\u00e9 rapidement. Puisque l'huile de chanvre fait partie des huiles siccatives, on ne donne g\u00e9n\u00e9ralement qu'une portion d'environ 10% en m\u00e9langes avec d'autres huiles v\u00e9g\u00e9tales.<\/p>\n<p>&nbsp;<\/p>\n<p><a href=\"https:\/\/bien-etreiris.ch\/de\/produktpraesentation\/aromatherapie\/selbst-herstellen\/rohstoffe\/lhuile-de-chanvre-seitenbild-2-2\/\" rel=\"attachment wp-att-23036\"><img loading=\"lazy\" decoding=\"async\" class=\"wp-image-23036 alignleft\" src=\"https:\/\/bien-etreiris.ch\/wp-content\/uploads\/2019\/07\/lhuile-de-chanvre-seitenbild-2.jpg\" alt=\"\" width=\"334\" height=\"705\" srcset=\"https:\/\/bien-etreiris.ch\/wp-content\/uploads\/2019\/07\/lhuile-de-chanvre-seitenbild-2.jpg 450w, https:\/\/bien-etreiris.ch\/wp-content\/uploads\/2019\/07\/lhuile-de-chanvre-seitenbild-2-142x300.jpg 142w\" sizes=\"auto, (max-width: 334px) 100vw, 334px\" \/><\/a><\/p>\n<p>&nbsp;<\/p>\n<p><strong>Apaisante et rafra\u00eechissante<\/strong><br \/>\nL'huile de graine de chanvre poss\u00e8de la composition id\u00e9ale en acides amin\u00e9s essentiels et en acides gras polyinsatur\u00e9s (acide linol\u00e9ique et acide gammalinolique). Ceux-ci aident la peau \u00e0 r\u00e9g\u00e9n\u00e9rer les cellules, \u00e0 retarder le processus de vieillissement de la peau et soulagent les sympt\u00f4mes de la peau irrit\u00e9e. Ainsi, l'huile de chanvre est une b\u00e9n\u00e9diction pour les peaux s\u00e8ches, cassantes ou sensibles.<\/p>\n<p><strong>Ingr\u00e9dients sp\u00e9ciaux<\/strong><br \/>\nL'huile de chanvre press\u00e9e \u00e0 froid contienne d'importantes substances bioactives, appel\u00e9es substances grasses : teintures v\u00e9g\u00e9tales, substances aromatiques, vitamines B et E, phytost\u00e9rols, oligo-\u00e9l\u00e9ments et carot\u00e9no\u00efdes.<\/p>\n<div>\n<h4>Composition en acides gras<\/h4>\n<ul>\n<li><em>AG mono-insatur\u00e9s<\/em> : 9 \u00e0 14 % d'acide ol\u00e9ique (Om\u00e9ga 9) ;<\/li>\n<li><em>AG polyinsatur\u00e9s<\/em> : de 55 \u00e0 60 % d'acide linol\u00e9ique (Omega6),<\/li>\n<li>17 \u00e0 20 % d'acide alpha linol\u00e9nique (Om\u00e9ga 3) ;<\/li>\n<li><em>AG satur\u00e9s<\/em> : 8 % \u00e0 10 % d'acides palminique et st\u00e9arique.<\/li>\n<\/ul>\n<\/div>\n<div>\n<h4>Autres constituants actifs<\/h4>\n<ul>\n<li>Vitamines : 2 % E, A, B1, B2, B6 ;<\/li>\n<li>Autres constituants : gamma tocoph\u00e9rols, b\u00eata sitost\u00e9rols, b\u00eata caryophyll\u00e8ne, acides amin\u00e9s essentiels.<\/li>\n<\/ul>\n<\/div>\n<p>&nbsp;<\/p>\n<p><strong>Application externe<\/strong><br \/>\nSoigne chaque peau et convienne particuli\u00e8rement aux peaux irrit\u00e9es ayant besoin de soins<\/p>\n<p>&nbsp;<\/p>\n<h2><em><strong><a href=\"https:\/\/bien-etreiris.ch\/de\/ratgeber-klarheit-beratung\/gesunder-lebensstil\/naehrstoffe\/superfoods\/hanf\/\" target=\"_blank\" rel=\"noopener\"><span style=\"color: #99cc00;\">Vous voulez en savoir plus sur cette super plante ?<\/span><\/a><\/strong><\/em><\/h2>\n","protected":false},"excerpt":{"rendered":"<p>Huile de chanvre cosm\u00e9tique 75 ml CHF 10.30 (Farfalla) 100 ml CHF 13.40 (Fandler) &nbsp; en vrac 10 ml CHF 0.70 (Damascena) en stock plus cosmetique tous 100 % naturelle et pur CH - BIO 006 &nbsp; &nbsp; &nbsp; &nbsp; Nom commun de l\u2019huile v\u00e9g\u00e9tale : Chanvre, Chanvre Indien, Ch\u00e8nevis Arbre producteur : Cannabis Nom botanique : Cannabis sativa Pr\u00e9cision&nbsp;<a href=\"https:\/\/bien-etreiris.ch\/de\/produktpraesentation\/lesen-und-entdecken\/aromatherapie\/pflanzenoele\/huile-de-chanvre-cosmetique\/\" class=\"read-more\">Weiter lesen<\/a><\/p>\n","protected":false},"author":1,"featured_media":40315,"parent":53915,"menu_order":2957,"comment_status":"closed","ping_status":"closed","template":"page-with-child.php","meta":{"_acf_changed":false,"ngg_post_thumbnail":0,"footnotes":""},"class_list":["post-75266","page","type-page","status-publish","has-post-thumbnail","hentry"],"acf":[],"yoast_head":"<!-- This site is optimized with the Yoast SEO plugin v27.6 - https:\/\/yoast.com\/product\/yoast-seo-wordpress\/ -->\n<title>HUILE DE CHANVRE - WOHLBEFINDEN<\/title>\n<meta name=\"robots\" content=\"index, follow, max-snippet:-1, max-image-preview:large, max-video-preview:-1\" \/>\n<link rel=\"canonical\" href=\"https:\/\/bien-etreiris.ch\/de\/produktpraesentation\/lesen-und-entdecken\/aromatherapie\/pflanzenoele\/huile-de-chanvre-cosmetique\/\" \/>\n<meta property=\"og:locale\" content=\"de_DE\" \/>\n<meta property=\"og:type\" content=\"article\" \/>\n<meta property=\"og:title\" content=\"HUILE DE CHANVRE - WOHLBEFINDEN\" \/>\n<meta property=\"og:description\" content=\"Huile de chanvre cosm\u00e9tique 75 ml CHF 10.30 (Farfalla) 100 ml CHF 13.40 (Fandler) &nbsp; en vrac 10 ml CHF 0.70 (Damascena) en stock plus cosmetique tous 100 % naturelle et pur CH - BIO 006 &nbsp; &nbsp; &nbsp; &nbsp; Nom commun de l\u2019huile v\u00e9g\u00e9tale : Chanvre, Chanvre Indien, Ch\u00e8nevis Arbre producteur : Cannabis Nom botanique : Cannabis sativa Pr\u00e9cision&nbsp;Weiter lesen\" \/>\n<meta property=\"og:url\" content=\"https:\/\/bien-etreiris.ch\/de\/produktpraesentation\/lesen-und-entdecken\/aromatherapie\/pflanzenoele\/huile-de-chanvre-cosmetique\/\" \/>\n<meta property=\"og:site_name\" content=\"WOHLBEFINDEN\" \/>\n<meta property=\"article:publisher\" content=\"https:\/\/www.facebook.com\/bienetreiris\/\" \/>\n<meta property=\"article:modified_time\" content=\"2023-09-15T22:34:05+00:00\" \/>\n<meta property=\"og:image\" content=\"https:\/\/bien-etreiris.ch\/wp-content\/uploads\/2021\/03\/titel-chanvre-1.jpg\" \/>\n\t<meta property=\"og:image:width\" content=\"500\" \/>\n\t<meta property=\"og:image:height\" content=\"334\" \/>\n\t<meta property=\"og:image:type\" content=\"image\/jpeg\" \/>\n<meta name=\"twitter:label1\" content=\"Gesch\u00e4tzte Lesezeit\" \/>\n\t<meta name=\"twitter:data1\" content=\"2\u00a0Minuten\" \/>\n<script type=\"application\/ld+json\" class=\"yoast-schema-graph\">{\"@context\":\"https:\\\/\\\/schema.org\",\"@graph\":[{\"@type\":\"WebPage\",\"@id\":\"https:\\\/\\\/bien-etreiris.ch\\\/de\\\/produktpraesentation\\\/lesen-und-entdecken\\\/aromatherapie\\\/pflanzenoele\\\/huile-de-chanvre-cosmetique\\\/\",\"url\":\"https:\\\/\\\/bien-etreiris.ch\\\/de\\\/produktpraesentation\\\/lesen-und-entdecken\\\/aromatherapie\\\/pflanzenoele\\\/huile-de-chanvre-cosmetique\\\/\",\"name\":\"HUILE DE CHANVRE - WOHLBEFINDEN\",\"isPartOf\":{\"@id\":\"https:\\\/\\\/bien-etreiris.ch\\\/de\\\/#website\"},\"primaryImageOfPage\":{\"@id\":\"https:\\\/\\\/bien-etreiris.ch\\\/de\\\/produktpraesentation\\\/lesen-und-entdecken\\\/aromatherapie\\\/pflanzenoele\\\/huile-de-chanvre-cosmetique\\\/#primaryimage\"},\"image\":{\"@id\":\"https:\\\/\\\/bien-etreiris.ch\\\/de\\\/produktpraesentation\\\/lesen-und-entdecken\\\/aromatherapie\\\/pflanzenoele\\\/huile-de-chanvre-cosmetique\\\/#primaryimage\"},\"thumbnailUrl\":\"https:\\\/\\\/bien-etreiris.ch\\\/wp-content\\\/uploads\\\/2021\\\/03\\\/titel-chanvre-1.jpg\",\"datePublished\":\"2023-09-15T22:14:38+00:00\",\"dateModified\":\"2023-09-15T22:34:05+00:00\",\"breadcrumb\":{\"@id\":\"https:\\\/\\\/bien-etreiris.ch\\\/de\\\/produktpraesentation\\\/lesen-und-entdecken\\\/aromatherapie\\\/pflanzenoele\\\/huile-de-chanvre-cosmetique\\\/#breadcrumb\"},\"inLanguage\":\"de\",\"potentialAction\":[{\"@type\":\"ReadAction\",\"target\":[\"https:\\\/\\\/bien-etreiris.ch\\\/de\\\/produktpraesentation\\\/lesen-und-entdecken\\\/aromatherapie\\\/pflanzenoele\\\/huile-de-chanvre-cosmetique\\\/\"]}]},{\"@type\":\"ImageObject\",\"inLanguage\":\"de\",\"@id\":\"https:\\\/\\\/bien-etreiris.ch\\\/de\\\/produktpraesentation\\\/lesen-und-entdecken\\\/aromatherapie\\\/pflanzenoele\\\/huile-de-chanvre-cosmetique\\\/#primaryimage\",\"url\":\"https:\\\/\\\/bien-etreiris.ch\\\/wp-content\\\/uploads\\\/2021\\\/03\\\/titel-chanvre-1.jpg\",\"contentUrl\":\"https:\\\/\\\/bien-etreiris.ch\\\/wp-content\\\/uploads\\\/2021\\\/03\\\/titel-chanvre-1.jpg\",\"width\":500,\"height\":334},{\"@type\":\"BreadcrumbList\",\"@id\":\"https:\\\/\\\/bien-etreiris.ch\\\/de\\\/produktpraesentation\\\/lesen-und-entdecken\\\/aromatherapie\\\/pflanzenoele\\\/huile-de-chanvre-cosmetique\\\/#breadcrumb\",\"itemListElement\":[{\"@type\":\"ListItem\",\"position\":1,\"name\":\"Home\",\"item\":\"https:\\\/\\\/bien-etreiris.ch\\\/de\\\/\"},{\"@type\":\"ListItem\",\"position\":2,\"name\":\"PRODUKTPR\u00c4SENTATION\",\"item\":\"https:\\\/\\\/bien-etreiris.ch\\\/de\\\/produktpraesentation\\\/\"},{\"@type\":\"ListItem\",\"position\":3,\"name\":\"LESEN UND ENTDECKEN\",\"item\":\"https:\\\/\\\/bien-etreiris.ch\\\/de\\\/produktpraesentation\\\/lesen-und-entdecken\\\/\"},{\"@type\":\"ListItem\",\"position\":4,\"name\":\"AROMATHERAPIE\",\"item\":\"https:\\\/\\\/bien-etreiris.ch\\\/de\\\/produktpraesentation\\\/lesen-und-entdecken\\\/aromatherapie\\\/\"},{\"@type\":\"ListItem\",\"position\":5,\"name\":\"PFLANZEN\u00d6LE\",\"item\":\"https:\\\/\\\/bien-etreiris.ch\\\/de\\\/produktpraesentation\\\/lesen-und-entdecken\\\/aromatherapie\\\/pflanzenoele\\\/\"},{\"@type\":\"ListItem\",\"position\":6,\"name\":\"HUILE DE CHANVRE\"}]},{\"@type\":\"WebSite\",\"@id\":\"https:\\\/\\\/bien-etreiris.ch\\\/de\\\/#website\",\"url\":\"https:\\\/\\\/bien-etreiris.ch\\\/de\\\/\",\"name\":\"Bien-\u00eatre Iris\",\"description\":\"IHRE Gesundheit ist uns wichtig\",\"potentialAction\":[{\"@type\":\"SearchAction\",\"target\":{\"@type\":\"EntryPoint\",\"urlTemplate\":\"https:\\\/\\\/bien-etreiris.ch\\\/de\\\/?s={search_term_string}\"},\"query-input\":{\"@type\":\"PropertyValueSpecification\",\"valueRequired\":true,\"valueName\":\"search_term_string\"}}],\"inLanguage\":\"de\"}]}<\/script>\n<!-- \/ Yoast SEO plugin. -->","yoast_head_json":{"title":"HUILE DE CHANVRE - WOHLBEFINDEN","robots":{"index":"index","follow":"follow","max-snippet":"max-snippet:-1","max-image-preview":"max-image-preview:large","max-video-preview":"max-video-preview:-1"},"canonical":"https:\/\/bien-etreiris.ch\/de\/produktpraesentation\/lesen-und-entdecken\/aromatherapie\/pflanzenoele\/huile-de-chanvre-cosmetique\/","og_locale":"de_DE","og_type":"article","og_title":"HUILE DE CHANVRE - WOHLBEFINDEN","og_description":"Huile de chanvre cosm\u00e9tique 75 ml CHF 10.30 (Farfalla) 100 ml CHF 13.40 (Fandler) &nbsp; en vrac 10 ml CHF 0.70 (Damascena) en stock plus cosmetique tous 100 % naturelle et pur CH - BIO 006 &nbsp; &nbsp; &nbsp; &nbsp; Nom commun de l\u2019huile v\u00e9g\u00e9tale : Chanvre, Chanvre Indien, Ch\u00e8nevis Arbre producteur : Cannabis Nom botanique : Cannabis sativa Pr\u00e9cision&nbsp;Weiter lesen","og_url":"https:\/\/bien-etreiris.ch\/de\/produktpraesentation\/lesen-und-entdecken\/aromatherapie\/pflanzenoele\/huile-de-chanvre-cosmetique\/","og_site_name":"WOHLBEFINDEN","article_publisher":"https:\/\/www.facebook.com\/bienetreiris\/","article_modified_time":"2023-09-15T22:34:05+00:00","og_image":[{"width":500,"height":334,"url":"https:\/\/bien-etreiris.ch\/wp-content\/uploads\/2021\/03\/titel-chanvre-1.jpg","type":"image\/jpeg"}],"twitter_misc":{"Gesch\u00e4tzte Lesezeit":"2\u00a0Minuten"},"schema":{"@context":"https:\/\/schema.org","@graph":[{"@type":"WebPage","@id":"https:\/\/bien-etreiris.ch\/de\/produktpraesentation\/lesen-und-entdecken\/aromatherapie\/pflanzenoele\/huile-de-chanvre-cosmetique\/","url":"https:\/\/bien-etreiris.ch\/de\/produktpraesentation\/lesen-und-entdecken\/aromatherapie\/pflanzenoele\/huile-de-chanvre-cosmetique\/","name":"HUILE DE CHANVRE - WOHLBEFINDEN","isPartOf":{"@id":"https:\/\/bien-etreiris.ch\/de\/#website"},"primaryImageOfPage":{"@id":"https:\/\/bien-etreiris.ch\/de\/produktpraesentation\/lesen-und-entdecken\/aromatherapie\/pflanzenoele\/huile-de-chanvre-cosmetique\/#primaryimage"},"image":{"@id":"https:\/\/bien-etreiris.ch\/de\/produktpraesentation\/lesen-und-entdecken\/aromatherapie\/pflanzenoele\/huile-de-chanvre-cosmetique\/#primaryimage"},"thumbnailUrl":"https:\/\/bien-etreiris.ch\/wp-content\/uploads\/2021\/03\/titel-chanvre-1.jpg","datePublished":"2023-09-15T22:14:38+00:00","dateModified":"2023-09-15T22:34:05+00:00","breadcrumb":{"@id":"https:\/\/bien-etreiris.ch\/de\/produktpraesentation\/lesen-und-entdecken\/aromatherapie\/pflanzenoele\/huile-de-chanvre-cosmetique\/#breadcrumb"},"inLanguage":"de","potentialAction":[{"@type":"ReadAction","target":["https:\/\/bien-etreiris.ch\/de\/produktpraesentation\/lesen-und-entdecken\/aromatherapie\/pflanzenoele\/huile-de-chanvre-cosmetique\/"]}]},{"@type":"ImageObject","inLanguage":"de","@id":"https:\/\/bien-etreiris.ch\/de\/produktpraesentation\/lesen-und-entdecken\/aromatherapie\/pflanzenoele\/huile-de-chanvre-cosmetique\/#primaryimage","url":"https:\/\/bien-etreiris.ch\/wp-content\/uploads\/2021\/03\/titel-chanvre-1.jpg","contentUrl":"https:\/\/bien-etreiris.ch\/wp-content\/uploads\/2021\/03\/titel-chanvre-1.jpg","width":500,"height":334},{"@type":"BreadcrumbList","@id":"https:\/\/bien-etreiris.ch\/de\/produktpraesentation\/lesen-und-entdecken\/aromatherapie\/pflanzenoele\/huile-de-chanvre-cosmetique\/#breadcrumb","itemListElement":[{"@type":"ListItem","position":1,"name":"Home","item":"https:\/\/bien-etreiris.ch\/de\/"},{"@type":"ListItem","position":2,"name":"PRODUKTPR\u00c4SENTATION","item":"https:\/\/bien-etreiris.ch\/de\/produktpraesentation\/"},{"@type":"ListItem","position":3,"name":"LESEN UND ENTDECKEN","item":"https:\/\/bien-etreiris.ch\/de\/produktpraesentation\/lesen-und-entdecken\/"},{"@type":"ListItem","position":4,"name":"AROMATHERAPIE","item":"https:\/\/bien-etreiris.ch\/de\/produktpraesentation\/lesen-und-entdecken\/aromatherapie\/"},{"@type":"ListItem","position":5,"name":"PFLANZEN\u00d6LE","item":"https:\/\/bien-etreiris.ch\/de\/produktpraesentation\/lesen-und-entdecken\/aromatherapie\/pflanzenoele\/"},{"@type":"ListItem","position":6,"name":"HUILE DE CHANVRE"}]},{"@type":"WebSite","@id":"https:\/\/bien-etreiris.ch\/de\/#website","url":"https:\/\/bien-etreiris.ch\/de\/","name":"Bien-\u00eatre Iris","description":"IHRE Gesundheit ist uns wichtig","potentialAction":[{"@type":"SearchAction","target":{"@type":"EntryPoint","urlTemplate":"https:\/\/bien-etreiris.ch\/de\/?s={search_term_string}"},"query-input":{"@type":"PropertyValueSpecification","valueRequired":true,"valueName":"search_term_string"}}],"inLanguage":"de"}]}},"_links":{"self":[{"href":"https:\/\/bien-etreiris.ch\/de\/wp-json\/wp\/v2\/pages\/75266","targetHints":{"allow":["GET"]}}],"collection":[{"href":"https:\/\/bien-etreiris.ch\/de\/wp-json\/wp\/v2\/pages"}],"about":[{"href":"https:\/\/bien-etreiris.ch\/de\/wp-json\/wp\/v2\/types\/page"}],"author":[{"embeddable":true,"href":"https:\/\/bien-etreiris.ch\/de\/wp-json\/wp\/v2\/users\/1"}],"replies":[{"embeddable":true,"href":"https:\/\/bien-etreiris.ch\/de\/wp-json\/wp\/v2\/comments?post=75266"}],"version-history":[{"count":2,"href":"https:\/\/bien-etreiris.ch\/de\/wp-json\/wp\/v2\/pages\/75266\/revisions"}],"predecessor-version":[{"id":75280,"href":"https:\/\/bien-etreiris.ch\/de\/wp-json\/wp\/v2\/pages\/75266\/revisions\/75280"}],"up":[{"embeddable":true,"href":"https:\/\/bien-etreiris.ch\/de\/wp-json\/wp\/v2\/pages\/53915"}],"wp:featuredmedia":[{"embeddable":true,"href":"https:\/\/bien-etreiris.ch\/de\/wp-json\/wp\/v2\/media\/40315"}],"wp:attachment":[{"href":"https:\/\/bien-etreiris.ch\/de\/wp-json\/wp\/v2\/media?parent=75266"}],"curies":[{"name":"wp","href":"https:\/\/api.w.org\/{rel}","templated":true}]}}