{"id":75254,"date":"2023-09-15T23:10:09","date_gmt":"2023-09-15T21:10:09","guid":{"rendered":"https:\/\/bien-etreiris.ch\/produktpraesentation\/gesundes-leben\/gesunde-lebensmittel\/intoleranz\/ohne-gluten\/chanvre\/"},"modified":"2026-02-11T09:07:04","modified_gmt":"2026-02-11T07:07:04","slug":"farine-de-chanvre","status":"publish","type":"page","link":"https:\/\/bien-etreiris.ch\/de\/produktpraesentation\/gesundes-leben\/gesunde-lebensmittel\/intoleranz\/ohne-gluten\/farines\/farine-de-chanvre\/","title":{"rendered":"CHANVRE"},"content":{"rendered":"<h2 class=\"wp-block-heading\">La farine de chanvre<\/h2>\n<p>Naturellement sans gluten, la farine de chanvre est un ingr\u00e9dient polyvalent et nutritif qui pr\u00e9sente de nombreux bienfaits pour la sant\u00e9. Obtenu \u00e0 partir des graines de chanvre moulues, ce superaliment regorge de nutriments essentiels et peut \u00eatre utilis\u00e9 dans une vari\u00e9t\u00e9 de recettes.<\/p>\n<p>&nbsp;<\/p>\n<p><a href=\"https:\/\/bien-etreiris.ch\/presentations-des-produits\/vie-saine\/aliments-sains\/intolerances\/sans-gluten\/farine-de-chanvre\/farine-de-chanvre-2\/\" rel=\"attachment wp-att-75295\"><img loading=\"lazy\" decoding=\"async\" class=\"size-full wp-image-75295 alignleft\" src=\"https:\/\/bien-etreiris.ch\/wp-content\/uploads\/2023\/09\/Farine-de-Chanvre-1.jpg\" alt=\"\" width=\"255\" height=\"522\" srcset=\"https:\/\/bien-etreiris.ch\/wp-content\/uploads\/2023\/09\/Farine-de-Chanvre-1.jpg 255w, https:\/\/bien-etreiris.ch\/wp-content\/uploads\/2023\/09\/Farine-de-Chanvre-1-147x300.jpg 147w\" sizes=\"auto, (max-width: 255px) 100vw, 255px\" \/><\/a><\/p>\n<p>&nbsp;<\/p>\n<p>&nbsp;<\/p>\n<p>&nbsp;<\/p>\n<h4><span style=\"color: #ffffff;\"><a style=\"color: #ffffff;\" href=\"https:\/\/bien-etreiris.ch\/de\/unsere-marken\/flow\/\" target=\"_blank\" rel=\"noopener\">Flow<\/a><\/span><\/h4>\n<p>&nbsp;<\/p>\n<p>Chanvre provenant des cultures locales <a href=\"https:\/\/bien-etreiris.ch\/de\/produktpraesentation\/gesundes-leben\/gesunde-lebensmittel\/superfoods\/koernrer-samen\/hanfsamen\/suisse-2-2\/\" rel=\"attachment wp-att-75231\"><img loading=\"lazy\" decoding=\"async\" class=\"alignnone  wp-image-75231\" src=\"https:\/\/bien-etreiris.ch\/wp-content\/uploads\/2023\/09\/suisse.png\" alt=\"\" width=\"45\" height=\"45\"><\/a><a href=\"https:\/\/bien-etreiris.ch\/de\/produktpraesentation\/gesundes-leben\/gesunde-lebensmittel\/superfoods\/koernrer-samen\/hanfsamen\/fribourg-2\/\" rel=\"attachment wp-att-75234\"><img loading=\"lazy\" decoding=\"async\" class=\"alignnone  wp-image-75234\" src=\"https:\/\/bien-etreiris.ch\/wp-content\/uploads\/2023\/09\/fribourg.png\" alt=\"\" width=\"45\" height=\"46\"><\/a><\/p>\n<div class=\"elementor-element elementor-element-b142d4f elementor-widget elementor-widget-woocommerce-product-short-description\" data-id=\"b142d4f\" data-element_type=\"widget\" data-widget_type=\"woocommerce-product-short-description.default\">\n<div class=\"elementor-widget-container\">\n<div class=\"woocommerce-product-details__short-description\">\n<ul style=\"list-style-type: disc;\">\n<li>Sans gluten<\/li>\n<li>Riche en prot\u00e9ines<\/li>\n<li>Faible teneur en glucides<\/li>\n<\/ul>\n<p>&nbsp;<\/p>\n<\/div>\n<\/div>\n<\/div>\n<p>1 sachet contenu 500 g <strong>CHF 8.20<\/strong><\/p>\n<p>en vrac 10 g <strong>CHF 0.15<\/strong><\/p>\n<p>&nbsp;<\/p>\n<p>&nbsp;<\/p>\n<p>&nbsp;<\/p>\n<p>&nbsp;<\/p>\n<p>La farine de chanvre est naturellement riche en prot\u00e9ines, ce qui en fait un excellent choix pour les personnes v\u00e9g\u00e9tariennes ou v\u00e9g\u00e9taliennes \u00e0 la recherche d\u2019une source v\u00e9g\u00e9tale de prot\u00e9ines compl\u00e8tes. Elle contient \u00e9galement tous les acides amin\u00e9s essentiels, qui sont n\u00e9cessaires au bon fonctionnement de notre corps.<\/p>\n<p>En plus de sa teneur \u00e9lev\u00e9e en prot\u00e9ines, la farine de chanvre est \u00e9galement une excellente source de fibres alimentaires. Les fibres contribuent \u00e0 une digestion saine, aident \u00e0 r\u00e9guler la glyc\u00e9mie et favorisent la sensation de sati\u00e9t\u00e9, ce qui peut \u00eatre b\u00e9n\u00e9fique pour le contr\u00f4le du poids.<\/p>\n<p>En raison de ses propri\u00e9t\u00e9s nutritionnelles exceptionnelles, la farine de chanvre peut \u00eatre utilis\u00e9e dans une vari\u00e9t\u00e9 de recettes, y compris les pains, les p\u00e2tisseries, les smoothies et les sauces. Elle ajoute une saveur l\u00e9g\u00e8rement noisette aux plats tout en apportant une valeur nutritive suppl\u00e9mentaire.<\/p>\n<p>&nbsp;<\/p>\n<h4><a href=\"https:\/\/bien-etreiris.ch\/de\/ratgeber-klarheit-beratung\/gesunder-lebensstil\/naehrstoffe\/lebensmittel\/superfoods\/hanf\/\" target=\"_blank\" rel=\"noopener\"><em><strong><span style=\"color: #99cc00;\">Vous voulez en savoir plus sur cette super plante ?<\/span><\/strong><\/em><\/a><\/h4>\n<p>&nbsp;<\/p>\n<h2>Id\u00e9es de recettes<\/h2>\n<h4><strong>Pain croustillant au chanvre<\/strong><\/h4>\n<h4>Pr\u00e9paration<\/h4>\n<ol>\n<li>Pr\u00e9chauffe ton four \u00e0 120\u00b0C \u00e0 chaleur tournante<\/li>\n<li>Fais tremper les graines de lin et de chia dans 400 ml d'eau pendant 10 \u00e0 15 minutes<\/li>\n<li>Hache les graines de tournesol et de courge dans le mixeur et m\u00e9lange-les avec les autres ingr\u00e9dients secs.<\/li>\n<li>Ajoute le m\u00e9lange lin-chia aux ingr\u00e9dients secs avec le reste de l'eau et p\u00e9tris le tout jusqu'\u00e0 obtenir une p\u00e2te ferme.<\/li>\n<li>Etale la p\u00e2te sur deux plaques \u00e0 p\u00e2tisserie recouvertes de papier sulfuris\u00e9 et d\u00e9coupe-la en rectangles.<\/li>\n<li>Place une plaque de cuisson sur le rail sup\u00e9rieur et une autre sur le rail inf\u00e9rieur de ton four et fais cuire le pain croustillant au chanvre pendant 40 minutes.<\/li>\n<li>Retire ensuite les plaques du four, retourne les plaques de pain croustillant et remets les plaques dans le four. Remplace les rails et termine la cuisson du pain croustillant pendant 40 minutes suppl\u00e9mentaires.<br \/>\nSi la p\u00e2te n'a pas compl\u00e8tement durci apr\u00e8s ce temps, faites cuire le pain croustillant pendant 15 minutes suppl\u00e9mentaires \u00e0 140\u00b0C.<\/li>\n<\/ol>\n<p>&nbsp;<\/p>\n<h4>Ingr\u00e9dients<\/h4>\n<ul style=\"list-style-type: disc;\">\n<li>100 g de graines de lin<\/li>\n<li>35 g de graines de chia<\/li>\n<li>environ 700 ml d'eau<\/li>\n<li>150 g de graines de tournesol<\/li>\n<li>150 g de graines de courge<\/li>\n<li>200 g de farine de teff<\/li>\n<li>50 g de farine de chanvre<\/li>\n<li>2 cc de gingembre en poudre<\/li>\n<li>1\/2 cc de cardamome<\/li>\n<li>1 capsule de curcuma<\/li>\n<li>1 cc de sel<\/li>\n<\/ul>\n","protected":false},"excerpt":{"rendered":"<p>La farine de chanvre Naturellement sans gluten, la farine de chanvre est un ingr\u00e9dient polyvalent et nutritif qui pr\u00e9sente de nombreux bienfaits pour la sant\u00e9. Obtenu \u00e0 partir des graines de chanvre moulues, ce superaliment regorge de nutriments essentiels et peut \u00eatre utilis\u00e9 dans une vari\u00e9t\u00e9 de recettes. &nbsp; &nbsp; &nbsp; &nbsp; Flow &nbsp; Chanvre provenant des cultures locales Sans&nbsp;<a href=\"https:\/\/bien-etreiris.ch\/de\/produktpraesentation\/gesundes-leben\/gesunde-lebensmittel\/intoleranz\/ohne-gluten\/farines\/farine-de-chanvre\/\" class=\"read-more\">Weiter lesen<\/a><\/p>\n","protected":false},"author":1,"featured_media":75250,"parent":86900,"menu_order":2955,"comment_status":"closed","ping_status":"closed","template":"page-with-child.php","meta":{"_acf_changed":false,"ngg_post_thumbnail":0,"footnotes":""},"class_list":["post-75254","page","type-page","status-publish","has-post-thumbnail","hentry"],"acf":[],"yoast_head":"<!-- This site is optimized with the Yoast SEO plugin v27.4 - https:\/\/yoast.com\/product\/yoast-seo-wordpress\/ -->\n<title>CHANVRE - WOHLBEFINDEN<\/title>\n<meta name=\"robots\" content=\"index, follow, max-snippet:-1, max-image-preview:large, max-video-preview:-1\" \/>\n<link rel=\"canonical\" href=\"https:\/\/bien-etreiris.ch\/de\/produktpraesentation\/gesundes-leben\/gesunde-lebensmittel\/intoleranz\/ohne-gluten\/farines\/farine-de-chanvre\/\" \/>\n<meta property=\"og:locale\" content=\"de_DE\" \/>\n<meta property=\"og:type\" content=\"article\" \/>\n<meta property=\"og:title\" content=\"CHANVRE - WOHLBEFINDEN\" \/>\n<meta property=\"og:description\" content=\"La farine de chanvre Naturellement sans gluten, la farine de chanvre est un ingr\u00e9dient polyvalent et nutritif qui pr\u00e9sente de nombreux bienfaits pour la sant\u00e9. Obtenu \u00e0 partir des graines de chanvre moulues, ce superaliment regorge de nutriments essentiels et peut \u00eatre utilis\u00e9 dans une vari\u00e9t\u00e9 de recettes. &nbsp; &nbsp; &nbsp; &nbsp; Flow &nbsp; Chanvre provenant des cultures locales Sans&nbsp;Weiter lesen\" \/>\n<meta property=\"og:url\" content=\"https:\/\/bien-etreiris.ch\/de\/produktpraesentation\/gesundes-leben\/gesunde-lebensmittel\/intoleranz\/ohne-gluten\/farines\/farine-de-chanvre\/\" \/>\n<meta property=\"og:site_name\" content=\"WOHLBEFINDEN\" \/>\n<meta property=\"article:publisher\" content=\"https:\/\/www.facebook.com\/bienetreiris\/\" \/>\n<meta property=\"article:modified_time\" content=\"2026-02-11T07:07:04+00:00\" \/>\n<meta property=\"og:image\" content=\"https:\/\/bien-etreiris.ch\/wp-content\/uploads\/2023\/09\/Farine-de-Chanvre.jpg\" \/>\n\t<meta property=\"og:image:width\" content=\"500\" \/>\n\t<meta property=\"og:image:height\" content=\"333\" \/>\n\t<meta property=\"og:image:type\" content=\"image\/jpeg\" \/>\n<meta name=\"twitter:label1\" content=\"Gesch\u00e4tzte Lesezeit\" \/>\n\t<meta name=\"twitter:data1\" content=\"4\u00a0Minuten\" \/>\n<script type=\"application\/ld+json\" class=\"yoast-schema-graph\">{\"@context\":\"https:\\\/\\\/schema.org\",\"@graph\":[{\"@type\":\"WebPage\",\"@id\":\"https:\\\/\\\/bien-etreiris.ch\\\/de\\\/produktpraesentation\\\/gesundes-leben\\\/gesunde-lebensmittel\\\/intoleranz\\\/ohne-gluten\\\/farines\\\/farine-de-chanvre\\\/\",\"url\":\"https:\\\/\\\/bien-etreiris.ch\\\/de\\\/produktpraesentation\\\/gesundes-leben\\\/gesunde-lebensmittel\\\/intoleranz\\\/ohne-gluten\\\/farines\\\/farine-de-chanvre\\\/\",\"name\":\"CHANVRE - WOHLBEFINDEN\",\"isPartOf\":{\"@id\":\"https:\\\/\\\/bien-etreiris.ch\\\/de\\\/#website\"},\"primaryImageOfPage\":{\"@id\":\"https:\\\/\\\/bien-etreiris.ch\\\/de\\\/produktpraesentation\\\/gesundes-leben\\\/gesunde-lebensmittel\\\/intoleranz\\\/ohne-gluten\\\/farines\\\/farine-de-chanvre\\\/#primaryimage\"},\"image\":{\"@id\":\"https:\\\/\\\/bien-etreiris.ch\\\/de\\\/produktpraesentation\\\/gesundes-leben\\\/gesunde-lebensmittel\\\/intoleranz\\\/ohne-gluten\\\/farines\\\/farine-de-chanvre\\\/#primaryimage\"},\"thumbnailUrl\":\"https:\\\/\\\/bien-etreiris.ch\\\/wp-content\\\/uploads\\\/2023\\\/09\\\/Farine-de-Chanvre.jpg\",\"datePublished\":\"2023-09-15T21:10:09+00:00\",\"dateModified\":\"2026-02-11T07:07:04+00:00\",\"breadcrumb\":{\"@id\":\"https:\\\/\\\/bien-etreiris.ch\\\/de\\\/produktpraesentation\\\/gesundes-leben\\\/gesunde-lebensmittel\\\/intoleranz\\\/ohne-gluten\\\/farines\\\/farine-de-chanvre\\\/#breadcrumb\"},\"inLanguage\":\"de\",\"potentialAction\":[{\"@type\":\"ReadAction\",\"target\":[\"https:\\\/\\\/bien-etreiris.ch\\\/de\\\/produktpraesentation\\\/gesundes-leben\\\/gesunde-lebensmittel\\\/intoleranz\\\/ohne-gluten\\\/farines\\\/farine-de-chanvre\\\/\"]}]},{\"@type\":\"ImageObject\",\"inLanguage\":\"de\",\"@id\":\"https:\\\/\\\/bien-etreiris.ch\\\/de\\\/produktpraesentation\\\/gesundes-leben\\\/gesunde-lebensmittel\\\/intoleranz\\\/ohne-gluten\\\/farines\\\/farine-de-chanvre\\\/#primaryimage\",\"url\":\"https:\\\/\\\/bien-etreiris.ch\\\/wp-content\\\/uploads\\\/2023\\\/09\\\/Farine-de-Chanvre.jpg\",\"contentUrl\":\"https:\\\/\\\/bien-etreiris.ch\\\/wp-content\\\/uploads\\\/2023\\\/09\\\/Farine-de-Chanvre.jpg\",\"width\":500,\"height\":333},{\"@type\":\"BreadcrumbList\",\"@id\":\"https:\\\/\\\/bien-etreiris.ch\\\/de\\\/produktpraesentation\\\/gesundes-leben\\\/gesunde-lebensmittel\\\/intoleranz\\\/ohne-gluten\\\/farines\\\/farine-de-chanvre\\\/#breadcrumb\",\"itemListElement\":[{\"@type\":\"ListItem\",\"position\":1,\"name\":\"Home\",\"item\":\"https:\\\/\\\/bien-etreiris.ch\\\/de\\\/\"},{\"@type\":\"ListItem\",\"position\":2,\"name\":\"PRODUKTPR\u00c4SENTATION\",\"item\":\"https:\\\/\\\/bien-etreiris.ch\\\/de\\\/produktpraesentation\\\/\"},{\"@type\":\"ListItem\",\"position\":3,\"name\":\"GESUNDES LEBEN\",\"item\":\"https:\\\/\\\/bien-etreiris.ch\\\/de\\\/produktpraesentation\\\/gesundes-leben\\\/\"},{\"@type\":\"ListItem\",\"position\":4,\"name\":\"GESUNDE LEBENSMITTEL\",\"item\":\"https:\\\/\\\/bien-etreiris.ch\\\/de\\\/produktpraesentation\\\/gesundes-leben\\\/gesunde-lebensmittel\\\/\"},{\"@type\":\"ListItem\",\"position\":5,\"name\":\"INTOLERANZ\",\"item\":\"https:\\\/\\\/bien-etreiris.ch\\\/de\\\/produktpraesentation\\\/gesundes-leben\\\/gesunde-lebensmittel\\\/intoleranz\\\/\"},{\"@type\":\"ListItem\",\"position\":6,\"name\":\"OHNE GLUTEN\",\"item\":\"https:\\\/\\\/bien-etreiris.ch\\\/de\\\/produktpraesentation\\\/gesundes-leben\\\/gesunde-lebensmittel\\\/intoleranz\\\/ohne-gluten\\\/\"},{\"@type\":\"ListItem\",\"position\":7,\"name\":\"FARINES\",\"item\":\"https:\\\/\\\/bien-etreiris.ch\\\/de\\\/produktpraesentation\\\/gesundes-leben\\\/gesunde-lebensmittel\\\/intoleranz\\\/ohne-gluten\\\/farines\\\/\"},{\"@type\":\"ListItem\",\"position\":8,\"name\":\"CHANVRE\"}]},{\"@type\":\"WebSite\",\"@id\":\"https:\\\/\\\/bien-etreiris.ch\\\/de\\\/#website\",\"url\":\"https:\\\/\\\/bien-etreiris.ch\\\/de\\\/\",\"name\":\"Bien-\u00eatre Iris\",\"description\":\"IHRE Gesundheit ist uns wichtig\",\"potentialAction\":[{\"@type\":\"SearchAction\",\"target\":{\"@type\":\"EntryPoint\",\"urlTemplate\":\"https:\\\/\\\/bien-etreiris.ch\\\/de\\\/?s={search_term_string}\"},\"query-input\":{\"@type\":\"PropertyValueSpecification\",\"valueRequired\":true,\"valueName\":\"search_term_string\"}}],\"inLanguage\":\"de\"}]}<\/script>\n<!-- \/ Yoast SEO plugin. -->","yoast_head_json":{"title":"CHANVRE - WOHLBEFINDEN","robots":{"index":"index","follow":"follow","max-snippet":"max-snippet:-1","max-image-preview":"max-image-preview:large","max-video-preview":"max-video-preview:-1"},"canonical":"https:\/\/bien-etreiris.ch\/de\/produktpraesentation\/gesundes-leben\/gesunde-lebensmittel\/intoleranz\/ohne-gluten\/farines\/farine-de-chanvre\/","og_locale":"de_DE","og_type":"article","og_title":"CHANVRE - WOHLBEFINDEN","og_description":"La farine de chanvre Naturellement sans gluten, la farine de chanvre est un ingr\u00e9dient polyvalent et nutritif qui pr\u00e9sente de nombreux bienfaits pour la sant\u00e9. Obtenu \u00e0 partir des graines de chanvre moulues, ce superaliment regorge de nutriments essentiels et peut \u00eatre utilis\u00e9 dans une vari\u00e9t\u00e9 de recettes. &nbsp; &nbsp; &nbsp; &nbsp; Flow &nbsp; Chanvre provenant des cultures locales Sans&nbsp;Weiter lesen","og_url":"https:\/\/bien-etreiris.ch\/de\/produktpraesentation\/gesundes-leben\/gesunde-lebensmittel\/intoleranz\/ohne-gluten\/farines\/farine-de-chanvre\/","og_site_name":"WOHLBEFINDEN","article_publisher":"https:\/\/www.facebook.com\/bienetreiris\/","article_modified_time":"2026-02-11T07:07:04+00:00","og_image":[{"width":500,"height":333,"url":"https:\/\/bien-etreiris.ch\/wp-content\/uploads\/2023\/09\/Farine-de-Chanvre.jpg","type":"image\/jpeg"}],"twitter_misc":{"Gesch\u00e4tzte Lesezeit":"4\u00a0Minuten"},"schema":{"@context":"https:\/\/schema.org","@graph":[{"@type":"WebPage","@id":"https:\/\/bien-etreiris.ch\/de\/produktpraesentation\/gesundes-leben\/gesunde-lebensmittel\/intoleranz\/ohne-gluten\/farines\/farine-de-chanvre\/","url":"https:\/\/bien-etreiris.ch\/de\/produktpraesentation\/gesundes-leben\/gesunde-lebensmittel\/intoleranz\/ohne-gluten\/farines\/farine-de-chanvre\/","name":"CHANVRE - WOHLBEFINDEN","isPartOf":{"@id":"https:\/\/bien-etreiris.ch\/de\/#website"},"primaryImageOfPage":{"@id":"https:\/\/bien-etreiris.ch\/de\/produktpraesentation\/gesundes-leben\/gesunde-lebensmittel\/intoleranz\/ohne-gluten\/farines\/farine-de-chanvre\/#primaryimage"},"image":{"@id":"https:\/\/bien-etreiris.ch\/de\/produktpraesentation\/gesundes-leben\/gesunde-lebensmittel\/intoleranz\/ohne-gluten\/farines\/farine-de-chanvre\/#primaryimage"},"thumbnailUrl":"https:\/\/bien-etreiris.ch\/wp-content\/uploads\/2023\/09\/Farine-de-Chanvre.jpg","datePublished":"2023-09-15T21:10:09+00:00","dateModified":"2026-02-11T07:07:04+00:00","breadcrumb":{"@id":"https:\/\/bien-etreiris.ch\/de\/produktpraesentation\/gesundes-leben\/gesunde-lebensmittel\/intoleranz\/ohne-gluten\/farines\/farine-de-chanvre\/#breadcrumb"},"inLanguage":"de","potentialAction":[{"@type":"ReadAction","target":["https:\/\/bien-etreiris.ch\/de\/produktpraesentation\/gesundes-leben\/gesunde-lebensmittel\/intoleranz\/ohne-gluten\/farines\/farine-de-chanvre\/"]}]},{"@type":"ImageObject","inLanguage":"de","@id":"https:\/\/bien-etreiris.ch\/de\/produktpraesentation\/gesundes-leben\/gesunde-lebensmittel\/intoleranz\/ohne-gluten\/farines\/farine-de-chanvre\/#primaryimage","url":"https:\/\/bien-etreiris.ch\/wp-content\/uploads\/2023\/09\/Farine-de-Chanvre.jpg","contentUrl":"https:\/\/bien-etreiris.ch\/wp-content\/uploads\/2023\/09\/Farine-de-Chanvre.jpg","width":500,"height":333},{"@type":"BreadcrumbList","@id":"https:\/\/bien-etreiris.ch\/de\/produktpraesentation\/gesundes-leben\/gesunde-lebensmittel\/intoleranz\/ohne-gluten\/farines\/farine-de-chanvre\/#breadcrumb","itemListElement":[{"@type":"ListItem","position":1,"name":"Home","item":"https:\/\/bien-etreiris.ch\/de\/"},{"@type":"ListItem","position":2,"name":"PRODUKTPR\u00c4SENTATION","item":"https:\/\/bien-etreiris.ch\/de\/produktpraesentation\/"},{"@type":"ListItem","position":3,"name":"GESUNDES LEBEN","item":"https:\/\/bien-etreiris.ch\/de\/produktpraesentation\/gesundes-leben\/"},{"@type":"ListItem","position":4,"name":"GESUNDE LEBENSMITTEL","item":"https:\/\/bien-etreiris.ch\/de\/produktpraesentation\/gesundes-leben\/gesunde-lebensmittel\/"},{"@type":"ListItem","position":5,"name":"INTOLERANZ","item":"https:\/\/bien-etreiris.ch\/de\/produktpraesentation\/gesundes-leben\/gesunde-lebensmittel\/intoleranz\/"},{"@type":"ListItem","position":6,"name":"OHNE GLUTEN","item":"https:\/\/bien-etreiris.ch\/de\/produktpraesentation\/gesundes-leben\/gesunde-lebensmittel\/intoleranz\/ohne-gluten\/"},{"@type":"ListItem","position":7,"name":"FARINES","item":"https:\/\/bien-etreiris.ch\/de\/produktpraesentation\/gesundes-leben\/gesunde-lebensmittel\/intoleranz\/ohne-gluten\/farines\/"},{"@type":"ListItem","position":8,"name":"CHANVRE"}]},{"@type":"WebSite","@id":"https:\/\/bien-etreiris.ch\/de\/#website","url":"https:\/\/bien-etreiris.ch\/de\/","name":"Bien-\u00eatre Iris","description":"IHRE Gesundheit ist uns wichtig","potentialAction":[{"@type":"SearchAction","target":{"@type":"EntryPoint","urlTemplate":"https:\/\/bien-etreiris.ch\/de\/?s={search_term_string}"},"query-input":{"@type":"PropertyValueSpecification","valueRequired":true,"valueName":"search_term_string"}}],"inLanguage":"de"}]}},"_links":{"self":[{"href":"https:\/\/bien-etreiris.ch\/de\/wp-json\/wp\/v2\/pages\/75254","targetHints":{"allow":["GET"]}}],"collection":[{"href":"https:\/\/bien-etreiris.ch\/de\/wp-json\/wp\/v2\/pages"}],"about":[{"href":"https:\/\/bien-etreiris.ch\/de\/wp-json\/wp\/v2\/types\/page"}],"author":[{"embeddable":true,"href":"https:\/\/bien-etreiris.ch\/de\/wp-json\/wp\/v2\/users\/1"}],"replies":[{"embeddable":true,"href":"https:\/\/bien-etreiris.ch\/de\/wp-json\/wp\/v2\/comments?post=75254"}],"version-history":[{"count":5,"href":"https:\/\/bien-etreiris.ch\/de\/wp-json\/wp\/v2\/pages\/75254\/revisions"}],"predecessor-version":[{"id":86943,"href":"https:\/\/bien-etreiris.ch\/de\/wp-json\/wp\/v2\/pages\/75254\/revisions\/86943"}],"up":[{"embeddable":true,"href":"https:\/\/bien-etreiris.ch\/de\/wp-json\/wp\/v2\/pages\/86900"}],"wp:featuredmedia":[{"embeddable":true,"href":"https:\/\/bien-etreiris.ch\/de\/wp-json\/wp\/v2\/media\/75250"}],"wp:attachment":[{"href":"https:\/\/bien-etreiris.ch\/de\/wp-json\/wp\/v2\/media?parent=75254"}],"curies":[{"name":"wp","href":"https:\/\/api.w.org\/{rel}","templated":true}]}}