{"id":75143,"date":"2023-09-13T01:41:01","date_gmt":"2023-09-12T23:41:01","guid":{"rendered":"https:\/\/bien-etreiris.ch\/produktpraesentation\/natuerliche-heilmittel\/saeure-basen-haushalt\/alkawear-funktionswaesche\/manteau-lingerie-fonctionnelle\/"},"modified":"2023-09-13T02:03:36","modified_gmt":"2023-09-13T00:03:36","slug":"manteau-du-lingerie-fonctionnelle","status":"publish","type":"page","link":"https:\/\/bien-etreiris.ch\/de\/produktpraesentation\/natuerliche-heilmittel\/saeure-basen-haushalt\/alkawear-funktionswaesche\/manteau-du-lingerie-fonctionnelle\/","title":{"rendered":"MANTEAU"},"content":{"rendered":"<h2 class=\"hyphenate\">Manteau <span class=\"subheadline\">du <\/span>lingerie fonctionnelle <span class=\"subheadline\">AlkaWear<\/span><\/h2>\n<p><a href=\"https:\/\/bien-etreiris.ch\/de\/produktpraesentation\/natuerliche-heilmittel\/saeure-basen-haushalt\/alkawear-funktionswaesche\/manteau-du-lingerie-fonctionnelle\/emballage-manteau-2\/\" rel=\"attachment wp-att-75134\"><img loading=\"lazy\" decoding=\"async\" class=\"wp-image-75134 alignleft\" src=\"https:\/\/bien-etreiris.ch\/wp-content\/uploads\/2023\/09\/emballage-manteau.jpg\" alt=\"\" width=\"474\" height=\"308\" srcset=\"https:\/\/bien-etreiris.ch\/wp-content\/uploads\/2023\/09\/emballage-manteau.jpg 640w, https:\/\/bien-etreiris.ch\/wp-content\/uploads\/2023\/09\/emballage-manteau-300x195.jpg 300w\" sizes=\"auto, (max-width: 474px) 100vw, 474px\" \/><\/a><\/p>\n<p>&nbsp;<\/p>\n<p>&nbsp;<\/p>\n<p>&nbsp;<\/p>\n<ul class=\"list-with-checkmark\">\n<li>Comportant une chemise int\u00e9rieure et un manteau ext\u00e9rieur &nbsp;&nbsp; &nbsp;<\/li>\n<li>Un flacon pulv\u00e9risateur est compris dans le lot.&nbsp; &nbsp; &nbsp;<\/li>\n<li>Fabrication dans notre propre unit\u00e9 de production&nbsp;&nbsp; &nbsp;<\/li>\n<li>Respect des ressources en eau et \u00e9nergie&nbsp;<\/li>\n<li>Utilisable o\u00f9 que vous soyez : chez soi ou en voyage&nbsp;<\/li>\n<\/ul>\n<p>1 pi\u00e8ce <strong>CHF<\/strong><\/p>\n<p>&nbsp;<\/p>\n<p>&nbsp;<\/p>\n<p>&nbsp;<\/p>\n<p>La gaze tr\u00e8s absorbante et agr\u00e9ablement fra\u00eeche de la manteau assure un sommeil d\u00e9tendu. En particulier lorsque la \"transpiration\" se fait sentir, la gaze l\u00e9g\u00e8re de la chemise int\u00e9rieure r\u00e9sorbe parfaitement la sueur et le manteau ext\u00e9rieur pr\u00e9serve du refroidissement.<\/p>\n<p>&nbsp;<\/p>\n<p>&nbsp;<\/p>\n<h2>Composition<\/h2>\n<p><a href=\"https:\/\/bien-etreiris.ch\/de\/produktpraesentation\/natuerliche-heilmittel\/saeure-basen-haushalt\/alkawear-funktionswaesche\/coussins-alcalins-pour-les-aisselles\/oeko-test-2\/\" rel=\"attachment wp-att-74958\"><img loading=\"lazy\" decoding=\"async\" class=\"wp-image-74958 alignleft\" src=\"https:\/\/bien-etreiris.ch\/wp-content\/uploads\/2023\/09\/Oeko-test.jpg\" alt=\"\" width=\"272\" height=\"142\" srcset=\"https:\/\/bien-etreiris.ch\/wp-content\/uploads\/2023\/09\/Oeko-test.jpg 445w, https:\/\/bien-etreiris.ch\/wp-content\/uploads\/2023\/09\/Oeko-test-300x156.jpg 300w\" sizes=\"auto, (max-width: 272px) 100vw, 272px\" \/><\/a><a href=\"https:\/\/bien-etreiris.ch\/de\/produktpraesentation\/natuerliche-heilmittel\/saeure-basen-haushalt\/alkawear-funktionswaesche\/coussins-alcalins-pour-les-aisselles\/hand-made-2\/\" rel=\"attachment wp-att-74961\"><img loading=\"lazy\" decoding=\"async\" class=\"wp-image-74961 alignleft\" src=\"https:\/\/bien-etreiris.ch\/wp-content\/uploads\/2023\/09\/Hand-made.jpg\" alt=\"\" width=\"198\" height=\"145\" srcset=\"https:\/\/bien-etreiris.ch\/wp-content\/uploads\/2023\/09\/Hand-made.jpg 311w, https:\/\/bien-etreiris.ch\/wp-content\/uploads\/2023\/09\/Hand-made-300x220.jpg 300w\" sizes=\"auto, (max-width: 198px) 100vw, 198px\" \/><\/a><\/p>\n<p>&nbsp;<\/p>\n<p>&nbsp;<\/p>\n<p>100 % gaze de coton<\/p>\n<p>&nbsp;<\/p>\n<p>&nbsp;<\/p>\n<p>&nbsp;<\/p>\n<h2 class=\"section-with-image-headline word-wrap subheadline\">Comment d\u00e9terminer la taille<\/h2>\n<p><a href=\"https:\/\/bien-etreiris.ch\/presentations-des-produits\/remedes-naturels\/equilibre-acido-basique\/alka-wear\/manteau-lingerie-fonctionnelle\/mesures-manteau\/\" rel=\"attachment wp-att-75152\"><img loading=\"lazy\" decoding=\"async\" class=\"wp-image-75152 alignleft\" src=\"https:\/\/bien-etreiris.ch\/wp-content\/uploads\/2023\/09\/Mesures-manteau.jpg\" alt=\"\" width=\"219\" height=\"467\" srcset=\"https:\/\/bien-etreiris.ch\/wp-content\/uploads\/2023\/09\/Mesures-manteau.jpg 300w, https:\/\/bien-etreiris.ch\/wp-content\/uploads\/2023\/09\/Mesures-manteau-141x300.jpg 141w\" sizes=\"auto, (max-width: 219px) 100vw, 219px\" \/><\/a><\/p>\n<div class=\"text\">\n<div>\n<h2>&nbsp;<\/h2>\n<h2>&nbsp;<\/h2>\n<h2>&nbsp;<\/h2>\n<h2 class=\"section-with-image-headline word-wrap subheadline\">&nbsp;<\/h2>\n<p>Pour d\u00e9terminer la bonne taille, se munir d\u2019un m\u00e8tre ruban et mesurer son tour de ventre et son tour de hanches en choisissant alors la plus grande dimension. La plus grande dimension d\u00e9termine la taille dont vous avez besoin pour le manteau alcalin.<\/p>\n<ul>\n<li>Taille 1: pour un tour de ventre de 80 \u2013 100 cm<\/li>\n<li>Taille 2: pour un tour de ventre de 101 \u2013 110 cm<\/li>\n<li>Taille 3: pour un tour de ventre de 111 \u2013 125 cm<\/li>\n<li>Taille 4: pour un tour de ventre de 126 \u2013 155 cm<\/li>\n<\/ul>\n<p>&nbsp;<\/p>\n<p>La chemise int\u00e9rieure et le manteau ext\u00e9rieur peuvent \u00eatre command\u00e9s s\u00e9par\u00e9ment.<\/p>\n<\/div>\n<\/div>\n<p>&nbsp;<\/p>\n<p>&nbsp;<\/p>\n<p>&nbsp;<\/p>\n<p>&nbsp;<\/p>\n<p>&nbsp;<\/p>\n<h2 class=\"section-with-image-headline word-wrap \">Application pour le Manteau <span class=\"subheadline\">du <\/span>lingerie fonctionnelle <span class=\"subheadline\">AlkaWear<\/span><\/h2>\n<p>&nbsp;<\/p>\n<p><a href=\"https:\/\/bien-etreiris.ch\/presentations-des-produits\/remedes-naturels\/equilibre-acido-basique\/alka-wear\/manteau-lingerie-fonctionnelle\/manteau\/\" rel=\"attachment wp-att-75161\"><img loading=\"lazy\" decoding=\"async\" class=\"wp-image-75161 alignleft\" src=\"https:\/\/bien-etreiris.ch\/wp-content\/uploads\/2023\/09\/Manteau.jpg\" alt=\"\" width=\"295\" height=\"512\" srcset=\"https:\/\/bien-etreiris.ch\/wp-content\/uploads\/2023\/09\/Manteau.jpg 369w, https:\/\/bien-etreiris.ch\/wp-content\/uploads\/2023\/09\/Manteau-173x300.jpg 173w\" sizes=\"auto, (max-width: 295px) 100vw, 295px\" \/><\/a><\/p>\n<p>&nbsp;<\/p>\n<div class=\"text\">\n<div>\n<h2 class=\"section-with-image-headline word-wrap \">&nbsp;<\/h2>\n<h2 class=\"section-with-image-headline word-wrap \"><span class=\"subheadline\">&nbsp;<\/span><\/h2>\n<ol>\n<li>Faire dissoudre une cuill\u00e8re \u00e0 caf\u00e9 d\u2019<a href=\"https:\/\/bien-etreiris.ch\/de\/produktpraesentation\/natuerliche-heilmittel\/saeure-basen-haushalt\/meine-base\/\" target=\"_blank\" rel=\"noopener\"><em><strong><span style=\"color: #ff9900;\">AlcaBain<\/span><\/strong><\/em><\/a>dans env. un demi-litre d\u2019eau chaude. Versez la solution dans un flacon pulv\u00e9risateur.<\/li>\n<li>Vaporiser la chemise int\u00e9rieure \u00e0 l\u2019aide du flacon pulv\u00e9risateur et l\u2019enfiler. Si vous d\u00e9sirez porter la chemise int\u00e9rieure bien plus humide, trempez-le enti\u00e8rement dans la solution.<\/li>\n<li>Essorer ensuite la chemise int\u00e9rieure pour qu\u2019il ne goutte plus.<\/li>\n<li>Mettre alors la chemise int\u00e9rieure humide, enfiler le manteau ext\u00e9rieur par-dessus. Bien couvert, ou \u00e9ventuellement avec une source de chaleur suppl\u00e9mentaire*, le manteau alcalin peut \u00eatre port\u00e9 toute la nuit ou seulement quelques heures.<\/li>\n<\/ol>\n<p><em>(*) Comme source de chaleur, il est possible d\u2019utiliser, selon l\u2019envie, une bouillotte, un coussin chauff\u00e9 de boue, d\u2019\u00e9peautre ou de noyaux de cerise. <\/em><\/p>\n<p>Pour les personnes qui trouvent le manteau Alka Wear humide trop froid ou qui cherchent plut\u00f4t une sorte de \u00ab chemise \u00e0 transpiration \u00bb, le manteau peut aussi \u00eatre port\u00e9 sec. Pour ce faire, pr\u00e9parer tout d\u2019abord la chemise int\u00e9rieure Alka Wear comme d\u00e9crit ci-dessus. Apr\u00e8s l\u2019avoir bien essor\u00e9 \u00e0 la main, le laisser s\u00e9cher. La chemise int\u00e9rieure Alka Wear ainsi que le manteau ext\u00e9rieur non pr\u00e9par\u00e9 peuvent \u00eatre alors port\u00e9s toute la nuit.<\/p>\n<\/div>\n<\/div>\n<p>&nbsp;<\/p>\n<p>&nbsp;<\/p>\n<p>&nbsp;<\/p>\n<section class=\"container themenwelt-one-column\">\n<h2 class=\"word-wrap \">Instruction de lavage<\/h2>\n<p>Laver la chemise et le manteau alka wear en machine, temp\u00e9rature maximale 60 \u00b0C, avec une lessive pour couleurs. Une fois lav\u00e9s, \u00e9tirer la chemise int\u00e9rieure et le manteau ext\u00e9rieur pour qu\u2019ils retrouvent leur forme initiale. Si n\u00e9cessaire, les repasser en r\u00e9glant le thermostat sur temp\u00e9rature coton. Ils peuvent \u00e9galement \u00eatre mis au s\u00e8che-linge \u00e0 basse temp\u00e9rature.<\/p>\n<p><strong>Remarque <\/strong>: Les textiles AlkaWear d\u00e9j\u00e0 port\u00e9s ne seront ni repris ni \u00e9chang\u00e9s.<\/p>\n<\/section>\n","protected":false},"excerpt":{"rendered":"<p>Manteau du lingerie fonctionnelle AlkaWear &nbsp; &nbsp; &nbsp; Comportant une chemise int\u00e9rieure et un manteau ext\u00e9rieur &nbsp;&nbsp; &nbsp; Un flacon pulv\u00e9risateur est compris dans le lot.&nbsp; &nbsp; &nbsp; Fabrication dans notre propre unit\u00e9 de production&nbsp;&nbsp; &nbsp; Respect des ressources en eau et \u00e9nergie&nbsp; Utilisable o\u00f9 que vous soyez : chez soi ou en voyage&nbsp; 1 pi\u00e8ce CHF &nbsp; &nbsp; &nbsp;&nbsp;<a href=\"https:\/\/bien-etreiris.ch\/de\/produktpraesentation\/natuerliche-heilmittel\/saeure-basen-haushalt\/alkawear-funktionswaesche\/manteau-du-lingerie-fonctionnelle\/\" class=\"read-more\">Weiter lesen<\/a><\/p>\n","protected":false},"author":1,"featured_media":75139,"parent":20368,"menu_order":2972,"comment_status":"closed","ping_status":"closed","template":"page-with-child.php","meta":{"_acf_changed":false,"ngg_post_thumbnail":0,"footnotes":""},"class_list":["post-75143","page","type-page","status-publish","has-post-thumbnail","hentry"],"acf":[],"yoast_head":"<!-- This site is optimized with the Yoast SEO plugin v27.5 - https:\/\/yoast.com\/product\/yoast-seo-wordpress\/ -->\n<title>MANTEAU - WOHLBEFINDEN<\/title>\n<meta name=\"robots\" content=\"index, follow, max-snippet:-1, max-image-preview:large, max-video-preview:-1\" \/>\n<link rel=\"canonical\" href=\"https:\/\/bien-etreiris.ch\/de\/produktpraesentation\/natuerliche-heilmittel\/saeure-basen-haushalt\/alkawear-funktionswaesche\/manteau-du-lingerie-fonctionnelle\/\" \/>\n<meta property=\"og:locale\" content=\"de_DE\" \/>\n<meta property=\"og:type\" content=\"article\" \/>\n<meta property=\"og:title\" content=\"MANTEAU - WOHLBEFINDEN\" \/>\n<meta property=\"og:description\" content=\"Manteau du lingerie fonctionnelle AlkaWear &nbsp; &nbsp; &nbsp; Comportant une chemise int\u00e9rieure et un manteau ext\u00e9rieur &nbsp;&nbsp; &nbsp; Un flacon pulv\u00e9risateur est compris dans le lot.&nbsp; &nbsp; &nbsp; Fabrication dans notre propre unit\u00e9 de production&nbsp;&nbsp; &nbsp; Respect des ressources en eau et \u00e9nergie&nbsp; Utilisable o\u00f9 que vous soyez : chez soi ou en voyage&nbsp; 1 pi\u00e8ce CHF &nbsp; &nbsp; &nbsp;&nbsp;Weiter lesen\" \/>\n<meta property=\"og:url\" content=\"https:\/\/bien-etreiris.ch\/de\/produktpraesentation\/natuerliche-heilmittel\/saeure-basen-haushalt\/alkawear-funktionswaesche\/manteau-du-lingerie-fonctionnelle\/\" \/>\n<meta property=\"og:site_name\" content=\"WOHLBEFINDEN\" \/>\n<meta property=\"article:publisher\" content=\"https:\/\/www.facebook.com\/bienetreiris\/\" \/>\n<meta property=\"article:modified_time\" content=\"2023-09-13T00:03:36+00:00\" \/>\n<meta property=\"og:image\" content=\"https:\/\/bien-etreiris.ch\/wp-content\/uploads\/2023\/09\/acceuil-manteau.jpg\" \/>\n\t<meta property=\"og:image:width\" content=\"500\" \/>\n\t<meta property=\"og:image:height\" content=\"333\" \/>\n\t<meta property=\"og:image:type\" content=\"image\/jpeg\" \/>\n<meta name=\"twitter:label1\" content=\"Gesch\u00e4tzte Lesezeit\" \/>\n\t<meta name=\"twitter:data1\" content=\"4\u00a0Minuten\" \/>\n<script type=\"application\/ld+json\" class=\"yoast-schema-graph\">{\"@context\":\"https:\\\/\\\/schema.org\",\"@graph\":[{\"@type\":\"WebPage\",\"@id\":\"https:\\\/\\\/bien-etreiris.ch\\\/de\\\/produktpraesentation\\\/natuerliche-heilmittel\\\/saeure-basen-haushalt\\\/alkawear-funktionswaesche\\\/manteau-du-lingerie-fonctionnelle\\\/\",\"url\":\"https:\\\/\\\/bien-etreiris.ch\\\/de\\\/produktpraesentation\\\/natuerliche-heilmittel\\\/saeure-basen-haushalt\\\/alkawear-funktionswaesche\\\/manteau-du-lingerie-fonctionnelle\\\/\",\"name\":\"MANTEAU - WOHLBEFINDEN\",\"isPartOf\":{\"@id\":\"https:\\\/\\\/bien-etreiris.ch\\\/de\\\/#website\"},\"primaryImageOfPage\":{\"@id\":\"https:\\\/\\\/bien-etreiris.ch\\\/de\\\/produktpraesentation\\\/natuerliche-heilmittel\\\/saeure-basen-haushalt\\\/alkawear-funktionswaesche\\\/manteau-du-lingerie-fonctionnelle\\\/#primaryimage\"},\"image\":{\"@id\":\"https:\\\/\\\/bien-etreiris.ch\\\/de\\\/produktpraesentation\\\/natuerliche-heilmittel\\\/saeure-basen-haushalt\\\/alkawear-funktionswaesche\\\/manteau-du-lingerie-fonctionnelle\\\/#primaryimage\"},\"thumbnailUrl\":\"https:\\\/\\\/bien-etreiris.ch\\\/wp-content\\\/uploads\\\/2023\\\/09\\\/acceuil-manteau.jpg\",\"datePublished\":\"2023-09-12T23:41:01+00:00\",\"dateModified\":\"2023-09-13T00:03:36+00:00\",\"breadcrumb\":{\"@id\":\"https:\\\/\\\/bien-etreiris.ch\\\/de\\\/produktpraesentation\\\/natuerliche-heilmittel\\\/saeure-basen-haushalt\\\/alkawear-funktionswaesche\\\/manteau-du-lingerie-fonctionnelle\\\/#breadcrumb\"},\"inLanguage\":\"de\",\"potentialAction\":[{\"@type\":\"ReadAction\",\"target\":[\"https:\\\/\\\/bien-etreiris.ch\\\/de\\\/produktpraesentation\\\/natuerliche-heilmittel\\\/saeure-basen-haushalt\\\/alkawear-funktionswaesche\\\/manteau-du-lingerie-fonctionnelle\\\/\"]}]},{\"@type\":\"ImageObject\",\"inLanguage\":\"de\",\"@id\":\"https:\\\/\\\/bien-etreiris.ch\\\/de\\\/produktpraesentation\\\/natuerliche-heilmittel\\\/saeure-basen-haushalt\\\/alkawear-funktionswaesche\\\/manteau-du-lingerie-fonctionnelle\\\/#primaryimage\",\"url\":\"https:\\\/\\\/bien-etreiris.ch\\\/wp-content\\\/uploads\\\/2023\\\/09\\\/acceuil-manteau.jpg\",\"contentUrl\":\"https:\\\/\\\/bien-etreiris.ch\\\/wp-content\\\/uploads\\\/2023\\\/09\\\/acceuil-manteau.jpg\",\"width\":500,\"height\":333},{\"@type\":\"BreadcrumbList\",\"@id\":\"https:\\\/\\\/bien-etreiris.ch\\\/de\\\/produktpraesentation\\\/natuerliche-heilmittel\\\/saeure-basen-haushalt\\\/alkawear-funktionswaesche\\\/manteau-du-lingerie-fonctionnelle\\\/#breadcrumb\",\"itemListElement\":[{\"@type\":\"ListItem\",\"position\":1,\"name\":\"Home\",\"item\":\"https:\\\/\\\/bien-etreiris.ch\\\/de\\\/\"},{\"@type\":\"ListItem\",\"position\":2,\"name\":\"PRODUKTPR\u00c4SENTATION\",\"item\":\"https:\\\/\\\/bien-etreiris.ch\\\/de\\\/produktpraesentation\\\/\"},{\"@type\":\"ListItem\",\"position\":3,\"name\":\"NAT\u00dcRLICHE HEILMITTEL\",\"item\":\"https:\\\/\\\/bien-etreiris.ch\\\/de\\\/produktpraesentation\\\/natuerliche-heilmittel\\\/\"},{\"@type\":\"ListItem\",\"position\":4,\"name\":\"S\u00c4URE-BASEN-HAUSHALT\",\"item\":\"https:\\\/\\\/bien-etreiris.ch\\\/de\\\/produktpraesentation\\\/natuerliche-heilmittel\\\/saeure-basen-haushalt\\\/\"},{\"@type\":\"ListItem\",\"position\":5,\"name\":\"ALKA WEAR\",\"item\":\"https:\\\/\\\/bien-etreiris.ch\\\/de\\\/produktpraesentation\\\/natuerliche-heilmittel\\\/saeure-basen-haushalt\\\/alkawear-funktionswaesche\\\/\"},{\"@type\":\"ListItem\",\"position\":6,\"name\":\"MANTEAU\"}]},{\"@type\":\"WebSite\",\"@id\":\"https:\\\/\\\/bien-etreiris.ch\\\/de\\\/#website\",\"url\":\"https:\\\/\\\/bien-etreiris.ch\\\/de\\\/\",\"name\":\"Bien-\u00eatre Iris\",\"description\":\"IHRE Gesundheit ist uns wichtig\",\"potentialAction\":[{\"@type\":\"SearchAction\",\"target\":{\"@type\":\"EntryPoint\",\"urlTemplate\":\"https:\\\/\\\/bien-etreiris.ch\\\/de\\\/?s={search_term_string}\"},\"query-input\":{\"@type\":\"PropertyValueSpecification\",\"valueRequired\":true,\"valueName\":\"search_term_string\"}}],\"inLanguage\":\"de\"}]}<\/script>\n<!-- \/ Yoast SEO plugin. -->","yoast_head_json":{"title":"MANTEAU - WOHLBEFINDEN","robots":{"index":"index","follow":"follow","max-snippet":"max-snippet:-1","max-image-preview":"max-image-preview:large","max-video-preview":"max-video-preview:-1"},"canonical":"https:\/\/bien-etreiris.ch\/de\/produktpraesentation\/natuerliche-heilmittel\/saeure-basen-haushalt\/alkawear-funktionswaesche\/manteau-du-lingerie-fonctionnelle\/","og_locale":"de_DE","og_type":"article","og_title":"MANTEAU - WOHLBEFINDEN","og_description":"Manteau du lingerie fonctionnelle AlkaWear &nbsp; &nbsp; &nbsp; Comportant une chemise int\u00e9rieure et un manteau ext\u00e9rieur &nbsp;&nbsp; &nbsp; Un flacon pulv\u00e9risateur est compris dans le lot.&nbsp; &nbsp; &nbsp; Fabrication dans notre propre unit\u00e9 de production&nbsp;&nbsp; &nbsp; Respect des ressources en eau et \u00e9nergie&nbsp; Utilisable o\u00f9 que vous soyez : chez soi ou en voyage&nbsp; 1 pi\u00e8ce CHF &nbsp; &nbsp; &nbsp;&nbsp;Weiter lesen","og_url":"https:\/\/bien-etreiris.ch\/de\/produktpraesentation\/natuerliche-heilmittel\/saeure-basen-haushalt\/alkawear-funktionswaesche\/manteau-du-lingerie-fonctionnelle\/","og_site_name":"WOHLBEFINDEN","article_publisher":"https:\/\/www.facebook.com\/bienetreiris\/","article_modified_time":"2023-09-13T00:03:36+00:00","og_image":[{"width":500,"height":333,"url":"https:\/\/bien-etreiris.ch\/wp-content\/uploads\/2023\/09\/acceuil-manteau.jpg","type":"image\/jpeg"}],"twitter_misc":{"Gesch\u00e4tzte Lesezeit":"4\u00a0Minuten"},"schema":{"@context":"https:\/\/schema.org","@graph":[{"@type":"WebPage","@id":"https:\/\/bien-etreiris.ch\/de\/produktpraesentation\/natuerliche-heilmittel\/saeure-basen-haushalt\/alkawear-funktionswaesche\/manteau-du-lingerie-fonctionnelle\/","url":"https:\/\/bien-etreiris.ch\/de\/produktpraesentation\/natuerliche-heilmittel\/saeure-basen-haushalt\/alkawear-funktionswaesche\/manteau-du-lingerie-fonctionnelle\/","name":"MANTEAU - WOHLBEFINDEN","isPartOf":{"@id":"https:\/\/bien-etreiris.ch\/de\/#website"},"primaryImageOfPage":{"@id":"https:\/\/bien-etreiris.ch\/de\/produktpraesentation\/natuerliche-heilmittel\/saeure-basen-haushalt\/alkawear-funktionswaesche\/manteau-du-lingerie-fonctionnelle\/#primaryimage"},"image":{"@id":"https:\/\/bien-etreiris.ch\/de\/produktpraesentation\/natuerliche-heilmittel\/saeure-basen-haushalt\/alkawear-funktionswaesche\/manteau-du-lingerie-fonctionnelle\/#primaryimage"},"thumbnailUrl":"https:\/\/bien-etreiris.ch\/wp-content\/uploads\/2023\/09\/acceuil-manteau.jpg","datePublished":"2023-09-12T23:41:01+00:00","dateModified":"2023-09-13T00:03:36+00:00","breadcrumb":{"@id":"https:\/\/bien-etreiris.ch\/de\/produktpraesentation\/natuerliche-heilmittel\/saeure-basen-haushalt\/alkawear-funktionswaesche\/manteau-du-lingerie-fonctionnelle\/#breadcrumb"},"inLanguage":"de","potentialAction":[{"@type":"ReadAction","target":["https:\/\/bien-etreiris.ch\/de\/produktpraesentation\/natuerliche-heilmittel\/saeure-basen-haushalt\/alkawear-funktionswaesche\/manteau-du-lingerie-fonctionnelle\/"]}]},{"@type":"ImageObject","inLanguage":"de","@id":"https:\/\/bien-etreiris.ch\/de\/produktpraesentation\/natuerliche-heilmittel\/saeure-basen-haushalt\/alkawear-funktionswaesche\/manteau-du-lingerie-fonctionnelle\/#primaryimage","url":"https:\/\/bien-etreiris.ch\/wp-content\/uploads\/2023\/09\/acceuil-manteau.jpg","contentUrl":"https:\/\/bien-etreiris.ch\/wp-content\/uploads\/2023\/09\/acceuil-manteau.jpg","width":500,"height":333},{"@type":"BreadcrumbList","@id":"https:\/\/bien-etreiris.ch\/de\/produktpraesentation\/natuerliche-heilmittel\/saeure-basen-haushalt\/alkawear-funktionswaesche\/manteau-du-lingerie-fonctionnelle\/#breadcrumb","itemListElement":[{"@type":"ListItem","position":1,"name":"Home","item":"https:\/\/bien-etreiris.ch\/de\/"},{"@type":"ListItem","position":2,"name":"PRODUKTPR\u00c4SENTATION","item":"https:\/\/bien-etreiris.ch\/de\/produktpraesentation\/"},{"@type":"ListItem","position":3,"name":"NAT\u00dcRLICHE HEILMITTEL","item":"https:\/\/bien-etreiris.ch\/de\/produktpraesentation\/natuerliche-heilmittel\/"},{"@type":"ListItem","position":4,"name":"S\u00c4URE-BASEN-HAUSHALT","item":"https:\/\/bien-etreiris.ch\/de\/produktpraesentation\/natuerliche-heilmittel\/saeure-basen-haushalt\/"},{"@type":"ListItem","position":5,"name":"ALKA WEAR","item":"https:\/\/bien-etreiris.ch\/de\/produktpraesentation\/natuerliche-heilmittel\/saeure-basen-haushalt\/alkawear-funktionswaesche\/"},{"@type":"ListItem","position":6,"name":"MANTEAU"}]},{"@type":"WebSite","@id":"https:\/\/bien-etreiris.ch\/de\/#website","url":"https:\/\/bien-etreiris.ch\/de\/","name":"Bien-\u00eatre Iris","description":"IHRE Gesundheit ist uns wichtig","potentialAction":[{"@type":"SearchAction","target":{"@type":"EntryPoint","urlTemplate":"https:\/\/bien-etreiris.ch\/de\/?s={search_term_string}"},"query-input":{"@type":"PropertyValueSpecification","valueRequired":true,"valueName":"search_term_string"}}],"inLanguage":"de"}]}},"_links":{"self":[{"href":"https:\/\/bien-etreiris.ch\/de\/wp-json\/wp\/v2\/pages\/75143","targetHints":{"allow":["GET"]}}],"collection":[{"href":"https:\/\/bien-etreiris.ch\/de\/wp-json\/wp\/v2\/pages"}],"about":[{"href":"https:\/\/bien-etreiris.ch\/de\/wp-json\/wp\/v2\/types\/page"}],"author":[{"embeddable":true,"href":"https:\/\/bien-etreiris.ch\/de\/wp-json\/wp\/v2\/users\/1"}],"replies":[{"embeddable":true,"href":"https:\/\/bien-etreiris.ch\/de\/wp-json\/wp\/v2\/comments?post=75143"}],"version-history":[{"count":9,"href":"https:\/\/bien-etreiris.ch\/de\/wp-json\/wp\/v2\/pages\/75143\/revisions"}],"predecessor-version":[{"id":75179,"href":"https:\/\/bien-etreiris.ch\/de\/wp-json\/wp\/v2\/pages\/75143\/revisions\/75179"}],"up":[{"embeddable":true,"href":"https:\/\/bien-etreiris.ch\/de\/wp-json\/wp\/v2\/pages\/20368"}],"wp:featuredmedia":[{"embeddable":true,"href":"https:\/\/bien-etreiris.ch\/de\/wp-json\/wp\/v2\/media\/75139"}],"wp:attachment":[{"href":"https:\/\/bien-etreiris.ch\/de\/wp-json\/wp\/v2\/media?parent=75143"}],"curies":[{"name":"wp","href":"https:\/\/api.w.org\/{rel}","templated":true}]}}