{"id":75079,"date":"2023-09-12T23:56:10","date_gmt":"2023-09-12T21:56:10","guid":{"rendered":"https:\/\/bien-etreiris.ch\/produktpraesentation\/natuerliche-heilmittel\/saeure-basen-haushalt\/alkawear-funktionswaesche\/couverture\/"},"modified":"2023-09-13T00:03:03","modified_gmt":"2023-09-12T22:03:03","slug":"la-couverture-rafraichissante","status":"publish","type":"page","link":"https:\/\/bien-etreiris.ch\/de\/produktpraesentation\/natuerliche-heilmittel\/saeure-basen-haushalt\/alkawear-funktionswaesche\/la-couverture-rafraichissante\/","title":{"rendered":"COUVERTURE"},"content":{"rendered":"<div class=\"product-title container\">\n<h2 class=\"hyphenate\">La couverture rafra\u00eechissante<\/h2>\n<p>&nbsp;<a href=\"https:\/\/bien-etreiris.ch\/presentations-des-produits\/remedes-naturels\/equilibre-acido-basique\/alka-wear\/couverture\/la-couverture-rafraichissante\/\" rel=\"attachment wp-att-75075\"><img loading=\"lazy\" decoding=\"async\" class=\"wp-image-75075 alignleft\" src=\"https:\/\/bien-etreiris.ch\/wp-content\/uploads\/2023\/09\/La-couverture-rafraichissante.jpg\" alt=\"\" width=\"317\" height=\"444\" srcset=\"https:\/\/bien-etreiris.ch\/wp-content\/uploads\/2023\/09\/La-couverture-rafraichissante.jpg 457w, https:\/\/bien-etreiris.ch\/wp-content\/uploads\/2023\/09\/La-couverture-rafraichissante-214x300.jpg 214w\" sizes=\"auto, (max-width: 317px) 100vw, 317px\" \/><\/a><\/p>\n<\/div>\n<ul class=\"list-with-checkmark\" style=\"list-style-type: disc;\">\n<li>Taille unique : dimensions&nbsp;1,35 m x 2,00 m<\/li>\n<li>particuli\u00e8rement agr\u00e9able durant les journ\u00e9es chaudes<\/li>\n<li>Fabrication dans notre propre unit\u00e9 de production<\/li>\n<li>respect des ressources en eau et \u00e9nergie&nbsp;<\/li>\n<li>utilisable o\u00f9 que vous soyez : chez soi ou en voyage&nbsp;<\/li>\n<\/ul>\n<p>&nbsp;<\/p>\n<p>1 pi\u00e8ce CHF<\/p>\n<p>&nbsp;<\/p>\n<p>&nbsp;<\/p>\n<p>&nbsp;<\/p>\n<p>&nbsp;<\/p>\n<p>La couverture rafra\u00eechissante est la solution innovante pour les journ\u00e9es et les nuits d\u2019\u00e9t\u00e9 chaudes. La gaze l\u00e9g\u00e8re et confortable, pr\u00e9venant toute transpiration d\u00e9sagr\u00e9able ainsi que toute accumulation de chaleur ind\u00e9sirable, promet une nuit au frais et un sommeil r\u00e9parateur. Elle est id\u00e9ale en cas de temp\u00e9ratures ext\u00e9rieures tropicales et de difficult\u00e9 \u00e0 rafra\u00eechir son logement.<\/p>\n<p>&nbsp;<\/p>\n<p>&nbsp;<\/p>\n<h2>Composition<\/h2>\n<p>&nbsp;<\/p>\n<p><a href=\"https:\/\/bien-etreiris.ch\/de\/produktpraesentation\/natuerliche-heilmittel\/saeure-basen-haushalt\/alkawear-funktionswaesche\/coussins-alcalins-pour-les-aisselles\/oeko-test-2\/\" rel=\"attachment wp-att-74958\"><img loading=\"lazy\" decoding=\"async\" class=\"wp-image-74958 alignleft\" src=\"https:\/\/bien-etreiris.ch\/wp-content\/uploads\/2023\/09\/Oeko-test.jpg\" alt=\"\" width=\"270\" height=\"141\" srcset=\"https:\/\/bien-etreiris.ch\/wp-content\/uploads\/2023\/09\/Oeko-test.jpg 445w, https:\/\/bien-etreiris.ch\/wp-content\/uploads\/2023\/09\/Oeko-test-300x156.jpg 300w\" sizes=\"auto, (max-width: 270px) 100vw, 270px\" \/><\/a><a href=\"https:\/\/bien-etreiris.ch\/de\/produktpraesentation\/natuerliche-heilmittel\/saeure-basen-haushalt\/alkawear-funktionswaesche\/coussins-alcalins-pour-les-aisselles\/hand-made-2\/\" rel=\"attachment wp-att-74961\"><img loading=\"lazy\" decoding=\"async\" class=\"wp-image-74961 alignleft\" src=\"https:\/\/bien-etreiris.ch\/wp-content\/uploads\/2023\/09\/Hand-made.jpg\" alt=\"\" width=\"195\" height=\"143\" srcset=\"https:\/\/bien-etreiris.ch\/wp-content\/uploads\/2023\/09\/Hand-made.jpg 311w, https:\/\/bien-etreiris.ch\/wp-content\/uploads\/2023\/09\/Hand-made-300x220.jpg 300w\" sizes=\"auto, (max-width: 195px) 100vw, 195px\" \/><\/a><\/p>\n<p>&nbsp;<\/p>\n<p>&nbsp;<\/p>\n<p>100 % gaze de coton<\/p>\n<p>&nbsp;<\/p>\n<p>&nbsp;<\/p>\n<p>&nbsp;<\/p>\n<h2 class=\"word-wrap \">Application <span class=\"subheadline\">de la couverture rafra\u00eechissante<\/span><\/h2>\n<p><a href=\"https:\/\/bien-etreiris.ch\/de\/produktpraesentation\/natuerliche-heilmittel\/saeure-basen-haushalt\/alkawear-funktionswaesche\/la-couverture-rafraichissante\/la-couverture-rafraichissante-interieur-2\/\" rel=\"attachment wp-att-75066\"><img loading=\"lazy\" decoding=\"async\" class=\"alignnone  wp-image-75066\" src=\"https:\/\/bien-etreiris.ch\/wp-content\/uploads\/2023\/09\/La-couverture-rafraichissante-interieur.jpg\" alt=\"\" width=\"771\" height=\"558\" srcset=\"https:\/\/bien-etreiris.ch\/wp-content\/uploads\/2023\/09\/La-couverture-rafraichissante-interieur.jpg 1099w, https:\/\/bien-etreiris.ch\/wp-content\/uploads\/2023\/09\/La-couverture-rafraichissante-interieur-300x217.jpg 300w, https:\/\/bien-etreiris.ch\/wp-content\/uploads\/2023\/09\/La-couverture-rafraichissante-interieur-1024x742.jpg 1024w, https:\/\/bien-etreiris.ch\/wp-content\/uploads\/2023\/09\/La-couverture-rafraichissante-interieur-768x556.jpg 768w\" sizes=\"auto, (max-width: 771px) 100vw, 771px\" \/><\/a><\/p>\n<p>&nbsp;<\/p>\n<section class=\"container themenwelt-one-column\">La couverture rafra\u00eechissante peut \u00eatre humidifi\u00e9e avec la solution alcaline ; elle peut \u00eatre utilis\u00e9e humide ou s\u00e8che.&nbsp;&nbsp;&nbsp;&nbsp;<\/p>\n<h4><strong>Couverture humidifi\u00e9e avec la solution alcaline<\/strong><\/h4>\n<ol>\n<li>Faire dissoudre une cuill\u00e8re \u00e0 caf\u00e9 d\u2019<a href=\"https:\/\/bien-etreiris.ch\/de\/produktpraesentation\/natuerliche-heilmittel\/saeure-basen-haushalt\/meine-base\/\" target=\"_blank\" rel=\"noopener\"><em><strong><span style=\"color: #ff9900;\">AlcaBain <\/span><\/strong><\/em><\/a>dans env. un demi-litre d\u2019eau chaude. Verser la solution dans un flacon pulv\u00e9risateur<\/li>\n<li>\u00c9taler la couverture rafra\u00eechissante et l\u2019humidifier en l\u2019aspergeant de solution alcaline.<\/li>\n<li>Se couvrir ensuite avec la couverture l\u00e9g\u00e8rement humide et profiter d\u2019une nuit ou d\u2019un moment de d\u00e9tente dans la journ\u00e9e en toute fra\u00eecheur.<\/li>\n<\/ol>\n<h4><strong>A sec<\/strong><\/h4>\n<p>La couverture rafra\u00eechissante peut \u00eatre \u00e9galement utilis\u00e9e s\u00e8che. En gaze finement tiss\u00e9e et thermoactive, la couverture rafra\u00eechissante est, de jour comme de nuit, le compagnon id\u00e9al durant la saison chaude.<\/p>\n<p>&nbsp;<\/p>\n<\/section>\n<section class=\"container themenwelt-one-column\">\n<h2 class=\"word-wrap \">Instruction de lavage<\/h2>\n<p>Lavage en machine, temp\u00e9rature maximale 60 \u00b0C, avec une lessive pour couleurs. Une fois lav\u00e9e, \u00e9tirer la couverture pour lui redonner sa forme initiale. Si n\u00e9cessaire, la repasser en r\u00e9glant le thermostat sur temp\u00e9rature coton. La couverture peut \u00e9galement \u00eatre mise au s\u00e8che-linge \u00e0 basse temp\u00e9rature.<\/p>\n<p><strong>Remarque: <\/strong>Les textiles AlkaWear d\u00e9j\u00e0 port\u00e9s ne peuvent pas \u00eatre \u00e9chang\u00e9s.<\/p>\n<\/section>\n<div class=\"product-title container\">\n<h2 class=\"subheadline\">&nbsp;<\/h2>\n<\/div>\n","protected":false},"excerpt":{"rendered":"<p>La couverture rafra\u00eechissante &nbsp; Taille unique : dimensions&nbsp;1,35 m x 2,00 m particuli\u00e8rement agr\u00e9able durant les journ\u00e9es chaudes Fabrication dans notre propre unit\u00e9 de production respect des ressources en eau et \u00e9nergie&nbsp; utilisable o\u00f9 que vous soyez : chez soi ou en voyage&nbsp; &nbsp; 1 pi\u00e8ce CHF &nbsp; &nbsp; &nbsp; &nbsp; La couverture rafra\u00eechissante est la solution innovante pour les&nbsp;<a href=\"https:\/\/bien-etreiris.ch\/de\/produktpraesentation\/natuerliche-heilmittel\/saeure-basen-haushalt\/alkawear-funktionswaesche\/la-couverture-rafraichissante\/\" class=\"read-more\">Weiter lesen<\/a><\/p>\n","protected":false},"author":1,"featured_media":75071,"parent":20368,"menu_order":2971,"comment_status":"closed","ping_status":"closed","template":"page-with-child.php","meta":{"_acf_changed":false,"ngg_post_thumbnail":0,"footnotes":""},"class_list":["post-75079","page","type-page","status-publish","has-post-thumbnail","hentry"],"acf":[],"yoast_head":"<!-- This site is optimized with the Yoast SEO plugin v27.4 - https:\/\/yoast.com\/product\/yoast-seo-wordpress\/ -->\n<title>COUVERTURE - WOHLBEFINDEN<\/title>\n<meta name=\"robots\" content=\"index, follow, max-snippet:-1, max-image-preview:large, max-video-preview:-1\" \/>\n<link rel=\"canonical\" href=\"https:\/\/bien-etreiris.ch\/de\/produktpraesentation\/natuerliche-heilmittel\/saeure-basen-haushalt\/alkawear-funktionswaesche\/la-couverture-rafraichissante\/\" \/>\n<meta property=\"og:locale\" content=\"de_DE\" \/>\n<meta property=\"og:type\" content=\"article\" \/>\n<meta property=\"og:title\" content=\"COUVERTURE - WOHLBEFINDEN\" \/>\n<meta property=\"og:description\" content=\"La couverture rafra\u00eechissante &nbsp; Taille unique : dimensions&nbsp;1,35 m x 2,00 m particuli\u00e8rement agr\u00e9able durant les journ\u00e9es chaudes Fabrication dans notre propre unit\u00e9 de production respect des ressources en eau et \u00e9nergie&nbsp; utilisable o\u00f9 que vous soyez : chez soi ou en voyage&nbsp; &nbsp; 1 pi\u00e8ce CHF &nbsp; &nbsp; &nbsp; &nbsp; La couverture rafra\u00eechissante est la solution innovante pour les&nbsp;Weiter lesen\" \/>\n<meta property=\"og:url\" content=\"https:\/\/bien-etreiris.ch\/de\/produktpraesentation\/natuerliche-heilmittel\/saeure-basen-haushalt\/alkawear-funktionswaesche\/la-couverture-rafraichissante\/\" \/>\n<meta property=\"og:site_name\" content=\"WOHLBEFINDEN\" \/>\n<meta property=\"article:publisher\" content=\"https:\/\/www.facebook.com\/bienetreiris\/\" \/>\n<meta property=\"article:modified_time\" content=\"2023-09-12T22:03:03+00:00\" \/>\n<meta property=\"og:image\" content=\"https:\/\/bien-etreiris.ch\/wp-content\/uploads\/2023\/09\/acceuil-la-couverture-rafraichissante.jpg\" \/>\n\t<meta property=\"og:image:width\" content=\"500\" \/>\n\t<meta property=\"og:image:height\" content=\"333\" \/>\n\t<meta property=\"og:image:type\" content=\"image\/jpeg\" \/>\n<meta name=\"twitter:label1\" content=\"Gesch\u00e4tzte Lesezeit\" \/>\n\t<meta name=\"twitter:data1\" content=\"3\u00a0Minuten\" \/>\n<script type=\"application\/ld+json\" class=\"yoast-schema-graph\">{\"@context\":\"https:\\\/\\\/schema.org\",\"@graph\":[{\"@type\":\"WebPage\",\"@id\":\"https:\\\/\\\/bien-etreiris.ch\\\/de\\\/produktpraesentation\\\/natuerliche-heilmittel\\\/saeure-basen-haushalt\\\/alkawear-funktionswaesche\\\/la-couverture-rafraichissante\\\/\",\"url\":\"https:\\\/\\\/bien-etreiris.ch\\\/de\\\/produktpraesentation\\\/natuerliche-heilmittel\\\/saeure-basen-haushalt\\\/alkawear-funktionswaesche\\\/la-couverture-rafraichissante\\\/\",\"name\":\"COUVERTURE - WOHLBEFINDEN\",\"isPartOf\":{\"@id\":\"https:\\\/\\\/bien-etreiris.ch\\\/de\\\/#website\"},\"primaryImageOfPage\":{\"@id\":\"https:\\\/\\\/bien-etreiris.ch\\\/de\\\/produktpraesentation\\\/natuerliche-heilmittel\\\/saeure-basen-haushalt\\\/alkawear-funktionswaesche\\\/la-couverture-rafraichissante\\\/#primaryimage\"},\"image\":{\"@id\":\"https:\\\/\\\/bien-etreiris.ch\\\/de\\\/produktpraesentation\\\/natuerliche-heilmittel\\\/saeure-basen-haushalt\\\/alkawear-funktionswaesche\\\/la-couverture-rafraichissante\\\/#primaryimage\"},\"thumbnailUrl\":\"https:\\\/\\\/bien-etreiris.ch\\\/wp-content\\\/uploads\\\/2023\\\/09\\\/acceuil-la-couverture-rafraichissante.jpg\",\"datePublished\":\"2023-09-12T21:56:10+00:00\",\"dateModified\":\"2023-09-12T22:03:03+00:00\",\"breadcrumb\":{\"@id\":\"https:\\\/\\\/bien-etreiris.ch\\\/de\\\/produktpraesentation\\\/natuerliche-heilmittel\\\/saeure-basen-haushalt\\\/alkawear-funktionswaesche\\\/la-couverture-rafraichissante\\\/#breadcrumb\"},\"inLanguage\":\"de\",\"potentialAction\":[{\"@type\":\"ReadAction\",\"target\":[\"https:\\\/\\\/bien-etreiris.ch\\\/de\\\/produktpraesentation\\\/natuerliche-heilmittel\\\/saeure-basen-haushalt\\\/alkawear-funktionswaesche\\\/la-couverture-rafraichissante\\\/\"]}]},{\"@type\":\"ImageObject\",\"inLanguage\":\"de\",\"@id\":\"https:\\\/\\\/bien-etreiris.ch\\\/de\\\/produktpraesentation\\\/natuerliche-heilmittel\\\/saeure-basen-haushalt\\\/alkawear-funktionswaesche\\\/la-couverture-rafraichissante\\\/#primaryimage\",\"url\":\"https:\\\/\\\/bien-etreiris.ch\\\/wp-content\\\/uploads\\\/2023\\\/09\\\/acceuil-la-couverture-rafraichissante.jpg\",\"contentUrl\":\"https:\\\/\\\/bien-etreiris.ch\\\/wp-content\\\/uploads\\\/2023\\\/09\\\/acceuil-la-couverture-rafraichissante.jpg\",\"width\":500,\"height\":333},{\"@type\":\"BreadcrumbList\",\"@id\":\"https:\\\/\\\/bien-etreiris.ch\\\/de\\\/produktpraesentation\\\/natuerliche-heilmittel\\\/saeure-basen-haushalt\\\/alkawear-funktionswaesche\\\/la-couverture-rafraichissante\\\/#breadcrumb\",\"itemListElement\":[{\"@type\":\"ListItem\",\"position\":1,\"name\":\"Home\",\"item\":\"https:\\\/\\\/bien-etreiris.ch\\\/de\\\/\"},{\"@type\":\"ListItem\",\"position\":2,\"name\":\"PRODUKTPR\u00c4SENTATION\",\"item\":\"https:\\\/\\\/bien-etreiris.ch\\\/de\\\/produktpraesentation\\\/\"},{\"@type\":\"ListItem\",\"position\":3,\"name\":\"NAT\u00dcRLICHE HEILMITTEL\",\"item\":\"https:\\\/\\\/bien-etreiris.ch\\\/de\\\/produktpraesentation\\\/natuerliche-heilmittel\\\/\"},{\"@type\":\"ListItem\",\"position\":4,\"name\":\"S\u00c4URE-BASEN-HAUSHALT\",\"item\":\"https:\\\/\\\/bien-etreiris.ch\\\/de\\\/produktpraesentation\\\/natuerliche-heilmittel\\\/saeure-basen-haushalt\\\/\"},{\"@type\":\"ListItem\",\"position\":5,\"name\":\"ALKA WEAR\",\"item\":\"https:\\\/\\\/bien-etreiris.ch\\\/de\\\/produktpraesentation\\\/natuerliche-heilmittel\\\/saeure-basen-haushalt\\\/alkawear-funktionswaesche\\\/\"},{\"@type\":\"ListItem\",\"position\":6,\"name\":\"COUVERTURE\"}]},{\"@type\":\"WebSite\",\"@id\":\"https:\\\/\\\/bien-etreiris.ch\\\/de\\\/#website\",\"url\":\"https:\\\/\\\/bien-etreiris.ch\\\/de\\\/\",\"name\":\"Bien-\u00eatre Iris\",\"description\":\"IHRE Gesundheit ist uns wichtig\",\"potentialAction\":[{\"@type\":\"SearchAction\",\"target\":{\"@type\":\"EntryPoint\",\"urlTemplate\":\"https:\\\/\\\/bien-etreiris.ch\\\/de\\\/?s={search_term_string}\"},\"query-input\":{\"@type\":\"PropertyValueSpecification\",\"valueRequired\":true,\"valueName\":\"search_term_string\"}}],\"inLanguage\":\"de\"}]}<\/script>\n<!-- \/ Yoast SEO plugin. -->","yoast_head_json":{"title":"COUVERTURE - WOHLBEFINDEN","robots":{"index":"index","follow":"follow","max-snippet":"max-snippet:-1","max-image-preview":"max-image-preview:large","max-video-preview":"max-video-preview:-1"},"canonical":"https:\/\/bien-etreiris.ch\/de\/produktpraesentation\/natuerliche-heilmittel\/saeure-basen-haushalt\/alkawear-funktionswaesche\/la-couverture-rafraichissante\/","og_locale":"de_DE","og_type":"article","og_title":"COUVERTURE - WOHLBEFINDEN","og_description":"La couverture rafra\u00eechissante &nbsp; Taille unique : dimensions&nbsp;1,35 m x 2,00 m particuli\u00e8rement agr\u00e9able durant les journ\u00e9es chaudes Fabrication dans notre propre unit\u00e9 de production respect des ressources en eau et \u00e9nergie&nbsp; utilisable o\u00f9 que vous soyez : chez soi ou en voyage&nbsp; &nbsp; 1 pi\u00e8ce CHF &nbsp; &nbsp; &nbsp; &nbsp; La couverture rafra\u00eechissante est la solution innovante pour les&nbsp;Weiter lesen","og_url":"https:\/\/bien-etreiris.ch\/de\/produktpraesentation\/natuerliche-heilmittel\/saeure-basen-haushalt\/alkawear-funktionswaesche\/la-couverture-rafraichissante\/","og_site_name":"WOHLBEFINDEN","article_publisher":"https:\/\/www.facebook.com\/bienetreiris\/","article_modified_time":"2023-09-12T22:03:03+00:00","og_image":[{"width":500,"height":333,"url":"https:\/\/bien-etreiris.ch\/wp-content\/uploads\/2023\/09\/acceuil-la-couverture-rafraichissante.jpg","type":"image\/jpeg"}],"twitter_misc":{"Gesch\u00e4tzte Lesezeit":"3\u00a0Minuten"},"schema":{"@context":"https:\/\/schema.org","@graph":[{"@type":"WebPage","@id":"https:\/\/bien-etreiris.ch\/de\/produktpraesentation\/natuerliche-heilmittel\/saeure-basen-haushalt\/alkawear-funktionswaesche\/la-couverture-rafraichissante\/","url":"https:\/\/bien-etreiris.ch\/de\/produktpraesentation\/natuerliche-heilmittel\/saeure-basen-haushalt\/alkawear-funktionswaesche\/la-couverture-rafraichissante\/","name":"COUVERTURE - WOHLBEFINDEN","isPartOf":{"@id":"https:\/\/bien-etreiris.ch\/de\/#website"},"primaryImageOfPage":{"@id":"https:\/\/bien-etreiris.ch\/de\/produktpraesentation\/natuerliche-heilmittel\/saeure-basen-haushalt\/alkawear-funktionswaesche\/la-couverture-rafraichissante\/#primaryimage"},"image":{"@id":"https:\/\/bien-etreiris.ch\/de\/produktpraesentation\/natuerliche-heilmittel\/saeure-basen-haushalt\/alkawear-funktionswaesche\/la-couverture-rafraichissante\/#primaryimage"},"thumbnailUrl":"https:\/\/bien-etreiris.ch\/wp-content\/uploads\/2023\/09\/acceuil-la-couverture-rafraichissante.jpg","datePublished":"2023-09-12T21:56:10+00:00","dateModified":"2023-09-12T22:03:03+00:00","breadcrumb":{"@id":"https:\/\/bien-etreiris.ch\/de\/produktpraesentation\/natuerliche-heilmittel\/saeure-basen-haushalt\/alkawear-funktionswaesche\/la-couverture-rafraichissante\/#breadcrumb"},"inLanguage":"de","potentialAction":[{"@type":"ReadAction","target":["https:\/\/bien-etreiris.ch\/de\/produktpraesentation\/natuerliche-heilmittel\/saeure-basen-haushalt\/alkawear-funktionswaesche\/la-couverture-rafraichissante\/"]}]},{"@type":"ImageObject","inLanguage":"de","@id":"https:\/\/bien-etreiris.ch\/de\/produktpraesentation\/natuerliche-heilmittel\/saeure-basen-haushalt\/alkawear-funktionswaesche\/la-couverture-rafraichissante\/#primaryimage","url":"https:\/\/bien-etreiris.ch\/wp-content\/uploads\/2023\/09\/acceuil-la-couverture-rafraichissante.jpg","contentUrl":"https:\/\/bien-etreiris.ch\/wp-content\/uploads\/2023\/09\/acceuil-la-couverture-rafraichissante.jpg","width":500,"height":333},{"@type":"BreadcrumbList","@id":"https:\/\/bien-etreiris.ch\/de\/produktpraesentation\/natuerliche-heilmittel\/saeure-basen-haushalt\/alkawear-funktionswaesche\/la-couverture-rafraichissante\/#breadcrumb","itemListElement":[{"@type":"ListItem","position":1,"name":"Home","item":"https:\/\/bien-etreiris.ch\/de\/"},{"@type":"ListItem","position":2,"name":"PRODUKTPR\u00c4SENTATION","item":"https:\/\/bien-etreiris.ch\/de\/produktpraesentation\/"},{"@type":"ListItem","position":3,"name":"NAT\u00dcRLICHE HEILMITTEL","item":"https:\/\/bien-etreiris.ch\/de\/produktpraesentation\/natuerliche-heilmittel\/"},{"@type":"ListItem","position":4,"name":"S\u00c4URE-BASEN-HAUSHALT","item":"https:\/\/bien-etreiris.ch\/de\/produktpraesentation\/natuerliche-heilmittel\/saeure-basen-haushalt\/"},{"@type":"ListItem","position":5,"name":"ALKA WEAR","item":"https:\/\/bien-etreiris.ch\/de\/produktpraesentation\/natuerliche-heilmittel\/saeure-basen-haushalt\/alkawear-funktionswaesche\/"},{"@type":"ListItem","position":6,"name":"COUVERTURE"}]},{"@type":"WebSite","@id":"https:\/\/bien-etreiris.ch\/de\/#website","url":"https:\/\/bien-etreiris.ch\/de\/","name":"Bien-\u00eatre Iris","description":"IHRE Gesundheit ist uns wichtig","potentialAction":[{"@type":"SearchAction","target":{"@type":"EntryPoint","urlTemplate":"https:\/\/bien-etreiris.ch\/de\/?s={search_term_string}"},"query-input":{"@type":"PropertyValueSpecification","valueRequired":true,"valueName":"search_term_string"}}],"inLanguage":"de"}]}},"_links":{"self":[{"href":"https:\/\/bien-etreiris.ch\/de\/wp-json\/wp\/v2\/pages\/75079","targetHints":{"allow":["GET"]}}],"collection":[{"href":"https:\/\/bien-etreiris.ch\/de\/wp-json\/wp\/v2\/pages"}],"about":[{"href":"https:\/\/bien-etreiris.ch\/de\/wp-json\/wp\/v2\/types\/page"}],"author":[{"embeddable":true,"href":"https:\/\/bien-etreiris.ch\/de\/wp-json\/wp\/v2\/users\/1"}],"replies":[{"embeddable":true,"href":"https:\/\/bien-etreiris.ch\/de\/wp-json\/wp\/v2\/comments?post=75079"}],"version-history":[{"count":6,"href":"https:\/\/bien-etreiris.ch\/de\/wp-json\/wp\/v2\/pages\/75079\/revisions"}],"predecessor-version":[{"id":75097,"href":"https:\/\/bien-etreiris.ch\/de\/wp-json\/wp\/v2\/pages\/75079\/revisions\/75097"}],"up":[{"embeddable":true,"href":"https:\/\/bien-etreiris.ch\/de\/wp-json\/wp\/v2\/pages\/20368"}],"wp:featuredmedia":[{"embeddable":true,"href":"https:\/\/bien-etreiris.ch\/de\/wp-json\/wp\/v2\/media\/75071"}],"wp:attachment":[{"href":"https:\/\/bien-etreiris.ch\/de\/wp-json\/wp\/v2\/media?parent=75079"}],"curies":[{"name":"wp","href":"https:\/\/api.w.org\/{rel}","templated":true}]}}