{"id":75015,"date":"2023-09-12T16:00:52","date_gmt":"2023-09-12T14:00:52","guid":{"rendered":"https:\/\/bien-etreiris.ch\/serviette\/"},"modified":"2023-09-12T22:20:29","modified_gmt":"2023-09-12T20:20:29","slug":"serviette","status":"publish","type":"page","link":"https:\/\/bien-etreiris.ch\/de\/produktpraesentation\/natuerliche-heilmittel\/saeure-basen-haushalt\/alkawear-funktionswaesche\/serviette\/","title":{"rendered":"SERVIETTE"},"content":{"rendered":"<h2 class=\"hyphenate\">Serviette alcaline<\/h2>\n<p><a href=\"https:\/\/bien-etreiris.ch\/de\/produktpraesentation\/natuerliche-heilmittel\/saeure-basen-haushalt\/alkawear-funktionswaesche\/serviette\/serviette-alcaline-2\/\" rel=\"attachment wp-att-75004\"><img loading=\"lazy\" decoding=\"async\" class=\"wp-image-75004 alignleft\" src=\"https:\/\/bien-etreiris.ch\/wp-content\/uploads\/2023\/09\/Serviette-alcaline.jpg\" alt=\"\" width=\"240\" height=\"233\" srcset=\"https:\/\/bien-etreiris.ch\/wp-content\/uploads\/2023\/09\/Serviette-alcaline.jpg 760w, https:\/\/bien-etreiris.ch\/wp-content\/uploads\/2023\/09\/Serviette-alcaline-300x291.jpg 300w\" sizes=\"auto, (max-width: 240px) 100vw, 240px\" \/><\/a><\/p>\n<p>&nbsp;<\/p>\n<p>&nbsp;<\/p>\n<ul class=\"list-with-checkmark\">\n<li>pour envelopper\/couvrir les parties du corps trait\u00e9es<\/li>\n<li>sp\u00e9cialement con\u00e7ue pour les applications avec le produit AbraCaDabra<\/li>\n<li>humect\u00e9e d\u2019eau chaude pour enlever les r\u00e9sidus de produit<\/li>\n<li>utilisation \u00e9galement avec d\u2019autres applications, par ex. impr\u00e9gn\u00e9e de la solution <a href=\"https:\/\/bien-etreiris.ch\/de\/produktpraesentation\/natuerliche-heilmittel\/saeure-basen-haushalt\/meine-base\/\" target=\"_blank\" rel=\"noopener\"><em><strong><span style=\"color: #ff9900;\">MeineBase \/ AlcaBain<\/span><\/strong><\/em><\/a><\/li>\n<li>en gaze de coton hypoallerg\u00e9nique, elle convient aussi parfaitement aux peaux sensibles<\/li>\n<\/ul>\n<p>1 pi\u00e8ce&nbsp; CHF<\/p>\n<p>&nbsp;<\/p>\n<p>&nbsp;<\/p>\n\n\n<div class=\"product-body\">\n<p>La serviette alcaline offre de multiples possibilit\u00e9s d\u2019application en institut de beaut\u00e9 et chez soi.<\/p>\n<p style=\"text-align: right;\">La serviette alcaline de la s\u00e9rie qualit\u00e9 de AlkaWear P.&nbsp;Jentschura est en particulier id\u00e9ale pour envelopper et couvrir les parties du corps trait\u00e9es, notamment combin\u00e9e avec <a href=\"https:\/\/bien-etreiris.ch\/de\/produktpraesentation\/natuerliche-heilmittel\/saeure-basen-haushalt\/apracadabra\/\" target=\"_blank\" rel=\"noopener\"><span style=\"color: #ff9900;\">AbraCaDabra<\/span><\/a> et <a href=\"https:\/\/bien-etreiris.ch\/de\/produktpraesentation\/natuerliche-heilmittel\/saeure-basen-haushalt\/meine-base\/\" target=\"_blank\" rel=\"noopener\"><strong><em><span style=\"color: #ff9900;\">MeineBase \/ AlcaBain<\/span><\/em><\/strong><\/a>. Mais elle peut aussi \u00eatre utilis\u00e9e pour nettoyer la peau des r\u00e9sidus de produits. Offrez \u00e0 votre peau une cure de bien-\u00eatre et de d\u00e9tente - avec un soin alcalin bien envelopp\u00e9.<\/p>\n<\/div>\n\n\n<p>&nbsp;<\/p>\n<h2>Contenu<\/h2>\n<p><a href=\"https:\/\/bien-etreiris.ch\/de\/produktpraesentation\/natuerliche-heilmittel\/saeure-basen-haushalt\/alkawear-funktionswaesche\/coussins-alcalins-pour-les-aisselles\/oeko-test-2\/\" rel=\"attachment wp-att-74958\"><img loading=\"lazy\" decoding=\"async\" class=\"alignnone  wp-image-74958\" src=\"https:\/\/bien-etreiris.ch\/wp-content\/uploads\/2023\/09\/Oeko-test.jpg\" alt=\"\" width=\"199\" height=\"104\" srcset=\"https:\/\/bien-etreiris.ch\/wp-content\/uploads\/2023\/09\/Oeko-test.jpg 445w, https:\/\/bien-etreiris.ch\/wp-content\/uploads\/2023\/09\/Oeko-test-300x156.jpg 300w\" sizes=\"auto, (max-width: 199px) 100vw, 199px\" \/><\/a><a href=\"https:\/\/bien-etreiris.ch\/de\/produktpraesentation\/natuerliche-heilmittel\/saeure-basen-haushalt\/alkawear-funktionswaesche\/coussins-alcalins-pour-les-aisselles\/hand-made-2\/\" rel=\"attachment wp-att-74961\"><img loading=\"lazy\" decoding=\"async\" class=\"alignnone  wp-image-74961\" src=\"https:\/\/bien-etreiris.ch\/wp-content\/uploads\/2023\/09\/Hand-made.jpg\" alt=\"\" width=\"143\" height=\"105\" srcset=\"https:\/\/bien-etreiris.ch\/wp-content\/uploads\/2023\/09\/Hand-made.jpg 311w, https:\/\/bien-etreiris.ch\/wp-content\/uploads\/2023\/09\/Hand-made-300x220.jpg 300w\" sizes=\"auto, (max-width: 143px) 100vw, 143px\" \/><\/a><\/p>\n<ul>\n<li>2 ou 10 serviettes, 80 x 60 cm env. chacune<\/li>\n<li>composition : 100 % gaze de coton<\/li>\n<\/ul>\n<p>&nbsp;<\/p>\n<h4>&nbsp;<\/h4>\n<h4 class=\"word-wrap \">Utilisation <span class=\"subheadline\">de la Serviette alcaline<\/span><\/h4>\n<p><a href=\"https:\/\/bien-etreiris.ch\/de\/produktpraesentation\/natuerliche-heilmittel\/saeure-basen-haushalt\/alkawear-funktionswaesche\/serviette\/serviette-alcaline-3-2\/\" rel=\"attachment wp-att-75007\"><img loading=\"lazy\" decoding=\"async\" class=\"alignnone  wp-image-75007\" src=\"https:\/\/bien-etreiris.ch\/wp-content\/uploads\/2023\/09\/Serviette-alcaline-3.jpg\" alt=\"\" width=\"612\" height=\"391\" srcset=\"https:\/\/bien-etreiris.ch\/wp-content\/uploads\/2023\/09\/Serviette-alcaline-3.jpg 1110w, https:\/\/bien-etreiris.ch\/wp-content\/uploads\/2023\/09\/Serviette-alcaline-3-300x192.jpg 300w, https:\/\/bien-etreiris.ch\/wp-content\/uploads\/2023\/09\/Serviette-alcaline-3-1024x654.jpg 1024w, https:\/\/bien-etreiris.ch\/wp-content\/uploads\/2023\/09\/Serviette-alcaline-3-768x491.jpg 768w\" sizes=\"auto, (max-width: 612px) 100vw, 612px\" \/><\/a><\/p>\n<p>&nbsp;<\/p>\n<p>&nbsp;<\/p>\n<section class=\"container themenwelt-one-column\">\n<p>Verser le contenu d\u2019une cuill\u00e8re \u00e0 caf\u00e9 <a href=\"https:\/\/bien-etreiris.ch\/de\/produktpraesentation\/natuerliche-heilmittel\/saeure-basen-haushalt\/meine-base\/\" target=\"_blank\" rel=\"noopener\"><em><strong><span style=\"color: #ffcc00;\">MeineBase \/ AlcaBain<\/span> <\/strong><\/em><\/a>dans un demi-litre environ d\u2019eau chaude et bien remuer pour faire dissoudre. Y plonger la serviette, bien l\u2019essorer et envelopper la partie du corps \u00e0 traiter. Recouvrir ensuite pour maintenir au chaud, par. ex. avec <em><strong><span style=\"color: #ffcc00;\">la serviette alcaline enveloppante pour le<a class=\"autolink\" style=\"color: #ffcc00;\" href=\"https:\/\/www.p-jentschura.com\/fr\/produits\/serviette-alcaline-enveloppante-pour-le-corps\/\"> corps<\/a>.<\/span><\/strong><\/em><\/p>\n<p>&nbsp;<\/p>\n<\/section>\n<section class=\"container themenwelt-one-column\">\n<h2 class=\"word-wrap \">Instruction de lavage<\/h2>\n<p>Laver en machine \u00e0 60 \u00b0C maximum en utilisant une lessive pour couleurs. Une fois lav\u00e9e, \u00e9tirer la serviette pour lui redonner sa forme initiale et la faire s\u00e9cher. Si n\u00e9cessaire, la repasser en r\u00e9glant le thermostat sur temp\u00e9rature coton. Elle peut \u00e9galement \u00eatre mise au s\u00e8che-linge \u00e0 basse temp\u00e9rature.<\/p>\n<p><strong>Remarque <\/strong>- Les textiles AlkaWear d\u00e9j\u00e0 port\u00e9s ne seront ni repris ni \u00e9chang\u00e9s.<\/p>\n<\/section>","protected":false},"excerpt":{"rendered":"<p>Serviette alcaline &nbsp; &nbsp; pour envelopper\/couvrir les parties du corps trait\u00e9es sp\u00e9cialement con\u00e7ue pour les applications avec le produit AbraCaDabra humect\u00e9e d\u2019eau chaude pour enlever les r\u00e9sidus de produit utilisation \u00e9galement avec d\u2019autres applications, par ex. impr\u00e9gn\u00e9e de la solution MeineBase \/ AlcaBain en gaze de coton hypoallerg\u00e9nique, elle convient aussi parfaitement aux peaux sensibles 1 pi\u00e8ce&nbsp; CHF &nbsp; &nbsp;&nbsp;<a href=\"https:\/\/bien-etreiris.ch\/de\/produktpraesentation\/natuerliche-heilmittel\/saeure-basen-haushalt\/alkawear-funktionswaesche\/serviette\/\" class=\"read-more\">Weiter lesen<\/a><\/p>\n","protected":false},"author":1,"featured_media":75012,"parent":20368,"menu_order":2985,"comment_status":"closed","ping_status":"closed","template":"page-with-child.php","meta":{"_acf_changed":false,"ngg_post_thumbnail":0,"footnotes":""},"class_list":["post-75015","page","type-page","status-publish","has-post-thumbnail","hentry"],"acf":[],"yoast_head":"<!-- This site is optimized with the Yoast SEO plugin v27.5 - https:\/\/yoast.com\/product\/yoast-seo-wordpress\/ -->\n<title>SERVIETTE - WOHLBEFINDEN<\/title>\n<meta name=\"robots\" content=\"index, follow, max-snippet:-1, max-image-preview:large, max-video-preview:-1\" \/>\n<link rel=\"canonical\" href=\"https:\/\/bien-etreiris.ch\/de\/produktpraesentation\/natuerliche-heilmittel\/saeure-basen-haushalt\/alkawear-funktionswaesche\/serviette\/\" \/>\n<meta property=\"og:locale\" content=\"de_DE\" \/>\n<meta property=\"og:type\" content=\"article\" \/>\n<meta property=\"og:title\" content=\"SERVIETTE - WOHLBEFINDEN\" \/>\n<meta property=\"og:description\" content=\"Serviette alcaline &nbsp; &nbsp; pour envelopper\/couvrir les parties du corps trait\u00e9es sp\u00e9cialement con\u00e7ue pour les applications avec le produit AbraCaDabra humect\u00e9e d\u2019eau chaude pour enlever les r\u00e9sidus de produit utilisation \u00e9galement avec d\u2019autres applications, par ex. impr\u00e9gn\u00e9e de la solution MeineBase \/ AlcaBain en gaze de coton hypoallerg\u00e9nique, elle convient aussi parfaitement aux peaux sensibles 1 pi\u00e8ce&nbsp; CHF &nbsp; &nbsp;&nbsp;Weiter lesen\" \/>\n<meta property=\"og:url\" content=\"https:\/\/bien-etreiris.ch\/de\/produktpraesentation\/natuerliche-heilmittel\/saeure-basen-haushalt\/alkawear-funktionswaesche\/serviette\/\" \/>\n<meta property=\"og:site_name\" content=\"WOHLBEFINDEN\" \/>\n<meta property=\"article:publisher\" content=\"https:\/\/www.facebook.com\/bienetreiris\/\" \/>\n<meta property=\"article:modified_time\" content=\"2023-09-12T20:20:29+00:00\" \/>\n<meta property=\"og:image\" content=\"https:\/\/bien-etreiris.ch\/wp-content\/uploads\/2023\/09\/acceuil-serviette-alcaline.jpg\" \/>\n\t<meta property=\"og:image:width\" content=\"500\" \/>\n\t<meta property=\"og:image:height\" content=\"333\" \/>\n\t<meta property=\"og:image:type\" content=\"image\/jpeg\" \/>\n<meta name=\"twitter:label1\" content=\"Gesch\u00e4tzte Lesezeit\" \/>\n\t<meta name=\"twitter:data1\" content=\"3\u00a0Minuten\" \/>\n<script type=\"application\/ld+json\" class=\"yoast-schema-graph\">{\"@context\":\"https:\\\/\\\/schema.org\",\"@graph\":[{\"@type\":\"WebPage\",\"@id\":\"https:\\\/\\\/bien-etreiris.ch\\\/de\\\/produktpraesentation\\\/natuerliche-heilmittel\\\/saeure-basen-haushalt\\\/alkawear-funktionswaesche\\\/serviette\\\/\",\"url\":\"https:\\\/\\\/bien-etreiris.ch\\\/de\\\/produktpraesentation\\\/natuerliche-heilmittel\\\/saeure-basen-haushalt\\\/alkawear-funktionswaesche\\\/serviette\\\/\",\"name\":\"SERVIETTE - WOHLBEFINDEN\",\"isPartOf\":{\"@id\":\"https:\\\/\\\/bien-etreiris.ch\\\/de\\\/#website\"},\"primaryImageOfPage\":{\"@id\":\"https:\\\/\\\/bien-etreiris.ch\\\/de\\\/produktpraesentation\\\/natuerliche-heilmittel\\\/saeure-basen-haushalt\\\/alkawear-funktionswaesche\\\/serviette\\\/#primaryimage\"},\"image\":{\"@id\":\"https:\\\/\\\/bien-etreiris.ch\\\/de\\\/produktpraesentation\\\/natuerliche-heilmittel\\\/saeure-basen-haushalt\\\/alkawear-funktionswaesche\\\/serviette\\\/#primaryimage\"},\"thumbnailUrl\":\"https:\\\/\\\/bien-etreiris.ch\\\/wp-content\\\/uploads\\\/2023\\\/09\\\/acceuil-serviette-alcaline.jpg\",\"datePublished\":\"2023-09-12T14:00:52+00:00\",\"dateModified\":\"2023-09-12T20:20:29+00:00\",\"breadcrumb\":{\"@id\":\"https:\\\/\\\/bien-etreiris.ch\\\/de\\\/produktpraesentation\\\/natuerliche-heilmittel\\\/saeure-basen-haushalt\\\/alkawear-funktionswaesche\\\/serviette\\\/#breadcrumb\"},\"inLanguage\":\"de\",\"potentialAction\":[{\"@type\":\"ReadAction\",\"target\":[\"https:\\\/\\\/bien-etreiris.ch\\\/de\\\/produktpraesentation\\\/natuerliche-heilmittel\\\/saeure-basen-haushalt\\\/alkawear-funktionswaesche\\\/serviette\\\/\"]}]},{\"@type\":\"ImageObject\",\"inLanguage\":\"de\",\"@id\":\"https:\\\/\\\/bien-etreiris.ch\\\/de\\\/produktpraesentation\\\/natuerliche-heilmittel\\\/saeure-basen-haushalt\\\/alkawear-funktionswaesche\\\/serviette\\\/#primaryimage\",\"url\":\"https:\\\/\\\/bien-etreiris.ch\\\/wp-content\\\/uploads\\\/2023\\\/09\\\/acceuil-serviette-alcaline.jpg\",\"contentUrl\":\"https:\\\/\\\/bien-etreiris.ch\\\/wp-content\\\/uploads\\\/2023\\\/09\\\/acceuil-serviette-alcaline.jpg\",\"width\":500,\"height\":333},{\"@type\":\"BreadcrumbList\",\"@id\":\"https:\\\/\\\/bien-etreiris.ch\\\/de\\\/produktpraesentation\\\/natuerliche-heilmittel\\\/saeure-basen-haushalt\\\/alkawear-funktionswaesche\\\/serviette\\\/#breadcrumb\",\"itemListElement\":[{\"@type\":\"ListItem\",\"position\":1,\"name\":\"Home\",\"item\":\"https:\\\/\\\/bien-etreiris.ch\\\/de\\\/\"},{\"@type\":\"ListItem\",\"position\":2,\"name\":\"PRODUKTPR\u00c4SENTATION\",\"item\":\"https:\\\/\\\/bien-etreiris.ch\\\/de\\\/produktpraesentation\\\/\"},{\"@type\":\"ListItem\",\"position\":3,\"name\":\"NAT\u00dcRLICHE HEILMITTEL\",\"item\":\"https:\\\/\\\/bien-etreiris.ch\\\/de\\\/produktpraesentation\\\/natuerliche-heilmittel\\\/\"},{\"@type\":\"ListItem\",\"position\":4,\"name\":\"S\u00c4URE-BASEN-HAUSHALT\",\"item\":\"https:\\\/\\\/bien-etreiris.ch\\\/de\\\/produktpraesentation\\\/natuerliche-heilmittel\\\/saeure-basen-haushalt\\\/\"},{\"@type\":\"ListItem\",\"position\":5,\"name\":\"ALKA WEAR\",\"item\":\"https:\\\/\\\/bien-etreiris.ch\\\/de\\\/produktpraesentation\\\/natuerliche-heilmittel\\\/saeure-basen-haushalt\\\/alkawear-funktionswaesche\\\/\"},{\"@type\":\"ListItem\",\"position\":6,\"name\":\"SERVIETTE\"}]},{\"@type\":\"WebSite\",\"@id\":\"https:\\\/\\\/bien-etreiris.ch\\\/de\\\/#website\",\"url\":\"https:\\\/\\\/bien-etreiris.ch\\\/de\\\/\",\"name\":\"Bien-\u00eatre Iris\",\"description\":\"IHRE Gesundheit ist uns wichtig\",\"potentialAction\":[{\"@type\":\"SearchAction\",\"target\":{\"@type\":\"EntryPoint\",\"urlTemplate\":\"https:\\\/\\\/bien-etreiris.ch\\\/de\\\/?s={search_term_string}\"},\"query-input\":{\"@type\":\"PropertyValueSpecification\",\"valueRequired\":true,\"valueName\":\"search_term_string\"}}],\"inLanguage\":\"de\"}]}<\/script>\n<!-- \/ Yoast SEO plugin. -->","yoast_head_json":{"title":"SERVIETTE - WOHLBEFINDEN","robots":{"index":"index","follow":"follow","max-snippet":"max-snippet:-1","max-image-preview":"max-image-preview:large","max-video-preview":"max-video-preview:-1"},"canonical":"https:\/\/bien-etreiris.ch\/de\/produktpraesentation\/natuerliche-heilmittel\/saeure-basen-haushalt\/alkawear-funktionswaesche\/serviette\/","og_locale":"de_DE","og_type":"article","og_title":"SERVIETTE - WOHLBEFINDEN","og_description":"Serviette alcaline &nbsp; &nbsp; pour envelopper\/couvrir les parties du corps trait\u00e9es sp\u00e9cialement con\u00e7ue pour les applications avec le produit AbraCaDabra humect\u00e9e d\u2019eau chaude pour enlever les r\u00e9sidus de produit utilisation \u00e9galement avec d\u2019autres applications, par ex. impr\u00e9gn\u00e9e de la solution MeineBase \/ AlcaBain en gaze de coton hypoallerg\u00e9nique, elle convient aussi parfaitement aux peaux sensibles 1 pi\u00e8ce&nbsp; CHF &nbsp; &nbsp;&nbsp;Weiter lesen","og_url":"https:\/\/bien-etreiris.ch\/de\/produktpraesentation\/natuerliche-heilmittel\/saeure-basen-haushalt\/alkawear-funktionswaesche\/serviette\/","og_site_name":"WOHLBEFINDEN","article_publisher":"https:\/\/www.facebook.com\/bienetreiris\/","article_modified_time":"2023-09-12T20:20:29+00:00","og_image":[{"width":500,"height":333,"url":"https:\/\/bien-etreiris.ch\/wp-content\/uploads\/2023\/09\/acceuil-serviette-alcaline.jpg","type":"image\/jpeg"}],"twitter_misc":{"Gesch\u00e4tzte Lesezeit":"3\u00a0Minuten"},"schema":{"@context":"https:\/\/schema.org","@graph":[{"@type":"WebPage","@id":"https:\/\/bien-etreiris.ch\/de\/produktpraesentation\/natuerliche-heilmittel\/saeure-basen-haushalt\/alkawear-funktionswaesche\/serviette\/","url":"https:\/\/bien-etreiris.ch\/de\/produktpraesentation\/natuerliche-heilmittel\/saeure-basen-haushalt\/alkawear-funktionswaesche\/serviette\/","name":"SERVIETTE - WOHLBEFINDEN","isPartOf":{"@id":"https:\/\/bien-etreiris.ch\/de\/#website"},"primaryImageOfPage":{"@id":"https:\/\/bien-etreiris.ch\/de\/produktpraesentation\/natuerliche-heilmittel\/saeure-basen-haushalt\/alkawear-funktionswaesche\/serviette\/#primaryimage"},"image":{"@id":"https:\/\/bien-etreiris.ch\/de\/produktpraesentation\/natuerliche-heilmittel\/saeure-basen-haushalt\/alkawear-funktionswaesche\/serviette\/#primaryimage"},"thumbnailUrl":"https:\/\/bien-etreiris.ch\/wp-content\/uploads\/2023\/09\/acceuil-serviette-alcaline.jpg","datePublished":"2023-09-12T14:00:52+00:00","dateModified":"2023-09-12T20:20:29+00:00","breadcrumb":{"@id":"https:\/\/bien-etreiris.ch\/de\/produktpraesentation\/natuerliche-heilmittel\/saeure-basen-haushalt\/alkawear-funktionswaesche\/serviette\/#breadcrumb"},"inLanguage":"de","potentialAction":[{"@type":"ReadAction","target":["https:\/\/bien-etreiris.ch\/de\/produktpraesentation\/natuerliche-heilmittel\/saeure-basen-haushalt\/alkawear-funktionswaesche\/serviette\/"]}]},{"@type":"ImageObject","inLanguage":"de","@id":"https:\/\/bien-etreiris.ch\/de\/produktpraesentation\/natuerliche-heilmittel\/saeure-basen-haushalt\/alkawear-funktionswaesche\/serviette\/#primaryimage","url":"https:\/\/bien-etreiris.ch\/wp-content\/uploads\/2023\/09\/acceuil-serviette-alcaline.jpg","contentUrl":"https:\/\/bien-etreiris.ch\/wp-content\/uploads\/2023\/09\/acceuil-serviette-alcaline.jpg","width":500,"height":333},{"@type":"BreadcrumbList","@id":"https:\/\/bien-etreiris.ch\/de\/produktpraesentation\/natuerliche-heilmittel\/saeure-basen-haushalt\/alkawear-funktionswaesche\/serviette\/#breadcrumb","itemListElement":[{"@type":"ListItem","position":1,"name":"Home","item":"https:\/\/bien-etreiris.ch\/de\/"},{"@type":"ListItem","position":2,"name":"PRODUKTPR\u00c4SENTATION","item":"https:\/\/bien-etreiris.ch\/de\/produktpraesentation\/"},{"@type":"ListItem","position":3,"name":"NAT\u00dcRLICHE HEILMITTEL","item":"https:\/\/bien-etreiris.ch\/de\/produktpraesentation\/natuerliche-heilmittel\/"},{"@type":"ListItem","position":4,"name":"S\u00c4URE-BASEN-HAUSHALT","item":"https:\/\/bien-etreiris.ch\/de\/produktpraesentation\/natuerliche-heilmittel\/saeure-basen-haushalt\/"},{"@type":"ListItem","position":5,"name":"ALKA WEAR","item":"https:\/\/bien-etreiris.ch\/de\/produktpraesentation\/natuerliche-heilmittel\/saeure-basen-haushalt\/alkawear-funktionswaesche\/"},{"@type":"ListItem","position":6,"name":"SERVIETTE"}]},{"@type":"WebSite","@id":"https:\/\/bien-etreiris.ch\/de\/#website","url":"https:\/\/bien-etreiris.ch\/de\/","name":"Bien-\u00eatre Iris","description":"IHRE Gesundheit ist uns wichtig","potentialAction":[{"@type":"SearchAction","target":{"@type":"EntryPoint","urlTemplate":"https:\/\/bien-etreiris.ch\/de\/?s={search_term_string}"},"query-input":{"@type":"PropertyValueSpecification","valueRequired":true,"valueName":"search_term_string"}}],"inLanguage":"de"}]}},"_links":{"self":[{"href":"https:\/\/bien-etreiris.ch\/de\/wp-json\/wp\/v2\/pages\/75015","targetHints":{"allow":["GET"]}}],"collection":[{"href":"https:\/\/bien-etreiris.ch\/de\/wp-json\/wp\/v2\/pages"}],"about":[{"href":"https:\/\/bien-etreiris.ch\/de\/wp-json\/wp\/v2\/types\/page"}],"author":[{"embeddable":true,"href":"https:\/\/bien-etreiris.ch\/de\/wp-json\/wp\/v2\/users\/1"}],"replies":[{"embeddable":true,"href":"https:\/\/bien-etreiris.ch\/de\/wp-json\/wp\/v2\/comments?post=75015"}],"version-history":[{"count":2,"href":"https:\/\/bien-etreiris.ch\/de\/wp-json\/wp\/v2\/pages\/75015\/revisions"}],"predecessor-version":[{"id":75022,"href":"https:\/\/bien-etreiris.ch\/de\/wp-json\/wp\/v2\/pages\/75015\/revisions\/75022"}],"up":[{"embeddable":true,"href":"https:\/\/bien-etreiris.ch\/de\/wp-json\/wp\/v2\/pages\/20368"}],"wp:featuredmedia":[{"embeddable":true,"href":"https:\/\/bien-etreiris.ch\/de\/wp-json\/wp\/v2\/media\/75012"}],"wp:attachment":[{"href":"https:\/\/bien-etreiris.ch\/de\/wp-json\/wp\/v2\/media?parent=75015"}],"curies":[{"name":"wp","href":"https:\/\/api.w.org\/{rel}","templated":true}]}}