{"id":74949,"date":"2023-09-12T09:44:13","date_gmt":"2023-09-12T07:44:13","guid":{"rendered":"https:\/\/bien-etreiris.ch\/produktpraesentation\/natuerliche-heilmittel\/saeure-basen-haushalt\/alkawear-funktionswaesche\/coussins-alcalins-pour-les-aisselles\/"},"modified":"2023-09-12T11:02:06","modified_gmt":"2023-09-12T09:02:06","slug":"coussins-alcalins-pour-les-aisselles","status":"publish","type":"page","link":"https:\/\/bien-etreiris.ch\/de\/produktpraesentation\/natuerliche-heilmittel\/saeure-basen-haushalt\/alkawear-funktionswaesche\/coussins-alcalins-pour-les-aisselles\/","title":{"rendered":"COUSSINS AISSELLES"},"content":{"rendered":"<h2 class=\"hyphenate\">Coussins alcalins pour les aisselles<\/h2>\n<p>&nbsp;<\/p>\n<p><a href=\"https:\/\/bien-etreiris.ch\/de\/produktpraesentation\/natuerliche-heilmittel\/saeure-basen-haushalt\/alkawear-funktionswaesche\/coussins-alcalins-pour-les-aisselles\/carton-coussins-aisselles-2\/\" rel=\"attachment wp-att-74951\"><img loading=\"lazy\" decoding=\"async\" class=\"wp-image-74951 alignleft\" src=\"https:\/\/bien-etreiris.ch\/wp-content\/uploads\/2023\/09\/carton-coussins-aisselles.jpg\" alt=\"\" width=\"382\" height=\"254\" srcset=\"https:\/\/bien-etreiris.ch\/wp-content\/uploads\/2023\/09\/carton-coussins-aisselles.jpg 1170w, https:\/\/bien-etreiris.ch\/wp-content\/uploads\/2023\/09\/carton-coussins-aisselles-300x200.jpg 300w, https:\/\/bien-etreiris.ch\/wp-content\/uploads\/2023\/09\/carton-coussins-aisselles-1024x682.jpg 1024w, https:\/\/bien-etreiris.ch\/wp-content\/uploads\/2023\/09\/carton-coussins-aisselles-768x511.jpg 768w\" sizes=\"auto, (max-width: 382px) 100vw, 382px\" \/><\/a><\/p>\n<p>&nbsp;<\/p>\n<ul class=\"list-with-checkmark\" style=\"list-style-type: disc;\">\n<li>comprenant une ceinture et quatre coussins pour les aisselles &nbsp;<\/li>\n<li>Port discret&nbsp;&nbsp; &nbsp;<\/li>\n<li>Fabrication dans notre propre unit\u00e9 de production&nbsp; &nbsp;<\/li>\n<li>respect des ressources en eau et \u00e9nergie<\/li>\n<li>utilisable o\u00f9 que vous soyez : chez soi ou en voyage<\/li>\n<\/ul>\n<p>1carton avec une ceinture et quatre coussins CHF<\/p>\n<p>&nbsp;<\/p>\n<p>&nbsp;<\/p>\n<p>&nbsp;<\/p>\n<p>&nbsp;<\/p>\n<p>Que vous transpiriez beaucoup ou peu, les coussins alcalins pour les aisselles vous donnent plus d\u2018assurance et une plus grande qualit\u00e9 de vie en milieu professionnel, pendant vos loisirs et vos activit\u00e9s sportives. Les odeurs corporelles, les taches de transpiration ou de d\u00e9odorant \u00e9tant r\u00e9duites, vous retrouverez fra\u00eecheur et vous vous sentirez bien dans votre peau.<\/p>\n<p>&nbsp;<\/p>\n<h2>Composition<\/h2>\n<p><a href=\"https:\/\/bien-etreiris.ch\/de\/produktpraesentation\/natuerliche-heilmittel\/saeure-basen-haushalt\/alkawear-funktionswaesche\/coussins-alcalins-pour-les-aisselles\/oeko-test-2\/\" rel=\"attachment wp-att-74958\"><img loading=\"lazy\" decoding=\"async\" class=\"wp-image-74958 alignleft\" src=\"https:\/\/bien-etreiris.ch\/wp-content\/uploads\/2023\/09\/Oeko-test.jpg\" alt=\"\" width=\"157\" height=\"82\" srcset=\"https:\/\/bien-etreiris.ch\/wp-content\/uploads\/2023\/09\/Oeko-test.jpg 445w, https:\/\/bien-etreiris.ch\/wp-content\/uploads\/2023\/09\/Oeko-test-300x156.jpg 300w\" sizes=\"auto, (max-width: 157px) 100vw, 157px\" \/><\/a> <a href=\"https:\/\/bien-etreiris.ch\/de\/produktpraesentation\/natuerliche-heilmittel\/saeure-basen-haushalt\/alkawear-funktionswaesche\/coussins-alcalins-pour-les-aisselles\/hand-made-2\/\" rel=\"attachment wp-att-74961\"><img loading=\"lazy\" decoding=\"async\" class=\"wp-image-74961 alignleft\" src=\"https:\/\/bien-etreiris.ch\/wp-content\/uploads\/2023\/09\/Hand-made.jpg\" alt=\"\" width=\"115\" height=\"84\" srcset=\"https:\/\/bien-etreiris.ch\/wp-content\/uploads\/2023\/09\/Hand-made.jpg 311w, https:\/\/bien-etreiris.ch\/wp-content\/uploads\/2023\/09\/Hand-made-300x220.jpg 300w\" sizes=\"auto, (max-width: 115px) 100vw, 115px\" \/><\/a><\/p>\n<p>&nbsp;<\/p>\n<p>coussins : 100 % gaze de coton<br>ceinture aisselles : 80 % coton et 20 % \u00e9lasthanne<\/p>\n<p>&nbsp;<\/p>\n<p>&nbsp;<\/p>\n<div class=\"text\">\n<div>\n<h2 class=\"section-with-image-headline word-wrap subheadline\">Comment d\u00e9terminer la taille<\/h2>\n<p>Pour d\u00e9terminer la bonne taille, se munir d\u2019un m\u00e8tre ruban et mesurer votre tour de buste au-dessus de la poitrine.<\/p>\n<\/div>\n<\/div>\n<p><a href=\"https:\/\/bien-etreiris.ch\/de\/produktpraesentation\/natuerliche-heilmittel\/saeure-basen-haushalt\/alkawear-funktionswaesche\/coussins-alcalins-pour-les-aisselles\/mesures-2\/\" rel=\"attachment wp-att-74968\"><img loading=\"lazy\" decoding=\"async\" class=\"wp-image-74968 alignleft\" src=\"https:\/\/bien-etreiris.ch\/wp-content\/uploads\/2023\/09\/mesures.jpg\" alt=\"\" width=\"234\" height=\"425\" srcset=\"https:\/\/bien-etreiris.ch\/wp-content\/uploads\/2023\/09\/mesures.jpg 652w, https:\/\/bien-etreiris.ch\/wp-content\/uploads\/2023\/09\/mesures-165x300.jpg 165w, https:\/\/bien-etreiris.ch\/wp-content\/uploads\/2023\/09\/mesures-563x1024.jpg 563w\" sizes=\"auto, (max-width: 234px) 100vw, 234px\" \/><\/a><\/p>\n<p>&nbsp;<\/p>\n<p>&nbsp;<\/p>\n<p>&nbsp;<\/p>\n<p>&nbsp;<\/p>\n<p>&nbsp;<\/p>\n<p>&nbsp;<\/p>\n<div class=\"text\">\n<div>\n<ul>\n<li>Taille 1: pour un tour de buste au-dessus de la poitrine de 70 \u2013 80 cm<\/li>\n<li>Taille 2: pour un tour de buste au-dessus de la poitrine de 81 \u2013 95 cm<\/li>\n<li>Taille 3: pour un tour de buste au-dessus de la poitrine de 96 \u2013 110 cm<\/li>\n<li>Taille 4: pour un tour de buste au-dessus de la poitrine de 111 \u2013 125 cm<\/li>\n<\/ul>\n<\/div>\n<\/div>\n\n\n<p>&nbsp;<\/p>\n<p>&nbsp;<\/p>\n<p>&nbsp;<\/p>\n<p>&nbsp;<\/p>\n<p>&nbsp;<\/p>\n<p>&nbsp;<\/p>\n<p>&nbsp;<\/p>\n<p>&nbsp;<\/p>\n<div class=\"text\">\n<div>\n<h2 class=\"section-with-image-headline word-wrap \">Application<\/h2>\n<p><a href=\"https:\/\/bien-etreiris.ch\/de\/produktpraesentation\/natuerliche-heilmittel\/saeure-basen-haushalt\/alkawear-funktionswaesche\/coussins-alcalins-pour-les-aisselles\/coussins-aisselles-2\/\" rel=\"attachment wp-att-74944\"><img loading=\"lazy\" decoding=\"async\" class=\"wp-image-74944 alignleft\" src=\"https:\/\/bien-etreiris.ch\/wp-content\/uploads\/2023\/09\/Coussins-aisselles.jpg\" alt=\"\" width=\"427\" height=\"264\" srcset=\"https:\/\/bien-etreiris.ch\/wp-content\/uploads\/2023\/09\/Coussins-aisselles.jpg 1076w, https:\/\/bien-etreiris.ch\/wp-content\/uploads\/2023\/09\/Coussins-aisselles-300x185.jpg 300w, https:\/\/bien-etreiris.ch\/wp-content\/uploads\/2023\/09\/Coussins-aisselles-1024x633.jpg 1024w, https:\/\/bien-etreiris.ch\/wp-content\/uploads\/2023\/09\/Coussins-aisselles-768x475.jpg 768w\" sizes=\"auto, (max-width: 427px) 100vw, 427px\" \/><\/a><\/p>\n<\/div>\n<\/div>\n<p>&nbsp;<\/p>\n<p>&nbsp;<\/p>\n<div class=\"text\">\n<div>\n<ol>\n<li>Faire dissoudre une cuill\u00e8re \u00e0 caf\u00e9 d\u2019<a href=\"https:\/\/bien-etreiris.ch\/de\/produktpraesentation\/natuerliche-heilmittel\/saeure-basen-haushalt\/meine-base\/\" target=\"_blank\" rel=\"noopener\"><em><strong><span style=\"color: #ff6600;\">AlcaBain<\/span><\/strong><\/em> <\/a>dans env. un demi-litre d\u2019eau chaude ou froide et bien remuer.<\/li>\n<li>Faire tremper deux coussins dans la solution de fa\u00e7on \u00e0 ce qu\u2019ils soient bien mouill\u00e9s. Ensuite, bien les essorer jusqu\u2019\u00e0 ce qu\u2019ils ne gouttent plus. Fixer maintenant les coussins sur la ceinture \u00e0 l\u2019aide des boutons pression.<\/li>\n<li>Passer la ceinture autour du buste et l\u2019attacher. Avec les deux mains pos\u00e9es sur le ventre, tirer sur la ceinture pour la faire passer par-dessus la t\u00eate en veillant \u00e0 ce que le fermoir se trouve sur le dos.<\/li>\n<li>Placer ensuite les coussins dans le creux des aisselles.<\/li>\n<\/ol>\n<\/div>\n<\/div>\n<p>&nbsp;<\/p>\n<p>&nbsp;<\/p>\n<p>&nbsp;<\/p>\n<section class=\"container themenwelt-one-column\">\n<h2 class=\"word-wrap \">Dans la journ\u00e9e ou durant la nuit<\/h2>\n<p>Selon les besoins de chacun, les coussins alcalins pour les aisselles peuvent \u00eatre port\u00e9s dans la journ\u00e9e, secs comme capteur de transpiration, ou apr\u00e8s avoir \u00e9t\u00e9 imbib\u00e9s de solution alcaline, humides sous les v\u00eatements. Nous conseillons de porter les coussins alcalins humides sous la chemise de nuit ou le pyjama durant la nuit. Si besoin est, les coussins peuvent \u00eatre chang\u00e9s plusieurs fois par jour ou durant la nuit.<\/p>\n<\/section>\n<p>&nbsp;<\/p>\n<p>&nbsp;<\/p>\n<section class=\"container themenwelt-one-column\">\n<h2 class=\"word-wrap \">Instruction de lavage<\/h2>\n<p>Laver les coussins en machine, temp\u00e9rature maximale 60\u00b0 C, avec une lessive pour couleurs. Une fois lav\u00e9s, \u00e9tirer les coussins pour leur redonner leur forme initiale. Si n\u00e9cessaire, les repasser en r\u00e9glant le thermostat sur temp\u00e9rature coton. Ils peuvent \u00e9galement \u00eatre mis au s\u00e8che-linge \u00e0 basse temp\u00e9rature.<\/p>\n<p>Il n\u2019est pas n\u00e9cessaire de la laver apr\u00e8s chaque utilisation. La temp\u00e9rature de lavage pour la ceinture est de 30\u00b0 C maximum. Elle doit \u00eatre lav\u00e9e avec une lessive pour tissus d\u00e9licats.<\/p>\n<p><strong>Remarque <\/strong>: Les textiles AlkaWear d\u00e9j\u00e0 port\u00e9s ne seront ni repris ni \u00e9chang\u00e9s.<\/p>\n<\/section>\n","protected":false},"excerpt":{"rendered":"<p>Coussins alcalins pour les aisselles &nbsp; &nbsp; comprenant une ceinture et quatre coussins pour les aisselles &nbsp; Port discret&nbsp;&nbsp; &nbsp; Fabrication dans notre propre unit\u00e9 de production&nbsp; &nbsp; respect des ressources en eau et \u00e9nergie utilisable o\u00f9 que vous soyez : chez soi ou en voyage 1carton avec une ceinture et quatre coussins CHF &nbsp; &nbsp; &nbsp; &nbsp; Que vous&nbsp;<a href=\"https:\/\/bien-etreiris.ch\/de\/produktpraesentation\/natuerliche-heilmittel\/saeure-basen-haushalt\/alkawear-funktionswaesche\/coussins-alcalins-pour-les-aisselles\/\" class=\"read-more\">Weiter lesen<\/a><\/p>\n","protected":false},"author":1,"featured_media":74946,"parent":20368,"menu_order":2980,"comment_status":"closed","ping_status":"closed","template":"page-with-child.php","meta":{"_acf_changed":false,"ngg_post_thumbnail":0,"footnotes":""},"class_list":["post-74949","page","type-page","status-publish","has-post-thumbnail","hentry"],"acf":[],"yoast_head":"<!-- This site is optimized with the Yoast SEO plugin v27.4 - https:\/\/yoast.com\/product\/yoast-seo-wordpress\/ -->\n<title>COUSSINS AISSELLES - WOHLBEFINDEN<\/title>\n<meta name=\"robots\" content=\"index, follow, max-snippet:-1, max-image-preview:large, max-video-preview:-1\" \/>\n<link rel=\"canonical\" href=\"https:\/\/bien-etreiris.ch\/de\/produktpraesentation\/natuerliche-heilmittel\/saeure-basen-haushalt\/alkawear-funktionswaesche\/coussins-alcalins-pour-les-aisselles\/\" \/>\n<meta property=\"og:locale\" content=\"de_DE\" \/>\n<meta property=\"og:type\" content=\"article\" \/>\n<meta property=\"og:title\" content=\"COUSSINS AISSELLES - WOHLBEFINDEN\" \/>\n<meta property=\"og:description\" content=\"Coussins alcalins pour les aisselles &nbsp; &nbsp; comprenant une ceinture et quatre coussins pour les aisselles &nbsp; Port discret&nbsp;&nbsp; &nbsp; Fabrication dans notre propre unit\u00e9 de production&nbsp; &nbsp; respect des ressources en eau et \u00e9nergie utilisable o\u00f9 que vous soyez : chez soi ou en voyage 1carton avec une ceinture et quatre coussins CHF &nbsp; &nbsp; &nbsp; &nbsp; Que vous&nbsp;Weiter lesen\" \/>\n<meta property=\"og:url\" content=\"https:\/\/bien-etreiris.ch\/de\/produktpraesentation\/natuerliche-heilmittel\/saeure-basen-haushalt\/alkawear-funktionswaesche\/coussins-alcalins-pour-les-aisselles\/\" \/>\n<meta property=\"og:site_name\" content=\"WOHLBEFINDEN\" \/>\n<meta property=\"article:publisher\" content=\"https:\/\/www.facebook.com\/bienetreiris\/\" \/>\n<meta property=\"article:modified_time\" content=\"2023-09-12T09:02:06+00:00\" \/>\n<meta property=\"og:image\" content=\"https:\/\/bien-etreiris.ch\/wp-content\/uploads\/2023\/09\/Coussins-aisselles.jpg\" \/>\n\t<meta property=\"og:image:width\" content=\"1076\" \/>\n\t<meta property=\"og:image:height\" content=\"665\" \/>\n\t<meta property=\"og:image:type\" content=\"image\/jpeg\" \/>\n<meta name=\"twitter:label1\" content=\"Gesch\u00e4tzte Lesezeit\" \/>\n\t<meta name=\"twitter:data1\" content=\"4\u00a0Minuten\" \/>\n<script type=\"application\/ld+json\" class=\"yoast-schema-graph\">{\"@context\":\"https:\\\/\\\/schema.org\",\"@graph\":[{\"@type\":\"WebPage\",\"@id\":\"https:\\\/\\\/bien-etreiris.ch\\\/de\\\/produktpraesentation\\\/natuerliche-heilmittel\\\/saeure-basen-haushalt\\\/alkawear-funktionswaesche\\\/coussins-alcalins-pour-les-aisselles\\\/\",\"url\":\"https:\\\/\\\/bien-etreiris.ch\\\/de\\\/produktpraesentation\\\/natuerliche-heilmittel\\\/saeure-basen-haushalt\\\/alkawear-funktionswaesche\\\/coussins-alcalins-pour-les-aisselles\\\/\",\"name\":\"COUSSINS AISSELLES - WOHLBEFINDEN\",\"isPartOf\":{\"@id\":\"https:\\\/\\\/bien-etreiris.ch\\\/de\\\/#website\"},\"primaryImageOfPage\":{\"@id\":\"https:\\\/\\\/bien-etreiris.ch\\\/de\\\/produktpraesentation\\\/natuerliche-heilmittel\\\/saeure-basen-haushalt\\\/alkawear-funktionswaesche\\\/coussins-alcalins-pour-les-aisselles\\\/#primaryimage\"},\"image\":{\"@id\":\"https:\\\/\\\/bien-etreiris.ch\\\/de\\\/produktpraesentation\\\/natuerliche-heilmittel\\\/saeure-basen-haushalt\\\/alkawear-funktionswaesche\\\/coussins-alcalins-pour-les-aisselles\\\/#primaryimage\"},\"thumbnailUrl\":\"https:\\\/\\\/bien-etreiris.ch\\\/wp-content\\\/uploads\\\/2023\\\/09\\\/Coussins-aisselles.jpg\",\"datePublished\":\"2023-09-12T07:44:13+00:00\",\"dateModified\":\"2023-09-12T09:02:06+00:00\",\"breadcrumb\":{\"@id\":\"https:\\\/\\\/bien-etreiris.ch\\\/de\\\/produktpraesentation\\\/natuerliche-heilmittel\\\/saeure-basen-haushalt\\\/alkawear-funktionswaesche\\\/coussins-alcalins-pour-les-aisselles\\\/#breadcrumb\"},\"inLanguage\":\"de\",\"potentialAction\":[{\"@type\":\"ReadAction\",\"target\":[\"https:\\\/\\\/bien-etreiris.ch\\\/de\\\/produktpraesentation\\\/natuerliche-heilmittel\\\/saeure-basen-haushalt\\\/alkawear-funktionswaesche\\\/coussins-alcalins-pour-les-aisselles\\\/\"]}]},{\"@type\":\"ImageObject\",\"inLanguage\":\"de\",\"@id\":\"https:\\\/\\\/bien-etreiris.ch\\\/de\\\/produktpraesentation\\\/natuerliche-heilmittel\\\/saeure-basen-haushalt\\\/alkawear-funktionswaesche\\\/coussins-alcalins-pour-les-aisselles\\\/#primaryimage\",\"url\":\"https:\\\/\\\/bien-etreiris.ch\\\/wp-content\\\/uploads\\\/2023\\\/09\\\/Coussins-aisselles.jpg\",\"contentUrl\":\"https:\\\/\\\/bien-etreiris.ch\\\/wp-content\\\/uploads\\\/2023\\\/09\\\/Coussins-aisselles.jpg\",\"width\":1076,\"height\":665},{\"@type\":\"BreadcrumbList\",\"@id\":\"https:\\\/\\\/bien-etreiris.ch\\\/de\\\/produktpraesentation\\\/natuerliche-heilmittel\\\/saeure-basen-haushalt\\\/alkawear-funktionswaesche\\\/coussins-alcalins-pour-les-aisselles\\\/#breadcrumb\",\"itemListElement\":[{\"@type\":\"ListItem\",\"position\":1,\"name\":\"Home\",\"item\":\"https:\\\/\\\/bien-etreiris.ch\\\/de\\\/\"},{\"@type\":\"ListItem\",\"position\":2,\"name\":\"PRODUKTPR\u00c4SENTATION\",\"item\":\"https:\\\/\\\/bien-etreiris.ch\\\/de\\\/produktpraesentation\\\/\"},{\"@type\":\"ListItem\",\"position\":3,\"name\":\"NAT\u00dcRLICHE HEILMITTEL\",\"item\":\"https:\\\/\\\/bien-etreiris.ch\\\/de\\\/produktpraesentation\\\/natuerliche-heilmittel\\\/\"},{\"@type\":\"ListItem\",\"position\":4,\"name\":\"S\u00c4URE-BASEN-HAUSHALT\",\"item\":\"https:\\\/\\\/bien-etreiris.ch\\\/de\\\/produktpraesentation\\\/natuerliche-heilmittel\\\/saeure-basen-haushalt\\\/\"},{\"@type\":\"ListItem\",\"position\":5,\"name\":\"ALKA WEAR\",\"item\":\"https:\\\/\\\/bien-etreiris.ch\\\/de\\\/produktpraesentation\\\/natuerliche-heilmittel\\\/saeure-basen-haushalt\\\/alkawear-funktionswaesche\\\/\"},{\"@type\":\"ListItem\",\"position\":6,\"name\":\"COUSSINS AISSELLES\"}]},{\"@type\":\"WebSite\",\"@id\":\"https:\\\/\\\/bien-etreiris.ch\\\/de\\\/#website\",\"url\":\"https:\\\/\\\/bien-etreiris.ch\\\/de\\\/\",\"name\":\"Bien-\u00eatre Iris\",\"description\":\"IHRE Gesundheit ist uns wichtig\",\"potentialAction\":[{\"@type\":\"SearchAction\",\"target\":{\"@type\":\"EntryPoint\",\"urlTemplate\":\"https:\\\/\\\/bien-etreiris.ch\\\/de\\\/?s={search_term_string}\"},\"query-input\":{\"@type\":\"PropertyValueSpecification\",\"valueRequired\":true,\"valueName\":\"search_term_string\"}}],\"inLanguage\":\"de\"}]}<\/script>\n<!-- \/ Yoast SEO plugin. -->","yoast_head_json":{"title":"COUSSINS AISSELLES - WOHLBEFINDEN","robots":{"index":"index","follow":"follow","max-snippet":"max-snippet:-1","max-image-preview":"max-image-preview:large","max-video-preview":"max-video-preview:-1"},"canonical":"https:\/\/bien-etreiris.ch\/de\/produktpraesentation\/natuerliche-heilmittel\/saeure-basen-haushalt\/alkawear-funktionswaesche\/coussins-alcalins-pour-les-aisselles\/","og_locale":"de_DE","og_type":"article","og_title":"COUSSINS AISSELLES - WOHLBEFINDEN","og_description":"Coussins alcalins pour les aisselles &nbsp; &nbsp; comprenant une ceinture et quatre coussins pour les aisselles &nbsp; Port discret&nbsp;&nbsp; &nbsp; Fabrication dans notre propre unit\u00e9 de production&nbsp; &nbsp; respect des ressources en eau et \u00e9nergie utilisable o\u00f9 que vous soyez : chez soi ou en voyage 1carton avec une ceinture et quatre coussins CHF &nbsp; &nbsp; &nbsp; &nbsp; Que vous&nbsp;Weiter lesen","og_url":"https:\/\/bien-etreiris.ch\/de\/produktpraesentation\/natuerliche-heilmittel\/saeure-basen-haushalt\/alkawear-funktionswaesche\/coussins-alcalins-pour-les-aisselles\/","og_site_name":"WOHLBEFINDEN","article_publisher":"https:\/\/www.facebook.com\/bienetreiris\/","article_modified_time":"2023-09-12T09:02:06+00:00","og_image":[{"width":1076,"height":665,"url":"https:\/\/bien-etreiris.ch\/wp-content\/uploads\/2023\/09\/Coussins-aisselles.jpg","type":"image\/jpeg"}],"twitter_misc":{"Gesch\u00e4tzte Lesezeit":"4\u00a0Minuten"},"schema":{"@context":"https:\/\/schema.org","@graph":[{"@type":"WebPage","@id":"https:\/\/bien-etreiris.ch\/de\/produktpraesentation\/natuerliche-heilmittel\/saeure-basen-haushalt\/alkawear-funktionswaesche\/coussins-alcalins-pour-les-aisselles\/","url":"https:\/\/bien-etreiris.ch\/de\/produktpraesentation\/natuerliche-heilmittel\/saeure-basen-haushalt\/alkawear-funktionswaesche\/coussins-alcalins-pour-les-aisselles\/","name":"COUSSINS AISSELLES - WOHLBEFINDEN","isPartOf":{"@id":"https:\/\/bien-etreiris.ch\/de\/#website"},"primaryImageOfPage":{"@id":"https:\/\/bien-etreiris.ch\/de\/produktpraesentation\/natuerliche-heilmittel\/saeure-basen-haushalt\/alkawear-funktionswaesche\/coussins-alcalins-pour-les-aisselles\/#primaryimage"},"image":{"@id":"https:\/\/bien-etreiris.ch\/de\/produktpraesentation\/natuerliche-heilmittel\/saeure-basen-haushalt\/alkawear-funktionswaesche\/coussins-alcalins-pour-les-aisselles\/#primaryimage"},"thumbnailUrl":"https:\/\/bien-etreiris.ch\/wp-content\/uploads\/2023\/09\/Coussins-aisselles.jpg","datePublished":"2023-09-12T07:44:13+00:00","dateModified":"2023-09-12T09:02:06+00:00","breadcrumb":{"@id":"https:\/\/bien-etreiris.ch\/de\/produktpraesentation\/natuerliche-heilmittel\/saeure-basen-haushalt\/alkawear-funktionswaesche\/coussins-alcalins-pour-les-aisselles\/#breadcrumb"},"inLanguage":"de","potentialAction":[{"@type":"ReadAction","target":["https:\/\/bien-etreiris.ch\/de\/produktpraesentation\/natuerliche-heilmittel\/saeure-basen-haushalt\/alkawear-funktionswaesche\/coussins-alcalins-pour-les-aisselles\/"]}]},{"@type":"ImageObject","inLanguage":"de","@id":"https:\/\/bien-etreiris.ch\/de\/produktpraesentation\/natuerliche-heilmittel\/saeure-basen-haushalt\/alkawear-funktionswaesche\/coussins-alcalins-pour-les-aisselles\/#primaryimage","url":"https:\/\/bien-etreiris.ch\/wp-content\/uploads\/2023\/09\/Coussins-aisselles.jpg","contentUrl":"https:\/\/bien-etreiris.ch\/wp-content\/uploads\/2023\/09\/Coussins-aisselles.jpg","width":1076,"height":665},{"@type":"BreadcrumbList","@id":"https:\/\/bien-etreiris.ch\/de\/produktpraesentation\/natuerliche-heilmittel\/saeure-basen-haushalt\/alkawear-funktionswaesche\/coussins-alcalins-pour-les-aisselles\/#breadcrumb","itemListElement":[{"@type":"ListItem","position":1,"name":"Home","item":"https:\/\/bien-etreiris.ch\/de\/"},{"@type":"ListItem","position":2,"name":"PRODUKTPR\u00c4SENTATION","item":"https:\/\/bien-etreiris.ch\/de\/produktpraesentation\/"},{"@type":"ListItem","position":3,"name":"NAT\u00dcRLICHE HEILMITTEL","item":"https:\/\/bien-etreiris.ch\/de\/produktpraesentation\/natuerliche-heilmittel\/"},{"@type":"ListItem","position":4,"name":"S\u00c4URE-BASEN-HAUSHALT","item":"https:\/\/bien-etreiris.ch\/de\/produktpraesentation\/natuerliche-heilmittel\/saeure-basen-haushalt\/"},{"@type":"ListItem","position":5,"name":"ALKA WEAR","item":"https:\/\/bien-etreiris.ch\/de\/produktpraesentation\/natuerliche-heilmittel\/saeure-basen-haushalt\/alkawear-funktionswaesche\/"},{"@type":"ListItem","position":6,"name":"COUSSINS AISSELLES"}]},{"@type":"WebSite","@id":"https:\/\/bien-etreiris.ch\/de\/#website","url":"https:\/\/bien-etreiris.ch\/de\/","name":"Bien-\u00eatre Iris","description":"IHRE Gesundheit ist uns wichtig","potentialAction":[{"@type":"SearchAction","target":{"@type":"EntryPoint","urlTemplate":"https:\/\/bien-etreiris.ch\/de\/?s={search_term_string}"},"query-input":{"@type":"PropertyValueSpecification","valueRequired":true,"valueName":"search_term_string"}}],"inLanguage":"de"}]}},"_links":{"self":[{"href":"https:\/\/bien-etreiris.ch\/de\/wp-json\/wp\/v2\/pages\/74949","targetHints":{"allow":["GET"]}}],"collection":[{"href":"https:\/\/bien-etreiris.ch\/de\/wp-json\/wp\/v2\/pages"}],"about":[{"href":"https:\/\/bien-etreiris.ch\/de\/wp-json\/wp\/v2\/types\/page"}],"author":[{"embeddable":true,"href":"https:\/\/bien-etreiris.ch\/de\/wp-json\/wp\/v2\/users\/1"}],"replies":[{"embeddable":true,"href":"https:\/\/bien-etreiris.ch\/de\/wp-json\/wp\/v2\/comments?post=74949"}],"version-history":[{"count":10,"href":"https:\/\/bien-etreiris.ch\/de\/wp-json\/wp\/v2\/pages\/74949\/revisions"}],"predecessor-version":[{"id":74998,"href":"https:\/\/bien-etreiris.ch\/de\/wp-json\/wp\/v2\/pages\/74949\/revisions\/74998"}],"up":[{"embeddable":true,"href":"https:\/\/bien-etreiris.ch\/de\/wp-json\/wp\/v2\/pages\/20368"}],"wp:featuredmedia":[{"embeddable":true,"href":"https:\/\/bien-etreiris.ch\/de\/wp-json\/wp\/v2\/media\/74946"}],"wp:attachment":[{"href":"https:\/\/bien-etreiris.ch\/de\/wp-json\/wp\/v2\/media?parent=74949"}],"curies":[{"name":"wp","href":"https:\/\/api.w.org\/{rel}","templated":true}]}}