{"id":74900,"date":"2023-09-12T08:02:39","date_gmt":"2023-09-12T06:02:39","guid":{"rendered":"https:\/\/bien-etreiris.ch\/produktpraesentation\/natuerliche-heilmittel\/saeure-basen-haushalt\/alkawear-funktionswaesche\/74890-2\/"},"modified":"2023-09-13T01:25:40","modified_gmt":"2023-09-12T23:25:40","slug":"coussinets-pour-la-poitrine","status":"publish","type":"page","link":"https:\/\/bien-etreiris.ch\/de\/produktpraesentation\/natuerliche-heilmittel\/saeure-basen-haushalt\/alkawear-funktionswaesche\/coussinets-pour-la-poitrine\/","title":{"rendered":"COUSSINETS POITRINE"},"content":{"rendered":"<h2 class=\"hyphenate\">Coussinets alcalins pour la poitrine<\/h2>\n<p><a href=\"https:\/\/bien-etreiris.ch\/presentations-des-produits\/remedes-naturels\/equilibre-acido-basique\/alka-wear\/coussinets-alcalins-pour-la-poitrine\/emballage-compresses-poitrine\/\" rel=\"attachment wp-att-74891\"><img loading=\"lazy\" decoding=\"async\" class=\"wp-image-74891 alignleft\" src=\"https:\/\/bien-etreiris.ch\/wp-content\/uploads\/2023\/09\/emballage-compresses-poitrine.jpg\" alt=\"\" width=\"227\" height=\"289\" srcset=\"https:\/\/bien-etreiris.ch\/wp-content\/uploads\/2023\/09\/emballage-compresses-poitrine.jpg 502w, https:\/\/bien-etreiris.ch\/wp-content\/uploads\/2023\/09\/emballage-compresses-poitrine-235x300.jpg 235w\" sizes=\"auto, (max-width: 227px) 100vw, 227px\" \/><\/a><\/p>\n<p>&nbsp;<\/p>\n<p>&nbsp;<\/p>\n<p>&nbsp;<\/p>\n<ul class=\"list-with-checkmark\" style=\"list-style-type: disc;\">\n<li>en cas d\u2019irritations cutan\u00e9es, de transpiration et d\u2019ecz\u00e9ma<\/li>\n<li>en cas de douleurs d\u2018allaitement<\/li>\n<li>hypoallerg\u00e9nique<\/li>\n<li>confort individuel<\/li>\n<\/ul>\n<p>1 Carton avec 4 Pi\u00e8ces CHF<\/p>\n<p>&nbsp;<\/p>\n<p>&nbsp;<\/p>\n<p>&nbsp;<\/p>\n<p>&nbsp;<\/p>\n<div class=\"product-body\">\n<p>Les coussinets alcalins pour la poitrine fabriqu\u00e9s dans une gaze de coton de grande qualit\u00e9 hypoallerg\u00e9nique soulagent efficacement en cas d\u2019affections et de probl\u00e8mes cutan\u00e9s au niveau de la poitrine chez la femme. Un frottement constant et une forte transpiration dans le pli cutan\u00e9 sous la poitrine peuvent irriter cette partie sensible de la peau et provoquer des rougeurs et des irritations cutan\u00e9es visibles. De plus en plus de femmes constatent l\u2019apparition de cloques, de mycoses et d\u2019inflammations telles que l\u2019ecz\u00e9ma, sous la poitrine ou aux points de pression du soutien-gorge \u2013 plus particuli\u00e8rement pendant les chaudes journ\u00e9es d\u2019\u00e9t\u00e9.<\/p>\n<p>Les coussinets imbib\u00e9s de solution alcaline apportent une aide pr\u00e9cieuse dans de tels cas ! Agr\u00e9ables \u00e0 porter \u00e0 l\u2019int\u00e9rieur du soutien-gorge, les coussinets modifie l\u2019environnement de la peau et \u00e9liminent les bact\u00e9ries, les virus et les champignons nocifs, facteurs d\u2019inflammation, qui appr\u00e9cient particuli\u00e8rement un milieu au ph acide. En outre, ils stoppent les d\u00e9mangeaisons imp\u00e9rieuses et favorisent activement la r\u00e9g\u00e9n\u00e9ration de la peau s\u00e8che et stress\u00e9e \u2013 le compagnon id\u00e9al pour un beau d\u00e9collet\u00e9 bien soign\u00e9 !<\/p>\n<p>Ces coussinets pour la poitrine sans pareil sont capables de soulager les douleurs d\u2019allaitement. Ils apaisent les mamelons irrit\u00e9s et endoloris apr\u00e8s l\u2019allaitement. En cas de durcissement d\u00e9sagr\u00e9able au niveau de la poitrine comme le gonflement des glandes mammaires et des ganglions lymphatiques, ils peuvent \u00e9galement avoir un effet d\u00e9congestionnant. Les coussinets alcalins pour la poitrine sont donc une alternative pratique aux cataplasmes mammaires anti-inflammatoires et aux compresses de fromage frais : confort flexible chez soi et en route !<\/p>\n<p>Les coussins alcalins pour la poitrine sont disponibles en deux tailles : <strong>env. 19 cm x 13 cm et env. 25 cm x 18 cm (XL)<\/strong>. Des tailles sp\u00e9ciales sont disponibles sur demande.<\/p>\n<\/div>\n<p>&nbsp;<\/p>\n<p>&nbsp;<\/p>\n<h2 class=\"word-wrap \">Application <span class=\"subheadline\">Confort individuel<\/span><\/h2>\n<p>&nbsp;<\/p>\n<p>&nbsp;<a href=\"https:\/\/bien-etreiris.ch\/presentations-des-produits\/remedes-naturels\/equilibre-acido-basique\/alka-wear\/74890-2\/compresses-poitrine-explication\/\" rel=\"attachment wp-att-74902\"><img loading=\"lazy\" decoding=\"async\" class=\"wp-image-74902 alignleft\" src=\"https:\/\/bien-etreiris.ch\/wp-content\/uploads\/2023\/09\/compresses-poitrine-explication.jpg\" alt=\"\" width=\"722\" height=\"263\" srcset=\"https:\/\/bien-etreiris.ch\/wp-content\/uploads\/2023\/09\/compresses-poitrine-explication.jpg 1170w, https:\/\/bien-etreiris.ch\/wp-content\/uploads\/2023\/09\/compresses-poitrine-explication-300x109.jpg 300w, https:\/\/bien-etreiris.ch\/wp-content\/uploads\/2023\/09\/compresses-poitrine-explication-1024x373.jpg 1024w, https:\/\/bien-etreiris.ch\/wp-content\/uploads\/2023\/09\/compresses-poitrine-explication-768x280.jpg 768w\" sizes=\"auto, (max-width: 722px) 100vw, 722px\" \/><\/a><\/p>\n<p>&nbsp;<\/p>\n<p>&nbsp;<\/p>\n<p>&nbsp;<\/p>\n<p>&nbsp;<\/p>\n<p>&nbsp;<\/p>\n<p>&nbsp;<\/p>\n<p>1. sur le c\u00f4t\u00e9 du sein<\/p>\n<p>2. pli\u00e9 en deux sous le sein<\/p>\n<p>3. non pli\u00e9 sur le sein<\/p>\n<p>Mettre le soutien-gorge, si n\u00e9cessaire plier les coussinets et les positionner en soulevant l\u00e9g\u00e8rement le soutien-gorge. Il est aussi possible de placer le soutien-gorge sur le bord sec du lavabo, l'int\u00e9rieur des bonnets \u00e9tant tourn\u00e9 vers le haut. Si besoin est, replier les coussinets alcalins et les positionner \u00e0 l'endroit souhait\u00e9 dans les bonnets et mettre le soutien-gorge. Les coussinets peuvent \u00eatre utilis\u00e9s \u00e0 sec ou combin\u00e9s avec <a href=\"https:\/\/bien-etreiris.ch\/de\/produktpraesentation\/natuerliche-heilmittel\/saeure-basen-haushalt\/meine-base\/\" target=\"_blank\" rel=\"noopener\"><em><strong><span style=\"color: #ff9900;\">AlcaBain <\/span><\/strong><\/em><\/a>ou <span style=\"color: #ff9900;\"><em><strong><a href=\"https:\/\/bien-etreiris.ch\/presentations-des-produits\/remedes-naturels\/equilibre-acido-basique\/mira-vera\/\" target=\"_blank\" rel=\"noopener\">MiraVera<\/a>.<\/strong><\/em><\/span><\/p>\n<p>&nbsp;<\/p>\n<p>&nbsp;<\/p>\n<div class=\"text\">\n<div>\n<h4>Application<\/h4>\n<p><strong>avec <\/strong><a href=\"https:\/\/bien-etreiris.ch\/de\/produktpraesentation\/natuerliche-heilmittel\/saeure-basen-haushalt\/meine-base\/\" target=\"_blank\" rel=\"noopener\"><em><span style=\"color: #ff9900;\">AlcaBain<\/span><\/em><\/a><\/p>\n<p>Faire tremper les coussinets dans un demi-litre de solution alcaline compos\u00e9e d\u2019eau tr\u00e8s chaude et <a href=\"https:\/\/bien-etreiris.ch\/presentations-des-produits\/remedes-naturels\/equilibre-acido-basique\/alka-wear\/coussinets-alcalins-pour-la-poitrine\/compresses-poitrine\/\" rel=\"attachment wp-att-74894\"><img loading=\"lazy\" decoding=\"async\" class=\"size-full wp-image-74894 alignright\" src=\"https:\/\/bien-etreiris.ch\/wp-content\/uploads\/2023\/09\/compresses-poitrine.jpg\" alt=\"\" width=\"500\" height=\"333\" srcset=\"https:\/\/bien-etreiris.ch\/wp-content\/uploads\/2023\/09\/compresses-poitrine.jpg 500w, https:\/\/bien-etreiris.ch\/wp-content\/uploads\/2023\/09\/compresses-poitrine-300x200.jpg 300w\" sizes=\"auto, (max-width: 500px) 100vw, 500px\" \/><\/a>d\u2019<a href=\"https:\/\/bien-etreiris.ch\/de\/produktpraesentation\/natuerliche-heilmittel\/saeure-basen-haushalt\/meine-base\/\" target=\"_blank\" rel=\"noopener\"><em><strong><span style=\"color: #ff9900;\">AlcaBain<\/span><\/strong><\/em><\/a> ; bien essorer les coussinets de mani\u00e8re \u00e0 ce qu\u2019ils soient uniform\u00e9ment mouill\u00e9s et n\u2019\u00e9gouttent pas. Selon les besoins, il n\u2019est pas n\u00e9cessaire de faire tremper les coussinets dans la solution alcaline. Il suffit de les humidifier l\u00e9g\u00e8rement sur la face au contact de la peau. Placer ensuite les coussinets sur la poitrine aux endroits souhait\u00e9s.<\/p>\n<p><strong>avec<\/strong> <a href=\"https:\/\/bien-etreiris.ch\/presentations-des-produits\/remedes-naturels\/equilibre-acido-basique\/mira-vera\/\" target=\"_blank\" rel=\"noopener\"><em><span style=\"color: #ff9900;\">MiraVera<\/span><\/em><\/a><\/p>\n<p>En cas d\u2019inflammations et de mycoses au niveau de la poitrine, les coussinets peuvent \u00eatre \u00e9galement utilis\u00e9s combin\u00e9s avec <a href=\"https:\/\/bien-etreiris.ch\/presentations-des-produits\/remedes-naturels\/equilibre-acido-basique\/mira-vera\/\" target=\"_blank\" rel=\"noopener\"><strong><em><span style=\"color: #ff9900;\">MiraVera<\/span><\/em><\/strong><\/a>. Humidifier les coussinets, sur les parties qui seront au contact de la peau, en pulv\u00e9risant 2 fois.<\/p>\n<\/div>\n<p>&nbsp;<\/p>\n<\/div>\n<p>&nbsp;<\/p>\n<p>&nbsp;<\/p>\n<div class=\"text\">\n<div>\n<h4>&nbsp;<\/h4>\n<p><strong><a href=\"https:\/\/bien-etreiris.ch\/presentations-des-produits\/remedes-naturels\/equilibre-acido-basique\/alka-wear\/74890-2\/abracadabra-3\/\" rel=\"attachment wp-att-74905\"><img loading=\"lazy\" decoding=\"async\" class=\" wp-image-74905 alignleft\" src=\"https:\/\/bien-etreiris.ch\/wp-content\/uploads\/2023\/09\/abracadabra.jpg\" alt=\"\" width=\"373\" height=\"215\" srcset=\"https:\/\/bien-etreiris.ch\/wp-content\/uploads\/2023\/09\/abracadabra.jpg 640w, https:\/\/bien-etreiris.ch\/wp-content\/uploads\/2023\/09\/abracadabra-300x173.jpg 300w\" sizes=\"auto, (max-width: 373px) 100vw, 373px\" \/><\/a><\/strong><\/p>\n<h4>Application <strong>avec <\/strong><a href=\"https:\/\/bien-etreiris.ch\/de\/produktpraesentation\/natuerliche-heilmittel\/saeure-basen-haushalt\/apracadabra\/\" target=\"_blank\" rel=\"noopener\"><em><span style=\"color: #ff9900;\">AbraCaDabra<\/span><\/em><\/a><strong><sup>\u00ae<\/sup><\/strong><\/h4>\n<p><span style=\"color: #ff9900;\"><a style=\"color: #ff9900;\" href=\"https:\/\/bien-etreiris.ch\/de\/produktpraesentation\/natuerliche-heilmittel\/saeure-basen-haushalt\/apracadabra\/\" target=\"_blank\" rel=\"noopener\"><em><strong>AbraCaDabra<\/strong><\/em><\/a><\/span> peut \u00eatre utilis\u00e9 comme soutien en cas d'irritations et de probl\u00e8mes cutan\u00e9s. Humidifiez un sachet-filtre pr\u00e9alablement rempli d<em><strong><span style=\"color: #ff9900;\">'<a style=\"color: #ff9900;\" href=\"https:\/\/bien-etreiris.ch\/de\/produktpraesentation\/natuerliche-heilmittel\/saeure-basen-haushalt\/apracadabra\/\" target=\"_blank\" rel=\"noopener\">AbraCaDabra<\/a><\/span><\/strong><\/em> (contenu : 1,5 g) avec de l'eau bouillante. Ensuite, placez le sachet-filtre refroidi \u00e0 la temp\u00e9rature du corps sur la zone souhait\u00e9e et couvrez-le \u00e0 l'aide du coussinet pour la poitrine.<\/p>\n<\/div>\n<\/div>\n<p>&nbsp;<\/p>\n<p>&nbsp;<\/p>\n<p>&nbsp;<\/p>\n<p>&nbsp;<\/p>\n<section class=\"container themenwelt-one-column\">\n<h2 class=\"word-wrap subheadline\">Autres utilisations possibles<\/h2>\n<p>Coussinets d\u2018allaitement, disques d\u00e9maquillants lavables et r\u00e9utilisables, compresses alcalines sur les yeux, le front et les sinus.<\/p>\n<\/section>\n<section class=\"section-with-image themenwelt-container clipped\">\n<div class=\"image sm:hidden lazyloaded\" data-bgset=\"\/site\/assets\/files\/3579\/24_stunden_brustkissen.220x0.webp 220w, \/site\/assets\/files\/3579\/24_stunden_brustkissen.768x0.webp 768w, \/site\/assets\/files\/3579\/24_stunden_brustkissen.1200x0.webp 1200w\">&nbsp;<\/div>\n<div class=\"text\">\n<div>\n<h4><a href=\"https:\/\/bien-etreiris.ch\/presentations-des-produits\/remedes-naturels\/equilibre-acido-basique\/alka-wear\/coussinets-alcalins-pour-la-poitrine\/24-heures\/\" rel=\"attachment wp-att-74928\"><img loading=\"lazy\" decoding=\"async\" class=\"wp-image-74928 alignleft\" src=\"https:\/\/bien-etreiris.ch\/wp-content\/uploads\/2023\/09\/24-heures.png\" alt=\"\" width=\"230\" height=\"233\" srcset=\"https:\/\/bien-etreiris.ch\/wp-content\/uploads\/2023\/09\/24-heures.png 1170w, https:\/\/bien-etreiris.ch\/wp-content\/uploads\/2023\/09\/24-heures-295x300.png 295w, https:\/\/bien-etreiris.ch\/wp-content\/uploads\/2023\/09\/24-heures-1008x1024.png 1008w, https:\/\/bien-etreiris.ch\/wp-content\/uploads\/2023\/09\/24-heures-768x780.png 768w\" sizes=\"auto, (max-width: 230px) 100vw, 230px\" \/><\/a><\/h4>\n<h4>&nbsp;<\/h4>\n<h4>&nbsp;<\/h4>\n<h4>Fr\u00e9quence d\u2018utilisation<\/h4>\n<p>Les coussinets pour la poitrine peuvent \u00eatre port\u00e9s sous le soutien-gorge toute la journ\u00e9e et tous les jours. La dur\u00e9e d\u2019utilisation doit \u00eatre d\u00e9termin\u00e9e de mani\u00e8re individuelle, selon ses propres besoins et selon les \u00e9ventuels sympt\u00f4mes. Notre recommandation : porter les coussinets au moins 30 minutes par jour. Pour une application humide avec <a href=\"https:\/\/bien-etreiris.ch\/de\/produktpraesentation\/natuerliche-heilmittel\/saeure-basen-haushalt\/meine-base\/\" target=\"_blank\" rel=\"noopener\"><strong><em><span style=\"color: #ff9900;\">AlcaBain<\/span><\/em><\/strong><\/a> ou <a href=\"https:\/\/bien-etreiris.ch\/presentations-des-produits\/remedes-naturels\/equilibre-acido-basique\/mira-vera\/\" target=\"_blank\" rel=\"noopener\"><strong><em><span style=\"color: #ff9900;\">MiraVera <\/span><\/em><\/strong><\/a>de plus longue dur\u00e9e, humidifier de temps en temps les coussinets. Si n\u00e9cessaire, changer les coussinets.<\/p>\n<\/div>\n<\/div>\n<\/section>\n<p>&nbsp;<\/p>\n<p>&nbsp;<\/p>\n<p>&nbsp;<\/p>\n<p>&nbsp;<\/p>\n<p>&nbsp;<\/p>\n<p>&nbsp;<\/p>\n<section class=\"container themenwelt-one-column\">\n<h2 class=\"word-wrap \">Instruction de lavage<\/h2>\n<p>Lavage en machine \u00e0 laver \u00e0 60 \u00b0C maximum avec une lessive pour couleurs. Une fois lav\u00e9s, \u00e9tirer les coussinets pour leur redonner leur forme initiale et les faire s\u00e9cher (ou les s\u00e9cher au s\u00e8che-linge \u00e0 basse temp\u00e9rature).<\/p>\n<h4><strong>Entretien<\/strong><\/h4>\n<p>Apr\u00e8s le lavage et avant de porter les coussinets, enlever les \u00e9ventuels restes de lessive en les trempant dans la solution alcaline et en les essorant.<\/p>\n<\/section>\n<p>&nbsp;<\/p>\n","protected":false},"excerpt":{"rendered":"<p>Coussinets alcalins pour la poitrine &nbsp; &nbsp; &nbsp; en cas d\u2019irritations cutan\u00e9es, de transpiration et d\u2019ecz\u00e9ma en cas de douleurs d\u2018allaitement hypoallerg\u00e9nique confort individuel 1 Carton avec 4 Pi\u00e8ces CHF &nbsp; &nbsp; &nbsp; &nbsp; Les coussinets alcalins pour la poitrine fabriqu\u00e9s dans une gaze de coton de grande qualit\u00e9 hypoallerg\u00e9nique soulagent efficacement en cas d\u2019affections et de probl\u00e8mes cutan\u00e9s au&nbsp;<a href=\"https:\/\/bien-etreiris.ch\/de\/produktpraesentation\/natuerliche-heilmittel\/saeure-basen-haushalt\/alkawear-funktionswaesche\/coussinets-pour-la-poitrine\/\" class=\"read-more\">Weiter lesen<\/a><\/p>\n","protected":false},"author":1,"featured_media":74896,"parent":20368,"menu_order":2989,"comment_status":"closed","ping_status":"closed","template":"page-with-child.php","meta":{"_acf_changed":false,"ngg_post_thumbnail":0,"footnotes":""},"class_list":["post-74900","page","type-page","status-publish","has-post-thumbnail","hentry"],"acf":[],"yoast_head":"<!-- This site is optimized with the Yoast SEO plugin v27.5 - https:\/\/yoast.com\/product\/yoast-seo-wordpress\/ -->\n<title>COUSSINETS POITRINE - WOHLBEFINDEN<\/title>\n<meta name=\"robots\" content=\"index, follow, max-snippet:-1, max-image-preview:large, max-video-preview:-1\" \/>\n<link rel=\"canonical\" href=\"https:\/\/bien-etreiris.ch\/de\/produktpraesentation\/natuerliche-heilmittel\/saeure-basen-haushalt\/alkawear-funktionswaesche\/coussinets-pour-la-poitrine\/\" \/>\n<meta property=\"og:locale\" content=\"de_DE\" \/>\n<meta property=\"og:type\" content=\"article\" \/>\n<meta property=\"og:title\" content=\"COUSSINETS POITRINE - WOHLBEFINDEN\" \/>\n<meta property=\"og:description\" content=\"Coussinets alcalins pour la poitrine &nbsp; &nbsp; &nbsp; en cas d\u2019irritations cutan\u00e9es, de transpiration et d\u2019ecz\u00e9ma en cas de douleurs d\u2018allaitement hypoallerg\u00e9nique confort individuel 1 Carton avec 4 Pi\u00e8ces CHF &nbsp; &nbsp; &nbsp; &nbsp; Les coussinets alcalins pour la poitrine fabriqu\u00e9s dans une gaze de coton de grande qualit\u00e9 hypoallerg\u00e9nique soulagent efficacement en cas d\u2019affections et de probl\u00e8mes cutan\u00e9s au&nbsp;Weiter lesen\" \/>\n<meta property=\"og:url\" content=\"https:\/\/bien-etreiris.ch\/de\/produktpraesentation\/natuerliche-heilmittel\/saeure-basen-haushalt\/alkawear-funktionswaesche\/coussinets-pour-la-poitrine\/\" \/>\n<meta property=\"og:site_name\" content=\"WOHLBEFINDEN\" \/>\n<meta property=\"article:publisher\" content=\"https:\/\/www.facebook.com\/bienetreiris\/\" \/>\n<meta property=\"article:modified_time\" content=\"2023-09-12T23:25:40+00:00\" \/>\n<meta property=\"og:image\" content=\"https:\/\/bien-etreiris.ch\/wp-content\/uploads\/2023\/09\/compresses-poitrine.jpg\" \/>\n\t<meta property=\"og:image:width\" content=\"500\" \/>\n\t<meta property=\"og:image:height\" content=\"333\" \/>\n\t<meta property=\"og:image:type\" content=\"image\/jpeg\" \/>\n<meta name=\"twitter:label1\" content=\"Gesch\u00e4tzte Lesezeit\" \/>\n\t<meta name=\"twitter:data1\" content=\"5\u00a0Minuten\" \/>\n<script type=\"application\/ld+json\" class=\"yoast-schema-graph\">{\"@context\":\"https:\\\/\\\/schema.org\",\"@graph\":[{\"@type\":\"WebPage\",\"@id\":\"https:\\\/\\\/bien-etreiris.ch\\\/de\\\/produktpraesentation\\\/natuerliche-heilmittel\\\/saeure-basen-haushalt\\\/alkawear-funktionswaesche\\\/coussinets-pour-la-poitrine\\\/\",\"url\":\"https:\\\/\\\/bien-etreiris.ch\\\/de\\\/produktpraesentation\\\/natuerliche-heilmittel\\\/saeure-basen-haushalt\\\/alkawear-funktionswaesche\\\/coussinets-pour-la-poitrine\\\/\",\"name\":\"COUSSINETS POITRINE - WOHLBEFINDEN\",\"isPartOf\":{\"@id\":\"https:\\\/\\\/bien-etreiris.ch\\\/de\\\/#website\"},\"primaryImageOfPage\":{\"@id\":\"https:\\\/\\\/bien-etreiris.ch\\\/de\\\/produktpraesentation\\\/natuerliche-heilmittel\\\/saeure-basen-haushalt\\\/alkawear-funktionswaesche\\\/coussinets-pour-la-poitrine\\\/#primaryimage\"},\"image\":{\"@id\":\"https:\\\/\\\/bien-etreiris.ch\\\/de\\\/produktpraesentation\\\/natuerliche-heilmittel\\\/saeure-basen-haushalt\\\/alkawear-funktionswaesche\\\/coussinets-pour-la-poitrine\\\/#primaryimage\"},\"thumbnailUrl\":\"https:\\\/\\\/bien-etreiris.ch\\\/wp-content\\\/uploads\\\/2023\\\/09\\\/compresses-poitrine.jpg\",\"datePublished\":\"2023-09-12T06:02:39+00:00\",\"dateModified\":\"2023-09-12T23:25:40+00:00\",\"breadcrumb\":{\"@id\":\"https:\\\/\\\/bien-etreiris.ch\\\/de\\\/produktpraesentation\\\/natuerliche-heilmittel\\\/saeure-basen-haushalt\\\/alkawear-funktionswaesche\\\/coussinets-pour-la-poitrine\\\/#breadcrumb\"},\"inLanguage\":\"de\",\"potentialAction\":[{\"@type\":\"ReadAction\",\"target\":[\"https:\\\/\\\/bien-etreiris.ch\\\/de\\\/produktpraesentation\\\/natuerliche-heilmittel\\\/saeure-basen-haushalt\\\/alkawear-funktionswaesche\\\/coussinets-pour-la-poitrine\\\/\"]}]},{\"@type\":\"ImageObject\",\"inLanguage\":\"de\",\"@id\":\"https:\\\/\\\/bien-etreiris.ch\\\/de\\\/produktpraesentation\\\/natuerliche-heilmittel\\\/saeure-basen-haushalt\\\/alkawear-funktionswaesche\\\/coussinets-pour-la-poitrine\\\/#primaryimage\",\"url\":\"https:\\\/\\\/bien-etreiris.ch\\\/wp-content\\\/uploads\\\/2023\\\/09\\\/compresses-poitrine.jpg\",\"contentUrl\":\"https:\\\/\\\/bien-etreiris.ch\\\/wp-content\\\/uploads\\\/2023\\\/09\\\/compresses-poitrine.jpg\",\"width\":500,\"height\":333},{\"@type\":\"BreadcrumbList\",\"@id\":\"https:\\\/\\\/bien-etreiris.ch\\\/de\\\/produktpraesentation\\\/natuerliche-heilmittel\\\/saeure-basen-haushalt\\\/alkawear-funktionswaesche\\\/coussinets-pour-la-poitrine\\\/#breadcrumb\",\"itemListElement\":[{\"@type\":\"ListItem\",\"position\":1,\"name\":\"Home\",\"item\":\"https:\\\/\\\/bien-etreiris.ch\\\/de\\\/\"},{\"@type\":\"ListItem\",\"position\":2,\"name\":\"PRODUKTPR\u00c4SENTATION\",\"item\":\"https:\\\/\\\/bien-etreiris.ch\\\/de\\\/produktpraesentation\\\/\"},{\"@type\":\"ListItem\",\"position\":3,\"name\":\"NAT\u00dcRLICHE HEILMITTEL\",\"item\":\"https:\\\/\\\/bien-etreiris.ch\\\/de\\\/produktpraesentation\\\/natuerliche-heilmittel\\\/\"},{\"@type\":\"ListItem\",\"position\":4,\"name\":\"S\u00c4URE-BASEN-HAUSHALT\",\"item\":\"https:\\\/\\\/bien-etreiris.ch\\\/de\\\/produktpraesentation\\\/natuerliche-heilmittel\\\/saeure-basen-haushalt\\\/\"},{\"@type\":\"ListItem\",\"position\":5,\"name\":\"ALKA WEAR\",\"item\":\"https:\\\/\\\/bien-etreiris.ch\\\/de\\\/produktpraesentation\\\/natuerliche-heilmittel\\\/saeure-basen-haushalt\\\/alkawear-funktionswaesche\\\/\"},{\"@type\":\"ListItem\",\"position\":6,\"name\":\"COUSSINETS POITRINE\"}]},{\"@type\":\"WebSite\",\"@id\":\"https:\\\/\\\/bien-etreiris.ch\\\/de\\\/#website\",\"url\":\"https:\\\/\\\/bien-etreiris.ch\\\/de\\\/\",\"name\":\"Bien-\u00eatre Iris\",\"description\":\"IHRE Gesundheit ist uns wichtig\",\"potentialAction\":[{\"@type\":\"SearchAction\",\"target\":{\"@type\":\"EntryPoint\",\"urlTemplate\":\"https:\\\/\\\/bien-etreiris.ch\\\/de\\\/?s={search_term_string}\"},\"query-input\":{\"@type\":\"PropertyValueSpecification\",\"valueRequired\":true,\"valueName\":\"search_term_string\"}}],\"inLanguage\":\"de\"}]}<\/script>\n<!-- \/ Yoast SEO plugin. -->","yoast_head_json":{"title":"COUSSINETS POITRINE - WOHLBEFINDEN","robots":{"index":"index","follow":"follow","max-snippet":"max-snippet:-1","max-image-preview":"max-image-preview:large","max-video-preview":"max-video-preview:-1"},"canonical":"https:\/\/bien-etreiris.ch\/de\/produktpraesentation\/natuerliche-heilmittel\/saeure-basen-haushalt\/alkawear-funktionswaesche\/coussinets-pour-la-poitrine\/","og_locale":"de_DE","og_type":"article","og_title":"COUSSINETS POITRINE - WOHLBEFINDEN","og_description":"Coussinets alcalins pour la poitrine &nbsp; &nbsp; &nbsp; en cas d\u2019irritations cutan\u00e9es, de transpiration et d\u2019ecz\u00e9ma en cas de douleurs d\u2018allaitement hypoallerg\u00e9nique confort individuel 1 Carton avec 4 Pi\u00e8ces CHF &nbsp; &nbsp; &nbsp; &nbsp; Les coussinets alcalins pour la poitrine fabriqu\u00e9s dans une gaze de coton de grande qualit\u00e9 hypoallerg\u00e9nique soulagent efficacement en cas d\u2019affections et de probl\u00e8mes cutan\u00e9s au&nbsp;Weiter lesen","og_url":"https:\/\/bien-etreiris.ch\/de\/produktpraesentation\/natuerliche-heilmittel\/saeure-basen-haushalt\/alkawear-funktionswaesche\/coussinets-pour-la-poitrine\/","og_site_name":"WOHLBEFINDEN","article_publisher":"https:\/\/www.facebook.com\/bienetreiris\/","article_modified_time":"2023-09-12T23:25:40+00:00","og_image":[{"width":500,"height":333,"url":"https:\/\/bien-etreiris.ch\/wp-content\/uploads\/2023\/09\/compresses-poitrine.jpg","type":"image\/jpeg"}],"twitter_misc":{"Gesch\u00e4tzte Lesezeit":"5\u00a0Minuten"},"schema":{"@context":"https:\/\/schema.org","@graph":[{"@type":"WebPage","@id":"https:\/\/bien-etreiris.ch\/de\/produktpraesentation\/natuerliche-heilmittel\/saeure-basen-haushalt\/alkawear-funktionswaesche\/coussinets-pour-la-poitrine\/","url":"https:\/\/bien-etreiris.ch\/de\/produktpraesentation\/natuerliche-heilmittel\/saeure-basen-haushalt\/alkawear-funktionswaesche\/coussinets-pour-la-poitrine\/","name":"COUSSINETS POITRINE - WOHLBEFINDEN","isPartOf":{"@id":"https:\/\/bien-etreiris.ch\/de\/#website"},"primaryImageOfPage":{"@id":"https:\/\/bien-etreiris.ch\/de\/produktpraesentation\/natuerliche-heilmittel\/saeure-basen-haushalt\/alkawear-funktionswaesche\/coussinets-pour-la-poitrine\/#primaryimage"},"image":{"@id":"https:\/\/bien-etreiris.ch\/de\/produktpraesentation\/natuerliche-heilmittel\/saeure-basen-haushalt\/alkawear-funktionswaesche\/coussinets-pour-la-poitrine\/#primaryimage"},"thumbnailUrl":"https:\/\/bien-etreiris.ch\/wp-content\/uploads\/2023\/09\/compresses-poitrine.jpg","datePublished":"2023-09-12T06:02:39+00:00","dateModified":"2023-09-12T23:25:40+00:00","breadcrumb":{"@id":"https:\/\/bien-etreiris.ch\/de\/produktpraesentation\/natuerliche-heilmittel\/saeure-basen-haushalt\/alkawear-funktionswaesche\/coussinets-pour-la-poitrine\/#breadcrumb"},"inLanguage":"de","potentialAction":[{"@type":"ReadAction","target":["https:\/\/bien-etreiris.ch\/de\/produktpraesentation\/natuerliche-heilmittel\/saeure-basen-haushalt\/alkawear-funktionswaesche\/coussinets-pour-la-poitrine\/"]}]},{"@type":"ImageObject","inLanguage":"de","@id":"https:\/\/bien-etreiris.ch\/de\/produktpraesentation\/natuerliche-heilmittel\/saeure-basen-haushalt\/alkawear-funktionswaesche\/coussinets-pour-la-poitrine\/#primaryimage","url":"https:\/\/bien-etreiris.ch\/wp-content\/uploads\/2023\/09\/compresses-poitrine.jpg","contentUrl":"https:\/\/bien-etreiris.ch\/wp-content\/uploads\/2023\/09\/compresses-poitrine.jpg","width":500,"height":333},{"@type":"BreadcrumbList","@id":"https:\/\/bien-etreiris.ch\/de\/produktpraesentation\/natuerliche-heilmittel\/saeure-basen-haushalt\/alkawear-funktionswaesche\/coussinets-pour-la-poitrine\/#breadcrumb","itemListElement":[{"@type":"ListItem","position":1,"name":"Home","item":"https:\/\/bien-etreiris.ch\/de\/"},{"@type":"ListItem","position":2,"name":"PRODUKTPR\u00c4SENTATION","item":"https:\/\/bien-etreiris.ch\/de\/produktpraesentation\/"},{"@type":"ListItem","position":3,"name":"NAT\u00dcRLICHE HEILMITTEL","item":"https:\/\/bien-etreiris.ch\/de\/produktpraesentation\/natuerliche-heilmittel\/"},{"@type":"ListItem","position":4,"name":"S\u00c4URE-BASEN-HAUSHALT","item":"https:\/\/bien-etreiris.ch\/de\/produktpraesentation\/natuerliche-heilmittel\/saeure-basen-haushalt\/"},{"@type":"ListItem","position":5,"name":"ALKA WEAR","item":"https:\/\/bien-etreiris.ch\/de\/produktpraesentation\/natuerliche-heilmittel\/saeure-basen-haushalt\/alkawear-funktionswaesche\/"},{"@type":"ListItem","position":6,"name":"COUSSINETS POITRINE"}]},{"@type":"WebSite","@id":"https:\/\/bien-etreiris.ch\/de\/#website","url":"https:\/\/bien-etreiris.ch\/de\/","name":"Bien-\u00eatre Iris","description":"IHRE Gesundheit ist uns wichtig","potentialAction":[{"@type":"SearchAction","target":{"@type":"EntryPoint","urlTemplate":"https:\/\/bien-etreiris.ch\/de\/?s={search_term_string}"},"query-input":{"@type":"PropertyValueSpecification","valueRequired":true,"valueName":"search_term_string"}}],"inLanguage":"de"}]}},"_links":{"self":[{"href":"https:\/\/bien-etreiris.ch\/de\/wp-json\/wp\/v2\/pages\/74900","targetHints":{"allow":["GET"]}}],"collection":[{"href":"https:\/\/bien-etreiris.ch\/de\/wp-json\/wp\/v2\/pages"}],"about":[{"href":"https:\/\/bien-etreiris.ch\/de\/wp-json\/wp\/v2\/types\/page"}],"author":[{"embeddable":true,"href":"https:\/\/bien-etreiris.ch\/de\/wp-json\/wp\/v2\/users\/1"}],"replies":[{"embeddable":true,"href":"https:\/\/bien-etreiris.ch\/de\/wp-json\/wp\/v2\/comments?post=74900"}],"version-history":[{"count":8,"href":"https:\/\/bien-etreiris.ch\/de\/wp-json\/wp\/v2\/pages\/74900\/revisions"}],"predecessor-version":[{"id":74937,"href":"https:\/\/bien-etreiris.ch\/de\/wp-json\/wp\/v2\/pages\/74900\/revisions\/74937"}],"up":[{"embeddable":true,"href":"https:\/\/bien-etreiris.ch\/de\/wp-json\/wp\/v2\/pages\/20368"}],"wp:featuredmedia":[{"embeddable":true,"href":"https:\/\/bien-etreiris.ch\/de\/wp-json\/wp\/v2\/media\/74896"}],"wp:attachment":[{"href":"https:\/\/bien-etreiris.ch\/de\/wp-json\/wp\/v2\/media?parent=74900"}],"curies":[{"name":"wp","href":"https:\/\/api.w.org\/{rel}","templated":true}]}}