{"id":74733,"date":"2023-02-04T16:23:40","date_gmt":"2023-02-04T14:23:40","guid":{"rendered":"https:\/\/bien-etreiris.ch\/produktpraesentation\/gesundes-leben\/gesunde-lebensmittel\/zutaten-wohlbefinden\/butterfett\/ghee\/"},"modified":"2025-06-08T11:25:15","modified_gmt":"2025-06-08T09:25:15","slug":"ghee","status":"publish","type":"page","link":"https:\/\/bien-etreiris.ch\/de\/produktpraesentation\/gesundes-leben\/gesunde-lebensmittel\/zutaten-wohlbefinden\/butterfett\/ghee\/","title":{"rendered":"GHEE"},"content":{"rendered":"\n<h2 class=\"product-info-subheader\">Ghee ayurv\u00e9dique, 100 % biologique<\/h2>\n<p><a href=\"https:\/\/bien-etreiris.ch\/wp-content\/uploads\/2021\/05\/Ghee-480-g-ayuvedique-1.jpg\"><img loading=\"lazy\" decoding=\"async\" class=\"wp-image-44310 size-medium alignleft\" src=\"https:\/\/bien-etreiris.ch\/wp-content\/uploads\/2021\/05\/Ghee-480-g-ayuvedique-1-300x300.jpg\" alt=\"\" width=\"300\" height=\"300\" srcset=\"https:\/\/bien-etreiris.ch\/wp-content\/uploads\/2021\/05\/Ghee-480-g-ayuvedique-1-300x300.jpg 300w, https:\/\/bien-etreiris.ch\/wp-content\/uploads\/2021\/05\/Ghee-480-g-ayuvedique-1-150x150.jpg 150w, https:\/\/bien-etreiris.ch\/wp-content\/uploads\/2021\/05\/Ghee-480-g-ayuvedique-1-768x768.jpg 768w, https:\/\/bien-etreiris.ch\/wp-content\/uploads\/2021\/05\/Ghee-480-g-ayuvedique-1.jpg 900w\" sizes=\"auto, (max-width: 300px) 100vw, 300px\" \/><\/a>&nbsp;<\/p>\n<p>&nbsp;<\/p>\n<p>&nbsp;<\/p>\n<p>&nbsp;<\/p>\n<h4>Finck<\/h4>\n<p><strong>220 g&nbsp; CHF 14.50<\/strong><\/p>\n<p><strong>480 g&nbsp; CHF 26.90<\/strong><\/p>\n<p>&nbsp;<\/p>\n<p>&nbsp;<\/p>\n<p>&nbsp;<\/p>\n<p>&nbsp;<\/p>\n<p><img loading=\"lazy\" decoding=\"async\" class=\"wp-image-96601 alignleft\" src=\"https:\/\/bien-etreiris.ch\/wp-content\/uploads\/2025\/06\/ghee-frighee.jpg\" alt=\"\" width=\"267\" height=\"439\" srcset=\"https:\/\/bien-etreiris.ch\/wp-content\/uploads\/2025\/06\/ghee-frighee.jpg 487w, https:\/\/bien-etreiris.ch\/wp-content\/uploads\/2025\/06\/ghee-frighee-183x300.jpg 183w\" sizes=\"auto, (max-width: 267px) 100vw, 267px\" \/><\/p>\n<p>&nbsp;<\/p>\n<p>&nbsp;<\/p>\n<p>&nbsp;<\/p>\n<p>&nbsp;<\/p>\n<h4 class=\"font_4 wixui-rich-text__text\"><span class=\"wixui-rich-text__text\">So Ayurveda \/ Frighee<\/span><\/h4>\n<p>Beurre clarifi\u00e9 artisanal, \u00e0 partir<strong> de beurre bio bourgeon de la r\u00e9gion de la Gruy\u00e8re.<\/strong><\/p>\n<p>&nbsp;<\/p>\n<p>Nous avons en Suisse un excellent beurre riche de l'herbe de notre belle verte r\u00e9gion fribourgeoise, qui donne un ghee brillant, onctueux \u00e0 l'odeur et au go\u00fbt&nbsp;&nbsp;de noisette.<\/p>\n<p>&nbsp;<\/p>\n<p><strong>300 g<\/strong> <strong>CHF 20.00<\/strong><\/p>\n<p>&nbsp;<\/p>\n<p>&nbsp;<\/p>\n<p>&nbsp;<\/p>\n<p>&nbsp;<\/p>\n<p>&nbsp;<\/p>\n<p><img loading=\"lazy\" decoding=\"async\" class=\"wp-image-96605 alignleft\" src=\"https:\/\/bien-etreiris.ch\/wp-content\/uploads\/2025\/06\/Chrueterhaex.jpg\" alt=\"\" width=\"267\" height=\"409\"><\/p>\n<p>&nbsp;<\/p>\n<p>&nbsp;<\/p>\n<p>&nbsp;<\/p>\n<p>&nbsp;<\/p>\n<p>&nbsp;<\/p>\n<p>&nbsp;<\/p>\n<p>&nbsp;<\/p>\n<h4>Chrueterhaex.ch<\/h4>\n<p><strong>350 g CHF 20.10<\/strong><\/p>\n<p>&nbsp;<\/p>\n<p>&nbsp;<\/p>\n<p>&nbsp;<\/p>\n<h4 class=\"product-info-subheader\"><br>Ghee ayurv\u00e9dique biologique original<\/h4>\n<div id=\"product-order-box-1678\" class=\"product-order-box\">\n<div class=\"ym-grid container-order-moreinfo small-text grey-text\">\n<div class=\"ym-g50 ym-gr container-order\"><form class=\"ym-form shopping-cart-form\" action=\"https:\/\/www.satnam.de\/fr\/ghee-biologique-en-qualite-bioland-220-g.html?action=add_product\" method=\"post\" name=\"cart_quantity\">\n<div class=\"ym-columnar quantity-cart one-button-only\">&nbsp;<\/div>\n<\/form><\/div>\n<\/div>\n<\/div>\n<div class=\"product-description\">\n<p>Le <strong>Ghee<\/strong> (ou Gh\u00ee) est un beurre clarifi\u00e9 qui est exempt d\u2019eau, de prot\u00e9ine de lait et de lactose\u2013 une pure huile de beurre. Le Gh\u00ee n\u2019est pas aussi dense et cr\u00e9meux que le beurre, mais plut\u00f4t tendre et cristallin. Il poss\u00e8de un parfum intense et d\u00e9licieux de beurre et son go\u00fbt est raffin\u00e9, un peu noisette avec une l\u00e9g\u00e8re note fromag\u00e8re. Le Gh\u00ee peut \u00eatre parfaitement mari\u00e9 avec toutes sortes de nourritures et ingr\u00e9dients.<br><br>Le Gh\u00ee peut \u00eatre utilis\u00e9 simplement comme du beurre ou de l\u2019huile pour cuisiner, mais est \u00e9galement fortement appr\u00e9ci\u00e9 en tant qu\u2019ingr\u00e9dient cosm\u00e9tique ou comme base de cosm\u00e9tique ou de produits th\u00e9rapeutiques-tels que la cr\u00e8me, hydratante pour une peau tr\u00e8s s\u00e8che, pour rafra\u00eechir la r\u00e9gion des yeux, ou pour le soin du b\u00e9b\u00e9. Il peut \u00e9galement \u00eatre utilis\u00e9 comme aide au sommeil lorsqu\u2019il est m\u00e9lang\u00e9 \u00e0 du lait chaud. <br><br>Le Gh\u00ee est un \u00e9lixir de vie suivant des recettes ayurv\u00e9diques traditionnelles anciennes. C\u2019est v\u00e9ritablement une \u201cslow food\u201d (une nourriture lente) sans transformation alimentaire industrielle. Notre&nbsp;<strong> Ghee <\/strong>de la marque <em>Finck Naturkost<\/em>, <span class=\"wixui-rich-text__text\">So Ayurveda \/ Frighee et Chrueterhaex <\/span>est fabriqu\u00e9 sans aucun additifs. Il est d\u2019une qualit\u00e9 pure hautement clarifi\u00e9e.<br><br>Depuis des milliers d\u2019ann\u00e9es, le gh\u00ee est utilis\u00e9 pour pr\u00e9parer la nourriture. Dans la cuisine ayurv\u00e9dique, le gh\u00ee est utilis\u00e9 \u00e0 la place du beurre, de l\u2019huile ou de la graisse. Il encourage l\u2019 <em>Agni<\/em>, le feu de la digestion, et est lui-m\u00eame tr\u00e8s digeste. Sur l\u2019\u00e9chelle des aliments facilement digestibles, le gh\u00ee est en premi\u00e8re position, avant le beurre, les huiles v\u00e9g\u00e9tales ou les graisses animales. Il est nutritif, favorise une bonne sant\u00e9 et peut \u00eatre chauff\u00e9 sans perte de qualit\u00e9. De plus, il est tr\u00e8s g\u00e9n\u00e9reux et se conserve longtemps sans r\u00e9frig\u00e9ration. Le gh\u00ee soulage le syst\u00e8me digestif humain. Les toxines de notre nourriture peuvent \u00eatre limit\u00e9es par l\u2019usage du gh\u00ee, favorisant le bien-\u00eatre \u00e0 tout \u00e2ge, m\u00eame avanc\u00e9.<\/p>\n<h4><br><br><strong>Utilisation du Gh\u00ee:<\/strong><\/h4>\n<ul style=\"list-style-type: disc;\">\n<li>Pour cuisiner, r\u00f4tir, cuire \u00e0 la vapeur, frire mais aussi pour la p\u00e2tisserie.<\/li>\n<li>Pour la cuisine douce des \u00e9pices, celles-ci s\u2019ouvriront lentement en lib\u00e9rant leur plein ar\u00f4me.<\/li>\n<li>Id\u00e9al pour la cuisson vapeur car il pr\u00e9serve toutes les vitamines.<\/li>\n<li>Pour raffiner des plats d\u00e9j\u00e0 pr\u00e9par\u00e9s, par exemple verser sur de l\u00e9gumes, du riz ou des c\u00e9r\u00e9ales.<\/li>\n<li>Sur du pain grill\u00e9- par exemple chaud avec des herbes et des \u00e9pices.<\/li>\n<\/ul>\n<p>&nbsp;<\/p>\n<h4><strong>Ingr\u00e9dients:<\/strong><\/h4>\n<p><br>99,7 % pure huile de beurre, de culture certifi\u00e9e biologique<\/p>\n<\/div>\n","protected":false},"excerpt":{"rendered":"<p>Ghee ayurv\u00e9dique, 100 % biologique &nbsp; &nbsp; &nbsp; &nbsp; Finck 220 g&nbsp; CHF 14.50 480 g&nbsp; CHF 26.90 &nbsp; &nbsp; &nbsp; &nbsp; &nbsp; &nbsp; &nbsp; &nbsp; So Ayurveda \/ Frighee Beurre clarifi\u00e9 artisanal, \u00e0 partir de beurre bio bourgeon de la r\u00e9gion de la Gruy\u00e8re. &nbsp; Nous avons en Suisse un excellent beurre riche de l'herbe de notre belle verte&nbsp;<a href=\"https:\/\/bien-etreiris.ch\/de\/produktpraesentation\/gesundes-leben\/gesunde-lebensmittel\/zutaten-wohlbefinden\/butterfett\/ghee\/\" class=\"read-more\">Weiter lesen<\/a><\/p>\n","protected":false},"author":1,"featured_media":65827,"parent":44274,"menu_order":3969,"comment_status":"closed","ping_status":"closed","template":"page-with-child.php","meta":{"_acf_changed":false,"ngg_post_thumbnail":0,"footnotes":""},"class_list":["post-74733","page","type-page","status-publish","has-post-thumbnail","hentry"],"acf":[],"yoast_head":"<!-- This site is optimized with the Yoast SEO plugin v27.3 - https:\/\/yoast.com\/product\/yoast-seo-wordpress\/ -->\n<title>GHEE - WOHLBEFINDEN<\/title>\n<meta name=\"robots\" content=\"index, follow, max-snippet:-1, max-image-preview:large, max-video-preview:-1\" \/>\n<link rel=\"canonical\" href=\"https:\/\/bien-etreiris.ch\/de\/produktpraesentation\/gesundes-leben\/gesunde-lebensmittel\/zutaten-wohlbefinden\/butterfett\/ghee\/\" \/>\n<meta property=\"og:locale\" content=\"de_DE\" \/>\n<meta property=\"og:type\" content=\"article\" \/>\n<meta property=\"og:title\" content=\"GHEE - WOHLBEFINDEN\" \/>\n<meta property=\"og:description\" content=\"Ghee ayurv\u00e9dique, 100 % biologique &nbsp; &nbsp; &nbsp; &nbsp; Finck 220 g&nbsp; CHF 14.50 480 g&nbsp; CHF 26.90 &nbsp; &nbsp; &nbsp; &nbsp; &nbsp; &nbsp; &nbsp; &nbsp; So Ayurveda \/ Frighee Beurre clarifi\u00e9 artisanal, \u00e0 partir de beurre bio bourgeon de la r\u00e9gion de la Gruy\u00e8re. &nbsp; Nous avons en Suisse un excellent beurre riche de l&#039;herbe de notre belle verte&nbsp;Weiter lesen\" \/>\n<meta property=\"og:url\" content=\"https:\/\/bien-etreiris.ch\/de\/produktpraesentation\/gesundes-leben\/gesunde-lebensmittel\/zutaten-wohlbefinden\/butterfett\/ghee\/\" \/>\n<meta property=\"og:site_name\" content=\"WOHLBEFINDEN\" \/>\n<meta property=\"article:publisher\" content=\"https:\/\/www.facebook.com\/bienetreiris\/\" \/>\n<meta property=\"article:modified_time\" content=\"2025-06-08T09:25:15+00:00\" \/>\n<meta property=\"og:image\" content=\"https:\/\/bien-etreiris.ch\/wp-content\/uploads\/2023\/02\/acceuil-ghee-2.jpg\" \/>\n\t<meta property=\"og:image:width\" content=\"500\" \/>\n\t<meta property=\"og:image:height\" content=\"375\" \/>\n\t<meta property=\"og:image:type\" content=\"image\/jpeg\" \/>\n<meta name=\"twitter:label1\" content=\"Gesch\u00e4tzte Lesezeit\" \/>\n\t<meta name=\"twitter:data1\" content=\"3\u00a0Minuten\" \/>\n<script type=\"application\/ld+json\" class=\"yoast-schema-graph\">{\"@context\":\"https:\\\/\\\/schema.org\",\"@graph\":[{\"@type\":\"WebPage\",\"@id\":\"https:\\\/\\\/bien-etreiris.ch\\\/de\\\/produktpraesentation\\\/gesundes-leben\\\/gesunde-lebensmittel\\\/zutaten-wohlbefinden\\\/butterfett\\\/ghee\\\/\",\"url\":\"https:\\\/\\\/bien-etreiris.ch\\\/de\\\/produktpraesentation\\\/gesundes-leben\\\/gesunde-lebensmittel\\\/zutaten-wohlbefinden\\\/butterfett\\\/ghee\\\/\",\"name\":\"GHEE - WOHLBEFINDEN\",\"isPartOf\":{\"@id\":\"https:\\\/\\\/bien-etreiris.ch\\\/de\\\/#website\"},\"primaryImageOfPage\":{\"@id\":\"https:\\\/\\\/bien-etreiris.ch\\\/de\\\/produktpraesentation\\\/gesundes-leben\\\/gesunde-lebensmittel\\\/zutaten-wohlbefinden\\\/butterfett\\\/ghee\\\/#primaryimage\"},\"image\":{\"@id\":\"https:\\\/\\\/bien-etreiris.ch\\\/de\\\/produktpraesentation\\\/gesundes-leben\\\/gesunde-lebensmittel\\\/zutaten-wohlbefinden\\\/butterfett\\\/ghee\\\/#primaryimage\"},\"thumbnailUrl\":\"https:\\\/\\\/bien-etreiris.ch\\\/wp-content\\\/uploads\\\/2023\\\/02\\\/acceuil-ghee-2.jpg\",\"datePublished\":\"2023-02-04T14:23:40+00:00\",\"dateModified\":\"2025-06-08T09:25:15+00:00\",\"breadcrumb\":{\"@id\":\"https:\\\/\\\/bien-etreiris.ch\\\/de\\\/produktpraesentation\\\/gesundes-leben\\\/gesunde-lebensmittel\\\/zutaten-wohlbefinden\\\/butterfett\\\/ghee\\\/#breadcrumb\"},\"inLanguage\":\"de\",\"potentialAction\":[{\"@type\":\"ReadAction\",\"target\":[\"https:\\\/\\\/bien-etreiris.ch\\\/de\\\/produktpraesentation\\\/gesundes-leben\\\/gesunde-lebensmittel\\\/zutaten-wohlbefinden\\\/butterfett\\\/ghee\\\/\"]}]},{\"@type\":\"ImageObject\",\"inLanguage\":\"de\",\"@id\":\"https:\\\/\\\/bien-etreiris.ch\\\/de\\\/produktpraesentation\\\/gesundes-leben\\\/gesunde-lebensmittel\\\/zutaten-wohlbefinden\\\/butterfett\\\/ghee\\\/#primaryimage\",\"url\":\"https:\\\/\\\/bien-etreiris.ch\\\/wp-content\\\/uploads\\\/2023\\\/02\\\/acceuil-ghee-2.jpg\",\"contentUrl\":\"https:\\\/\\\/bien-etreiris.ch\\\/wp-content\\\/uploads\\\/2023\\\/02\\\/acceuil-ghee-2.jpg\",\"width\":500,\"height\":375},{\"@type\":\"BreadcrumbList\",\"@id\":\"https:\\\/\\\/bien-etreiris.ch\\\/de\\\/produktpraesentation\\\/gesundes-leben\\\/gesunde-lebensmittel\\\/zutaten-wohlbefinden\\\/butterfett\\\/ghee\\\/#breadcrumb\",\"itemListElement\":[{\"@type\":\"ListItem\",\"position\":1,\"name\":\"Home\",\"item\":\"https:\\\/\\\/bien-etreiris.ch\\\/de\\\/\"},{\"@type\":\"ListItem\",\"position\":2,\"name\":\"PRODUKTPR\u00c4SENTATION\",\"item\":\"https:\\\/\\\/bien-etreiris.ch\\\/de\\\/produktpraesentation\\\/\"},{\"@type\":\"ListItem\",\"position\":3,\"name\":\"GESUNDES LEBEN\",\"item\":\"https:\\\/\\\/bien-etreiris.ch\\\/de\\\/produktpraesentation\\\/gesundes-leben\\\/\"},{\"@type\":\"ListItem\",\"position\":4,\"name\":\"GESUNDE LEBENSMITTEL\",\"item\":\"https:\\\/\\\/bien-etreiris.ch\\\/de\\\/produktpraesentation\\\/gesundes-leben\\\/gesunde-lebensmittel\\\/\"},{\"@type\":\"ListItem\",\"position\":5,\"name\":\"ZUTATEN\",\"item\":\"https:\\\/\\\/bien-etreiris.ch\\\/de\\\/produktpraesentation\\\/gesundes-leben\\\/gesunde-lebensmittel\\\/zutaten-wohlbefinden\\\/\"},{\"@type\":\"ListItem\",\"position\":6,\"name\":\"BUTTERFETT\",\"item\":\"https:\\\/\\\/bien-etreiris.ch\\\/de\\\/produktpraesentation\\\/gesundes-leben\\\/gesunde-lebensmittel\\\/zutaten-wohlbefinden\\\/butterfett\\\/\"},{\"@type\":\"ListItem\",\"position\":7,\"name\":\"GHEE\"}]},{\"@type\":\"WebSite\",\"@id\":\"https:\\\/\\\/bien-etreiris.ch\\\/de\\\/#website\",\"url\":\"https:\\\/\\\/bien-etreiris.ch\\\/de\\\/\",\"name\":\"Bien-\u00eatre Iris\",\"description\":\"IHRE Gesundheit ist uns wichtig\",\"potentialAction\":[{\"@type\":\"SearchAction\",\"target\":{\"@type\":\"EntryPoint\",\"urlTemplate\":\"https:\\\/\\\/bien-etreiris.ch\\\/de\\\/?s={search_term_string}\"},\"query-input\":{\"@type\":\"PropertyValueSpecification\",\"valueRequired\":true,\"valueName\":\"search_term_string\"}}],\"inLanguage\":\"de\"}]}<\/script>\n<!-- \/ Yoast SEO plugin. -->","yoast_head_json":{"title":"GHEE - WOHLBEFINDEN","robots":{"index":"index","follow":"follow","max-snippet":"max-snippet:-1","max-image-preview":"max-image-preview:large","max-video-preview":"max-video-preview:-1"},"canonical":"https:\/\/bien-etreiris.ch\/de\/produktpraesentation\/gesundes-leben\/gesunde-lebensmittel\/zutaten-wohlbefinden\/butterfett\/ghee\/","og_locale":"de_DE","og_type":"article","og_title":"GHEE - WOHLBEFINDEN","og_description":"Ghee ayurv\u00e9dique, 100 % biologique &nbsp; &nbsp; &nbsp; &nbsp; Finck 220 g&nbsp; CHF 14.50 480 g&nbsp; CHF 26.90 &nbsp; &nbsp; &nbsp; &nbsp; &nbsp; &nbsp; &nbsp; &nbsp; So Ayurveda \/ Frighee Beurre clarifi\u00e9 artisanal, \u00e0 partir de beurre bio bourgeon de la r\u00e9gion de la Gruy\u00e8re. &nbsp; Nous avons en Suisse un excellent beurre riche de l'herbe de notre belle verte&nbsp;Weiter lesen","og_url":"https:\/\/bien-etreiris.ch\/de\/produktpraesentation\/gesundes-leben\/gesunde-lebensmittel\/zutaten-wohlbefinden\/butterfett\/ghee\/","og_site_name":"WOHLBEFINDEN","article_publisher":"https:\/\/www.facebook.com\/bienetreiris\/","article_modified_time":"2025-06-08T09:25:15+00:00","og_image":[{"width":500,"height":375,"url":"https:\/\/bien-etreiris.ch\/wp-content\/uploads\/2023\/02\/acceuil-ghee-2.jpg","type":"image\/jpeg"}],"twitter_misc":{"Gesch\u00e4tzte Lesezeit":"3\u00a0Minuten"},"schema":{"@context":"https:\/\/schema.org","@graph":[{"@type":"WebPage","@id":"https:\/\/bien-etreiris.ch\/de\/produktpraesentation\/gesundes-leben\/gesunde-lebensmittel\/zutaten-wohlbefinden\/butterfett\/ghee\/","url":"https:\/\/bien-etreiris.ch\/de\/produktpraesentation\/gesundes-leben\/gesunde-lebensmittel\/zutaten-wohlbefinden\/butterfett\/ghee\/","name":"GHEE - WOHLBEFINDEN","isPartOf":{"@id":"https:\/\/bien-etreiris.ch\/de\/#website"},"primaryImageOfPage":{"@id":"https:\/\/bien-etreiris.ch\/de\/produktpraesentation\/gesundes-leben\/gesunde-lebensmittel\/zutaten-wohlbefinden\/butterfett\/ghee\/#primaryimage"},"image":{"@id":"https:\/\/bien-etreiris.ch\/de\/produktpraesentation\/gesundes-leben\/gesunde-lebensmittel\/zutaten-wohlbefinden\/butterfett\/ghee\/#primaryimage"},"thumbnailUrl":"https:\/\/bien-etreiris.ch\/wp-content\/uploads\/2023\/02\/acceuil-ghee-2.jpg","datePublished":"2023-02-04T14:23:40+00:00","dateModified":"2025-06-08T09:25:15+00:00","breadcrumb":{"@id":"https:\/\/bien-etreiris.ch\/de\/produktpraesentation\/gesundes-leben\/gesunde-lebensmittel\/zutaten-wohlbefinden\/butterfett\/ghee\/#breadcrumb"},"inLanguage":"de","potentialAction":[{"@type":"ReadAction","target":["https:\/\/bien-etreiris.ch\/de\/produktpraesentation\/gesundes-leben\/gesunde-lebensmittel\/zutaten-wohlbefinden\/butterfett\/ghee\/"]}]},{"@type":"ImageObject","inLanguage":"de","@id":"https:\/\/bien-etreiris.ch\/de\/produktpraesentation\/gesundes-leben\/gesunde-lebensmittel\/zutaten-wohlbefinden\/butterfett\/ghee\/#primaryimage","url":"https:\/\/bien-etreiris.ch\/wp-content\/uploads\/2023\/02\/acceuil-ghee-2.jpg","contentUrl":"https:\/\/bien-etreiris.ch\/wp-content\/uploads\/2023\/02\/acceuil-ghee-2.jpg","width":500,"height":375},{"@type":"BreadcrumbList","@id":"https:\/\/bien-etreiris.ch\/de\/produktpraesentation\/gesundes-leben\/gesunde-lebensmittel\/zutaten-wohlbefinden\/butterfett\/ghee\/#breadcrumb","itemListElement":[{"@type":"ListItem","position":1,"name":"Home","item":"https:\/\/bien-etreiris.ch\/de\/"},{"@type":"ListItem","position":2,"name":"PRODUKTPR\u00c4SENTATION","item":"https:\/\/bien-etreiris.ch\/de\/produktpraesentation\/"},{"@type":"ListItem","position":3,"name":"GESUNDES LEBEN","item":"https:\/\/bien-etreiris.ch\/de\/produktpraesentation\/gesundes-leben\/"},{"@type":"ListItem","position":4,"name":"GESUNDE LEBENSMITTEL","item":"https:\/\/bien-etreiris.ch\/de\/produktpraesentation\/gesundes-leben\/gesunde-lebensmittel\/"},{"@type":"ListItem","position":5,"name":"ZUTATEN","item":"https:\/\/bien-etreiris.ch\/de\/produktpraesentation\/gesundes-leben\/gesunde-lebensmittel\/zutaten-wohlbefinden\/"},{"@type":"ListItem","position":6,"name":"BUTTERFETT","item":"https:\/\/bien-etreiris.ch\/de\/produktpraesentation\/gesundes-leben\/gesunde-lebensmittel\/zutaten-wohlbefinden\/butterfett\/"},{"@type":"ListItem","position":7,"name":"GHEE"}]},{"@type":"WebSite","@id":"https:\/\/bien-etreiris.ch\/de\/#website","url":"https:\/\/bien-etreiris.ch\/de\/","name":"Bien-\u00eatre Iris","description":"IHRE Gesundheit ist uns wichtig","potentialAction":[{"@type":"SearchAction","target":{"@type":"EntryPoint","urlTemplate":"https:\/\/bien-etreiris.ch\/de\/?s={search_term_string}"},"query-input":{"@type":"PropertyValueSpecification","valueRequired":true,"valueName":"search_term_string"}}],"inLanguage":"de"}]}},"_links":{"self":[{"href":"https:\/\/bien-etreiris.ch\/de\/wp-json\/wp\/v2\/pages\/74733","targetHints":{"allow":["GET"]}}],"collection":[{"href":"https:\/\/bien-etreiris.ch\/de\/wp-json\/wp\/v2\/pages"}],"about":[{"href":"https:\/\/bien-etreiris.ch\/de\/wp-json\/wp\/v2\/types\/page"}],"author":[{"embeddable":true,"href":"https:\/\/bien-etreiris.ch\/de\/wp-json\/wp\/v2\/users\/1"}],"replies":[{"embeddable":true,"href":"https:\/\/bien-etreiris.ch\/de\/wp-json\/wp\/v2\/comments?post=74733"}],"version-history":[{"count":6,"href":"https:\/\/bien-etreiris.ch\/de\/wp-json\/wp\/v2\/pages\/74733\/revisions"}],"predecessor-version":[{"id":96614,"href":"https:\/\/bien-etreiris.ch\/de\/wp-json\/wp\/v2\/pages\/74733\/revisions\/96614"}],"up":[{"embeddable":true,"href":"https:\/\/bien-etreiris.ch\/de\/wp-json\/wp\/v2\/pages\/44274"}],"wp:featuredmedia":[{"embeddable":true,"href":"https:\/\/bien-etreiris.ch\/de\/wp-json\/wp\/v2\/media\/65827"}],"wp:attachment":[{"href":"https:\/\/bien-etreiris.ch\/de\/wp-json\/wp\/v2\/media?parent=74733"}],"curies":[{"name":"wp","href":"https:\/\/api.w.org\/{rel}","templated":true}]}}