{"id":74662,"date":"2023-09-09T21:20:10","date_gmt":"2023-09-09T19:20:10","guid":{"rendered":"https:\/\/bien-etreiris.ch\/produktpraesentation\/aromatherapie\/aetherische-oele\/eukalyptus\/smithii\/"},"modified":"2023-09-09T22:39:31","modified_gmt":"2023-09-09T20:39:31","slug":"smithii","status":"publish","type":"page","link":"https:\/\/bien-etreiris.ch\/de\/produktpraesentation\/aromatherapie\/aetherische-oele\/eukalyptus\/smithii\/","title":{"rendered":"SMITHII"},"content":{"rendered":"<h2>Eucalyptus smithii&nbsp;<\/h2>\n<p>&nbsp;<\/p>\n<p><a href=\"https:\/\/bien-etreiris.ch\/de\/produktpraesentation\/aromatherapie\/aetherische-oele\/eukalyptus\/smithii\/eucalyptus-smithii-2\/\" rel=\"attachment wp-att-74653\"><img loading=\"lazy\" decoding=\"async\" class=\"wp-image-74653 alignleft\" src=\"https:\/\/bien-etreiris.ch\/wp-content\/uploads\/2023\/09\/Eucalyptus-smithii.jpg\" alt=\"\" width=\"157\" height=\"327\" srcset=\"https:\/\/bien-etreiris.ch\/wp-content\/uploads\/2023\/09\/Eucalyptus-smithii.jpg 217w, https:\/\/bien-etreiris.ch\/wp-content\/uploads\/2023\/09\/Eucalyptus-smithii-144x300.jpg 144w\" sizes=\"auto, (max-width: 157px) 100vw, 157px\" \/>&nbsp;<\/a><\/p>\n<p>&nbsp;<\/p>\n<p>&nbsp;<\/p>\n<p>&nbsp;<\/p>\n<p>&nbsp;<\/p>\n<p>&nbsp;<\/p>\n<p>Flacon contenue 10 ml <strong>CHF 7.20<\/strong><\/p>\n<p>&nbsp;<\/p>\n<p>&nbsp;<\/p>\n<p>&nbsp;<\/p>\n<table style=\"width: 100%; height: 1062px;\">\n<tbody>\n<tr style=\"height: 23px;\">\n<td style=\"width: 28.5714%; height: 23px;\"><strong>Nom botanique :<\/strong><\/td>\n<td style=\"width: 70.4762%; height: 23px;\"><em>Eucalyptus smithii&nbsp;<\/em>F.Muell. ex. R.T.Baker&nbsp;<\/td>\n<\/tr>\n<tr style=\"height: 23px;\">\n<td style=\"width: 28.5714%; height: 23px;\"><strong>Famille botanique :<\/strong><\/td>\n<td style=\"width: 70.4762%; height: 23px;\">Myrtac\u00e9es<\/td>\n<\/tr>\n<tr style=\"height: 23px;\">\n<td style=\"width: 28.5714%; height: 23px;\"><strong>M\u00e9thode d'extraction :<\/strong><\/td>\n<td style=\"width: 70.4762%; height: 23px;\">Distillation \u00e0 la vapeur d'eau<\/td>\n<\/tr>\n<tr style=\"height: 23px;\">\n<td style=\"width: 28.5714%; height: 23px;\"><strong>Partie de la plante utilis\u00e9e :<\/strong><\/td>\n<td style=\"width: 70.4762%; height: 23px;\">Feuilles<\/td>\n<\/tr>\n<tr style=\"height: 23px;\">\n<td style=\"width: 28.5714%; height: 23px;\"><strong>Quantit\u00e9 v\u00e9g\u00e9tale :<\/strong><\/td>\n<td style=\"width: 70.4762%; height: 23px;\">&nbsp;<\/td>\n<\/tr>\n<tr style=\"height: 46px;\">\n<td style=\"width: 28.5714%; height: 46px;\"><strong>Origine g\u00e9ographique :<\/strong>&nbsp;<\/td>\n<td style=\"width: 70.4762%; height: 46px;\">Australie ou Afrique du Sud (peut varier en fonction de la saison et de la r\u00e9colte)<\/td>\n<\/tr>\n<tr style=\"height: 23px;\">\n<td style=\"width: 28.5714%; height: 23px;\"><strong>Culture qualit\u00e9&nbsp;:<\/strong><\/td>\n<td style=\"width: 70.4762%; height: 23px;\">&nbsp;<\/td>\n<\/tr>\n<tr style=\"height: 23px;\">\n<td style=\"width: 28.5714%; height: 23px;\"><strong>Effet parfum\u00e9 :<\/strong><\/td>\n<td style=\"width: 70.4762%; height: 23px;\">&nbsp;<\/td>\n<\/tr>\n<tr style=\"height: 23px;\">\n<td style=\"width: 28.5714%; height: 23px;\"><strong>Note parfum\u00e9e :<\/strong><\/td>\n<td style=\"width: 70.4762%; height: 23px;\">Note de t\u00eate<\/td>\n<\/tr>\n<tr style=\"height: 23px;\">\n<td style=\"width: 28.5714%; height: 23px;\"><strong>Profil de parfum :<\/strong><\/td>\n<td style=\"width: 70.4762%; height: 23px;\">Aromatique, fra\u00eeche, cin\u00e9ol\u00e9e<\/td>\n<\/tr>\n<tr style=\"height: 23px;\">\n<td style=\"width: 28.5714%; height: 23px;\"><strong>Th\u00e8me du parfum :<\/strong><\/td>\n<td style=\"width: 70.4762%; height: 23px;\">&nbsp;<\/td>\n<\/tr>\n<tr style=\"height: 23px;\">\n<td style=\"width: 28.5714%; height: 23px;\"><strong>Energ\u00e9tique :<\/strong><\/td>\n<td style=\"width: 70.4762%; height: 23px;\">&nbsp;<\/td>\n<\/tr>\n<tr style=\"height: 23px;\">\n<td style=\"width: 28.5714%; height: 23px;\"><strong>Psycho-\u00e9motionnel :<\/strong>&nbsp;<\/td>\n<td style=\"width: 70.4762%; height: 23px;\">Il apporte \u00e9galement une aide <em>psycho<\/em>-<em>\u00e9motionnelle<\/em> en favorisant la m\u00e9moire, la vivacit\u00e9 et la lucidit\u00e9 intellectuelle ainsi que la concentration.<\/td>\n<\/tr>\n<tr style=\"height: 296px;\">\n<td style=\"width: 28.5714%; height: 296px;\"><strong>Description :<\/strong><\/td>\n<td style=\"width: 70.4762%; height: 296px;\" scope=\"row\">\n<ul style=\"list-style-type: disc;\">\n<li>Comme ses cousins d'esp\u00e8ces diff\u00e9rentes, l'Eucalyptus smithii d\u00e9veloppe une croissance rapide et peut atteindre plus de 30 m de haut. Ses longues feuilles lanc\u00e9ol\u00e9es vert-gris\u00e2tre et pendantes caract\u00e9ristiques sont coriaces. Le fruit contient de nombreuses graines minuscules.<\/li>\n<li>Cette huile est consid\u00e9r\u00e9e comme la plus douce des huiles essentielles d'eucalyptus, notamment aupr\u00e8s des enfants et des personnes \u00e0 la peau tr\u00e8s sensibles.<\/li>\n<\/ul>\n<\/td>\n<\/tr>\n<tr style=\"height: 198px;\">\n<td style=\"width: 28.5714%; height: 198px;\"><strong>Application :<\/strong><\/td>\n<td style=\"width: 70.4762%; height: 198px;\">\n<ul style=\"list-style-type: disc;\">\n<li>Elle poss\u00e8de les m\u00eames&nbsp;propri\u00e9t\u00e9s expectorantes, antibact\u00e9riennes et stimulantes immunitaire&nbsp;que ses cousins de la m\u00eame esp\u00e8ce.<\/li>\n<li>Des sp\u00e9cialistes qualifi\u00e9s se feront un plaisir de vous donner de plus amples informations sur les possibilit\u00e9s d'utilisation m\u00e9dicale et cosm\u00e9tique.<\/li>\n<\/ul>\n<\/td>\n<\/tr>\n<tr style=\"height: 200px;\">\n<td style=\"width: 28.5714%; height: 200px;\"><strong>Principes actifs :<\/strong><\/td>\n<td style=\"width: 70.4762%; height: 200px;\">\n<ul style=\"list-style-type: disc;\">\n<li>1,8-cin\u00e9ole (eucalyptol)&nbsp;(de 70&nbsp;\u00e0 84 %)<\/li>\n<li>Alpha-pin\u00e8ne (\u2264 11 %)<\/li>\n<li>D-limon\u00e8ne (\u2264 8 %)<\/li>\n<li>Para cym\u00e8ne (\u2264 5 %)<\/li>\n<li>Terpin\u00e8ne 4-ol (\u2264 5 %)<\/li>\n<\/ul>\n<\/td>\n<\/tr>\n<tr style=\"height: 23px;\">\n<td style=\"width: 28.5714%; height: 23px;\"><strong>Allerg\u00e8nes :<\/strong><\/td>\n<td style=\"width: 70.4762%; height: 23px;\">&nbsp;<\/td>\n<\/tr>\n<tr style=\"height: 23px;\">\n<td style=\"width: 28.5714%; height: 23px;\"><strong>Pr\u00e9cautions :<\/strong><\/td>\n<td style=\"width: 70.4762%; height: 23px;\">D\u00e9conseill\u00e9e durant les trois premiers mois de la grossesse<\/td>\n<\/tr>\n<\/tbody>\n<\/table>\n","protected":false},"excerpt":{"rendered":"<p>Eucalyptus smithii&nbsp; &nbsp; &nbsp; &nbsp; &nbsp; &nbsp; &nbsp; &nbsp; Flacon contenue 10 ml CHF 7.20 &nbsp; &nbsp; &nbsp; Nom botanique : Eucalyptus smithii&nbsp;F.Muell. ex. R.T.Baker&nbsp; Famille botanique : Myrtac\u00e9es M\u00e9thode d'extraction : Distillation \u00e0 la vapeur d'eau Partie de la plante utilis\u00e9e : Feuilles Quantit\u00e9 v\u00e9g\u00e9tale : &nbsp; Origine g\u00e9ographique :&nbsp; Australie ou Afrique du Sud (peut varier en fonction&nbsp;<a href=\"https:\/\/bien-etreiris.ch\/de\/produktpraesentation\/aromatherapie\/aetherische-oele\/eukalyptus\/smithii\/\" class=\"read-more\">Weiter lesen<\/a><\/p>\n","protected":false},"author":1,"featured_media":74658,"parent":74421,"menu_order":3011,"comment_status":"closed","ping_status":"closed","template":"page-with-child.php","meta":{"_acf_changed":false,"ngg_post_thumbnail":0,"footnotes":""},"class_list":["post-74662","page","type-page","status-publish","has-post-thumbnail","hentry"],"acf":[],"yoast_head":"<!-- This site is optimized with the Yoast SEO plugin v27.6 - https:\/\/yoast.com\/product\/yoast-seo-wordpress\/ -->\n<title>SMITHII - WOHLBEFINDEN<\/title>\n<meta name=\"robots\" content=\"index, follow, max-snippet:-1, max-image-preview:large, max-video-preview:-1\" \/>\n<link rel=\"canonical\" href=\"https:\/\/bien-etreiris.ch\/de\/produktpraesentation\/aromatherapie\/aetherische-oele\/eukalyptus\/smithii\/\" \/>\n<meta property=\"og:locale\" content=\"de_DE\" \/>\n<meta property=\"og:type\" content=\"article\" \/>\n<meta property=\"og:title\" content=\"SMITHII - WOHLBEFINDEN\" \/>\n<meta property=\"og:description\" content=\"Eucalyptus smithii&nbsp; &nbsp; &nbsp; &nbsp; &nbsp; &nbsp; &nbsp; &nbsp; Flacon contenue 10 ml CHF 7.20 &nbsp; &nbsp; &nbsp; Nom botanique : Eucalyptus smithii&nbsp;F.Muell. ex. R.T.Baker&nbsp; Famille botanique : Myrtac\u00e9es M\u00e9thode d&#039;extraction : Distillation \u00e0 la vapeur d&#039;eau Partie de la plante utilis\u00e9e : Feuilles Quantit\u00e9 v\u00e9g\u00e9tale : &nbsp; Origine g\u00e9ographique :&nbsp; Australie ou Afrique du Sud (peut varier en fonction&nbsp;Weiter lesen\" \/>\n<meta property=\"og:url\" content=\"https:\/\/bien-etreiris.ch\/de\/produktpraesentation\/aromatherapie\/aetherische-oele\/eukalyptus\/smithii\/\" \/>\n<meta property=\"og:site_name\" content=\"WOHLBEFINDEN\" \/>\n<meta property=\"article:publisher\" content=\"https:\/\/www.facebook.com\/bienetreiris\/\" \/>\n<meta property=\"article:modified_time\" content=\"2023-09-09T20:39:31+00:00\" \/>\n<meta property=\"og:image\" content=\"https:\/\/bien-etreiris.ch\/wp-content\/uploads\/2023\/09\/acceuil-Eucalyptus-smithii.png\" \/>\n\t<meta property=\"og:image:width\" content=\"500\" \/>\n\t<meta property=\"og:image:height\" content=\"333\" \/>\n\t<meta property=\"og:image:type\" content=\"image\/png\" \/>\n<meta name=\"twitter:label1\" content=\"Gesch\u00e4tzte Lesezeit\" \/>\n\t<meta name=\"twitter:data1\" content=\"2\u00a0Minuten\" \/>\n<script type=\"application\/ld+json\" class=\"yoast-schema-graph\">{\"@context\":\"https:\\\/\\\/schema.org\",\"@graph\":[{\"@type\":\"WebPage\",\"@id\":\"https:\\\/\\\/bien-etreiris.ch\\\/de\\\/produktpraesentation\\\/aromatherapie\\\/aetherische-oele\\\/eukalyptus\\\/smithii\\\/\",\"url\":\"https:\\\/\\\/bien-etreiris.ch\\\/de\\\/produktpraesentation\\\/aromatherapie\\\/aetherische-oele\\\/eukalyptus\\\/smithii\\\/\",\"name\":\"SMITHII - WOHLBEFINDEN\",\"isPartOf\":{\"@id\":\"https:\\\/\\\/bien-etreiris.ch\\\/de\\\/#website\"},\"primaryImageOfPage\":{\"@id\":\"https:\\\/\\\/bien-etreiris.ch\\\/de\\\/produktpraesentation\\\/aromatherapie\\\/aetherische-oele\\\/eukalyptus\\\/smithii\\\/#primaryimage\"},\"image\":{\"@id\":\"https:\\\/\\\/bien-etreiris.ch\\\/de\\\/produktpraesentation\\\/aromatherapie\\\/aetherische-oele\\\/eukalyptus\\\/smithii\\\/#primaryimage\"},\"thumbnailUrl\":\"https:\\\/\\\/bien-etreiris.ch\\\/wp-content\\\/uploads\\\/2023\\\/09\\\/acceuil-Eucalyptus-smithii.png\",\"datePublished\":\"2023-09-09T19:20:10+00:00\",\"dateModified\":\"2023-09-09T20:39:31+00:00\",\"breadcrumb\":{\"@id\":\"https:\\\/\\\/bien-etreiris.ch\\\/de\\\/produktpraesentation\\\/aromatherapie\\\/aetherische-oele\\\/eukalyptus\\\/smithii\\\/#breadcrumb\"},\"inLanguage\":\"de\",\"potentialAction\":[{\"@type\":\"ReadAction\",\"target\":[\"https:\\\/\\\/bien-etreiris.ch\\\/de\\\/produktpraesentation\\\/aromatherapie\\\/aetherische-oele\\\/eukalyptus\\\/smithii\\\/\"]}]},{\"@type\":\"ImageObject\",\"inLanguage\":\"de\",\"@id\":\"https:\\\/\\\/bien-etreiris.ch\\\/de\\\/produktpraesentation\\\/aromatherapie\\\/aetherische-oele\\\/eukalyptus\\\/smithii\\\/#primaryimage\",\"url\":\"https:\\\/\\\/bien-etreiris.ch\\\/wp-content\\\/uploads\\\/2023\\\/09\\\/acceuil-Eucalyptus-smithii.png\",\"contentUrl\":\"https:\\\/\\\/bien-etreiris.ch\\\/wp-content\\\/uploads\\\/2023\\\/09\\\/acceuil-Eucalyptus-smithii.png\",\"width\":500,\"height\":333},{\"@type\":\"BreadcrumbList\",\"@id\":\"https:\\\/\\\/bien-etreiris.ch\\\/de\\\/produktpraesentation\\\/aromatherapie\\\/aetherische-oele\\\/eukalyptus\\\/smithii\\\/#breadcrumb\",\"itemListElement\":[{\"@type\":\"ListItem\",\"position\":1,\"name\":\"Home\",\"item\":\"https:\\\/\\\/bien-etreiris.ch\\\/de\\\/\"},{\"@type\":\"ListItem\",\"position\":2,\"name\":\"PRODUKTPR\u00c4SENTATION\",\"item\":\"https:\\\/\\\/bien-etreiris.ch\\\/de\\\/produktpraesentation\\\/\"},{\"@type\":\"ListItem\",\"position\":3,\"name\":\"AROMATHERAPIE\",\"item\":\"https:\\\/\\\/bien-etreiris.ch\\\/de\\\/produktpraesentation\\\/aromatherapie\\\/\"},{\"@type\":\"ListItem\",\"position\":4,\"name\":\"\u00c4THERISCHE \u00d6LE\",\"item\":\"https:\\\/\\\/bien-etreiris.ch\\\/de\\\/produktpraesentation\\\/aromatherapie\\\/aetherische-oele\\\/\"},{\"@type\":\"ListItem\",\"position\":5,\"name\":\"EUKALYPTUS\",\"item\":\"https:\\\/\\\/bien-etreiris.ch\\\/de\\\/produktpraesentation\\\/aromatherapie\\\/aetherische-oele\\\/eukalyptus\\\/\"},{\"@type\":\"ListItem\",\"position\":6,\"name\":\"SMITHII\"}]},{\"@type\":\"WebSite\",\"@id\":\"https:\\\/\\\/bien-etreiris.ch\\\/de\\\/#website\",\"url\":\"https:\\\/\\\/bien-etreiris.ch\\\/de\\\/\",\"name\":\"Bien-\u00eatre Iris\",\"description\":\"IHRE Gesundheit ist uns wichtig\",\"potentialAction\":[{\"@type\":\"SearchAction\",\"target\":{\"@type\":\"EntryPoint\",\"urlTemplate\":\"https:\\\/\\\/bien-etreiris.ch\\\/de\\\/?s={search_term_string}\"},\"query-input\":{\"@type\":\"PropertyValueSpecification\",\"valueRequired\":true,\"valueName\":\"search_term_string\"}}],\"inLanguage\":\"de\"}]}<\/script>\n<!-- \/ Yoast SEO plugin. -->","yoast_head_json":{"title":"SMITHII - WOHLBEFINDEN","robots":{"index":"index","follow":"follow","max-snippet":"max-snippet:-1","max-image-preview":"max-image-preview:large","max-video-preview":"max-video-preview:-1"},"canonical":"https:\/\/bien-etreiris.ch\/de\/produktpraesentation\/aromatherapie\/aetherische-oele\/eukalyptus\/smithii\/","og_locale":"de_DE","og_type":"article","og_title":"SMITHII - WOHLBEFINDEN","og_description":"Eucalyptus smithii&nbsp; &nbsp; &nbsp; &nbsp; &nbsp; &nbsp; &nbsp; &nbsp; Flacon contenue 10 ml CHF 7.20 &nbsp; &nbsp; &nbsp; Nom botanique : Eucalyptus smithii&nbsp;F.Muell. ex. R.T.Baker&nbsp; Famille botanique : Myrtac\u00e9es M\u00e9thode d'extraction : Distillation \u00e0 la vapeur d'eau Partie de la plante utilis\u00e9e : Feuilles Quantit\u00e9 v\u00e9g\u00e9tale : &nbsp; Origine g\u00e9ographique :&nbsp; Australie ou Afrique du Sud (peut varier en fonction&nbsp;Weiter lesen","og_url":"https:\/\/bien-etreiris.ch\/de\/produktpraesentation\/aromatherapie\/aetherische-oele\/eukalyptus\/smithii\/","og_site_name":"WOHLBEFINDEN","article_publisher":"https:\/\/www.facebook.com\/bienetreiris\/","article_modified_time":"2023-09-09T20:39:31+00:00","og_image":[{"width":500,"height":333,"url":"https:\/\/bien-etreiris.ch\/wp-content\/uploads\/2023\/09\/acceuil-Eucalyptus-smithii.png","type":"image\/png"}],"twitter_misc":{"Gesch\u00e4tzte Lesezeit":"2\u00a0Minuten"},"schema":{"@context":"https:\/\/schema.org","@graph":[{"@type":"WebPage","@id":"https:\/\/bien-etreiris.ch\/de\/produktpraesentation\/aromatherapie\/aetherische-oele\/eukalyptus\/smithii\/","url":"https:\/\/bien-etreiris.ch\/de\/produktpraesentation\/aromatherapie\/aetherische-oele\/eukalyptus\/smithii\/","name":"SMITHII - WOHLBEFINDEN","isPartOf":{"@id":"https:\/\/bien-etreiris.ch\/de\/#website"},"primaryImageOfPage":{"@id":"https:\/\/bien-etreiris.ch\/de\/produktpraesentation\/aromatherapie\/aetherische-oele\/eukalyptus\/smithii\/#primaryimage"},"image":{"@id":"https:\/\/bien-etreiris.ch\/de\/produktpraesentation\/aromatherapie\/aetherische-oele\/eukalyptus\/smithii\/#primaryimage"},"thumbnailUrl":"https:\/\/bien-etreiris.ch\/wp-content\/uploads\/2023\/09\/acceuil-Eucalyptus-smithii.png","datePublished":"2023-09-09T19:20:10+00:00","dateModified":"2023-09-09T20:39:31+00:00","breadcrumb":{"@id":"https:\/\/bien-etreiris.ch\/de\/produktpraesentation\/aromatherapie\/aetherische-oele\/eukalyptus\/smithii\/#breadcrumb"},"inLanguage":"de","potentialAction":[{"@type":"ReadAction","target":["https:\/\/bien-etreiris.ch\/de\/produktpraesentation\/aromatherapie\/aetherische-oele\/eukalyptus\/smithii\/"]}]},{"@type":"ImageObject","inLanguage":"de","@id":"https:\/\/bien-etreiris.ch\/de\/produktpraesentation\/aromatherapie\/aetherische-oele\/eukalyptus\/smithii\/#primaryimage","url":"https:\/\/bien-etreiris.ch\/wp-content\/uploads\/2023\/09\/acceuil-Eucalyptus-smithii.png","contentUrl":"https:\/\/bien-etreiris.ch\/wp-content\/uploads\/2023\/09\/acceuil-Eucalyptus-smithii.png","width":500,"height":333},{"@type":"BreadcrumbList","@id":"https:\/\/bien-etreiris.ch\/de\/produktpraesentation\/aromatherapie\/aetherische-oele\/eukalyptus\/smithii\/#breadcrumb","itemListElement":[{"@type":"ListItem","position":1,"name":"Home","item":"https:\/\/bien-etreiris.ch\/de\/"},{"@type":"ListItem","position":2,"name":"PRODUKTPR\u00c4SENTATION","item":"https:\/\/bien-etreiris.ch\/de\/produktpraesentation\/"},{"@type":"ListItem","position":3,"name":"AROMATHERAPIE","item":"https:\/\/bien-etreiris.ch\/de\/produktpraesentation\/aromatherapie\/"},{"@type":"ListItem","position":4,"name":"\u00c4THERISCHE \u00d6LE","item":"https:\/\/bien-etreiris.ch\/de\/produktpraesentation\/aromatherapie\/aetherische-oele\/"},{"@type":"ListItem","position":5,"name":"EUKALYPTUS","item":"https:\/\/bien-etreiris.ch\/de\/produktpraesentation\/aromatherapie\/aetherische-oele\/eukalyptus\/"},{"@type":"ListItem","position":6,"name":"SMITHII"}]},{"@type":"WebSite","@id":"https:\/\/bien-etreiris.ch\/de\/#website","url":"https:\/\/bien-etreiris.ch\/de\/","name":"Bien-\u00eatre Iris","description":"IHRE Gesundheit ist uns wichtig","potentialAction":[{"@type":"SearchAction","target":{"@type":"EntryPoint","urlTemplate":"https:\/\/bien-etreiris.ch\/de\/?s={search_term_string}"},"query-input":{"@type":"PropertyValueSpecification","valueRequired":true,"valueName":"search_term_string"}}],"inLanguage":"de"}]}},"_links":{"self":[{"href":"https:\/\/bien-etreiris.ch\/de\/wp-json\/wp\/v2\/pages\/74662","targetHints":{"allow":["GET"]}}],"collection":[{"href":"https:\/\/bien-etreiris.ch\/de\/wp-json\/wp\/v2\/pages"}],"about":[{"href":"https:\/\/bien-etreiris.ch\/de\/wp-json\/wp\/v2\/types\/page"}],"author":[{"embeddable":true,"href":"https:\/\/bien-etreiris.ch\/de\/wp-json\/wp\/v2\/users\/1"}],"replies":[{"embeddable":true,"href":"https:\/\/bien-etreiris.ch\/de\/wp-json\/wp\/v2\/comments?post=74662"}],"version-history":[{"count":5,"href":"https:\/\/bien-etreiris.ch\/de\/wp-json\/wp\/v2\/pages\/74662\/revisions"}],"predecessor-version":[{"id":74680,"href":"https:\/\/bien-etreiris.ch\/de\/wp-json\/wp\/v2\/pages\/74662\/revisions\/74680"}],"up":[{"embeddable":true,"href":"https:\/\/bien-etreiris.ch\/de\/wp-json\/wp\/v2\/pages\/74421"}],"wp:featuredmedia":[{"embeddable":true,"href":"https:\/\/bien-etreiris.ch\/de\/wp-json\/wp\/v2\/media\/74658"}],"wp:attachment":[{"href":"https:\/\/bien-etreiris.ch\/de\/wp-json\/wp\/v2\/media?parent=74662"}],"curies":[{"name":"wp","href":"https:\/\/api.w.org\/{rel}","templated":true}]}}