{"id":74627,"date":"2023-09-09T19:13:33","date_gmt":"2023-09-09T17:13:33","guid":{"rendered":"https:\/\/bien-etreiris.ch\/produktpraesentation\/aromatherapie\/aetherische-oele\/eukalyptus\/globulus\/"},"modified":"2023-09-09T19:41:10","modified_gmt":"2023-09-09T17:41:10","slug":"globulus","status":"publish","type":"page","link":"https:\/\/bien-etreiris.ch\/de\/produktpraesentation\/aromatherapie\/aetherische-oele\/eukalyptus\/globulus\/","title":{"rendered":"GLOBULUS"},"content":{"rendered":"\n<h2>Eucalyptus globulus<\/h2>\n<p>&nbsp;<\/p>\n<p>&nbsp;<a href=\"https:\/\/bien-etreiris.ch\/de\/produktpraesentation\/aromatherapie\/aetherische-oele\/eukalyptus\/globulus\/bouteilles-eucalyptus-globulus-2\/\" rel=\"attachment wp-att-74618\"><img loading=\"lazy\" decoding=\"async\" class=\"wp-image-74618 alignleft\" src=\"https:\/\/bien-etreiris.ch\/wp-content\/uploads\/2023\/09\/bouteilles-eucalyptus-globulus.jpg\" alt=\"\" width=\"247\" height=\"548\" srcset=\"https:\/\/bien-etreiris.ch\/wp-content\/uploads\/2023\/09\/bouteilles-eucalyptus-globulus.jpg 313w, https:\/\/bien-etreiris.ch\/wp-content\/uploads\/2023\/09\/bouteilles-eucalyptus-globulus-135x300.jpg 135w\" sizes=\"auto, (max-width: 247px) 100vw, 247px\" \/><\/a><\/p>\n<p>&nbsp;<\/p>\n<p>&nbsp;<\/p>\n<p>&nbsp;<\/p>\n\n\n<p>&nbsp;<\/p>\n<p>&nbsp;<\/p>\n<p>&nbsp;<\/p>\n<p>&nbsp;<\/p>\n<p>&nbsp;<\/p>\n<p>flacon contenue 10 ml <strong>CHF 8.50<\/strong><\/p>\n<p>&nbsp;<\/p>\n<p>&nbsp;<\/p>\n<p>&nbsp;<\/p>\n<table style=\"width: 106.069%; height: 1544px;\">\n<tbody>\n<tr style=\"height: 23px;\">\n<td style=\"width: 24.881%; height: 23px;\"><strong>Nom botanique :<\/strong><\/td>\n<td style=\"width: 80.2381%; height: 23px;\"><em>Eucalyptus globulus<\/em> Labill.<\/td>\n<\/tr>\n<tr style=\"height: 23px;\">\n<td style=\"width: 24.881%; height: 23px;\"><strong>Famille botanique :<\/strong><\/td>\n<td style=\"width: 80.2381%; height: 23px;\">Myrtac\u00e9es<\/td>\n<\/tr>\n<tr style=\"height: 46px;\">\n<td style=\"width: 24.881%; height: 46px;\"><strong>M\u00e9thode d'extraction :<\/strong><\/td>\n<td style=\"width: 80.2381%; height: 46px;\">c.b.v. (issu de la cueillette sauvage biologique contr\u00f4l\u00e9e), non test\u00e9 sur les animaux, v\u00e9g\u00e9talien<\/td>\n<\/tr>\n<tr style=\"height: 46px;\">\n<td style=\"width: 24.881%; height: 46px;\"><strong>Partie de la plante utilis\u00e9e :<\/strong><\/td>\n<td style=\"width: 80.2381%; height: 46px;\">Feuilles<\/td>\n<\/tr>\n<tr style=\"height: 23px;\">\n<td style=\"width: 24.881%; height: 23px;\"><strong>Quantit\u00e9 v\u00e9g\u00e9tale :<\/strong><\/td>\n<td style=\"width: 80.2381%; height: 23px;\">50 kg de feuilles sont n\u00e9cessaires pour obtenir 1 kg d'huile<\/td>\n<\/tr>\n<tr style=\"height: 23px;\">\n<td style=\"width: 24.881%; height: 23px;\"><strong>Origine g\u00e9ographique :<\/strong>&nbsp;<\/td>\n<td style=\"width: 80.2381%; height: 23px;\">Espagne (peut varier en fonction de la saison et de la r\u00e9colte)<\/td>\n<\/tr>\n<tr style=\"height: 46px;\">\n<td style=\"width: 24.881%; height: 46px;\"><strong>Culture qualit\u00e9&nbsp;:<\/strong><\/td>\n<td style=\"width: 80.2381%; height: 46px;\">C.B.V. (issu de la cueillette sauvage biologique contr\u00f4l\u00e9e), non test\u00e9 sur les animaux, v\u00e9g\u00e9talien<\/td>\n<\/tr>\n<tr style=\"height: 23px;\">\n<td style=\"width: 24.881%; height: 23px;\"><strong>Effet parfum\u00e9 :<\/strong><\/td>\n<td style=\"width: 80.2381%; height: 23px;\">rafra\u00eechissant<\/td>\n<\/tr>\n<tr style=\"height: 23px;\">\n<td style=\"width: 24.881%; height: 23px;\"><strong>Note parfum\u00e9e :<\/strong><\/td>\n<td style=\"width: 80.2381%; height: 23px;\">Note de t\u00eate<\/td>\n<\/tr>\n<tr style=\"height: 23px;\">\n<td style=\"width: 24.881%; height: 23px;\"><strong>Profil de parfum :<\/strong><\/td>\n<td style=\"width: 80.2381%; height: 23px;\">frais, camphr\u00e9<\/td>\n<\/tr>\n<tr style=\"height: 23px;\">\n<td style=\"width: 24.881%; height: 23px;\"><strong>Th\u00e8me du parfum :<\/strong><\/td>\n<td style=\"width: 80.2381%; height: 23px;\">stimulant, favorise la concentration, vivifie, purifie l'air<\/td>\n<\/tr>\n<tr style=\"height: 23px;\">\n<td style=\"width: 24.881%; height: 23px;\"><strong>Energ\u00e9tique :<\/strong><\/td>\n<td style=\"width: 80.2381%; height: 23px;\">Indigo \/ 6e chakra<\/td>\n<\/tr>\n<tr style=\"height: 166px;\">\n<td style=\"width: 24.881%; height: 166px;\"><strong>Psycho-\u00e9motionnel :<\/strong>&nbsp;<\/td>\n<td style=\"width: 80.2381%; height: 166px;\">\n<ul style=\"list-style-type: disc;\">\n<li>Son caract\u00e8re frais apporte une clart\u00e9 mentale, soutient la concentration et la pers\u00e9v\u00e9rance. Elle aide \u00e0 avoir le proverbial \"long souffle\".<\/li>\n<li>L'huile r\u00e9veille en cas d'\u00e9puisement mental et \u00e9motionnel et soutient les processus de d\u00e9cision.<\/li>\n<\/ul>\n<\/td>\n<\/tr>\n<tr style=\"height: 198px;\">\n<td style=\"width: 24.881%; height: 198px;\">\n<p><strong>Description :<\/strong><\/p>\n<\/td>\n<td style=\"width: 80.2381%; height: 198px;\" scope=\"row\">\n<ul style=\"list-style-type: disc;\">\n<li>L'eucalyptus globulus fait partie d'une famille d'arbres comptant plus de 600 esp\u00e8ces. Originaire d'Australie, de Tasmanie et d'Indon\u00e9sie, l'eucalyptus pousse dans les r\u00e9gions chaudes du monde entier.<\/li>\n<li>L'eucalyptus globulus, avec son odeur piquante et camphr\u00e9e, est propos\u00e9 dans de nombreuses frictions et bains contre le rhume.<\/li>\n<\/ul>\n<\/td>\n<\/tr>\n<tr style=\"height: 396px;\">\n<td style=\"width: 24.881%; height: 396px;\">\n<p><strong>Application :<\/strong><\/p>\n<\/td>\n<td style=\"width: 80.2381%; height: 396px;\">\n<ul style=\"list-style-type: disc;\">\n<li>\n<p>L'eucalyptus globulus se m\u00e9lange bien avec la lavande, le pamplemousse, le thym et le bois de linaloa. Utilis\u00e9 avec du citron dans un diffuseur, il cr\u00e9e une atmosph\u00e8re clarifiante et propice \u00e0 la concentration.<\/p>\n<\/li>\n<li>\n<p>L'eucalyptus globulus ne devrait pas \u00eatre utilis\u00e9 pour les enfants de moins de six ans et les personnes souffrant de maladies pulmonaires obstructives ! Dans ce cas, l'eucalyptus citriodora est une alternative. Pour les enfants en bas \u00e2ge, l'eucalyptus radi\u00e9 convient \u00e9galement.<\/p>\n<\/li>\n<li>\n<p>Des sp\u00e9cialistes qualifi\u00e9s vous donneront volontiers de plus amples informations sur les possibilit\u00e9s d'utilisation m\u00e9dicale et cosm\u00e9tique.<\/p>\n<\/li>\n<\/ul>\n<\/td>\n<\/tr>\n<tr style=\"height: 200px;\">\n<td style=\"width: 24.881%; height: 200px;\"><strong>Principes actifs :<\/strong><\/td>\n<td style=\"width: 80.2381%; height: 200px;\">\n<ul style=\"list-style-type: disc;\">\n<li>1,8-cin\u00e9ole (eucalyptol) (de 62&nbsp;\u00e0 75 %)<\/li>\n<li>Alpha-pin\u00e8ne (de 6&nbsp;\u00e0 22 %)<\/li>\n<li>D-Limon\u00e8ne (\u2264 11 %)<\/li>\n<li>Paracym\u00e8ne (\u2264 6 %)<\/li>\n<li>Contient moins de 1 % de c\u00e9tones (pinocarvone)<\/li>\n<\/ul>\n<\/td>\n<\/tr>\n<tr style=\"height: 23px;\">\n<td style=\"width: 24.881%; height: 23px;\"><strong>Allerg\u00e8nes :<\/strong><\/td>\n<td style=\"width: 80.2381%; height: 23px;\">Limon\u00e8ne<\/td>\n<\/tr>\n<tr style=\"height: 216px;\">\n<td style=\"width: 24.881%; height: 216px;\"><strong>Pr\u00e9cautions :<\/strong><\/td>\n<td style=\"height: 216px; width: 80.2381%;\">\n<ul>\n<li>\n<p>L'eucalyptus globulus ne devrait pas \u00eatre utilis\u00e9 pour les enfants de moins de six ans et les personnes souffrant de maladies pulmonaires obstructives ! Dans ce cas, l'eucalyptus citriodora est une alternative. Pour les enfants en bas \u00e2ge, l'eucalyptus radi\u00e9 convient \u00e9galement.<\/p>\n<\/li>\n<li>\n<p>La prudence est \u00e9galement de mise en cas d'hypertension et d'\u00e9pilepsi<\/p>\n<\/li>\n<\/ul>\n<\/td>\n<\/tr>\n<\/tbody>\n<\/table>","protected":false},"excerpt":{"rendered":"<p>Eucalyptus globulus &nbsp; &nbsp; &nbsp; &nbsp; &nbsp; &nbsp; &nbsp; &nbsp; &nbsp; &nbsp; flacon contenue 10 ml CHF 8.50 &nbsp; &nbsp; &nbsp; Nom botanique : Eucalyptus globulus Labill. Famille botanique : Myrtac\u00e9es M\u00e9thode d'extraction : c.b.v. (issu de la cueillette sauvage biologique contr\u00f4l\u00e9e), non test\u00e9 sur les animaux, v\u00e9g\u00e9talien Partie de la plante utilis\u00e9e : Feuilles Quantit\u00e9 v\u00e9g\u00e9tale : 50 kg&nbsp;<a href=\"https:\/\/bien-etreiris.ch\/de\/produktpraesentation\/aromatherapie\/aetherische-oele\/eukalyptus\/globulus\/\" class=\"read-more\">Weiter lesen<\/a><\/p>\n","protected":false},"author":1,"featured_media":74623,"parent":74421,"menu_order":3014,"comment_status":"closed","ping_status":"closed","template":"page-with-child.php","meta":{"_acf_changed":false,"ngg_post_thumbnail":0,"footnotes":""},"class_list":["post-74627","page","type-page","status-publish","has-post-thumbnail","hentry"],"acf":[],"yoast_head":"<!-- This site is optimized with the Yoast SEO plugin v27.6 - https:\/\/yoast.com\/product\/yoast-seo-wordpress\/ -->\n<title>GLOBULUS - WOHLBEFINDEN<\/title>\n<meta name=\"robots\" content=\"index, follow, max-snippet:-1, max-image-preview:large, max-video-preview:-1\" \/>\n<link rel=\"canonical\" href=\"https:\/\/bien-etreiris.ch\/de\/produktpraesentation\/aromatherapie\/aetherische-oele\/eukalyptus\/globulus\/\" \/>\n<meta property=\"og:locale\" content=\"de_DE\" \/>\n<meta property=\"og:type\" content=\"article\" \/>\n<meta property=\"og:title\" content=\"GLOBULUS - WOHLBEFINDEN\" \/>\n<meta property=\"og:description\" content=\"Eucalyptus globulus &nbsp; &nbsp; &nbsp; &nbsp; &nbsp; &nbsp; &nbsp; &nbsp; &nbsp; &nbsp; flacon contenue 10 ml CHF 8.50 &nbsp; &nbsp; &nbsp; Nom botanique : Eucalyptus globulus Labill. Famille botanique : Myrtac\u00e9es M\u00e9thode d&#039;extraction : c.b.v. (issu de la cueillette sauvage biologique contr\u00f4l\u00e9e), non test\u00e9 sur les animaux, v\u00e9g\u00e9talien Partie de la plante utilis\u00e9e : Feuilles Quantit\u00e9 v\u00e9g\u00e9tale : 50 kg&nbsp;Weiter lesen\" \/>\n<meta property=\"og:url\" content=\"https:\/\/bien-etreiris.ch\/de\/produktpraesentation\/aromatherapie\/aetherische-oele\/eukalyptus\/globulus\/\" \/>\n<meta property=\"og:site_name\" content=\"WOHLBEFINDEN\" \/>\n<meta property=\"article:publisher\" content=\"https:\/\/www.facebook.com\/bienetreiris\/\" \/>\n<meta property=\"article:modified_time\" content=\"2023-09-09T17:41:10+00:00\" \/>\n<meta property=\"og:image\" content=\"https:\/\/bien-etreiris.ch\/wp-content\/uploads\/2023\/09\/acceuil-eucalyptus-globulus.png\" \/>\n\t<meta property=\"og:image:width\" content=\"500\" \/>\n\t<meta property=\"og:image:height\" content=\"333\" \/>\n\t<meta property=\"og:image:type\" content=\"image\/png\" \/>\n<meta name=\"twitter:label1\" content=\"Gesch\u00e4tzte Lesezeit\" \/>\n\t<meta name=\"twitter:data1\" content=\"3\u00a0Minuten\" \/>\n<script type=\"application\/ld+json\" class=\"yoast-schema-graph\">{\"@context\":\"https:\\\/\\\/schema.org\",\"@graph\":[{\"@type\":\"WebPage\",\"@id\":\"https:\\\/\\\/bien-etreiris.ch\\\/de\\\/produktpraesentation\\\/aromatherapie\\\/aetherische-oele\\\/eukalyptus\\\/globulus\\\/\",\"url\":\"https:\\\/\\\/bien-etreiris.ch\\\/de\\\/produktpraesentation\\\/aromatherapie\\\/aetherische-oele\\\/eukalyptus\\\/globulus\\\/\",\"name\":\"GLOBULUS - WOHLBEFINDEN\",\"isPartOf\":{\"@id\":\"https:\\\/\\\/bien-etreiris.ch\\\/de\\\/#website\"},\"primaryImageOfPage\":{\"@id\":\"https:\\\/\\\/bien-etreiris.ch\\\/de\\\/produktpraesentation\\\/aromatherapie\\\/aetherische-oele\\\/eukalyptus\\\/globulus\\\/#primaryimage\"},\"image\":{\"@id\":\"https:\\\/\\\/bien-etreiris.ch\\\/de\\\/produktpraesentation\\\/aromatherapie\\\/aetherische-oele\\\/eukalyptus\\\/globulus\\\/#primaryimage\"},\"thumbnailUrl\":\"https:\\\/\\\/bien-etreiris.ch\\\/wp-content\\\/uploads\\\/2023\\\/09\\\/acceuil-eucalyptus-globulus.png\",\"datePublished\":\"2023-09-09T17:13:33+00:00\",\"dateModified\":\"2023-09-09T17:41:10+00:00\",\"breadcrumb\":{\"@id\":\"https:\\\/\\\/bien-etreiris.ch\\\/de\\\/produktpraesentation\\\/aromatherapie\\\/aetherische-oele\\\/eukalyptus\\\/globulus\\\/#breadcrumb\"},\"inLanguage\":\"de\",\"potentialAction\":[{\"@type\":\"ReadAction\",\"target\":[\"https:\\\/\\\/bien-etreiris.ch\\\/de\\\/produktpraesentation\\\/aromatherapie\\\/aetherische-oele\\\/eukalyptus\\\/globulus\\\/\"]}]},{\"@type\":\"ImageObject\",\"inLanguage\":\"de\",\"@id\":\"https:\\\/\\\/bien-etreiris.ch\\\/de\\\/produktpraesentation\\\/aromatherapie\\\/aetherische-oele\\\/eukalyptus\\\/globulus\\\/#primaryimage\",\"url\":\"https:\\\/\\\/bien-etreiris.ch\\\/wp-content\\\/uploads\\\/2023\\\/09\\\/acceuil-eucalyptus-globulus.png\",\"contentUrl\":\"https:\\\/\\\/bien-etreiris.ch\\\/wp-content\\\/uploads\\\/2023\\\/09\\\/acceuil-eucalyptus-globulus.png\",\"width\":500,\"height\":333},{\"@type\":\"BreadcrumbList\",\"@id\":\"https:\\\/\\\/bien-etreiris.ch\\\/de\\\/produktpraesentation\\\/aromatherapie\\\/aetherische-oele\\\/eukalyptus\\\/globulus\\\/#breadcrumb\",\"itemListElement\":[{\"@type\":\"ListItem\",\"position\":1,\"name\":\"Home\",\"item\":\"https:\\\/\\\/bien-etreiris.ch\\\/de\\\/\"},{\"@type\":\"ListItem\",\"position\":2,\"name\":\"PRODUKTPR\u00c4SENTATION\",\"item\":\"https:\\\/\\\/bien-etreiris.ch\\\/de\\\/produktpraesentation\\\/\"},{\"@type\":\"ListItem\",\"position\":3,\"name\":\"AROMATHERAPIE\",\"item\":\"https:\\\/\\\/bien-etreiris.ch\\\/de\\\/produktpraesentation\\\/aromatherapie\\\/\"},{\"@type\":\"ListItem\",\"position\":4,\"name\":\"\u00c4THERISCHE \u00d6LE\",\"item\":\"https:\\\/\\\/bien-etreiris.ch\\\/de\\\/produktpraesentation\\\/aromatherapie\\\/aetherische-oele\\\/\"},{\"@type\":\"ListItem\",\"position\":5,\"name\":\"EUKALYPTUS\",\"item\":\"https:\\\/\\\/bien-etreiris.ch\\\/de\\\/produktpraesentation\\\/aromatherapie\\\/aetherische-oele\\\/eukalyptus\\\/\"},{\"@type\":\"ListItem\",\"position\":6,\"name\":\"GLOBULUS\"}]},{\"@type\":\"WebSite\",\"@id\":\"https:\\\/\\\/bien-etreiris.ch\\\/de\\\/#website\",\"url\":\"https:\\\/\\\/bien-etreiris.ch\\\/de\\\/\",\"name\":\"Bien-\u00eatre Iris\",\"description\":\"IHRE Gesundheit ist uns wichtig\",\"potentialAction\":[{\"@type\":\"SearchAction\",\"target\":{\"@type\":\"EntryPoint\",\"urlTemplate\":\"https:\\\/\\\/bien-etreiris.ch\\\/de\\\/?s={search_term_string}\"},\"query-input\":{\"@type\":\"PropertyValueSpecification\",\"valueRequired\":true,\"valueName\":\"search_term_string\"}}],\"inLanguage\":\"de\"}]}<\/script>\n<!-- \/ Yoast SEO plugin. -->","yoast_head_json":{"title":"GLOBULUS - WOHLBEFINDEN","robots":{"index":"index","follow":"follow","max-snippet":"max-snippet:-1","max-image-preview":"max-image-preview:large","max-video-preview":"max-video-preview:-1"},"canonical":"https:\/\/bien-etreiris.ch\/de\/produktpraesentation\/aromatherapie\/aetherische-oele\/eukalyptus\/globulus\/","og_locale":"de_DE","og_type":"article","og_title":"GLOBULUS - WOHLBEFINDEN","og_description":"Eucalyptus globulus &nbsp; &nbsp; &nbsp; &nbsp; &nbsp; &nbsp; &nbsp; &nbsp; &nbsp; &nbsp; flacon contenue 10 ml CHF 8.50 &nbsp; &nbsp; &nbsp; Nom botanique : Eucalyptus globulus Labill. Famille botanique : Myrtac\u00e9es M\u00e9thode d'extraction : c.b.v. (issu de la cueillette sauvage biologique contr\u00f4l\u00e9e), non test\u00e9 sur les animaux, v\u00e9g\u00e9talien Partie de la plante utilis\u00e9e : Feuilles Quantit\u00e9 v\u00e9g\u00e9tale : 50 kg&nbsp;Weiter lesen","og_url":"https:\/\/bien-etreiris.ch\/de\/produktpraesentation\/aromatherapie\/aetherische-oele\/eukalyptus\/globulus\/","og_site_name":"WOHLBEFINDEN","article_publisher":"https:\/\/www.facebook.com\/bienetreiris\/","article_modified_time":"2023-09-09T17:41:10+00:00","og_image":[{"width":500,"height":333,"url":"https:\/\/bien-etreiris.ch\/wp-content\/uploads\/2023\/09\/acceuil-eucalyptus-globulus.png","type":"image\/png"}],"twitter_misc":{"Gesch\u00e4tzte Lesezeit":"3\u00a0Minuten"},"schema":{"@context":"https:\/\/schema.org","@graph":[{"@type":"WebPage","@id":"https:\/\/bien-etreiris.ch\/de\/produktpraesentation\/aromatherapie\/aetherische-oele\/eukalyptus\/globulus\/","url":"https:\/\/bien-etreiris.ch\/de\/produktpraesentation\/aromatherapie\/aetherische-oele\/eukalyptus\/globulus\/","name":"GLOBULUS - WOHLBEFINDEN","isPartOf":{"@id":"https:\/\/bien-etreiris.ch\/de\/#website"},"primaryImageOfPage":{"@id":"https:\/\/bien-etreiris.ch\/de\/produktpraesentation\/aromatherapie\/aetherische-oele\/eukalyptus\/globulus\/#primaryimage"},"image":{"@id":"https:\/\/bien-etreiris.ch\/de\/produktpraesentation\/aromatherapie\/aetherische-oele\/eukalyptus\/globulus\/#primaryimage"},"thumbnailUrl":"https:\/\/bien-etreiris.ch\/wp-content\/uploads\/2023\/09\/acceuil-eucalyptus-globulus.png","datePublished":"2023-09-09T17:13:33+00:00","dateModified":"2023-09-09T17:41:10+00:00","breadcrumb":{"@id":"https:\/\/bien-etreiris.ch\/de\/produktpraesentation\/aromatherapie\/aetherische-oele\/eukalyptus\/globulus\/#breadcrumb"},"inLanguage":"de","potentialAction":[{"@type":"ReadAction","target":["https:\/\/bien-etreiris.ch\/de\/produktpraesentation\/aromatherapie\/aetherische-oele\/eukalyptus\/globulus\/"]}]},{"@type":"ImageObject","inLanguage":"de","@id":"https:\/\/bien-etreiris.ch\/de\/produktpraesentation\/aromatherapie\/aetherische-oele\/eukalyptus\/globulus\/#primaryimage","url":"https:\/\/bien-etreiris.ch\/wp-content\/uploads\/2023\/09\/acceuil-eucalyptus-globulus.png","contentUrl":"https:\/\/bien-etreiris.ch\/wp-content\/uploads\/2023\/09\/acceuil-eucalyptus-globulus.png","width":500,"height":333},{"@type":"BreadcrumbList","@id":"https:\/\/bien-etreiris.ch\/de\/produktpraesentation\/aromatherapie\/aetherische-oele\/eukalyptus\/globulus\/#breadcrumb","itemListElement":[{"@type":"ListItem","position":1,"name":"Home","item":"https:\/\/bien-etreiris.ch\/de\/"},{"@type":"ListItem","position":2,"name":"PRODUKTPR\u00c4SENTATION","item":"https:\/\/bien-etreiris.ch\/de\/produktpraesentation\/"},{"@type":"ListItem","position":3,"name":"AROMATHERAPIE","item":"https:\/\/bien-etreiris.ch\/de\/produktpraesentation\/aromatherapie\/"},{"@type":"ListItem","position":4,"name":"\u00c4THERISCHE \u00d6LE","item":"https:\/\/bien-etreiris.ch\/de\/produktpraesentation\/aromatherapie\/aetherische-oele\/"},{"@type":"ListItem","position":5,"name":"EUKALYPTUS","item":"https:\/\/bien-etreiris.ch\/de\/produktpraesentation\/aromatherapie\/aetherische-oele\/eukalyptus\/"},{"@type":"ListItem","position":6,"name":"GLOBULUS"}]},{"@type":"WebSite","@id":"https:\/\/bien-etreiris.ch\/de\/#website","url":"https:\/\/bien-etreiris.ch\/de\/","name":"Bien-\u00eatre Iris","description":"IHRE Gesundheit ist uns wichtig","potentialAction":[{"@type":"SearchAction","target":{"@type":"EntryPoint","urlTemplate":"https:\/\/bien-etreiris.ch\/de\/?s={search_term_string}"},"query-input":{"@type":"PropertyValueSpecification","valueRequired":true,"valueName":"search_term_string"}}],"inLanguage":"de"}]}},"_links":{"self":[{"href":"https:\/\/bien-etreiris.ch\/de\/wp-json\/wp\/v2\/pages\/74627","targetHints":{"allow":["GET"]}}],"collection":[{"href":"https:\/\/bien-etreiris.ch\/de\/wp-json\/wp\/v2\/pages"}],"about":[{"href":"https:\/\/bien-etreiris.ch\/de\/wp-json\/wp\/v2\/types\/page"}],"author":[{"embeddable":true,"href":"https:\/\/bien-etreiris.ch\/de\/wp-json\/wp\/v2\/users\/1"}],"replies":[{"embeddable":true,"href":"https:\/\/bien-etreiris.ch\/de\/wp-json\/wp\/v2\/comments?post=74627"}],"version-history":[{"count":6,"href":"https:\/\/bien-etreiris.ch\/de\/wp-json\/wp\/v2\/pages\/74627\/revisions"}],"predecessor-version":[{"id":74647,"href":"https:\/\/bien-etreiris.ch\/de\/wp-json\/wp\/v2\/pages\/74627\/revisions\/74647"}],"up":[{"embeddable":true,"href":"https:\/\/bien-etreiris.ch\/de\/wp-json\/wp\/v2\/pages\/74421"}],"wp:featuredmedia":[{"embeddable":true,"href":"https:\/\/bien-etreiris.ch\/de\/wp-json\/wp\/v2\/media\/74623"}],"wp:attachment":[{"href":"https:\/\/bien-etreiris.ch\/de\/wp-json\/wp\/v2\/media?parent=74627"}],"curies":[{"name":"wp","href":"https:\/\/api.w.org\/{rel}","templated":true}]}}