{"id":74560,"date":"2023-09-09T15:02:31","date_gmt":"2023-09-09T13:02:31","guid":{"rendered":"https:\/\/bien-etreiris.ch\/produktpraesentation\/aromatherapie\/aetherische-oele\/eukalyptus\/eucalyptus-citriodora\/"},"modified":"2023-09-09T19:07:47","modified_gmt":"2023-09-09T17:07:47","slug":"eucalyptus-citriodora","status":"publish","type":"page","link":"https:\/\/bien-etreiris.ch\/de\/produktpraesentation\/aromatherapie\/aetherische-oele\/eukalyptus\/eucalyptus-citriodora\/","title":{"rendered":"CITRIODORA"},"content":{"rendered":"\n<h2 class=\"wp-block-heading\">Eucalyptus citriodora<\/h2>\n\n\n<p>&nbsp;<\/p>\n<p><a href=\"https:\/\/bien-etreiris.ch\/de\/produktpraesentation\/aromatherapie\/aetherische-oele\/eukalyptus\/eucalyptus-citriodora\/titre-eucalyptus-citriodora-2\/\" rel=\"attachment wp-att-74568\"><img loading=\"lazy\" decoding=\"async\" class=\"wp-image-74568 alignleft\" src=\"https:\/\/bien-etreiris.ch\/wp-content\/uploads\/2023\/09\/titre-Eucalyptus-citriodora.jpg\" alt=\"\" width=\"211\" height=\"508\" srcset=\"https:\/\/bien-etreiris.ch\/wp-content\/uploads\/2023\/09\/titre-Eucalyptus-citriodora.jpg 288w, https:\/\/bien-etreiris.ch\/wp-content\/uploads\/2023\/09\/titre-Eucalyptus-citriodora-125x300.jpg 125w\" sizes=\"auto, (max-width: 211px) 100vw, 211px\" \/><\/a><\/p>\n<p>&nbsp;<\/p>\n<p>&nbsp;<\/p>\n<p>&nbsp;<\/p>\n<p>&nbsp;<\/p>\n<p>&nbsp;<\/p>\n<p>&nbsp;<\/p>\n<p>&nbsp;<\/p>\n<p>&nbsp;<\/p>\n<p>&nbsp;<\/p>\n<p>Flacon&nbsp; contenue 5 ml&nbsp; CHF 8.00<\/p>\n<p>&nbsp;<\/p>\n<p>&nbsp;<\/p>\n<div class=\"span12\" data-motopress-wrapper-file=\"page-fullwidth.php\" data-motopress-wrapper-type=\"content\">\n<div id=\"content\" class=\"row\">\n<div class=\"span12\" data-motopress-type=\"loop\" data-motopress-loop-file=\"loop\/loop-page.php\">\n<p>&nbsp;<\/p>\n<div class=\"clear\">&nbsp;<\/div>\n<div class=\"row\">\n<table>\n<tbody>\n<tr>\n<td>\n<p><strong>Nom botanique :<\/strong><\/p>\n<\/td>\n<td><em>Eucalyptus citriodora<\/em>&nbsp;Hook<\/td>\n<\/tr>\n<tr>\n<td><strong>Famille botanique :<\/strong><\/td>\n<td>Myrtac\u00e9es<\/td>\n<\/tr>\n<tr>\n<td><strong>M\u00e9thode d'extraction :<\/strong><\/td>\n<td>Distillation \u00e0 la vapeur d'eau<\/td>\n<\/tr>\n<tr>\n<td><strong>Partie de la plante utilis\u00e9e :<\/strong><\/td>\n<td>Feuilles<\/td>\n<\/tr>\n<tr>\n<td><strong>Quantit\u00e9 v\u00e9g\u00e9tale :<\/strong><\/td>\n<td>50 kg de feuilles sont n\u00e9cessaires pour obtenir 1 kg d'huile<\/td>\n<\/tr>\n<tr>\n<td><strong>Origine g\u00e9ographique :<\/strong>&nbsp;<\/td>\n<td>Australie (peut varier en fonction de la saison et de la r\u00e9colte)<\/td>\n<\/tr>\n<tr>\n<td><strong>Culture qualit\u00e9&nbsp;:<\/strong><\/td>\n<td>Issu de l'agriculture biologique, non test\u00e9 sur les animaux, v\u00e9g\u00e9talien<\/td>\n<\/tr>\n<tr>\n<td><strong>Effet parfum\u00e9 :<\/strong><\/td>\n<td>Frais, eucalyptus avec une note d'agrumes, floral<\/td>\n<\/tr>\n<tr>\n<td><strong>Note parfum\u00e9e :<\/strong><\/td>\n<td>Note de t\u00eate<\/td>\n<\/tr>\n<tr>\n<td><strong>Profil de parfum :<\/strong><\/td>\n<td>Rafra\u00eechissant<\/td>\n<\/tr>\n<tr>\n<td><strong>Th\u00e8me du parfum :<\/strong><\/td>\n<td>Rafra\u00eechissant, stimule la circulation sanguine, purifie l'air ambiant<\/td>\n<\/tr>\n<tr>\n<td><strong>Energ\u00e9tique :<\/strong><\/td>\n<td>Jaune \/ 3e chakra<\/td>\n<\/tr>\n<tr>\n<td><strong>Psycho-\u00e9motionnel :<\/strong>&nbsp;<\/td>\n<td>\n<ul>\n<li>Pour vivre sa vie avec courage l'appr\u00e9cier avec justesse.<\/li>\n<li>Apporte une aide aux personnes qui utilisent la maladie pour se faire appr\u00e9cier des autres.<\/li>\n<li>Apporte \u00e9galement un soutient dans le pardon.<\/li>\n<\/ul>\n<\/td>\n<\/tr>\n<tr>\n<td>\n<p><strong>Description :<\/strong><\/p>\n<\/td>\n<td>\n<ul>\n<li>\n<p>L'eucalyptus citronn\u00e9 pousse principalement sur la c\u00f4te est de l'Australie. Contrairement \u00e0 ses cousins, il est plus doux. Il doit son nom \u00e0 son ar\u00f4me qui rappelle fortement celui des agrumes.<\/p>\n<\/li>\n<li>\n<p>Comme toutes les esp\u00e8ces d'eucalyptus, il lib\u00e8re les voies respiratoires et permet de respirer profond\u00e9ment. L'eucalyptus citriodora BIO est appr\u00e9ci\u00e9 des enfants et est bien tol\u00e9r\u00e9 par eux.<\/p>\n<\/li>\n<li>\n<p>Avec son parfum frais, il motive et inspire \u00e0 trouver de nouvelles voies en cas de d\u00e9sespoir. Il soutient notre joie de vivre et notre cr\u00e9ativit\u00e9.<\/p>\n<\/li>\n<\/ul>\n<\/td>\n<\/tr>\n<tr>\n<td>\n<p><strong>Application :<\/strong><\/p>\n<\/td>\n<td>\n<ul>\n<li>Pour une respiration libre et concentr\u00e9e pendant le trajet en voiture, ajoutez de l'eucalyptus citriodora, du citron et du cajeput dans le diffuseur d'ar\u00f4mes \"For My Car\", ou pour l'air ambiant, dans un diffuseur d'ar\u00f4mes.<\/li>\n<li>Des sp\u00e9cialistes qualifi\u00e9s vous donneront volontiers de plus amples informations sur les possibilit\u00e9s d'utilisation m\u00e9dicale et cosm\u00e9tique.<\/li>\n<\/ul>\n<\/td>\n<\/tr>\n<tr>\n<td><strong>Principes actifs :<\/strong><\/td>\n<td>\n<ul>\n<li>Citronellal (de 65&nbsp;\u00e0 82 %)<\/li>\n<li>Isopulegol (\u2264 9 %)<\/li>\n<li>Citronellol (\u2264 8 %)&nbsp;<\/li>\n<\/ul>\n<\/td>\n<\/tr>\n<tr>\n<td><strong>Allerg\u00e8nes :<\/strong><\/td>\n<td>Citronellol, g\u00e9raniol, limon\u00e8ne, linalol<\/td>\n<\/tr>\n<tr>\n<td><strong>Pr\u00e9cautions :<\/strong><\/td>\n<td><strong>Peut \u00eatre irritant pour la peau<\/strong><\/td>\n<\/tr>\n<\/tbody>\n<\/table>\n<\/div>\n<\/div>\n<\/div>\n<\/div>\n\n","protected":false},"excerpt":{"rendered":"<p>Eucalyptus citriodora &nbsp; &nbsp; &nbsp; &nbsp; &nbsp; &nbsp; &nbsp; &nbsp; &nbsp; &nbsp; Flacon&nbsp; contenue 5 ml&nbsp; CHF 8.00 &nbsp; &nbsp; &nbsp; &nbsp; Nom botanique : Eucalyptus citriodora&nbsp;Hook Famille botanique : Myrtac\u00e9es M\u00e9thode d'extraction : Distillation \u00e0 la vapeur d'eau Partie de la plante utilis\u00e9e : Feuilles Quantit\u00e9 v\u00e9g\u00e9tale : 50 kg de feuilles sont n\u00e9cessaires pour obtenir 1 kg d'huile&nbsp;<a href=\"https:\/\/bien-etreiris.ch\/de\/produktpraesentation\/aromatherapie\/aetherische-oele\/eukalyptus\/eucalyptus-citriodora\/\" class=\"read-more\">Weiter lesen<\/a><\/p>\n","protected":false},"author":1,"featured_media":74557,"parent":74421,"menu_order":3018,"comment_status":"closed","ping_status":"closed","template":"page-with-child.php","meta":{"_acf_changed":false,"ngg_post_thumbnail":0,"footnotes":""},"class_list":["post-74560","page","type-page","status-publish","has-post-thumbnail","hentry"],"acf":[],"yoast_head":"<!-- This site is optimized with the Yoast SEO plugin v27.6 - https:\/\/yoast.com\/product\/yoast-seo-wordpress\/ -->\n<title>CITRIODORA - WOHLBEFINDEN<\/title>\n<meta name=\"robots\" content=\"index, follow, max-snippet:-1, max-image-preview:large, max-video-preview:-1\" \/>\n<link rel=\"canonical\" href=\"https:\/\/bien-etreiris.ch\/de\/produktpraesentation\/aromatherapie\/aetherische-oele\/eukalyptus\/eucalyptus-citriodora\/\" \/>\n<meta property=\"og:locale\" content=\"de_DE\" \/>\n<meta property=\"og:type\" content=\"article\" \/>\n<meta property=\"og:title\" content=\"CITRIODORA - WOHLBEFINDEN\" \/>\n<meta property=\"og:description\" content=\"Eucalyptus citriodora &nbsp; &nbsp; &nbsp; &nbsp; &nbsp; &nbsp; &nbsp; &nbsp; &nbsp; &nbsp; Flacon&nbsp; contenue 5 ml&nbsp; CHF 8.00 &nbsp; &nbsp; &nbsp; &nbsp; Nom botanique : Eucalyptus citriodora&nbsp;Hook Famille botanique : Myrtac\u00e9es M\u00e9thode d&#039;extraction : Distillation \u00e0 la vapeur d&#039;eau Partie de la plante utilis\u00e9e : Feuilles Quantit\u00e9 v\u00e9g\u00e9tale : 50 kg de feuilles sont n\u00e9cessaires pour obtenir 1 kg d&#039;huile&nbsp;Weiter lesen\" \/>\n<meta property=\"og:url\" content=\"https:\/\/bien-etreiris.ch\/de\/produktpraesentation\/aromatherapie\/aetherische-oele\/eukalyptus\/eucalyptus-citriodora\/\" \/>\n<meta property=\"og:site_name\" content=\"WOHLBEFINDEN\" \/>\n<meta property=\"article:publisher\" content=\"https:\/\/www.facebook.com\/bienetreiris\/\" \/>\n<meta property=\"article:modified_time\" content=\"2023-09-09T17:07:47+00:00\" \/>\n<meta property=\"og:image\" content=\"https:\/\/bien-etreiris.ch\/wp-content\/uploads\/2023\/09\/acceuil-eucalyptus-citridora.png\" \/>\n\t<meta property=\"og:image:width\" content=\"500\" \/>\n\t<meta property=\"og:image:height\" content=\"333\" \/>\n\t<meta property=\"og:image:type\" content=\"image\/png\" \/>\n<meta name=\"twitter:label1\" content=\"Gesch\u00e4tzte Lesezeit\" \/>\n\t<meta name=\"twitter:data1\" content=\"2\u00a0Minuten\" \/>\n<script type=\"application\/ld+json\" class=\"yoast-schema-graph\">{\"@context\":\"https:\\\/\\\/schema.org\",\"@graph\":[{\"@type\":\"WebPage\",\"@id\":\"https:\\\/\\\/bien-etreiris.ch\\\/de\\\/produktpraesentation\\\/aromatherapie\\\/aetherische-oele\\\/eukalyptus\\\/eucalyptus-citriodora\\\/\",\"url\":\"https:\\\/\\\/bien-etreiris.ch\\\/de\\\/produktpraesentation\\\/aromatherapie\\\/aetherische-oele\\\/eukalyptus\\\/eucalyptus-citriodora\\\/\",\"name\":\"CITRIODORA - WOHLBEFINDEN\",\"isPartOf\":{\"@id\":\"https:\\\/\\\/bien-etreiris.ch\\\/de\\\/#website\"},\"primaryImageOfPage\":{\"@id\":\"https:\\\/\\\/bien-etreiris.ch\\\/de\\\/produktpraesentation\\\/aromatherapie\\\/aetherische-oele\\\/eukalyptus\\\/eucalyptus-citriodora\\\/#primaryimage\"},\"image\":{\"@id\":\"https:\\\/\\\/bien-etreiris.ch\\\/de\\\/produktpraesentation\\\/aromatherapie\\\/aetherische-oele\\\/eukalyptus\\\/eucalyptus-citriodora\\\/#primaryimage\"},\"thumbnailUrl\":\"https:\\\/\\\/bien-etreiris.ch\\\/wp-content\\\/uploads\\\/2023\\\/09\\\/acceuil-eucalyptus-citridora.png\",\"datePublished\":\"2023-09-09T13:02:31+00:00\",\"dateModified\":\"2023-09-09T17:07:47+00:00\",\"breadcrumb\":{\"@id\":\"https:\\\/\\\/bien-etreiris.ch\\\/de\\\/produktpraesentation\\\/aromatherapie\\\/aetherische-oele\\\/eukalyptus\\\/eucalyptus-citriodora\\\/#breadcrumb\"},\"inLanguage\":\"de\",\"potentialAction\":[{\"@type\":\"ReadAction\",\"target\":[\"https:\\\/\\\/bien-etreiris.ch\\\/de\\\/produktpraesentation\\\/aromatherapie\\\/aetherische-oele\\\/eukalyptus\\\/eucalyptus-citriodora\\\/\"]}]},{\"@type\":\"ImageObject\",\"inLanguage\":\"de\",\"@id\":\"https:\\\/\\\/bien-etreiris.ch\\\/de\\\/produktpraesentation\\\/aromatherapie\\\/aetherische-oele\\\/eukalyptus\\\/eucalyptus-citriodora\\\/#primaryimage\",\"url\":\"https:\\\/\\\/bien-etreiris.ch\\\/wp-content\\\/uploads\\\/2023\\\/09\\\/acceuil-eucalyptus-citridora.png\",\"contentUrl\":\"https:\\\/\\\/bien-etreiris.ch\\\/wp-content\\\/uploads\\\/2023\\\/09\\\/acceuil-eucalyptus-citridora.png\",\"width\":500,\"height\":333},{\"@type\":\"BreadcrumbList\",\"@id\":\"https:\\\/\\\/bien-etreiris.ch\\\/de\\\/produktpraesentation\\\/aromatherapie\\\/aetherische-oele\\\/eukalyptus\\\/eucalyptus-citriodora\\\/#breadcrumb\",\"itemListElement\":[{\"@type\":\"ListItem\",\"position\":1,\"name\":\"Home\",\"item\":\"https:\\\/\\\/bien-etreiris.ch\\\/de\\\/\"},{\"@type\":\"ListItem\",\"position\":2,\"name\":\"PRODUKTPR\u00c4SENTATION\",\"item\":\"https:\\\/\\\/bien-etreiris.ch\\\/de\\\/produktpraesentation\\\/\"},{\"@type\":\"ListItem\",\"position\":3,\"name\":\"AROMATHERAPIE\",\"item\":\"https:\\\/\\\/bien-etreiris.ch\\\/de\\\/produktpraesentation\\\/aromatherapie\\\/\"},{\"@type\":\"ListItem\",\"position\":4,\"name\":\"\u00c4THERISCHE \u00d6LE\",\"item\":\"https:\\\/\\\/bien-etreiris.ch\\\/de\\\/produktpraesentation\\\/aromatherapie\\\/aetherische-oele\\\/\"},{\"@type\":\"ListItem\",\"position\":5,\"name\":\"EUKALYPTUS\",\"item\":\"https:\\\/\\\/bien-etreiris.ch\\\/de\\\/produktpraesentation\\\/aromatherapie\\\/aetherische-oele\\\/eukalyptus\\\/\"},{\"@type\":\"ListItem\",\"position\":6,\"name\":\"CITRIODORA\"}]},{\"@type\":\"WebSite\",\"@id\":\"https:\\\/\\\/bien-etreiris.ch\\\/de\\\/#website\",\"url\":\"https:\\\/\\\/bien-etreiris.ch\\\/de\\\/\",\"name\":\"Bien-\u00eatre Iris\",\"description\":\"IHRE Gesundheit ist uns wichtig\",\"potentialAction\":[{\"@type\":\"SearchAction\",\"target\":{\"@type\":\"EntryPoint\",\"urlTemplate\":\"https:\\\/\\\/bien-etreiris.ch\\\/de\\\/?s={search_term_string}\"},\"query-input\":{\"@type\":\"PropertyValueSpecification\",\"valueRequired\":true,\"valueName\":\"search_term_string\"}}],\"inLanguage\":\"de\"}]}<\/script>\n<!-- \/ Yoast SEO plugin. -->","yoast_head_json":{"title":"CITRIODORA - WOHLBEFINDEN","robots":{"index":"index","follow":"follow","max-snippet":"max-snippet:-1","max-image-preview":"max-image-preview:large","max-video-preview":"max-video-preview:-1"},"canonical":"https:\/\/bien-etreiris.ch\/de\/produktpraesentation\/aromatherapie\/aetherische-oele\/eukalyptus\/eucalyptus-citriodora\/","og_locale":"de_DE","og_type":"article","og_title":"CITRIODORA - WOHLBEFINDEN","og_description":"Eucalyptus citriodora &nbsp; &nbsp; &nbsp; &nbsp; &nbsp; &nbsp; &nbsp; &nbsp; &nbsp; &nbsp; Flacon&nbsp; contenue 5 ml&nbsp; CHF 8.00 &nbsp; &nbsp; &nbsp; &nbsp; Nom botanique : Eucalyptus citriodora&nbsp;Hook Famille botanique : Myrtac\u00e9es M\u00e9thode d'extraction : Distillation \u00e0 la vapeur d'eau Partie de la plante utilis\u00e9e : Feuilles Quantit\u00e9 v\u00e9g\u00e9tale : 50 kg de feuilles sont n\u00e9cessaires pour obtenir 1 kg d'huile&nbsp;Weiter lesen","og_url":"https:\/\/bien-etreiris.ch\/de\/produktpraesentation\/aromatherapie\/aetherische-oele\/eukalyptus\/eucalyptus-citriodora\/","og_site_name":"WOHLBEFINDEN","article_publisher":"https:\/\/www.facebook.com\/bienetreiris\/","article_modified_time":"2023-09-09T17:07:47+00:00","og_image":[{"width":500,"height":333,"url":"https:\/\/bien-etreiris.ch\/wp-content\/uploads\/2023\/09\/acceuil-eucalyptus-citridora.png","type":"image\/png"}],"twitter_misc":{"Gesch\u00e4tzte Lesezeit":"2\u00a0Minuten"},"schema":{"@context":"https:\/\/schema.org","@graph":[{"@type":"WebPage","@id":"https:\/\/bien-etreiris.ch\/de\/produktpraesentation\/aromatherapie\/aetherische-oele\/eukalyptus\/eucalyptus-citriodora\/","url":"https:\/\/bien-etreiris.ch\/de\/produktpraesentation\/aromatherapie\/aetherische-oele\/eukalyptus\/eucalyptus-citriodora\/","name":"CITRIODORA - WOHLBEFINDEN","isPartOf":{"@id":"https:\/\/bien-etreiris.ch\/de\/#website"},"primaryImageOfPage":{"@id":"https:\/\/bien-etreiris.ch\/de\/produktpraesentation\/aromatherapie\/aetherische-oele\/eukalyptus\/eucalyptus-citriodora\/#primaryimage"},"image":{"@id":"https:\/\/bien-etreiris.ch\/de\/produktpraesentation\/aromatherapie\/aetherische-oele\/eukalyptus\/eucalyptus-citriodora\/#primaryimage"},"thumbnailUrl":"https:\/\/bien-etreiris.ch\/wp-content\/uploads\/2023\/09\/acceuil-eucalyptus-citridora.png","datePublished":"2023-09-09T13:02:31+00:00","dateModified":"2023-09-09T17:07:47+00:00","breadcrumb":{"@id":"https:\/\/bien-etreiris.ch\/de\/produktpraesentation\/aromatherapie\/aetherische-oele\/eukalyptus\/eucalyptus-citriodora\/#breadcrumb"},"inLanguage":"de","potentialAction":[{"@type":"ReadAction","target":["https:\/\/bien-etreiris.ch\/de\/produktpraesentation\/aromatherapie\/aetherische-oele\/eukalyptus\/eucalyptus-citriodora\/"]}]},{"@type":"ImageObject","inLanguage":"de","@id":"https:\/\/bien-etreiris.ch\/de\/produktpraesentation\/aromatherapie\/aetherische-oele\/eukalyptus\/eucalyptus-citriodora\/#primaryimage","url":"https:\/\/bien-etreiris.ch\/wp-content\/uploads\/2023\/09\/acceuil-eucalyptus-citridora.png","contentUrl":"https:\/\/bien-etreiris.ch\/wp-content\/uploads\/2023\/09\/acceuil-eucalyptus-citridora.png","width":500,"height":333},{"@type":"BreadcrumbList","@id":"https:\/\/bien-etreiris.ch\/de\/produktpraesentation\/aromatherapie\/aetherische-oele\/eukalyptus\/eucalyptus-citriodora\/#breadcrumb","itemListElement":[{"@type":"ListItem","position":1,"name":"Home","item":"https:\/\/bien-etreiris.ch\/de\/"},{"@type":"ListItem","position":2,"name":"PRODUKTPR\u00c4SENTATION","item":"https:\/\/bien-etreiris.ch\/de\/produktpraesentation\/"},{"@type":"ListItem","position":3,"name":"AROMATHERAPIE","item":"https:\/\/bien-etreiris.ch\/de\/produktpraesentation\/aromatherapie\/"},{"@type":"ListItem","position":4,"name":"\u00c4THERISCHE \u00d6LE","item":"https:\/\/bien-etreiris.ch\/de\/produktpraesentation\/aromatherapie\/aetherische-oele\/"},{"@type":"ListItem","position":5,"name":"EUKALYPTUS","item":"https:\/\/bien-etreiris.ch\/de\/produktpraesentation\/aromatherapie\/aetherische-oele\/eukalyptus\/"},{"@type":"ListItem","position":6,"name":"CITRIODORA"}]},{"@type":"WebSite","@id":"https:\/\/bien-etreiris.ch\/de\/#website","url":"https:\/\/bien-etreiris.ch\/de\/","name":"Bien-\u00eatre Iris","description":"IHRE Gesundheit ist uns wichtig","potentialAction":[{"@type":"SearchAction","target":{"@type":"EntryPoint","urlTemplate":"https:\/\/bien-etreiris.ch\/de\/?s={search_term_string}"},"query-input":{"@type":"PropertyValueSpecification","valueRequired":true,"valueName":"search_term_string"}}],"inLanguage":"de"}]}},"_links":{"self":[{"href":"https:\/\/bien-etreiris.ch\/de\/wp-json\/wp\/v2\/pages\/74560","targetHints":{"allow":["GET"]}}],"collection":[{"href":"https:\/\/bien-etreiris.ch\/de\/wp-json\/wp\/v2\/pages"}],"about":[{"href":"https:\/\/bien-etreiris.ch\/de\/wp-json\/wp\/v2\/types\/page"}],"author":[{"embeddable":true,"href":"https:\/\/bien-etreiris.ch\/de\/wp-json\/wp\/v2\/users\/1"}],"replies":[{"embeddable":true,"href":"https:\/\/bien-etreiris.ch\/de\/wp-json\/wp\/v2\/comments?post=74560"}],"version-history":[{"count":13,"href":"https:\/\/bien-etreiris.ch\/de\/wp-json\/wp\/v2\/pages\/74560\/revisions"}],"predecessor-version":[{"id":74613,"href":"https:\/\/bien-etreiris.ch\/de\/wp-json\/wp\/v2\/pages\/74560\/revisions\/74613"}],"up":[{"embeddable":true,"href":"https:\/\/bien-etreiris.ch\/de\/wp-json\/wp\/v2\/pages\/74421"}],"wp:featuredmedia":[{"embeddable":true,"href":"https:\/\/bien-etreiris.ch\/de\/wp-json\/wp\/v2\/media\/74557"}],"wp:attachment":[{"href":"https:\/\/bien-etreiris.ch\/de\/wp-json\/wp\/v2\/media?parent=74560"}],"curies":[{"name":"wp","href":"https:\/\/api.w.org\/{rel}","templated":true}]}}