{"id":74510,"date":"2023-09-09T12:22:54","date_gmt":"2023-09-09T10:22:54","guid":{"rendered":"https:\/\/bien-etreiris.ch\/produktpraesentation\/natuerliche-heilmittel\/sinnesorgane\/nez\/"},"modified":"2023-09-09T12:35:52","modified_gmt":"2023-09-09T10:35:52","slug":"nez","status":"publish","type":"page","link":"https:\/\/bien-etreiris.ch\/de\/produktpraesentation\/natuerliche-heilmittel\/sinnesorgane\/nez\/","title":{"rendered":"NEZ"},"content":{"rendered":"<h2>Rin\u00e7age nasal<\/h2>\n<h4>M\u00e9thode Kneipp \"hydroth\u00e9rapie nasale\".<\/h4>\n<p>Un gobelet ou une tasse de rin\u00e7age nasal est l'outil id\u00e9al pour un rin\u00e7age nasal.<br \/>\nUne autre possibilit\u00e9 de rin\u00e7age du nez est la douche nasale.<br \/>\nD'o\u00f9 vient la m\u00e9thode de l'irrigation nasale ?<\/p>\n<p>Dans le yoga, l'irrigation nasale fait partie des diff\u00e9rentes m\u00e9thodes de purification du corps.<br \/>\nMais sous nos latitudes, elle a \u00e9galement une longue tradition en tant que rem\u00e8de maison contre le rhume. L'abb\u00e9 Kneipp enseignait d\u00e9j\u00e0 \"l'hydroth\u00e9rapie nasale\". Le gobelet anatomique pour le rin\u00e7age du nez peut bien aider au rin\u00e7age.<br \/>\nPourquoi un rin\u00e7age nasal peut-il \u00eatre utile ?<\/p>\n<p>&nbsp;<\/p>\n<p><a href=\"https:\/\/bien-etreiris.ch\/de\/produktpraesentation\/natuerliche-heilmittel\/sinnesorgane\/nez\/schnabeltasse-2\/\" rel=\"attachment wp-att-74498\"><img loading=\"lazy\" decoding=\"async\" class=\"size-full wp-image-74498 alignleft\" src=\"https:\/\/bien-etreiris.ch\/wp-content\/uploads\/2023\/09\/Schnabeltasse.jpg\" alt=\"\" width=\"300\" height=\"193\"><\/a><\/p>\n<p>&nbsp;<\/p>\n<p>&nbsp;<\/p>\n<p>&nbsp;<\/p>\n<p>&nbsp;<\/p>\n<p>1 Tasse en verre<strong> CHF 29.00<\/strong><\/p>\n<p>&nbsp;<\/p>\n<p>&nbsp;<\/p>\n<p>Dans la philosophie ayurv\u00e9dique, l'eau sal\u00e9e chaude est recommand\u00e9e pour le nettoyage du nez. Le rin\u00e7age avec la petite tasse a un effet tr\u00e8s efficace sur toute la zone nasale : le sel dissout les mucosit\u00e9s et pr\u00e9vient de nombreuses maladies de mani\u00e8re naturelle et douce. De plus, un rin\u00e7age r\u00e9gulier stimule la muqueuse nasale.<\/p>\n<p>Les muqueuses s'ass\u00e8chent facilement, en particulier dans les pi\u00e8ces chauff\u00e9es et climatis\u00e9es et lors des changements de climat. La s\u00e9cr\u00e9tion normale de la muqueuse nasale est alors perturb\u00e9e et la sensibilit\u00e9 aux infections augmente.<br \/>\nL'irrigation nasale permet de prendre en charge sa sant\u00e9 !<\/p>\n<p>Une irrigation nasale permet de soigner le nez, d'en \u00e9vacuer la poussi\u00e8re et le pollen. En cas de s\u00e9cheresse nasale, l'irrigation humidifie la muqueuse nasale. Si le nez est bouch\u00e9 par un rhume ou une allergie au pollen, l'effet d\u00e9congestionnant de l'irrigation nasale apporte un soulagement. L'irrigation nasale est \u00e9galement bien adapt\u00e9e \u00e0 la pr\u00e9vention des refroidissements, elle aide \u00e0 fluidifier les s\u00e9cr\u00e9tions nasales afin qu'elles puissent \u00eatre mieux \u00e9vacu\u00e9es.<br \/>\nComment utiliser la tasse de rin\u00e7age nasal ?<\/p>\n<p>&nbsp;<\/p>\n<h2>Gobelet pour lavement nasal<\/h2>\n<h4 class=\"subheadline\">Irrigation de la cavit\u00e9 nasale et des sinus<\/h4>\n<p>Ce gobelet de forme pratique est optimal pour effectuer un lavement nasal alcalin. Plus particuli\u00e8rement en cas de l\u00e9gers rhumes, d'air charg\u00e9 de poussi\u00e8res et de muqueuses s\u00e8ches, le lavement aide \u00e0 mieux respirer et procure une sensation agr\u00e9able dans la cavit\u00e9 nasale.<\/p>\n<p>&nbsp;<\/p>\n<p><a href=\"https:\/\/bien-etreiris.ch\/de\/produktpraesentation\/natuerliche-heilmittel\/sinnesorgane\/nez\/godet-rincage-nasal-2\/\" rel=\"attachment wp-att-74501\"><img loading=\"lazy\" decoding=\"async\" class=\"wp-image-74501 alignleft\" src=\"https:\/\/bien-etreiris.ch\/wp-content\/uploads\/2023\/09\/Godet-rincage-nasal.png\" alt=\"\" width=\"181\" height=\"295\" srcset=\"https:\/\/bien-etreiris.ch\/wp-content\/uploads\/2023\/09\/Godet-rincage-nasal.png 471w, https:\/\/bien-etreiris.ch\/wp-content\/uploads\/2023\/09\/Godet-rincage-nasal-184x300.png 184w\" sizes=\"auto, (max-width: 181px) 100vw, 181px\" \/><\/a><\/p>\n<p>&nbsp;<\/p>\n<p><strong>Caract\u00e9ristiques du gobelet<\/strong><\/p>\n<ul style=\"list-style-type: disc;\">\n<li>Contenance : 100 ml<\/li>\n<li>Coloris : blanc<\/li>\n<li>Mati\u00e8re : plastique<\/li>\n<\/ul>\n<ul class=\"list-with-checkmark\">\n<li data-sr-id=\"1\">Utilisation facile<\/li>\n<li data-sr-id=\"3\">Id\u00e9al en cas de rhumes<\/li>\n<li data-sr-id=\"4\">Emploi chez soi et en route<\/li>\n<\/ul>\n<p>1 pi\u00e8ce <strong>CHF 14.00<\/strong><\/p>\n<p>&nbsp;<\/p>\n<p>&nbsp;<\/p>\n<p>&nbsp;<\/p>\n<p>&nbsp;<\/p>\n<h4>Conseil :<\/h4>\n<p>Si vous avez des probl\u00e8mes d'adaptation du gobelet de rin\u00e7age nasal, retournez-le et mettez-le en place avec l'encoche peu profonde.<\/p>\n<h4>Combien de fois peut-on effectuer un rin\u00e7age nasal ?<\/h4>\n<p>L'irrigation nasale peut \u00eatre effectu\u00e9e une fois par jour, voire plus souvent en cas de besoin, \u00e0 l'aide du gobelet de rin\u00e7age nasal.<br \/>\nEn cas d'allergie au pollen, il est recommand\u00e9 de se rincer le nez le soir, ce qui permet de nettoyer le nez du pollen.<br \/>\nEn cas d'allergie \u00e0 la poussi\u00e8re de maison, le rin\u00e7age du nez peut \u00eatre utile le matin, car la literie pose souvent probl\u00e8me en cas d'allergie \u00e0 la poussi\u00e8re de maison.<br \/>\nDe quoi a-t-on besoin en plus du gobelet de lavage nasal ?<\/p>\n<p>En plus du gobelet de rin\u00e7age nasal anatomique, vous avez besoin d'une solution de rin\u00e7age. Utilisez de l'eau \u00e0 la temp\u00e9rature du corps et une pinc\u00e9e de MeineBase\u00ae ou une solution d'eau saline naturelle \u00e0 3%.<\/p>\n<p>&nbsp;<\/p>\n<h4 class=\"section-with-image-headline word-wrap \">Utilisation <span class=\"subheadline\">des gobelet pour lavement nasal<\/span><\/h4>\n<p>Versez de l'eau ti\u00e8de et une pinc\u00e9e d\u2019AlcaBain&nbsp;dans le gobelet pour lavement nasal. M\u00e9langez le tout jusqu\u2019\u00e0 dissolution des cristaux de sel et faites un test \u00e0 la pointe du nez pour vous assurer que la temp\u00e9rature de la solution est agr\u00e9able.<\/p>\n<p>Placez le gobelet sous le nez de mani\u00e8re \u00e0 ce que les deux narines trempent dans la solution. Penchez d\u00e9licatement la t\u00eate en arri\u00e8re en faisant couler la solution alcaline lentement dans les deux narines. Si n\u00e9cessaire, vous pouvez relever un peu le gobelet et faire couler ainsi le liquide dans la gorge et le recracher par la suite.<\/p>\n","protected":false},"excerpt":{"rendered":"<p>Rin\u00e7age nasal M\u00e9thode Kneipp \"hydroth\u00e9rapie nasale\". Un gobelet ou une tasse de rin\u00e7age nasal est l'outil id\u00e9al pour un rin\u00e7age nasal. Une autre possibilit\u00e9 de rin\u00e7age du nez est la douche nasale. D'o\u00f9 vient la m\u00e9thode de l'irrigation nasale ? Dans le yoga, l'irrigation nasale fait partie des diff\u00e9rentes m\u00e9thodes de purification du corps. Mais sous nos latitudes, elle a&nbsp;<a href=\"https:\/\/bien-etreiris.ch\/de\/produktpraesentation\/natuerliche-heilmittel\/sinnesorgane\/nez\/\" class=\"read-more\">Weiter lesen<\/a><\/p>\n","protected":false},"author":1,"featured_media":74506,"parent":68300,"menu_order":3021,"comment_status":"closed","ping_status":"closed","template":"","meta":{"_acf_changed":false,"ngg_post_thumbnail":0,"footnotes":""},"class_list":["post-74510","page","type-page","status-publish","has-post-thumbnail","hentry"],"acf":[],"yoast_head":"<!-- This site is optimized with the Yoast SEO plugin v27.5 - https:\/\/yoast.com\/product\/yoast-seo-wordpress\/ -->\n<title>NEZ - WOHLBEFINDEN<\/title>\n<meta name=\"robots\" content=\"index, follow, max-snippet:-1, max-image-preview:large, max-video-preview:-1\" \/>\n<link rel=\"canonical\" href=\"https:\/\/bien-etreiris.ch\/de\/produktpraesentation\/natuerliche-heilmittel\/sinnesorgane\/nez\/\" \/>\n<meta property=\"og:locale\" content=\"de_DE\" \/>\n<meta property=\"og:type\" content=\"article\" \/>\n<meta property=\"og:title\" content=\"NEZ - WOHLBEFINDEN\" \/>\n<meta property=\"og:description\" content=\"Rin\u00e7age nasal M\u00e9thode Kneipp &quot;hydroth\u00e9rapie nasale&quot;. Un gobelet ou une tasse de rin\u00e7age nasal est l&#039;outil id\u00e9al pour un rin\u00e7age nasal. Une autre possibilit\u00e9 de rin\u00e7age du nez est la douche nasale. D&#039;o\u00f9 vient la m\u00e9thode de l&#039;irrigation nasale ? Dans le yoga, l&#039;irrigation nasale fait partie des diff\u00e9rentes m\u00e9thodes de purification du corps. Mais sous nos latitudes, elle a&nbsp;Weiter lesen\" \/>\n<meta property=\"og:url\" content=\"https:\/\/bien-etreiris.ch\/de\/produktpraesentation\/natuerliche-heilmittel\/sinnesorgane\/nez\/\" \/>\n<meta property=\"og:site_name\" content=\"WOHLBEFINDEN\" \/>\n<meta property=\"article:publisher\" content=\"https:\/\/www.facebook.com\/bienetreiris\/\" \/>\n<meta property=\"article:modified_time\" content=\"2023-09-09T10:35:52+00:00\" \/>\n<meta property=\"og:image\" content=\"https:\/\/bien-etreiris.ch\/wp-content\/uploads\/2023\/09\/acceuil-lavement-nez.jpg\" \/>\n\t<meta property=\"og:image:width\" content=\"500\" \/>\n\t<meta property=\"og:image:height\" content=\"333\" \/>\n\t<meta property=\"og:image:type\" content=\"image\/jpeg\" \/>\n<meta name=\"twitter:label1\" content=\"Gesch\u00e4tzte Lesezeit\" \/>\n\t<meta name=\"twitter:data1\" content=\"4\u00a0Minuten\" \/>\n<script type=\"application\/ld+json\" class=\"yoast-schema-graph\">{\"@context\":\"https:\\\/\\\/schema.org\",\"@graph\":[{\"@type\":\"WebPage\",\"@id\":\"https:\\\/\\\/bien-etreiris.ch\\\/de\\\/produktpraesentation\\\/natuerliche-heilmittel\\\/sinnesorgane\\\/nez\\\/\",\"url\":\"https:\\\/\\\/bien-etreiris.ch\\\/de\\\/produktpraesentation\\\/natuerliche-heilmittel\\\/sinnesorgane\\\/nez\\\/\",\"name\":\"NEZ - WOHLBEFINDEN\",\"isPartOf\":{\"@id\":\"https:\\\/\\\/bien-etreiris.ch\\\/de\\\/#website\"},\"primaryImageOfPage\":{\"@id\":\"https:\\\/\\\/bien-etreiris.ch\\\/de\\\/produktpraesentation\\\/natuerliche-heilmittel\\\/sinnesorgane\\\/nez\\\/#primaryimage\"},\"image\":{\"@id\":\"https:\\\/\\\/bien-etreiris.ch\\\/de\\\/produktpraesentation\\\/natuerliche-heilmittel\\\/sinnesorgane\\\/nez\\\/#primaryimage\"},\"thumbnailUrl\":\"https:\\\/\\\/bien-etreiris.ch\\\/wp-content\\\/uploads\\\/2023\\\/09\\\/acceuil-lavement-nez.jpg\",\"datePublished\":\"2023-09-09T10:22:54+00:00\",\"dateModified\":\"2023-09-09T10:35:52+00:00\",\"breadcrumb\":{\"@id\":\"https:\\\/\\\/bien-etreiris.ch\\\/de\\\/produktpraesentation\\\/natuerliche-heilmittel\\\/sinnesorgane\\\/nez\\\/#breadcrumb\"},\"inLanguage\":\"de\",\"potentialAction\":[{\"@type\":\"ReadAction\",\"target\":[\"https:\\\/\\\/bien-etreiris.ch\\\/de\\\/produktpraesentation\\\/natuerliche-heilmittel\\\/sinnesorgane\\\/nez\\\/\"]}]},{\"@type\":\"ImageObject\",\"inLanguage\":\"de\",\"@id\":\"https:\\\/\\\/bien-etreiris.ch\\\/de\\\/produktpraesentation\\\/natuerliche-heilmittel\\\/sinnesorgane\\\/nez\\\/#primaryimage\",\"url\":\"https:\\\/\\\/bien-etreiris.ch\\\/wp-content\\\/uploads\\\/2023\\\/09\\\/acceuil-lavement-nez.jpg\",\"contentUrl\":\"https:\\\/\\\/bien-etreiris.ch\\\/wp-content\\\/uploads\\\/2023\\\/09\\\/acceuil-lavement-nez.jpg\",\"width\":500,\"height\":333},{\"@type\":\"BreadcrumbList\",\"@id\":\"https:\\\/\\\/bien-etreiris.ch\\\/de\\\/produktpraesentation\\\/natuerliche-heilmittel\\\/sinnesorgane\\\/nez\\\/#breadcrumb\",\"itemListElement\":[{\"@type\":\"ListItem\",\"position\":1,\"name\":\"Home\",\"item\":\"https:\\\/\\\/bien-etreiris.ch\\\/de\\\/\"},{\"@type\":\"ListItem\",\"position\":2,\"name\":\"PRODUKTPR\u00c4SENTATION\",\"item\":\"https:\\\/\\\/bien-etreiris.ch\\\/de\\\/produktpraesentation\\\/\"},{\"@type\":\"ListItem\",\"position\":3,\"name\":\"NAT\u00dcRLICHE HEILMITTEL\",\"item\":\"https:\\\/\\\/bien-etreiris.ch\\\/de\\\/produktpraesentation\\\/natuerliche-heilmittel\\\/\"},{\"@type\":\"ListItem\",\"position\":4,\"name\":\"SINNESORGANE\",\"item\":\"https:\\\/\\\/bien-etreiris.ch\\\/de\\\/produktpraesentation\\\/natuerliche-heilmittel\\\/sinnesorgane\\\/\"},{\"@type\":\"ListItem\",\"position\":5,\"name\":\"NEZ\"}]},{\"@type\":\"WebSite\",\"@id\":\"https:\\\/\\\/bien-etreiris.ch\\\/de\\\/#website\",\"url\":\"https:\\\/\\\/bien-etreiris.ch\\\/de\\\/\",\"name\":\"Bien-\u00eatre Iris\",\"description\":\"IHRE Gesundheit ist uns wichtig\",\"potentialAction\":[{\"@type\":\"SearchAction\",\"target\":{\"@type\":\"EntryPoint\",\"urlTemplate\":\"https:\\\/\\\/bien-etreiris.ch\\\/de\\\/?s={search_term_string}\"},\"query-input\":{\"@type\":\"PropertyValueSpecification\",\"valueRequired\":true,\"valueName\":\"search_term_string\"}}],\"inLanguage\":\"de\"}]}<\/script>\n<!-- \/ Yoast SEO plugin. -->","yoast_head_json":{"title":"NEZ - WOHLBEFINDEN","robots":{"index":"index","follow":"follow","max-snippet":"max-snippet:-1","max-image-preview":"max-image-preview:large","max-video-preview":"max-video-preview:-1"},"canonical":"https:\/\/bien-etreiris.ch\/de\/produktpraesentation\/natuerliche-heilmittel\/sinnesorgane\/nez\/","og_locale":"de_DE","og_type":"article","og_title":"NEZ - WOHLBEFINDEN","og_description":"Rin\u00e7age nasal M\u00e9thode Kneipp \"hydroth\u00e9rapie nasale\". Un gobelet ou une tasse de rin\u00e7age nasal est l'outil id\u00e9al pour un rin\u00e7age nasal. Une autre possibilit\u00e9 de rin\u00e7age du nez est la douche nasale. D'o\u00f9 vient la m\u00e9thode de l'irrigation nasale ? Dans le yoga, l'irrigation nasale fait partie des diff\u00e9rentes m\u00e9thodes de purification du corps. Mais sous nos latitudes, elle a&nbsp;Weiter lesen","og_url":"https:\/\/bien-etreiris.ch\/de\/produktpraesentation\/natuerliche-heilmittel\/sinnesorgane\/nez\/","og_site_name":"WOHLBEFINDEN","article_publisher":"https:\/\/www.facebook.com\/bienetreiris\/","article_modified_time":"2023-09-09T10:35:52+00:00","og_image":[{"width":500,"height":333,"url":"https:\/\/bien-etreiris.ch\/wp-content\/uploads\/2023\/09\/acceuil-lavement-nez.jpg","type":"image\/jpeg"}],"twitter_misc":{"Gesch\u00e4tzte Lesezeit":"4\u00a0Minuten"},"schema":{"@context":"https:\/\/schema.org","@graph":[{"@type":"WebPage","@id":"https:\/\/bien-etreiris.ch\/de\/produktpraesentation\/natuerliche-heilmittel\/sinnesorgane\/nez\/","url":"https:\/\/bien-etreiris.ch\/de\/produktpraesentation\/natuerliche-heilmittel\/sinnesorgane\/nez\/","name":"NEZ - WOHLBEFINDEN","isPartOf":{"@id":"https:\/\/bien-etreiris.ch\/de\/#website"},"primaryImageOfPage":{"@id":"https:\/\/bien-etreiris.ch\/de\/produktpraesentation\/natuerliche-heilmittel\/sinnesorgane\/nez\/#primaryimage"},"image":{"@id":"https:\/\/bien-etreiris.ch\/de\/produktpraesentation\/natuerliche-heilmittel\/sinnesorgane\/nez\/#primaryimage"},"thumbnailUrl":"https:\/\/bien-etreiris.ch\/wp-content\/uploads\/2023\/09\/acceuil-lavement-nez.jpg","datePublished":"2023-09-09T10:22:54+00:00","dateModified":"2023-09-09T10:35:52+00:00","breadcrumb":{"@id":"https:\/\/bien-etreiris.ch\/de\/produktpraesentation\/natuerliche-heilmittel\/sinnesorgane\/nez\/#breadcrumb"},"inLanguage":"de","potentialAction":[{"@type":"ReadAction","target":["https:\/\/bien-etreiris.ch\/de\/produktpraesentation\/natuerliche-heilmittel\/sinnesorgane\/nez\/"]}]},{"@type":"ImageObject","inLanguage":"de","@id":"https:\/\/bien-etreiris.ch\/de\/produktpraesentation\/natuerliche-heilmittel\/sinnesorgane\/nez\/#primaryimage","url":"https:\/\/bien-etreiris.ch\/wp-content\/uploads\/2023\/09\/acceuil-lavement-nez.jpg","contentUrl":"https:\/\/bien-etreiris.ch\/wp-content\/uploads\/2023\/09\/acceuil-lavement-nez.jpg","width":500,"height":333},{"@type":"BreadcrumbList","@id":"https:\/\/bien-etreiris.ch\/de\/produktpraesentation\/natuerliche-heilmittel\/sinnesorgane\/nez\/#breadcrumb","itemListElement":[{"@type":"ListItem","position":1,"name":"Home","item":"https:\/\/bien-etreiris.ch\/de\/"},{"@type":"ListItem","position":2,"name":"PRODUKTPR\u00c4SENTATION","item":"https:\/\/bien-etreiris.ch\/de\/produktpraesentation\/"},{"@type":"ListItem","position":3,"name":"NAT\u00dcRLICHE HEILMITTEL","item":"https:\/\/bien-etreiris.ch\/de\/produktpraesentation\/natuerliche-heilmittel\/"},{"@type":"ListItem","position":4,"name":"SINNESORGANE","item":"https:\/\/bien-etreiris.ch\/de\/produktpraesentation\/natuerliche-heilmittel\/sinnesorgane\/"},{"@type":"ListItem","position":5,"name":"NEZ"}]},{"@type":"WebSite","@id":"https:\/\/bien-etreiris.ch\/de\/#website","url":"https:\/\/bien-etreiris.ch\/de\/","name":"Bien-\u00eatre Iris","description":"IHRE Gesundheit ist uns wichtig","potentialAction":[{"@type":"SearchAction","target":{"@type":"EntryPoint","urlTemplate":"https:\/\/bien-etreiris.ch\/de\/?s={search_term_string}"},"query-input":{"@type":"PropertyValueSpecification","valueRequired":true,"valueName":"search_term_string"}}],"inLanguage":"de"}]}},"_links":{"self":[{"href":"https:\/\/bien-etreiris.ch\/de\/wp-json\/wp\/v2\/pages\/74510","targetHints":{"allow":["GET"]}}],"collection":[{"href":"https:\/\/bien-etreiris.ch\/de\/wp-json\/wp\/v2\/pages"}],"about":[{"href":"https:\/\/bien-etreiris.ch\/de\/wp-json\/wp\/v2\/types\/page"}],"author":[{"embeddable":true,"href":"https:\/\/bien-etreiris.ch\/de\/wp-json\/wp\/v2\/users\/1"}],"replies":[{"embeddable":true,"href":"https:\/\/bien-etreiris.ch\/de\/wp-json\/wp\/v2\/comments?post=74510"}],"version-history":[{"count":3,"href":"https:\/\/bien-etreiris.ch\/de\/wp-json\/wp\/v2\/pages\/74510\/revisions"}],"predecessor-version":[{"id":74526,"href":"https:\/\/bien-etreiris.ch\/de\/wp-json\/wp\/v2\/pages\/74510\/revisions\/74526"}],"up":[{"embeddable":true,"href":"https:\/\/bien-etreiris.ch\/de\/wp-json\/wp\/v2\/pages\/68300"}],"wp:featuredmedia":[{"embeddable":true,"href":"https:\/\/bien-etreiris.ch\/de\/wp-json\/wp\/v2\/media\/74506"}],"wp:attachment":[{"href":"https:\/\/bien-etreiris.ch\/de\/wp-json\/wp\/v2\/media?parent=74510"}],"curies":[{"name":"wp","href":"https:\/\/api.w.org\/{rel}","templated":true}]}}