{"id":74443,"date":"2023-09-09T00:34:01","date_gmt":"2023-09-08T22:34:01","guid":{"rendered":"https:\/\/bien-etreiris.ch\/produktpraesentation\/gesundes-leben\/gesunde-lebensmittel\/zutaten-wohlbefinden\/gewuerze\/graines-danis\/"},"modified":"2023-12-08T22:26:03","modified_gmt":"2023-12-08T20:26:03","slug":"anissamen","status":"publish","type":"page","link":"https:\/\/bien-etreiris.ch\/de\/produktpraesentation\/gesundes-leben\/gesunde-lebensmittel\/zutaten-wohlbefinden\/gewuerze\/epices-pures\/anissamen\/","title":{"rendered":"ANIS"},"content":{"rendered":"<h2>Anissamen ganz - Pimpinella anisum<\/h2>\n<h4>Lakritz - \u00e4therisch - s\u00fcss<\/h4>\n<h4><a href=\"https:\/\/bien-etreiris.ch\/de\/produktpraesentation\/gesundes-leben\/gesunde-lebensmittel\/zutaten-wohlbefinden\/gewuerze\/graines-danis\/anis-graines-2\/\" rel=\"attachment wp-att-74436\"><img loading=\"lazy\" decoding=\"async\" class=\"wp-image-74436 alignleft\" src=\"https:\/\/bien-etreiris.ch\/wp-content\/uploads\/2023\/09\/anis-graines.jpg\" alt=\"\" width=\"319\" height=\"461\" srcset=\"https:\/\/bien-etreiris.ch\/wp-content\/uploads\/2023\/09\/anis-graines.jpg 695w, https:\/\/bien-etreiris.ch\/wp-content\/uploads\/2023\/09\/anis-graines-208x300.jpg 208w\" sizes=\"auto, (max-width: 319px) 100vw, 319px\" \/><\/a><\/h4>\n<h4>&nbsp;<\/h4>\n<h4>&nbsp;<\/h4>\n<h4>&nbsp;<\/h4>\n<h4>&nbsp;<\/h4>\n<h4>&nbsp;<\/h4>\n<h4>&nbsp;<\/h4>\n<h4>Sonnentor<\/h4>\n<p>Mit einzigartigem Geschmack ... Sie m\u00f6gen es oder Sie hassen es!<\/p>\n<ul style=\"list-style-type: disc;\">\n<li>Geschmack \u00e4hnlich wie Lakritze<\/li>\n<li>W\u00fcrziges und s\u00fcsses Aroma<\/li>\n<li>Gew\u00fcrz mit vielen Verwendungsm\u00f6glichkeiten<\/li>\n<\/ul>\n<p>50 g CHF 2.80<\/p>\n<p>50 g <strong>CHF 2.80<\/strong><\/p>\n<p>&nbsp;<\/p>\n<p>&nbsp;<\/p>\n<p>&nbsp;<\/p>\n<p>&nbsp;<\/p>\n<p>&nbsp;<\/p>\n<p>\"Sweet dreams are made of Anis!\" Kr\u00e4uterkundige Hexen nahmen die Pflanze mit ins Bett, um Albtr\u00e4ume zu vertreiben. Heute findest du die s\u00fcsslichen Samen im Gew\u00fcrzschrank. Ihr feines Lakritzaroma verfeinert Brot, Kekse, Kuchen. Vor der Verwendung im M\u00f6rser zerstossen, um noch mehr Geschmack heraus zu kitzeln. Spitze Lakritze!<\/p>\n<p>&nbsp;<\/p>\n<h4>Verwendung<\/h4>\n<p>Zum Kochen, indische K\u00fcche, Desserts.<\/p>\n<p>&nbsp;<\/p>\n<hr>\n<h2><span style=\"color: #800000;\">Anis f\u00fcr R\u00e4ucherungen<\/span><\/h2>\n<p>Wenn man Anis zum R\u00e4uchern verwenden m\u00f6chte, verwendet man die getrockneten Fr\u00fcchte. Anis wird selten allein verwendet, sondern meist Mischungen beigef\u00fcgt. Wenn man Anis zu einer R\u00e4uchermischung gibt, erh\u00e4lt diese einen Duft mit w\u00fcrzigen, s\u00fcssen, leicht holzigen und fruchtigen Noten. Die Wirkung ist daf\u00fcr bekannt, dass sie beruhigend und stimmungsaufhellend wirkt. Anis kann der Mischung die Schwere oder Sch\u00e4rfe nehmen. Die Fr\u00fcchte des Sternanis, auch Illicium verum genannt, sind eine gute Alternative zu Anis. Anis und Sternanis sind zwei verschiedene Pflanzen und nicht miteinander verwandt, haben aber \u00e4hnliche Eigenschaften. Die Beeren des Sternanis haben einen noch s\u00fcsseren und reichhaltigeren Duft.<\/p>\n<p>&nbsp;<\/p>\n<h4>Die positiven Eigenschaften der Anisfr\u00fcchte<\/h4>\n<p>Anis und Sternanis sind in Gew\u00fcrz- und Kr\u00e4uterl\u00e4den erh\u00e4ltlich. Sie gelten als Duftstoffe f\u00fcr Menschen, die h\u00e4ufig und lange geistige Arbeit verrichten. Beide w\u00e4rmen den K\u00f6rper und helfen, sich zu entspannen. Anis soll helfen, psychische Leiden zu lindern und das seelische Gleichgewicht wiederherzustellen. Dadurch w\u00fcrden \u00c4ngste gelindert und der Mensch in der Erde verankert. Anis f\u00f6rdert die Verdauung und beugt Bl\u00e4hungen vor.<\/p>\n<p>Man kann Anis gut mit Bergamotte, Zimt, Kamille und Melisse kombinieren.<\/p>\n","protected":false},"excerpt":{"rendered":"<p>Anissamen ganz - Pimpinella anisum Lakritz - \u00e4therisch - s\u00fcss &nbsp; &nbsp; &nbsp; &nbsp; &nbsp; &nbsp; Sonnentor Mit einzigartigem Geschmack ... Sie m\u00f6gen es oder Sie hassen es! Geschmack \u00e4hnlich wie Lakritze W\u00fcrziges und s\u00fcsses Aroma Gew\u00fcrz mit vielen Verwendungsm\u00f6glichkeiten 50 g CHF 2.80 50 g CHF 2.80 &nbsp; &nbsp; &nbsp; &nbsp; &nbsp; \"Sweet dreams are made of Anis!\" Kr\u00e4uterkundige&nbsp;<a href=\"https:\/\/bien-etreiris.ch\/de\/produktpraesentation\/gesundes-leben\/gesunde-lebensmittel\/zutaten-wohlbefinden\/gewuerze\/epices-pures\/anissamen\/\" class=\"read-more\">Weiter lesen<\/a><\/p>\n","protected":false},"author":1,"featured_media":74465,"parent":98233,"menu_order":3024,"comment_status":"closed","ping_status":"closed","template":"page-with-child.php","meta":{"_acf_changed":false,"ngg_post_thumbnail":0,"footnotes":""},"class_list":["post-74443","page","type-page","status-publish","has-post-thumbnail","hentry"],"acf":[],"yoast_head":"<!-- This site is optimized with the Yoast SEO plugin v27.6 - https:\/\/yoast.com\/product\/yoast-seo-wordpress\/ -->\n<title>ANIS - WOHLBEFINDEN<\/title>\n<meta name=\"robots\" content=\"index, follow, max-snippet:-1, max-image-preview:large, max-video-preview:-1\" \/>\n<link rel=\"canonical\" href=\"https:\/\/bien-etreiris.ch\/de\/produktpraesentation\/gesundes-leben\/gesunde-lebensmittel\/zutaten-wohlbefinden\/gewuerze\/anissamen\/\" \/>\n<meta property=\"og:locale\" content=\"de_DE\" \/>\n<meta property=\"og:type\" content=\"article\" \/>\n<meta property=\"og:title\" content=\"ANIS - WOHLBEFINDEN\" \/>\n<meta property=\"og:description\" content=\"Anissamen ganz - Pimpinella anisum Lakritz - \u00e4therisch - s\u00fcss &nbsp; &nbsp; &nbsp; &nbsp; &nbsp; &nbsp; Sonnentor Mit einzigartigem Geschmack ... Sie m\u00f6gen es oder Sie hassen es! Geschmack \u00e4hnlich wie Lakritze W\u00fcrziges und s\u00fcsses Aroma Gew\u00fcrz mit vielen Verwendungsm\u00f6glichkeiten 50 g CHF 2.80 50 g CHF 2.80 &nbsp; &nbsp; &nbsp; &nbsp; &nbsp; &quot;Sweet dreams are made of Anis!&quot; Kr\u00e4uterkundige&nbsp;Weiter lesen\" \/>\n<meta property=\"og:url\" content=\"https:\/\/bien-etreiris.ch\/de\/produktpraesentation\/gesundes-leben\/gesunde-lebensmittel\/zutaten-wohlbefinden\/gewuerze\/anissamen\/\" \/>\n<meta property=\"og:site_name\" content=\"WOHLBEFINDEN\" \/>\n<meta property=\"article:publisher\" content=\"https:\/\/www.facebook.com\/bienetreiris\/\" \/>\n<meta property=\"article:modified_time\" content=\"2023-12-08T20:26:03+00:00\" \/>\n<meta property=\"og:image\" content=\"https:\/\/bien-etreiris.ch\/wp-content\/uploads\/2023\/09\/Graines-danis-1.png\" \/>\n\t<meta property=\"og:image:width\" content=\"370\" \/>\n\t<meta property=\"og:image:height\" content=\"226\" \/>\n\t<meta property=\"og:image:type\" content=\"image\/png\" \/>\n<meta name=\"twitter:label1\" content=\"Gesch\u00e4tzte Lesezeit\" \/>\n\t<meta name=\"twitter:data1\" content=\"2\u00a0Minuten\" \/>\n<script type=\"application\/ld+json\" class=\"yoast-schema-graph\">{\"@context\":\"https:\\\/\\\/schema.org\",\"@graph\":[{\"@type\":\"WebPage\",\"@id\":\"https:\\\/\\\/bien-etreiris.ch\\\/de\\\/produktpraesentation\\\/gesundes-leben\\\/gesunde-lebensmittel\\\/zutaten-wohlbefinden\\\/gewuerze\\\/anissamen\\\/\",\"url\":\"https:\\\/\\\/bien-etreiris.ch\\\/de\\\/produktpraesentation\\\/gesundes-leben\\\/gesunde-lebensmittel\\\/zutaten-wohlbefinden\\\/gewuerze\\\/anissamen\\\/\",\"name\":\"ANIS - WOHLBEFINDEN\",\"isPartOf\":{\"@id\":\"https:\\\/\\\/bien-etreiris.ch\\\/de\\\/#website\"},\"primaryImageOfPage\":{\"@id\":\"https:\\\/\\\/bien-etreiris.ch\\\/de\\\/produktpraesentation\\\/gesundes-leben\\\/gesunde-lebensmittel\\\/zutaten-wohlbefinden\\\/gewuerze\\\/anissamen\\\/#primaryimage\"},\"image\":{\"@id\":\"https:\\\/\\\/bien-etreiris.ch\\\/de\\\/produktpraesentation\\\/gesundes-leben\\\/gesunde-lebensmittel\\\/zutaten-wohlbefinden\\\/gewuerze\\\/anissamen\\\/#primaryimage\"},\"thumbnailUrl\":\"https:\\\/\\\/bien-etreiris.ch\\\/wp-content\\\/uploads\\\/2023\\\/09\\\/Graines-danis-1.png\",\"datePublished\":\"2023-09-08T22:34:01+00:00\",\"dateModified\":\"2023-12-08T20:26:03+00:00\",\"breadcrumb\":{\"@id\":\"https:\\\/\\\/bien-etreiris.ch\\\/de\\\/produktpraesentation\\\/gesundes-leben\\\/gesunde-lebensmittel\\\/zutaten-wohlbefinden\\\/gewuerze\\\/anissamen\\\/#breadcrumb\"},\"inLanguage\":\"de\",\"potentialAction\":[{\"@type\":\"ReadAction\",\"target\":[\"https:\\\/\\\/bien-etreiris.ch\\\/de\\\/produktpraesentation\\\/gesundes-leben\\\/gesunde-lebensmittel\\\/zutaten-wohlbefinden\\\/gewuerze\\\/anissamen\\\/\"]}]},{\"@type\":\"ImageObject\",\"inLanguage\":\"de\",\"@id\":\"https:\\\/\\\/bien-etreiris.ch\\\/de\\\/produktpraesentation\\\/gesundes-leben\\\/gesunde-lebensmittel\\\/zutaten-wohlbefinden\\\/gewuerze\\\/anissamen\\\/#primaryimage\",\"url\":\"https:\\\/\\\/bien-etreiris.ch\\\/wp-content\\\/uploads\\\/2023\\\/09\\\/Graines-danis-1.png\",\"contentUrl\":\"https:\\\/\\\/bien-etreiris.ch\\\/wp-content\\\/uploads\\\/2023\\\/09\\\/Graines-danis-1.png\",\"width\":370,\"height\":226},{\"@type\":\"BreadcrumbList\",\"@id\":\"https:\\\/\\\/bien-etreiris.ch\\\/de\\\/produktpraesentation\\\/gesundes-leben\\\/gesunde-lebensmittel\\\/zutaten-wohlbefinden\\\/gewuerze\\\/anissamen\\\/#breadcrumb\",\"itemListElement\":[{\"@type\":\"ListItem\",\"position\":1,\"name\":\"Home\",\"item\":\"https:\\\/\\\/bien-etreiris.ch\\\/de\\\/\"},{\"@type\":\"ListItem\",\"position\":2,\"name\":\"PRODUKTPR\u00c4SENTATION\",\"item\":\"https:\\\/\\\/bien-etreiris.ch\\\/de\\\/produktpraesentation\\\/\"},{\"@type\":\"ListItem\",\"position\":3,\"name\":\"GESUNDES LEBEN\",\"item\":\"https:\\\/\\\/bien-etreiris.ch\\\/de\\\/produktpraesentation\\\/gesundes-leben\\\/\"},{\"@type\":\"ListItem\",\"position\":4,\"name\":\"GESUNDE LEBENSMITTEL\",\"item\":\"https:\\\/\\\/bien-etreiris.ch\\\/de\\\/produktpraesentation\\\/gesundes-leben\\\/gesunde-lebensmittel\\\/\"},{\"@type\":\"ListItem\",\"position\":5,\"name\":\"ZUTATEN\",\"item\":\"https:\\\/\\\/bien-etreiris.ch\\\/de\\\/produktpraesentation\\\/gesundes-leben\\\/gesunde-lebensmittel\\\/zutaten-wohlbefinden\\\/\"},{\"@type\":\"ListItem\",\"position\":6,\"name\":\"GEW\u00dcRZE\",\"item\":\"https:\\\/\\\/bien-etreiris.ch\\\/de\\\/produktpraesentation\\\/gesundes-leben\\\/gesunde-lebensmittel\\\/zutaten-wohlbefinden\\\/gewuerze\\\/\"},{\"@type\":\"ListItem\",\"position\":7,\"name\":\"ANIS\"}]},{\"@type\":\"WebSite\",\"@id\":\"https:\\\/\\\/bien-etreiris.ch\\\/de\\\/#website\",\"url\":\"https:\\\/\\\/bien-etreiris.ch\\\/de\\\/\",\"name\":\"Bien-\u00eatre Iris\",\"description\":\"IHRE Gesundheit ist uns wichtig\",\"potentialAction\":[{\"@type\":\"SearchAction\",\"target\":{\"@type\":\"EntryPoint\",\"urlTemplate\":\"https:\\\/\\\/bien-etreiris.ch\\\/de\\\/?s={search_term_string}\"},\"query-input\":{\"@type\":\"PropertyValueSpecification\",\"valueRequired\":true,\"valueName\":\"search_term_string\"}}],\"inLanguage\":\"de\"}]}<\/script>\n<!-- \/ Yoast SEO plugin. -->","yoast_head_json":{"title":"ANIS - WOHLBEFINDEN","robots":{"index":"index","follow":"follow","max-snippet":"max-snippet:-1","max-image-preview":"max-image-preview:large","max-video-preview":"max-video-preview:-1"},"canonical":"https:\/\/bien-etreiris.ch\/de\/produktpraesentation\/gesundes-leben\/gesunde-lebensmittel\/zutaten-wohlbefinden\/gewuerze\/anissamen\/","og_locale":"de_DE","og_type":"article","og_title":"ANIS - WOHLBEFINDEN","og_description":"Anissamen ganz - Pimpinella anisum Lakritz - \u00e4therisch - s\u00fcss &nbsp; &nbsp; &nbsp; &nbsp; &nbsp; &nbsp; Sonnentor Mit einzigartigem Geschmack ... Sie m\u00f6gen es oder Sie hassen es! Geschmack \u00e4hnlich wie Lakritze W\u00fcrziges und s\u00fcsses Aroma Gew\u00fcrz mit vielen Verwendungsm\u00f6glichkeiten 50 g CHF 2.80 50 g CHF 2.80 &nbsp; &nbsp; &nbsp; &nbsp; &nbsp; \"Sweet dreams are made of Anis!\" Kr\u00e4uterkundige&nbsp;Weiter lesen","og_url":"https:\/\/bien-etreiris.ch\/de\/produktpraesentation\/gesundes-leben\/gesunde-lebensmittel\/zutaten-wohlbefinden\/gewuerze\/anissamen\/","og_site_name":"WOHLBEFINDEN","article_publisher":"https:\/\/www.facebook.com\/bienetreiris\/","article_modified_time":"2023-12-08T20:26:03+00:00","og_image":[{"width":370,"height":226,"url":"https:\/\/bien-etreiris.ch\/wp-content\/uploads\/2023\/09\/Graines-danis-1.png","type":"image\/png"}],"twitter_misc":{"Gesch\u00e4tzte Lesezeit":"2\u00a0Minuten"},"schema":{"@context":"https:\/\/schema.org","@graph":[{"@type":"WebPage","@id":"https:\/\/bien-etreiris.ch\/de\/produktpraesentation\/gesundes-leben\/gesunde-lebensmittel\/zutaten-wohlbefinden\/gewuerze\/anissamen\/","url":"https:\/\/bien-etreiris.ch\/de\/produktpraesentation\/gesundes-leben\/gesunde-lebensmittel\/zutaten-wohlbefinden\/gewuerze\/anissamen\/","name":"ANIS - WOHLBEFINDEN","isPartOf":{"@id":"https:\/\/bien-etreiris.ch\/de\/#website"},"primaryImageOfPage":{"@id":"https:\/\/bien-etreiris.ch\/de\/produktpraesentation\/gesundes-leben\/gesunde-lebensmittel\/zutaten-wohlbefinden\/gewuerze\/anissamen\/#primaryimage"},"image":{"@id":"https:\/\/bien-etreiris.ch\/de\/produktpraesentation\/gesundes-leben\/gesunde-lebensmittel\/zutaten-wohlbefinden\/gewuerze\/anissamen\/#primaryimage"},"thumbnailUrl":"https:\/\/bien-etreiris.ch\/wp-content\/uploads\/2023\/09\/Graines-danis-1.png","datePublished":"2023-09-08T22:34:01+00:00","dateModified":"2023-12-08T20:26:03+00:00","breadcrumb":{"@id":"https:\/\/bien-etreiris.ch\/de\/produktpraesentation\/gesundes-leben\/gesunde-lebensmittel\/zutaten-wohlbefinden\/gewuerze\/anissamen\/#breadcrumb"},"inLanguage":"de","potentialAction":[{"@type":"ReadAction","target":["https:\/\/bien-etreiris.ch\/de\/produktpraesentation\/gesundes-leben\/gesunde-lebensmittel\/zutaten-wohlbefinden\/gewuerze\/anissamen\/"]}]},{"@type":"ImageObject","inLanguage":"de","@id":"https:\/\/bien-etreiris.ch\/de\/produktpraesentation\/gesundes-leben\/gesunde-lebensmittel\/zutaten-wohlbefinden\/gewuerze\/anissamen\/#primaryimage","url":"https:\/\/bien-etreiris.ch\/wp-content\/uploads\/2023\/09\/Graines-danis-1.png","contentUrl":"https:\/\/bien-etreiris.ch\/wp-content\/uploads\/2023\/09\/Graines-danis-1.png","width":370,"height":226},{"@type":"BreadcrumbList","@id":"https:\/\/bien-etreiris.ch\/de\/produktpraesentation\/gesundes-leben\/gesunde-lebensmittel\/zutaten-wohlbefinden\/gewuerze\/anissamen\/#breadcrumb","itemListElement":[{"@type":"ListItem","position":1,"name":"Home","item":"https:\/\/bien-etreiris.ch\/de\/"},{"@type":"ListItem","position":2,"name":"PRODUKTPR\u00c4SENTATION","item":"https:\/\/bien-etreiris.ch\/de\/produktpraesentation\/"},{"@type":"ListItem","position":3,"name":"GESUNDES LEBEN","item":"https:\/\/bien-etreiris.ch\/de\/produktpraesentation\/gesundes-leben\/"},{"@type":"ListItem","position":4,"name":"GESUNDE LEBENSMITTEL","item":"https:\/\/bien-etreiris.ch\/de\/produktpraesentation\/gesundes-leben\/gesunde-lebensmittel\/"},{"@type":"ListItem","position":5,"name":"ZUTATEN","item":"https:\/\/bien-etreiris.ch\/de\/produktpraesentation\/gesundes-leben\/gesunde-lebensmittel\/zutaten-wohlbefinden\/"},{"@type":"ListItem","position":6,"name":"GEW\u00dcRZE","item":"https:\/\/bien-etreiris.ch\/de\/produktpraesentation\/gesundes-leben\/gesunde-lebensmittel\/zutaten-wohlbefinden\/gewuerze\/"},{"@type":"ListItem","position":7,"name":"ANIS"}]},{"@type":"WebSite","@id":"https:\/\/bien-etreiris.ch\/de\/#website","url":"https:\/\/bien-etreiris.ch\/de\/","name":"Bien-\u00eatre Iris","description":"IHRE Gesundheit ist uns wichtig","potentialAction":[{"@type":"SearchAction","target":{"@type":"EntryPoint","urlTemplate":"https:\/\/bien-etreiris.ch\/de\/?s={search_term_string}"},"query-input":{"@type":"PropertyValueSpecification","valueRequired":true,"valueName":"search_term_string"}}],"inLanguage":"de"}]}},"_links":{"self":[{"href":"https:\/\/bien-etreiris.ch\/de\/wp-json\/wp\/v2\/pages\/74443","targetHints":{"allow":["GET"]}}],"collection":[{"href":"https:\/\/bien-etreiris.ch\/de\/wp-json\/wp\/v2\/pages"}],"about":[{"href":"https:\/\/bien-etreiris.ch\/de\/wp-json\/wp\/v2\/types\/page"}],"author":[{"embeddable":true,"href":"https:\/\/bien-etreiris.ch\/de\/wp-json\/wp\/v2\/users\/1"}],"replies":[{"embeddable":true,"href":"https:\/\/bien-etreiris.ch\/de\/wp-json\/wp\/v2\/comments?post=74443"}],"version-history":[{"count":10,"href":"https:\/\/bien-etreiris.ch\/de\/wp-json\/wp\/v2\/pages\/74443\/revisions"}],"predecessor-version":[{"id":81865,"href":"https:\/\/bien-etreiris.ch\/de\/wp-json\/wp\/v2\/pages\/74443\/revisions\/81865"}],"up":[{"embeddable":true,"href":"https:\/\/bien-etreiris.ch\/de\/wp-json\/wp\/v2\/pages\/98233"}],"wp:featuredmedia":[{"embeddable":true,"href":"https:\/\/bien-etreiris.ch\/de\/wp-json\/wp\/v2\/media\/74465"}],"wp:attachment":[{"href":"https:\/\/bien-etreiris.ch\/de\/wp-json\/wp\/v2\/media?parent=74443"}],"curies":[{"name":"wp","href":"https:\/\/api.w.org\/{rel}","templated":true}]}}