{"id":74428,"date":"2023-09-09T00:01:15","date_gmt":"2023-09-08T22:01:15","guid":{"rendered":"https:\/\/bien-etreiris.ch\/eucalyptus-radiata\/"},"modified":"2023-11-12T21:15:14","modified_gmt":"2023-11-12T19:15:14","slug":"eucalyptus-radiata","status":"publish","type":"page","link":"https:\/\/bien-etreiris.ch\/de\/produktpraesentation\/aromatherapie\/aetherische-oele\/eukalyptus\/eucalyptus-radiata\/","title":{"rendered":"RADIATA"},"content":{"rendered":"\n<h2>Eucalyptus radiata BIO<\/h2>\n\n\n\n<p><a href=\"https:\/\/bien-etreiris.ch\/de\/produktpraesentation\/aromatherapie\/aetherische-oele\/eukalyptus\/eucalyptus-radiata\/eucalyptus-radiata-5-ml-2\/\" rel=\"attachment wp-att-74518\"><img loading=\"lazy\" decoding=\"async\" class=\"wp-image-74518 alignleft\" src=\"https:\/\/bien-etreiris.ch\/wp-content\/uploads\/2023\/09\/eucalyptus-radiata-5-ml.jpg\" alt=\"\" width=\"129\" height=\"286\" srcset=\"https:\/\/bien-etreiris.ch\/wp-content\/uploads\/2023\/09\/eucalyptus-radiata-5-ml.jpg 309w, https:\/\/bien-etreiris.ch\/wp-content\/uploads\/2023\/09\/eucalyptus-radiata-5-ml-135x300.jpg 135w\" sizes=\"auto, (max-width: 129px) 100vw, 129px\" \/><\/a><\/p>\n<p>&nbsp;<\/p>\n<p>&nbsp;<\/p>\n<p>&nbsp;<\/p>\n<p>&nbsp;<\/p>\n<p>&nbsp;<\/p>\n<p>5 ml <strong>CHF 7.90<\/strong><\/p>\n<p>&nbsp;<\/p>\n<p>&nbsp;<\/p>\n<p>&nbsp;<\/p>\n<p><a href=\"https:\/\/bien-etreiris.ch\/de\/produktpraesentation\/aromatherapie\/aetherische-oele\/eukalyptus\/eucalyptus-radiata\/eucalyptus-radiata-20-ml-2\/\" rel=\"attachment wp-att-74521\"><img loading=\"lazy\" decoding=\"async\" class=\" wp-image-74521 alignleft\" src=\"https:\/\/bien-etreiris.ch\/wp-content\/uploads\/2023\/09\/eucalyptus-radiata-20-ml.jpg\" alt=\"\" width=\"244\" height=\"575\" srcset=\"https:\/\/bien-etreiris.ch\/wp-content\/uploads\/2023\/09\/eucalyptus-radiata-20-ml.jpg 292w, https:\/\/bien-etreiris.ch\/wp-content\/uploads\/2023\/09\/eucalyptus-radiata-20-ml-127x300.jpg 127w\" sizes=\"auto, (max-width: 244px) 100vw, 244px\" \/><\/a><\/p>\n<p>&nbsp;<\/p>\n<p>&nbsp;<\/p>\n<p>&nbsp;<\/p>\n<p>&nbsp;<\/p>\n<p>&nbsp;<\/p>\n<p>&nbsp;<\/p>\n<p>&nbsp;<\/p>\n<p>&nbsp;<\/p>\n<p>&nbsp;<\/p>\n<p>&nbsp;<\/p>\n<p>20 ml <strong>CHF 21.60<\/strong><\/p>\n<p>&nbsp;<\/p>\n<p>&nbsp;<\/p>\n<p>&nbsp;<\/p>\n<div class=\"motopress-wrapper content-holder clearfix\">\n<div class=\"container\">\n<div class=\"row\">\n<div class=\"span12\" data-motopress-wrapper-file=\"page-fullwidth.php\" data-motopress-wrapper-type=\"content\">\n<div id=\"content\" class=\"row\">\n<div class=\"span12\" data-motopress-type=\"loop\" data-motopress-loop-file=\"loop\/loop-page.php\">\n<div id=\"post-63950\" class=\"page post-63950 type-page status-publish has-post-thumbnail hentry\">\n<table style=\"height: 23px; width: 95%;\">\n<tbody>\n<tr style=\"height: 23px;\">\n<td style=\"height: 23px; width: 28.928%;\"><strong>Nom botanique :<\/strong><\/td>\n<td style=\"height: 23px; width: 28.928%;\"><em>Eucalyptus radiata<\/em> A.Cunn. ex DC.<\/td>\n<\/tr>\n<tr style=\"height: 23px;\">\n<td style=\"height: 23px; width: 28.928%;\"><strong>Famille botanique :<\/strong><\/td>\n<td style=\"height: 23px; width: 28.928%;\">Myrtac\u00e9es<\/td>\n<\/tr>\n<tr style=\"height: 23px;\">\n<td style=\"height: 23px; width: 28.928%;\"><strong>M\u00e9thode d'extraction :<\/strong><\/td>\n<td style=\"height: 23px; width: 28.928%;\">Distillation \u00e0 la vapeur d'eau<\/td>\n<\/tr>\n<tr style=\"height: 23px;\">\n<td style=\"height: 23px; width: 28.928%;\"><strong>Partie de la plante utilis\u00e9e :<\/strong><\/td>\n<td style=\"height: 23px; width: 28.928%;\">feuilles<\/td>\n<\/tr>\n<tr style=\"height: 23px;\">\n<td style=\"height: 23px; width: 28.928%;\"><strong>Quantit\u00e9 v\u00e9g\u00e9tale :<\/strong><\/td>\n<td style=\"height: 23px; width: 28.928%;\">50 kg de feuilles sont n\u00e9cessaires pour obtenir 1 kg d'huile.<\/td>\n<\/tr>\n<tr style=\"height: 23px;\">\n<td style=\"height: 23px; width: 28.928%;\"><strong>Origine g\u00e9ographique :<\/strong>&nbsp;<\/td>\n<td style=\"height: 23px; width: 28.928%;\">Australie\/ Afrique du Sud (peut varier en fonction de la saison et de la r\u00e9colte)<\/td>\n<\/tr>\n<tr style=\"height: 23px;\">\n<td style=\"height: 23px; width: 28.928%;\"><strong>Culture qualit\u00e9&nbsp;:<\/strong><\/td>\n<td style=\"height: 23px; width: 28.928%;\">C.B.C. (issu de la cueillette sauvage biologique contr\u00f4l\u00e9e), non test\u00e9 sur les animaux, v\u00e9g\u00e9talien<\/td>\n<\/tr>\n<tr style=\"height: 23px;\">\n<td style=\"height: 23px; width: 28.928%;\"><strong>Effet parfum\u00e9 :<\/strong><\/td>\n<td style=\"height: 23px; width: 28.928%;\">Rafra\u00eechissant<\/td>\n<\/tr>\n<tr style=\"height: 23px;\">\n<td style=\"height: 23px; width: 28.928%;\"><strong>Note parfum\u00e9e :<\/strong><\/td>\n<td style=\"height: 23px; width: 28.928%;\">Note de t\u00eate<\/td>\n<\/tr>\n<tr style=\"height: 23px;\">\n<td style=\"height: 23px; width: 28.928%;\"><strong>Profil de parfum :<\/strong><\/td>\n<td style=\"height: 23px; width: 28.928%;\">Doux, frais, \u00e9pic\u00e9<\/td>\n<\/tr>\n<tr style=\"height: 23px;\">\n<td style=\"height: 23px; width: 28.928%;\"><strong>Th\u00e8me du parfum :<\/strong><\/td>\n<td style=\"height: 23px; width: 28.928%;\">Favorise la concentration, clarifie, purifie l'air<\/td>\n<\/tr>\n<tr style=\"height: 23px;\">\n<td style=\"height: 23px; width: 28.928%;\"><strong>Energ\u00e9tique :<\/strong><\/td>\n<td style=\"height: 23px; width: 28.928%;\">Bleu \/ 5e chakra<\/td>\n<\/tr>\n<tr style=\"height: 23px;\">\n<td style=\"height: 23px; width: 28.928%;\"><strong>Psycho-\u00e9motionnel :<\/strong>&nbsp;<\/td>\n<td style=\"height: 23px; width: 28.928%;\">Apporte du soutien aux personnes timides. Aide \u00e0 fixer des priorit\u00e9s.<\/td>\n<\/tr>\n<tr style=\"height: 23px;\">\n<td style=\"height: 23px; width: 28.928%;\">\n<p><strong>Description :<\/strong><\/p>\n<\/td>\n<td style=\"height: 23px; width: 28.928%;\">\n<ul style=\"list-style-type: disc;\">\n<li>\n<p>Les eucalyptus, qui peuvent atteindre 60 m\u00e8tres de haut, \u00e9taient utilis\u00e9s dans le pass\u00e9 pour ass\u00e9cher les zones mar\u00e9cageuses. Cela permettait de priver les insectes porteurs de maladies de leur habitat. C'est de l\u00e0 que vient le nom d'\"arbre \u00e0 fi\u00e8vre\".<\/p>\n<\/li>\n<li>\n<p>L'huile d'eucalyptus radi\u00e9 BIO a \u00e9t\u00e9 et est toujours utilis\u00e9e pour traiter les refroidissements et porte bien son nom au niveau physique. L'huile d\u00e9ploie \u00e9galement ses effets analg\u00e9siques et anti-inflammatoires en cas de douleurs rhumatismales.<\/p>\n<\/li>\n<li>\n<p>En cas de processus de r\u00e9flexion difficiles et de difficult\u00e9s de concentration, l'eucalyptus radiata est une huile bienvenue. Elle favorise la clart\u00e9 et procure en m\u00eame temps calme et s\u00e9r\u00e9nit\u00e9. Elle permet de respirer profond\u00e9ment, de prendre du recul et d'identifier de nouvelles voies.<\/p>\n<\/li>\n<\/ul>\n<\/td>\n<\/tr>\n<tr style=\"height: 23px;\">\n<td style=\"height: 23px; width: 28.928%;\"><strong>Application :<\/strong><\/td>\n<td style=\"height: 23px; width: 28.928%;\">\n<ul style=\"list-style-type: disc;\">\n<li>L'eucalyptus radiata se m\u00e9lange bien avec le pamplemousse, le citron, la lavande et le c\u00e8dre de l'Atlas.<\/li>\n<li>M\u00e9lang\u00e9 \u00e0 de l'huile de s\u00e9same, de la lavande et de la marjolaine, il donne une huile de massage bienfaisante.<\/li>\n<li>Pour les petits nez enrhum\u00e9s, m\u00e9langer \u00e0 la mandarine, au rouge et au ravintsara dans un diffuseur de parfum.<\/li>\n<li>Des sp\u00e9cialistes form\u00e9s vous donneront volontiers de plus amples informations sur les possibilit\u00e9s d'utilisation m\u00e9dicale et cosm\u00e9tique.<\/li>\n<\/ul>\n<\/td>\n<\/tr>\n<tr style=\"height: 23px;\">\n<td style=\"height: 23px; width: 28.928%;\"><strong>Principes actifs :<\/strong><\/td>\n<td style=\"height: 23px; width: 28.928%;\">\n<ul style=\"list-style-type: disc;\">\n<li>1,8-cin\u00e9ole (eucalyptol) (de 60 \u00e0 80 %)<\/li>\n<li>Alpha-terpin\u00e9ol (de 4 \u00e0 14 %)<\/li>\n<li>D-limon\u00e8ne (\u2264 7 %)<\/li>\n<li>Terpinyl-ac\u00e9tate (\u2264 5 %)<\/li>\n<li>Alpha-pin\u00e8ne (\u2264 5 %)<\/li>\n<\/ul>\n<\/td>\n<\/tr>\n<tr style=\"height: 23px;\">\n<td style=\"height: 23px; width: 28.928%;\"><strong>Allerg\u00e8nes :<\/strong><\/td>\n<td style=\"height: 23px; width: 28.928%;\">Citral (g\u00e9ranial + n\u00e9ral), g\u00e9raniol, limon\u00e8ne, linalol<\/td>\n<\/tr>\n<tr style=\"height: 23px;\">\n<td style=\"height: 23px; width: 28.928%;\"><strong>Pr\u00e9cautions :<\/strong><\/td>\n<td style=\"height: 23px; width: 28.928%;\">&nbsp;<\/td>\n<\/tr>\n<tr style=\"height: 23px;\">\n<td style=\"width: 28.5651%;\" colspan=\"2\">\n<p>&nbsp;<\/p>\n<p><strong>Des sp\u00e9cialistes form\u00e9s se feront un plaisir de vous donner de plus amples informations sur les possibilit\u00e9s d'utilisation m\u00e9dicale et cosm\u00e9tique.<\/strong><\/p>\n<\/td>\n<\/tr>\n<\/tbody>\n<\/table>\n<div class=\"clear\">&nbsp;<\/div>\n<\/div>\n<div class=\"row\">&nbsp;<\/div>\n<\/div>\n<\/div>\n<\/div>\n<\/div>\n<\/div>\n<\/div>\n<p>&nbsp;<\/p>\n<h4>MENTIONS D\u2019AVERTISSEMENT ET PRECAUTIONS<\/h4>\n<p><em><strong>Mention(s) de dangers - Phrases H :<\/strong><\/em><\/p>\n<p>H226, H304, H315, H317, H319, H411 <\/p>\n<p><em><strong>Mention(s) de prudence \u2013 Phrases P :<\/strong><\/em><\/p>\n<p>P210, P233, P240, P301-310, P403-235, P501<\/p>\n<p><strong>Pictogrammes :<\/strong><\/p>\n<p><strong><a href=\"https:\/\/bien-etreiris.ch\/de\/produktpraesentation\/aromatherapie\/aetherische-oele\/rosmarin-cineol\/feuer-2\/\" rel=\"attachment wp-att-79234\"><img loading=\"lazy\" decoding=\"async\" class=\"alignnone  wp-image-79234\" src=\"https:\/\/bien-etreiris.ch\/wp-content\/uploads\/2023\/11\/Feuer-1.png\" alt=\"\" width=\"99\" height=\"100\"><\/a><a href=\"https:\/\/bien-etreiris.ch\/de\/produktpraesentation\/aromatherapie\/aetherische-oele\/rosmarin-cineol\/attention-2-2\/\" rel=\"attachment wp-att-79191\"><img loading=\"lazy\" decoding=\"async\" class=\"alignnone  wp-image-79191\" src=\"https:\/\/bien-etreiris.ch\/wp-content\/uploads\/2023\/11\/Attention.png\" alt=\"\" width=\"99\" height=\"99\" srcset=\"https:\/\/bien-etreiris.ch\/wp-content\/uploads\/2023\/11\/Attention.png 280w, https:\/\/bien-etreiris.ch\/wp-content\/uploads\/2023\/11\/Attention-150x150.png 150w\" sizes=\"auto, (max-width: 99px) 100vw, 99px\" \/><\/a><a href=\"https:\/\/bien-etreiris.ch\/de\/produktpraesentation\/aromatherapie\/aetherische-oele\/rosmarin-cineol\/atem-2\/\" rel=\"attachment wp-att-79238\"><img loading=\"lazy\" decoding=\"async\" class=\"alignnone  wp-image-79238\" src=\"https:\/\/bien-etreiris.ch\/wp-content\/uploads\/2023\/11\/Atem-1.png\" alt=\"\" width=\"98\" height=\"99\"><\/a><a href=\"https:\/\/bien-etreiris.ch\/de\/produktpraesentation\/aromatherapie\/aetherische-oele\/rosmarin-cineol\/gewasserschutz-2\/\" rel=\"attachment wp-att-79197\"><img loading=\"lazy\" decoding=\"async\" class=\"alignnone  wp-image-79197\" src=\"https:\/\/bien-etreiris.ch\/wp-content\/uploads\/2023\/11\/gewasserschutz.png\" alt=\"\" width=\"99\" height=\"99\" srcset=\"https:\/\/bien-etreiris.ch\/wp-content\/uploads\/2023\/11\/gewasserschutz.png 280w, https:\/\/bien-etreiris.ch\/wp-content\/uploads\/2023\/11\/gewasserschutz-150x150.png 150w\" sizes=\"auto, (max-width: 99px) 100vw, 99px\" \/><\/a><\/strong><\/p>\n<p>&nbsp;<\/p>\n<p>&nbsp;<\/p>\n<p>&nbsp;<\/p>\n<p><a href=\"https:\/\/bien-etreiris.ch\/wp-content\/uploads\/2023\/11\/Mentions-de-danger.pdf\" target=\"_blank\" rel=\"https:\/\/bien-etreiris.ch\/wp-content\/uploads\/2023\/11\/Mentions-de-danger.pdf noopener\"><img loading=\"lazy\" decoding=\"async\" class=\"alignleft wp-image-79203\" title=\"Mentions de danger\" src=\"https:\/\/bien-etreiris.ch\/wp-content\/uploads\/2023\/11\/mentions-de-danger.jpg\" alt=\"\" width=\"211\" height=\"290\" srcset=\"https:\/\/bien-etreiris.ch\/wp-content\/uploads\/2023\/11\/mentions-de-danger.jpg 273w, https:\/\/bien-etreiris.ch\/wp-content\/uploads\/2023\/11\/mentions-de-danger-218x300.jpg 218w\" sizes=\"auto, (max-width: 211px) 100vw, 211px\" \/><\/a><\/p>\n<p>&nbsp;<\/p>\n<p>&nbsp;<\/p>\n<p>&nbsp;<\/p>\n<p>&nbsp;<\/p>\n<p><a href=\"https:\/\/bien-etreiris.ch\/wp-content\/uploads\/2023\/11\/Mentions-de-danger.pdf\" target=\"_blank\" rel=\"noopener\"><span style=\"color: #ff0000;\"><strong>T\u00e9l\u00e9charger la liste actuelle des mentions de danger.<\/strong> <\/span><\/a><\/p>\n<p><a href=\"_wp_link_placeholder\"><span style=\"color: #ff0000;\"><strong>En vigueur \u00e0 compter du 17 octobre 2020.<\/strong><\/span><\/a><\/p>\n","protected":false},"excerpt":{"rendered":"<p>Eucalyptus radiata BIO &nbsp; &nbsp; &nbsp; &nbsp; &nbsp; 5 ml CHF 7.90 &nbsp; &nbsp; &nbsp; &nbsp; &nbsp; &nbsp; &nbsp; &nbsp; &nbsp; &nbsp; &nbsp; &nbsp; &nbsp; 20 ml CHF 21.60 &nbsp; &nbsp; &nbsp; Nom botanique : Eucalyptus radiata A.Cunn. ex DC. Famille botanique : Myrtac\u00e9es M\u00e9thode d'extraction : Distillation \u00e0 la vapeur d'eau Partie de la plante utilis\u00e9e : feuilles Quantit\u00e9&nbsp;<a href=\"https:\/\/bien-etreiris.ch\/de\/produktpraesentation\/aromatherapie\/aetherische-oele\/eukalyptus\/eucalyptus-radiata\/\" class=\"read-more\">Weiter lesen<\/a><\/p>\n","protected":false},"author":1,"featured_media":74414,"parent":74421,"menu_order":3030,"comment_status":"closed","ping_status":"closed","template":"page-with-child.php","meta":{"_acf_changed":false,"ngg_post_thumbnail":0,"footnotes":""},"class_list":["post-74428","page","type-page","status-publish","has-post-thumbnail","hentry"],"acf":[],"yoast_head":"<!-- This site is optimized with the Yoast SEO plugin v27.6 - https:\/\/yoast.com\/product\/yoast-seo-wordpress\/ -->\n<title>RADIATA - WOHLBEFINDEN<\/title>\n<meta name=\"robots\" content=\"index, follow, max-snippet:-1, max-image-preview:large, max-video-preview:-1\" \/>\n<link rel=\"canonical\" href=\"https:\/\/bien-etreiris.ch\/de\/produktpraesentation\/aromatherapie\/aetherische-oele\/eukalyptus\/eucalyptus-radiata\/\" \/>\n<meta property=\"og:locale\" content=\"de_DE\" \/>\n<meta property=\"og:type\" content=\"article\" \/>\n<meta property=\"og:title\" content=\"RADIATA - WOHLBEFINDEN\" \/>\n<meta property=\"og:description\" content=\"Eucalyptus radiata BIO &nbsp; &nbsp; &nbsp; &nbsp; &nbsp; 5 ml CHF 7.90 &nbsp; &nbsp; &nbsp; &nbsp; &nbsp; &nbsp; &nbsp; &nbsp; &nbsp; &nbsp; &nbsp; &nbsp; &nbsp; 20 ml CHF 21.60 &nbsp; &nbsp; &nbsp; Nom botanique : Eucalyptus radiata A.Cunn. ex DC. Famille botanique : Myrtac\u00e9es M\u00e9thode d&#039;extraction : Distillation \u00e0 la vapeur d&#039;eau Partie de la plante utilis\u00e9e : feuilles Quantit\u00e9&nbsp;Weiter lesen\" \/>\n<meta property=\"og:url\" content=\"https:\/\/bien-etreiris.ch\/de\/produktpraesentation\/aromatherapie\/aetherische-oele\/eukalyptus\/eucalyptus-radiata\/\" \/>\n<meta property=\"og:site_name\" content=\"WOHLBEFINDEN\" \/>\n<meta property=\"article:publisher\" content=\"https:\/\/www.facebook.com\/bienetreiris\/\" \/>\n<meta property=\"article:modified_time\" content=\"2023-11-12T19:15:14+00:00\" \/>\n<meta property=\"og:image\" content=\"https:\/\/bien-etreiris.ch\/wp-content\/uploads\/2023\/09\/eucalyptus-radiata.png\" \/>\n\t<meta property=\"og:image:width\" content=\"500\" \/>\n\t<meta property=\"og:image:height\" content=\"333\" \/>\n\t<meta property=\"og:image:type\" content=\"image\/png\" \/>\n<meta name=\"twitter:label1\" content=\"Gesch\u00e4tzte Lesezeit\" \/>\n\t<meta name=\"twitter:data1\" content=\"3\u00a0Minuten\" \/>\n<script type=\"application\/ld+json\" class=\"yoast-schema-graph\">{\"@context\":\"https:\\\/\\\/schema.org\",\"@graph\":[{\"@type\":\"WebPage\",\"@id\":\"https:\\\/\\\/bien-etreiris.ch\\\/de\\\/produktpraesentation\\\/aromatherapie\\\/aetherische-oele\\\/eukalyptus\\\/eucalyptus-radiata\\\/\",\"url\":\"https:\\\/\\\/bien-etreiris.ch\\\/de\\\/produktpraesentation\\\/aromatherapie\\\/aetherische-oele\\\/eukalyptus\\\/eucalyptus-radiata\\\/\",\"name\":\"RADIATA - WOHLBEFINDEN\",\"isPartOf\":{\"@id\":\"https:\\\/\\\/bien-etreiris.ch\\\/de\\\/#website\"},\"primaryImageOfPage\":{\"@id\":\"https:\\\/\\\/bien-etreiris.ch\\\/de\\\/produktpraesentation\\\/aromatherapie\\\/aetherische-oele\\\/eukalyptus\\\/eucalyptus-radiata\\\/#primaryimage\"},\"image\":{\"@id\":\"https:\\\/\\\/bien-etreiris.ch\\\/de\\\/produktpraesentation\\\/aromatherapie\\\/aetherische-oele\\\/eukalyptus\\\/eucalyptus-radiata\\\/#primaryimage\"},\"thumbnailUrl\":\"https:\\\/\\\/bien-etreiris.ch\\\/wp-content\\\/uploads\\\/2023\\\/09\\\/eucalyptus-radiata.png\",\"datePublished\":\"2023-09-08T22:01:15+00:00\",\"dateModified\":\"2023-11-12T19:15:14+00:00\",\"breadcrumb\":{\"@id\":\"https:\\\/\\\/bien-etreiris.ch\\\/de\\\/produktpraesentation\\\/aromatherapie\\\/aetherische-oele\\\/eukalyptus\\\/eucalyptus-radiata\\\/#breadcrumb\"},\"inLanguage\":\"de\",\"potentialAction\":[{\"@type\":\"ReadAction\",\"target\":[\"https:\\\/\\\/bien-etreiris.ch\\\/de\\\/produktpraesentation\\\/aromatherapie\\\/aetherische-oele\\\/eukalyptus\\\/eucalyptus-radiata\\\/\"]}]},{\"@type\":\"ImageObject\",\"inLanguage\":\"de\",\"@id\":\"https:\\\/\\\/bien-etreiris.ch\\\/de\\\/produktpraesentation\\\/aromatherapie\\\/aetherische-oele\\\/eukalyptus\\\/eucalyptus-radiata\\\/#primaryimage\",\"url\":\"https:\\\/\\\/bien-etreiris.ch\\\/wp-content\\\/uploads\\\/2023\\\/09\\\/eucalyptus-radiata.png\",\"contentUrl\":\"https:\\\/\\\/bien-etreiris.ch\\\/wp-content\\\/uploads\\\/2023\\\/09\\\/eucalyptus-radiata.png\",\"width\":500,\"height\":333},{\"@type\":\"BreadcrumbList\",\"@id\":\"https:\\\/\\\/bien-etreiris.ch\\\/de\\\/produktpraesentation\\\/aromatherapie\\\/aetherische-oele\\\/eukalyptus\\\/eucalyptus-radiata\\\/#breadcrumb\",\"itemListElement\":[{\"@type\":\"ListItem\",\"position\":1,\"name\":\"Home\",\"item\":\"https:\\\/\\\/bien-etreiris.ch\\\/de\\\/\"},{\"@type\":\"ListItem\",\"position\":2,\"name\":\"PRODUKTPR\u00c4SENTATION\",\"item\":\"https:\\\/\\\/bien-etreiris.ch\\\/de\\\/produktpraesentation\\\/\"},{\"@type\":\"ListItem\",\"position\":3,\"name\":\"AROMATHERAPIE\",\"item\":\"https:\\\/\\\/bien-etreiris.ch\\\/de\\\/produktpraesentation\\\/aromatherapie\\\/\"},{\"@type\":\"ListItem\",\"position\":4,\"name\":\"\u00c4THERISCHE \u00d6LE\",\"item\":\"https:\\\/\\\/bien-etreiris.ch\\\/de\\\/produktpraesentation\\\/aromatherapie\\\/aetherische-oele\\\/\"},{\"@type\":\"ListItem\",\"position\":5,\"name\":\"EUKALYPTUS\",\"item\":\"https:\\\/\\\/bien-etreiris.ch\\\/de\\\/produktpraesentation\\\/aromatherapie\\\/aetherische-oele\\\/eukalyptus\\\/\"},{\"@type\":\"ListItem\",\"position\":6,\"name\":\"RADIATA\"}]},{\"@type\":\"WebSite\",\"@id\":\"https:\\\/\\\/bien-etreiris.ch\\\/de\\\/#website\",\"url\":\"https:\\\/\\\/bien-etreiris.ch\\\/de\\\/\",\"name\":\"Bien-\u00eatre Iris\",\"description\":\"IHRE Gesundheit ist uns wichtig\",\"potentialAction\":[{\"@type\":\"SearchAction\",\"target\":{\"@type\":\"EntryPoint\",\"urlTemplate\":\"https:\\\/\\\/bien-etreiris.ch\\\/de\\\/?s={search_term_string}\"},\"query-input\":{\"@type\":\"PropertyValueSpecification\",\"valueRequired\":true,\"valueName\":\"search_term_string\"}}],\"inLanguage\":\"de\"}]}<\/script>\n<!-- \/ Yoast SEO plugin. -->","yoast_head_json":{"title":"RADIATA - WOHLBEFINDEN","robots":{"index":"index","follow":"follow","max-snippet":"max-snippet:-1","max-image-preview":"max-image-preview:large","max-video-preview":"max-video-preview:-1"},"canonical":"https:\/\/bien-etreiris.ch\/de\/produktpraesentation\/aromatherapie\/aetherische-oele\/eukalyptus\/eucalyptus-radiata\/","og_locale":"de_DE","og_type":"article","og_title":"RADIATA - WOHLBEFINDEN","og_description":"Eucalyptus radiata BIO &nbsp; &nbsp; &nbsp; &nbsp; &nbsp; 5 ml CHF 7.90 &nbsp; &nbsp; &nbsp; &nbsp; &nbsp; &nbsp; &nbsp; &nbsp; &nbsp; &nbsp; &nbsp; &nbsp; &nbsp; 20 ml CHF 21.60 &nbsp; &nbsp; &nbsp; Nom botanique : Eucalyptus radiata A.Cunn. ex DC. Famille botanique : Myrtac\u00e9es M\u00e9thode d'extraction : Distillation \u00e0 la vapeur d'eau Partie de la plante utilis\u00e9e : feuilles Quantit\u00e9&nbsp;Weiter lesen","og_url":"https:\/\/bien-etreiris.ch\/de\/produktpraesentation\/aromatherapie\/aetherische-oele\/eukalyptus\/eucalyptus-radiata\/","og_site_name":"WOHLBEFINDEN","article_publisher":"https:\/\/www.facebook.com\/bienetreiris\/","article_modified_time":"2023-11-12T19:15:14+00:00","og_image":[{"width":500,"height":333,"url":"https:\/\/bien-etreiris.ch\/wp-content\/uploads\/2023\/09\/eucalyptus-radiata.png","type":"image\/png"}],"twitter_misc":{"Gesch\u00e4tzte Lesezeit":"3\u00a0Minuten"},"schema":{"@context":"https:\/\/schema.org","@graph":[{"@type":"WebPage","@id":"https:\/\/bien-etreiris.ch\/de\/produktpraesentation\/aromatherapie\/aetherische-oele\/eukalyptus\/eucalyptus-radiata\/","url":"https:\/\/bien-etreiris.ch\/de\/produktpraesentation\/aromatherapie\/aetherische-oele\/eukalyptus\/eucalyptus-radiata\/","name":"RADIATA - WOHLBEFINDEN","isPartOf":{"@id":"https:\/\/bien-etreiris.ch\/de\/#website"},"primaryImageOfPage":{"@id":"https:\/\/bien-etreiris.ch\/de\/produktpraesentation\/aromatherapie\/aetherische-oele\/eukalyptus\/eucalyptus-radiata\/#primaryimage"},"image":{"@id":"https:\/\/bien-etreiris.ch\/de\/produktpraesentation\/aromatherapie\/aetherische-oele\/eukalyptus\/eucalyptus-radiata\/#primaryimage"},"thumbnailUrl":"https:\/\/bien-etreiris.ch\/wp-content\/uploads\/2023\/09\/eucalyptus-radiata.png","datePublished":"2023-09-08T22:01:15+00:00","dateModified":"2023-11-12T19:15:14+00:00","breadcrumb":{"@id":"https:\/\/bien-etreiris.ch\/de\/produktpraesentation\/aromatherapie\/aetherische-oele\/eukalyptus\/eucalyptus-radiata\/#breadcrumb"},"inLanguage":"de","potentialAction":[{"@type":"ReadAction","target":["https:\/\/bien-etreiris.ch\/de\/produktpraesentation\/aromatherapie\/aetherische-oele\/eukalyptus\/eucalyptus-radiata\/"]}]},{"@type":"ImageObject","inLanguage":"de","@id":"https:\/\/bien-etreiris.ch\/de\/produktpraesentation\/aromatherapie\/aetherische-oele\/eukalyptus\/eucalyptus-radiata\/#primaryimage","url":"https:\/\/bien-etreiris.ch\/wp-content\/uploads\/2023\/09\/eucalyptus-radiata.png","contentUrl":"https:\/\/bien-etreiris.ch\/wp-content\/uploads\/2023\/09\/eucalyptus-radiata.png","width":500,"height":333},{"@type":"BreadcrumbList","@id":"https:\/\/bien-etreiris.ch\/de\/produktpraesentation\/aromatherapie\/aetherische-oele\/eukalyptus\/eucalyptus-radiata\/#breadcrumb","itemListElement":[{"@type":"ListItem","position":1,"name":"Home","item":"https:\/\/bien-etreiris.ch\/de\/"},{"@type":"ListItem","position":2,"name":"PRODUKTPR\u00c4SENTATION","item":"https:\/\/bien-etreiris.ch\/de\/produktpraesentation\/"},{"@type":"ListItem","position":3,"name":"AROMATHERAPIE","item":"https:\/\/bien-etreiris.ch\/de\/produktpraesentation\/aromatherapie\/"},{"@type":"ListItem","position":4,"name":"\u00c4THERISCHE \u00d6LE","item":"https:\/\/bien-etreiris.ch\/de\/produktpraesentation\/aromatherapie\/aetherische-oele\/"},{"@type":"ListItem","position":5,"name":"EUKALYPTUS","item":"https:\/\/bien-etreiris.ch\/de\/produktpraesentation\/aromatherapie\/aetherische-oele\/eukalyptus\/"},{"@type":"ListItem","position":6,"name":"RADIATA"}]},{"@type":"WebSite","@id":"https:\/\/bien-etreiris.ch\/de\/#website","url":"https:\/\/bien-etreiris.ch\/de\/","name":"Bien-\u00eatre Iris","description":"IHRE Gesundheit ist uns wichtig","potentialAction":[{"@type":"SearchAction","target":{"@type":"EntryPoint","urlTemplate":"https:\/\/bien-etreiris.ch\/de\/?s={search_term_string}"},"query-input":{"@type":"PropertyValueSpecification","valueRequired":true,"valueName":"search_term_string"}}],"inLanguage":"de"}]}},"_links":{"self":[{"href":"https:\/\/bien-etreiris.ch\/de\/wp-json\/wp\/v2\/pages\/74428","targetHints":{"allow":["GET"]}}],"collection":[{"href":"https:\/\/bien-etreiris.ch\/de\/wp-json\/wp\/v2\/pages"}],"about":[{"href":"https:\/\/bien-etreiris.ch\/de\/wp-json\/wp\/v2\/types\/page"}],"author":[{"embeddable":true,"href":"https:\/\/bien-etreiris.ch\/de\/wp-json\/wp\/v2\/users\/1"}],"replies":[{"embeddable":true,"href":"https:\/\/bien-etreiris.ch\/de\/wp-json\/wp\/v2\/comments?post=74428"}],"version-history":[{"count":8,"href":"https:\/\/bien-etreiris.ch\/de\/wp-json\/wp\/v2\/pages\/74428\/revisions"}],"predecessor-version":[{"id":79478,"href":"https:\/\/bien-etreiris.ch\/de\/wp-json\/wp\/v2\/pages\/74428\/revisions\/79478"}],"up":[{"embeddable":true,"href":"https:\/\/bien-etreiris.ch\/de\/wp-json\/wp\/v2\/pages\/74421"}],"wp:featuredmedia":[{"embeddable":true,"href":"https:\/\/bien-etreiris.ch\/de\/wp-json\/wp\/v2\/media\/74414"}],"wp:attachment":[{"href":"https:\/\/bien-etreiris.ch\/de\/wp-json\/wp\/v2\/media?parent=74428"}],"curies":[{"name":"wp","href":"https:\/\/api.w.org\/{rel}","templated":true}]}}