{"id":74373,"date":"2023-09-06T23:58:13","date_gmt":"2023-09-06T21:58:13","guid":{"rendered":"https:\/\/bien-etreiris.ch\/terre-de-diatomee\/"},"modified":"2023-09-07T00:12:33","modified_gmt":"2023-09-06T22:12:33","slug":"terre-de-diatomee","status":"publish","type":"page","link":"https:\/\/bien-etreiris.ch\/de\/produktpraesentation\/zoom-die-welt-der-tiere\/einstreu\/terre-de-diatomee\/","title":{"rendered":"TERRE DE DIATOMEE"},"content":{"rendered":"<h2>Terre de diatom\u00e9e<\/h2>\n<p>&nbsp;<\/p>\n<p>&nbsp;<\/p>\n<p>&nbsp;<\/p>\n<p>La terre de diatom\u00e9e est traditionnellement utilis\u00e9e afin d\u2019\u00e9liminer les parasites externes ou internes du cheval. D\u2019origine naturelle, cet \u00e9l\u00e9ment organique est compos\u00e9 de minuscules plantes sources de silice<\/p>\n<p>&nbsp;<\/p>\n<p>&nbsp;<\/p>\n<div id=\"elementor-tab-content-2351\" class=\"elementor-tab-content elementor-clearfix elementor-active\" tabindex=\"0\" role=\"tabpanel\" data-tab=\"1\" aria-labelledby=\"elementor-tab-title-2351\">\n<p>La terre de diatom\u00e9e est extraite de carri\u00e8res naturelles et contient des restes fossilis\u00e9s de micro-algues marines dont la composition caract\u00e9ristique est tr\u00e8s riche en silice.<\/p>\n<p>Cette composition lui conf\u00e8re certaines propri\u00e9t\u00e9s uniques. En effet, la structure de la silice contenue dans la terre de diatom\u00e9e est comparable \u00e0 des microscopiques cristaux qui agissent par dessiccation des parasites.<\/p>\n<p>La richesse en silice de la terre de diatom\u00e9e lui conf\u00e8re \u00e9galement une charge min\u00e9rale puissante utile pour la sant\u00e9 de la robe, des crins et des sabots.<\/p>\n<p>La terre de diatom\u00e9e est traditionnellement utilis\u00e9e en usage externe afin de lutter contre les parasites externes : puces, poux, tiques, acariens \u2026<br \/>\nSelon le respect des conseils d\u2019utilisation, elle peut \u00e9galement \u00eatre recommand\u00e9e en usage interne.<\/p>\n<p>Cette terre de diatom\u00e9e est non calcin\u00e9e et de qualit\u00e9 alimentaire.<\/p>\n<p>&nbsp;<\/p>\n<h4>CONDITIONNEMENT SANS PLASTIQUE EN SAC KRAFT DOUBLE PAROI<\/h4>\n<\/div>\n<div id=\"elementor-tab-content-2353\" class=\"elementor-tab-content elementor-clearfix elementor-active\" tabindex=\"0\" role=\"tabpanel\" data-tab=\"3\" aria-labelledby=\"elementor-tab-title-2353\">\n<p>En usage externe : Faire 1 \u00e0 2 applications par semaine (saupoudrer sur l\u2019ensemble du corps et proc\u00e9der \u00e0 un brossage doux afin de faire p\u00e9n\u00e9trer sous le poil). En pr\u00e9vention en p\u00e9riode d\u2019infestation, proc\u00e9der \u00e0 1 application par semaine.<\/p>\n<p>&nbsp;<\/p>\n<h4>En usage interne :<\/h4>\n<p>Dose \u00e0 ajouter \u00e0 la ration de base d\u2019un cheval adulte (550kg): 50 \u00e0 100gr \/ jour. Si possible, administrer en 2 prises quotidiennes. Faire une cure de 7 jours minimum. Renouveler pendant 3 semaines si besoin.<\/p>\n<p>Peut \u00eatre irritant pour les voies respiratoires : humidifier avant distribution chez l\u2019animal sensible \/ En cas d\u2019utilisation prolong\u00e9e, il est conseill\u00e9 d\u2019utiliser un masque anti-poussi\u00e8re et des gants.<\/p>\n<p>Juments gestantes : sur avis v\u00e9t\u00e9rinaire. N\u2019h\u00e9sitez pas \u00e0 demander l\u2019avis de votre v\u00e9t\u00e9rinaire avant utilisation ou prolongation.<\/p>\n<\/div>\n<div id=\"elementor-tab-content-2352\" class=\"elementor-tab-content elementor-clearfix elementor-active\" tabindex=\"0\" role=\"tabpanel\" data-tab=\"2\" aria-labelledby=\"elementor-tab-title-2352\">\n<p>Aliment sp\u00e9cifique participant \u00e0 l\u2019\u00e9quilibre nutritionnel en compl\u00e9ment de la ration de base.<\/p>\n<p>Constituants analytiques : Silice 83%, calcium 5%, magnesium 0,4%, oxyde de fer 0,4%, perte \u00e0 la dessiccation 10%, autre 1%.<\/p>\n<p>Formul\u00e9 pour les \u00e9quid\u00e9s. Bien refermer apr\u00e8s usage. Conserver dans un endroit frais et sec.<\/p>\n<p>\u00c0 utiliser avant le : voir \u00e9tiquette<\/p>\n<\/div>\n","protected":false},"excerpt":{"rendered":"<p>Terre de diatom\u00e9e &nbsp; &nbsp; &nbsp; La terre de diatom\u00e9e est traditionnellement utilis\u00e9e afin d\u2019\u00e9liminer les parasites externes ou internes du cheval. D\u2019origine naturelle, cet \u00e9l\u00e9ment organique est compos\u00e9 de minuscules plantes sources de silice &nbsp; &nbsp; La terre de diatom\u00e9e est extraite de carri\u00e8res naturelles et contient des restes fossilis\u00e9s de micro-algues marines dont la composition caract\u00e9ristique est tr\u00e8s&nbsp;<a href=\"https:\/\/bien-etreiris.ch\/de\/produktpraesentation\/zoom-die-welt-der-tiere\/einstreu\/terre-de-diatomee\/\" class=\"read-more\">Weiter lesen<\/a><\/p>\n","protected":false},"author":1,"featured_media":74370,"parent":48770,"menu_order":3040,"comment_status":"closed","ping_status":"closed","template":"page-with-child.php","meta":{"_acf_changed":false,"ngg_post_thumbnail":0,"footnotes":""},"class_list":["post-74373","page","type-page","status-publish","has-post-thumbnail","hentry"],"acf":[],"yoast_head":"<!-- This site is optimized with the Yoast SEO plugin v27.5 - https:\/\/yoast.com\/product\/yoast-seo-wordpress\/ -->\n<title>TERRE DE DIATOMEE - WOHLBEFINDEN<\/title>\n<meta name=\"robots\" content=\"index, follow, max-snippet:-1, max-image-preview:large, max-video-preview:-1\" \/>\n<link rel=\"canonical\" href=\"https:\/\/bien-etreiris.ch\/de\/produktpraesentation\/zoom-die-welt-der-tiere\/einstreu\/terre-de-diatomee\/\" \/>\n<meta property=\"og:locale\" content=\"de_DE\" \/>\n<meta property=\"og:type\" content=\"article\" \/>\n<meta property=\"og:title\" content=\"TERRE DE DIATOMEE - WOHLBEFINDEN\" \/>\n<meta property=\"og:description\" content=\"Terre de diatom\u00e9e &nbsp; &nbsp; &nbsp; La terre de diatom\u00e9e est traditionnellement utilis\u00e9e afin d\u2019\u00e9liminer les parasites externes ou internes du cheval. D\u2019origine naturelle, cet \u00e9l\u00e9ment organique est compos\u00e9 de minuscules plantes sources de silice &nbsp; &nbsp; La terre de diatom\u00e9e est extraite de carri\u00e8res naturelles et contient des restes fossilis\u00e9s de micro-algues marines dont la composition caract\u00e9ristique est tr\u00e8s&nbsp;Weiter lesen\" \/>\n<meta property=\"og:url\" content=\"https:\/\/bien-etreiris.ch\/de\/produktpraesentation\/zoom-die-welt-der-tiere\/einstreu\/terre-de-diatomee\/\" \/>\n<meta property=\"og:site_name\" content=\"WOHLBEFINDEN\" \/>\n<meta property=\"article:publisher\" content=\"https:\/\/www.facebook.com\/bienetreiris\/\" \/>\n<meta property=\"article:modified_time\" content=\"2023-09-06T22:12:33+00:00\" \/>\n<meta property=\"og:image\" content=\"https:\/\/bien-etreiris.ch\/wp-content\/uploads\/2023\/09\/acceuil-diatomee.jpg\" \/>\n\t<meta property=\"og:image:width\" content=\"500\" \/>\n\t<meta property=\"og:image:height\" content=\"333\" \/>\n\t<meta property=\"og:image:type\" content=\"image\/jpeg\" \/>\n<script type=\"application\/ld+json\" class=\"yoast-schema-graph\">{\"@context\":\"https:\\\/\\\/schema.org\",\"@graph\":[{\"@type\":\"WebPage\",\"@id\":\"https:\\\/\\\/bien-etreiris.ch\\\/de\\\/produktpraesentation\\\/zoom-die-welt-der-tiere\\\/einstreu\\\/terre-de-diatomee\\\/\",\"url\":\"https:\\\/\\\/bien-etreiris.ch\\\/de\\\/produktpraesentation\\\/zoom-die-welt-der-tiere\\\/einstreu\\\/terre-de-diatomee\\\/\",\"name\":\"TERRE DE DIATOMEE - WOHLBEFINDEN\",\"isPartOf\":{\"@id\":\"https:\\\/\\\/bien-etreiris.ch\\\/de\\\/#website\"},\"primaryImageOfPage\":{\"@id\":\"https:\\\/\\\/bien-etreiris.ch\\\/de\\\/produktpraesentation\\\/zoom-die-welt-der-tiere\\\/einstreu\\\/terre-de-diatomee\\\/#primaryimage\"},\"image\":{\"@id\":\"https:\\\/\\\/bien-etreiris.ch\\\/de\\\/produktpraesentation\\\/zoom-die-welt-der-tiere\\\/einstreu\\\/terre-de-diatomee\\\/#primaryimage\"},\"thumbnailUrl\":\"https:\\\/\\\/bien-etreiris.ch\\\/wp-content\\\/uploads\\\/2023\\\/09\\\/acceuil-diatomee.jpg\",\"datePublished\":\"2023-09-06T21:58:13+00:00\",\"dateModified\":\"2023-09-06T22:12:33+00:00\",\"breadcrumb\":{\"@id\":\"https:\\\/\\\/bien-etreiris.ch\\\/de\\\/produktpraesentation\\\/zoom-die-welt-der-tiere\\\/einstreu\\\/terre-de-diatomee\\\/#breadcrumb\"},\"inLanguage\":\"de\",\"potentialAction\":[{\"@type\":\"ReadAction\",\"target\":[\"https:\\\/\\\/bien-etreiris.ch\\\/de\\\/produktpraesentation\\\/zoom-die-welt-der-tiere\\\/einstreu\\\/terre-de-diatomee\\\/\"]}]},{\"@type\":\"ImageObject\",\"inLanguage\":\"de\",\"@id\":\"https:\\\/\\\/bien-etreiris.ch\\\/de\\\/produktpraesentation\\\/zoom-die-welt-der-tiere\\\/einstreu\\\/terre-de-diatomee\\\/#primaryimage\",\"url\":\"https:\\\/\\\/bien-etreiris.ch\\\/wp-content\\\/uploads\\\/2023\\\/09\\\/acceuil-diatomee.jpg\",\"contentUrl\":\"https:\\\/\\\/bien-etreiris.ch\\\/wp-content\\\/uploads\\\/2023\\\/09\\\/acceuil-diatomee.jpg\",\"width\":500,\"height\":333},{\"@type\":\"BreadcrumbList\",\"@id\":\"https:\\\/\\\/bien-etreiris.ch\\\/de\\\/produktpraesentation\\\/zoom-die-welt-der-tiere\\\/einstreu\\\/terre-de-diatomee\\\/#breadcrumb\",\"itemListElement\":[{\"@type\":\"ListItem\",\"position\":1,\"name\":\"Home\",\"item\":\"https:\\\/\\\/bien-etreiris.ch\\\/de\\\/\"},{\"@type\":\"ListItem\",\"position\":2,\"name\":\"PRODUKTPR\u00c4SENTATION\",\"item\":\"https:\\\/\\\/bien-etreiris.ch\\\/de\\\/produktpraesentation\\\/\"},{\"@type\":\"ListItem\",\"position\":3,\"name\":\"ZOOM \u2013 DIE WELT DER TIERE\",\"item\":\"https:\\\/\\\/bien-etreiris.ch\\\/de\\\/produktpraesentation\\\/zoom-die-welt-der-tiere\\\/\"},{\"@type\":\"ListItem\",\"position\":4,\"name\":\"EINSTREU\",\"item\":\"https:\\\/\\\/bien-etreiris.ch\\\/de\\\/produktpraesentation\\\/zoom-die-welt-der-tiere\\\/einstreu\\\/\"},{\"@type\":\"ListItem\",\"position\":5,\"name\":\"TERRE DE DIATOMEE\"}]},{\"@type\":\"WebSite\",\"@id\":\"https:\\\/\\\/bien-etreiris.ch\\\/de\\\/#website\",\"url\":\"https:\\\/\\\/bien-etreiris.ch\\\/de\\\/\",\"name\":\"Bien-\u00eatre Iris\",\"description\":\"IHRE Gesundheit ist uns wichtig\",\"potentialAction\":[{\"@type\":\"SearchAction\",\"target\":{\"@type\":\"EntryPoint\",\"urlTemplate\":\"https:\\\/\\\/bien-etreiris.ch\\\/de\\\/?s={search_term_string}\"},\"query-input\":{\"@type\":\"PropertyValueSpecification\",\"valueRequired\":true,\"valueName\":\"search_term_string\"}}],\"inLanguage\":\"de\"}]}<\/script>\n<!-- \/ Yoast SEO plugin. -->","yoast_head_json":{"title":"TERRE DE DIATOMEE - WOHLBEFINDEN","robots":{"index":"index","follow":"follow","max-snippet":"max-snippet:-1","max-image-preview":"max-image-preview:large","max-video-preview":"max-video-preview:-1"},"canonical":"https:\/\/bien-etreiris.ch\/de\/produktpraesentation\/zoom-die-welt-der-tiere\/einstreu\/terre-de-diatomee\/","og_locale":"de_DE","og_type":"article","og_title":"TERRE DE DIATOMEE - WOHLBEFINDEN","og_description":"Terre de diatom\u00e9e &nbsp; &nbsp; &nbsp; La terre de diatom\u00e9e est traditionnellement utilis\u00e9e afin d\u2019\u00e9liminer les parasites externes ou internes du cheval. D\u2019origine naturelle, cet \u00e9l\u00e9ment organique est compos\u00e9 de minuscules plantes sources de silice &nbsp; &nbsp; La terre de diatom\u00e9e est extraite de carri\u00e8res naturelles et contient des restes fossilis\u00e9s de micro-algues marines dont la composition caract\u00e9ristique est tr\u00e8s&nbsp;Weiter lesen","og_url":"https:\/\/bien-etreiris.ch\/de\/produktpraesentation\/zoom-die-welt-der-tiere\/einstreu\/terre-de-diatomee\/","og_site_name":"WOHLBEFINDEN","article_publisher":"https:\/\/www.facebook.com\/bienetreiris\/","article_modified_time":"2023-09-06T22:12:33+00:00","og_image":[{"width":500,"height":333,"url":"https:\/\/bien-etreiris.ch\/wp-content\/uploads\/2023\/09\/acceuil-diatomee.jpg","type":"image\/jpeg"}],"schema":{"@context":"https:\/\/schema.org","@graph":[{"@type":"WebPage","@id":"https:\/\/bien-etreiris.ch\/de\/produktpraesentation\/zoom-die-welt-der-tiere\/einstreu\/terre-de-diatomee\/","url":"https:\/\/bien-etreiris.ch\/de\/produktpraesentation\/zoom-die-welt-der-tiere\/einstreu\/terre-de-diatomee\/","name":"TERRE DE DIATOMEE - WOHLBEFINDEN","isPartOf":{"@id":"https:\/\/bien-etreiris.ch\/de\/#website"},"primaryImageOfPage":{"@id":"https:\/\/bien-etreiris.ch\/de\/produktpraesentation\/zoom-die-welt-der-tiere\/einstreu\/terre-de-diatomee\/#primaryimage"},"image":{"@id":"https:\/\/bien-etreiris.ch\/de\/produktpraesentation\/zoom-die-welt-der-tiere\/einstreu\/terre-de-diatomee\/#primaryimage"},"thumbnailUrl":"https:\/\/bien-etreiris.ch\/wp-content\/uploads\/2023\/09\/acceuil-diatomee.jpg","datePublished":"2023-09-06T21:58:13+00:00","dateModified":"2023-09-06T22:12:33+00:00","breadcrumb":{"@id":"https:\/\/bien-etreiris.ch\/de\/produktpraesentation\/zoom-die-welt-der-tiere\/einstreu\/terre-de-diatomee\/#breadcrumb"},"inLanguage":"de","potentialAction":[{"@type":"ReadAction","target":["https:\/\/bien-etreiris.ch\/de\/produktpraesentation\/zoom-die-welt-der-tiere\/einstreu\/terre-de-diatomee\/"]}]},{"@type":"ImageObject","inLanguage":"de","@id":"https:\/\/bien-etreiris.ch\/de\/produktpraesentation\/zoom-die-welt-der-tiere\/einstreu\/terre-de-diatomee\/#primaryimage","url":"https:\/\/bien-etreiris.ch\/wp-content\/uploads\/2023\/09\/acceuil-diatomee.jpg","contentUrl":"https:\/\/bien-etreiris.ch\/wp-content\/uploads\/2023\/09\/acceuil-diatomee.jpg","width":500,"height":333},{"@type":"BreadcrumbList","@id":"https:\/\/bien-etreiris.ch\/de\/produktpraesentation\/zoom-die-welt-der-tiere\/einstreu\/terre-de-diatomee\/#breadcrumb","itemListElement":[{"@type":"ListItem","position":1,"name":"Home","item":"https:\/\/bien-etreiris.ch\/de\/"},{"@type":"ListItem","position":2,"name":"PRODUKTPR\u00c4SENTATION","item":"https:\/\/bien-etreiris.ch\/de\/produktpraesentation\/"},{"@type":"ListItem","position":3,"name":"ZOOM \u2013 DIE WELT DER TIERE","item":"https:\/\/bien-etreiris.ch\/de\/produktpraesentation\/zoom-die-welt-der-tiere\/"},{"@type":"ListItem","position":4,"name":"EINSTREU","item":"https:\/\/bien-etreiris.ch\/de\/produktpraesentation\/zoom-die-welt-der-tiere\/einstreu\/"},{"@type":"ListItem","position":5,"name":"TERRE DE DIATOMEE"}]},{"@type":"WebSite","@id":"https:\/\/bien-etreiris.ch\/de\/#website","url":"https:\/\/bien-etreiris.ch\/de\/","name":"Bien-\u00eatre Iris","description":"IHRE Gesundheit ist uns wichtig","potentialAction":[{"@type":"SearchAction","target":{"@type":"EntryPoint","urlTemplate":"https:\/\/bien-etreiris.ch\/de\/?s={search_term_string}"},"query-input":{"@type":"PropertyValueSpecification","valueRequired":true,"valueName":"search_term_string"}}],"inLanguage":"de"}]}},"_links":{"self":[{"href":"https:\/\/bien-etreiris.ch\/de\/wp-json\/wp\/v2\/pages\/74373","targetHints":{"allow":["GET"]}}],"collection":[{"href":"https:\/\/bien-etreiris.ch\/de\/wp-json\/wp\/v2\/pages"}],"about":[{"href":"https:\/\/bien-etreiris.ch\/de\/wp-json\/wp\/v2\/types\/page"}],"author":[{"embeddable":true,"href":"https:\/\/bien-etreiris.ch\/de\/wp-json\/wp\/v2\/users\/1"}],"replies":[{"embeddable":true,"href":"https:\/\/bien-etreiris.ch\/de\/wp-json\/wp\/v2\/comments?post=74373"}],"version-history":[{"count":2,"href":"https:\/\/bien-etreiris.ch\/de\/wp-json\/wp\/v2\/pages\/74373\/revisions"}],"predecessor-version":[{"id":74379,"href":"https:\/\/bien-etreiris.ch\/de\/wp-json\/wp\/v2\/pages\/74373\/revisions\/74379"}],"up":[{"embeddable":true,"href":"https:\/\/bien-etreiris.ch\/de\/wp-json\/wp\/v2\/pages\/48770"}],"wp:featuredmedia":[{"embeddable":true,"href":"https:\/\/bien-etreiris.ch\/de\/wp-json\/wp\/v2\/media\/74370"}],"wp:attachment":[{"href":"https:\/\/bien-etreiris.ch\/de\/wp-json\/wp\/v2\/media?parent=74373"}],"curies":[{"name":"wp","href":"https:\/\/api.w.org\/{rel}","templated":true}]}}