{"id":74348,"date":"2023-09-05T19:39:17","date_gmt":"2023-09-05T17:39:17","guid":{"rendered":"https:\/\/bien-etreiris.ch\/produktpraesentation\/zoom-die-welt-der-tiere\/nutrition-animale\/chevaux\/tourteau-de-lin\/"},"modified":"2023-09-05T19:51:02","modified_gmt":"2023-09-05T17:51:02","slug":"tourteau-de-lin","status":"publish","type":"page","link":"https:\/\/bien-etreiris.ch\/de\/produktpraesentation\/zoom-die-welt-der-tiere\/nutrition-animale\/aliments-sec\/chevaux\/tourteau-de-lin\/","title":{"rendered":"TOURTEAU DE LIN"},"content":{"rendered":"<h2>Tourteau de lin bio Vita pour chevaux<\/h2>\n<p><a href=\"https:\/\/bien-etreiris.ch\/presentations-des-produits\/zoom-sur-les-animaux\/nutrition-animale\/cheveaux\/tourteau-de-lin\/\" rel=\"attachment wp-att-74328\"><img loading=\"lazy\" decoding=\"async\" class=\"wp-image-74328 alignleft\" src=\"https:\/\/bien-etreiris.ch\/wp-content\/uploads\/2023\/09\/Tourteau-de-lin-scaled.jpg\" alt=\"\" width=\"312\" height=\"514\" srcset=\"https:\/\/bien-etreiris.ch\/wp-content\/uploads\/2023\/09\/Tourteau-de-lin-scaled.jpg 1554w, https:\/\/bien-etreiris.ch\/wp-content\/uploads\/2023\/09\/Tourteau-de-lin-182x300.jpg 182w, https:\/\/bien-etreiris.ch\/wp-content\/uploads\/2023\/09\/Tourteau-de-lin-622x1024.jpg 622w, https:\/\/bien-etreiris.ch\/wp-content\/uploads\/2023\/09\/Tourteau-de-lin-768x1265.jpg 768w, https:\/\/bien-etreiris.ch\/wp-content\/uploads\/2023\/09\/Tourteau-de-lin-932x1536.jpg 932w, https:\/\/bien-etreiris.ch\/wp-content\/uploads\/2023\/09\/Tourteau-de-lin-1243x2048.jpg 1243w\" sizes=\"auto, (max-width: 312px) 100vw, 312px\" \/><\/a><\/p>\n<p>&nbsp;<\/p>\n<p>&nbsp;<\/p>\n<p>&nbsp;<\/p>\n<p>&nbsp;<\/p>\n<p>&nbsp;<\/p>\n<p>&nbsp;<\/p>\n<p>&nbsp;<\/p>\n<p>&nbsp;<\/p>\n<p>&nbsp;<\/p>\n<p>&nbsp;<\/p>\n<p>1 kg&nbsp;&nbsp; <strong>CHF&nbsp; 6.10<\/strong><\/p>\n<p>2.5 kg <strong>CHF 11.45<\/strong><\/p>\n<p>5 kg <strong>CHF 17.90<\/strong><\/p>\n<p>&nbsp;<\/p>\n<p>&nbsp;<\/p>\n<p>&nbsp;<\/p>\n<p><a href=\"https:\/\/bien-etreiris.ch\/presentations-des-produits\/zoom-sur-les-animaux\/nutrition-animale\/cheveaux\/tourteau-de-lin-fr-5-kg\/\" rel=\"attachment wp-att-74331\"><img loading=\"lazy\" decoding=\"async\" class=\"wp-image-74331 alignleft\" src=\"https:\/\/bien-etreiris.ch\/wp-content\/uploads\/2023\/09\/Tourteau-de-lin-FR-5-kg.jpg\" alt=\"\" width=\"275\" height=\"519\" srcset=\"https:\/\/bien-etreiris.ch\/wp-content\/uploads\/2023\/09\/Tourteau-de-lin-FR-5-kg.jpg 801w, https:\/\/bien-etreiris.ch\/wp-content\/uploads\/2023\/09\/Tourteau-de-lin-FR-5-kg-159x300.jpg 159w, https:\/\/bien-etreiris.ch\/wp-content\/uploads\/2023\/09\/Tourteau-de-lin-FR-5-kg-542x1024.jpg 542w, https:\/\/bien-etreiris.ch\/wp-content\/uploads\/2023\/09\/Tourteau-de-lin-FR-5-kg-768x1451.jpg 768w\" sizes=\"auto, (max-width: 275px) 100vw, 275px\" \/><\/a><\/p>\n<h4>&nbsp;<\/h4>\n<h4>&nbsp;<\/h4>\n<h4>&nbsp;<\/h4>\n<h4>&nbsp;<\/h4>\n<h4>&nbsp;<\/h4>\n<h4>&nbsp;<\/h4>\n<h4>&nbsp;<\/h4>\n<h4>&nbsp;<\/h4>\n<h4>&nbsp;<\/h4>\n<h4>&nbsp;<\/h4>\n<h4>&nbsp;<\/h4>\n<h4>&nbsp;<\/h4>\n<h4>&nbsp;<\/h4>\n<p>&nbsp;<\/p>\n<h4>&nbsp;<\/h4>\n<h4>Description<\/h4>\n<p>Tourteau de lin bio Vita pour chevaux<\/p>\n<p>Notre tourteau de lin bio est obtenu \u00e0 partir de graines de lin bio de qualit\u00e9 sup\u00e9rieure. Gr\u00e2ce au proc\u00e9d\u00e9 de fabrication particuli\u00e8rement doux, press\u00e9 \u00e0 froid, il est possible d'offrir un aliment tr\u00e8s pr\u00e9cieux aux chevaux.<br \/>\nLe tourteau de lin est riche en mucilages et en substances gonflantes qui peuvent r\u00e9guler la digestion du cheval de mani\u00e8re naturelle. En outre, il contient de nombreux autres ingr\u00e9dients de qualit\u00e9. Il convient de mentionner en particulier les prot\u00e9ines de haute qualit\u00e9 et les acides gras essentiels (surtout l'acide a-linol\u00e9nique), qui peuvent avoir un effet positif sur le m\u00e9tabolisme de la peau des chevaux.<\/p>\n<p>&nbsp;<\/p>\n<p>&nbsp;<\/p>\n<p>&nbsp;<\/p>\n<p>&nbsp;<\/p>\n<p>&nbsp;<\/p>\n<h4>Constituants analytiques :<\/h4>\n<table style=\"width: 34.881%;\" border=\"1\" width=\"293\" cellspacing=\"2\" cellpadding=\"2\">\n<tbody>\n<tr>\n<td style=\"width: 46.6131%;\" valign=\"top\">Prot\u00e9ines brutes :<\/td>\n<td style=\"width: 3.41297%;\" valign=\"top\">35,9%<\/td>\n<\/tr>\n<tr>\n<td style=\"width: 46.6131%;\" valign=\"top\">Fibres brutes :<\/td>\n<td style=\"width: 3.41297%;\" valign=\"top\">7,8%<\/td>\n<\/tr>\n<tr>\n<td style=\"width: 46.6131%;\" valign=\"top\">Mati\u00e8res grasses brutes :<\/td>\n<td style=\"width: 3.41297%;\" valign=\"top\">13,3%<\/td>\n<\/tr>\n<tr>\n<td style=\"width: 46.6131%;\" valign=\"top\">Cendres brutes :<\/td>\n<td style=\"width: 3.41297%;\" valign=\"top\">4,4%<\/td>\n<\/tr>\n<\/tbody>\n<\/table>\n<p>&nbsp;<\/p>\n<h4>Recommandation d'alimentation par jour :<\/h4>\n<table style=\"width: 39.7619%;\" border=\"1\" width=\"293\" cellspacing=\"2\" cellpadding=\"2\">\n<tbody>\n<tr>\n<td style=\"width: 56.7293%;\" valign=\"top\">Grands chevaux (env. 600kg) :<\/td>\n<td style=\"width: 2.99401%;\" valign=\"top\">100-150g<\/td>\n<\/tr>\n<tr>\n<td style=\"width: 56.7293%;\" valign=\"top\">Petits chevaux &amp; poneys :<\/td>\n<td style=\"width: 2.99401%;\" valign=\"top\">50-100g<\/td>\n<\/tr>\n<\/tbody>\n<\/table>\n<p>1 mesure correspond \u00e0 environ 15g<\/p>\n<h4>Informations suppl\u00e9mentaires :<\/h4>\n<p>Veuillez noter qu'il ne contient pas d'antiagglom\u00e9rants, d'additifs ni d'anti-agglom\u00e9rants.<\/p>\n<p>&nbsp;<\/p>\n<p>&nbsp;<\/p>\n<p>&nbsp;<\/p>\n","protected":false},"excerpt":{"rendered":"<p>Tourteau de lin bio Vita pour chevaux &nbsp; &nbsp; &nbsp; &nbsp; &nbsp; &nbsp; &nbsp; &nbsp; &nbsp; &nbsp; 1 kg&nbsp;&nbsp; CHF&nbsp; 6.10 2.5 kg CHF 11.45 5 kg CHF 17.90 &nbsp; &nbsp; &nbsp; &nbsp; &nbsp; &nbsp; &nbsp; &nbsp; &nbsp; &nbsp; &nbsp; &nbsp; &nbsp; &nbsp; &nbsp; &nbsp; &nbsp; &nbsp; Description Tourteau de lin bio Vita pour chevaux Notre tourteau de lin bio&nbsp;<a href=\"https:\/\/bien-etreiris.ch\/de\/produktpraesentation\/zoom-die-welt-der-tiere\/nutrition-animale\/aliments-sec\/chevaux\/tourteau-de-lin\/\" class=\"read-more\">Weiter lesen<\/a><\/p>\n","protected":false},"author":1,"featured_media":74345,"parent":74336,"menu_order":3045,"comment_status":"closed","ping_status":"closed","template":"page-with-child.php","meta":{"_acf_changed":false,"ngg_post_thumbnail":0,"footnotes":""},"class_list":["post-74348","page","type-page","status-publish","has-post-thumbnail","hentry"],"acf":[],"yoast_head":"<!-- This site is optimized with the Yoast SEO plugin v27.5 - https:\/\/yoast.com\/product\/yoast-seo-wordpress\/ -->\n<title>TOURTEAU DE LIN - WOHLBEFINDEN<\/title>\n<meta name=\"robots\" content=\"index, follow, max-snippet:-1, max-image-preview:large, max-video-preview:-1\" \/>\n<link rel=\"canonical\" href=\"https:\/\/bien-etreiris.ch\/de\/produktpraesentation\/zoom-die-welt-der-tiere\/nutrition-animale\/aliments-sec\/chevaux\/tourteau-de-lin\/\" \/>\n<meta property=\"og:locale\" content=\"de_DE\" \/>\n<meta property=\"og:type\" content=\"article\" \/>\n<meta property=\"og:title\" content=\"TOURTEAU DE LIN - WOHLBEFINDEN\" \/>\n<meta property=\"og:description\" content=\"Tourteau de lin bio Vita pour chevaux &nbsp; &nbsp; &nbsp; &nbsp; &nbsp; &nbsp; &nbsp; &nbsp; &nbsp; &nbsp; 1 kg&nbsp;&nbsp; CHF&nbsp; 6.10 2.5 kg CHF 11.45 5 kg CHF 17.90 &nbsp; &nbsp; &nbsp; &nbsp; &nbsp; &nbsp; &nbsp; &nbsp; &nbsp; &nbsp; &nbsp; &nbsp; &nbsp; &nbsp; &nbsp; &nbsp; &nbsp; &nbsp; Description Tourteau de lin bio Vita pour chevaux Notre tourteau de lin bio&nbsp;Weiter lesen\" \/>\n<meta property=\"og:url\" content=\"https:\/\/bien-etreiris.ch\/de\/produktpraesentation\/zoom-die-welt-der-tiere\/nutrition-animale\/aliments-sec\/chevaux\/tourteau-de-lin\/\" \/>\n<meta property=\"og:site_name\" content=\"WOHLBEFINDEN\" \/>\n<meta property=\"article:publisher\" content=\"https:\/\/www.facebook.com\/bienetreiris\/\" \/>\n<meta property=\"article:modified_time\" content=\"2023-09-05T17:51:02+00:00\" \/>\n<meta property=\"og:image\" content=\"https:\/\/bien-etreiris.ch\/wp-content\/uploads\/2023\/09\/acceuil-tourteau-de-lin.jpg\" \/>\n\t<meta property=\"og:image:width\" content=\"500\" \/>\n\t<meta property=\"og:image:height\" content=\"333\" \/>\n\t<meta property=\"og:image:type\" content=\"image\/jpeg\" \/>\n<meta name=\"twitter:label1\" content=\"Gesch\u00e4tzte Lesezeit\" \/>\n\t<meta name=\"twitter:data1\" content=\"2\u00a0Minuten\" \/>\n<script type=\"application\/ld+json\" class=\"yoast-schema-graph\">{\"@context\":\"https:\\\/\\\/schema.org\",\"@graph\":[{\"@type\":\"WebPage\",\"@id\":\"https:\\\/\\\/bien-etreiris.ch\\\/de\\\/produktpraesentation\\\/zoom-die-welt-der-tiere\\\/nutrition-animale\\\/aliments-sec\\\/chevaux\\\/tourteau-de-lin\\\/\",\"url\":\"https:\\\/\\\/bien-etreiris.ch\\\/de\\\/produktpraesentation\\\/zoom-die-welt-der-tiere\\\/nutrition-animale\\\/aliments-sec\\\/chevaux\\\/tourteau-de-lin\\\/\",\"name\":\"TOURTEAU DE LIN - WOHLBEFINDEN\",\"isPartOf\":{\"@id\":\"https:\\\/\\\/bien-etreiris.ch\\\/de\\\/#website\"},\"primaryImageOfPage\":{\"@id\":\"https:\\\/\\\/bien-etreiris.ch\\\/de\\\/produktpraesentation\\\/zoom-die-welt-der-tiere\\\/nutrition-animale\\\/aliments-sec\\\/chevaux\\\/tourteau-de-lin\\\/#primaryimage\"},\"image\":{\"@id\":\"https:\\\/\\\/bien-etreiris.ch\\\/de\\\/produktpraesentation\\\/zoom-die-welt-der-tiere\\\/nutrition-animale\\\/aliments-sec\\\/chevaux\\\/tourteau-de-lin\\\/#primaryimage\"},\"thumbnailUrl\":\"https:\\\/\\\/bien-etreiris.ch\\\/wp-content\\\/uploads\\\/2023\\\/09\\\/acceuil-tourteau-de-lin.jpg\",\"datePublished\":\"2023-09-05T17:39:17+00:00\",\"dateModified\":\"2023-09-05T17:51:02+00:00\",\"breadcrumb\":{\"@id\":\"https:\\\/\\\/bien-etreiris.ch\\\/de\\\/produktpraesentation\\\/zoom-die-welt-der-tiere\\\/nutrition-animale\\\/aliments-sec\\\/chevaux\\\/tourteau-de-lin\\\/#breadcrumb\"},\"inLanguage\":\"de\",\"potentialAction\":[{\"@type\":\"ReadAction\",\"target\":[\"https:\\\/\\\/bien-etreiris.ch\\\/de\\\/produktpraesentation\\\/zoom-die-welt-der-tiere\\\/nutrition-animale\\\/aliments-sec\\\/chevaux\\\/tourteau-de-lin\\\/\"]}]},{\"@type\":\"ImageObject\",\"inLanguage\":\"de\",\"@id\":\"https:\\\/\\\/bien-etreiris.ch\\\/de\\\/produktpraesentation\\\/zoom-die-welt-der-tiere\\\/nutrition-animale\\\/aliments-sec\\\/chevaux\\\/tourteau-de-lin\\\/#primaryimage\",\"url\":\"https:\\\/\\\/bien-etreiris.ch\\\/wp-content\\\/uploads\\\/2023\\\/09\\\/acceuil-tourteau-de-lin.jpg\",\"contentUrl\":\"https:\\\/\\\/bien-etreiris.ch\\\/wp-content\\\/uploads\\\/2023\\\/09\\\/acceuil-tourteau-de-lin.jpg\",\"width\":500,\"height\":333},{\"@type\":\"BreadcrumbList\",\"@id\":\"https:\\\/\\\/bien-etreiris.ch\\\/de\\\/produktpraesentation\\\/zoom-die-welt-der-tiere\\\/nutrition-animale\\\/aliments-sec\\\/chevaux\\\/tourteau-de-lin\\\/#breadcrumb\",\"itemListElement\":[{\"@type\":\"ListItem\",\"position\":1,\"name\":\"Home\",\"item\":\"https:\\\/\\\/bien-etreiris.ch\\\/de\\\/\"},{\"@type\":\"ListItem\",\"position\":2,\"name\":\"PRODUKTPR\u00c4SENTATION\",\"item\":\"https:\\\/\\\/bien-etreiris.ch\\\/de\\\/produktpraesentation\\\/\"},{\"@type\":\"ListItem\",\"position\":3,\"name\":\"ZOOM \u2013 DIE WELT DER TIERE\",\"item\":\"https:\\\/\\\/bien-etreiris.ch\\\/de\\\/produktpraesentation\\\/zoom-die-welt-der-tiere\\\/\"},{\"@type\":\"ListItem\",\"position\":4,\"name\":\"TIERERN\u00c4HRUNG\",\"item\":\"https:\\\/\\\/bien-etreiris.ch\\\/de\\\/produktpraesentation\\\/zoom-die-welt-der-tiere\\\/nutrition-animale\\\/\"},{\"@type\":\"ListItem\",\"position\":5,\"name\":\"ALIMENTS SEC\",\"item\":\"https:\\\/\\\/bien-etreiris.ch\\\/de\\\/produktpraesentation\\\/zoom-die-welt-der-tiere\\\/nutrition-animale\\\/aliments-sec\\\/\"},{\"@type\":\"ListItem\",\"position\":6,\"name\":\"CHEVAUX\",\"item\":\"https:\\\/\\\/bien-etreiris.ch\\\/de\\\/produktpraesentation\\\/zoom-die-welt-der-tiere\\\/nutrition-animale\\\/aliments-sec\\\/chevaux\\\/\"},{\"@type\":\"ListItem\",\"position\":7,\"name\":\"TOURTEAU DE LIN\"}]},{\"@type\":\"WebSite\",\"@id\":\"https:\\\/\\\/bien-etreiris.ch\\\/de\\\/#website\",\"url\":\"https:\\\/\\\/bien-etreiris.ch\\\/de\\\/\",\"name\":\"Bien-\u00eatre Iris\",\"description\":\"IHRE Gesundheit ist uns wichtig\",\"potentialAction\":[{\"@type\":\"SearchAction\",\"target\":{\"@type\":\"EntryPoint\",\"urlTemplate\":\"https:\\\/\\\/bien-etreiris.ch\\\/de\\\/?s={search_term_string}\"},\"query-input\":{\"@type\":\"PropertyValueSpecification\",\"valueRequired\":true,\"valueName\":\"search_term_string\"}}],\"inLanguage\":\"de\"}]}<\/script>\n<!-- \/ Yoast SEO plugin. -->","yoast_head_json":{"title":"TOURTEAU DE LIN - WOHLBEFINDEN","robots":{"index":"index","follow":"follow","max-snippet":"max-snippet:-1","max-image-preview":"max-image-preview:large","max-video-preview":"max-video-preview:-1"},"canonical":"https:\/\/bien-etreiris.ch\/de\/produktpraesentation\/zoom-die-welt-der-tiere\/nutrition-animale\/aliments-sec\/chevaux\/tourteau-de-lin\/","og_locale":"de_DE","og_type":"article","og_title":"TOURTEAU DE LIN - WOHLBEFINDEN","og_description":"Tourteau de lin bio Vita pour chevaux &nbsp; &nbsp; &nbsp; &nbsp; &nbsp; &nbsp; &nbsp; &nbsp; &nbsp; &nbsp; 1 kg&nbsp;&nbsp; CHF&nbsp; 6.10 2.5 kg CHF 11.45 5 kg CHF 17.90 &nbsp; &nbsp; &nbsp; &nbsp; &nbsp; &nbsp; &nbsp; &nbsp; &nbsp; &nbsp; &nbsp; &nbsp; &nbsp; &nbsp; &nbsp; &nbsp; &nbsp; &nbsp; Description Tourteau de lin bio Vita pour chevaux Notre tourteau de lin bio&nbsp;Weiter lesen","og_url":"https:\/\/bien-etreiris.ch\/de\/produktpraesentation\/zoom-die-welt-der-tiere\/nutrition-animale\/aliments-sec\/chevaux\/tourteau-de-lin\/","og_site_name":"WOHLBEFINDEN","article_publisher":"https:\/\/www.facebook.com\/bienetreiris\/","article_modified_time":"2023-09-05T17:51:02+00:00","og_image":[{"width":500,"height":333,"url":"https:\/\/bien-etreiris.ch\/wp-content\/uploads\/2023\/09\/acceuil-tourteau-de-lin.jpg","type":"image\/jpeg"}],"twitter_misc":{"Gesch\u00e4tzte Lesezeit":"2\u00a0Minuten"},"schema":{"@context":"https:\/\/schema.org","@graph":[{"@type":"WebPage","@id":"https:\/\/bien-etreiris.ch\/de\/produktpraesentation\/zoom-die-welt-der-tiere\/nutrition-animale\/aliments-sec\/chevaux\/tourteau-de-lin\/","url":"https:\/\/bien-etreiris.ch\/de\/produktpraesentation\/zoom-die-welt-der-tiere\/nutrition-animale\/aliments-sec\/chevaux\/tourteau-de-lin\/","name":"TOURTEAU DE LIN - WOHLBEFINDEN","isPartOf":{"@id":"https:\/\/bien-etreiris.ch\/de\/#website"},"primaryImageOfPage":{"@id":"https:\/\/bien-etreiris.ch\/de\/produktpraesentation\/zoom-die-welt-der-tiere\/nutrition-animale\/aliments-sec\/chevaux\/tourteau-de-lin\/#primaryimage"},"image":{"@id":"https:\/\/bien-etreiris.ch\/de\/produktpraesentation\/zoom-die-welt-der-tiere\/nutrition-animale\/aliments-sec\/chevaux\/tourteau-de-lin\/#primaryimage"},"thumbnailUrl":"https:\/\/bien-etreiris.ch\/wp-content\/uploads\/2023\/09\/acceuil-tourteau-de-lin.jpg","datePublished":"2023-09-05T17:39:17+00:00","dateModified":"2023-09-05T17:51:02+00:00","breadcrumb":{"@id":"https:\/\/bien-etreiris.ch\/de\/produktpraesentation\/zoom-die-welt-der-tiere\/nutrition-animale\/aliments-sec\/chevaux\/tourteau-de-lin\/#breadcrumb"},"inLanguage":"de","potentialAction":[{"@type":"ReadAction","target":["https:\/\/bien-etreiris.ch\/de\/produktpraesentation\/zoom-die-welt-der-tiere\/nutrition-animale\/aliments-sec\/chevaux\/tourteau-de-lin\/"]}]},{"@type":"ImageObject","inLanguage":"de","@id":"https:\/\/bien-etreiris.ch\/de\/produktpraesentation\/zoom-die-welt-der-tiere\/nutrition-animale\/aliments-sec\/chevaux\/tourteau-de-lin\/#primaryimage","url":"https:\/\/bien-etreiris.ch\/wp-content\/uploads\/2023\/09\/acceuil-tourteau-de-lin.jpg","contentUrl":"https:\/\/bien-etreiris.ch\/wp-content\/uploads\/2023\/09\/acceuil-tourteau-de-lin.jpg","width":500,"height":333},{"@type":"BreadcrumbList","@id":"https:\/\/bien-etreiris.ch\/de\/produktpraesentation\/zoom-die-welt-der-tiere\/nutrition-animale\/aliments-sec\/chevaux\/tourteau-de-lin\/#breadcrumb","itemListElement":[{"@type":"ListItem","position":1,"name":"Home","item":"https:\/\/bien-etreiris.ch\/de\/"},{"@type":"ListItem","position":2,"name":"PRODUKTPR\u00c4SENTATION","item":"https:\/\/bien-etreiris.ch\/de\/produktpraesentation\/"},{"@type":"ListItem","position":3,"name":"ZOOM \u2013 DIE WELT DER TIERE","item":"https:\/\/bien-etreiris.ch\/de\/produktpraesentation\/zoom-die-welt-der-tiere\/"},{"@type":"ListItem","position":4,"name":"TIERERN\u00c4HRUNG","item":"https:\/\/bien-etreiris.ch\/de\/produktpraesentation\/zoom-die-welt-der-tiere\/nutrition-animale\/"},{"@type":"ListItem","position":5,"name":"ALIMENTS SEC","item":"https:\/\/bien-etreiris.ch\/de\/produktpraesentation\/zoom-die-welt-der-tiere\/nutrition-animale\/aliments-sec\/"},{"@type":"ListItem","position":6,"name":"CHEVAUX","item":"https:\/\/bien-etreiris.ch\/de\/produktpraesentation\/zoom-die-welt-der-tiere\/nutrition-animale\/aliments-sec\/chevaux\/"},{"@type":"ListItem","position":7,"name":"TOURTEAU DE LIN"}]},{"@type":"WebSite","@id":"https:\/\/bien-etreiris.ch\/de\/#website","url":"https:\/\/bien-etreiris.ch\/de\/","name":"Bien-\u00eatre Iris","description":"IHRE Gesundheit ist uns wichtig","potentialAction":[{"@type":"SearchAction","target":{"@type":"EntryPoint","urlTemplate":"https:\/\/bien-etreiris.ch\/de\/?s={search_term_string}"},"query-input":{"@type":"PropertyValueSpecification","valueRequired":true,"valueName":"search_term_string"}}],"inLanguage":"de"}]}},"_links":{"self":[{"href":"https:\/\/bien-etreiris.ch\/de\/wp-json\/wp\/v2\/pages\/74348","targetHints":{"allow":["GET"]}}],"collection":[{"href":"https:\/\/bien-etreiris.ch\/de\/wp-json\/wp\/v2\/pages"}],"about":[{"href":"https:\/\/bien-etreiris.ch\/de\/wp-json\/wp\/v2\/types\/page"}],"author":[{"embeddable":true,"href":"https:\/\/bien-etreiris.ch\/de\/wp-json\/wp\/v2\/users\/1"}],"replies":[{"embeddable":true,"href":"https:\/\/bien-etreiris.ch\/de\/wp-json\/wp\/v2\/comments?post=74348"}],"version-history":[{"count":4,"href":"https:\/\/bien-etreiris.ch\/de\/wp-json\/wp\/v2\/pages\/74348\/revisions"}],"predecessor-version":[{"id":74362,"href":"https:\/\/bien-etreiris.ch\/de\/wp-json\/wp\/v2\/pages\/74348\/revisions\/74362"}],"up":[{"embeddable":true,"href":"https:\/\/bien-etreiris.ch\/de\/wp-json\/wp\/v2\/pages\/74336"}],"wp:featuredmedia":[{"embeddable":true,"href":"https:\/\/bien-etreiris.ch\/de\/wp-json\/wp\/v2\/media\/74345"}],"wp:attachment":[{"href":"https:\/\/bien-etreiris.ch\/de\/wp-json\/wp\/v2\/media?parent=74348"}],"curies":[{"name":"wp","href":"https:\/\/api.w.org\/{rel}","templated":true}]}}