{"id":74315,"date":"2023-09-05T15:27:52","date_gmt":"2023-09-05T13:27:52","guid":{"rendered":"https:\/\/bien-etreiris.ch\/produktpraesentation\/zoom-sur-le-jardin\/parasites\/"},"modified":"2024-11-04T12:06:12","modified_gmt":"2024-11-04T10:06:12","slug":"eloigner-les-nuisibles","status":"publish","type":"page","link":"https:\/\/bien-etreiris.ch\/de\/produktpraesentation\/zoom-sur-le-jardin\/eloigner-les-nuisibles\/","title":{"rendered":"ELOIGNER LES NUISIBLES"},"content":{"rendered":"\n<h2><strong>Eloigner les nuisibles <\/strong><\/h2>\n<p>&nbsp;<\/p>\n<p><a href=\"https:\/\/bien-etreiris.ch\/presentations-des-produits\/zoom-sur-le-jardin\/parasites\/repulsif-a-limances-2\/\" rel=\"attachment wp-att-74311\"><img loading=\"lazy\" decoding=\"async\" class=\"alignnone wp-image-74319 size-full\" src=\"https:\/\/bien-etreiris.ch\/wp-content\/uploads\/2023\/09\/Repulsif-a-Limances-1.png\" alt=\"\" width=\"800\" height=\"587\" srcset=\"https:\/\/bien-etreiris.ch\/wp-content\/uploads\/2023\/09\/Repulsif-a-Limances-1.png 800w, https:\/\/bien-etreiris.ch\/wp-content\/uploads\/2023\/09\/Repulsif-a-Limances-1-300x220.png 300w, https:\/\/bien-etreiris.ch\/wp-content\/uploads\/2023\/09\/Repulsif-a-Limances-1-768x564.png 768w\" sizes=\"auto, (max-width: 800px) 100vw, 800px\" \/><\/a><\/p>\n<div id=\"product-description-short\">\n<p>Eloignez naturellement les limages et autres rampants de votre potager ! Avec les coquilles d'\u0153ufs, plus besoin de produits chimiques pour une efficacit\u00e9 naturelle optimale !<\/p>\n<p>Sachet de 1,5KG <strong>CHF 11.50<\/strong><\/p>\n<\/div>\n<p>&nbsp;<\/p>\n<h2>Description<\/h2>\n<p>Vous recherchez une solution <strong>efficace<\/strong> pour lutter contre les <strong>nuisibles<\/strong> dans votre <strong>potager<\/strong>&nbsp;? Vous souhaitez <strong>prot\u00e9ger<\/strong> <strong>naturellement<\/strong> vos plants de l\u00e9gumes des <strong>maladies<\/strong>&nbsp;? Vous aimeriez donner un petit <strong>coup de pouce naturel<\/strong> \u00e0 vos plantes&nbsp;?<\/p>\n<p>Chez Eco-conseils nous avons le produit <strong>miracle<\/strong> <strong>naturel<\/strong> qui r\u00e9pond \u00e0 ces trois besoins&nbsp;!<\/p>\n<p><strong>Une solution naturelle pour le jardin&nbsp;!<\/strong><\/p>\n<p>Les coquilles d\u2019\u0153uf, de part leur <strong>composition<\/strong>, ont \u00e9norm\u00e9ment de <strong>bienfaits<\/strong> pour le jardin.<\/p>\n<p>R\u00e9duisez -les en poudre et d\u00e9posez cette poudre <strong>au<\/strong> <strong>pied<\/strong> de vos plantes. Les coquilles d\u2019\u0153uf agiront comme un engrais naturel tr\u00e8s <strong>efficace<\/strong>&nbsp;!<\/p>\n<p>Mais ce n\u2019est pas tout\u2026<\/p>\n<h4><strong>Un r\u00e9pulsif naturel<\/strong><\/h4>\n<p>Les coquilles d\u2019\u0153uf sont une <strong>arme de choix<\/strong> pour lutter contre la cloque du p\u00eacher, un champignon qui s\u2019attaque aux <strong>feuilles<\/strong> des arbres. Elles <strong>prot\u00e8gent<\/strong> \u00e9galement les plantations de poireaux, d'oignons et d\u2019ail des ravages caus\u00e9s par les larves de certains papillons.<\/p>\n<p>Ces papillons, baptis\u00e9s \"teignes du poireaux\", <strong>pondent<\/strong> g\u00e9n\u00e9ralement sur les v\u00e9g\u00e9taux et pr\u00e9f\u00e9reront d\u00e9poser leurs \u0153ufs dans des coquilles vides si le choix leur en est donn\u00e9.<\/p>\n<p>Les coquilles peuvent encore \u00eatre <strong>utilis\u00e9es<\/strong> comme <strong>r\u00e9pulsif<\/strong> \u00e0 limaces et escargots lorsque ceux-ci ont tendance \u00e0 grignoter les plants de salade. Il suffit simplement de <strong>dessiner<\/strong> des <strong>cercles<\/strong> autour des plantes que l\u2019on souhaite <strong>prot\u00e9ger<\/strong>. La barri\u00e8re d\u00e9couragera tous les gast\u00e9ropodes, m\u00eame les plus courageux !<\/p>\n<h4><strong>Conseils d'utilisation<\/strong><\/h4>\n<p>Soupoudrez les coquilles d'\u0153uf autour des plants \u00e0 prot\u00e9ger en cr\u00e9ant ainsi une barri\u00e8re que les rampants ne pourront traverse<\/p>\n<p>Cr\u00e9ez cette barri\u00e8re avant l'arriv\u00e9e des escargots et autres limaces.&nbsp;<\/p>\n<p>Attention \u00e0 ne pas la dessiner quand ces petits nuisibles sont d\u00e9j\u00e0 en place, sinon vous les enfermeriez autour de vos plants !<\/p>\n","protected":false},"excerpt":{"rendered":"<p>Eloigner les nuisibles &nbsp; Eloignez naturellement les limages et autres rampants de votre potager ! Avec les coquilles d'\u0153ufs, plus besoin de produits chimiques pour une efficacit\u00e9 naturelle optimale ! Sachet de 1,5KG CHF 11.50 &nbsp; Description Vous recherchez une solution efficace pour lutter contre les nuisibles dans votre potager&nbsp;? Vous souhaitez prot\u00e9ger naturellement vos plants de l\u00e9gumes des maladies&nbsp;?&nbsp;<a href=\"https:\/\/bien-etreiris.ch\/de\/produktpraesentation\/zoom-sur-le-jardin\/eloigner-les-nuisibles\/\" class=\"read-more\">Weiter lesen<\/a><\/p>\n","protected":false},"author":1,"featured_media":74308,"parent":74281,"menu_order":3048,"comment_status":"closed","ping_status":"closed","template":"page-with-child.php","meta":{"_acf_changed":false,"ngg_post_thumbnail":0,"footnotes":""},"class_list":["post-74315","page","type-page","status-publish","has-post-thumbnail","hentry"],"acf":[],"yoast_head":"<!-- This site is optimized with the Yoast SEO plugin v27.5 - https:\/\/yoast.com\/product\/yoast-seo-wordpress\/ -->\n<title>ELOIGNER LES NUISIBLES - WOHLBEFINDEN<\/title>\n<meta name=\"robots\" content=\"index, follow, max-snippet:-1, max-image-preview:large, max-video-preview:-1\" \/>\n<link rel=\"canonical\" href=\"https:\/\/bien-etreiris.ch\/de\/produktpraesentation\/zoom-sur-le-jardin\/eloigner-les-nuisibles\/\" \/>\n<meta property=\"og:locale\" content=\"de_DE\" \/>\n<meta property=\"og:type\" content=\"article\" \/>\n<meta property=\"og:title\" content=\"ELOIGNER LES NUISIBLES - WOHLBEFINDEN\" \/>\n<meta property=\"og:description\" content=\"Eloigner les nuisibles &nbsp; Eloignez naturellement les limages et autres rampants de votre potager ! Avec les coquilles d&#039;\u0153ufs, plus besoin de produits chimiques pour une efficacit\u00e9 naturelle optimale ! Sachet de 1,5KG CHF 11.50 &nbsp; Description Vous recherchez une solution efficace pour lutter contre les nuisibles dans votre potager&nbsp;? Vous souhaitez prot\u00e9ger naturellement vos plants de l\u00e9gumes des maladies&nbsp;?&nbsp;Weiter lesen\" \/>\n<meta property=\"og:url\" content=\"https:\/\/bien-etreiris.ch\/de\/produktpraesentation\/zoom-sur-le-jardin\/eloigner-les-nuisibles\/\" \/>\n<meta property=\"og:site_name\" content=\"WOHLBEFINDEN\" \/>\n<meta property=\"article:publisher\" content=\"https:\/\/www.facebook.com\/bienetreiris\/\" \/>\n<meta property=\"article:modified_time\" content=\"2024-11-04T10:06:12+00:00\" \/>\n<meta property=\"og:image\" content=\"https:\/\/bien-etreiris.ch\/wp-content\/uploads\/2023\/09\/acceuil-parasite.jpg\" \/>\n\t<meta property=\"og:image:width\" content=\"500\" \/>\n\t<meta property=\"og:image:height\" content=\"333\" \/>\n\t<meta property=\"og:image:type\" content=\"image\/jpeg\" \/>\n<meta name=\"twitter:label1\" content=\"Gesch\u00e4tzte Lesezeit\" \/>\n\t<meta name=\"twitter:data1\" content=\"2\u00a0Minuten\" \/>\n<script type=\"application\/ld+json\" class=\"yoast-schema-graph\">{\"@context\":\"https:\\\/\\\/schema.org\",\"@graph\":[{\"@type\":\"WebPage\",\"@id\":\"https:\\\/\\\/bien-etreiris.ch\\\/de\\\/produktpraesentation\\\/zoom-sur-le-jardin\\\/eloigner-les-nuisibles\\\/\",\"url\":\"https:\\\/\\\/bien-etreiris.ch\\\/de\\\/produktpraesentation\\\/zoom-sur-le-jardin\\\/eloigner-les-nuisibles\\\/\",\"name\":\"ELOIGNER LES NUISIBLES - WOHLBEFINDEN\",\"isPartOf\":{\"@id\":\"https:\\\/\\\/bien-etreiris.ch\\\/de\\\/#website\"},\"primaryImageOfPage\":{\"@id\":\"https:\\\/\\\/bien-etreiris.ch\\\/de\\\/produktpraesentation\\\/zoom-sur-le-jardin\\\/eloigner-les-nuisibles\\\/#primaryimage\"},\"image\":{\"@id\":\"https:\\\/\\\/bien-etreiris.ch\\\/de\\\/produktpraesentation\\\/zoom-sur-le-jardin\\\/eloigner-les-nuisibles\\\/#primaryimage\"},\"thumbnailUrl\":\"https:\\\/\\\/bien-etreiris.ch\\\/wp-content\\\/uploads\\\/2023\\\/09\\\/acceuil-parasite.jpg\",\"datePublished\":\"2023-09-05T13:27:52+00:00\",\"dateModified\":\"2024-11-04T10:06:12+00:00\",\"breadcrumb\":{\"@id\":\"https:\\\/\\\/bien-etreiris.ch\\\/de\\\/produktpraesentation\\\/zoom-sur-le-jardin\\\/eloigner-les-nuisibles\\\/#breadcrumb\"},\"inLanguage\":\"de\",\"potentialAction\":[{\"@type\":\"ReadAction\",\"target\":[\"https:\\\/\\\/bien-etreiris.ch\\\/de\\\/produktpraesentation\\\/zoom-sur-le-jardin\\\/eloigner-les-nuisibles\\\/\"]}]},{\"@type\":\"ImageObject\",\"inLanguage\":\"de\",\"@id\":\"https:\\\/\\\/bien-etreiris.ch\\\/de\\\/produktpraesentation\\\/zoom-sur-le-jardin\\\/eloigner-les-nuisibles\\\/#primaryimage\",\"url\":\"https:\\\/\\\/bien-etreiris.ch\\\/wp-content\\\/uploads\\\/2023\\\/09\\\/acceuil-parasite.jpg\",\"contentUrl\":\"https:\\\/\\\/bien-etreiris.ch\\\/wp-content\\\/uploads\\\/2023\\\/09\\\/acceuil-parasite.jpg\",\"width\":500,\"height\":333},{\"@type\":\"BreadcrumbList\",\"@id\":\"https:\\\/\\\/bien-etreiris.ch\\\/de\\\/produktpraesentation\\\/zoom-sur-le-jardin\\\/eloigner-les-nuisibles\\\/#breadcrumb\",\"itemListElement\":[{\"@type\":\"ListItem\",\"position\":1,\"name\":\"Home\",\"item\":\"https:\\\/\\\/bien-etreiris.ch\\\/de\\\/\"},{\"@type\":\"ListItem\",\"position\":2,\"name\":\"PRODUKTPR\u00c4SENTATION\",\"item\":\"https:\\\/\\\/bien-etreiris.ch\\\/de\\\/produktpraesentation\\\/\"},{\"@type\":\"ListItem\",\"position\":3,\"name\":\"ZOOM SUR LE JARDIN\",\"item\":\"https:\\\/\\\/bien-etreiris.ch\\\/de\\\/?page_id=74281\"},{\"@type\":\"ListItem\",\"position\":4,\"name\":\"ELOIGNER LES NUISIBLES\"}]},{\"@type\":\"WebSite\",\"@id\":\"https:\\\/\\\/bien-etreiris.ch\\\/de\\\/#website\",\"url\":\"https:\\\/\\\/bien-etreiris.ch\\\/de\\\/\",\"name\":\"Bien-\u00eatre Iris\",\"description\":\"IHRE Gesundheit ist uns wichtig\",\"potentialAction\":[{\"@type\":\"SearchAction\",\"target\":{\"@type\":\"EntryPoint\",\"urlTemplate\":\"https:\\\/\\\/bien-etreiris.ch\\\/de\\\/?s={search_term_string}\"},\"query-input\":{\"@type\":\"PropertyValueSpecification\",\"valueRequired\":true,\"valueName\":\"search_term_string\"}}],\"inLanguage\":\"de\"}]}<\/script>\n<!-- \/ Yoast SEO plugin. -->","yoast_head_json":{"title":"ELOIGNER LES NUISIBLES - WOHLBEFINDEN","robots":{"index":"index","follow":"follow","max-snippet":"max-snippet:-1","max-image-preview":"max-image-preview:large","max-video-preview":"max-video-preview:-1"},"canonical":"https:\/\/bien-etreiris.ch\/de\/produktpraesentation\/zoom-sur-le-jardin\/eloigner-les-nuisibles\/","og_locale":"de_DE","og_type":"article","og_title":"ELOIGNER LES NUISIBLES - WOHLBEFINDEN","og_description":"Eloigner les nuisibles &nbsp; Eloignez naturellement les limages et autres rampants de votre potager ! Avec les coquilles d'\u0153ufs, plus besoin de produits chimiques pour une efficacit\u00e9 naturelle optimale ! Sachet de 1,5KG CHF 11.50 &nbsp; Description Vous recherchez une solution efficace pour lutter contre les nuisibles dans votre potager&nbsp;? Vous souhaitez prot\u00e9ger naturellement vos plants de l\u00e9gumes des maladies&nbsp;?&nbsp;Weiter lesen","og_url":"https:\/\/bien-etreiris.ch\/de\/produktpraesentation\/zoom-sur-le-jardin\/eloigner-les-nuisibles\/","og_site_name":"WOHLBEFINDEN","article_publisher":"https:\/\/www.facebook.com\/bienetreiris\/","article_modified_time":"2024-11-04T10:06:12+00:00","og_image":[{"width":500,"height":333,"url":"https:\/\/bien-etreiris.ch\/wp-content\/uploads\/2023\/09\/acceuil-parasite.jpg","type":"image\/jpeg"}],"twitter_misc":{"Gesch\u00e4tzte Lesezeit":"2\u00a0Minuten"},"schema":{"@context":"https:\/\/schema.org","@graph":[{"@type":"WebPage","@id":"https:\/\/bien-etreiris.ch\/de\/produktpraesentation\/zoom-sur-le-jardin\/eloigner-les-nuisibles\/","url":"https:\/\/bien-etreiris.ch\/de\/produktpraesentation\/zoom-sur-le-jardin\/eloigner-les-nuisibles\/","name":"ELOIGNER LES NUISIBLES - WOHLBEFINDEN","isPartOf":{"@id":"https:\/\/bien-etreiris.ch\/de\/#website"},"primaryImageOfPage":{"@id":"https:\/\/bien-etreiris.ch\/de\/produktpraesentation\/zoom-sur-le-jardin\/eloigner-les-nuisibles\/#primaryimage"},"image":{"@id":"https:\/\/bien-etreiris.ch\/de\/produktpraesentation\/zoom-sur-le-jardin\/eloigner-les-nuisibles\/#primaryimage"},"thumbnailUrl":"https:\/\/bien-etreiris.ch\/wp-content\/uploads\/2023\/09\/acceuil-parasite.jpg","datePublished":"2023-09-05T13:27:52+00:00","dateModified":"2024-11-04T10:06:12+00:00","breadcrumb":{"@id":"https:\/\/bien-etreiris.ch\/de\/produktpraesentation\/zoom-sur-le-jardin\/eloigner-les-nuisibles\/#breadcrumb"},"inLanguage":"de","potentialAction":[{"@type":"ReadAction","target":["https:\/\/bien-etreiris.ch\/de\/produktpraesentation\/zoom-sur-le-jardin\/eloigner-les-nuisibles\/"]}]},{"@type":"ImageObject","inLanguage":"de","@id":"https:\/\/bien-etreiris.ch\/de\/produktpraesentation\/zoom-sur-le-jardin\/eloigner-les-nuisibles\/#primaryimage","url":"https:\/\/bien-etreiris.ch\/wp-content\/uploads\/2023\/09\/acceuil-parasite.jpg","contentUrl":"https:\/\/bien-etreiris.ch\/wp-content\/uploads\/2023\/09\/acceuil-parasite.jpg","width":500,"height":333},{"@type":"BreadcrumbList","@id":"https:\/\/bien-etreiris.ch\/de\/produktpraesentation\/zoom-sur-le-jardin\/eloigner-les-nuisibles\/#breadcrumb","itemListElement":[{"@type":"ListItem","position":1,"name":"Home","item":"https:\/\/bien-etreiris.ch\/de\/"},{"@type":"ListItem","position":2,"name":"PRODUKTPR\u00c4SENTATION","item":"https:\/\/bien-etreiris.ch\/de\/produktpraesentation\/"},{"@type":"ListItem","position":3,"name":"ZOOM SUR LE JARDIN","item":"https:\/\/bien-etreiris.ch\/de\/?page_id=74281"},{"@type":"ListItem","position":4,"name":"ELOIGNER LES NUISIBLES"}]},{"@type":"WebSite","@id":"https:\/\/bien-etreiris.ch\/de\/#website","url":"https:\/\/bien-etreiris.ch\/de\/","name":"Bien-\u00eatre Iris","description":"IHRE Gesundheit ist uns wichtig","potentialAction":[{"@type":"SearchAction","target":{"@type":"EntryPoint","urlTemplate":"https:\/\/bien-etreiris.ch\/de\/?s={search_term_string}"},"query-input":{"@type":"PropertyValueSpecification","valueRequired":true,"valueName":"search_term_string"}}],"inLanguage":"de"}]}},"_links":{"self":[{"href":"https:\/\/bien-etreiris.ch\/de\/wp-json\/wp\/v2\/pages\/74315","targetHints":{"allow":["GET"]}}],"collection":[{"href":"https:\/\/bien-etreiris.ch\/de\/wp-json\/wp\/v2\/pages"}],"about":[{"href":"https:\/\/bien-etreiris.ch\/de\/wp-json\/wp\/v2\/types\/page"}],"author":[{"embeddable":true,"href":"https:\/\/bien-etreiris.ch\/de\/wp-json\/wp\/v2\/users\/1"}],"replies":[{"embeddable":true,"href":"https:\/\/bien-etreiris.ch\/de\/wp-json\/wp\/v2\/comments?post=74315"}],"version-history":[{"count":3,"href":"https:\/\/bien-etreiris.ch\/de\/wp-json\/wp\/v2\/pages\/74315\/revisions"}],"predecessor-version":[{"id":74366,"href":"https:\/\/bien-etreiris.ch\/de\/wp-json\/wp\/v2\/pages\/74315\/revisions\/74366"}],"up":[{"embeddable":true,"href":"https:\/\/bien-etreiris.ch\/de\/wp-json\/wp\/v2\/pages\/74281"}],"wp:featuredmedia":[{"embeddable":true,"href":"https:\/\/bien-etreiris.ch\/de\/wp-json\/wp\/v2\/media\/74308"}],"wp:attachment":[{"href":"https:\/\/bien-etreiris.ch\/de\/wp-json\/wp\/v2\/media?parent=74315"}],"curies":[{"name":"wp","href":"https:\/\/api.w.org\/{rel}","templated":true}]}}