{"id":74186,"date":"2023-09-04T23:04:27","date_gmt":"2023-09-04T21:04:27","guid":{"rendered":"https:\/\/bien-etreiris.ch\/msm\/"},"modified":"2023-09-04T23:37:57","modified_gmt":"2023-09-04T21:37:57","slug":"msm-pour-animaux","status":"publish","type":"page","link":"https:\/\/bien-etreiris.ch\/de\/produktpraesentation\/zoom-die-welt-der-tiere\/gesundheit-der-tiere\/nahrungsergaenzungsmittel-fuer-tiere\/msm-pour-animaux\/","title":{"rendered":"MSM"},"content":{"rendered":"<h2>MSM pour chats - chevaux - chiens<\/h2>\n<p><a href=\"https:\/\/bien-etreiris.ch\/presentations-des-produits\/zoom-sur-les-animaux\/sante-des-animaux\/complements-de-nutrition-pour-animaux\/msm\/titre-msm\/\" rel=\"attachment wp-att-74180\"><img loading=\"lazy\" decoding=\"async\" class=\"wp-image-74180 alignleft\" src=\"https:\/\/bien-etreiris.ch\/wp-content\/uploads\/2023\/09\/titre-msm.jpg\" alt=\"\" width=\"265\" height=\"428\" srcset=\"https:\/\/bien-etreiris.ch\/wp-content\/uploads\/2023\/09\/titre-msm.jpg 719w, https:\/\/bien-etreiris.ch\/wp-content\/uploads\/2023\/09\/titre-msm-186x300.jpg 186w, https:\/\/bien-etreiris.ch\/wp-content\/uploads\/2023\/09\/titre-msm-635x1024.jpg 635w\" sizes=\"auto, (max-width: 265px) 100vw, 265px\" \/><\/a><\/p>\n<p>&nbsp;<\/p>\n<p>&nbsp;<\/p>\n<p>&nbsp;<\/p>\n<p>&nbsp;<\/p>\n<p>&nbsp;<\/p>\n<p>&nbsp;<\/p>\n<ul style=\"list-style-type: disc;\">\n<li>Aliment simple pour chiens &amp; chats<\/li>\n<li>Soufre organique.<\/li>\n<li>Poudre de m\u00e9thylsulfonylm\u00e9thane (MSM)<\/li>\n<li>Sans colorants, antiagglom\u00e9rants, \u00e9mulsifiants ni additifs<\/li>\n<li>Qualit\u00e9 pharmaceutique ; soufre pur \u00e0 99,9%.<\/li>\n<\/ul>\n<p>100 g dans un pot en verre <strong>CHF<\/strong><\/p>\n<p>&nbsp;<\/p>\n<p>&nbsp;<\/p>\n<p>&nbsp;<\/p>\n<h4>Description<\/h4>\n<h4>MSM - Soufre organique - 100g pour chiens et chats<\/h4>\n<p>Le MSM (m\u00e9thylsulfonylm\u00e9thane) = soufre organique, fait naturellement partie de chaque \u00eatre humain, de chaque animal et de chaque plante. Le soufre se trouve dans presque toutes les cellules du corps. Le soufre est un \u00e9l\u00e9ment indispensable du m\u00e9tabolisme des hommes et des animaux. Toutefois, les hommes et les animaux ne peuvent pas produire eux-m\u00eames le soufre organique. Tous deux absorbent quotidiennement ce soufre par le biais de leur alimentation normale, mais en tr\u00e8s petites quantit\u00e9s. Une \u00e9ventuelle carence peut \u00eatre combattue par l'administration de MSM.<\/p>\n<h4>Recommandation d'alimentation :<\/h4>\n<ul style=\"list-style-type: disc;\">\n<li>Chats : 1g \/ jour<\/li>\n<li>Chiens : 2g \/ 10 kg \/ jour<\/li>\n<\/ul>\n<p>La poudre de MSM est totalement inodore et peut \u00eatre facilement m\u00e9lang\u00e9e \u00e0 la nourriture.<\/p>\n<p>La quantit\u00e9 journali\u00e8re recommand\u00e9e indiqu\u00e9e ne doit pas \u00eatre d\u00e9pass\u00e9e.<\/p>\n<p>Veuillez commencer par un dosage l\u00e9ger.<\/p>\n<p>La poudre peut s'agglom\u00e9rer sous l'effet de l'humidit\u00e9 de l'air. Cela n'affecte pas la qualit\u00e9.<\/p>\n<h4>Composition :<\/h4>\n<p>M\u00e9thylsulfonylm\u00e9thane (MSM), soufre organique, puret\u00e9 min. 99,9%, sans additifs.<\/p>\n<p>Constituants analytiques : Prot\u00e9ines brutes 0,9%, fibres brutes 0,3%, mati\u00e8res grasses brutes 0,3%, cendres brutes 0,0%.<\/p>\n<h4>Remarque :<\/h4>\n<p>Nous recommandons de discuter du dosage et de la prise avec votre naturopathe animalier ou votre v\u00e9t\u00e9rinaire.<\/p>\n<p>&nbsp;<\/p>\n","protected":false},"excerpt":{"rendered":"<p>MSM pour chats - chevaux - chiens &nbsp; &nbsp; &nbsp; &nbsp; &nbsp; &nbsp; Aliment simple pour chiens &amp; chats Soufre organique. Poudre de m\u00e9thylsulfonylm\u00e9thane (MSM) Sans colorants, antiagglom\u00e9rants, \u00e9mulsifiants ni additifs Qualit\u00e9 pharmaceutique ; soufre pur \u00e0 99,9%. 100 g dans un pot en verre CHF &nbsp; &nbsp; &nbsp; Description MSM - Soufre organique - 100g pour chiens et chats&nbsp;<a href=\"https:\/\/bien-etreiris.ch\/de\/produktpraesentation\/zoom-die-welt-der-tiere\/gesundheit-der-tiere\/nahrungsergaenzungsmittel-fuer-tiere\/msm-pour-animaux\/\" class=\"read-more\">Weiter lesen<\/a><\/p>\n","protected":false},"author":1,"featured_media":59868,"parent":74194,"menu_order":3059,"comment_status":"closed","ping_status":"closed","template":"page-with-child.php","meta":{"_acf_changed":false,"ngg_post_thumbnail":0,"footnotes":""},"class_list":["post-74186","page","type-page","status-publish","has-post-thumbnail","hentry"],"acf":[],"yoast_head":"<!-- This site is optimized with the Yoast SEO plugin v27.5 - https:\/\/yoast.com\/product\/yoast-seo-wordpress\/ -->\n<title>MSM - WOHLBEFINDEN<\/title>\n<meta name=\"robots\" content=\"index, follow, max-snippet:-1, max-image-preview:large, max-video-preview:-1\" \/>\n<link rel=\"canonical\" href=\"https:\/\/bien-etreiris.ch\/de\/produktpraesentation\/zoom-die-welt-der-tiere\/gesundheit-der-tiere\/nahrungsergaenzungsmittel-fuer-tiere\/msm-pour-animaux\/\" \/>\n<meta property=\"og:locale\" content=\"de_DE\" \/>\n<meta property=\"og:type\" content=\"article\" \/>\n<meta property=\"og:title\" content=\"MSM - WOHLBEFINDEN\" \/>\n<meta property=\"og:description\" content=\"MSM pour chats - chevaux - chiens &nbsp; &nbsp; &nbsp; &nbsp; &nbsp; &nbsp; Aliment simple pour chiens &amp; chats Soufre organique. Poudre de m\u00e9thylsulfonylm\u00e9thane (MSM) Sans colorants, antiagglom\u00e9rants, \u00e9mulsifiants ni additifs Qualit\u00e9 pharmaceutique ; soufre pur \u00e0 99,9%. 100 g dans un pot en verre CHF &nbsp; &nbsp; &nbsp; Description MSM - Soufre organique - 100g pour chiens et chats&nbsp;Weiter lesen\" \/>\n<meta property=\"og:url\" content=\"https:\/\/bien-etreiris.ch\/de\/produktpraesentation\/zoom-die-welt-der-tiere\/gesundheit-der-tiere\/nahrungsergaenzungsmittel-fuer-tiere\/msm-pour-animaux\/\" \/>\n<meta property=\"og:site_name\" content=\"WOHLBEFINDEN\" \/>\n<meta property=\"article:publisher\" content=\"https:\/\/www.facebook.com\/bienetreiris\/\" \/>\n<meta property=\"article:modified_time\" content=\"2023-09-04T21:37:57+00:00\" \/>\n<meta property=\"og:image\" content=\"https:\/\/bien-etreiris.ch\/wp-content\/uploads\/2022\/09\/acceuil-MSM.jpg\" \/>\n\t<meta property=\"og:image:width\" content=\"500\" \/>\n\t<meta property=\"og:image:height\" content=\"341\" \/>\n\t<meta property=\"og:image:type\" content=\"image\/jpeg\" \/>\n<meta name=\"twitter:label1\" content=\"Gesch\u00e4tzte Lesezeit\" \/>\n\t<meta name=\"twitter:data1\" content=\"2\u00a0Minuten\" \/>\n<script type=\"application\/ld+json\" class=\"yoast-schema-graph\">{\"@context\":\"https:\\\/\\\/schema.org\",\"@graph\":[{\"@type\":\"WebPage\",\"@id\":\"https:\\\/\\\/bien-etreiris.ch\\\/de\\\/produktpraesentation\\\/zoom-die-welt-der-tiere\\\/gesundheit-der-tiere\\\/nahrungsergaenzungsmittel-fuer-tiere\\\/msm-pour-animaux\\\/\",\"url\":\"https:\\\/\\\/bien-etreiris.ch\\\/de\\\/produktpraesentation\\\/zoom-die-welt-der-tiere\\\/gesundheit-der-tiere\\\/nahrungsergaenzungsmittel-fuer-tiere\\\/msm-pour-animaux\\\/\",\"name\":\"MSM - WOHLBEFINDEN\",\"isPartOf\":{\"@id\":\"https:\\\/\\\/bien-etreiris.ch\\\/de\\\/#website\"},\"primaryImageOfPage\":{\"@id\":\"https:\\\/\\\/bien-etreiris.ch\\\/de\\\/produktpraesentation\\\/zoom-die-welt-der-tiere\\\/gesundheit-der-tiere\\\/nahrungsergaenzungsmittel-fuer-tiere\\\/msm-pour-animaux\\\/#primaryimage\"},\"image\":{\"@id\":\"https:\\\/\\\/bien-etreiris.ch\\\/de\\\/produktpraesentation\\\/zoom-die-welt-der-tiere\\\/gesundheit-der-tiere\\\/nahrungsergaenzungsmittel-fuer-tiere\\\/msm-pour-animaux\\\/#primaryimage\"},\"thumbnailUrl\":\"https:\\\/\\\/bien-etreiris.ch\\\/wp-content\\\/uploads\\\/2022\\\/09\\\/acceuil-MSM.jpg\",\"datePublished\":\"2023-09-04T21:04:27+00:00\",\"dateModified\":\"2023-09-04T21:37:57+00:00\",\"breadcrumb\":{\"@id\":\"https:\\\/\\\/bien-etreiris.ch\\\/de\\\/produktpraesentation\\\/zoom-die-welt-der-tiere\\\/gesundheit-der-tiere\\\/nahrungsergaenzungsmittel-fuer-tiere\\\/msm-pour-animaux\\\/#breadcrumb\"},\"inLanguage\":\"de\",\"potentialAction\":[{\"@type\":\"ReadAction\",\"target\":[\"https:\\\/\\\/bien-etreiris.ch\\\/de\\\/produktpraesentation\\\/zoom-die-welt-der-tiere\\\/gesundheit-der-tiere\\\/nahrungsergaenzungsmittel-fuer-tiere\\\/msm-pour-animaux\\\/\"]}]},{\"@type\":\"ImageObject\",\"inLanguage\":\"de\",\"@id\":\"https:\\\/\\\/bien-etreiris.ch\\\/de\\\/produktpraesentation\\\/zoom-die-welt-der-tiere\\\/gesundheit-der-tiere\\\/nahrungsergaenzungsmittel-fuer-tiere\\\/msm-pour-animaux\\\/#primaryimage\",\"url\":\"https:\\\/\\\/bien-etreiris.ch\\\/wp-content\\\/uploads\\\/2022\\\/09\\\/acceuil-MSM.jpg\",\"contentUrl\":\"https:\\\/\\\/bien-etreiris.ch\\\/wp-content\\\/uploads\\\/2022\\\/09\\\/acceuil-MSM.jpg\",\"width\":500,\"height\":341},{\"@type\":\"BreadcrumbList\",\"@id\":\"https:\\\/\\\/bien-etreiris.ch\\\/de\\\/produktpraesentation\\\/zoom-die-welt-der-tiere\\\/gesundheit-der-tiere\\\/nahrungsergaenzungsmittel-fuer-tiere\\\/msm-pour-animaux\\\/#breadcrumb\",\"itemListElement\":[{\"@type\":\"ListItem\",\"position\":1,\"name\":\"Home\",\"item\":\"https:\\\/\\\/bien-etreiris.ch\\\/de\\\/\"},{\"@type\":\"ListItem\",\"position\":2,\"name\":\"PRODUKTPR\u00c4SENTATION\",\"item\":\"https:\\\/\\\/bien-etreiris.ch\\\/de\\\/produktpraesentation\\\/\"},{\"@type\":\"ListItem\",\"position\":3,\"name\":\"ZOOM \u2013 DIE WELT DER TIERE\",\"item\":\"https:\\\/\\\/bien-etreiris.ch\\\/de\\\/produktpraesentation\\\/zoom-die-welt-der-tiere\\\/\"},{\"@type\":\"ListItem\",\"position\":4,\"name\":\"GESUNDHEIT DER TIERE\",\"item\":\"https:\\\/\\\/bien-etreiris.ch\\\/de\\\/produktpraesentation\\\/zoom-die-welt-der-tiere\\\/gesundheit-der-tiere\\\/\"},{\"@type\":\"ListItem\",\"position\":5,\"name\":\"ERG\u00c4NZUNGSMITTEL\",\"item\":\"https:\\\/\\\/bien-etreiris.ch\\\/de\\\/produktpraesentation\\\/zoom-die-welt-der-tiere\\\/gesundheit-der-tiere\\\/nahrungsergaenzungsmittel-fuer-tiere\\\/\"},{\"@type\":\"ListItem\",\"position\":6,\"name\":\"MSM\"}]},{\"@type\":\"WebSite\",\"@id\":\"https:\\\/\\\/bien-etreiris.ch\\\/de\\\/#website\",\"url\":\"https:\\\/\\\/bien-etreiris.ch\\\/de\\\/\",\"name\":\"Bien-\u00eatre Iris\",\"description\":\"IHRE Gesundheit ist uns wichtig\",\"potentialAction\":[{\"@type\":\"SearchAction\",\"target\":{\"@type\":\"EntryPoint\",\"urlTemplate\":\"https:\\\/\\\/bien-etreiris.ch\\\/de\\\/?s={search_term_string}\"},\"query-input\":{\"@type\":\"PropertyValueSpecification\",\"valueRequired\":true,\"valueName\":\"search_term_string\"}}],\"inLanguage\":\"de\"}]}<\/script>\n<!-- \/ Yoast SEO plugin. -->","yoast_head_json":{"title":"MSM - WOHLBEFINDEN","robots":{"index":"index","follow":"follow","max-snippet":"max-snippet:-1","max-image-preview":"max-image-preview:large","max-video-preview":"max-video-preview:-1"},"canonical":"https:\/\/bien-etreiris.ch\/de\/produktpraesentation\/zoom-die-welt-der-tiere\/gesundheit-der-tiere\/nahrungsergaenzungsmittel-fuer-tiere\/msm-pour-animaux\/","og_locale":"de_DE","og_type":"article","og_title":"MSM - WOHLBEFINDEN","og_description":"MSM pour chats - chevaux - chiens &nbsp; &nbsp; &nbsp; &nbsp; &nbsp; &nbsp; Aliment simple pour chiens &amp; chats Soufre organique. Poudre de m\u00e9thylsulfonylm\u00e9thane (MSM) Sans colorants, antiagglom\u00e9rants, \u00e9mulsifiants ni additifs Qualit\u00e9 pharmaceutique ; soufre pur \u00e0 99,9%. 100 g dans un pot en verre CHF &nbsp; &nbsp; &nbsp; Description MSM - Soufre organique - 100g pour chiens et chats&nbsp;Weiter lesen","og_url":"https:\/\/bien-etreiris.ch\/de\/produktpraesentation\/zoom-die-welt-der-tiere\/gesundheit-der-tiere\/nahrungsergaenzungsmittel-fuer-tiere\/msm-pour-animaux\/","og_site_name":"WOHLBEFINDEN","article_publisher":"https:\/\/www.facebook.com\/bienetreiris\/","article_modified_time":"2023-09-04T21:37:57+00:00","og_image":[{"width":500,"height":341,"url":"https:\/\/bien-etreiris.ch\/wp-content\/uploads\/2022\/09\/acceuil-MSM.jpg","type":"image\/jpeg"}],"twitter_misc":{"Gesch\u00e4tzte Lesezeit":"2\u00a0Minuten"},"schema":{"@context":"https:\/\/schema.org","@graph":[{"@type":"WebPage","@id":"https:\/\/bien-etreiris.ch\/de\/produktpraesentation\/zoom-die-welt-der-tiere\/gesundheit-der-tiere\/nahrungsergaenzungsmittel-fuer-tiere\/msm-pour-animaux\/","url":"https:\/\/bien-etreiris.ch\/de\/produktpraesentation\/zoom-die-welt-der-tiere\/gesundheit-der-tiere\/nahrungsergaenzungsmittel-fuer-tiere\/msm-pour-animaux\/","name":"MSM - WOHLBEFINDEN","isPartOf":{"@id":"https:\/\/bien-etreiris.ch\/de\/#website"},"primaryImageOfPage":{"@id":"https:\/\/bien-etreiris.ch\/de\/produktpraesentation\/zoom-die-welt-der-tiere\/gesundheit-der-tiere\/nahrungsergaenzungsmittel-fuer-tiere\/msm-pour-animaux\/#primaryimage"},"image":{"@id":"https:\/\/bien-etreiris.ch\/de\/produktpraesentation\/zoom-die-welt-der-tiere\/gesundheit-der-tiere\/nahrungsergaenzungsmittel-fuer-tiere\/msm-pour-animaux\/#primaryimage"},"thumbnailUrl":"https:\/\/bien-etreiris.ch\/wp-content\/uploads\/2022\/09\/acceuil-MSM.jpg","datePublished":"2023-09-04T21:04:27+00:00","dateModified":"2023-09-04T21:37:57+00:00","breadcrumb":{"@id":"https:\/\/bien-etreiris.ch\/de\/produktpraesentation\/zoom-die-welt-der-tiere\/gesundheit-der-tiere\/nahrungsergaenzungsmittel-fuer-tiere\/msm-pour-animaux\/#breadcrumb"},"inLanguage":"de","potentialAction":[{"@type":"ReadAction","target":["https:\/\/bien-etreiris.ch\/de\/produktpraesentation\/zoom-die-welt-der-tiere\/gesundheit-der-tiere\/nahrungsergaenzungsmittel-fuer-tiere\/msm-pour-animaux\/"]}]},{"@type":"ImageObject","inLanguage":"de","@id":"https:\/\/bien-etreiris.ch\/de\/produktpraesentation\/zoom-die-welt-der-tiere\/gesundheit-der-tiere\/nahrungsergaenzungsmittel-fuer-tiere\/msm-pour-animaux\/#primaryimage","url":"https:\/\/bien-etreiris.ch\/wp-content\/uploads\/2022\/09\/acceuil-MSM.jpg","contentUrl":"https:\/\/bien-etreiris.ch\/wp-content\/uploads\/2022\/09\/acceuil-MSM.jpg","width":500,"height":341},{"@type":"BreadcrumbList","@id":"https:\/\/bien-etreiris.ch\/de\/produktpraesentation\/zoom-die-welt-der-tiere\/gesundheit-der-tiere\/nahrungsergaenzungsmittel-fuer-tiere\/msm-pour-animaux\/#breadcrumb","itemListElement":[{"@type":"ListItem","position":1,"name":"Home","item":"https:\/\/bien-etreiris.ch\/de\/"},{"@type":"ListItem","position":2,"name":"PRODUKTPR\u00c4SENTATION","item":"https:\/\/bien-etreiris.ch\/de\/produktpraesentation\/"},{"@type":"ListItem","position":3,"name":"ZOOM \u2013 DIE WELT DER TIERE","item":"https:\/\/bien-etreiris.ch\/de\/produktpraesentation\/zoom-die-welt-der-tiere\/"},{"@type":"ListItem","position":4,"name":"GESUNDHEIT DER TIERE","item":"https:\/\/bien-etreiris.ch\/de\/produktpraesentation\/zoom-die-welt-der-tiere\/gesundheit-der-tiere\/"},{"@type":"ListItem","position":5,"name":"ERG\u00c4NZUNGSMITTEL","item":"https:\/\/bien-etreiris.ch\/de\/produktpraesentation\/zoom-die-welt-der-tiere\/gesundheit-der-tiere\/nahrungsergaenzungsmittel-fuer-tiere\/"},{"@type":"ListItem","position":6,"name":"MSM"}]},{"@type":"WebSite","@id":"https:\/\/bien-etreiris.ch\/de\/#website","url":"https:\/\/bien-etreiris.ch\/de\/","name":"Bien-\u00eatre Iris","description":"IHRE Gesundheit ist uns wichtig","potentialAction":[{"@type":"SearchAction","target":{"@type":"EntryPoint","urlTemplate":"https:\/\/bien-etreiris.ch\/de\/?s={search_term_string}"},"query-input":{"@type":"PropertyValueSpecification","valueRequired":true,"valueName":"search_term_string"}}],"inLanguage":"de"}]}},"_links":{"self":[{"href":"https:\/\/bien-etreiris.ch\/de\/wp-json\/wp\/v2\/pages\/74186","targetHints":{"allow":["GET"]}}],"collection":[{"href":"https:\/\/bien-etreiris.ch\/de\/wp-json\/wp\/v2\/pages"}],"about":[{"href":"https:\/\/bien-etreiris.ch\/de\/wp-json\/wp\/v2\/types\/page"}],"author":[{"embeddable":true,"href":"https:\/\/bien-etreiris.ch\/de\/wp-json\/wp\/v2\/users\/1"}],"replies":[{"embeddable":true,"href":"https:\/\/bien-etreiris.ch\/de\/wp-json\/wp\/v2\/comments?post=74186"}],"version-history":[{"count":3,"href":"https:\/\/bien-etreiris.ch\/de\/wp-json\/wp\/v2\/pages\/74186\/revisions"}],"predecessor-version":[{"id":74203,"href":"https:\/\/bien-etreiris.ch\/de\/wp-json\/wp\/v2\/pages\/74186\/revisions\/74203"}],"up":[{"embeddable":true,"href":"https:\/\/bien-etreiris.ch\/de\/wp-json\/wp\/v2\/pages\/74194"}],"wp:featuredmedia":[{"embeddable":true,"href":"https:\/\/bien-etreiris.ch\/de\/wp-json\/wp\/v2\/media\/59868"}],"wp:attachment":[{"href":"https:\/\/bien-etreiris.ch\/de\/wp-json\/wp\/v2\/media?parent=74186"}],"curies":[{"name":"wp","href":"https:\/\/api.w.org\/{rel}","templated":true}]}}