{"id":74093,"date":"2023-09-03T21:27:00","date_gmt":"2023-09-03T19:27:00","guid":{"rendered":"https:\/\/bien-etreiris.ch\/produktpraesentation\/zoom-die-welt-der-tiere\/gesundheit-der-tiere\/pet-lovers\/artemisia\/"},"modified":"2023-09-03T21:44:00","modified_gmt":"2023-09-03T19:44:00","slug":"artemisia","status":"publish","type":"page","link":"https:\/\/bien-etreiris.ch\/de\/produktpraesentation\/zoom-die-welt-der-tiere\/gesundheit-der-tiere\/phytotherapie\/extrakte\/artemisia\/","title":{"rendered":"ARTEMISIA"},"content":{"rendered":"<h2>Artemisia Annua<\/h2>\n<p><a href=\"https:\/\/bien-etreiris.ch\/de\/produktpraesentation\/zoom-die-welt-der-tiere\/gesundheit-der-tiere\/pet-lovers\/artemisia\/artemisia-4-2\/\" rel=\"attachment wp-att-74094\"><img loading=\"lazy\" decoding=\"async\" class=\"wp-image-74094 alignleft\" src=\"https:\/\/bien-etreiris.ch\/wp-content\/uploads\/2023\/09\/Artemisia-1.jpg\" alt=\"\" width=\"169\" height=\"632\" srcset=\"https:\/\/bien-etreiris.ch\/wp-content\/uploads\/2023\/09\/Artemisia-1.jpg 167w, https:\/\/bien-etreiris.ch\/wp-content\/uploads\/2023\/09\/Artemisia-1-80x300.jpg 80w\" sizes=\"auto, (max-width: 169px) 100vw, 169px\" \/><\/a><\/p>\n<p>&nbsp;<\/p>\n<p>&nbsp;<\/p>\n<p>&nbsp;<\/p>\n<p>&nbsp;<\/p>\n<p>&nbsp;<\/p>\n<p>&nbsp;<\/p>\n<p>&nbsp;<\/p>\n<p>&nbsp;<\/p>\n<p>&nbsp;<\/p>\n<p>&nbsp;<\/p>\n<p>&nbsp;<\/p>\n<p>Le compl\u00e9ment alimentaire doux pour votre animal de compagnie.<\/p>\n<p>Chez les chats, \u00e0 utiliser uniquement sur indication du v\u00e9t\u00e9rinaire ou \u00e0 tr\u00e8s faible dose.<\/p>\n<p>1 Bouteille 500 ml <strong>CHF 145.00<\/strong><\/p>\n<p>&nbsp;<\/p>\n<p>&nbsp;<\/p>\n<p>&nbsp;<\/p>\n<p>&nbsp;<\/p>\n<p>&nbsp;<\/p>\n<p>Teinture m\u00e8re d'Artemisia annua en cas d'infestation de parasites dans le tractus intestinal : environ 80% du syst\u00e8me immunitaire est construit dans l'intestin. Les parasites, les mycoses, les vers de toutes sortes et de nombreux parasites perturbent la sant\u00e9 de l'intestin, leur m\u00e9tabolisme en particulier affecte notre bien-\u00eatre. Les vers, les parasites, les protozoaires, les microbes affaiblissent notre syst\u00e8me immunitaire et leurs produits d'excr\u00e9tion chargent et endommagent le foie. *d\u00e9tourne *soutient la flore intestinale saine *\u00e9limine les germes pathog\u00e8nes (qui rendent malades) *nettoie les art\u00e8res et les veines (d\u00e9p\u00f4ts) *active le m\u00e9tabolisme *rajeunit l'organisme gr\u00e2ce \u00e0 un cocktail d'enzymes *inflammation chronique de l'intestin *d\u00e9truit tous les vers et \u0153ufs de vers imaginables *\u00e9limine les sangsues du foie et les parasites ainsi que les d\u00e9p\u00f4ts de r\u00e9sidus de m\u00e9dicaments *r\u00e9g\u00e9n\u00e8re le cartilage et la lubrification du cartilage.<\/p>\n<p>&nbsp;<\/p>\n<p>Egalement pour le traitement externe des plaies, des plaies qui gu\u00e9rissent mal, de l'ecz\u00e9ma suintant, des plaies avec perte de poils, pour la purification du foie, en cas de mycoses, inflammations de la peau et des muqueuses, y compris de la bouche et des muqueuse de la gorge<\/p>\n<p>&nbsp;<\/p>\n<h4>Recommandation de cure Ver - infestation de parasites :<\/h4>\n<p>14 jours extrait d'Artemisia annua aux herbes L\u00f6tsch, gouttes ou th\u00e9 d'Artemisia annua aux herbes L\u00f6tsch, puis faire une pause d'une semaine et r\u00e9p\u00e9ter la cure.<br \/>\nArtemisia annuae aide l'organisme \u00e0 s'adapter \u00e0 des situations de stress accrues (adaptog\u00e8ne).<br \/>\nLivre sur le sujet : Artemisia, reine des plantes m\u00e9dicinales disponible chez Kr\u00e4uter L\u00f6tsch<\/p>\n<p>&nbsp;<\/p>\n<p>Gr\u00e2ce \u00e0 des ann\u00e9es d'exp\u00e9rience avec les animaux et les herbes m\u00e9dicinales, ce produit est enfin un<\/p>\n<p>TOP BIO compl\u00e9ment alimentaire sur le march\u00e9 !<\/p>\n<p>&nbsp;<\/p>\n<h4>Test\u00e9 par des \u00e9leveurs et des propri\u00e9taires de chiens qui l'ont jug\u00e9 TR\u00c8S BON.<\/h4>\n<p>Remarque : nous attirons votre attention sur le fait que l'utilisation de cistes \/ m\u00e9lange d'herbes se fait sous votre propre responsabilit\u00e9. Si votre animal pr\u00e9sente une intol\u00e9rance ou une maladie et\/ou s'il a besoin de m\u00e9dicaments, veuillez demander \u00e0 votre v\u00e9t\u00e9rinaire ou \u00e0 votre naturopathe animalier si les cistes bio \/ le m\u00e9lange d'herbes peuvent \u00eatre utilis\u00e9s.<\/p>\n<p>Extrait d'Artemisia annua 500ml Pet Lovers&nbsp;&nbsp; <strong>CHF145.00<\/strong><\/p>\n","protected":false},"excerpt":{"rendered":"<p>Artemisia Annua &nbsp; &nbsp; &nbsp; &nbsp; &nbsp; &nbsp; &nbsp; &nbsp; &nbsp; &nbsp; &nbsp; Le compl\u00e9ment alimentaire doux pour votre animal de compagnie. Chez les chats, \u00e0 utiliser uniquement sur indication du v\u00e9t\u00e9rinaire ou \u00e0 tr\u00e8s faible dose. 1 Bouteille 500 ml CHF 145.00 &nbsp; &nbsp; &nbsp; &nbsp; &nbsp; Teinture m\u00e8re d'Artemisia annua en cas d'infestation de parasites dans le tractus&nbsp;<a href=\"https:\/\/bien-etreiris.ch\/de\/produktpraesentation\/zoom-die-welt-der-tiere\/gesundheit-der-tiere\/phytotherapie\/extrakte\/artemisia\/\" class=\"read-more\">Weiter lesen<\/a><\/p>\n","protected":false},"author":1,"featured_media":54121,"parent":41882,"menu_order":3068,"comment_status":"closed","ping_status":"closed","template":"page-with-child.php","meta":{"_acf_changed":false,"ngg_post_thumbnail":0,"footnotes":""},"class_list":["post-74093","page","type-page","status-publish","has-post-thumbnail","hentry"],"acf":[],"yoast_head":"<!-- This site is optimized with the Yoast SEO plugin v27.5 - https:\/\/yoast.com\/product\/yoast-seo-wordpress\/ -->\n<title>ARTEMISIA - WOHLBEFINDEN<\/title>\n<meta name=\"robots\" content=\"index, follow, max-snippet:-1, max-image-preview:large, max-video-preview:-1\" \/>\n<link rel=\"canonical\" href=\"https:\/\/bien-etreiris.ch\/de\/produktpraesentation\/zoom-die-welt-der-tiere\/gesundheit-der-tiere\/extrakte\/artemisia\/\" \/>\n<meta property=\"og:locale\" content=\"de_DE\" \/>\n<meta property=\"og:type\" content=\"article\" \/>\n<meta property=\"og:title\" content=\"ARTEMISIA - WOHLBEFINDEN\" \/>\n<meta property=\"og:description\" content=\"Artemisia Annua &nbsp; &nbsp; &nbsp; &nbsp; &nbsp; &nbsp; &nbsp; &nbsp; &nbsp; &nbsp; &nbsp; Le compl\u00e9ment alimentaire doux pour votre animal de compagnie. Chez les chats, \u00e0 utiliser uniquement sur indication du v\u00e9t\u00e9rinaire ou \u00e0 tr\u00e8s faible dose. 1 Bouteille 500 ml CHF 145.00 &nbsp; &nbsp; &nbsp; &nbsp; &nbsp; Teinture m\u00e8re d&#039;Artemisia annua en cas d&#039;infestation de parasites dans le tractus&nbsp;Weiter lesen\" \/>\n<meta property=\"og:url\" content=\"https:\/\/bien-etreiris.ch\/de\/produktpraesentation\/zoom-die-welt-der-tiere\/gesundheit-der-tiere\/extrakte\/artemisia\/\" \/>\n<meta property=\"og:site_name\" content=\"WOHLBEFINDEN\" \/>\n<meta property=\"article:publisher\" content=\"https:\/\/www.facebook.com\/bienetreiris\/\" \/>\n<meta property=\"article:modified_time\" content=\"2023-09-03T19:44:00+00:00\" \/>\n<meta property=\"og:image\" content=\"https:\/\/bien-etreiris.ch\/wp-content\/uploads\/2021\/09\/acceuil-Artemisa-1.jpg\" \/>\n\t<meta property=\"og:image:width\" content=\"500\" \/>\n\t<meta property=\"og:image:height\" content=\"332\" \/>\n\t<meta property=\"og:image:type\" content=\"image\/jpeg\" \/>\n<meta name=\"twitter:label1\" content=\"Gesch\u00e4tzte Lesezeit\" \/>\n\t<meta name=\"twitter:data1\" content=\"3\u00a0Minuten\" \/>\n<script type=\"application\/ld+json\" class=\"yoast-schema-graph\">{\"@context\":\"https:\\\/\\\/schema.org\",\"@graph\":[{\"@type\":\"WebPage\",\"@id\":\"https:\\\/\\\/bien-etreiris.ch\\\/de\\\/produktpraesentation\\\/zoom-die-welt-der-tiere\\\/gesundheit-der-tiere\\\/extrakte\\\/artemisia\\\/\",\"url\":\"https:\\\/\\\/bien-etreiris.ch\\\/de\\\/produktpraesentation\\\/zoom-die-welt-der-tiere\\\/gesundheit-der-tiere\\\/extrakte\\\/artemisia\\\/\",\"name\":\"ARTEMISIA - WOHLBEFINDEN\",\"isPartOf\":{\"@id\":\"https:\\\/\\\/bien-etreiris.ch\\\/de\\\/#website\"},\"primaryImageOfPage\":{\"@id\":\"https:\\\/\\\/bien-etreiris.ch\\\/de\\\/produktpraesentation\\\/zoom-die-welt-der-tiere\\\/gesundheit-der-tiere\\\/extrakte\\\/artemisia\\\/#primaryimage\"},\"image\":{\"@id\":\"https:\\\/\\\/bien-etreiris.ch\\\/de\\\/produktpraesentation\\\/zoom-die-welt-der-tiere\\\/gesundheit-der-tiere\\\/extrakte\\\/artemisia\\\/#primaryimage\"},\"thumbnailUrl\":\"https:\\\/\\\/bien-etreiris.ch\\\/wp-content\\\/uploads\\\/2021\\\/09\\\/acceuil-Artemisa-1.jpg\",\"datePublished\":\"2023-09-03T19:27:00+00:00\",\"dateModified\":\"2023-09-03T19:44:00+00:00\",\"breadcrumb\":{\"@id\":\"https:\\\/\\\/bien-etreiris.ch\\\/de\\\/produktpraesentation\\\/zoom-die-welt-der-tiere\\\/gesundheit-der-tiere\\\/extrakte\\\/artemisia\\\/#breadcrumb\"},\"inLanguage\":\"de\",\"potentialAction\":[{\"@type\":\"ReadAction\",\"target\":[\"https:\\\/\\\/bien-etreiris.ch\\\/de\\\/produktpraesentation\\\/zoom-die-welt-der-tiere\\\/gesundheit-der-tiere\\\/extrakte\\\/artemisia\\\/\"]}]},{\"@type\":\"ImageObject\",\"inLanguage\":\"de\",\"@id\":\"https:\\\/\\\/bien-etreiris.ch\\\/de\\\/produktpraesentation\\\/zoom-die-welt-der-tiere\\\/gesundheit-der-tiere\\\/extrakte\\\/artemisia\\\/#primaryimage\",\"url\":\"https:\\\/\\\/bien-etreiris.ch\\\/wp-content\\\/uploads\\\/2021\\\/09\\\/acceuil-Artemisa-1.jpg\",\"contentUrl\":\"https:\\\/\\\/bien-etreiris.ch\\\/wp-content\\\/uploads\\\/2021\\\/09\\\/acceuil-Artemisa-1.jpg\",\"width\":500,\"height\":332},{\"@type\":\"BreadcrumbList\",\"@id\":\"https:\\\/\\\/bien-etreiris.ch\\\/de\\\/produktpraesentation\\\/zoom-die-welt-der-tiere\\\/gesundheit-der-tiere\\\/extrakte\\\/artemisia\\\/#breadcrumb\",\"itemListElement\":[{\"@type\":\"ListItem\",\"position\":1,\"name\":\"Home\",\"item\":\"https:\\\/\\\/bien-etreiris.ch\\\/de\\\/\"},{\"@type\":\"ListItem\",\"position\":2,\"name\":\"PRODUKTPR\u00c4SENTATION\",\"item\":\"https:\\\/\\\/bien-etreiris.ch\\\/de\\\/produktpraesentation\\\/\"},{\"@type\":\"ListItem\",\"position\":3,\"name\":\"ZOOM \u2013 DIE WELT DER TIERE\",\"item\":\"https:\\\/\\\/bien-etreiris.ch\\\/de\\\/produktpraesentation\\\/zoom-die-welt-der-tiere\\\/\"},{\"@type\":\"ListItem\",\"position\":4,\"name\":\"GESUNDHEIT DER TIERE\",\"item\":\"https:\\\/\\\/bien-etreiris.ch\\\/de\\\/produktpraesentation\\\/zoom-die-welt-der-tiere\\\/gesundheit-der-tiere\\\/\"},{\"@type\":\"ListItem\",\"position\":5,\"name\":\"EXTRAKTE\",\"item\":\"https:\\\/\\\/bien-etreiris.ch\\\/de\\\/produktpraesentation\\\/zoom-die-welt-der-tiere\\\/gesundheit-der-tiere\\\/extrakte\\\/\"},{\"@type\":\"ListItem\",\"position\":6,\"name\":\"ARTEMISIA\"}]},{\"@type\":\"WebSite\",\"@id\":\"https:\\\/\\\/bien-etreiris.ch\\\/de\\\/#website\",\"url\":\"https:\\\/\\\/bien-etreiris.ch\\\/de\\\/\",\"name\":\"Bien-\u00eatre Iris\",\"description\":\"IHRE Gesundheit ist uns wichtig\",\"potentialAction\":[{\"@type\":\"SearchAction\",\"target\":{\"@type\":\"EntryPoint\",\"urlTemplate\":\"https:\\\/\\\/bien-etreiris.ch\\\/de\\\/?s={search_term_string}\"},\"query-input\":{\"@type\":\"PropertyValueSpecification\",\"valueRequired\":true,\"valueName\":\"search_term_string\"}}],\"inLanguage\":\"de\"}]}<\/script>\n<!-- \/ Yoast SEO plugin. -->","yoast_head_json":{"title":"ARTEMISIA - WOHLBEFINDEN","robots":{"index":"index","follow":"follow","max-snippet":"max-snippet:-1","max-image-preview":"max-image-preview:large","max-video-preview":"max-video-preview:-1"},"canonical":"https:\/\/bien-etreiris.ch\/de\/produktpraesentation\/zoom-die-welt-der-tiere\/gesundheit-der-tiere\/extrakte\/artemisia\/","og_locale":"de_DE","og_type":"article","og_title":"ARTEMISIA - WOHLBEFINDEN","og_description":"Artemisia Annua &nbsp; &nbsp; &nbsp; &nbsp; &nbsp; &nbsp; &nbsp; &nbsp; &nbsp; &nbsp; &nbsp; Le compl\u00e9ment alimentaire doux pour votre animal de compagnie. Chez les chats, \u00e0 utiliser uniquement sur indication du v\u00e9t\u00e9rinaire ou \u00e0 tr\u00e8s faible dose. 1 Bouteille 500 ml CHF 145.00 &nbsp; &nbsp; &nbsp; &nbsp; &nbsp; Teinture m\u00e8re d'Artemisia annua en cas d'infestation de parasites dans le tractus&nbsp;Weiter lesen","og_url":"https:\/\/bien-etreiris.ch\/de\/produktpraesentation\/zoom-die-welt-der-tiere\/gesundheit-der-tiere\/extrakte\/artemisia\/","og_site_name":"WOHLBEFINDEN","article_publisher":"https:\/\/www.facebook.com\/bienetreiris\/","article_modified_time":"2023-09-03T19:44:00+00:00","og_image":[{"width":500,"height":332,"url":"https:\/\/bien-etreiris.ch\/wp-content\/uploads\/2021\/09\/acceuil-Artemisa-1.jpg","type":"image\/jpeg"}],"twitter_misc":{"Gesch\u00e4tzte Lesezeit":"3\u00a0Minuten"},"schema":{"@context":"https:\/\/schema.org","@graph":[{"@type":"WebPage","@id":"https:\/\/bien-etreiris.ch\/de\/produktpraesentation\/zoom-die-welt-der-tiere\/gesundheit-der-tiere\/extrakte\/artemisia\/","url":"https:\/\/bien-etreiris.ch\/de\/produktpraesentation\/zoom-die-welt-der-tiere\/gesundheit-der-tiere\/extrakte\/artemisia\/","name":"ARTEMISIA - WOHLBEFINDEN","isPartOf":{"@id":"https:\/\/bien-etreiris.ch\/de\/#website"},"primaryImageOfPage":{"@id":"https:\/\/bien-etreiris.ch\/de\/produktpraesentation\/zoom-die-welt-der-tiere\/gesundheit-der-tiere\/extrakte\/artemisia\/#primaryimage"},"image":{"@id":"https:\/\/bien-etreiris.ch\/de\/produktpraesentation\/zoom-die-welt-der-tiere\/gesundheit-der-tiere\/extrakte\/artemisia\/#primaryimage"},"thumbnailUrl":"https:\/\/bien-etreiris.ch\/wp-content\/uploads\/2021\/09\/acceuil-Artemisa-1.jpg","datePublished":"2023-09-03T19:27:00+00:00","dateModified":"2023-09-03T19:44:00+00:00","breadcrumb":{"@id":"https:\/\/bien-etreiris.ch\/de\/produktpraesentation\/zoom-die-welt-der-tiere\/gesundheit-der-tiere\/extrakte\/artemisia\/#breadcrumb"},"inLanguage":"de","potentialAction":[{"@type":"ReadAction","target":["https:\/\/bien-etreiris.ch\/de\/produktpraesentation\/zoom-die-welt-der-tiere\/gesundheit-der-tiere\/extrakte\/artemisia\/"]}]},{"@type":"ImageObject","inLanguage":"de","@id":"https:\/\/bien-etreiris.ch\/de\/produktpraesentation\/zoom-die-welt-der-tiere\/gesundheit-der-tiere\/extrakte\/artemisia\/#primaryimage","url":"https:\/\/bien-etreiris.ch\/wp-content\/uploads\/2021\/09\/acceuil-Artemisa-1.jpg","contentUrl":"https:\/\/bien-etreiris.ch\/wp-content\/uploads\/2021\/09\/acceuil-Artemisa-1.jpg","width":500,"height":332},{"@type":"BreadcrumbList","@id":"https:\/\/bien-etreiris.ch\/de\/produktpraesentation\/zoom-die-welt-der-tiere\/gesundheit-der-tiere\/extrakte\/artemisia\/#breadcrumb","itemListElement":[{"@type":"ListItem","position":1,"name":"Home","item":"https:\/\/bien-etreiris.ch\/de\/"},{"@type":"ListItem","position":2,"name":"PRODUKTPR\u00c4SENTATION","item":"https:\/\/bien-etreiris.ch\/de\/produktpraesentation\/"},{"@type":"ListItem","position":3,"name":"ZOOM \u2013 DIE WELT DER TIERE","item":"https:\/\/bien-etreiris.ch\/de\/produktpraesentation\/zoom-die-welt-der-tiere\/"},{"@type":"ListItem","position":4,"name":"GESUNDHEIT DER TIERE","item":"https:\/\/bien-etreiris.ch\/de\/produktpraesentation\/zoom-die-welt-der-tiere\/gesundheit-der-tiere\/"},{"@type":"ListItem","position":5,"name":"EXTRAKTE","item":"https:\/\/bien-etreiris.ch\/de\/produktpraesentation\/zoom-die-welt-der-tiere\/gesundheit-der-tiere\/extrakte\/"},{"@type":"ListItem","position":6,"name":"ARTEMISIA"}]},{"@type":"WebSite","@id":"https:\/\/bien-etreiris.ch\/de\/#website","url":"https:\/\/bien-etreiris.ch\/de\/","name":"Bien-\u00eatre Iris","description":"IHRE Gesundheit ist uns wichtig","potentialAction":[{"@type":"SearchAction","target":{"@type":"EntryPoint","urlTemplate":"https:\/\/bien-etreiris.ch\/de\/?s={search_term_string}"},"query-input":{"@type":"PropertyValueSpecification","valueRequired":true,"valueName":"search_term_string"}}],"inLanguage":"de"}]}},"_links":{"self":[{"href":"https:\/\/bien-etreiris.ch\/de\/wp-json\/wp\/v2\/pages\/74093","targetHints":{"allow":["GET"]}}],"collection":[{"href":"https:\/\/bien-etreiris.ch\/de\/wp-json\/wp\/v2\/pages"}],"about":[{"href":"https:\/\/bien-etreiris.ch\/de\/wp-json\/wp\/v2\/types\/page"}],"author":[{"embeddable":true,"href":"https:\/\/bien-etreiris.ch\/de\/wp-json\/wp\/v2\/users\/1"}],"replies":[{"embeddable":true,"href":"https:\/\/bien-etreiris.ch\/de\/wp-json\/wp\/v2\/comments?post=74093"}],"version-history":[{"count":4,"href":"https:\/\/bien-etreiris.ch\/de\/wp-json\/wp\/v2\/pages\/74093\/revisions"}],"predecessor-version":[{"id":74110,"href":"https:\/\/bien-etreiris.ch\/de\/wp-json\/wp\/v2\/pages\/74093\/revisions\/74110"}],"up":[{"embeddable":true,"href":"https:\/\/bien-etreiris.ch\/de\/wp-json\/wp\/v2\/pages\/41882"}],"wp:featuredmedia":[{"embeddable":true,"href":"https:\/\/bien-etreiris.ch\/de\/wp-json\/wp\/v2\/media\/54121"}],"wp:attachment":[{"href":"https:\/\/bien-etreiris.ch\/de\/wp-json\/wp\/v2\/media?parent=74093"}],"curies":[{"name":"wp","href":"https:\/\/api.w.org\/{rel}","templated":true}]}}