{"id":74041,"date":"2023-08-27T12:57:50","date_gmt":"2023-08-27T10:57:50","guid":{"rendered":"https:\/\/bien-etreiris.ch\/raifort\/"},"modified":"2024-03-29T17:00:17","modified_gmt":"2024-03-29T15:00:17","slug":"raifort","status":"publish","type":"page","link":"https:\/\/bien-etreiris.ch\/de\/produktpraesentation\/gesundes-leben\/gesunde-lebensmittel\/superfoods\/pasten-und-puerees\/raifort\/","title":{"rendered":"RAIFORT"},"content":{"rendered":"<h2>Raifort<\/h2>\n<p><a href=\"https:\/\/bien-etreiris.ch\/produktpraesentation\/gesundes-leben\/gesunde-lebensmittel\/superfoods\/pasten-und-puerees\/raifort\/raifort\/\" rel=\"attachment wp-att-74028\"><img loading=\"lazy\" decoding=\"async\" class=\"wp-image-74028 alignleft\" src=\"https:\/\/bien-etreiris.ch\/wp-content\/uploads\/2023\/08\/Raifort-1.jpg\" alt=\"\" width=\"254\" height=\"254\" srcset=\"https:\/\/bien-etreiris.ch\/wp-content\/uploads\/2023\/08\/Raifort-1.jpg 600w, https:\/\/bien-etreiris.ch\/wp-content\/uploads\/2023\/08\/Raifort-1-300x300.jpg 300w, https:\/\/bien-etreiris.ch\/wp-content\/uploads\/2023\/08\/Raifort-1-150x150.jpg 150w\" sizes=\"auto, (max-width: 254px) 100vw, 254px\" \/><\/a><\/p>\n<p>&nbsp;<\/p>\n<p>PURAL<\/p>\n<p class=\"gds-text ProductDetailsInfos_gwz-product-details-infos__brand__tggDa --bold\"><span style=\"color: #ffffff; background-color: #ff9900;\">demeter<\/span><\/p>\n<div class=\"gds-text ProductDetailsInfos_gwz-product-details-infos__short-description__rVN7M\">\n<p>Raifort, un condiment au go\u00fbt prononc\u00e9 et poivr\u00e9 id\u00e9al pour relever vos plats. Il peut remplacer la moutarde.<\/p>\n<p><a href=\"https:\/\/bien-etreiris.ch\/de\/produktpraesentation\/gesundes-leben\/gesunde-lebensmittel\/superfoods\/pasten-und-puerees\/raifort\/kuhlzeichen-2\/\" rel=\"attachment wp-att-74034\"><img loading=\"lazy\" decoding=\"async\" class=\"alignnone  wp-image-74034\" src=\"https:\/\/bien-etreiris.ch\/wp-content\/uploads\/2023\/08\/kuhlzeichen.jpg\" alt=\"\" width=\"20\" height=\"19\"><\/a>&nbsp;Produit frais que vous trouverez dans notre r\u00e9frig\u00e9rateur et qu'il vaut mieux transporter au frais.<\/p>\n<p>Pot en verre de 125g <strong>CHF 3.60<\/strong><\/p>\n<\/div>\n<p>&nbsp;<\/p>\n<p>&nbsp;<\/p>\n<h4 class=\"gds-title ProductDescriptionAttribute_gwz-product-description-attribute__title__Kchdb --font-body --md\">Description produit<\/h4>\n<div class=\"ProductDescription_gwz-product-description__content__peK4Y\">\n<div class=\"gds-text ProductDescriptionGeneral_gwz-product-information-general__description__qL7eY\">\n<p>Raifort, un condiment au go\u00fbt prononc\u00e9 et poivr\u00e9 id\u00e9al pour relever vos plats. Il peut remplacer la moutarde.<\/p>\n<\/div>\n<div class=\"gds-text ProductDescriptionGeneral_gwz-product-information-general__description__qL7eY\">\n<p>D\u00e9couvrez le&nbsp;<em><strong>Raifort&nbsp;<\/strong>de&nbsp;<strong>Pural Frais<\/strong><\/em>, une plante herbac\u00e9e vivace cultiv\u00e9e pour sa racine \u00e0 usage condimentaire. Le raifort est un <strong>condiment au go\u00fbt prononc\u00e9<\/strong>,<strong> piquant et poivr\u00e9<\/strong>, ressemblant \u00e0 la <strong>moutarde forte<\/strong>. Id\u00e9al pour relev\u00e9 vos plats.&nbsp;<\/p>\n<p>&nbsp;<\/p>\n<\/div>\n<\/div>\n<p>&nbsp;<\/p>\n<section class=\"ProductDescriptionAttribute_gwz-product-description-attribute__section__BjUvI\">\n<h4 class=\"gds-title ProductDescriptionAttribute_gwz-product-description-attribute__title__Kchdb --font-body --md\">Caract\u00e9ristiques<\/h4>\n<div class=\"gds-text ProductInformationText_gwz-product-information-text__pyRX4 ProductDescription_gwz-product-description__content__peK4Y\">\n<p><em><strong>Ingr\u00e9dients<\/strong> :<\/em>&nbsp;Raifort** (53%), eau, vinaigre de cidre**, huile de tournesol**, concentr\u00e9 de jus de pomme*, sel marin, \u00e9paississant : farine de graines de guar*.&nbsp;<\/p>\n<p>* Ingr\u00e9dients issus de l'agriculture biologique&nbsp;<br \/>\n** Ingr\u00e9dients issus de l'agriculture bio-dynamique&nbsp;<\/p>\n<h4><strong>Analyse nutritionnelle moyenne<\/strong> :&nbsp;<\/h4>\n<p>\u00c9nergie : 519kJ \/ 124kcal<br \/>\nMati\u00e8res grasses : 7,4g<br \/>\nDont acides gras satur\u00e9s : 0,86g<br \/>\nGlucides : 14,7g&nbsp;<br \/>\nDont sucres : 5,11g<br \/>\nProt\u00e9ines : 4,7g<br \/>\nSel : 1,52g&nbsp;<\/p>\n<p><strong><em>Contenance<\/em><\/strong> : 125g&nbsp;<\/p>\n<p><em><strong>Fabrication<\/strong><\/em> : Allemagne&nbsp;<\/p>\n<\/div>\n<\/section>\n<p>&nbsp;<\/p>\n<h2>&nbsp;<\/h2>\n<p>&nbsp;<\/p>\n","protected":false},"excerpt":{"rendered":"<p>Raifort &nbsp; PURAL demeter Raifort, un condiment au go\u00fbt prononc\u00e9 et poivr\u00e9 id\u00e9al pour relever vos plats. Il peut remplacer la moutarde. &nbsp;Produit frais que vous trouverez dans notre r\u00e9frig\u00e9rateur et qu'il vaut mieux transporter au frais. Pot en verre de 125g CHF 3.60 &nbsp; &nbsp; Description produit Raifort, un condiment au go\u00fbt prononc\u00e9 et poivr\u00e9 id\u00e9al pour relever vos&nbsp;<a href=\"https:\/\/bien-etreiris.ch\/de\/produktpraesentation\/gesundes-leben\/gesunde-lebensmittel\/superfoods\/pasten-und-puerees\/raifort\/\" class=\"read-more\">Weiter lesen<\/a><\/p>\n","protected":false},"author":1,"featured_media":74022,"parent":46680,"menu_order":3069,"comment_status":"closed","ping_status":"closed","template":"page-with-child.php","meta":{"_acf_changed":false,"ngg_post_thumbnail":0,"footnotes":""},"class_list":["post-74041","page","type-page","status-publish","has-post-thumbnail","hentry"],"acf":[],"yoast_head":"<!-- This site is optimized with the Yoast SEO plugin v27.4 - https:\/\/yoast.com\/product\/yoast-seo-wordpress\/ -->\n<title>RAIFORT - WOHLBEFINDEN<\/title>\n<meta name=\"robots\" content=\"index, follow, max-snippet:-1, max-image-preview:large, max-video-preview:-1\" \/>\n<link rel=\"canonical\" href=\"https:\/\/bien-etreiris.ch\/de\/produktpraesentation\/gesundes-leben\/gesunde-lebensmittel\/superfoods\/pasten-und-puerees\/raifort\/\" \/>\n<meta property=\"og:locale\" content=\"de_DE\" \/>\n<meta property=\"og:type\" content=\"article\" \/>\n<meta property=\"og:title\" content=\"RAIFORT - WOHLBEFINDEN\" \/>\n<meta property=\"og:description\" content=\"Raifort &nbsp; PURAL demeter Raifort, un condiment au go\u00fbt prononc\u00e9 et poivr\u00e9 id\u00e9al pour relever vos plats. Il peut remplacer la moutarde. &nbsp;Produit frais que vous trouverez dans notre r\u00e9frig\u00e9rateur et qu&#039;il vaut mieux transporter au frais. Pot en verre de 125g CHF 3.60 &nbsp; &nbsp; Description produit Raifort, un condiment au go\u00fbt prononc\u00e9 et poivr\u00e9 id\u00e9al pour relever vos&nbsp;Weiter lesen\" \/>\n<meta property=\"og:url\" content=\"https:\/\/bien-etreiris.ch\/de\/produktpraesentation\/gesundes-leben\/gesunde-lebensmittel\/superfoods\/pasten-und-puerees\/raifort\/\" \/>\n<meta property=\"og:site_name\" content=\"WOHLBEFINDEN\" \/>\n<meta property=\"article:publisher\" content=\"https:\/\/www.facebook.com\/bienetreiris\/\" \/>\n<meta property=\"article:modified_time\" content=\"2024-03-29T15:00:17+00:00\" \/>\n<meta property=\"og:image\" content=\"https:\/\/bien-etreiris.ch\/wp-content\/uploads\/2023\/08\/raifort.jpg\" \/>\n\t<meta property=\"og:image:width\" content=\"500\" \/>\n\t<meta property=\"og:image:height\" content=\"333\" \/>\n\t<meta property=\"og:image:type\" content=\"image\/jpeg\" \/>\n<meta name=\"twitter:label1\" content=\"Gesch\u00e4tzte Lesezeit\" \/>\n\t<meta name=\"twitter:data1\" content=\"2\u00a0Minuten\" \/>\n<script type=\"application\/ld+json\" class=\"yoast-schema-graph\">{\"@context\":\"https:\\\/\\\/schema.org\",\"@graph\":[{\"@type\":\"WebPage\",\"@id\":\"https:\\\/\\\/bien-etreiris.ch\\\/de\\\/produktpraesentation\\\/gesundes-leben\\\/gesunde-lebensmittel\\\/superfoods\\\/pasten-und-puerees\\\/raifort\\\/\",\"url\":\"https:\\\/\\\/bien-etreiris.ch\\\/de\\\/produktpraesentation\\\/gesundes-leben\\\/gesunde-lebensmittel\\\/superfoods\\\/pasten-und-puerees\\\/raifort\\\/\",\"name\":\"RAIFORT - WOHLBEFINDEN\",\"isPartOf\":{\"@id\":\"https:\\\/\\\/bien-etreiris.ch\\\/de\\\/#website\"},\"primaryImageOfPage\":{\"@id\":\"https:\\\/\\\/bien-etreiris.ch\\\/de\\\/produktpraesentation\\\/gesundes-leben\\\/gesunde-lebensmittel\\\/superfoods\\\/pasten-und-puerees\\\/raifort\\\/#primaryimage\"},\"image\":{\"@id\":\"https:\\\/\\\/bien-etreiris.ch\\\/de\\\/produktpraesentation\\\/gesundes-leben\\\/gesunde-lebensmittel\\\/superfoods\\\/pasten-und-puerees\\\/raifort\\\/#primaryimage\"},\"thumbnailUrl\":\"https:\\\/\\\/bien-etreiris.ch\\\/wp-content\\\/uploads\\\/2023\\\/08\\\/raifort.jpg\",\"datePublished\":\"2023-08-27T10:57:50+00:00\",\"dateModified\":\"2024-03-29T15:00:17+00:00\",\"breadcrumb\":{\"@id\":\"https:\\\/\\\/bien-etreiris.ch\\\/de\\\/produktpraesentation\\\/gesundes-leben\\\/gesunde-lebensmittel\\\/superfoods\\\/pasten-und-puerees\\\/raifort\\\/#breadcrumb\"},\"inLanguage\":\"de\",\"potentialAction\":[{\"@type\":\"ReadAction\",\"target\":[\"https:\\\/\\\/bien-etreiris.ch\\\/de\\\/produktpraesentation\\\/gesundes-leben\\\/gesunde-lebensmittel\\\/superfoods\\\/pasten-und-puerees\\\/raifort\\\/\"]}]},{\"@type\":\"ImageObject\",\"inLanguage\":\"de\",\"@id\":\"https:\\\/\\\/bien-etreiris.ch\\\/de\\\/produktpraesentation\\\/gesundes-leben\\\/gesunde-lebensmittel\\\/superfoods\\\/pasten-und-puerees\\\/raifort\\\/#primaryimage\",\"url\":\"https:\\\/\\\/bien-etreiris.ch\\\/wp-content\\\/uploads\\\/2023\\\/08\\\/raifort.jpg\",\"contentUrl\":\"https:\\\/\\\/bien-etreiris.ch\\\/wp-content\\\/uploads\\\/2023\\\/08\\\/raifort.jpg\",\"width\":500,\"height\":333},{\"@type\":\"BreadcrumbList\",\"@id\":\"https:\\\/\\\/bien-etreiris.ch\\\/de\\\/produktpraesentation\\\/gesundes-leben\\\/gesunde-lebensmittel\\\/superfoods\\\/pasten-und-puerees\\\/raifort\\\/#breadcrumb\",\"itemListElement\":[{\"@type\":\"ListItem\",\"position\":1,\"name\":\"Home\",\"item\":\"https:\\\/\\\/bien-etreiris.ch\\\/de\\\/\"},{\"@type\":\"ListItem\",\"position\":2,\"name\":\"PRODUKTPR\u00c4SENTATION\",\"item\":\"https:\\\/\\\/bien-etreiris.ch\\\/de\\\/produktpraesentation\\\/\"},{\"@type\":\"ListItem\",\"position\":3,\"name\":\"GESUNDES LEBEN\",\"item\":\"https:\\\/\\\/bien-etreiris.ch\\\/de\\\/produktpraesentation\\\/gesundes-leben\\\/\"},{\"@type\":\"ListItem\",\"position\":4,\"name\":\"GESUNDE LEBENSMITTEL\",\"item\":\"https:\\\/\\\/bien-etreiris.ch\\\/de\\\/produktpraesentation\\\/gesundes-leben\\\/gesunde-lebensmittel\\\/\"},{\"@type\":\"ListItem\",\"position\":5,\"name\":\"SUPERFOODS\",\"item\":\"https:\\\/\\\/bien-etreiris.ch\\\/de\\\/produktpraesentation\\\/gesundes-leben\\\/gesunde-lebensmittel\\\/superfoods\\\/\"},{\"@type\":\"ListItem\",\"position\":6,\"name\":\"PASTEN &#038; P\u00dcREES\",\"item\":\"https:\\\/\\\/bien-etreiris.ch\\\/de\\\/produktpraesentation\\\/gesundes-leben\\\/gesunde-lebensmittel\\\/superfoods\\\/pasten-und-puerees\\\/\"},{\"@type\":\"ListItem\",\"position\":7,\"name\":\"RAIFORT\"}]},{\"@type\":\"WebSite\",\"@id\":\"https:\\\/\\\/bien-etreiris.ch\\\/de\\\/#website\",\"url\":\"https:\\\/\\\/bien-etreiris.ch\\\/de\\\/\",\"name\":\"Bien-\u00eatre Iris\",\"description\":\"IHRE Gesundheit ist uns wichtig\",\"potentialAction\":[{\"@type\":\"SearchAction\",\"target\":{\"@type\":\"EntryPoint\",\"urlTemplate\":\"https:\\\/\\\/bien-etreiris.ch\\\/de\\\/?s={search_term_string}\"},\"query-input\":{\"@type\":\"PropertyValueSpecification\",\"valueRequired\":true,\"valueName\":\"search_term_string\"}}],\"inLanguage\":\"de\"}]}<\/script>\n<!-- \/ Yoast SEO plugin. -->","yoast_head_json":{"title":"RAIFORT - WOHLBEFINDEN","robots":{"index":"index","follow":"follow","max-snippet":"max-snippet:-1","max-image-preview":"max-image-preview:large","max-video-preview":"max-video-preview:-1"},"canonical":"https:\/\/bien-etreiris.ch\/de\/produktpraesentation\/gesundes-leben\/gesunde-lebensmittel\/superfoods\/pasten-und-puerees\/raifort\/","og_locale":"de_DE","og_type":"article","og_title":"RAIFORT - WOHLBEFINDEN","og_description":"Raifort &nbsp; PURAL demeter Raifort, un condiment au go\u00fbt prononc\u00e9 et poivr\u00e9 id\u00e9al pour relever vos plats. Il peut remplacer la moutarde. &nbsp;Produit frais que vous trouverez dans notre r\u00e9frig\u00e9rateur et qu'il vaut mieux transporter au frais. Pot en verre de 125g CHF 3.60 &nbsp; &nbsp; Description produit Raifort, un condiment au go\u00fbt prononc\u00e9 et poivr\u00e9 id\u00e9al pour relever vos&nbsp;Weiter lesen","og_url":"https:\/\/bien-etreiris.ch\/de\/produktpraesentation\/gesundes-leben\/gesunde-lebensmittel\/superfoods\/pasten-und-puerees\/raifort\/","og_site_name":"WOHLBEFINDEN","article_publisher":"https:\/\/www.facebook.com\/bienetreiris\/","article_modified_time":"2024-03-29T15:00:17+00:00","og_image":[{"width":500,"height":333,"url":"https:\/\/bien-etreiris.ch\/wp-content\/uploads\/2023\/08\/raifort.jpg","type":"image\/jpeg"}],"twitter_misc":{"Gesch\u00e4tzte Lesezeit":"2\u00a0Minuten"},"schema":{"@context":"https:\/\/schema.org","@graph":[{"@type":"WebPage","@id":"https:\/\/bien-etreiris.ch\/de\/produktpraesentation\/gesundes-leben\/gesunde-lebensmittel\/superfoods\/pasten-und-puerees\/raifort\/","url":"https:\/\/bien-etreiris.ch\/de\/produktpraesentation\/gesundes-leben\/gesunde-lebensmittel\/superfoods\/pasten-und-puerees\/raifort\/","name":"RAIFORT - WOHLBEFINDEN","isPartOf":{"@id":"https:\/\/bien-etreiris.ch\/de\/#website"},"primaryImageOfPage":{"@id":"https:\/\/bien-etreiris.ch\/de\/produktpraesentation\/gesundes-leben\/gesunde-lebensmittel\/superfoods\/pasten-und-puerees\/raifort\/#primaryimage"},"image":{"@id":"https:\/\/bien-etreiris.ch\/de\/produktpraesentation\/gesundes-leben\/gesunde-lebensmittel\/superfoods\/pasten-und-puerees\/raifort\/#primaryimage"},"thumbnailUrl":"https:\/\/bien-etreiris.ch\/wp-content\/uploads\/2023\/08\/raifort.jpg","datePublished":"2023-08-27T10:57:50+00:00","dateModified":"2024-03-29T15:00:17+00:00","breadcrumb":{"@id":"https:\/\/bien-etreiris.ch\/de\/produktpraesentation\/gesundes-leben\/gesunde-lebensmittel\/superfoods\/pasten-und-puerees\/raifort\/#breadcrumb"},"inLanguage":"de","potentialAction":[{"@type":"ReadAction","target":["https:\/\/bien-etreiris.ch\/de\/produktpraesentation\/gesundes-leben\/gesunde-lebensmittel\/superfoods\/pasten-und-puerees\/raifort\/"]}]},{"@type":"ImageObject","inLanguage":"de","@id":"https:\/\/bien-etreiris.ch\/de\/produktpraesentation\/gesundes-leben\/gesunde-lebensmittel\/superfoods\/pasten-und-puerees\/raifort\/#primaryimage","url":"https:\/\/bien-etreiris.ch\/wp-content\/uploads\/2023\/08\/raifort.jpg","contentUrl":"https:\/\/bien-etreiris.ch\/wp-content\/uploads\/2023\/08\/raifort.jpg","width":500,"height":333},{"@type":"BreadcrumbList","@id":"https:\/\/bien-etreiris.ch\/de\/produktpraesentation\/gesundes-leben\/gesunde-lebensmittel\/superfoods\/pasten-und-puerees\/raifort\/#breadcrumb","itemListElement":[{"@type":"ListItem","position":1,"name":"Home","item":"https:\/\/bien-etreiris.ch\/de\/"},{"@type":"ListItem","position":2,"name":"PRODUKTPR\u00c4SENTATION","item":"https:\/\/bien-etreiris.ch\/de\/produktpraesentation\/"},{"@type":"ListItem","position":3,"name":"GESUNDES LEBEN","item":"https:\/\/bien-etreiris.ch\/de\/produktpraesentation\/gesundes-leben\/"},{"@type":"ListItem","position":4,"name":"GESUNDE LEBENSMITTEL","item":"https:\/\/bien-etreiris.ch\/de\/produktpraesentation\/gesundes-leben\/gesunde-lebensmittel\/"},{"@type":"ListItem","position":5,"name":"SUPERFOODS","item":"https:\/\/bien-etreiris.ch\/de\/produktpraesentation\/gesundes-leben\/gesunde-lebensmittel\/superfoods\/"},{"@type":"ListItem","position":6,"name":"PASTEN &#038; P\u00dcREES","item":"https:\/\/bien-etreiris.ch\/de\/produktpraesentation\/gesundes-leben\/gesunde-lebensmittel\/superfoods\/pasten-und-puerees\/"},{"@type":"ListItem","position":7,"name":"RAIFORT"}]},{"@type":"WebSite","@id":"https:\/\/bien-etreiris.ch\/de\/#website","url":"https:\/\/bien-etreiris.ch\/de\/","name":"Bien-\u00eatre Iris","description":"IHRE Gesundheit ist uns wichtig","potentialAction":[{"@type":"SearchAction","target":{"@type":"EntryPoint","urlTemplate":"https:\/\/bien-etreiris.ch\/de\/?s={search_term_string}"},"query-input":{"@type":"PropertyValueSpecification","valueRequired":true,"valueName":"search_term_string"}}],"inLanguage":"de"}]}},"_links":{"self":[{"href":"https:\/\/bien-etreiris.ch\/de\/wp-json\/wp\/v2\/pages\/74041","targetHints":{"allow":["GET"]}}],"collection":[{"href":"https:\/\/bien-etreiris.ch\/de\/wp-json\/wp\/v2\/pages"}],"about":[{"href":"https:\/\/bien-etreiris.ch\/de\/wp-json\/wp\/v2\/types\/page"}],"author":[{"embeddable":true,"href":"https:\/\/bien-etreiris.ch\/de\/wp-json\/wp\/v2\/users\/1"}],"replies":[{"embeddable":true,"href":"https:\/\/bien-etreiris.ch\/de\/wp-json\/wp\/v2\/comments?post=74041"}],"version-history":[{"count":3,"href":"https:\/\/bien-etreiris.ch\/de\/wp-json\/wp\/v2\/pages\/74041\/revisions"}],"predecessor-version":[{"id":84517,"href":"https:\/\/bien-etreiris.ch\/de\/wp-json\/wp\/v2\/pages\/74041\/revisions\/84517"}],"up":[{"embeddable":true,"href":"https:\/\/bien-etreiris.ch\/de\/wp-json\/wp\/v2\/pages\/46680"}],"wp:featuredmedia":[{"embeddable":true,"href":"https:\/\/bien-etreiris.ch\/de\/wp-json\/wp\/v2\/media\/74022"}],"wp:attachment":[{"href":"https:\/\/bien-etreiris.ch\/de\/wp-json\/wp\/v2\/media?parent=74041"}],"curies":[{"name":"wp","href":"https:\/\/api.w.org\/{rel}","templated":true}]}}