{"id":73841,"date":"2023-08-16T10:53:32","date_gmt":"2023-08-16T08:53:32","guid":{"rendered":"https:\/\/bien-etreiris.ch\/mct\/"},"modified":"2023-10-25T12:44:11","modified_gmt":"2023-10-25T10:44:11","slug":"mct","status":"publish","type":"page","link":"https:\/\/bien-etreiris.ch\/de\/produktpraesentation\/gesundes-leben\/gesunde-lebensmittel\/zutaten-wohlbefinden\/pflanzliche-speiseoele\/mct\/","title":{"rendered":"MCT"},"content":{"rendered":"<h2>Huile MCT - Medium-Chain Triglycerides<\/h2>\n<p>&nbsp;<\/p>\n<p><a href=\"https:\/\/bien-etreiris.ch\/guide-lumiere-conseil\/mode-de-vie-sain\/nutrition\/ingredients\/huiles-vegetales-guide\/mct\/mct-huile\/\" rel=\"attachment wp-att-73819\"><img loading=\"lazy\" decoding=\"async\" class=\" wp-image-73819 alignleft\" src=\"https:\/\/bien-etreiris.ch\/wp-content\/uploads\/2023\/08\/MCT-huile.jpg\" alt=\"\" width=\"256\" height=\"667\" srcset=\"https:\/\/bien-etreiris.ch\/wp-content\/uploads\/2023\/08\/MCT-huile.jpg 307w, https:\/\/bien-etreiris.ch\/wp-content\/uploads\/2023\/08\/MCT-huile-115x300.jpg 115w\" sizes=\"auto, (max-width: 256px) 100vw, 256px\" \/><\/a><\/p>\n<p>&nbsp;<\/p>\n<p>&nbsp;<\/p>\n<p>&nbsp;<\/p>\n<p>&nbsp;<\/p>\n<p>&nbsp;<\/p>\n<p>&nbsp;<\/p>\n<p>&nbsp;<\/p>\n<p>&nbsp;<\/p>\n<p>&nbsp;<\/p>\n<p>&nbsp;<\/p>\n<p><a href=\"https:\/\/bien-etreiris.ch\/de\/unsere-marken\/unimedica\/\" target=\"_blank\" rel=\"noopener\"><strong><span style=\"color: #ffcc00;\">Unimedica<\/span><\/strong><\/a><\/p>\n<p>Huile MCT&nbsp; BIO - C8 + C10 -<\/p>\n<p>500 ml <strong>CHF 17.10<\/strong><\/p>\n<p>&nbsp;<\/p>\n<p>60 % d'acide caprylique et 40 % d'acide caprique \u00e0 base d'huile de coco de qualit\u00e9 biologique - sans go\u00fbt ni odeur<\/p>\n<p>&nbsp;<\/p>\n<p>L\u2019huile MCT provient de l\u2019acronyme Medium-Chain Triglycerides en anglais ou de Triglyc\u00e9rides \u00e0 Cha\u00eene Moyenne en fran\u00e7ais.<\/p>\n<p>&nbsp;<\/p>\n<p>L\u2019huile MCT est de plus en plus pl\u00e9biscit\u00e9e depuis ces derni\u00e8res ann\u00e9es.<\/p>\n<p>Est-ce un effet de mode ou un<a href=\"https:\/\/bien-etreiris.ch\/de\/ratgeber-klarheit-beratung\/gesunder-lebensstil\/naehrstoffe\/inhaltsstoffe-in-unseren-lebensmitteln\/pflanzenoele\/mct-oel\/\" target=\"_blank\" rel=\"noopener\"><em><span style=\"color: #99cc00;\"> buzz marketing<\/span> <\/em><\/a>?<\/p>\n<p>Ou y a-t-il de r\u00e9els bienfaits <a href=\"https:\/\/bien-etreiris.ch\/de\/ratgeber-klarheit-beratung\/gesunder-lebensstil\/naehrstoffe\/inhaltsstoffe-in-unseren-lebensmitteln\/pflanzenoele\/mct-oel\/\" target=\"_blank\" rel=\"noopener\"><em><strong><span style=\"color: #99cc00;\">pour la sant\u00e9<\/span> <\/strong><\/em><\/a>?<\/p>\n<p>De nombreuses \u00e9tudes scientifiques se sont pench\u00e9es sur les bienfaits de l\u2019huile MCT pour l\u2019organisme.<\/p>\n<p>Tout d\u2019abord, les MCT sont des triglyc\u00e9rides facilement absorb\u00e9s et assimil\u00e9s, ce qui peut \u00eatre un atout ind\u00e9niable pour les personnes qui dig\u00e8rent difficilement les graisses alimentaires.<\/p>\n<p>De plus, les MCT favorisent la production de c\u00e9tones. Ces derniers permettraient d\u2019acc\u00e9l\u00e9rer la perte de poids lors d\u2019un r\u00e9gime c\u00e9tog\u00e8ne ou encore de r\u00e9duire les crises d\u2019\u00e9pilepsie dans les formes les plus r\u00e9sistantes.<\/p>\n<p>Toutefois, l\u2019int\u00e9r\u00eat de l\u2019huile MCT dans les maladies neurologiques reste pour le moment \u00e0 l\u2019\u00e9tude.<\/p>\n<p>En parall\u00e8le, l\u2019huile MCT est souvent d\u00e9crite pour am\u00e9liorer les performances sportives ou r\u00e9duire le cholest\u00e9rol sanguin sans pour autant avoir de retours probants \u00e0 ce sujet.<\/p>\n<p>Cet article reprend l\u2019ensemble des recherches actuelles en lien avec les bienfaits de l\u2019huile MCT.<\/p>\n<p>&nbsp;<\/p>\n<h2><a href=\"https:\/\/bien-etreiris.ch\/de\/ratgeber-klarheit-beratung\/gesunder-lebensstil\/naehrstoffe\/inhaltsstoffe-in-unseren-lebensmitteln\/pflanzenoele\/mct-oel\/\" target=\"_blank\" rel=\"noopener\"><em><strong><span style=\"color: #99cc00;\">Si vous souhaitez en savoir plus sur l'huile MCT, cliquez ici.<\/span><\/strong><\/em><\/a><\/h2>\n<p>&nbsp;<\/p>\n","protected":false},"excerpt":{"rendered":"<p>Huile MCT - Medium-Chain Triglycerides &nbsp; &nbsp; &nbsp; &nbsp; &nbsp; &nbsp; &nbsp; &nbsp; &nbsp; &nbsp; &nbsp; Unimedica Huile MCT&nbsp; BIO - C8 + C10 - 500 ml CHF 17.10 &nbsp; 60 % d'acide caprylique et 40 % d'acide caprique \u00e0 base d'huile de coco de qualit\u00e9 biologique - sans go\u00fbt ni odeur &nbsp; L\u2019huile MCT provient de l\u2019acronyme Medium-Chain Triglycerides&nbsp;<a href=\"https:\/\/bien-etreiris.ch\/de\/produktpraesentation\/gesundes-leben\/gesunde-lebensmittel\/zutaten-wohlbefinden\/pflanzliche-speiseoele\/mct\/\" class=\"read-more\">Weiter lesen<\/a><\/p>\n","protected":false},"author":1,"featured_media":73835,"parent":40140,"menu_order":3101,"comment_status":"closed","ping_status":"closed","template":"page-with-child.php","meta":{"_acf_changed":false,"ngg_post_thumbnail":0,"footnotes":""},"class_list":["post-73841","page","type-page","status-publish","has-post-thumbnail","hentry"],"acf":[],"yoast_head":"<!-- This site is optimized with the Yoast SEO plugin v27.5 - https:\/\/yoast.com\/product\/yoast-seo-wordpress\/ -->\n<title>MCT - WOHLBEFINDEN<\/title>\n<meta name=\"robots\" content=\"index, follow, max-snippet:-1, max-image-preview:large, max-video-preview:-1\" \/>\n<link rel=\"canonical\" href=\"https:\/\/bien-etreiris.ch\/de\/produktpraesentation\/gesundes-leben\/gesunde-lebensmittel\/zutaten-wohlbefinden\/pflanzliche-speiseoele\/mct\/\" \/>\n<meta property=\"og:locale\" content=\"de_DE\" \/>\n<meta property=\"og:type\" content=\"article\" \/>\n<meta property=\"og:title\" content=\"MCT - WOHLBEFINDEN\" \/>\n<meta property=\"og:description\" content=\"Huile MCT - Medium-Chain Triglycerides &nbsp; &nbsp; &nbsp; &nbsp; &nbsp; &nbsp; &nbsp; &nbsp; &nbsp; &nbsp; &nbsp; Unimedica Huile MCT&nbsp; BIO - C8 + C10 - 500 ml CHF 17.10 &nbsp; 60 % d&#039;acide caprylique et 40 % d&#039;acide caprique \u00e0 base d&#039;huile de coco de qualit\u00e9 biologique - sans go\u00fbt ni odeur &nbsp; L\u2019huile MCT provient de l\u2019acronyme Medium-Chain Triglycerides&nbsp;Weiter lesen\" \/>\n<meta property=\"og:url\" content=\"https:\/\/bien-etreiris.ch\/de\/produktpraesentation\/gesundes-leben\/gesunde-lebensmittel\/zutaten-wohlbefinden\/pflanzliche-speiseoele\/mct\/\" \/>\n<meta property=\"og:site_name\" content=\"WOHLBEFINDEN\" \/>\n<meta property=\"article:publisher\" content=\"https:\/\/www.facebook.com\/bienetreiris\/\" \/>\n<meta property=\"article:modified_time\" content=\"2023-10-25T10:44:11+00:00\" \/>\n<meta property=\"og:image\" content=\"https:\/\/bien-etreiris.ch\/wp-content\/uploads\/2023\/08\/acceuil-MCT.jpg\" \/>\n\t<meta property=\"og:image:width\" content=\"500\" \/>\n\t<meta property=\"og:image:height\" content=\"333\" \/>\n\t<meta property=\"og:image:type\" content=\"image\/jpeg\" \/>\n<meta name=\"twitter:label1\" content=\"Gesch\u00e4tzte Lesezeit\" \/>\n\t<meta name=\"twitter:data1\" content=\"2\u00a0Minuten\" \/>\n<script type=\"application\/ld+json\" class=\"yoast-schema-graph\">{\"@context\":\"https:\\\/\\\/schema.org\",\"@graph\":[{\"@type\":\"WebPage\",\"@id\":\"https:\\\/\\\/bien-etreiris.ch\\\/de\\\/produktpraesentation\\\/gesundes-leben\\\/gesunde-lebensmittel\\\/zutaten-wohlbefinden\\\/pflanzliche-speiseoele\\\/mct\\\/\",\"url\":\"https:\\\/\\\/bien-etreiris.ch\\\/de\\\/produktpraesentation\\\/gesundes-leben\\\/gesunde-lebensmittel\\\/zutaten-wohlbefinden\\\/pflanzliche-speiseoele\\\/mct\\\/\",\"name\":\"MCT - WOHLBEFINDEN\",\"isPartOf\":{\"@id\":\"https:\\\/\\\/bien-etreiris.ch\\\/de\\\/#website\"},\"primaryImageOfPage\":{\"@id\":\"https:\\\/\\\/bien-etreiris.ch\\\/de\\\/produktpraesentation\\\/gesundes-leben\\\/gesunde-lebensmittel\\\/zutaten-wohlbefinden\\\/pflanzliche-speiseoele\\\/mct\\\/#primaryimage\"},\"image\":{\"@id\":\"https:\\\/\\\/bien-etreiris.ch\\\/de\\\/produktpraesentation\\\/gesundes-leben\\\/gesunde-lebensmittel\\\/zutaten-wohlbefinden\\\/pflanzliche-speiseoele\\\/mct\\\/#primaryimage\"},\"thumbnailUrl\":\"https:\\\/\\\/bien-etreiris.ch\\\/wp-content\\\/uploads\\\/2023\\\/08\\\/acceuil-MCT.jpg\",\"datePublished\":\"2023-08-16T08:53:32+00:00\",\"dateModified\":\"2023-10-25T10:44:11+00:00\",\"breadcrumb\":{\"@id\":\"https:\\\/\\\/bien-etreiris.ch\\\/de\\\/produktpraesentation\\\/gesundes-leben\\\/gesunde-lebensmittel\\\/zutaten-wohlbefinden\\\/pflanzliche-speiseoele\\\/mct\\\/#breadcrumb\"},\"inLanguage\":\"de\",\"potentialAction\":[{\"@type\":\"ReadAction\",\"target\":[\"https:\\\/\\\/bien-etreiris.ch\\\/de\\\/produktpraesentation\\\/gesundes-leben\\\/gesunde-lebensmittel\\\/zutaten-wohlbefinden\\\/pflanzliche-speiseoele\\\/mct\\\/\"]}]},{\"@type\":\"ImageObject\",\"inLanguage\":\"de\",\"@id\":\"https:\\\/\\\/bien-etreiris.ch\\\/de\\\/produktpraesentation\\\/gesundes-leben\\\/gesunde-lebensmittel\\\/zutaten-wohlbefinden\\\/pflanzliche-speiseoele\\\/mct\\\/#primaryimage\",\"url\":\"https:\\\/\\\/bien-etreiris.ch\\\/wp-content\\\/uploads\\\/2023\\\/08\\\/acceuil-MCT.jpg\",\"contentUrl\":\"https:\\\/\\\/bien-etreiris.ch\\\/wp-content\\\/uploads\\\/2023\\\/08\\\/acceuil-MCT.jpg\",\"width\":500,\"height\":333},{\"@type\":\"BreadcrumbList\",\"@id\":\"https:\\\/\\\/bien-etreiris.ch\\\/de\\\/produktpraesentation\\\/gesundes-leben\\\/gesunde-lebensmittel\\\/zutaten-wohlbefinden\\\/pflanzliche-speiseoele\\\/mct\\\/#breadcrumb\",\"itemListElement\":[{\"@type\":\"ListItem\",\"position\":1,\"name\":\"Home\",\"item\":\"https:\\\/\\\/bien-etreiris.ch\\\/de\\\/\"},{\"@type\":\"ListItem\",\"position\":2,\"name\":\"PRODUKTPR\u00c4SENTATION\",\"item\":\"https:\\\/\\\/bien-etreiris.ch\\\/de\\\/produktpraesentation\\\/\"},{\"@type\":\"ListItem\",\"position\":3,\"name\":\"GESUNDES LEBEN\",\"item\":\"https:\\\/\\\/bien-etreiris.ch\\\/de\\\/produktpraesentation\\\/gesundes-leben\\\/\"},{\"@type\":\"ListItem\",\"position\":4,\"name\":\"GESUNDE LEBENSMITTEL\",\"item\":\"https:\\\/\\\/bien-etreiris.ch\\\/de\\\/produktpraesentation\\\/gesundes-leben\\\/gesunde-lebensmittel\\\/\"},{\"@type\":\"ListItem\",\"position\":5,\"name\":\"ZUTATEN\",\"item\":\"https:\\\/\\\/bien-etreiris.ch\\\/de\\\/produktpraesentation\\\/gesundes-leben\\\/gesunde-lebensmittel\\\/zutaten-wohlbefinden\\\/\"},{\"@type\":\"ListItem\",\"position\":6,\"name\":\"PFLANZEN\u00d6LE\",\"item\":\"https:\\\/\\\/bien-etreiris.ch\\\/de\\\/produktpraesentation\\\/gesundes-leben\\\/gesunde-lebensmittel\\\/zutaten-wohlbefinden\\\/pflanzliche-speiseoele\\\/\"},{\"@type\":\"ListItem\",\"position\":7,\"name\":\"MCT\"}]},{\"@type\":\"WebSite\",\"@id\":\"https:\\\/\\\/bien-etreiris.ch\\\/de\\\/#website\",\"url\":\"https:\\\/\\\/bien-etreiris.ch\\\/de\\\/\",\"name\":\"Bien-\u00eatre Iris\",\"description\":\"IHRE Gesundheit ist uns wichtig\",\"potentialAction\":[{\"@type\":\"SearchAction\",\"target\":{\"@type\":\"EntryPoint\",\"urlTemplate\":\"https:\\\/\\\/bien-etreiris.ch\\\/de\\\/?s={search_term_string}\"},\"query-input\":{\"@type\":\"PropertyValueSpecification\",\"valueRequired\":true,\"valueName\":\"search_term_string\"}}],\"inLanguage\":\"de\"}]}<\/script>\n<!-- \/ Yoast SEO plugin. -->","yoast_head_json":{"title":"MCT - WOHLBEFINDEN","robots":{"index":"index","follow":"follow","max-snippet":"max-snippet:-1","max-image-preview":"max-image-preview:large","max-video-preview":"max-video-preview:-1"},"canonical":"https:\/\/bien-etreiris.ch\/de\/produktpraesentation\/gesundes-leben\/gesunde-lebensmittel\/zutaten-wohlbefinden\/pflanzliche-speiseoele\/mct\/","og_locale":"de_DE","og_type":"article","og_title":"MCT - WOHLBEFINDEN","og_description":"Huile MCT - Medium-Chain Triglycerides &nbsp; &nbsp; &nbsp; &nbsp; &nbsp; &nbsp; &nbsp; &nbsp; &nbsp; &nbsp; &nbsp; Unimedica Huile MCT&nbsp; BIO - C8 + C10 - 500 ml CHF 17.10 &nbsp; 60 % d'acide caprylique et 40 % d'acide caprique \u00e0 base d'huile de coco de qualit\u00e9 biologique - sans go\u00fbt ni odeur &nbsp; L\u2019huile MCT provient de l\u2019acronyme Medium-Chain Triglycerides&nbsp;Weiter lesen","og_url":"https:\/\/bien-etreiris.ch\/de\/produktpraesentation\/gesundes-leben\/gesunde-lebensmittel\/zutaten-wohlbefinden\/pflanzliche-speiseoele\/mct\/","og_site_name":"WOHLBEFINDEN","article_publisher":"https:\/\/www.facebook.com\/bienetreiris\/","article_modified_time":"2023-10-25T10:44:11+00:00","og_image":[{"width":500,"height":333,"url":"https:\/\/bien-etreiris.ch\/wp-content\/uploads\/2023\/08\/acceuil-MCT.jpg","type":"image\/jpeg"}],"twitter_misc":{"Gesch\u00e4tzte Lesezeit":"2\u00a0Minuten"},"schema":{"@context":"https:\/\/schema.org","@graph":[{"@type":"WebPage","@id":"https:\/\/bien-etreiris.ch\/de\/produktpraesentation\/gesundes-leben\/gesunde-lebensmittel\/zutaten-wohlbefinden\/pflanzliche-speiseoele\/mct\/","url":"https:\/\/bien-etreiris.ch\/de\/produktpraesentation\/gesundes-leben\/gesunde-lebensmittel\/zutaten-wohlbefinden\/pflanzliche-speiseoele\/mct\/","name":"MCT - WOHLBEFINDEN","isPartOf":{"@id":"https:\/\/bien-etreiris.ch\/de\/#website"},"primaryImageOfPage":{"@id":"https:\/\/bien-etreiris.ch\/de\/produktpraesentation\/gesundes-leben\/gesunde-lebensmittel\/zutaten-wohlbefinden\/pflanzliche-speiseoele\/mct\/#primaryimage"},"image":{"@id":"https:\/\/bien-etreiris.ch\/de\/produktpraesentation\/gesundes-leben\/gesunde-lebensmittel\/zutaten-wohlbefinden\/pflanzliche-speiseoele\/mct\/#primaryimage"},"thumbnailUrl":"https:\/\/bien-etreiris.ch\/wp-content\/uploads\/2023\/08\/acceuil-MCT.jpg","datePublished":"2023-08-16T08:53:32+00:00","dateModified":"2023-10-25T10:44:11+00:00","breadcrumb":{"@id":"https:\/\/bien-etreiris.ch\/de\/produktpraesentation\/gesundes-leben\/gesunde-lebensmittel\/zutaten-wohlbefinden\/pflanzliche-speiseoele\/mct\/#breadcrumb"},"inLanguage":"de","potentialAction":[{"@type":"ReadAction","target":["https:\/\/bien-etreiris.ch\/de\/produktpraesentation\/gesundes-leben\/gesunde-lebensmittel\/zutaten-wohlbefinden\/pflanzliche-speiseoele\/mct\/"]}]},{"@type":"ImageObject","inLanguage":"de","@id":"https:\/\/bien-etreiris.ch\/de\/produktpraesentation\/gesundes-leben\/gesunde-lebensmittel\/zutaten-wohlbefinden\/pflanzliche-speiseoele\/mct\/#primaryimage","url":"https:\/\/bien-etreiris.ch\/wp-content\/uploads\/2023\/08\/acceuil-MCT.jpg","contentUrl":"https:\/\/bien-etreiris.ch\/wp-content\/uploads\/2023\/08\/acceuil-MCT.jpg","width":500,"height":333},{"@type":"BreadcrumbList","@id":"https:\/\/bien-etreiris.ch\/de\/produktpraesentation\/gesundes-leben\/gesunde-lebensmittel\/zutaten-wohlbefinden\/pflanzliche-speiseoele\/mct\/#breadcrumb","itemListElement":[{"@type":"ListItem","position":1,"name":"Home","item":"https:\/\/bien-etreiris.ch\/de\/"},{"@type":"ListItem","position":2,"name":"PRODUKTPR\u00c4SENTATION","item":"https:\/\/bien-etreiris.ch\/de\/produktpraesentation\/"},{"@type":"ListItem","position":3,"name":"GESUNDES LEBEN","item":"https:\/\/bien-etreiris.ch\/de\/produktpraesentation\/gesundes-leben\/"},{"@type":"ListItem","position":4,"name":"GESUNDE LEBENSMITTEL","item":"https:\/\/bien-etreiris.ch\/de\/produktpraesentation\/gesundes-leben\/gesunde-lebensmittel\/"},{"@type":"ListItem","position":5,"name":"ZUTATEN","item":"https:\/\/bien-etreiris.ch\/de\/produktpraesentation\/gesundes-leben\/gesunde-lebensmittel\/zutaten-wohlbefinden\/"},{"@type":"ListItem","position":6,"name":"PFLANZEN\u00d6LE","item":"https:\/\/bien-etreiris.ch\/de\/produktpraesentation\/gesundes-leben\/gesunde-lebensmittel\/zutaten-wohlbefinden\/pflanzliche-speiseoele\/"},{"@type":"ListItem","position":7,"name":"MCT"}]},{"@type":"WebSite","@id":"https:\/\/bien-etreiris.ch\/de\/#website","url":"https:\/\/bien-etreiris.ch\/de\/","name":"Bien-\u00eatre Iris","description":"IHRE Gesundheit ist uns wichtig","potentialAction":[{"@type":"SearchAction","target":{"@type":"EntryPoint","urlTemplate":"https:\/\/bien-etreiris.ch\/de\/?s={search_term_string}"},"query-input":{"@type":"PropertyValueSpecification","valueRequired":true,"valueName":"search_term_string"}}],"inLanguage":"de"}]}},"_links":{"self":[{"href":"https:\/\/bien-etreiris.ch\/de\/wp-json\/wp\/v2\/pages\/73841","targetHints":{"allow":["GET"]}}],"collection":[{"href":"https:\/\/bien-etreiris.ch\/de\/wp-json\/wp\/v2\/pages"}],"about":[{"href":"https:\/\/bien-etreiris.ch\/de\/wp-json\/wp\/v2\/types\/page"}],"author":[{"embeddable":true,"href":"https:\/\/bien-etreiris.ch\/de\/wp-json\/wp\/v2\/users\/1"}],"replies":[{"embeddable":true,"href":"https:\/\/bien-etreiris.ch\/de\/wp-json\/wp\/v2\/comments?post=73841"}],"version-history":[{"count":4,"href":"https:\/\/bien-etreiris.ch\/de\/wp-json\/wp\/v2\/pages\/73841\/revisions"}],"predecessor-version":[{"id":78672,"href":"https:\/\/bien-etreiris.ch\/de\/wp-json\/wp\/v2\/pages\/73841\/revisions\/78672"}],"up":[{"embeddable":true,"href":"https:\/\/bien-etreiris.ch\/de\/wp-json\/wp\/v2\/pages\/40140"}],"wp:featuredmedia":[{"embeddable":true,"href":"https:\/\/bien-etreiris.ch\/de\/wp-json\/wp\/v2\/media\/73835"}],"wp:attachment":[{"href":"https:\/\/bien-etreiris.ch\/de\/wp-json\/wp\/v2\/media?parent=73841"}],"curies":[{"name":"wp","href":"https:\/\/api.w.org\/{rel}","templated":true}]}}