{"id":73663,"date":"2023-08-15T12:43:20","date_gmt":"2023-08-15T10:43:20","guid":{"rendered":"https:\/\/bien-etreiris.ch\/produktpraesentation\/gesundes-leben\/gesunde-lebensmittel\/superfoods\/koernrer-samen\/graines-de-tournesol\/"},"modified":"2023-08-15T22:27:14","modified_gmt":"2023-08-15T20:27:14","slug":"sonnenblumenkerne","status":"publish","type":"page","link":"https:\/\/bien-etreiris.ch\/de\/produktpraesentation\/gesundes-leben\/gesunde-lebensmittel\/superfoods\/koernrer-samen\/sonnenblumenkerne\/","title":{"rendered":"SONNENBLUMENKERNE"},"content":{"rendered":"<h2>Sonnenblumenkerne - gesunde Energiespender<\/h2>\n<p>&nbsp;<\/p>\n<p><a href=\"https:\/\/bien-etreiris.ch\/presentations-des-produits\/vie-saine\/aliments-sains\/super-aliments\/oleagineux-et-graines\/tournesol\/tournesol\/\" rel=\"attachment wp-att-73658\"><img loading=\"lazy\" decoding=\"async\" class=\"wp-image-73658 alignleft\" src=\"https:\/\/bien-etreiris.ch\/wp-content\/uploads\/2023\/08\/tournesol-scaled.jpg\" alt=\"\" width=\"500\" height=\"333\" srcset=\"https:\/\/bien-etreiris.ch\/wp-content\/uploads\/2023\/08\/tournesol-scaled.jpg 2560w, https:\/\/bien-etreiris.ch\/wp-content\/uploads\/2023\/08\/tournesol-300x200.jpg 300w, https:\/\/bien-etreiris.ch\/wp-content\/uploads\/2023\/08\/tournesol-1024x683.jpg 1024w, https:\/\/bien-etreiris.ch\/wp-content\/uploads\/2023\/08\/tournesol-768x512.jpg 768w, https:\/\/bien-etreiris.ch\/wp-content\/uploads\/2023\/08\/tournesol-1536x1024.jpg 1536w, https:\/\/bien-etreiris.ch\/wp-content\/uploads\/2023\/08\/tournesol-2048x1365.jpg 2048w\" sizes=\"auto, (max-width: 500px) 100vw, 500px\" \/><\/a><\/p>\n<p>&nbsp;<\/p>\n<p>&nbsp;<\/p>\n<p>&nbsp;<\/p>\n<p>&nbsp;<\/p>\n<p>&nbsp;<\/p>\n<p>&nbsp;<\/p>\n<p>Vrac 5 gr CHF&nbsp; 0.04<\/p>\n<p>100 gr,CHF 0.80<\/p>\n<p>&nbsp;<\/p>\n<p>&nbsp;<\/p>\n<p>&nbsp;<\/p>\n<p>Sonnenblumenkerne liefern reichlich Proteine, Ballaststoffe, B-Vitamine, Vitamin E und Mineralstoffe \u2013 das macht sie zu einem \u00e4usserst gesunden Snack. Landen die leckeren Kerne regelm\u00e4ssig auf dem Teller, k\u00f6nnen sie das Risiko f\u00fcr Herz-Kreislauf-Erkrankungen und Diabetes senken.<\/p>\n<p>&nbsp;<\/p>\n<h2><a href=\"https:\/\/bien-etreiris.ch\/de\/ratgeber-klarheit-beratung\/gesunder-lebensstil\/naehrstoffe\/superfoods\/sonnenblumenkerne\/\" target=\"_blank\" rel=\"noopener\"><span style=\"color: #99cc00;\"><em><strong>M\u00f6chten Sie gerne mehr \u00fcber Sonnenblumenkerne erfahren dann klicken Sie hier<\/strong><\/em><\/span><\/a><\/h2>\n<p>&nbsp;<\/p>\n","protected":false},"excerpt":{"rendered":"<p>Sonnenblumenkerne - gesunde Energiespender &nbsp; &nbsp; &nbsp; &nbsp; &nbsp; &nbsp; &nbsp; Vrac 5 gr CHF&nbsp; 0.04 100 gr,CHF 0.80 &nbsp; &nbsp; &nbsp; Sonnenblumenkerne liefern reichlich Proteine, Ballaststoffe, B-Vitamine, Vitamin E und Mineralstoffe \u2013 das macht sie zu einem \u00e4usserst gesunden Snack. Landen die leckeren Kerne regelm\u00e4ssig auf dem Teller, k\u00f6nnen sie das Risiko f\u00fcr Herz-Kreislauf-Erkrankungen und Diabetes senken. &nbsp; M\u00f6chten&nbsp;<a href=\"https:\/\/bien-etreiris.ch\/de\/produktpraesentation\/gesundes-leben\/gesunde-lebensmittel\/superfoods\/koernrer-samen\/sonnenblumenkerne\/\" class=\"read-more\">Weiter lesen<\/a><\/p>\n","protected":false},"author":1,"featured_media":73652,"parent":46234,"menu_order":3119,"comment_status":"closed","ping_status":"closed","template":"page-with-child.php","meta":{"_acf_changed":false,"ngg_post_thumbnail":0,"footnotes":""},"class_list":["post-73663","page","type-page","status-publish","has-post-thumbnail","hentry"],"acf":[],"yoast_head":"<!-- This site is optimized with the Yoast SEO plugin v27.5 - https:\/\/yoast.com\/product\/yoast-seo-wordpress\/ -->\n<title>SONNENBLUMENKERNE - WOHLBEFINDEN<\/title>\n<meta name=\"robots\" content=\"index, follow, max-snippet:-1, max-image-preview:large, max-video-preview:-1\" \/>\n<link rel=\"canonical\" href=\"https:\/\/bien-etreiris.ch\/de\/produktpraesentation\/gesundes-leben\/gesunde-lebensmittel\/superfoods\/koernrer-samen\/sonnenblumenkerne\/\" \/>\n<meta property=\"og:locale\" content=\"de_DE\" \/>\n<meta property=\"og:type\" content=\"article\" \/>\n<meta property=\"og:title\" content=\"SONNENBLUMENKERNE - WOHLBEFINDEN\" \/>\n<meta property=\"og:description\" content=\"Sonnenblumenkerne - gesunde Energiespender &nbsp; &nbsp; &nbsp; &nbsp; &nbsp; &nbsp; &nbsp; Vrac 5 gr CHF&nbsp; 0.04 100 gr,CHF 0.80 &nbsp; &nbsp; &nbsp; Sonnenblumenkerne liefern reichlich Proteine, Ballaststoffe, B-Vitamine, Vitamin E und Mineralstoffe \u2013 das macht sie zu einem \u00e4usserst gesunden Snack. Landen die leckeren Kerne regelm\u00e4ssig auf dem Teller, k\u00f6nnen sie das Risiko f\u00fcr Herz-Kreislauf-Erkrankungen und Diabetes senken. &nbsp; M\u00f6chten&nbsp;Weiter lesen\" \/>\n<meta property=\"og:url\" content=\"https:\/\/bien-etreiris.ch\/de\/produktpraesentation\/gesundes-leben\/gesunde-lebensmittel\/superfoods\/koernrer-samen\/sonnenblumenkerne\/\" \/>\n<meta property=\"og:site_name\" content=\"WOHLBEFINDEN\" \/>\n<meta property=\"article:publisher\" content=\"https:\/\/www.facebook.com\/bienetreiris\/\" \/>\n<meta property=\"article:modified_time\" content=\"2023-08-15T20:27:14+00:00\" \/>\n<meta property=\"og:image\" content=\"https:\/\/bien-etreiris.ch\/wp-content\/uploads\/2023\/08\/acceuil-Tournesol.jpg\" \/>\n\t<meta property=\"og:image:width\" content=\"500\" \/>\n\t<meta property=\"og:image:height\" content=\"333\" \/>\n\t<meta property=\"og:image:type\" content=\"image\/jpeg\" \/>\n<meta name=\"twitter:label1\" content=\"Gesch\u00e4tzte Lesezeit\" \/>\n\t<meta name=\"twitter:data1\" content=\"1\u00a0Minute\" \/>\n<script type=\"application\/ld+json\" class=\"yoast-schema-graph\">{\"@context\":\"https:\\\/\\\/schema.org\",\"@graph\":[{\"@type\":\"WebPage\",\"@id\":\"https:\\\/\\\/bien-etreiris.ch\\\/de\\\/produktpraesentation\\\/gesundes-leben\\\/gesunde-lebensmittel\\\/superfoods\\\/koernrer-samen\\\/sonnenblumenkerne\\\/\",\"url\":\"https:\\\/\\\/bien-etreiris.ch\\\/de\\\/produktpraesentation\\\/gesundes-leben\\\/gesunde-lebensmittel\\\/superfoods\\\/koernrer-samen\\\/sonnenblumenkerne\\\/\",\"name\":\"SONNENBLUMENKERNE - WOHLBEFINDEN\",\"isPartOf\":{\"@id\":\"https:\\\/\\\/bien-etreiris.ch\\\/de\\\/#website\"},\"primaryImageOfPage\":{\"@id\":\"https:\\\/\\\/bien-etreiris.ch\\\/de\\\/produktpraesentation\\\/gesundes-leben\\\/gesunde-lebensmittel\\\/superfoods\\\/koernrer-samen\\\/sonnenblumenkerne\\\/#primaryimage\"},\"image\":{\"@id\":\"https:\\\/\\\/bien-etreiris.ch\\\/de\\\/produktpraesentation\\\/gesundes-leben\\\/gesunde-lebensmittel\\\/superfoods\\\/koernrer-samen\\\/sonnenblumenkerne\\\/#primaryimage\"},\"thumbnailUrl\":\"https:\\\/\\\/bien-etreiris.ch\\\/wp-content\\\/uploads\\\/2023\\\/08\\\/acceuil-Tournesol.jpg\",\"datePublished\":\"2023-08-15T10:43:20+00:00\",\"dateModified\":\"2023-08-15T20:27:14+00:00\",\"breadcrumb\":{\"@id\":\"https:\\\/\\\/bien-etreiris.ch\\\/de\\\/produktpraesentation\\\/gesundes-leben\\\/gesunde-lebensmittel\\\/superfoods\\\/koernrer-samen\\\/sonnenblumenkerne\\\/#breadcrumb\"},\"inLanguage\":\"de\",\"potentialAction\":[{\"@type\":\"ReadAction\",\"target\":[\"https:\\\/\\\/bien-etreiris.ch\\\/de\\\/produktpraesentation\\\/gesundes-leben\\\/gesunde-lebensmittel\\\/superfoods\\\/koernrer-samen\\\/sonnenblumenkerne\\\/\"]}]},{\"@type\":\"ImageObject\",\"inLanguage\":\"de\",\"@id\":\"https:\\\/\\\/bien-etreiris.ch\\\/de\\\/produktpraesentation\\\/gesundes-leben\\\/gesunde-lebensmittel\\\/superfoods\\\/koernrer-samen\\\/sonnenblumenkerne\\\/#primaryimage\",\"url\":\"https:\\\/\\\/bien-etreiris.ch\\\/wp-content\\\/uploads\\\/2023\\\/08\\\/acceuil-Tournesol.jpg\",\"contentUrl\":\"https:\\\/\\\/bien-etreiris.ch\\\/wp-content\\\/uploads\\\/2023\\\/08\\\/acceuil-Tournesol.jpg\",\"width\":500,\"height\":333},{\"@type\":\"BreadcrumbList\",\"@id\":\"https:\\\/\\\/bien-etreiris.ch\\\/de\\\/produktpraesentation\\\/gesundes-leben\\\/gesunde-lebensmittel\\\/superfoods\\\/koernrer-samen\\\/sonnenblumenkerne\\\/#breadcrumb\",\"itemListElement\":[{\"@type\":\"ListItem\",\"position\":1,\"name\":\"Home\",\"item\":\"https:\\\/\\\/bien-etreiris.ch\\\/de\\\/\"},{\"@type\":\"ListItem\",\"position\":2,\"name\":\"PRODUKTPR\u00c4SENTATION\",\"item\":\"https:\\\/\\\/bien-etreiris.ch\\\/de\\\/produktpraesentation\\\/\"},{\"@type\":\"ListItem\",\"position\":3,\"name\":\"GESUNDES LEBEN\",\"item\":\"https:\\\/\\\/bien-etreiris.ch\\\/de\\\/produktpraesentation\\\/gesundes-leben\\\/\"},{\"@type\":\"ListItem\",\"position\":4,\"name\":\"GESUNDE LEBENSMITTEL\",\"item\":\"https:\\\/\\\/bien-etreiris.ch\\\/de\\\/produktpraesentation\\\/gesundes-leben\\\/gesunde-lebensmittel\\\/\"},{\"@type\":\"ListItem\",\"position\":5,\"name\":\"SUPERFOODS\",\"item\":\"https:\\\/\\\/bien-etreiris.ch\\\/de\\\/produktpraesentation\\\/gesundes-leben\\\/gesunde-lebensmittel\\\/superfoods\\\/\"},{\"@type\":\"ListItem\",\"position\":6,\"name\":\"K\u00d6RNER &#8211; SAMEN\",\"item\":\"https:\\\/\\\/bien-etreiris.ch\\\/de\\\/produktpraesentation\\\/gesundes-leben\\\/gesunde-lebensmittel\\\/superfoods\\\/koernrer-samen\\\/\"},{\"@type\":\"ListItem\",\"position\":7,\"name\":\"SONNENBLUMENKERNE\"}]},{\"@type\":\"WebSite\",\"@id\":\"https:\\\/\\\/bien-etreiris.ch\\\/de\\\/#website\",\"url\":\"https:\\\/\\\/bien-etreiris.ch\\\/de\\\/\",\"name\":\"Bien-\u00eatre Iris\",\"description\":\"IHRE Gesundheit ist uns wichtig\",\"potentialAction\":[{\"@type\":\"SearchAction\",\"target\":{\"@type\":\"EntryPoint\",\"urlTemplate\":\"https:\\\/\\\/bien-etreiris.ch\\\/de\\\/?s={search_term_string}\"},\"query-input\":{\"@type\":\"PropertyValueSpecification\",\"valueRequired\":true,\"valueName\":\"search_term_string\"}}],\"inLanguage\":\"de\"}]}<\/script>\n<!-- \/ Yoast SEO plugin. -->","yoast_head_json":{"title":"SONNENBLUMENKERNE - WOHLBEFINDEN","robots":{"index":"index","follow":"follow","max-snippet":"max-snippet:-1","max-image-preview":"max-image-preview:large","max-video-preview":"max-video-preview:-1"},"canonical":"https:\/\/bien-etreiris.ch\/de\/produktpraesentation\/gesundes-leben\/gesunde-lebensmittel\/superfoods\/koernrer-samen\/sonnenblumenkerne\/","og_locale":"de_DE","og_type":"article","og_title":"SONNENBLUMENKERNE - WOHLBEFINDEN","og_description":"Sonnenblumenkerne - gesunde Energiespender &nbsp; &nbsp; &nbsp; &nbsp; &nbsp; &nbsp; &nbsp; Vrac 5 gr CHF&nbsp; 0.04 100 gr,CHF 0.80 &nbsp; &nbsp; &nbsp; Sonnenblumenkerne liefern reichlich Proteine, Ballaststoffe, B-Vitamine, Vitamin E und Mineralstoffe \u2013 das macht sie zu einem \u00e4usserst gesunden Snack. Landen die leckeren Kerne regelm\u00e4ssig auf dem Teller, k\u00f6nnen sie das Risiko f\u00fcr Herz-Kreislauf-Erkrankungen und Diabetes senken. &nbsp; M\u00f6chten&nbsp;Weiter lesen","og_url":"https:\/\/bien-etreiris.ch\/de\/produktpraesentation\/gesundes-leben\/gesunde-lebensmittel\/superfoods\/koernrer-samen\/sonnenblumenkerne\/","og_site_name":"WOHLBEFINDEN","article_publisher":"https:\/\/www.facebook.com\/bienetreiris\/","article_modified_time":"2023-08-15T20:27:14+00:00","og_image":[{"width":500,"height":333,"url":"https:\/\/bien-etreiris.ch\/wp-content\/uploads\/2023\/08\/acceuil-Tournesol.jpg","type":"image\/jpeg"}],"twitter_misc":{"Gesch\u00e4tzte Lesezeit":"1\u00a0Minute"},"schema":{"@context":"https:\/\/schema.org","@graph":[{"@type":"WebPage","@id":"https:\/\/bien-etreiris.ch\/de\/produktpraesentation\/gesundes-leben\/gesunde-lebensmittel\/superfoods\/koernrer-samen\/sonnenblumenkerne\/","url":"https:\/\/bien-etreiris.ch\/de\/produktpraesentation\/gesundes-leben\/gesunde-lebensmittel\/superfoods\/koernrer-samen\/sonnenblumenkerne\/","name":"SONNENBLUMENKERNE - WOHLBEFINDEN","isPartOf":{"@id":"https:\/\/bien-etreiris.ch\/de\/#website"},"primaryImageOfPage":{"@id":"https:\/\/bien-etreiris.ch\/de\/produktpraesentation\/gesundes-leben\/gesunde-lebensmittel\/superfoods\/koernrer-samen\/sonnenblumenkerne\/#primaryimage"},"image":{"@id":"https:\/\/bien-etreiris.ch\/de\/produktpraesentation\/gesundes-leben\/gesunde-lebensmittel\/superfoods\/koernrer-samen\/sonnenblumenkerne\/#primaryimage"},"thumbnailUrl":"https:\/\/bien-etreiris.ch\/wp-content\/uploads\/2023\/08\/acceuil-Tournesol.jpg","datePublished":"2023-08-15T10:43:20+00:00","dateModified":"2023-08-15T20:27:14+00:00","breadcrumb":{"@id":"https:\/\/bien-etreiris.ch\/de\/produktpraesentation\/gesundes-leben\/gesunde-lebensmittel\/superfoods\/koernrer-samen\/sonnenblumenkerne\/#breadcrumb"},"inLanguage":"de","potentialAction":[{"@type":"ReadAction","target":["https:\/\/bien-etreiris.ch\/de\/produktpraesentation\/gesundes-leben\/gesunde-lebensmittel\/superfoods\/koernrer-samen\/sonnenblumenkerne\/"]}]},{"@type":"ImageObject","inLanguage":"de","@id":"https:\/\/bien-etreiris.ch\/de\/produktpraesentation\/gesundes-leben\/gesunde-lebensmittel\/superfoods\/koernrer-samen\/sonnenblumenkerne\/#primaryimage","url":"https:\/\/bien-etreiris.ch\/wp-content\/uploads\/2023\/08\/acceuil-Tournesol.jpg","contentUrl":"https:\/\/bien-etreiris.ch\/wp-content\/uploads\/2023\/08\/acceuil-Tournesol.jpg","width":500,"height":333},{"@type":"BreadcrumbList","@id":"https:\/\/bien-etreiris.ch\/de\/produktpraesentation\/gesundes-leben\/gesunde-lebensmittel\/superfoods\/koernrer-samen\/sonnenblumenkerne\/#breadcrumb","itemListElement":[{"@type":"ListItem","position":1,"name":"Home","item":"https:\/\/bien-etreiris.ch\/de\/"},{"@type":"ListItem","position":2,"name":"PRODUKTPR\u00c4SENTATION","item":"https:\/\/bien-etreiris.ch\/de\/produktpraesentation\/"},{"@type":"ListItem","position":3,"name":"GESUNDES LEBEN","item":"https:\/\/bien-etreiris.ch\/de\/produktpraesentation\/gesundes-leben\/"},{"@type":"ListItem","position":4,"name":"GESUNDE LEBENSMITTEL","item":"https:\/\/bien-etreiris.ch\/de\/produktpraesentation\/gesundes-leben\/gesunde-lebensmittel\/"},{"@type":"ListItem","position":5,"name":"SUPERFOODS","item":"https:\/\/bien-etreiris.ch\/de\/produktpraesentation\/gesundes-leben\/gesunde-lebensmittel\/superfoods\/"},{"@type":"ListItem","position":6,"name":"K\u00d6RNER &#8211; SAMEN","item":"https:\/\/bien-etreiris.ch\/de\/produktpraesentation\/gesundes-leben\/gesunde-lebensmittel\/superfoods\/koernrer-samen\/"},{"@type":"ListItem","position":7,"name":"SONNENBLUMENKERNE"}]},{"@type":"WebSite","@id":"https:\/\/bien-etreiris.ch\/de\/#website","url":"https:\/\/bien-etreiris.ch\/de\/","name":"Bien-\u00eatre Iris","description":"IHRE Gesundheit ist uns wichtig","potentialAction":[{"@type":"SearchAction","target":{"@type":"EntryPoint","urlTemplate":"https:\/\/bien-etreiris.ch\/de\/?s={search_term_string}"},"query-input":{"@type":"PropertyValueSpecification","valueRequired":true,"valueName":"search_term_string"}}],"inLanguage":"de"}]}},"_links":{"self":[{"href":"https:\/\/bien-etreiris.ch\/de\/wp-json\/wp\/v2\/pages\/73663","targetHints":{"allow":["GET"]}}],"collection":[{"href":"https:\/\/bien-etreiris.ch\/de\/wp-json\/wp\/v2\/pages"}],"about":[{"href":"https:\/\/bien-etreiris.ch\/de\/wp-json\/wp\/v2\/types\/page"}],"author":[{"embeddable":true,"href":"https:\/\/bien-etreiris.ch\/de\/wp-json\/wp\/v2\/users\/1"}],"replies":[{"embeddable":true,"href":"https:\/\/bien-etreiris.ch\/de\/wp-json\/wp\/v2\/comments?post=73663"}],"version-history":[{"count":4,"href":"https:\/\/bien-etreiris.ch\/de\/wp-json\/wp\/v2\/pages\/73663\/revisions"}],"predecessor-version":[{"id":73762,"href":"https:\/\/bien-etreiris.ch\/de\/wp-json\/wp\/v2\/pages\/73663\/revisions\/73762"}],"up":[{"embeddable":true,"href":"https:\/\/bien-etreiris.ch\/de\/wp-json\/wp\/v2\/pages\/46234"}],"wp:featuredmedia":[{"embeddable":true,"href":"https:\/\/bien-etreiris.ch\/de\/wp-json\/wp\/v2\/media\/73652"}],"wp:attachment":[{"href":"https:\/\/bien-etreiris.ch\/de\/wp-json\/wp\/v2\/media?parent=73663"}],"curies":[{"name":"wp","href":"https:\/\/api.w.org\/{rel}","templated":true}]}}