{"id":73036,"date":"2023-08-04T06:41:39","date_gmt":"2023-08-04T04:41:39","guid":{"rendered":"https:\/\/bien-etreiris.ch\/ratgeber-klarheit-beratung\/natuerliche-heilmittel\/nahrungsergaenzungsmittel\/mineraux-oligo-elements\/"},"modified":"2023-08-04T06:57:17","modified_gmt":"2023-08-04T04:57:17","slug":"mineralien-und-spurenelemente","status":"publish","type":"page","link":"https:\/\/bien-etreiris.ch\/de\/ratgeber-klarheit-beratung\/gesunder-lebensstil\/naehrstoffe\/mineralien-und-spurenelemente\/","title":{"rendered":"MINERAL-SPURENELEMENTE"},"content":{"rendered":"<h2>Mineralien und Spurenelemente<\/h2>\n<p>Mineralien und Spurenelemente sind entscheidend f\u00fcr eine optimale Gesundheit. Erfahren Sie mehr \u00fcber die Rolle von Mineralien wie Kalzium, Magnesium und Eisen bei der St\u00e4rkung von Knochen, Muskeln und dem Immunsystem. Entdecken Sie, wie Spurenelemente wie Zink, Selen und Kupfer die Stoffwechselprozesse unterst\u00fctzen und den Energiehaushalt regulieren. Mit fundierten Artikeln, Tipps und aktuellen Forschungsergebnissen helfen wir Ihnen, die richtigen Lebensmittel und Nahrungserg\u00e4nzungsmittel auszuw\u00e4hlen, um Ihren Mineral- und Spurenelementbedarf zu decken und Ihre Gesundheit zu optimieren.<\/p>\n","protected":false},"excerpt":{"rendered":"<p>Mineralien und Spurenelemente Mineralien und Spurenelemente sind entscheidend f\u00fcr eine optimale Gesundheit. Erfahren Sie mehr \u00fcber die Rolle von Mineralien wie Kalzium, Magnesium und Eisen bei der St\u00e4rkung von Knochen, Muskeln und dem Immunsystem. Entdecken Sie, wie Spurenelemente wie Zink, Selen und Kupfer die Stoffwechselprozesse unterst\u00fctzen und den Energiehaushalt regulieren. Mit fundierten Artikeln, Tipps und aktuellen Forschungsergebnissen helfen wir Ihnen,&nbsp;<a href=\"https:\/\/bien-etreiris.ch\/de\/ratgeber-klarheit-beratung\/gesunder-lebensstil\/naehrstoffe\/mineralien-und-spurenelemente\/\" class=\"read-more\">Weiter lesen<\/a><\/p>\n","protected":false},"author":1,"featured_media":56656,"parent":50951,"menu_order":3178,"comment_status":"closed","ping_status":"closed","template":"page-with-child.php","meta":{"_acf_changed":false,"ngg_post_thumbnail":0,"footnotes":""},"class_list":["post-73036","page","type-page","status-publish","has-post-thumbnail","hentry"],"acf":[],"yoast_head":"<!-- This site is optimized with the Yoast SEO plugin v27.5 - https:\/\/yoast.com\/product\/yoast-seo-wordpress\/ -->\n<title>MINERAL-SPURENELEMENTE - WOHLBEFINDEN<\/title>\n<meta name=\"robots\" content=\"index, follow, max-snippet:-1, max-image-preview:large, max-video-preview:-1\" \/>\n<link rel=\"canonical\" href=\"https:\/\/bien-etreiris.ch\/de\/ratgeber-klarheit-beratung\/natuerliche-heilmittel\/nahrungsergaenzungsmittel\/mineralien-und-spurenelemente\/\" \/>\n<meta property=\"og:locale\" content=\"de_DE\" \/>\n<meta property=\"og:type\" content=\"article\" \/>\n<meta property=\"og:title\" content=\"MINERAL-SPURENELEMENTE - WOHLBEFINDEN\" \/>\n<meta property=\"og:description\" content=\"Mineralien und Spurenelemente Mineralien und Spurenelemente sind entscheidend f\u00fcr eine optimale Gesundheit. Erfahren Sie mehr \u00fcber die Rolle von Mineralien wie Kalzium, Magnesium und Eisen bei der St\u00e4rkung von Knochen, Muskeln und dem Immunsystem. Entdecken Sie, wie Spurenelemente wie Zink, Selen und Kupfer die Stoffwechselprozesse unterst\u00fctzen und den Energiehaushalt regulieren. Mit fundierten Artikeln, Tipps und aktuellen Forschungsergebnissen helfen wir Ihnen,&nbsp;Weiter lesen\" \/>\n<meta property=\"og:url\" content=\"https:\/\/bien-etreiris.ch\/de\/ratgeber-klarheit-beratung\/natuerliche-heilmittel\/nahrungsergaenzungsmittel\/mineralien-und-spurenelemente\/\" \/>\n<meta property=\"og:site_name\" content=\"WOHLBEFINDEN\" \/>\n<meta property=\"article:publisher\" content=\"https:\/\/www.facebook.com\/bienetreiris\/\" \/>\n<meta property=\"article:modified_time\" content=\"2023-08-04T04:57:17+00:00\" \/>\n<meta property=\"og:image\" content=\"https:\/\/bien-etreiris.ch\/wp-content\/uploads\/2022\/07\/Acceuil-oligo-elements.jpg\" \/>\n\t<meta property=\"og:image:width\" content=\"500\" \/>\n\t<meta property=\"og:image:height\" content=\"333\" \/>\n\t<meta property=\"og:image:type\" content=\"image\/jpeg\" \/>\n<meta name=\"twitter:label1\" content=\"Gesch\u00e4tzte Lesezeit\" \/>\n\t<meta name=\"twitter:data1\" content=\"1\u00a0Minute\" \/>\n<script type=\"application\/ld+json\" class=\"yoast-schema-graph\">{\"@context\":\"https:\\\/\\\/schema.org\",\"@graph\":[{\"@type\":\"WebPage\",\"@id\":\"https:\\\/\\\/bien-etreiris.ch\\\/de\\\/ratgeber-klarheit-beratung\\\/natuerliche-heilmittel\\\/nahrungsergaenzungsmittel\\\/mineralien-und-spurenelemente\\\/\",\"url\":\"https:\\\/\\\/bien-etreiris.ch\\\/de\\\/ratgeber-klarheit-beratung\\\/natuerliche-heilmittel\\\/nahrungsergaenzungsmittel\\\/mineralien-und-spurenelemente\\\/\",\"name\":\"MINERAL-SPURENELEMENTE - WOHLBEFINDEN\",\"isPartOf\":{\"@id\":\"https:\\\/\\\/bien-etreiris.ch\\\/de\\\/#website\"},\"primaryImageOfPage\":{\"@id\":\"https:\\\/\\\/bien-etreiris.ch\\\/de\\\/ratgeber-klarheit-beratung\\\/natuerliche-heilmittel\\\/nahrungsergaenzungsmittel\\\/mineralien-und-spurenelemente\\\/#primaryimage\"},\"image\":{\"@id\":\"https:\\\/\\\/bien-etreiris.ch\\\/de\\\/ratgeber-klarheit-beratung\\\/natuerliche-heilmittel\\\/nahrungsergaenzungsmittel\\\/mineralien-und-spurenelemente\\\/#primaryimage\"},\"thumbnailUrl\":\"https:\\\/\\\/bien-etreiris.ch\\\/wp-content\\\/uploads\\\/2022\\\/07\\\/Acceuil-oligo-elements.jpg\",\"datePublished\":\"2023-08-04T04:41:39+00:00\",\"dateModified\":\"2023-08-04T04:57:17+00:00\",\"breadcrumb\":{\"@id\":\"https:\\\/\\\/bien-etreiris.ch\\\/de\\\/ratgeber-klarheit-beratung\\\/natuerliche-heilmittel\\\/nahrungsergaenzungsmittel\\\/mineralien-und-spurenelemente\\\/#breadcrumb\"},\"inLanguage\":\"de\",\"potentialAction\":[{\"@type\":\"ReadAction\",\"target\":[\"https:\\\/\\\/bien-etreiris.ch\\\/de\\\/ratgeber-klarheit-beratung\\\/natuerliche-heilmittel\\\/nahrungsergaenzungsmittel\\\/mineralien-und-spurenelemente\\\/\"]}]},{\"@type\":\"ImageObject\",\"inLanguage\":\"de\",\"@id\":\"https:\\\/\\\/bien-etreiris.ch\\\/de\\\/ratgeber-klarheit-beratung\\\/natuerliche-heilmittel\\\/nahrungsergaenzungsmittel\\\/mineralien-und-spurenelemente\\\/#primaryimage\",\"url\":\"https:\\\/\\\/bien-etreiris.ch\\\/wp-content\\\/uploads\\\/2022\\\/07\\\/Acceuil-oligo-elements.jpg\",\"contentUrl\":\"https:\\\/\\\/bien-etreiris.ch\\\/wp-content\\\/uploads\\\/2022\\\/07\\\/Acceuil-oligo-elements.jpg\",\"width\":500,\"height\":333},{\"@type\":\"BreadcrumbList\",\"@id\":\"https:\\\/\\\/bien-etreiris.ch\\\/de\\\/ratgeber-klarheit-beratung\\\/natuerliche-heilmittel\\\/nahrungsergaenzungsmittel\\\/mineralien-und-spurenelemente\\\/#breadcrumb\",\"itemListElement\":[{\"@type\":\"ListItem\",\"position\":1,\"name\":\"Home\",\"item\":\"https:\\\/\\\/bien-etreiris.ch\\\/de\\\/\"},{\"@type\":\"ListItem\",\"position\":2,\"name\":\"RATGEBER &#038; KLARHEIT\",\"item\":\"https:\\\/\\\/bien-etreiris.ch\\\/de\\\/ratgeber-klarheit-beratung\\\/\"},{\"@type\":\"ListItem\",\"position\":3,\"name\":\"NAT\u00dcRLICHE SUBSTANZEN\",\"item\":\"https:\\\/\\\/bien-etreiris.ch\\\/de\\\/ratgeber-klarheit-beratung\\\/natuerliche-heilmittel\\\/\"},{\"@type\":\"ListItem\",\"position\":4,\"name\":\"NAHRUNGSERG\u00c4NZUNG\",\"item\":\"https:\\\/\\\/bien-etreiris.ch\\\/de\\\/ratgeber-klarheit-beratung\\\/natuerliche-heilmittel\\\/nahrungsergaenzungsmittel\\\/\"},{\"@type\":\"ListItem\",\"position\":5,\"name\":\"MINERAL-SPURENELEMENTE\"}]},{\"@type\":\"WebSite\",\"@id\":\"https:\\\/\\\/bien-etreiris.ch\\\/de\\\/#website\",\"url\":\"https:\\\/\\\/bien-etreiris.ch\\\/de\\\/\",\"name\":\"Bien-\u00eatre Iris\",\"description\":\"IHRE Gesundheit ist uns wichtig\",\"potentialAction\":[{\"@type\":\"SearchAction\",\"target\":{\"@type\":\"EntryPoint\",\"urlTemplate\":\"https:\\\/\\\/bien-etreiris.ch\\\/de\\\/?s={search_term_string}\"},\"query-input\":{\"@type\":\"PropertyValueSpecification\",\"valueRequired\":true,\"valueName\":\"search_term_string\"}}],\"inLanguage\":\"de\"}]}<\/script>\n<!-- \/ Yoast SEO plugin. -->","yoast_head_json":{"title":"MINERAL-SPURENELEMENTE - WOHLBEFINDEN","robots":{"index":"index","follow":"follow","max-snippet":"max-snippet:-1","max-image-preview":"max-image-preview:large","max-video-preview":"max-video-preview:-1"},"canonical":"https:\/\/bien-etreiris.ch\/de\/ratgeber-klarheit-beratung\/natuerliche-heilmittel\/nahrungsergaenzungsmittel\/mineralien-und-spurenelemente\/","og_locale":"de_DE","og_type":"article","og_title":"MINERAL-SPURENELEMENTE - WOHLBEFINDEN","og_description":"Mineralien und Spurenelemente Mineralien und Spurenelemente sind entscheidend f\u00fcr eine optimale Gesundheit. Erfahren Sie mehr \u00fcber die Rolle von Mineralien wie Kalzium, Magnesium und Eisen bei der St\u00e4rkung von Knochen, Muskeln und dem Immunsystem. Entdecken Sie, wie Spurenelemente wie Zink, Selen und Kupfer die Stoffwechselprozesse unterst\u00fctzen und den Energiehaushalt regulieren. Mit fundierten Artikeln, Tipps und aktuellen Forschungsergebnissen helfen wir Ihnen,&nbsp;Weiter lesen","og_url":"https:\/\/bien-etreiris.ch\/de\/ratgeber-klarheit-beratung\/natuerliche-heilmittel\/nahrungsergaenzungsmittel\/mineralien-und-spurenelemente\/","og_site_name":"WOHLBEFINDEN","article_publisher":"https:\/\/www.facebook.com\/bienetreiris\/","article_modified_time":"2023-08-04T04:57:17+00:00","og_image":[{"width":500,"height":333,"url":"https:\/\/bien-etreiris.ch\/wp-content\/uploads\/2022\/07\/Acceuil-oligo-elements.jpg","type":"image\/jpeg"}],"twitter_misc":{"Gesch\u00e4tzte Lesezeit":"1\u00a0Minute"},"schema":{"@context":"https:\/\/schema.org","@graph":[{"@type":"WebPage","@id":"https:\/\/bien-etreiris.ch\/de\/ratgeber-klarheit-beratung\/natuerliche-heilmittel\/nahrungsergaenzungsmittel\/mineralien-und-spurenelemente\/","url":"https:\/\/bien-etreiris.ch\/de\/ratgeber-klarheit-beratung\/natuerliche-heilmittel\/nahrungsergaenzungsmittel\/mineralien-und-spurenelemente\/","name":"MINERAL-SPURENELEMENTE - WOHLBEFINDEN","isPartOf":{"@id":"https:\/\/bien-etreiris.ch\/de\/#website"},"primaryImageOfPage":{"@id":"https:\/\/bien-etreiris.ch\/de\/ratgeber-klarheit-beratung\/natuerliche-heilmittel\/nahrungsergaenzungsmittel\/mineralien-und-spurenelemente\/#primaryimage"},"image":{"@id":"https:\/\/bien-etreiris.ch\/de\/ratgeber-klarheit-beratung\/natuerliche-heilmittel\/nahrungsergaenzungsmittel\/mineralien-und-spurenelemente\/#primaryimage"},"thumbnailUrl":"https:\/\/bien-etreiris.ch\/wp-content\/uploads\/2022\/07\/Acceuil-oligo-elements.jpg","datePublished":"2023-08-04T04:41:39+00:00","dateModified":"2023-08-04T04:57:17+00:00","breadcrumb":{"@id":"https:\/\/bien-etreiris.ch\/de\/ratgeber-klarheit-beratung\/natuerliche-heilmittel\/nahrungsergaenzungsmittel\/mineralien-und-spurenelemente\/#breadcrumb"},"inLanguage":"de","potentialAction":[{"@type":"ReadAction","target":["https:\/\/bien-etreiris.ch\/de\/ratgeber-klarheit-beratung\/natuerliche-heilmittel\/nahrungsergaenzungsmittel\/mineralien-und-spurenelemente\/"]}]},{"@type":"ImageObject","inLanguage":"de","@id":"https:\/\/bien-etreiris.ch\/de\/ratgeber-klarheit-beratung\/natuerliche-heilmittel\/nahrungsergaenzungsmittel\/mineralien-und-spurenelemente\/#primaryimage","url":"https:\/\/bien-etreiris.ch\/wp-content\/uploads\/2022\/07\/Acceuil-oligo-elements.jpg","contentUrl":"https:\/\/bien-etreiris.ch\/wp-content\/uploads\/2022\/07\/Acceuil-oligo-elements.jpg","width":500,"height":333},{"@type":"BreadcrumbList","@id":"https:\/\/bien-etreiris.ch\/de\/ratgeber-klarheit-beratung\/natuerliche-heilmittel\/nahrungsergaenzungsmittel\/mineralien-und-spurenelemente\/#breadcrumb","itemListElement":[{"@type":"ListItem","position":1,"name":"Home","item":"https:\/\/bien-etreiris.ch\/de\/"},{"@type":"ListItem","position":2,"name":"RATGEBER &#038; KLARHEIT","item":"https:\/\/bien-etreiris.ch\/de\/ratgeber-klarheit-beratung\/"},{"@type":"ListItem","position":3,"name":"NAT\u00dcRLICHE SUBSTANZEN","item":"https:\/\/bien-etreiris.ch\/de\/ratgeber-klarheit-beratung\/natuerliche-heilmittel\/"},{"@type":"ListItem","position":4,"name":"NAHRUNGSERG\u00c4NZUNG","item":"https:\/\/bien-etreiris.ch\/de\/ratgeber-klarheit-beratung\/natuerliche-heilmittel\/nahrungsergaenzungsmittel\/"},{"@type":"ListItem","position":5,"name":"MINERAL-SPURENELEMENTE"}]},{"@type":"WebSite","@id":"https:\/\/bien-etreiris.ch\/de\/#website","url":"https:\/\/bien-etreiris.ch\/de\/","name":"Bien-\u00eatre Iris","description":"IHRE Gesundheit ist uns wichtig","potentialAction":[{"@type":"SearchAction","target":{"@type":"EntryPoint","urlTemplate":"https:\/\/bien-etreiris.ch\/de\/?s={search_term_string}"},"query-input":{"@type":"PropertyValueSpecification","valueRequired":true,"valueName":"search_term_string"}}],"inLanguage":"de"}]}},"_links":{"self":[{"href":"https:\/\/bien-etreiris.ch\/de\/wp-json\/wp\/v2\/pages\/73036","targetHints":{"allow":["GET"]}}],"collection":[{"href":"https:\/\/bien-etreiris.ch\/de\/wp-json\/wp\/v2\/pages"}],"about":[{"href":"https:\/\/bien-etreiris.ch\/de\/wp-json\/wp\/v2\/types\/page"}],"author":[{"embeddable":true,"href":"https:\/\/bien-etreiris.ch\/de\/wp-json\/wp\/v2\/users\/1"}],"replies":[{"embeddable":true,"href":"https:\/\/bien-etreiris.ch\/de\/wp-json\/wp\/v2\/comments?post=73036"}],"version-history":[{"count":4,"href":"https:\/\/bien-etreiris.ch\/de\/wp-json\/wp\/v2\/pages\/73036\/revisions"}],"predecessor-version":[{"id":73043,"href":"https:\/\/bien-etreiris.ch\/de\/wp-json\/wp\/v2\/pages\/73036\/revisions\/73043"}],"up":[{"embeddable":true,"href":"https:\/\/bien-etreiris.ch\/de\/wp-json\/wp\/v2\/pages\/50951"}],"wp:featuredmedia":[{"embeddable":true,"href":"https:\/\/bien-etreiris.ch\/de\/wp-json\/wp\/v2\/media\/56656"}],"wp:attachment":[{"href":"https:\/\/bien-etreiris.ch\/de\/wp-json\/wp\/v2\/media?parent=73036"}],"curies":[{"name":"wp","href":"https:\/\/api.w.org\/{rel}","templated":true}]}}