{"id":72968,"date":"2023-08-02T22:17:55","date_gmt":"2023-08-02T20:17:55","guid":{"rendered":"https:\/\/bien-etreiris.ch\/produktpraesentation\/gesundes-leben\/nahrungsergaenzungsmittel\/entgiftung-und-entwaesserung\/zeolithe-plus-bentonite\/"},"modified":"2023-08-02T22:22:56","modified_gmt":"2023-08-02T20:22:56","slug":"zeolith-mit-bentonit","status":"publish","type":"page","link":"https:\/\/bien-etreiris.ch\/de\/produktpraesentation\/zoom-die-welt-der-tiere\/gesundheit-der-tiere\/nahrungsergaenzungsmittel-fuer-tiere\/zeolith-mit-bentonit\/","title":{"rendered":"ZEOLITH + BENTONIT"},"content":{"rendered":"<h2>Zeolith &amp; Bentonit<\/h2>\n<p><a href=\"https:\/\/bien-etreiris.ch\/wp-content\/uploads\/2022\/06\/Flacon-en-verre-de-140-g-1.jpg\"><img loading=\"lazy\" decoding=\"async\" class=\"alignleft wp-image-55956\" src=\"https:\/\/bien-etreiris.ch\/wp-content\/uploads\/2022\/06\/Flacon-en-verre-de-140-g-1.jpg\" alt=\"\" width=\"350\" height=\"635\" srcset=\"https:\/\/bien-etreiris.ch\/wp-content\/uploads\/2022\/06\/Flacon-en-verre-de-140-g-1.jpg 556w, https:\/\/bien-etreiris.ch\/wp-content\/uploads\/2022\/06\/Flacon-en-verre-de-140-g-1-165x300.jpg 165w\" sizes=\"auto, (max-width: 350px) 100vw, 350px\" \/><\/a><\/p>\n<p>&nbsp;<\/p>\n<p>&nbsp;<\/p>\n<p>&nbsp;<\/p>\n<p>&nbsp;<\/p>\n<p>Nat\u00fcrliches Material<\/p>\n<p>Mischung aus nat\u00fcrlichen Substanzen bestehend aus :<\/p>\n<ul>\n<li>Zeolith-Klinoptiolith premium + Bentonit-Montmorillonit premium (100%)<\/li>\n<li>Reine nat\u00fcrliche Mineralien von h\u00f6chster Qualit\u00e4t, schadstoffgepr\u00fcft<\/li>\n<li>Nachgewiesener Klinoptilolith-Gehalt von \u00fcber 93%<\/li>\n<li>Nat\u00fcrlicher Zeolith, mikronisiert<\/li>\n<li>Korngr\u00f6\u00dfen von 0,00mm bis 0,05mm (50 Mikrometer oder 50.000 Nanometer)<\/li>\n<li>Kein Mahlen im Nanometerbereich<\/li>\n<li>Montmorillonit-Gehalt \u00fcber 90 %<\/li>\n<li>Sehr fein, 0,00 bis 0,045 mm, aber nicht nanozerkleinert<\/li>\n<li>Im Labor getestet<\/li>\n<li>Bentonit in pharmazeutischer Qualit\u00e4t<\/li>\n<\/ul>\n<p>&nbsp;<\/p>\n<h4>Herkunft<\/h4>\n<p>Slowakei<\/p>\n<p>1 Glasflasche mit 140 g CHF 9.00<\/p>\n<p>lose F\u00fcllung 100 g CHF 4.50<\/p>\n<p>&nbsp;<\/p>\n<p>&nbsp;<\/p>\n<p>&nbsp;<\/p>\n<h4>Premium-Klinopilolith-Zeolith + Bentonit-Montmorillonit.<\/h4>\n<p>Mischung aus 80% Klinoptilolith-Zeolith + 20% Bentonit-Montmorillonit.<\/p>\n<p>Zeolith ist ein nat\u00fcrliches Vulkangestein - ein vielseitiges nat\u00fcrliches Mineral vulkanischen Ursprungs. Der angegebene Gehalt an Klinoptilolith liegt bei \u00fcber 93 %. Mikronisiertes nat\u00fcrliches Zeolithpulver hat eine Korngr\u00f6\u00dfe von 0,00 mm bis 0,05 mm (50 Mikrometer oder 50.000 Nanometer), ist aber nicht nanogemahlen.<\/p>\n<p>Premium-Montmorillonit ist ein nat\u00fcrliches Bentonit vulkanischen Ursprungs von sehr hoher Qualit\u00e4t, das zur Gruppe der Schichtsilikate und insbesondere zur Mineralklasse der Silikate und Germanate geh\u00f6rt. Dieses spezielle Bentonit wird geologisch und mineralogisch als Montmorillonit bezeichnet. Er wird sehr fein (aber nicht nanometerfein) gemahlen und im Labor auf Schadstoffe und Schwermetalle getestet.<\/p>\n<p>In der EU sind Zeolith &amp; Bentonit nicht als Lebensmittel zugelassen. Daher k\u00f6nnen wir keine Verzehrempfehlung geben!<\/p>\n<h4>Anmerkung<\/h4>\n<p>Klinoptilolith ist in der EU gem\u00e4\u00df der Richtlinie 70\/524\/EWG des Rates \u00fcber Zusatzstoffe in der Tierern\u00e4hrung zugelassen. Kategorie: Bindemittel, Flie\u00dfhilfsstoffe und Gerinnungsstoffe als Zusatzstoffe in der Tierern\u00e4hrung.<\/p>\n<p>Mit der Richtlinie 82\/822\/EWG der Kommission wurde Bentonit gem\u00e4\u00df der Richtlinie 70\/524\/EWG als Futtermittelzusatzstoff, der zur Gruppe der Bindemittel, Flie\u00dfhilfsstoffe und Gerinnungsstoffe geh\u00f6rt, f\u00fcr alle Tierarten auf unbestimmte Zeit zugelassen.<\/p>\n<p>*Entspricht den Spezifikationen des Europ\u00e4ischen Arzneibuchs, Ph.Eur. 7.8 von 2014 und British Pharmacopoeia 2014, BP 2014, Bentonit-Monografie.<\/p>\n<p><a href=\"https:\/\/bien-etreiris.ch\/wp-content\/uploads\/2022\/06\/Flacon-en-verre-de-140-g-1.jpg\"><img loading=\"lazy\" decoding=\"async\" class=\"alignleft wp-image-55956\" src=\"https:\/\/bien-etreiris.ch\/wp-content\/uploads\/2022\/06\/Flacon-en-verre-de-140-g-1.jpg\" alt=\"\" width=\"350\" height=\"635\" srcset=\"https:\/\/bien-etreiris.ch\/wp-content\/uploads\/2022\/06\/Flacon-en-verre-de-140-g-1.jpg 556w, https:\/\/bien-etreiris.ch\/wp-content\/uploads\/2022\/06\/Flacon-en-verre-de-140-g-1-165x300.jpg 165w\" sizes=\"auto, (max-width: 350px) 100vw, 350px\" \/><\/a><\/p>\n<p>&nbsp;<\/p>\n<p>&nbsp;<\/p>\n<p>&nbsp;<\/p>\n<p>&nbsp;<\/p>\n<ul>\n<li>Mat\u00e9riau naturel<\/li>\n<li>M\u00e9lange de substances naturelles compos\u00e9 de :<\/li>\n<li>Z\u00e9olithe-clinoptiolite premium + bentonite-montmorillonite premium (100%).<\/li>\n<li>Min\u00e9raux naturels purs de la meilleure qualit\u00e9, contr\u00f4l\u00e9s au niveau des substances nocives.<\/li>\n<li>Teneur en clinoptilolite prouv\u00e9e de plus de 93%.<\/li>\n<li>Z\u00e9olithe naturelle micronis\u00e9e.<\/li>\n<li>Granulom\u00e9trie de 0,00mm \u00e0 0,05mm (50 microm\u00e8tres ou 50.000 nanom\u00e8tres).<\/li>\n<li>Pas de broyage nanom\u00e9trique.<\/li>\n<li>Teneur en montmorillonite sup\u00e9rieure \u00e0 90%.<\/li>\n<li>Tr\u00e8s fine, de 0,00 \u00e0 0,045 mm, mais pas nano broy\u00e9e.<\/li>\n<li>Test\u00e9 en laboratoire<\/li>\n<li>Bentonite de qualit\u00e9 pharmaceutique<\/li>\n<\/ul>\n<p>&nbsp;<\/p>\n<p><span class=\"tlid-translation translation\" lang=\"fr\"><span class=\"\" title=\"\"><strong>Origine : Slovaquie<\/strong><br \/>\n<\/span><\/span><\/p>\n<p>1 Flacon en verre&nbsp; de <strong>140 g<\/strong> <strong>CHF 9.50<\/strong><\/p>\n<p>en vrac&nbsp; remplissage&nbsp; <strong>100 g CHF 4.50<\/strong><\/p>\n<p>&nbsp;<\/p>\n<p><a href=\"https:\/\/bien-etreiris.ch\/presentations-des-produits\/vie-saine\/complements-alimentaires\/detoxication\/zeolithe-pure-clinoptilolith\/zeolith-bentonit-fr\/\" rel=\"attachment wp-att-70625\"><img loading=\"lazy\" decoding=\"async\" class=\"alignnone  wp-image-70625\" src=\"https:\/\/bien-etreiris.ch\/wp-content\/uploads\/2023\/05\/Zeolith-Bentonit-FR-scaled.jpg\" alt=\"\" width=\"814\" height=\"377\" srcset=\"https:\/\/bien-etreiris.ch\/wp-content\/uploads\/2023\/05\/Zeolith-Bentonit-FR-scaled.jpg 2560w, https:\/\/bien-etreiris.ch\/wp-content\/uploads\/2023\/05\/Zeolith-Bentonit-FR-300x139.jpg 300w, https:\/\/bien-etreiris.ch\/wp-content\/uploads\/2023\/05\/Zeolith-Bentonit-FR-1024x474.jpg 1024w, https:\/\/bien-etreiris.ch\/wp-content\/uploads\/2023\/05\/Zeolith-Bentonit-FR-768x355.jpg 768w, https:\/\/bien-etreiris.ch\/wp-content\/uploads\/2023\/05\/Zeolith-Bentonit-FR-1536x711.jpg 1536w, https:\/\/bien-etreiris.ch\/wp-content\/uploads\/2023\/05\/Zeolith-Bentonit-FR-2048x948.jpg 2048w\" sizes=\"auto, (max-width: 814px) 100vw, 814px\" \/><\/a><\/p>\n<p>&nbsp;<\/p>\n<p>&nbsp;<\/p>\n<h4>Z\u00e9olithe clinopilolite premium + bentonite-montmorillonite<\/h4>\n<p>M\u00e9lange de 80% de z\u00e9olithe clinoptilolite + 20% de bentonite-montmorillonite.<\/p>\n<p>La z\u00e9olite est une roche volcanique naturelle - un min\u00e9ral naturel polyvalent d'origine volcanique. La teneur d\u00e9clar\u00e9e en clinoptilolite est sup\u00e9rieure \u00e0 93%. La poudre de z\u00e9olithe naturelle micronis\u00e9e a une taille de grain de 0,00mm \u00e0 0,05mm (50 microm\u00e8tres ou 50.000 nanom\u00e8tres), mais n'est pas nano broy\u00e9e.<\/p>\n<p>La montmorillonite premium est une bentonite naturelle d'origine volcanique de tr\u00e8s haute qualit\u00e9 appartenant au groupe des phyllosilicates, et plus particuli\u00e8rement \u00e0 la classe min\u00e9rale des silicates et germanates. Cette bentonite sp\u00e9ciale est d\u00e9sign\u00e9e g\u00e9ologiquement et min\u00e9ralogiquement sous le nom de montmorillonite. Elle est broy\u00e9e tr\u00e8s finement (mais pas nanom\u00e9triquement) et test\u00e9e en laboratoire pour d\u00e9tecter la pr\u00e9sence de polluants et de m\u00e9taux lourds.<\/p>\n<p>Dans l'UE, la z\u00e9olithe &amp; la bentonite ne sont pas autoris\u00e9es comme aliments. C'est pourquoi nous ne pouvons pas donner de recommandation de consommation !<\/p>\n<h4>Remarque :<\/h4>\n<p>La clinoptilolite est autoris\u00e9e dans l'Union europ\u00e9enne conform\u00e9ment \u00e0 la directive 70\/524\/CEE du Conseil concernant les additifs dans l'alimentation des animaux. Cat\u00e9gorie : Liants, antimottants et coagulants en tant qu'additifs pour l'alimentation animale.<\/p>\n<p>La directive 82\/822\/CEE de la Commission a autoris\u00e9 la bentonite pour toutes les esp\u00e8ces animales, pour une dur\u00e9e ind\u00e9termin\u00e9e, conform\u00e9ment \u00e0 la directive 70\/524\/CEE, en tant qu'additif pour l'alimentation animale appartenant au groupe des agents liants, antimottants et coagulants.<\/p>\n<p>*conforme aux sp\u00e9cifications de la Pharmacop\u00e9e europ\u00e9enne, Ph.Eur. 7.8 de 2014 et British Pharmacopoeia 2014, BP 2014, monographie Bentonite.<\/p>\n","protected":false},"excerpt":{"rendered":"<p>Zeolith &amp; Bentonit &nbsp; &nbsp; &nbsp; &nbsp; Nat\u00fcrliches Material Mischung aus nat\u00fcrlichen Substanzen bestehend aus : Zeolith-Klinoptiolith premium + Bentonit-Montmorillonit premium (100%) Reine nat\u00fcrliche Mineralien von h\u00f6chster Qualit\u00e4t, schadstoffgepr\u00fcft Nachgewiesener Klinoptilolith-Gehalt von \u00fcber 93% Nat\u00fcrlicher Zeolith, mikronisiert Korngr\u00f6\u00dfen von 0,00mm bis 0,05mm (50 Mikrometer oder 50.000 Nanometer) Kein Mahlen im Nanometerbereich Montmorillonit-Gehalt \u00fcber 90 % Sehr fein, 0,00 bis 0,045&nbsp;<a href=\"https:\/\/bien-etreiris.ch\/de\/produktpraesentation\/zoom-die-welt-der-tiere\/gesundheit-der-tiere\/nahrungsergaenzungsmittel-fuer-tiere\/zeolith-mit-bentonit\/\" class=\"read-more\">Weiter lesen<\/a><\/p>\n","protected":false},"author":1,"featured_media":72965,"parent":74194,"menu_order":3184,"comment_status":"closed","ping_status":"closed","template":"page-with-child.php","meta":{"_acf_changed":false,"ngg_post_thumbnail":0,"footnotes":""},"class_list":["post-72968","page","type-page","status-publish","has-post-thumbnail","hentry"],"acf":[],"yoast_head":"<!-- This site is optimized with the Yoast SEO plugin v27.4 - https:\/\/yoast.com\/product\/yoast-seo-wordpress\/ -->\n<title>ZEOLITH + BENTONIT - WOHLBEFINDEN<\/title>\n<meta name=\"robots\" content=\"index, follow, max-snippet:-1, max-image-preview:large, max-video-preview:-1\" \/>\n<link rel=\"canonical\" href=\"https:\/\/bien-etreiris.ch\/de\/produktpraesentation\/gesundes-leben\/nahrungsergaenzungsmittel\/entgiftung-und-entwaesserung\/zeolith-mit-bentonit\/\" \/>\n<meta property=\"og:locale\" content=\"de_DE\" \/>\n<meta property=\"og:type\" content=\"article\" \/>\n<meta property=\"og:title\" content=\"ZEOLITH + BENTONIT - WOHLBEFINDEN\" \/>\n<meta property=\"og:description\" content=\"Zeolith &amp; Bentonit &nbsp; &nbsp; &nbsp; &nbsp; Nat\u00fcrliches Material Mischung aus nat\u00fcrlichen Substanzen bestehend aus : Zeolith-Klinoptiolith premium + Bentonit-Montmorillonit premium (100%) Reine nat\u00fcrliche Mineralien von h\u00f6chster Qualit\u00e4t, schadstoffgepr\u00fcft Nachgewiesener Klinoptilolith-Gehalt von \u00fcber 93% Nat\u00fcrlicher Zeolith, mikronisiert Korngr\u00f6\u00dfen von 0,00mm bis 0,05mm (50 Mikrometer oder 50.000 Nanometer) Kein Mahlen im Nanometerbereich Montmorillonit-Gehalt \u00fcber 90 % Sehr fein, 0,00 bis 0,045&nbsp;Weiter lesen\" \/>\n<meta property=\"og:url\" content=\"https:\/\/bien-etreiris.ch\/de\/produktpraesentation\/gesundes-leben\/nahrungsergaenzungsmittel\/entgiftung-und-entwaesserung\/zeolith-mit-bentonit\/\" \/>\n<meta property=\"og:site_name\" content=\"WOHLBEFINDEN\" \/>\n<meta property=\"article:publisher\" content=\"https:\/\/www.facebook.com\/bienetreiris\/\" \/>\n<meta property=\"article:modified_time\" content=\"2023-08-02T20:22:56+00:00\" \/>\n<meta property=\"og:image\" content=\"https:\/\/bien-etreiris.ch\/wp-content\/uploads\/2023\/08\/Acceuil-Zeolithe-et-Bentonite.jpg\" \/>\n\t<meta property=\"og:image:width\" content=\"500\" \/>\n\t<meta property=\"og:image:height\" content=\"333\" \/>\n\t<meta property=\"og:image:type\" content=\"image\/jpeg\" \/>\n<meta name=\"twitter:label1\" content=\"Gesch\u00e4tzte Lesezeit\" \/>\n\t<meta name=\"twitter:data1\" content=\"4\u00a0Minuten\" \/>\n<script type=\"application\/ld+json\" class=\"yoast-schema-graph\">{\"@context\":\"https:\\\/\\\/schema.org\",\"@graph\":[{\"@type\":\"WebPage\",\"@id\":\"https:\\\/\\\/bien-etreiris.ch\\\/de\\\/produktpraesentation\\\/gesundes-leben\\\/nahrungsergaenzungsmittel\\\/entgiftung-und-entwaesserung\\\/zeolith-mit-bentonit\\\/\",\"url\":\"https:\\\/\\\/bien-etreiris.ch\\\/de\\\/produktpraesentation\\\/gesundes-leben\\\/nahrungsergaenzungsmittel\\\/entgiftung-und-entwaesserung\\\/zeolith-mit-bentonit\\\/\",\"name\":\"ZEOLITH + BENTONIT - WOHLBEFINDEN\",\"isPartOf\":{\"@id\":\"https:\\\/\\\/bien-etreiris.ch\\\/de\\\/#website\"},\"primaryImageOfPage\":{\"@id\":\"https:\\\/\\\/bien-etreiris.ch\\\/de\\\/produktpraesentation\\\/gesundes-leben\\\/nahrungsergaenzungsmittel\\\/entgiftung-und-entwaesserung\\\/zeolith-mit-bentonit\\\/#primaryimage\"},\"image\":{\"@id\":\"https:\\\/\\\/bien-etreiris.ch\\\/de\\\/produktpraesentation\\\/gesundes-leben\\\/nahrungsergaenzungsmittel\\\/entgiftung-und-entwaesserung\\\/zeolith-mit-bentonit\\\/#primaryimage\"},\"thumbnailUrl\":\"https:\\\/\\\/bien-etreiris.ch\\\/wp-content\\\/uploads\\\/2023\\\/08\\\/Acceuil-Zeolithe-et-Bentonite.jpg\",\"datePublished\":\"2023-08-02T20:17:55+00:00\",\"dateModified\":\"2023-08-02T20:22:56+00:00\",\"breadcrumb\":{\"@id\":\"https:\\\/\\\/bien-etreiris.ch\\\/de\\\/produktpraesentation\\\/gesundes-leben\\\/nahrungsergaenzungsmittel\\\/entgiftung-und-entwaesserung\\\/zeolith-mit-bentonit\\\/#breadcrumb\"},\"inLanguage\":\"de\",\"potentialAction\":[{\"@type\":\"ReadAction\",\"target\":[\"https:\\\/\\\/bien-etreiris.ch\\\/de\\\/produktpraesentation\\\/gesundes-leben\\\/nahrungsergaenzungsmittel\\\/entgiftung-und-entwaesserung\\\/zeolith-mit-bentonit\\\/\"]}]},{\"@type\":\"ImageObject\",\"inLanguage\":\"de\",\"@id\":\"https:\\\/\\\/bien-etreiris.ch\\\/de\\\/produktpraesentation\\\/gesundes-leben\\\/nahrungsergaenzungsmittel\\\/entgiftung-und-entwaesserung\\\/zeolith-mit-bentonit\\\/#primaryimage\",\"url\":\"https:\\\/\\\/bien-etreiris.ch\\\/wp-content\\\/uploads\\\/2023\\\/08\\\/Acceuil-Zeolithe-et-Bentonite.jpg\",\"contentUrl\":\"https:\\\/\\\/bien-etreiris.ch\\\/wp-content\\\/uploads\\\/2023\\\/08\\\/Acceuil-Zeolithe-et-Bentonite.jpg\",\"width\":500,\"height\":333},{\"@type\":\"BreadcrumbList\",\"@id\":\"https:\\\/\\\/bien-etreiris.ch\\\/de\\\/produktpraesentation\\\/gesundes-leben\\\/nahrungsergaenzungsmittel\\\/entgiftung-und-entwaesserung\\\/zeolith-mit-bentonit\\\/#breadcrumb\",\"itemListElement\":[{\"@type\":\"ListItem\",\"position\":1,\"name\":\"Home\",\"item\":\"https:\\\/\\\/bien-etreiris.ch\\\/de\\\/\"},{\"@type\":\"ListItem\",\"position\":2,\"name\":\"PRODUKTPR\u00c4SENTATION\",\"item\":\"https:\\\/\\\/bien-etreiris.ch\\\/de\\\/produktpraesentation\\\/\"},{\"@type\":\"ListItem\",\"position\":3,\"name\":\"GESUNDES LEBEN\",\"item\":\"https:\\\/\\\/bien-etreiris.ch\\\/de\\\/produktpraesentation\\\/gesundes-leben\\\/\"},{\"@type\":\"ListItem\",\"position\":4,\"name\":\"NAHRUNGSERG\u00c4NZUNG\",\"item\":\"https:\\\/\\\/bien-etreiris.ch\\\/de\\\/produktpraesentation\\\/gesundes-leben\\\/nahrungsergaenzungsmittel\\\/\"},{\"@type\":\"ListItem\",\"position\":5,\"name\":\"ENTGIFTUNG &#038; &#8230;\",\"item\":\"https:\\\/\\\/bien-etreiris.ch\\\/de\\\/produktpraesentation\\\/gesundes-leben\\\/nahrungsergaenzungsmittel\\\/entgiftung-und-entwaesserung\\\/\"},{\"@type\":\"ListItem\",\"position\":6,\"name\":\"ZEOLITH + BENTONIT\"}]},{\"@type\":\"WebSite\",\"@id\":\"https:\\\/\\\/bien-etreiris.ch\\\/de\\\/#website\",\"url\":\"https:\\\/\\\/bien-etreiris.ch\\\/de\\\/\",\"name\":\"Bien-\u00eatre Iris\",\"description\":\"IHRE Gesundheit ist uns wichtig\",\"potentialAction\":[{\"@type\":\"SearchAction\",\"target\":{\"@type\":\"EntryPoint\",\"urlTemplate\":\"https:\\\/\\\/bien-etreiris.ch\\\/de\\\/?s={search_term_string}\"},\"query-input\":{\"@type\":\"PropertyValueSpecification\",\"valueRequired\":true,\"valueName\":\"search_term_string\"}}],\"inLanguage\":\"de\"}]}<\/script>\n<!-- \/ Yoast SEO plugin. -->","yoast_head_json":{"title":"ZEOLITH + BENTONIT - WOHLBEFINDEN","robots":{"index":"index","follow":"follow","max-snippet":"max-snippet:-1","max-image-preview":"max-image-preview:large","max-video-preview":"max-video-preview:-1"},"canonical":"https:\/\/bien-etreiris.ch\/de\/produktpraesentation\/gesundes-leben\/nahrungsergaenzungsmittel\/entgiftung-und-entwaesserung\/zeolith-mit-bentonit\/","og_locale":"de_DE","og_type":"article","og_title":"ZEOLITH + BENTONIT - WOHLBEFINDEN","og_description":"Zeolith &amp; Bentonit &nbsp; &nbsp; &nbsp; &nbsp; Nat\u00fcrliches Material Mischung aus nat\u00fcrlichen Substanzen bestehend aus : Zeolith-Klinoptiolith premium + Bentonit-Montmorillonit premium (100%) Reine nat\u00fcrliche Mineralien von h\u00f6chster Qualit\u00e4t, schadstoffgepr\u00fcft Nachgewiesener Klinoptilolith-Gehalt von \u00fcber 93% Nat\u00fcrlicher Zeolith, mikronisiert Korngr\u00f6\u00dfen von 0,00mm bis 0,05mm (50 Mikrometer oder 50.000 Nanometer) Kein Mahlen im Nanometerbereich Montmorillonit-Gehalt \u00fcber 90 % Sehr fein, 0,00 bis 0,045&nbsp;Weiter lesen","og_url":"https:\/\/bien-etreiris.ch\/de\/produktpraesentation\/gesundes-leben\/nahrungsergaenzungsmittel\/entgiftung-und-entwaesserung\/zeolith-mit-bentonit\/","og_site_name":"WOHLBEFINDEN","article_publisher":"https:\/\/www.facebook.com\/bienetreiris\/","article_modified_time":"2023-08-02T20:22:56+00:00","og_image":[{"width":500,"height":333,"url":"https:\/\/bien-etreiris.ch\/wp-content\/uploads\/2023\/08\/Acceuil-Zeolithe-et-Bentonite.jpg","type":"image\/jpeg"}],"twitter_misc":{"Gesch\u00e4tzte Lesezeit":"4\u00a0Minuten"},"schema":{"@context":"https:\/\/schema.org","@graph":[{"@type":"WebPage","@id":"https:\/\/bien-etreiris.ch\/de\/produktpraesentation\/gesundes-leben\/nahrungsergaenzungsmittel\/entgiftung-und-entwaesserung\/zeolith-mit-bentonit\/","url":"https:\/\/bien-etreiris.ch\/de\/produktpraesentation\/gesundes-leben\/nahrungsergaenzungsmittel\/entgiftung-und-entwaesserung\/zeolith-mit-bentonit\/","name":"ZEOLITH + BENTONIT - WOHLBEFINDEN","isPartOf":{"@id":"https:\/\/bien-etreiris.ch\/de\/#website"},"primaryImageOfPage":{"@id":"https:\/\/bien-etreiris.ch\/de\/produktpraesentation\/gesundes-leben\/nahrungsergaenzungsmittel\/entgiftung-und-entwaesserung\/zeolith-mit-bentonit\/#primaryimage"},"image":{"@id":"https:\/\/bien-etreiris.ch\/de\/produktpraesentation\/gesundes-leben\/nahrungsergaenzungsmittel\/entgiftung-und-entwaesserung\/zeolith-mit-bentonit\/#primaryimage"},"thumbnailUrl":"https:\/\/bien-etreiris.ch\/wp-content\/uploads\/2023\/08\/Acceuil-Zeolithe-et-Bentonite.jpg","datePublished":"2023-08-02T20:17:55+00:00","dateModified":"2023-08-02T20:22:56+00:00","breadcrumb":{"@id":"https:\/\/bien-etreiris.ch\/de\/produktpraesentation\/gesundes-leben\/nahrungsergaenzungsmittel\/entgiftung-und-entwaesserung\/zeolith-mit-bentonit\/#breadcrumb"},"inLanguage":"de","potentialAction":[{"@type":"ReadAction","target":["https:\/\/bien-etreiris.ch\/de\/produktpraesentation\/gesundes-leben\/nahrungsergaenzungsmittel\/entgiftung-und-entwaesserung\/zeolith-mit-bentonit\/"]}]},{"@type":"ImageObject","inLanguage":"de","@id":"https:\/\/bien-etreiris.ch\/de\/produktpraesentation\/gesundes-leben\/nahrungsergaenzungsmittel\/entgiftung-und-entwaesserung\/zeolith-mit-bentonit\/#primaryimage","url":"https:\/\/bien-etreiris.ch\/wp-content\/uploads\/2023\/08\/Acceuil-Zeolithe-et-Bentonite.jpg","contentUrl":"https:\/\/bien-etreiris.ch\/wp-content\/uploads\/2023\/08\/Acceuil-Zeolithe-et-Bentonite.jpg","width":500,"height":333},{"@type":"BreadcrumbList","@id":"https:\/\/bien-etreiris.ch\/de\/produktpraesentation\/gesundes-leben\/nahrungsergaenzungsmittel\/entgiftung-und-entwaesserung\/zeolith-mit-bentonit\/#breadcrumb","itemListElement":[{"@type":"ListItem","position":1,"name":"Home","item":"https:\/\/bien-etreiris.ch\/de\/"},{"@type":"ListItem","position":2,"name":"PRODUKTPR\u00c4SENTATION","item":"https:\/\/bien-etreiris.ch\/de\/produktpraesentation\/"},{"@type":"ListItem","position":3,"name":"GESUNDES LEBEN","item":"https:\/\/bien-etreiris.ch\/de\/produktpraesentation\/gesundes-leben\/"},{"@type":"ListItem","position":4,"name":"NAHRUNGSERG\u00c4NZUNG","item":"https:\/\/bien-etreiris.ch\/de\/produktpraesentation\/gesundes-leben\/nahrungsergaenzungsmittel\/"},{"@type":"ListItem","position":5,"name":"ENTGIFTUNG &#038; &#8230;","item":"https:\/\/bien-etreiris.ch\/de\/produktpraesentation\/gesundes-leben\/nahrungsergaenzungsmittel\/entgiftung-und-entwaesserung\/"},{"@type":"ListItem","position":6,"name":"ZEOLITH + BENTONIT"}]},{"@type":"WebSite","@id":"https:\/\/bien-etreiris.ch\/de\/#website","url":"https:\/\/bien-etreiris.ch\/de\/","name":"Bien-\u00eatre Iris","description":"IHRE Gesundheit ist uns wichtig","potentialAction":[{"@type":"SearchAction","target":{"@type":"EntryPoint","urlTemplate":"https:\/\/bien-etreiris.ch\/de\/?s={search_term_string}"},"query-input":{"@type":"PropertyValueSpecification","valueRequired":true,"valueName":"search_term_string"}}],"inLanguage":"de"}]}},"_links":{"self":[{"href":"https:\/\/bien-etreiris.ch\/de\/wp-json\/wp\/v2\/pages\/72968","targetHints":{"allow":["GET"]}}],"collection":[{"href":"https:\/\/bien-etreiris.ch\/de\/wp-json\/wp\/v2\/pages"}],"about":[{"href":"https:\/\/bien-etreiris.ch\/de\/wp-json\/wp\/v2\/types\/page"}],"author":[{"embeddable":true,"href":"https:\/\/bien-etreiris.ch\/de\/wp-json\/wp\/v2\/users\/1"}],"replies":[{"embeddable":true,"href":"https:\/\/bien-etreiris.ch\/de\/wp-json\/wp\/v2\/comments?post=72968"}],"version-history":[{"count":3,"href":"https:\/\/bien-etreiris.ch\/de\/wp-json\/wp\/v2\/pages\/72968\/revisions"}],"predecessor-version":[{"id":72973,"href":"https:\/\/bien-etreiris.ch\/de\/wp-json\/wp\/v2\/pages\/72968\/revisions\/72973"}],"up":[{"embeddable":true,"href":"https:\/\/bien-etreiris.ch\/de\/wp-json\/wp\/v2\/pages\/74194"}],"wp:featuredmedia":[{"embeddable":true,"href":"https:\/\/bien-etreiris.ch\/de\/wp-json\/wp\/v2\/media\/72965"}],"wp:attachment":[{"href":"https:\/\/bien-etreiris.ch\/de\/wp-json\/wp\/v2\/media?parent=72968"}],"curies":[{"name":"wp","href":"https:\/\/api.w.org\/{rel}","templated":true}]}}