{"id":72496,"date":"2023-07-28T12:58:49","date_gmt":"2023-07-28T10:58:49","guid":{"rendered":"https:\/\/bien-etreiris.ch\/produktpraesentation\/aromatherapie\/aetherische-oele\/geranium-rosat\/"},"modified":"2023-10-11T09:42:23","modified_gmt":"2023-10-11T07:42:23","slug":"geranium-rosat","status":"publish","type":"page","link":"https:\/\/bien-etreiris.ch\/de\/produktpraesentation\/aromatherapie\/aetherische-oele\/geranium\/geranium-rosat\/","title":{"rendered":"ROSAT"},"content":{"rendered":"<h2>G\u00e9ranium rosat<\/h2>\n<p>&nbsp;<\/p>\n<p><a href=\"https:\/\/bien-etreiris.ch\/de\/produktpraesentation\/aromatherapie\/aetherische-oele\/geranium\/geranium-rosat\/titre-geranium-rosat-2\/\" rel=\"attachment wp-att-72481\"><img loading=\"lazy\" decoding=\"async\" class=\"wp-image-72481 alignleft\" src=\"https:\/\/bien-etreiris.ch\/wp-content\/uploads\/2023\/07\/titre-Geranium-rosat.jpg\" alt=\"\" width=\"258\" height=\"467\" srcset=\"https:\/\/bien-etreiris.ch\/wp-content\/uploads\/2023\/07\/titre-Geranium-rosat.jpg 386w, https:\/\/bien-etreiris.ch\/wp-content\/uploads\/2023\/07\/titre-Geranium-rosat-166x300.jpg 166w\" sizes=\"auto, (max-width: 258px) 100vw, 258px\" \/><\/a><\/p>\n<p>&nbsp;<\/p>\n<p>&nbsp;<\/p>\n<p>&nbsp;<\/p>\n<p>&nbsp;<\/p>\n<p>&nbsp;<\/p>\n<p>&nbsp;<\/p>\n<p>&nbsp;<\/p>\n<p>&nbsp; 5 ml <strong>CHF 11.00<\/strong><\/p>\n<p>20 ml <strong>CHF 40.00<\/strong><\/p>\n<p>&nbsp;<\/p>\n<p>&nbsp;<\/p>\n<p>&nbsp;<\/p>\n<table style=\"width: 92.2619%; height: 1342px;\">\n<tbody>\n<tr style=\"height: 68px;\">\n<td style=\"width: 23.0576%; height: 68px;\"><strong>Nom botanique :<\/strong><\/td>\n<td style=\"width: 68.252%; height: 68px;\">\n<p><em>Pelargonium graveolens<\/em>&nbsp;L'H\u00e9r.<\/p>\n<\/td>\n<\/tr>\n<tr style=\"height: 23px;\">\n<td style=\"width: 23.0576%; height: 23px;\"><strong>Famille botanique :<\/strong><\/td>\n<td style=\"width: 68.252%; height: 23px;\">G\u00e9raniac\u00e9es<\/td>\n<\/tr>\n<tr style=\"height: 23px;\">\n<td style=\"width: 23.0576%; height: 23px;\"><strong>M\u00e9thode d'extraction :<\/strong><\/td>\n<td style=\"width: 68.252%; height: 23px;\">Distillation \u00e0 la vapeur d'eau<\/td>\n<\/tr>\n<tr style=\"height: 46px;\">\n<td style=\"width: 23.0576%; height: 46px;\"><strong>Partie de la plante utilis\u00e9e :<\/strong><\/td>\n<td style=\"width: 68.252%; height: 46px;\">parties a\u00e9riennes<\/td>\n<\/tr>\n<tr style=\"height: 23px;\">\n<td style=\"width: 23.0576%; height: 23px;\"><strong>Quantit\u00e9 v\u00e9g\u00e9tale :<\/strong><\/td>\n<td style=\"width: 68.252%; height: 23px;\">Pour obtenir 1 kg d'huile, il faut 800 kg de feuilles<\/td>\n<\/tr>\n<tr style=\"height: 46px;\">\n<td style=\"width: 23.0576%; height: 46px;\"><strong>Origine g\u00e9ographique :<\/strong>&nbsp;<\/td>\n<td style=\"width: 68.252%; height: 46px;\">Egypte (peut varier selon la saison et la r\u00e9colte)<\/td>\n<\/tr>\n<tr style=\"height: 23px;\">\n<td style=\"width: 23.0576%; height: 23px;\"><strong>Culture qualit\u00e9&nbsp;:<\/strong><\/td>\n<td style=\"width: 68.252%; height: 23px;\">Biologique<\/td>\n<\/tr>\n<tr style=\"height: 23px;\">\n<td style=\"width: 23.0576%; height: 23px;\"><strong>Effet parfum\u00e9 :<\/strong><\/td>\n<td style=\"width: 68.252%; height: 23px;\">Eclaircissant<\/td>\n<\/tr>\n<tr style=\"height: 23px;\">\n<td style=\"width: 23.0576%; height: 23px;\"><strong>Note parfum\u00e9e :<\/strong><\/td>\n<td style=\"width: 68.252%; height: 23px;\">Note de c\u0153ur<\/td>\n<\/tr>\n<tr style=\"height: 23px;\">\n<td style=\"width: 23.0576%; height: 23px;\"><strong>Profil de parfum :<\/strong><\/td>\n<td style=\"width: 68.252%; height: 23px;\">Chaud, ros\u00e9, floral, amical<\/td>\n<\/tr>\n<tr style=\"height: 23px;\">\n<td style=\"width: 23.0576%; height: 23px;\"><strong>Th\u00e8me du parfum :<\/strong><\/td>\n<td style=\"width: 68.252%; height: 23px;\">Equilibrante, stimulante, harmonisant<\/td>\n<\/tr>\n<tr style=\"height: 23px;\">\n<td style=\"width: 23.0576%; height: 23px;\"><strong>Energ\u00e9tique :<\/strong><\/td>\n<td style=\"width: 68.252%; height: 23px;\">Jaune \/ 3e chakra<\/td>\n<\/tr>\n<tr style=\"height: 46px;\">\n<td style=\"width: 23.0576%; height: 46px;\"><strong>Principaux effets physiques :<br><\/strong><\/td>\n<td style=\"width: 68.252%; height: 46px;\">Soignant la peau, cicatrisant, en cas d'infection fongique sur une peau sensible<\/td>\n<\/tr>\n<tr style=\"height: 10px;\">\n<td style=\"width: 23.0576%; height: 10px;\"><strong>Psycho-\u00e9motionnel :<\/strong>&nbsp;<\/td>\n<td style=\"width: 68.252%; height: 10px;\">\n<ul style=\"list-style-type: disc;\">\n<li>Relaxant<\/li>\n<li>Fortement \u00e9quilibrant<\/li>\n<li>Attire le positif<\/li>\n<\/ul>\n<\/td>\n<\/tr>\n<tr style=\"height: 328px;\">\n<td style=\"width: 23.0576%; height: 328px;\">\n<p><strong>Description :<\/strong><\/p>\n<p>&nbsp;<\/p>\n<p>&nbsp;<\/p>\n<p>&nbsp;<\/p>\n<p>&nbsp;<\/p>\n<p>&nbsp;<\/p>\n<\/td>\n<td style=\"width: 68.252%; height: 328px;\" scope=\"row\">\n<ul>\n<li>Une huile chaude et fleurie est obtenue \u00e0 partir du g\u00e9ranium rosat, originaire du Maroc. Les multiples propri\u00e9t\u00e9s du g\u00e9ranium rosat BIO en font une huile importante pour la pharmacie familiale. Elle a une action antibact\u00e9rienne, antivirale, anti-inflammatoire, r\u00e9g\u00e9n\u00e9ratrice de la peau, apaisante pour les nerfs et \u00e9quilibrante sur le plan hormonal. Son parfum agr\u00e9able agit contre l'anxi\u00e9t\u00e9 et l'abattement. En cas de sautes d'humeur, elle harmonise et \u00e9quilibre. Elle aide \u00e0 \u00e9liminer en douceur les blocages et \u00e0 cr\u00e9er ainsi de l'espace pour la nouveaut\u00e9.<\/li>\n<\/ul>\n<\/td>\n<\/tr>\n<tr style=\"height: 286px;\">\n<td style=\"width: 23.0576%; height: 286px;\">\n<p><strong>Application :<\/strong><\/p>\n<\/td>\n<td style=\"width: 68.252%; height: 286px;\">\n<ul style=\"list-style-type: disc;\">\n<li>\n<p>Le g\u00e9ranium rosat se m\u00e9lange bien avec le pamplemousse, la tonka, le v\u00e9tiver, le jasmin, le n\u00e9roli, le c\u00e8dre, la coriandre et l'encens.<\/p>\n<\/li>\n<li>\n<p>M\u00e9lang\u00e9 \u00e0 de l'huile de s\u00e9same, du bois de linaloa et de la marjolaine, il donne une huile de massage relaxante et soignante.<\/p>\n<\/li>\n<li>\n<p>Des sp\u00e9cialistes qualifi\u00e9s vous donneront volontiers de plus amples informations sur les possibilit\u00e9s d'utilisation m\u00e9dicale et cosm\u00e9tique.<\/p>\n<\/li>\n<\/ul>\n<\/td>\n<\/tr>\n<tr style=\"height: 101px;\">\n<td style=\"width: 23.0576%; height: 101px;\">\n<p><strong>Principes actifs :<\/strong><\/p>\n<\/td>\n<td style=\"width: 68.252%; height: 101px;\">\n<ul>\n<li>Citronellol (30 %)<\/li>\n<li>G\u00e9raniol&nbsp;(13 %)<\/li>\n<\/ul>\n<\/td>\n<\/tr>\n<tr style=\"height: 68px;\">\n<td style=\"width: 23.0576%; height: 68px;\">\n<p><strong>Allergene :<br><\/strong><\/p>\n<\/td>\n<td style=\"width: 68.252%; height: 68px;\">Linalol, Citronellol, G\u00e9raniol<\/td>\n<\/tr>\n<tr style=\"height: 68px;\">\n<td style=\"width: 23.0576%; height: 68px;\">\n<p><strong>Pr\u00e9cautions&nbsp;: <\/strong><\/p>\n<\/td>\n<td style=\"width: 68.252%; height: 68px;\">&nbsp;<\/td>\n<\/tr>\n<tr style=\"height: 68px;\">\n<td style=\"width: 23.0576%; height: 68px;\">\n<p><strong>Dur\u00e9e de conservation <br><\/strong><\/p>\n<\/td>\n<td style=\"width: 68.252%; height: 68px;\">Apr\u00e8s ouverture du flacon : 3-4 ans<\/td>\n<\/tr>\n<\/tbody>\n<\/table>\n\n","protected":false},"excerpt":{"rendered":"<p>G\u00e9ranium rosat &nbsp; &nbsp; &nbsp; &nbsp; &nbsp; &nbsp; &nbsp; &nbsp; &nbsp; 5 ml CHF 11.00 20 ml CHF 40.00 &nbsp; &nbsp; &nbsp; Nom botanique : Pelargonium graveolens&nbsp;L'H\u00e9r. Famille botanique : G\u00e9raniac\u00e9es M\u00e9thode d'extraction : Distillation \u00e0 la vapeur d'eau Partie de la plante utilis\u00e9e : parties a\u00e9riennes Quantit\u00e9 v\u00e9g\u00e9tale : Pour obtenir 1 kg d'huile, il faut 800 kg de&nbsp;<a href=\"https:\/\/bien-etreiris.ch\/de\/produktpraesentation\/aromatherapie\/aetherische-oele\/geranium\/geranium-rosat\/\" class=\"read-more\">Weiter lesen<\/a><\/p>\n","protected":false},"author":1,"featured_media":72490,"parent":76756,"menu_order":3270,"comment_status":"closed","ping_status":"closed","template":"","meta":{"_acf_changed":false,"ngg_post_thumbnail":0,"footnotes":""},"class_list":["post-72496","page","type-page","status-publish","has-post-thumbnail","hentry"],"acf":[],"yoast_head":"<!-- This site is optimized with the Yoast SEO plugin v27.6 - https:\/\/yoast.com\/product\/yoast-seo-wordpress\/ -->\n<title>ROSAT - WOHLBEFINDEN<\/title>\n<meta name=\"robots\" content=\"index, follow, max-snippet:-1, max-image-preview:large, max-video-preview:-1\" \/>\n<link rel=\"canonical\" href=\"https:\/\/bien-etreiris.ch\/de\/produktpraesentation\/aromatherapie\/aetherische-oele\/geranium\/geranium-rosat\/\" \/>\n<meta property=\"og:locale\" content=\"de_DE\" \/>\n<meta property=\"og:type\" content=\"article\" \/>\n<meta property=\"og:title\" content=\"ROSAT - WOHLBEFINDEN\" \/>\n<meta property=\"og:description\" content=\"G\u00e9ranium rosat &nbsp; &nbsp; &nbsp; &nbsp; &nbsp; &nbsp; &nbsp; &nbsp; &nbsp; 5 ml CHF 11.00 20 ml CHF 40.00 &nbsp; &nbsp; &nbsp; Nom botanique : Pelargonium graveolens&nbsp;L&#039;H\u00e9r. Famille botanique : G\u00e9raniac\u00e9es M\u00e9thode d&#039;extraction : Distillation \u00e0 la vapeur d&#039;eau Partie de la plante utilis\u00e9e : parties a\u00e9riennes Quantit\u00e9 v\u00e9g\u00e9tale : Pour obtenir 1 kg d&#039;huile, il faut 800 kg de&nbsp;Weiter lesen\" \/>\n<meta property=\"og:url\" content=\"https:\/\/bien-etreiris.ch\/de\/produktpraesentation\/aromatherapie\/aetherische-oele\/geranium\/geranium-rosat\/\" \/>\n<meta property=\"og:site_name\" content=\"WOHLBEFINDEN\" \/>\n<meta property=\"article:publisher\" content=\"https:\/\/www.facebook.com\/bienetreiris\/\" \/>\n<meta property=\"article:modified_time\" content=\"2023-10-11T07:42:23+00:00\" \/>\n<meta property=\"og:image\" content=\"https:\/\/bien-etreiris.ch\/wp-content\/uploads\/2023\/07\/acceuil-geranium-rosat.png\" \/>\n\t<meta property=\"og:image:width\" content=\"500\" \/>\n\t<meta property=\"og:image:height\" content=\"333\" \/>\n\t<meta property=\"og:image:type\" content=\"image\/png\" \/>\n<meta name=\"twitter:label1\" content=\"Gesch\u00e4tzte Lesezeit\" \/>\n\t<meta name=\"twitter:data1\" content=\"2\u00a0Minuten\" \/>\n<script type=\"application\/ld+json\" class=\"yoast-schema-graph\">{\"@context\":\"https:\\\/\\\/schema.org\",\"@graph\":[{\"@type\":\"WebPage\",\"@id\":\"https:\\\/\\\/bien-etreiris.ch\\\/de\\\/produktpraesentation\\\/aromatherapie\\\/aetherische-oele\\\/geranium\\\/geranium-rosat\\\/\",\"url\":\"https:\\\/\\\/bien-etreiris.ch\\\/de\\\/produktpraesentation\\\/aromatherapie\\\/aetherische-oele\\\/geranium\\\/geranium-rosat\\\/\",\"name\":\"ROSAT - WOHLBEFINDEN\",\"isPartOf\":{\"@id\":\"https:\\\/\\\/bien-etreiris.ch\\\/de\\\/#website\"},\"primaryImageOfPage\":{\"@id\":\"https:\\\/\\\/bien-etreiris.ch\\\/de\\\/produktpraesentation\\\/aromatherapie\\\/aetherische-oele\\\/geranium\\\/geranium-rosat\\\/#primaryimage\"},\"image\":{\"@id\":\"https:\\\/\\\/bien-etreiris.ch\\\/de\\\/produktpraesentation\\\/aromatherapie\\\/aetherische-oele\\\/geranium\\\/geranium-rosat\\\/#primaryimage\"},\"thumbnailUrl\":\"https:\\\/\\\/bien-etreiris.ch\\\/wp-content\\\/uploads\\\/2023\\\/07\\\/acceuil-geranium-rosat.png\",\"datePublished\":\"2023-07-28T10:58:49+00:00\",\"dateModified\":\"2023-10-11T07:42:23+00:00\",\"breadcrumb\":{\"@id\":\"https:\\\/\\\/bien-etreiris.ch\\\/de\\\/produktpraesentation\\\/aromatherapie\\\/aetherische-oele\\\/geranium\\\/geranium-rosat\\\/#breadcrumb\"},\"inLanguage\":\"de\",\"potentialAction\":[{\"@type\":\"ReadAction\",\"target\":[\"https:\\\/\\\/bien-etreiris.ch\\\/de\\\/produktpraesentation\\\/aromatherapie\\\/aetherische-oele\\\/geranium\\\/geranium-rosat\\\/\"]}]},{\"@type\":\"ImageObject\",\"inLanguage\":\"de\",\"@id\":\"https:\\\/\\\/bien-etreiris.ch\\\/de\\\/produktpraesentation\\\/aromatherapie\\\/aetherische-oele\\\/geranium\\\/geranium-rosat\\\/#primaryimage\",\"url\":\"https:\\\/\\\/bien-etreiris.ch\\\/wp-content\\\/uploads\\\/2023\\\/07\\\/acceuil-geranium-rosat.png\",\"contentUrl\":\"https:\\\/\\\/bien-etreiris.ch\\\/wp-content\\\/uploads\\\/2023\\\/07\\\/acceuil-geranium-rosat.png\",\"width\":500,\"height\":333},{\"@type\":\"BreadcrumbList\",\"@id\":\"https:\\\/\\\/bien-etreiris.ch\\\/de\\\/produktpraesentation\\\/aromatherapie\\\/aetherische-oele\\\/geranium\\\/geranium-rosat\\\/#breadcrumb\",\"itemListElement\":[{\"@type\":\"ListItem\",\"position\":1,\"name\":\"Home\",\"item\":\"https:\\\/\\\/bien-etreiris.ch\\\/de\\\/\"},{\"@type\":\"ListItem\",\"position\":2,\"name\":\"PRODUKTPR\u00c4SENTATION\",\"item\":\"https:\\\/\\\/bien-etreiris.ch\\\/de\\\/produktpraesentation\\\/\"},{\"@type\":\"ListItem\",\"position\":3,\"name\":\"AROMATHERAPIE\",\"item\":\"https:\\\/\\\/bien-etreiris.ch\\\/de\\\/produktpraesentation\\\/aromatherapie\\\/\"},{\"@type\":\"ListItem\",\"position\":4,\"name\":\"\u00c4THERISCHE \u00d6LE\",\"item\":\"https:\\\/\\\/bien-etreiris.ch\\\/de\\\/produktpraesentation\\\/aromatherapie\\\/aetherische-oele\\\/\"},{\"@type\":\"ListItem\",\"position\":5,\"name\":\"GERANIUM\",\"item\":\"https:\\\/\\\/bien-etreiris.ch\\\/de\\\/produktpraesentation\\\/aromatherapie\\\/aetherische-oele\\\/geranium\\\/\"},{\"@type\":\"ListItem\",\"position\":6,\"name\":\"ROSAT\"}]},{\"@type\":\"WebSite\",\"@id\":\"https:\\\/\\\/bien-etreiris.ch\\\/de\\\/#website\",\"url\":\"https:\\\/\\\/bien-etreiris.ch\\\/de\\\/\",\"name\":\"Bien-\u00eatre Iris\",\"description\":\"IHRE Gesundheit ist uns wichtig\",\"potentialAction\":[{\"@type\":\"SearchAction\",\"target\":{\"@type\":\"EntryPoint\",\"urlTemplate\":\"https:\\\/\\\/bien-etreiris.ch\\\/de\\\/?s={search_term_string}\"},\"query-input\":{\"@type\":\"PropertyValueSpecification\",\"valueRequired\":true,\"valueName\":\"search_term_string\"}}],\"inLanguage\":\"de\"}]}<\/script>\n<!-- \/ Yoast SEO plugin. -->","yoast_head_json":{"title":"ROSAT - WOHLBEFINDEN","robots":{"index":"index","follow":"follow","max-snippet":"max-snippet:-1","max-image-preview":"max-image-preview:large","max-video-preview":"max-video-preview:-1"},"canonical":"https:\/\/bien-etreiris.ch\/de\/produktpraesentation\/aromatherapie\/aetherische-oele\/geranium\/geranium-rosat\/","og_locale":"de_DE","og_type":"article","og_title":"ROSAT - WOHLBEFINDEN","og_description":"G\u00e9ranium rosat &nbsp; &nbsp; &nbsp; &nbsp; &nbsp; &nbsp; &nbsp; &nbsp; &nbsp; 5 ml CHF 11.00 20 ml CHF 40.00 &nbsp; &nbsp; &nbsp; Nom botanique : Pelargonium graveolens&nbsp;L'H\u00e9r. Famille botanique : G\u00e9raniac\u00e9es M\u00e9thode d'extraction : Distillation \u00e0 la vapeur d'eau Partie de la plante utilis\u00e9e : parties a\u00e9riennes Quantit\u00e9 v\u00e9g\u00e9tale : Pour obtenir 1 kg d'huile, il faut 800 kg de&nbsp;Weiter lesen","og_url":"https:\/\/bien-etreiris.ch\/de\/produktpraesentation\/aromatherapie\/aetherische-oele\/geranium\/geranium-rosat\/","og_site_name":"WOHLBEFINDEN","article_publisher":"https:\/\/www.facebook.com\/bienetreiris\/","article_modified_time":"2023-10-11T07:42:23+00:00","og_image":[{"width":500,"height":333,"url":"https:\/\/bien-etreiris.ch\/wp-content\/uploads\/2023\/07\/acceuil-geranium-rosat.png","type":"image\/png"}],"twitter_misc":{"Gesch\u00e4tzte Lesezeit":"2\u00a0Minuten"},"schema":{"@context":"https:\/\/schema.org","@graph":[{"@type":"WebPage","@id":"https:\/\/bien-etreiris.ch\/de\/produktpraesentation\/aromatherapie\/aetherische-oele\/geranium\/geranium-rosat\/","url":"https:\/\/bien-etreiris.ch\/de\/produktpraesentation\/aromatherapie\/aetherische-oele\/geranium\/geranium-rosat\/","name":"ROSAT - WOHLBEFINDEN","isPartOf":{"@id":"https:\/\/bien-etreiris.ch\/de\/#website"},"primaryImageOfPage":{"@id":"https:\/\/bien-etreiris.ch\/de\/produktpraesentation\/aromatherapie\/aetherische-oele\/geranium\/geranium-rosat\/#primaryimage"},"image":{"@id":"https:\/\/bien-etreiris.ch\/de\/produktpraesentation\/aromatherapie\/aetherische-oele\/geranium\/geranium-rosat\/#primaryimage"},"thumbnailUrl":"https:\/\/bien-etreiris.ch\/wp-content\/uploads\/2023\/07\/acceuil-geranium-rosat.png","datePublished":"2023-07-28T10:58:49+00:00","dateModified":"2023-10-11T07:42:23+00:00","breadcrumb":{"@id":"https:\/\/bien-etreiris.ch\/de\/produktpraesentation\/aromatherapie\/aetherische-oele\/geranium\/geranium-rosat\/#breadcrumb"},"inLanguage":"de","potentialAction":[{"@type":"ReadAction","target":["https:\/\/bien-etreiris.ch\/de\/produktpraesentation\/aromatherapie\/aetherische-oele\/geranium\/geranium-rosat\/"]}]},{"@type":"ImageObject","inLanguage":"de","@id":"https:\/\/bien-etreiris.ch\/de\/produktpraesentation\/aromatherapie\/aetherische-oele\/geranium\/geranium-rosat\/#primaryimage","url":"https:\/\/bien-etreiris.ch\/wp-content\/uploads\/2023\/07\/acceuil-geranium-rosat.png","contentUrl":"https:\/\/bien-etreiris.ch\/wp-content\/uploads\/2023\/07\/acceuil-geranium-rosat.png","width":500,"height":333},{"@type":"BreadcrumbList","@id":"https:\/\/bien-etreiris.ch\/de\/produktpraesentation\/aromatherapie\/aetherische-oele\/geranium\/geranium-rosat\/#breadcrumb","itemListElement":[{"@type":"ListItem","position":1,"name":"Home","item":"https:\/\/bien-etreiris.ch\/de\/"},{"@type":"ListItem","position":2,"name":"PRODUKTPR\u00c4SENTATION","item":"https:\/\/bien-etreiris.ch\/de\/produktpraesentation\/"},{"@type":"ListItem","position":3,"name":"AROMATHERAPIE","item":"https:\/\/bien-etreiris.ch\/de\/produktpraesentation\/aromatherapie\/"},{"@type":"ListItem","position":4,"name":"\u00c4THERISCHE \u00d6LE","item":"https:\/\/bien-etreiris.ch\/de\/produktpraesentation\/aromatherapie\/aetherische-oele\/"},{"@type":"ListItem","position":5,"name":"GERANIUM","item":"https:\/\/bien-etreiris.ch\/de\/produktpraesentation\/aromatherapie\/aetherische-oele\/geranium\/"},{"@type":"ListItem","position":6,"name":"ROSAT"}]},{"@type":"WebSite","@id":"https:\/\/bien-etreiris.ch\/de\/#website","url":"https:\/\/bien-etreiris.ch\/de\/","name":"Bien-\u00eatre Iris","description":"IHRE Gesundheit ist uns wichtig","potentialAction":[{"@type":"SearchAction","target":{"@type":"EntryPoint","urlTemplate":"https:\/\/bien-etreiris.ch\/de\/?s={search_term_string}"},"query-input":{"@type":"PropertyValueSpecification","valueRequired":true,"valueName":"search_term_string"}}],"inLanguage":"de"}]}},"_links":{"self":[{"href":"https:\/\/bien-etreiris.ch\/de\/wp-json\/wp\/v2\/pages\/72496","targetHints":{"allow":["GET"]}}],"collection":[{"href":"https:\/\/bien-etreiris.ch\/de\/wp-json\/wp\/v2\/pages"}],"about":[{"href":"https:\/\/bien-etreiris.ch\/de\/wp-json\/wp\/v2\/types\/page"}],"author":[{"embeddable":true,"href":"https:\/\/bien-etreiris.ch\/de\/wp-json\/wp\/v2\/users\/1"}],"replies":[{"embeddable":true,"href":"https:\/\/bien-etreiris.ch\/de\/wp-json\/wp\/v2\/comments?post=72496"}],"version-history":[{"count":2,"href":"https:\/\/bien-etreiris.ch\/de\/wp-json\/wp\/v2\/pages\/72496\/revisions"}],"predecessor-version":[{"id":76764,"href":"https:\/\/bien-etreiris.ch\/de\/wp-json\/wp\/v2\/pages\/72496\/revisions\/76764"}],"up":[{"embeddable":true,"href":"https:\/\/bien-etreiris.ch\/de\/wp-json\/wp\/v2\/pages\/76756"}],"wp:featuredmedia":[{"embeddable":true,"href":"https:\/\/bien-etreiris.ch\/de\/wp-json\/wp\/v2\/media\/72490"}],"wp:attachment":[{"href":"https:\/\/bien-etreiris.ch\/de\/wp-json\/wp\/v2\/media?parent=72496"}],"curies":[{"name":"wp","href":"https:\/\/api.w.org\/{rel}","templated":true}]}}