{"id":72464,"date":"2023-07-28T11:27:22","date_gmt":"2023-07-28T09:27:22","guid":{"rendered":"https:\/\/bien-etreiris.ch\/ylang-ylang\/"},"modified":"2024-09-27T16:04:34","modified_gmt":"2024-09-27T14:04:34","slug":"ylang-ylang","status":"publish","type":"page","link":"https:\/\/bien-etreiris.ch\/de\/produktpraesentation\/aromatherapie\/aetherische-oele\/ylang-ylang\/","title":{"rendered":"YLANG YLANG"},"content":{"rendered":"\n<h2>Ylang-ylang extra sup\u00e9rieur BIO<\/h2>\n<p><a href=\"https:\/\/bien-etreiris.ch\/de\/produktpraesentation\/aromatherapie\/aetherische-oele\/ylang-ylang\/ylang-ylang-2\/\" rel=\"attachment wp-att-72459\"><img loading=\"lazy\" decoding=\"async\" class=\"wp-image-72459 alignleft\" src=\"https:\/\/bien-etreiris.ch\/wp-content\/uploads\/2023\/07\/Ylang-Ylang.jpg\" alt=\"\" width=\"238\" height=\"469\" srcset=\"https:\/\/bien-etreiris.ch\/wp-content\/uploads\/2023\/07\/Ylang-Ylang.jpg 355w, https:\/\/bien-etreiris.ch\/wp-content\/uploads\/2023\/07\/Ylang-Ylang-152x300.jpg 152w\" sizes=\"auto, (max-width: 238px) 100vw, 238px\" \/><\/a><\/p>\n<p>&nbsp;<\/p>\n<p>&nbsp;<\/p>\n<p>&nbsp;<\/p>\n<p>&nbsp;<\/p>\n<p>&nbsp;<\/p>\n<p>&nbsp;<\/p>\n<p>&nbsp;<\/p>\n<p>&nbsp;<\/p>\n<p>5 ml <strong>CHF 18.00<\/strong><\/p>\n<p>&nbsp;<\/p>\n<p>&nbsp;<\/p>\n<p>&nbsp;<\/p>\n<p>&nbsp;<\/p>\n<p>&nbsp;<\/p>\n<p>&nbsp;<\/p>\n\n\n<table style=\"width: 100%; height: 820px;\">\n<tbody>\n<tr style=\"height: 10px;\">\n<td style=\"width: 31.4286%; height: 10px;\"><strong>Nom botanique :<\/strong><\/td>\n<td style=\"width: 67.6191%; height: 10px;\">\n<p><em>Cananga odorata&nbsp;<\/em>(Lam.) Hook.f. &amp; Thomson<\/p>\n<\/td>\n<\/tr>\n<tr style=\"height: 23px;\">\n<td style=\"width: 31.4286%; height: 23px;\"><strong>Famille botanique :<\/strong><\/td>\n<td style=\"width: 67.6191%; height: 23px;\">Annonac\u00e9es<\/td>\n<\/tr>\n<tr style=\"height: 23px;\">\n<td style=\"width: 31.4286%; height: 23px;\"><strong>M\u00e9thode d'extraction :<\/strong><\/td>\n<td style=\"width: 67.6191%; height: 23px;\">Distillation \u00e0 la vapeur d'eau<\/td>\n<\/tr>\n<tr style=\"height: 23px;\">\n<td style=\"width: 31.4286%; height: 23px;\"><strong>Partie de la plante utilis\u00e9e :<\/strong><\/td>\n<td style=\"width: 67.6191%; height: 23px;\">Fleurs<\/td>\n<\/tr>\n<tr style=\"height: 23px;\">\n<td style=\"width: 31.4286%; height: 23px;\"><strong>Quantit\u00e9 v\u00e9g\u00e9tale :<\/strong><\/td>\n<td style=\"width: 67.6191%; height: 23px;\">Pour obtenir 1 kg d'huile, il faut 40 \u00e0 50 kg de fleurs.<\/td>\n<\/tr>\n<tr style=\"height: 23px;\">\n<td style=\"width: 31.4286%; height: 23px;\"><strong>Origine g\u00e9ographique :<\/strong>&nbsp;<\/td>\n<td style=\"width: 67.6191%; height: 23px;\">Madagascar (peut varier en fonction de la saison et de la r\u00e9colte).<\/td>\n<\/tr>\n<tr style=\"height: 23px;\">\n<td style=\"width: 31.4286%; height: 23px;\"><strong>Culture qualit\u00e9&nbsp;:<\/strong><\/td>\n<td style=\"width: 67.6191%; height: 23px;\">Biologique<\/td>\n<\/tr>\n<tr style=\"height: 23px;\">\n<td style=\"width: 31.4286%; height: 23px;\"><strong>Effet parfum\u00e9 :<\/strong><\/td>\n<td style=\"width: 67.6191%; height: 23px;\">Erotisant, \u00e9quilibrant, euphorisant, favorise la dissolution des blocages psychiques<\/td>\n<\/tr>\n<tr style=\"height: 23px;\">\n<td style=\"width: 31.4286%; height: 23px;\"><strong>Note parfum\u00e9e :<\/strong><\/td>\n<td style=\"width: 67.6191%; height: 23px;\">Note de c\u0153ur<\/td>\n<\/tr>\n<tr style=\"height: 23px;\">\n<td style=\"width: 31.4286%; height: 23px;\"><strong>Profil de parfum :<\/strong><\/td>\n<td style=\"width: 67.6191%; height: 23px;\">Doux, floral, exotique, f\u00e9minin<\/td>\n<\/tr>\n<tr style=\"height: 23px;\">\n<td style=\"width: 31.4286%; height: 23px;\"><strong>Th\u00e8me du parfum :<\/strong><\/td>\n<td style=\"width: 67.6191%; height: 23px;\">Eclairant<\/td>\n<\/tr>\n<tr style=\"height: 23px;\">\n<td style=\"width: 31.4286%; height: 23px;\"><strong>Energ\u00e9tique :<\/strong><\/td>\n<td style=\"width: 67.6191%; height: 23px;\">Orange \/ 2e chakra<\/td>\n<\/tr>\n<tr>\n<td style=\"width: 31.4286%;\"><strong>Principaux effets physiques :<br><\/strong><\/td>\n<td style=\"width: 67.6191%;\">D\u00e9contractant, hypotenseur, en cas d'arythmie cardiaque l\u00e9g\u00e8re<\/td>\n<\/tr>\n<tr style=\"height: 23px;\">\n<td style=\"width: 31.4286%; height: 23px;\"><strong>Psycho-\u00e9motionnel :<\/strong>&nbsp;<\/td>\n<td style=\"width: 67.6191%; height: 23px;\">Huile de la sensualit\u00e9<\/td>\n<\/tr>\n<tr style=\"height: 320px;\">\n<td style=\"width: 31.4286%; height: 320px;\">\n<p><strong>Description :<\/strong><\/p>\n<p>&nbsp;<\/p>\n<p>&nbsp;<\/p>\n<p>&nbsp;<\/p>\n<p>&nbsp;<\/p>\n<p>&nbsp;<\/p>\n<\/td>\n<td style=\"width: 67.6191%; height: 320px;\" scope=\"row\">\n<ul>\n<li>L'ylang-ylang est \u00e9galement appel\u00e9 \"la fleur des fleurs\". Son parfum envo\u00fbtant \u00e9veille la sensualit\u00e9 et l'abandon. L'ylang-ylang extra-sup\u00e9rieur est obtenu par la premi\u00e8re de plusieurs distillations. C'est la plus pr\u00e9cieuse de toutes les huiles d'ylang-ylang. En aromath\u00e9rapie, ses propri\u00e9t\u00e9s soignantes, antispasmodiques et hormonales sont particuli\u00e8rement appr\u00e9ci\u00e9es. Sur le plan \u00e9motionnel, l'ylang-ylang d\u00e9tend, lib\u00e8re les sentiments rigides et \u00e9veille l'enthousiasme et la joie de vivre. Il favorise la cr\u00e9ativit\u00e9 et la capacit\u00e9 de communication.<\/li>\n<\/ul>\n<\/td>\n<\/tr>\n<tr style=\"height: 68px;\">\n<td style=\"width: 31.4286%; height: 68px;\">\n<p><strong>Application :<\/strong><\/p>\n<\/td>\n<td style=\"height: 68px;\">\n<ul style=\"list-style-type: disc;\">\n<li>L'ylang-ylang se m\u00e9lange bien avec la bergamote, la mandarine rouge, le n\u00e9roli, la lavande, la rose, l'attar de rose, la vanille, la tonka, le c\u00e8dre, le cypr\u00e8s et la coriandre.<\/li>\n<li>Pour un bain nourrissant et sensuel, m\u00e9langer avec du bois de santal, de l'orange sanguine et de la base de bain moussant au coco.<\/li>\n<li>Des sp\u00e9cialistes qualifi\u00e9s vous donneront volontiers de plus amples informations sur les possibilit\u00e9s d'utilisation m\u00e9dicale et cosm\u00e9tique.<\/li>\n<\/ul>\n<\/td>\n<\/tr>\n<tr style=\"height: 68px;\">\n<td style=\"width: 31.4286%; height: 68px;\">\n<p><strong>Principes actifs :<\/strong><\/p>\n<\/td>\n<td style=\"height: 68px;\">\n<ul style=\"list-style-type: disc;\">\n<li>Linalol (de 7&nbsp;\u00e0 24 %)<\/li>\n<li>Germacr\u00e8ne-D (de 4&nbsp;\u00e0 20 %)<\/li>\n<li>Para cresyl methyl ether (p-M\u00e9thyl anisole) (de 3&nbsp;\u00e0 15 %)<\/li>\n<li>Benzyl ac\u00e9tate (de 3&nbsp;\u00e0 13 %)<\/li>\n<li>Benzoate de benzyle (de 4&nbsp;\u00e0 12 %)<\/li>\n<li>G\u00e9ranyl ac\u00e9tate (de 2&nbsp;\u00e0 11 %)&nbsp;<\/li>\n<\/ul>\n<\/td>\n<\/tr>\n<tr style=\"height: 10px;\">\n<td style=\"width: 31.4286%; height: 10px;\">\n<p><strong>Allergene :<br><\/strong><\/p>\n<\/td>\n<td style=\"height: 10px;\">Benzyl alcohol, eug\u00e9nol, farn\u00e9sol, g\u00e9raniol, linalool, isoeug\u00e9nol<\/td>\n<\/tr>\n<tr style=\"height: 68px;\">\n<td style=\"width: 31.4286%; height: 68px;\">\n<p><strong>Dur\u00e9e de conservation <br><\/strong><\/p>\n<\/td>\n<td style=\"height: 68px;\">Apr\u00e8s ouverture du flacon : 3-4 ans<\/td>\n<\/tr>\n<\/tbody>\n<\/table>\n<h2><a href=\"https:\/\/bien-etreiris.ch\/de\/ratgeber-klarheit-beratung\/natuerliche-heilmittel\/pflanzenheilkunde\/aetherische-oele\/anwendungsleitfaden-fuer-aetherische-oele\/ylang-ylang\/\" target=\"_blank\" rel=\"noopener\"><span style=\"color: #99cc00;\"><em>Si tu veux en savoir plus sur l'ylang-ylang, clique ici.<\/em><\/span><\/a><\/h2>","protected":false},"excerpt":{"rendered":"<p>Ylang-ylang extra sup\u00e9rieur BIO &nbsp; &nbsp; &nbsp; &nbsp; &nbsp; &nbsp; &nbsp; &nbsp; 5 ml CHF 18.00 &nbsp; &nbsp; &nbsp; &nbsp; &nbsp; &nbsp; Nom botanique : Cananga odorata&nbsp;(Lam.) Hook.f. &amp; Thomson Famille botanique : Annonac\u00e9es M\u00e9thode d'extraction : Distillation \u00e0 la vapeur d'eau Partie de la plante utilis\u00e9e : Fleurs Quantit\u00e9 v\u00e9g\u00e9tale : Pour obtenir 1 kg d'huile, il faut 40&nbsp;<a href=\"https:\/\/bien-etreiris.ch\/de\/produktpraesentation\/aromatherapie\/aetherische-oele\/ylang-ylang\/\" class=\"read-more\">Weiter lesen<\/a><\/p>\n","protected":false},"author":1,"featured_media":89740,"parent":37429,"menu_order":3273,"comment_status":"closed","ping_status":"closed","template":"page-with-child.php","meta":{"_acf_changed":false,"ngg_post_thumbnail":0,"footnotes":""},"class_list":["post-72464","page","type-page","status-publish","has-post-thumbnail","hentry"],"acf":[],"yoast_head":"<!-- This site is optimized with the Yoast SEO plugin v27.6 - https:\/\/yoast.com\/product\/yoast-seo-wordpress\/ -->\n<title>YLANG YLANG - WOHLBEFINDEN<\/title>\n<meta name=\"robots\" content=\"index, follow, max-snippet:-1, max-image-preview:large, max-video-preview:-1\" \/>\n<link rel=\"canonical\" href=\"https:\/\/bien-etreiris.ch\/de\/produktpraesentation\/aromatherapie\/aetherische-oele\/ylang-ylang\/\" \/>\n<meta property=\"og:locale\" content=\"de_DE\" \/>\n<meta property=\"og:type\" content=\"article\" \/>\n<meta property=\"og:title\" content=\"YLANG YLANG - WOHLBEFINDEN\" \/>\n<meta property=\"og:description\" content=\"Ylang-ylang extra sup\u00e9rieur BIO &nbsp; &nbsp; &nbsp; &nbsp; &nbsp; &nbsp; &nbsp; &nbsp; 5 ml CHF 18.00 &nbsp; &nbsp; &nbsp; &nbsp; &nbsp; &nbsp; Nom botanique : Cananga odorata&nbsp;(Lam.) Hook.f. &amp; Thomson Famille botanique : Annonac\u00e9es M\u00e9thode d&#039;extraction : Distillation \u00e0 la vapeur d&#039;eau Partie de la plante utilis\u00e9e : Fleurs Quantit\u00e9 v\u00e9g\u00e9tale : Pour obtenir 1 kg d&#039;huile, il faut 40&nbsp;Weiter lesen\" \/>\n<meta property=\"og:url\" content=\"https:\/\/bien-etreiris.ch\/de\/produktpraesentation\/aromatherapie\/aetherische-oele\/ylang-ylang\/\" \/>\n<meta property=\"og:site_name\" content=\"WOHLBEFINDEN\" \/>\n<meta property=\"article:publisher\" content=\"https:\/\/www.facebook.com\/bienetreiris\/\" \/>\n<meta property=\"article:modified_time\" content=\"2024-09-27T14:04:34+00:00\" \/>\n<meta property=\"og:image\" content=\"https:\/\/bien-etreiris.ch\/wp-content\/uploads\/2023\/07\/Acceuil-Ylang-Ylang.png\" \/>\n\t<meta property=\"og:image:width\" content=\"500\" \/>\n\t<meta property=\"og:image:height\" content=\"333\" \/>\n\t<meta property=\"og:image:type\" content=\"image\/png\" \/>\n<meta name=\"twitter:label1\" content=\"Gesch\u00e4tzte Lesezeit\" \/>\n\t<meta name=\"twitter:data1\" content=\"2\u00a0Minuten\" \/>\n<script type=\"application\/ld+json\" class=\"yoast-schema-graph\">{\"@context\":\"https:\\\/\\\/schema.org\",\"@graph\":[{\"@type\":\"WebPage\",\"@id\":\"https:\\\/\\\/bien-etreiris.ch\\\/de\\\/produktpraesentation\\\/aromatherapie\\\/aetherische-oele\\\/ylang-ylang\\\/\",\"url\":\"https:\\\/\\\/bien-etreiris.ch\\\/de\\\/produktpraesentation\\\/aromatherapie\\\/aetherische-oele\\\/ylang-ylang\\\/\",\"name\":\"YLANG YLANG - WOHLBEFINDEN\",\"isPartOf\":{\"@id\":\"https:\\\/\\\/bien-etreiris.ch\\\/de\\\/#website\"},\"primaryImageOfPage\":{\"@id\":\"https:\\\/\\\/bien-etreiris.ch\\\/de\\\/produktpraesentation\\\/aromatherapie\\\/aetherische-oele\\\/ylang-ylang\\\/#primaryimage\"},\"image\":{\"@id\":\"https:\\\/\\\/bien-etreiris.ch\\\/de\\\/produktpraesentation\\\/aromatherapie\\\/aetherische-oele\\\/ylang-ylang\\\/#primaryimage\"},\"thumbnailUrl\":\"https:\\\/\\\/bien-etreiris.ch\\\/wp-content\\\/uploads\\\/2024\\\/09\\\/acceuil-ying-yang.png\",\"datePublished\":\"2023-07-28T09:27:22+00:00\",\"dateModified\":\"2024-09-27T14:04:34+00:00\",\"breadcrumb\":{\"@id\":\"https:\\\/\\\/bien-etreiris.ch\\\/de\\\/produktpraesentation\\\/aromatherapie\\\/aetherische-oele\\\/ylang-ylang\\\/#breadcrumb\"},\"inLanguage\":\"de\",\"potentialAction\":[{\"@type\":\"ReadAction\",\"target\":[\"https:\\\/\\\/bien-etreiris.ch\\\/de\\\/produktpraesentation\\\/aromatherapie\\\/aetherische-oele\\\/ylang-ylang\\\/\"]}]},{\"@type\":\"ImageObject\",\"inLanguage\":\"de\",\"@id\":\"https:\\\/\\\/bien-etreiris.ch\\\/de\\\/produktpraesentation\\\/aromatherapie\\\/aetherische-oele\\\/ylang-ylang\\\/#primaryimage\",\"url\":\"https:\\\/\\\/bien-etreiris.ch\\\/wp-content\\\/uploads\\\/2024\\\/09\\\/acceuil-ying-yang.png\",\"contentUrl\":\"https:\\\/\\\/bien-etreiris.ch\\\/wp-content\\\/uploads\\\/2024\\\/09\\\/acceuil-ying-yang.png\",\"width\":500,\"height\":305},{\"@type\":\"BreadcrumbList\",\"@id\":\"https:\\\/\\\/bien-etreiris.ch\\\/de\\\/produktpraesentation\\\/aromatherapie\\\/aetherische-oele\\\/ylang-ylang\\\/#breadcrumb\",\"itemListElement\":[{\"@type\":\"ListItem\",\"position\":1,\"name\":\"Home\",\"item\":\"https:\\\/\\\/bien-etreiris.ch\\\/de\\\/\"},{\"@type\":\"ListItem\",\"position\":2,\"name\":\"PRODUKTPR\u00c4SENTATION\",\"item\":\"https:\\\/\\\/bien-etreiris.ch\\\/de\\\/produktpraesentation\\\/\"},{\"@type\":\"ListItem\",\"position\":3,\"name\":\"AROMATHERAPIE\",\"item\":\"https:\\\/\\\/bien-etreiris.ch\\\/de\\\/produktpraesentation\\\/aromatherapie\\\/\"},{\"@type\":\"ListItem\",\"position\":4,\"name\":\"\u00c4THERISCHE \u00d6LE\",\"item\":\"https:\\\/\\\/bien-etreiris.ch\\\/de\\\/produktpraesentation\\\/aromatherapie\\\/aetherische-oele\\\/\"},{\"@type\":\"ListItem\",\"position\":5,\"name\":\"YLANG YLANG\"}]},{\"@type\":\"WebSite\",\"@id\":\"https:\\\/\\\/bien-etreiris.ch\\\/de\\\/#website\",\"url\":\"https:\\\/\\\/bien-etreiris.ch\\\/de\\\/\",\"name\":\"Bien-\u00eatre Iris\",\"description\":\"IHRE Gesundheit ist uns wichtig\",\"potentialAction\":[{\"@type\":\"SearchAction\",\"target\":{\"@type\":\"EntryPoint\",\"urlTemplate\":\"https:\\\/\\\/bien-etreiris.ch\\\/de\\\/?s={search_term_string}\"},\"query-input\":{\"@type\":\"PropertyValueSpecification\",\"valueRequired\":true,\"valueName\":\"search_term_string\"}}],\"inLanguage\":\"de\"}]}<\/script>\n<!-- \/ Yoast SEO plugin. -->","yoast_head_json":{"title":"YLANG YLANG - WOHLBEFINDEN","robots":{"index":"index","follow":"follow","max-snippet":"max-snippet:-1","max-image-preview":"max-image-preview:large","max-video-preview":"max-video-preview:-1"},"canonical":"https:\/\/bien-etreiris.ch\/de\/produktpraesentation\/aromatherapie\/aetherische-oele\/ylang-ylang\/","og_locale":"de_DE","og_type":"article","og_title":"YLANG YLANG - WOHLBEFINDEN","og_description":"Ylang-ylang extra sup\u00e9rieur BIO &nbsp; &nbsp; &nbsp; &nbsp; &nbsp; &nbsp; &nbsp; &nbsp; 5 ml CHF 18.00 &nbsp; &nbsp; &nbsp; &nbsp; &nbsp; &nbsp; Nom botanique : Cananga odorata&nbsp;(Lam.) Hook.f. &amp; Thomson Famille botanique : Annonac\u00e9es M\u00e9thode d'extraction : Distillation \u00e0 la vapeur d'eau Partie de la plante utilis\u00e9e : Fleurs Quantit\u00e9 v\u00e9g\u00e9tale : Pour obtenir 1 kg d'huile, il faut 40&nbsp;Weiter lesen","og_url":"https:\/\/bien-etreiris.ch\/de\/produktpraesentation\/aromatherapie\/aetherische-oele\/ylang-ylang\/","og_site_name":"WOHLBEFINDEN","article_publisher":"https:\/\/www.facebook.com\/bienetreiris\/","article_modified_time":"2024-09-27T14:04:34+00:00","og_image":[{"width":500,"height":333,"url":"https:\/\/bien-etreiris.ch\/wp-content\/uploads\/2023\/07\/Acceuil-Ylang-Ylang.png","type":"image\/png"}],"twitter_misc":{"Gesch\u00e4tzte Lesezeit":"2\u00a0Minuten"},"schema":{"@context":"https:\/\/schema.org","@graph":[{"@type":"WebPage","@id":"https:\/\/bien-etreiris.ch\/de\/produktpraesentation\/aromatherapie\/aetherische-oele\/ylang-ylang\/","url":"https:\/\/bien-etreiris.ch\/de\/produktpraesentation\/aromatherapie\/aetherische-oele\/ylang-ylang\/","name":"YLANG YLANG - WOHLBEFINDEN","isPartOf":{"@id":"https:\/\/bien-etreiris.ch\/de\/#website"},"primaryImageOfPage":{"@id":"https:\/\/bien-etreiris.ch\/de\/produktpraesentation\/aromatherapie\/aetherische-oele\/ylang-ylang\/#primaryimage"},"image":{"@id":"https:\/\/bien-etreiris.ch\/de\/produktpraesentation\/aromatherapie\/aetherische-oele\/ylang-ylang\/#primaryimage"},"thumbnailUrl":"https:\/\/bien-etreiris.ch\/wp-content\/uploads\/2024\/09\/acceuil-ying-yang.png","datePublished":"2023-07-28T09:27:22+00:00","dateModified":"2024-09-27T14:04:34+00:00","breadcrumb":{"@id":"https:\/\/bien-etreiris.ch\/de\/produktpraesentation\/aromatherapie\/aetherische-oele\/ylang-ylang\/#breadcrumb"},"inLanguage":"de","potentialAction":[{"@type":"ReadAction","target":["https:\/\/bien-etreiris.ch\/de\/produktpraesentation\/aromatherapie\/aetherische-oele\/ylang-ylang\/"]}]},{"@type":"ImageObject","inLanguage":"de","@id":"https:\/\/bien-etreiris.ch\/de\/produktpraesentation\/aromatherapie\/aetherische-oele\/ylang-ylang\/#primaryimage","url":"https:\/\/bien-etreiris.ch\/wp-content\/uploads\/2024\/09\/acceuil-ying-yang.png","contentUrl":"https:\/\/bien-etreiris.ch\/wp-content\/uploads\/2024\/09\/acceuil-ying-yang.png","width":500,"height":305},{"@type":"BreadcrumbList","@id":"https:\/\/bien-etreiris.ch\/de\/produktpraesentation\/aromatherapie\/aetherische-oele\/ylang-ylang\/#breadcrumb","itemListElement":[{"@type":"ListItem","position":1,"name":"Home","item":"https:\/\/bien-etreiris.ch\/de\/"},{"@type":"ListItem","position":2,"name":"PRODUKTPR\u00c4SENTATION","item":"https:\/\/bien-etreiris.ch\/de\/produktpraesentation\/"},{"@type":"ListItem","position":3,"name":"AROMATHERAPIE","item":"https:\/\/bien-etreiris.ch\/de\/produktpraesentation\/aromatherapie\/"},{"@type":"ListItem","position":4,"name":"\u00c4THERISCHE \u00d6LE","item":"https:\/\/bien-etreiris.ch\/de\/produktpraesentation\/aromatherapie\/aetherische-oele\/"},{"@type":"ListItem","position":5,"name":"YLANG YLANG"}]},{"@type":"WebSite","@id":"https:\/\/bien-etreiris.ch\/de\/#website","url":"https:\/\/bien-etreiris.ch\/de\/","name":"Bien-\u00eatre Iris","description":"IHRE Gesundheit ist uns wichtig","potentialAction":[{"@type":"SearchAction","target":{"@type":"EntryPoint","urlTemplate":"https:\/\/bien-etreiris.ch\/de\/?s={search_term_string}"},"query-input":{"@type":"PropertyValueSpecification","valueRequired":true,"valueName":"search_term_string"}}],"inLanguage":"de"}]}},"_links":{"self":[{"href":"https:\/\/bien-etreiris.ch\/de\/wp-json\/wp\/v2\/pages\/72464","targetHints":{"allow":["GET"]}}],"collection":[{"href":"https:\/\/bien-etreiris.ch\/de\/wp-json\/wp\/v2\/pages"}],"about":[{"href":"https:\/\/bien-etreiris.ch\/de\/wp-json\/wp\/v2\/types\/page"}],"author":[{"embeddable":true,"href":"https:\/\/bien-etreiris.ch\/de\/wp-json\/wp\/v2\/users\/1"}],"replies":[{"embeddable":true,"href":"https:\/\/bien-etreiris.ch\/de\/wp-json\/wp\/v2\/comments?post=72464"}],"version-history":[{"count":3,"href":"https:\/\/bien-etreiris.ch\/de\/wp-json\/wp\/v2\/pages\/72464\/revisions"}],"predecessor-version":[{"id":72477,"href":"https:\/\/bien-etreiris.ch\/de\/wp-json\/wp\/v2\/pages\/72464\/revisions\/72477"}],"up":[{"embeddable":true,"href":"https:\/\/bien-etreiris.ch\/de\/wp-json\/wp\/v2\/pages\/37429"}],"wp:featuredmedia":[{"embeddable":true,"href":"https:\/\/bien-etreiris.ch\/de\/wp-json\/wp\/v2\/media\/89740"}],"wp:attachment":[{"href":"https:\/\/bien-etreiris.ch\/de\/wp-json\/wp\/v2\/media?parent=72464"}],"curies":[{"name":"wp","href":"https:\/\/api.w.org\/{rel}","templated":true}]}}