{"id":72306,"date":"2023-07-23T07:50:21","date_gmt":"2023-07-23T05:50:21","guid":{"rendered":"https:\/\/bien-etreiris.ch\/produktpraesentation\/gesundes-leben\/nahrungsergaenzungsmittel\/microalgen\/spiruline\/"},"modified":"2023-07-23T08:01:47","modified_gmt":"2023-07-23T06:01:47","slug":"spiruline","status":"publish","type":"page","link":"https:\/\/bien-etreiris.ch\/de\/produktpraesentation\/gesundes-leben\/nahrungsergaenzungsmittel\/microalgen\/spiruline\/","title":{"rendered":"SPIRULINE"},"content":{"rendered":"<h2><span class=\"wixui-rich-text__text\">La spiruline <\/span><\/h2>\n<p><span class=\"wixui-rich-text__text\">est une cyanobact\u00e9rie mill\u00e9naire, consid\u00e9r\u00e9e comme l\u2019aliment le plus complet au monde. Elle vous s\u00e9duira par ses multiples bienfaits. Riche en antioxydants, acides amin\u00e9s, prot\u00e9ines, min\u00e9raux, vitamines et fer, elle est tr\u00e8s assimilable car d\u2019origine naturelle. Elle conviendra \u00e0 tous : hommes, femmes, sportifs, seniors et toutes les personnes souhaitant prendre soin de leur sant\u00e9 \u00e0 l\u2019aide d\u2019un produit naturel,&nbsp; non transform\u00e9 et local.&nbsp;<\/span><\/p>\n<h4>Bienfaits de la Spiruline<\/h4>\n<ul style=\"list-style-type: disc;\">\n<li>Riche en fer et phycocyanine<\/li>\n<li>Stimule et renforce le syst\u00e8me immmunitaire<\/li>\n<li>R\u00e9duit la fatigue<\/li>\n<li>Favorise la r\u00e9cup\u00e9ration<\/li>\n<li>Coupe-faim<\/li>\n<li>Riche en vitamines et min\u00e9raux<\/li>\n<\/ul>\n<p>&nbsp;<\/p>\n<h4>Spiruline en paillettes, 100% naturelle, tr\u00e8s digeste, directement du producteur r\u00e9gion de la Payerne,&nbsp; Suisse <a href=\"https:\/\/bien-etreiris.ch\/de\/produktpraesentation\/gesundes-leben\/nahrungsergaenzungsmittel\/microalgen\/spiruline\/suisse-2\/\" rel=\"attachment wp-att-72298\"><img loading=\"lazy\" decoding=\"async\" class=\"alignnone  wp-image-72298\" src=\"https:\/\/bien-etreiris.ch\/wp-content\/uploads\/2023\/07\/suisse.jpg\" alt=\"\" width=\"22\" height=\"22\"><\/a>&nbsp; \/ &nbsp; <a href=\"https:\/\/bien-etreiris.ch\/de\/produktpraesentation\/gesundes-leben\/nahrungsergaenzungsmittel\/microalgen\/spiruline\/payerne-2\/\" rel=\"attachment wp-att-72301\"><img loading=\"lazy\" decoding=\"async\" class=\"alignnone  wp-image-72301\" src=\"https:\/\/bien-etreiris.ch\/wp-content\/uploads\/2023\/07\/payerne.jpg\" alt=\"\" width=\"22\" height=\"22\"><\/a><\/h4>\n<p>&nbsp;<\/p>\n<p><a href=\"https:\/\/bien-etreiris.ch\/de\/produktpraesentation\/gesundes-leben\/nahrungsergaenzungsmittel\/microalgen\/spiruline\/spiruline-2-2\/\" rel=\"attachment wp-att-72286\"><img loading=\"lazy\" decoding=\"async\" class=\"wp-image-72286 alignleft\" src=\"https:\/\/bien-etreiris.ch\/wp-content\/uploads\/2023\/07\/spiruline.jpg\" alt=\"\" width=\"377\" height=\"528\" srcset=\"https:\/\/bien-etreiris.ch\/wp-content\/uploads\/2023\/07\/spiruline.jpg 714w, https:\/\/bien-etreiris.ch\/wp-content\/uploads\/2023\/07\/spiruline-214x300.jpg 214w\" sizes=\"auto, (max-width: 377px) 100vw, 377px\" \/><\/a><\/p>\n<p>&nbsp;<\/p>\n<p>&nbsp;<\/p>\n<p>&nbsp;<\/p>\n<p>&nbsp;<\/p>\n<p>&nbsp;<\/p>\n<p>&nbsp;<\/p>\n<p>&nbsp;<\/p>\n<p>&nbsp;<\/p>\n<p>&nbsp;<\/p>\n<p>&nbsp;<\/p>\n<p>pot 100 g <strong>CHF 42.00<\/strong><\/p>\n<p>&nbsp;<\/p>\n<p>&nbsp;<\/p>\n<p>&nbsp;<\/p>\n<p>Spiruline paysanne, en paillettes, dans un emballage r\u00e9utilisable en verre biophotonique <a href=\"https:\/\/www.mironglass.com\/fr\/a-propos-de-nous\/decouvrez-le-verre-violet\" target=\"_blank\" rel=\"noopener\">MIRON<\/a>.<\/p>\n<p>La spiruline MaSpiruline est cultiv\u00e9e dans la r\u00e9gion de Payerne, en Suisse. &nbsp;Elle est s\u00e9ch\u00e9e \u00e0 basse temp\u00e9rature (40\u00b0C) pour qu\u2019elle conserve toutes ses qualit\u00e9s nutritives sous une forme hautement assimilable par l\u2019organisme. L\u2019emballage en verre violet biophotonique <a href=\"https:\/\/www.mironglass.com\/fr\/a-propos-de-nous\/decouvrez-le-verre-violet\" target=\"_blank\" rel=\"noopener\">MIRON<\/a> permet une meilleure conservation de la spiruline. Le pot peut \u00eatre re-rempli par la suite avec les recharges de 100g en sachets biocompostables &nbsp;voir plus bas<\/p>\n<p>Composition: 100% spiruline (Arthrospira platensis)<\/p>\n<p>Quantit\u00e9: 100g<\/p>\n<p>La dose recommand\u00e9e: environ 3 \u2013 5g par jour.<\/p>\n<p>Un pot couvre approximativement un mois de consommation.<\/p>\n<p>&nbsp;<\/p>\n<hr>\n<h4>Recharges<\/h4>\n<p><a href=\"https:\/\/bien-etreiris.ch\/de\/produktpraesentation\/gesundes-leben\/nahrungsergaenzungsmittel\/microalgen\/spiruline\/recharge-spiruline-2\/\" rel=\"attachment wp-att-72289\"><img loading=\"lazy\" decoding=\"async\" class=\"wp-image-72289 alignleft\" src=\"https:\/\/bien-etreiris.ch\/wp-content\/uploads\/2023\/07\/recharge-spiruline.jpg\" alt=\"\" width=\"194\" height=\"277\" srcset=\"https:\/\/bien-etreiris.ch\/wp-content\/uploads\/2023\/07\/recharge-spiruline.jpg 1795w, https:\/\/bien-etreiris.ch\/wp-content\/uploads\/2023\/07\/recharge-spiruline-210x300.jpg 210w, https:\/\/bien-etreiris.ch\/wp-content\/uploads\/2023\/07\/recharge-spiruline-718x1024.jpg 718w, https:\/\/bien-etreiris.ch\/wp-content\/uploads\/2023\/07\/recharge-spiruline-768x1095.jpg 768w, https:\/\/bien-etreiris.ch\/wp-content\/uploads\/2023\/07\/recharge-spiruline-1077x1536.jpg 1077w, https:\/\/bien-etreiris.ch\/wp-content\/uploads\/2023\/07\/recharge-spiruline-1436x2048.jpg 1436w\" sizes=\"auto, (max-width: 194px) 100vw, 194px\" \/><\/a><\/p>\n<p>&nbsp;<\/p>\n<p>&nbsp;<\/p>\n<p>&nbsp;<\/p>\n<p>&nbsp;<\/p>\n<p>remplissage&nbsp; 100 g CHF 38.00<\/p>\n<p>3 x 100 g CHF 102.00<\/p>\n<p>6 x 100 g CHF 195.00<\/p>\n<p>&nbsp;<\/p>\n<p>Recharges de spiruline paysanne, en paillettes, dans un emballage bio-compostable pour re-remplir votre pot biophotonique <a href=\"https:\/\/www.mironglass.com\/fr\/\" target=\"_blank\" rel=\"noopener\">MIRON<\/a>. Les recharges sont destin\u00e9s aux consommateurs r\u00e9guliers et sont propos\u00e9es aussi sous forme de pack ou d\u2019abonnement. Notre but est que MaSpiruline reste accessible \u00e0 toutes les bourses!<\/p>\n<p>La spiruline MaSpiruline est cultiv\u00e9e dans la r\u00e9gion de Payerne, en Suisse. &nbsp;Elle est s\u00e9ch\u00e9e \u00e0 basse temp\u00e9rature (40\u00b0C) pour qu\u2019elle conserve toutes ses qualit\u00e9s nutritives sous une forme hautement assimilable par l\u2019organisme.<\/p>\n<p>Composition: 100% spiruline (Arthrospira platensis)<\/p>\n<p>La dose recommand\u00e9e: environ 3 \u2013 5g par jour<\/p>\n<p>Formats disponibles: 1 sachet de 100g, 3 sachets de 100g \/ 6 sachets de 100g (abonnement mensuel)<\/p>\n<p>&nbsp;<\/p>\n<hr>\n<p>&nbsp;<\/p>\n<p>&nbsp;<\/p>\n<p><a href=\"https:\/\/bien-etreiris.ch\/de\/produktpraesentation\/gesundes-leben\/nahrungsergaenzungsmittel\/microalgen\/spiruline\/moulin-spiruline-2\/\" rel=\"attachment wp-att-72292\"><img loading=\"lazy\" decoding=\"async\" class=\"wp-image-72292 alignleft\" src=\"https:\/\/bien-etreiris.ch\/wp-content\/uploads\/2023\/07\/moulin-spiruline.jpg\" alt=\"\" width=\"225\" height=\"338\" srcset=\"https:\/\/bien-etreiris.ch\/wp-content\/uploads\/2023\/07\/moulin-spiruline.jpg 533w, https:\/\/bien-etreiris.ch\/wp-content\/uploads\/2023\/07\/moulin-spiruline-200x300.jpg 200w\" sizes=\"auto, (max-width: 225px) 100vw, 225px\" \/><\/a><\/p>\n<p>&nbsp;<\/p>\n<p>&nbsp;<\/p>\n<p>&nbsp;<\/p>\n<p>&nbsp;<\/p>\n<p>&nbsp;<\/p>\n<p>Mod\u00e8le Noir contient approximativement 15g de spiruline et 15g de lin dor\u00e9 bio<\/p>\n<p>Moulin 1 pi\u00e8ce <strong>CHF 28.00<\/strong><\/p>\n<p>&nbsp;<\/p>\n<p>&nbsp;<\/p>\n<p>&nbsp;<\/p>\n<p>M\u00e9lange de notre spiruline et de lin dor\u00e9 bio suisse dans un \u00e9l\u00e9gant moulin en bois. Tr\u00e8s pratique pour saupoudrer vos plats et profiter des vertus de ces deux aliments en m\u00eame temps!<\/p>\n","protected":false},"excerpt":{"rendered":"<p>La spiruline est une cyanobact\u00e9rie mill\u00e9naire, consid\u00e9r\u00e9e comme l\u2019aliment le plus complet au monde. Elle vous s\u00e9duira par ses multiples bienfaits. Riche en antioxydants, acides amin\u00e9s, prot\u00e9ines, min\u00e9raux, vitamines et fer, elle est tr\u00e8s assimilable car d\u2019origine naturelle. Elle conviendra \u00e0 tous : hommes, femmes, sportifs, seniors et toutes les personnes souhaitant prendre soin de leur sant\u00e9 \u00e0 l\u2019aide d\u2019un&nbsp;<a href=\"https:\/\/bien-etreiris.ch\/de\/produktpraesentation\/gesundes-leben\/nahrungsergaenzungsmittel\/microalgen\/spiruline\/\" class=\"read-more\">Weiter lesen<\/a><\/p>\n","protected":false},"author":1,"featured_media":72285,"parent":56778,"menu_order":3293,"comment_status":"closed","ping_status":"closed","template":"page-with-child.php","meta":{"_acf_changed":false,"ngg_post_thumbnail":0,"footnotes":""},"class_list":["post-72306","page","type-page","status-publish","has-post-thumbnail","hentry"],"acf":[],"yoast_head":"<!-- This site is optimized with the Yoast SEO plugin v27.5 - https:\/\/yoast.com\/product\/yoast-seo-wordpress\/ -->\n<title>SPIRULINE - WOHLBEFINDEN<\/title>\n<meta name=\"robots\" content=\"index, follow, max-snippet:-1, max-image-preview:large, max-video-preview:-1\" \/>\n<link rel=\"canonical\" href=\"https:\/\/bien-etreiris.ch\/de\/produktpraesentation\/gesundes-leben\/nahrungsergaenzungsmittel\/microalgen\/spiruline\/\" \/>\n<meta property=\"og:locale\" content=\"de_DE\" \/>\n<meta property=\"og:type\" content=\"article\" \/>\n<meta property=\"og:title\" content=\"SPIRULINE - WOHLBEFINDEN\" \/>\n<meta property=\"og:description\" content=\"La spiruline est une cyanobact\u00e9rie mill\u00e9naire, consid\u00e9r\u00e9e comme l\u2019aliment le plus complet au monde. Elle vous s\u00e9duira par ses multiples bienfaits. Riche en antioxydants, acides amin\u00e9s, prot\u00e9ines, min\u00e9raux, vitamines et fer, elle est tr\u00e8s assimilable car d\u2019origine naturelle. Elle conviendra \u00e0 tous : hommes, femmes, sportifs, seniors et toutes les personnes souhaitant prendre soin de leur sant\u00e9 \u00e0 l\u2019aide d\u2019un&nbsp;Weiter lesen\" \/>\n<meta property=\"og:url\" content=\"https:\/\/bien-etreiris.ch\/de\/produktpraesentation\/gesundes-leben\/nahrungsergaenzungsmittel\/microalgen\/spiruline\/\" \/>\n<meta property=\"og:site_name\" content=\"WOHLBEFINDEN\" \/>\n<meta property=\"article:publisher\" content=\"https:\/\/www.facebook.com\/bienetreiris\/\" \/>\n<meta property=\"article:modified_time\" content=\"2023-07-23T06:01:47+00:00\" \/>\n<meta property=\"og:image\" content=\"https:\/\/bien-etreiris.ch\/wp-content\/uploads\/2023\/07\/acceuil-spiruline.jpg\" \/>\n\t<meta property=\"og:image:width\" content=\"500\" \/>\n\t<meta property=\"og:image:height\" content=\"333\" \/>\n\t<meta property=\"og:image:type\" content=\"image\/jpeg\" \/>\n<meta name=\"twitter:label1\" content=\"Gesch\u00e4tzte Lesezeit\" \/>\n\t<meta name=\"twitter:data1\" content=\"3\u00a0Minuten\" \/>\n<script type=\"application\/ld+json\" class=\"yoast-schema-graph\">{\"@context\":\"https:\\\/\\\/schema.org\",\"@graph\":[{\"@type\":\"WebPage\",\"@id\":\"https:\\\/\\\/bien-etreiris.ch\\\/de\\\/produktpraesentation\\\/gesundes-leben\\\/nahrungsergaenzungsmittel\\\/microalgen\\\/spiruline\\\/\",\"url\":\"https:\\\/\\\/bien-etreiris.ch\\\/de\\\/produktpraesentation\\\/gesundes-leben\\\/nahrungsergaenzungsmittel\\\/microalgen\\\/spiruline\\\/\",\"name\":\"SPIRULINE - WOHLBEFINDEN\",\"isPartOf\":{\"@id\":\"https:\\\/\\\/bien-etreiris.ch\\\/de\\\/#website\"},\"primaryImageOfPage\":{\"@id\":\"https:\\\/\\\/bien-etreiris.ch\\\/de\\\/produktpraesentation\\\/gesundes-leben\\\/nahrungsergaenzungsmittel\\\/microalgen\\\/spiruline\\\/#primaryimage\"},\"image\":{\"@id\":\"https:\\\/\\\/bien-etreiris.ch\\\/de\\\/produktpraesentation\\\/gesundes-leben\\\/nahrungsergaenzungsmittel\\\/microalgen\\\/spiruline\\\/#primaryimage\"},\"thumbnailUrl\":\"https:\\\/\\\/bien-etreiris.ch\\\/wp-content\\\/uploads\\\/2023\\\/07\\\/acceuil-spiruline.jpg\",\"datePublished\":\"2023-07-23T05:50:21+00:00\",\"dateModified\":\"2023-07-23T06:01:47+00:00\",\"breadcrumb\":{\"@id\":\"https:\\\/\\\/bien-etreiris.ch\\\/de\\\/produktpraesentation\\\/gesundes-leben\\\/nahrungsergaenzungsmittel\\\/microalgen\\\/spiruline\\\/#breadcrumb\"},\"inLanguage\":\"de\",\"potentialAction\":[{\"@type\":\"ReadAction\",\"target\":[\"https:\\\/\\\/bien-etreiris.ch\\\/de\\\/produktpraesentation\\\/gesundes-leben\\\/nahrungsergaenzungsmittel\\\/microalgen\\\/spiruline\\\/\"]}]},{\"@type\":\"ImageObject\",\"inLanguage\":\"de\",\"@id\":\"https:\\\/\\\/bien-etreiris.ch\\\/de\\\/produktpraesentation\\\/gesundes-leben\\\/nahrungsergaenzungsmittel\\\/microalgen\\\/spiruline\\\/#primaryimage\",\"url\":\"https:\\\/\\\/bien-etreiris.ch\\\/wp-content\\\/uploads\\\/2023\\\/07\\\/acceuil-spiruline.jpg\",\"contentUrl\":\"https:\\\/\\\/bien-etreiris.ch\\\/wp-content\\\/uploads\\\/2023\\\/07\\\/acceuil-spiruline.jpg\",\"width\":500,\"height\":333},{\"@type\":\"BreadcrumbList\",\"@id\":\"https:\\\/\\\/bien-etreiris.ch\\\/de\\\/produktpraesentation\\\/gesundes-leben\\\/nahrungsergaenzungsmittel\\\/microalgen\\\/spiruline\\\/#breadcrumb\",\"itemListElement\":[{\"@type\":\"ListItem\",\"position\":1,\"name\":\"Home\",\"item\":\"https:\\\/\\\/bien-etreiris.ch\\\/de\\\/\"},{\"@type\":\"ListItem\",\"position\":2,\"name\":\"PRODUKTPR\u00c4SENTATION\",\"item\":\"https:\\\/\\\/bien-etreiris.ch\\\/de\\\/produktpraesentation\\\/\"},{\"@type\":\"ListItem\",\"position\":3,\"name\":\"GESUNDES LEBEN\",\"item\":\"https:\\\/\\\/bien-etreiris.ch\\\/de\\\/produktpraesentation\\\/gesundes-leben\\\/\"},{\"@type\":\"ListItem\",\"position\":4,\"name\":\"NAHRUNGSERG\u00c4NZUNG\",\"item\":\"https:\\\/\\\/bien-etreiris.ch\\\/de\\\/produktpraesentation\\\/gesundes-leben\\\/nahrungsergaenzungsmittel\\\/\"},{\"@type\":\"ListItem\",\"position\":5,\"name\":\"MICROALGEN\",\"item\":\"https:\\\/\\\/bien-etreiris.ch\\\/de\\\/produktpraesentation\\\/gesundes-leben\\\/nahrungsergaenzungsmittel\\\/microalgen\\\/\"},{\"@type\":\"ListItem\",\"position\":6,\"name\":\"SPIRULINE\"}]},{\"@type\":\"WebSite\",\"@id\":\"https:\\\/\\\/bien-etreiris.ch\\\/de\\\/#website\",\"url\":\"https:\\\/\\\/bien-etreiris.ch\\\/de\\\/\",\"name\":\"Bien-\u00eatre Iris\",\"description\":\"IHRE Gesundheit ist uns wichtig\",\"potentialAction\":[{\"@type\":\"SearchAction\",\"target\":{\"@type\":\"EntryPoint\",\"urlTemplate\":\"https:\\\/\\\/bien-etreiris.ch\\\/de\\\/?s={search_term_string}\"},\"query-input\":{\"@type\":\"PropertyValueSpecification\",\"valueRequired\":true,\"valueName\":\"search_term_string\"}}],\"inLanguage\":\"de\"}]}<\/script>\n<!-- \/ Yoast SEO plugin. -->","yoast_head_json":{"title":"SPIRULINE - WOHLBEFINDEN","robots":{"index":"index","follow":"follow","max-snippet":"max-snippet:-1","max-image-preview":"max-image-preview:large","max-video-preview":"max-video-preview:-1"},"canonical":"https:\/\/bien-etreiris.ch\/de\/produktpraesentation\/gesundes-leben\/nahrungsergaenzungsmittel\/microalgen\/spiruline\/","og_locale":"de_DE","og_type":"article","og_title":"SPIRULINE - WOHLBEFINDEN","og_description":"La spiruline est une cyanobact\u00e9rie mill\u00e9naire, consid\u00e9r\u00e9e comme l\u2019aliment le plus complet au monde. Elle vous s\u00e9duira par ses multiples bienfaits. Riche en antioxydants, acides amin\u00e9s, prot\u00e9ines, min\u00e9raux, vitamines et fer, elle est tr\u00e8s assimilable car d\u2019origine naturelle. Elle conviendra \u00e0 tous : hommes, femmes, sportifs, seniors et toutes les personnes souhaitant prendre soin de leur sant\u00e9 \u00e0 l\u2019aide d\u2019un&nbsp;Weiter lesen","og_url":"https:\/\/bien-etreiris.ch\/de\/produktpraesentation\/gesundes-leben\/nahrungsergaenzungsmittel\/microalgen\/spiruline\/","og_site_name":"WOHLBEFINDEN","article_publisher":"https:\/\/www.facebook.com\/bienetreiris\/","article_modified_time":"2023-07-23T06:01:47+00:00","og_image":[{"width":500,"height":333,"url":"https:\/\/bien-etreiris.ch\/wp-content\/uploads\/2023\/07\/acceuil-spiruline.jpg","type":"image\/jpeg"}],"twitter_misc":{"Gesch\u00e4tzte Lesezeit":"3\u00a0Minuten"},"schema":{"@context":"https:\/\/schema.org","@graph":[{"@type":"WebPage","@id":"https:\/\/bien-etreiris.ch\/de\/produktpraesentation\/gesundes-leben\/nahrungsergaenzungsmittel\/microalgen\/spiruline\/","url":"https:\/\/bien-etreiris.ch\/de\/produktpraesentation\/gesundes-leben\/nahrungsergaenzungsmittel\/microalgen\/spiruline\/","name":"SPIRULINE - WOHLBEFINDEN","isPartOf":{"@id":"https:\/\/bien-etreiris.ch\/de\/#website"},"primaryImageOfPage":{"@id":"https:\/\/bien-etreiris.ch\/de\/produktpraesentation\/gesundes-leben\/nahrungsergaenzungsmittel\/microalgen\/spiruline\/#primaryimage"},"image":{"@id":"https:\/\/bien-etreiris.ch\/de\/produktpraesentation\/gesundes-leben\/nahrungsergaenzungsmittel\/microalgen\/spiruline\/#primaryimage"},"thumbnailUrl":"https:\/\/bien-etreiris.ch\/wp-content\/uploads\/2023\/07\/acceuil-spiruline.jpg","datePublished":"2023-07-23T05:50:21+00:00","dateModified":"2023-07-23T06:01:47+00:00","breadcrumb":{"@id":"https:\/\/bien-etreiris.ch\/de\/produktpraesentation\/gesundes-leben\/nahrungsergaenzungsmittel\/microalgen\/spiruline\/#breadcrumb"},"inLanguage":"de","potentialAction":[{"@type":"ReadAction","target":["https:\/\/bien-etreiris.ch\/de\/produktpraesentation\/gesundes-leben\/nahrungsergaenzungsmittel\/microalgen\/spiruline\/"]}]},{"@type":"ImageObject","inLanguage":"de","@id":"https:\/\/bien-etreiris.ch\/de\/produktpraesentation\/gesundes-leben\/nahrungsergaenzungsmittel\/microalgen\/spiruline\/#primaryimage","url":"https:\/\/bien-etreiris.ch\/wp-content\/uploads\/2023\/07\/acceuil-spiruline.jpg","contentUrl":"https:\/\/bien-etreiris.ch\/wp-content\/uploads\/2023\/07\/acceuil-spiruline.jpg","width":500,"height":333},{"@type":"BreadcrumbList","@id":"https:\/\/bien-etreiris.ch\/de\/produktpraesentation\/gesundes-leben\/nahrungsergaenzungsmittel\/microalgen\/spiruline\/#breadcrumb","itemListElement":[{"@type":"ListItem","position":1,"name":"Home","item":"https:\/\/bien-etreiris.ch\/de\/"},{"@type":"ListItem","position":2,"name":"PRODUKTPR\u00c4SENTATION","item":"https:\/\/bien-etreiris.ch\/de\/produktpraesentation\/"},{"@type":"ListItem","position":3,"name":"GESUNDES LEBEN","item":"https:\/\/bien-etreiris.ch\/de\/produktpraesentation\/gesundes-leben\/"},{"@type":"ListItem","position":4,"name":"NAHRUNGSERG\u00c4NZUNG","item":"https:\/\/bien-etreiris.ch\/de\/produktpraesentation\/gesundes-leben\/nahrungsergaenzungsmittel\/"},{"@type":"ListItem","position":5,"name":"MICROALGEN","item":"https:\/\/bien-etreiris.ch\/de\/produktpraesentation\/gesundes-leben\/nahrungsergaenzungsmittel\/microalgen\/"},{"@type":"ListItem","position":6,"name":"SPIRULINE"}]},{"@type":"WebSite","@id":"https:\/\/bien-etreiris.ch\/de\/#website","url":"https:\/\/bien-etreiris.ch\/de\/","name":"Bien-\u00eatre Iris","description":"IHRE Gesundheit ist uns wichtig","potentialAction":[{"@type":"SearchAction","target":{"@type":"EntryPoint","urlTemplate":"https:\/\/bien-etreiris.ch\/de\/?s={search_term_string}"},"query-input":{"@type":"PropertyValueSpecification","valueRequired":true,"valueName":"search_term_string"}}],"inLanguage":"de"}]}},"_links":{"self":[{"href":"https:\/\/bien-etreiris.ch\/de\/wp-json\/wp\/v2\/pages\/72306","targetHints":{"allow":["GET"]}}],"collection":[{"href":"https:\/\/bien-etreiris.ch\/de\/wp-json\/wp\/v2\/pages"}],"about":[{"href":"https:\/\/bien-etreiris.ch\/de\/wp-json\/wp\/v2\/types\/page"}],"author":[{"embeddable":true,"href":"https:\/\/bien-etreiris.ch\/de\/wp-json\/wp\/v2\/users\/1"}],"replies":[{"embeddable":true,"href":"https:\/\/bien-etreiris.ch\/de\/wp-json\/wp\/v2\/comments?post=72306"}],"version-history":[{"count":3,"href":"https:\/\/bien-etreiris.ch\/de\/wp-json\/wp\/v2\/pages\/72306\/revisions"}],"predecessor-version":[{"id":72314,"href":"https:\/\/bien-etreiris.ch\/de\/wp-json\/wp\/v2\/pages\/72306\/revisions\/72314"}],"up":[{"embeddable":true,"href":"https:\/\/bien-etreiris.ch\/de\/wp-json\/wp\/v2\/pages\/56778"}],"wp:featuredmedia":[{"embeddable":true,"href":"https:\/\/bien-etreiris.ch\/de\/wp-json\/wp\/v2\/media\/72285"}],"wp:attachment":[{"href":"https:\/\/bien-etreiris.ch\/de\/wp-json\/wp\/v2\/media?parent=72306"}],"curies":[{"name":"wp","href":"https:\/\/api.w.org\/{rel}","templated":true}]}}