{"id":72234,"date":"2023-07-22T23:56:06","date_gmt":"2023-07-22T21:56:06","guid":{"rendered":"https:\/\/bien-etreiris.ch\/produktpraesentation\/gesundes-leben\/wasser-quelle-des-lebens\/leau-de-mer\/"},"modified":"2023-09-15T08:42:56","modified_gmt":"2023-09-15T06:42:56","slug":"meerwasser-quinton-wasser","status":"publish","type":"page","link":"https:\/\/bien-etreiris.ch\/de\/produktpraesentation\/gesundes-leben\/wasser-quelle-des-lebens\/meerwasser-quinton-wasser\/","title":{"rendered":"MEERWASSER"},"content":{"rendered":"<div class=\"et_pb_module et_pb_text et_pb_text_0  et_pb_text_align_left et_pb_text_align_center-tablet et_pb_bg_layout_light\">\n<div class=\"et_pb_text_inner\">\n<h2>Meeresplasma \u2013 Quinton-Wasser<\/h2>\n<h4>Ideal f\u00fcr Di\u00e4t und K\u00f6rperpflege<\/h4>\n<\/div>\n<\/div>\n<p>&nbsp;<a href=\"https:\/\/bien-etreiris.ch\/de\/produktpraesentation\/gesundes-leben\/wasser-quelle-des-lebens\/leau-de-mer\/mineralis-2-lt-2\/\" rel=\"attachment wp-att-72227\"><img loading=\"lazy\" decoding=\"async\" class=\"size-full wp-image-72227 alignleft\" src=\"https:\/\/bien-etreiris.ch\/wp-content\/uploads\/2023\/07\/mineralis-2-lt.jpg\" alt=\"\" width=\"250\" height=\"250\" srcset=\"https:\/\/bien-etreiris.ch\/wp-content\/uploads\/2023\/07\/mineralis-2-lt.jpg 250w, https:\/\/bien-etreiris.ch\/wp-content\/uploads\/2023\/07\/mineralis-2-lt-150x150.jpg 150w\" sizes=\"auto, (max-width: 250px) 100vw, 250px\" \/><\/a><\/p>\n<p>&nbsp;<\/p>\n<p>&nbsp;<\/p>\n<p>&nbsp;<\/p>\n<p>&nbsp;<\/p>\n<p>2 lt. <strong>29.00<\/strong><\/p>\n<p>&nbsp;<\/p>\n<p><a href=\"https:\/\/bien-etreiris.ch\/de\/produktpraesentation\/gesundes-leben\/wasser-quelle-des-lebens\/leau-de-mer\/mineralis-2\/\" rel=\"attachment wp-att-72224\"><img loading=\"lazy\" decoding=\"async\" class=\"wp-image-72224 alignleft\" src=\"https:\/\/bien-etreiris.ch\/wp-content\/uploads\/2023\/07\/mineralis.jpg\" alt=\"\" width=\"322\" height=\"322\" srcset=\"https:\/\/bien-etreiris.ch\/wp-content\/uploads\/2023\/07\/mineralis.jpg 500w, https:\/\/bien-etreiris.ch\/wp-content\/uploads\/2023\/07\/mineralis-300x300.jpg 300w, https:\/\/bien-etreiris.ch\/wp-content\/uploads\/2023\/07\/mineralis-150x150.jpg 150w\" sizes=\"auto, (max-width: 322px) 100vw, 322px\" \/><\/a><\/p>\n<p>&nbsp;<\/p>\n<p>&nbsp;<\/p>\n<p>&nbsp;<\/p>\n<p>&nbsp;<\/p>\n<p>&nbsp;<\/p>\n<p>10 lt <strong>CHF 119.00<\/strong><\/p>\n<p>&nbsp;<\/p>\n<p>&nbsp;<\/p>\n<h4>&nbsp;<\/h4>\n<h4>&nbsp;<\/h4>\n<div class=\"et_pb_row et_pb_row_2\">\n<div class=\"et_pb_row et_pb_row_2\">\n<div class=\"et_pb_column et_pb_column_1_3 et_pb_column_3  et_pb_css_mix_blend_mode_passthrough\">\n<div class=\"et_pb_module et_pb_text et_pb_text_2  et_pb_text_align_center et_pb_bg_layout_light\">\n<div class=\"et_pb_text_inner\">\n<h4><strong>Vorteile<\/strong><\/h4>\n<p>Mineralis Life liefert alle Mineralien, die der menschliche K\u00f6rper am dringendsten ben\u00f6tigt, und alle sind vollst\u00e4ndig bioverf\u00fcgbar! Mineralis Life enth\u00e4lt die meisten Mineralien aller in der Natur vorkommenden N\u00e4hrstoffe und ist ein integraler Bestandteil jeder Ern\u00e4hrung. Dar\u00fcber hinaus neutralisiert Mineralis Life effizient die S\u00e4ure, die das reibungslose Funktionieren unserer Zellen verhindert, und entgiftet unseren Organismus \u2026<\/p>\n<\/div>\n<\/div>\n<\/div>\n<div class=\"et_pb_column et_pb_column_1_3 et_pb_column_4  et_pb_css_mix_blend_mode_passthrough\">\n<div class=\"et_pb_module et_pb_text et_pb_text_3  et_pb_text_align_center et_pb_bg_layout_light\">\n<div class=\"et_pb_text_inner\"><strong>Anwendungen<\/strong>Meerwasser ist, wenn es verd\u00fcnnt (<strong>isotonisch<\/strong>) ist, ein wesentliches Nahrungselement f\u00fcr alle Menschen jeden Alters. Kombinieren Sie einen Teil Mineralis Life mit drei Teilen S\u00fc\u00dfwasser. Mineralis Life pur (<strong>hypertonisch<\/strong>) kann auch als Alternative zu Kochsalz beim Kochen oder sogar im Badezimmer verwendet werden, wo die gesundheitlichen Vorteile seiner \u00e4u\u00dferlichen Anwendung genossen werden k\u00f6nnen \u2026&nbsp;&nbsp;&nbsp;&nbsp;&nbsp;&nbsp;&nbsp;&nbsp;<\/p>\n<\/div>\n<\/div>\n<\/div>\n<div class=\"et_pb_column et_pb_column_1_3 et_pb_column_5  et_pb_css_mix_blend_mode_passthrough et-last-child\">\n<div class=\"et_pb_module et_pb_text et_pb_text_4  et_pb_text_align_center et_pb_bg_layout_light\">\n<div class=\"et_pb_text_inner\"><strong>Qualit\u00e4t<\/strong>Hergestellt aus ozeanischem Meerwasser von h\u00f6chster Qualit\u00e4t, das aus dem gesch\u00fctzten \u00d6kosystem von Galizien in Spanien stammt, wird der organische und mineralische Reichtum von Mineralis Life durch den Prozess der kalten Mikrofiltration bewahrt. Dadurch enth\u00e4lt das Wasser eine erh\u00f6hte Menge an chelatierten Mineralien und sein pH-Wert ist besonders alkalisch \u2026<\/div>\n<\/div>\n<\/div>\n<\/div>\n<\/div>\n<h2>&nbsp;<\/h2>\n<h2><span style=\"color: #99cc00;\"><a style=\"color: #99cc00;\" href=\"https:\/\/bien-etreiris.ch\/de\/produktpraesentation\/gesundes-leben\/wasser-quelle-des-lebens\/meerwasser-quinton-wasser\/wir-sind-meerwasser\/\" rel=\"attachment wp-att-72330\">Mineralis - Wir-sind-Meerwasser<\/a><\/span><em><a href=\"https:\/\/bien-etreiris.ch\/de\/produktpraesentation\/gesundes-leben\/wasser-quelle-des-lebens\/meerwasser-quinton-wasser\/wir-sind-meerwasser\/\" rel=\"attachment wp-att-72330\"> im<span style=\"color: #ff0000;\">PDF<\/span> zu lesen<\/a><\/em><\/h2>\n<p>&nbsp;<\/p>\n<p>&nbsp;<\/p>\n<p><iframe loading=\"lazy\" title=\"Mineralis Life (DE) - Meerwasser\" width=\"604\" height=\"340\" src=\"https:\/\/www.youtube.com\/embed\/MRG0RAMD3R4?feature=oembed\" frameborder=\"0\" allow=\"accelerometer; autoplay; clipboard-write; encrypted-media; gyroscope; picture-in-picture; web-share\" referrerpolicy=\"strict-origin-when-cross-origin\" allowfullscreen><\/iframe><\/p>\n","protected":false},"excerpt":{"rendered":"<p>Meeresplasma \u2013 Quinton-Wasser Ideal f\u00fcr Di\u00e4t und K\u00f6rperpflege &nbsp; &nbsp; &nbsp; &nbsp; &nbsp; 2 lt. 29.00 &nbsp; &nbsp; &nbsp; &nbsp; &nbsp; &nbsp; 10 lt CHF 119.00 &nbsp; &nbsp; &nbsp; &nbsp; Vorteile Mineralis Life liefert alle Mineralien, die der menschliche K\u00f6rper am dringendsten ben\u00f6tigt, und alle sind vollst\u00e4ndig bioverf\u00fcgbar! Mineralis Life enth\u00e4lt die meisten Mineralien aller in der Natur vorkommenden N\u00e4hrstoffe&nbsp;<a href=\"https:\/\/bien-etreiris.ch\/de\/produktpraesentation\/gesundes-leben\/wasser-quelle-des-lebens\/meerwasser-quinton-wasser\/\" class=\"read-more\">Weiter lesen<\/a><\/p>\n","protected":false},"author":1,"featured_media":72223,"parent":30643,"menu_order":3297,"comment_status":"closed","ping_status":"closed","template":"page-with-child.php","meta":{"_acf_changed":false,"ngg_post_thumbnail":0,"footnotes":""},"class_list":["post-72234","page","type-page","status-publish","has-post-thumbnail","hentry"],"acf":[],"yoast_head":"<!-- This site is optimized with the Yoast SEO plugin v27.5 - https:\/\/yoast.com\/product\/yoast-seo-wordpress\/ -->\n<title>MEERWASSER - WOHLBEFINDEN<\/title>\n<meta name=\"robots\" content=\"index, follow, max-snippet:-1, max-image-preview:large, max-video-preview:-1\" \/>\n<link rel=\"canonical\" href=\"https:\/\/bien-etreiris.ch\/de\/produktpraesentation\/gesundes-leben\/wasser-quelle-des-lebens\/meerwasser-quinton-wasser\/\" \/>\n<meta property=\"og:locale\" content=\"de_DE\" \/>\n<meta property=\"og:type\" content=\"article\" \/>\n<meta property=\"og:title\" content=\"MEERWASSER - WOHLBEFINDEN\" \/>\n<meta property=\"og:description\" content=\"Meeresplasma \u2013 Quinton-Wasser Ideal f\u00fcr Di\u00e4t und K\u00f6rperpflege &nbsp; &nbsp; &nbsp; &nbsp; &nbsp; 2 lt. 29.00 &nbsp; &nbsp; &nbsp; &nbsp; &nbsp; &nbsp; 10 lt CHF 119.00 &nbsp; &nbsp; &nbsp; &nbsp; Vorteile Mineralis Life liefert alle Mineralien, die der menschliche K\u00f6rper am dringendsten ben\u00f6tigt, und alle sind vollst\u00e4ndig bioverf\u00fcgbar! Mineralis Life enth\u00e4lt die meisten Mineralien aller in der Natur vorkommenden N\u00e4hrstoffe&nbsp;Weiter lesen\" \/>\n<meta property=\"og:url\" content=\"https:\/\/bien-etreiris.ch\/de\/produktpraesentation\/gesundes-leben\/wasser-quelle-des-lebens\/meerwasser-quinton-wasser\/\" \/>\n<meta property=\"og:site_name\" content=\"WOHLBEFINDEN\" \/>\n<meta property=\"article:publisher\" content=\"https:\/\/www.facebook.com\/bienetreiris\/\" \/>\n<meta property=\"article:modified_time\" content=\"2023-09-15T06:42:56+00:00\" \/>\n<meta property=\"og:image\" content=\"https:\/\/bien-etreiris.ch\/wp-content\/uploads\/2023\/07\/leau-de-mer.jpg\" \/>\n\t<meta property=\"og:image:width\" content=\"550\" \/>\n\t<meta property=\"og:image:height\" content=\"329\" \/>\n\t<meta property=\"og:image:type\" content=\"image\/jpeg\" \/>\n<meta name=\"twitter:label1\" content=\"Gesch\u00e4tzte Lesezeit\" \/>\n\t<meta name=\"twitter:data1\" content=\"2\u00a0Minuten\" \/>\n<script type=\"application\/ld+json\" class=\"yoast-schema-graph\">{\"@context\":\"https:\\\/\\\/schema.org\",\"@graph\":[{\"@type\":\"WebPage\",\"@id\":\"https:\\\/\\\/bien-etreiris.ch\\\/de\\\/produktpraesentation\\\/gesundes-leben\\\/wasser-quelle-des-lebens\\\/meerwasser-quinton-wasser\\\/\",\"url\":\"https:\\\/\\\/bien-etreiris.ch\\\/de\\\/produktpraesentation\\\/gesundes-leben\\\/wasser-quelle-des-lebens\\\/meerwasser-quinton-wasser\\\/\",\"name\":\"MEERWASSER - WOHLBEFINDEN\",\"isPartOf\":{\"@id\":\"https:\\\/\\\/bien-etreiris.ch\\\/de\\\/#website\"},\"primaryImageOfPage\":{\"@id\":\"https:\\\/\\\/bien-etreiris.ch\\\/de\\\/produktpraesentation\\\/gesundes-leben\\\/wasser-quelle-des-lebens\\\/meerwasser-quinton-wasser\\\/#primaryimage\"},\"image\":{\"@id\":\"https:\\\/\\\/bien-etreiris.ch\\\/de\\\/produktpraesentation\\\/gesundes-leben\\\/wasser-quelle-des-lebens\\\/meerwasser-quinton-wasser\\\/#primaryimage\"},\"thumbnailUrl\":\"https:\\\/\\\/bien-etreiris.ch\\\/wp-content\\\/uploads\\\/2023\\\/07\\\/leau-de-mer.jpg\",\"datePublished\":\"2023-07-22T21:56:06+00:00\",\"dateModified\":\"2023-09-15T06:42:56+00:00\",\"breadcrumb\":{\"@id\":\"https:\\\/\\\/bien-etreiris.ch\\\/de\\\/produktpraesentation\\\/gesundes-leben\\\/wasser-quelle-des-lebens\\\/meerwasser-quinton-wasser\\\/#breadcrumb\"},\"inLanguage\":\"de\",\"potentialAction\":[{\"@type\":\"ReadAction\",\"target\":[\"https:\\\/\\\/bien-etreiris.ch\\\/de\\\/produktpraesentation\\\/gesundes-leben\\\/wasser-quelle-des-lebens\\\/meerwasser-quinton-wasser\\\/\"]}]},{\"@type\":\"ImageObject\",\"inLanguage\":\"de\",\"@id\":\"https:\\\/\\\/bien-etreiris.ch\\\/de\\\/produktpraesentation\\\/gesundes-leben\\\/wasser-quelle-des-lebens\\\/meerwasser-quinton-wasser\\\/#primaryimage\",\"url\":\"https:\\\/\\\/bien-etreiris.ch\\\/wp-content\\\/uploads\\\/2023\\\/07\\\/leau-de-mer.jpg\",\"contentUrl\":\"https:\\\/\\\/bien-etreiris.ch\\\/wp-content\\\/uploads\\\/2023\\\/07\\\/leau-de-mer.jpg\",\"width\":550,\"height\":329},{\"@type\":\"BreadcrumbList\",\"@id\":\"https:\\\/\\\/bien-etreiris.ch\\\/de\\\/produktpraesentation\\\/gesundes-leben\\\/wasser-quelle-des-lebens\\\/meerwasser-quinton-wasser\\\/#breadcrumb\",\"itemListElement\":[{\"@type\":\"ListItem\",\"position\":1,\"name\":\"Home\",\"item\":\"https:\\\/\\\/bien-etreiris.ch\\\/de\\\/\"},{\"@type\":\"ListItem\",\"position\":2,\"name\":\"PRODUKTPR\u00c4SENTATION\",\"item\":\"https:\\\/\\\/bien-etreiris.ch\\\/de\\\/produktpraesentation\\\/\"},{\"@type\":\"ListItem\",\"position\":3,\"name\":\"GESUNDES LEBEN\",\"item\":\"https:\\\/\\\/bien-etreiris.ch\\\/de\\\/produktpraesentation\\\/gesundes-leben\\\/\"},{\"@type\":\"ListItem\",\"position\":4,\"name\":\"WASSER &#8211; QUELLE DES LEBENS\",\"item\":\"https:\\\/\\\/bien-etreiris.ch\\\/de\\\/produktpraesentation\\\/gesundes-leben\\\/wasser-quelle-des-lebens\\\/\"},{\"@type\":\"ListItem\",\"position\":5,\"name\":\"MEERWASSER\"}]},{\"@type\":\"WebSite\",\"@id\":\"https:\\\/\\\/bien-etreiris.ch\\\/de\\\/#website\",\"url\":\"https:\\\/\\\/bien-etreiris.ch\\\/de\\\/\",\"name\":\"Bien-\u00eatre Iris\",\"description\":\"IHRE Gesundheit ist uns wichtig\",\"potentialAction\":[{\"@type\":\"SearchAction\",\"target\":{\"@type\":\"EntryPoint\",\"urlTemplate\":\"https:\\\/\\\/bien-etreiris.ch\\\/de\\\/?s={search_term_string}\"},\"query-input\":{\"@type\":\"PropertyValueSpecification\",\"valueRequired\":true,\"valueName\":\"search_term_string\"}}],\"inLanguage\":\"de\"}]}<\/script>\n<!-- \/ Yoast SEO plugin. -->","yoast_head_json":{"title":"MEERWASSER - WOHLBEFINDEN","robots":{"index":"index","follow":"follow","max-snippet":"max-snippet:-1","max-image-preview":"max-image-preview:large","max-video-preview":"max-video-preview:-1"},"canonical":"https:\/\/bien-etreiris.ch\/de\/produktpraesentation\/gesundes-leben\/wasser-quelle-des-lebens\/meerwasser-quinton-wasser\/","og_locale":"de_DE","og_type":"article","og_title":"MEERWASSER - WOHLBEFINDEN","og_description":"Meeresplasma \u2013 Quinton-Wasser Ideal f\u00fcr Di\u00e4t und K\u00f6rperpflege &nbsp; &nbsp; &nbsp; &nbsp; &nbsp; 2 lt. 29.00 &nbsp; &nbsp; &nbsp; &nbsp; &nbsp; &nbsp; 10 lt CHF 119.00 &nbsp; &nbsp; &nbsp; &nbsp; Vorteile Mineralis Life liefert alle Mineralien, die der menschliche K\u00f6rper am dringendsten ben\u00f6tigt, und alle sind vollst\u00e4ndig bioverf\u00fcgbar! Mineralis Life enth\u00e4lt die meisten Mineralien aller in der Natur vorkommenden N\u00e4hrstoffe&nbsp;Weiter lesen","og_url":"https:\/\/bien-etreiris.ch\/de\/produktpraesentation\/gesundes-leben\/wasser-quelle-des-lebens\/meerwasser-quinton-wasser\/","og_site_name":"WOHLBEFINDEN","article_publisher":"https:\/\/www.facebook.com\/bienetreiris\/","article_modified_time":"2023-09-15T06:42:56+00:00","og_image":[{"width":550,"height":329,"url":"https:\/\/bien-etreiris.ch\/wp-content\/uploads\/2023\/07\/leau-de-mer.jpg","type":"image\/jpeg"}],"twitter_misc":{"Gesch\u00e4tzte Lesezeit":"2\u00a0Minuten"},"schema":{"@context":"https:\/\/schema.org","@graph":[{"@type":"WebPage","@id":"https:\/\/bien-etreiris.ch\/de\/produktpraesentation\/gesundes-leben\/wasser-quelle-des-lebens\/meerwasser-quinton-wasser\/","url":"https:\/\/bien-etreiris.ch\/de\/produktpraesentation\/gesundes-leben\/wasser-quelle-des-lebens\/meerwasser-quinton-wasser\/","name":"MEERWASSER - WOHLBEFINDEN","isPartOf":{"@id":"https:\/\/bien-etreiris.ch\/de\/#website"},"primaryImageOfPage":{"@id":"https:\/\/bien-etreiris.ch\/de\/produktpraesentation\/gesundes-leben\/wasser-quelle-des-lebens\/meerwasser-quinton-wasser\/#primaryimage"},"image":{"@id":"https:\/\/bien-etreiris.ch\/de\/produktpraesentation\/gesundes-leben\/wasser-quelle-des-lebens\/meerwasser-quinton-wasser\/#primaryimage"},"thumbnailUrl":"https:\/\/bien-etreiris.ch\/wp-content\/uploads\/2023\/07\/leau-de-mer.jpg","datePublished":"2023-07-22T21:56:06+00:00","dateModified":"2023-09-15T06:42:56+00:00","breadcrumb":{"@id":"https:\/\/bien-etreiris.ch\/de\/produktpraesentation\/gesundes-leben\/wasser-quelle-des-lebens\/meerwasser-quinton-wasser\/#breadcrumb"},"inLanguage":"de","potentialAction":[{"@type":"ReadAction","target":["https:\/\/bien-etreiris.ch\/de\/produktpraesentation\/gesundes-leben\/wasser-quelle-des-lebens\/meerwasser-quinton-wasser\/"]}]},{"@type":"ImageObject","inLanguage":"de","@id":"https:\/\/bien-etreiris.ch\/de\/produktpraesentation\/gesundes-leben\/wasser-quelle-des-lebens\/meerwasser-quinton-wasser\/#primaryimage","url":"https:\/\/bien-etreiris.ch\/wp-content\/uploads\/2023\/07\/leau-de-mer.jpg","contentUrl":"https:\/\/bien-etreiris.ch\/wp-content\/uploads\/2023\/07\/leau-de-mer.jpg","width":550,"height":329},{"@type":"BreadcrumbList","@id":"https:\/\/bien-etreiris.ch\/de\/produktpraesentation\/gesundes-leben\/wasser-quelle-des-lebens\/meerwasser-quinton-wasser\/#breadcrumb","itemListElement":[{"@type":"ListItem","position":1,"name":"Home","item":"https:\/\/bien-etreiris.ch\/de\/"},{"@type":"ListItem","position":2,"name":"PRODUKTPR\u00c4SENTATION","item":"https:\/\/bien-etreiris.ch\/de\/produktpraesentation\/"},{"@type":"ListItem","position":3,"name":"GESUNDES LEBEN","item":"https:\/\/bien-etreiris.ch\/de\/produktpraesentation\/gesundes-leben\/"},{"@type":"ListItem","position":4,"name":"WASSER &#8211; QUELLE DES LEBENS","item":"https:\/\/bien-etreiris.ch\/de\/produktpraesentation\/gesundes-leben\/wasser-quelle-des-lebens\/"},{"@type":"ListItem","position":5,"name":"MEERWASSER"}]},{"@type":"WebSite","@id":"https:\/\/bien-etreiris.ch\/de\/#website","url":"https:\/\/bien-etreiris.ch\/de\/","name":"Bien-\u00eatre Iris","description":"IHRE Gesundheit ist uns wichtig","potentialAction":[{"@type":"SearchAction","target":{"@type":"EntryPoint","urlTemplate":"https:\/\/bien-etreiris.ch\/de\/?s={search_term_string}"},"query-input":{"@type":"PropertyValueSpecification","valueRequired":true,"valueName":"search_term_string"}}],"inLanguage":"de"}]}},"_links":{"self":[{"href":"https:\/\/bien-etreiris.ch\/de\/wp-json\/wp\/v2\/pages\/72234","targetHints":{"allow":["GET"]}}],"collection":[{"href":"https:\/\/bien-etreiris.ch\/de\/wp-json\/wp\/v2\/pages"}],"about":[{"href":"https:\/\/bien-etreiris.ch\/de\/wp-json\/wp\/v2\/types\/page"}],"author":[{"embeddable":true,"href":"https:\/\/bien-etreiris.ch\/de\/wp-json\/wp\/v2\/users\/1"}],"replies":[{"embeddable":true,"href":"https:\/\/bien-etreiris.ch\/de\/wp-json\/wp\/v2\/comments?post=72234"}],"version-history":[{"count":11,"href":"https:\/\/bien-etreiris.ch\/de\/wp-json\/wp\/v2\/pages\/72234\/revisions"}],"predecessor-version":[{"id":75194,"href":"https:\/\/bien-etreiris.ch\/de\/wp-json\/wp\/v2\/pages\/72234\/revisions\/75194"}],"up":[{"embeddable":true,"href":"https:\/\/bien-etreiris.ch\/de\/wp-json\/wp\/v2\/pages\/30643"}],"wp:featuredmedia":[{"embeddable":true,"href":"https:\/\/bien-etreiris.ch\/de\/wp-json\/wp\/v2\/media\/72223"}],"wp:attachment":[{"href":"https:\/\/bien-etreiris.ch\/de\/wp-json\/wp\/v2\/media?parent=72234"}],"curies":[{"name":"wp","href":"https:\/\/api.w.org\/{rel}","templated":true}]}}