{"id":71683,"date":"2023-07-11T10:12:58","date_gmt":"2023-07-11T08:12:58","guid":{"rendered":"https:\/\/bien-etreiris.ch\/produktpraesentation\/aromatherapie\/aetherische-oele\/ajowan\/"},"modified":"2023-07-12T14:16:28","modified_gmt":"2023-07-12T12:16:28","slug":"ajowan","status":"publish","type":"page","link":"https:\/\/bien-etreiris.ch\/de\/produktpraesentation\/aromatherapie\/aetherische-oele\/ajowan\/","title":{"rendered":"AJOWAN"},"content":{"rendered":"<h2>Ajowan - Thym indien<\/h2>\n<p>&nbsp;<\/p>\n<p>&nbsp;<\/p>\n<p>&nbsp;<\/p>\n<p>10 ml <strong>CHF 12.00<\/strong><\/p>\n<p>&nbsp;<\/p>\n<table style=\"width: 82.0238%;\">\n<tbody>\n<tr>\n<td style=\"width: 28.6466%;\"><strong>Nom botanique :<\/strong><\/td>\n<td style=\"width: 52.4248%;\"><em>Trachyspermum ammi <\/em>(L.) Sprague<\/td>\n<\/tr>\n<tr>\n<td style=\"width: 28.6466%;\"><strong>Famille botanique :<\/strong><\/td>\n<td style=\"width: 52.4248%;\">Apiac\u00e9es<\/td>\n<\/tr>\n<tr>\n<td style=\"width: 28.6466%;\"><strong>M\u00e9thode d'extraction :<\/strong><\/td>\n<td style=\"width: 52.4248%;\">Distillation \u00e0 la vapeur d'eau\u200b<\/td>\n<\/tr>\n<tr>\n<td style=\"width: 28.6466%;\"><strong>Partie de la plante utilis\u00e9e :<\/strong><\/td>\n<td style=\"width: 52.4248%;\">Graines<\/td>\n<\/tr>\n<tr>\n<td style=\"width: 28.6466%;\"><strong>Quantit\u00e9 v\u00e9g\u00e9tale :<\/strong><\/td>\n<td style=\"width: 52.4248%;\">&nbsp;<\/td>\n<\/tr>\n<tr>\n<td style=\"width: 28.6466%;\"><strong>Origine g\u00e9ographique :<\/strong>&nbsp;<\/td>\n<td style=\"width: 52.4248%;\">Inde<\/td>\n<\/tr>\n<tr>\n<td style=\"width: 28.6466%;\"><strong>Culture qualit\u00e9&nbsp;:<\/strong><\/td>\n<td style=\"width: 52.4248%;\">Conventionnelle<\/td>\n<\/tr>\n<tr>\n<td style=\"width: 28.6466%;\"><strong>Effet parfum\u00e9 :<\/strong><\/td>\n<td style=\"width: 52.4248%;\">&nbsp;<\/td>\n<\/tr>\n<tr>\n<td style=\"width: 28.6466%;\"><strong>Note parfum\u00e9e :<\/strong><\/td>\n<td style=\"width: 52.4248%;\">chaude, un peu am\u00e8re<\/td>\n<\/tr>\n<tr>\n<td style=\"width: 28.6466%;\"><strong>Profil de parfum :<\/strong><\/td>\n<td style=\"width: 52.4248%;\">&nbsp;<\/td>\n<\/tr>\n<tr>\n<td style=\"width: 28.6466%;\"><strong>Th\u00e8me du parfum :<\/strong><\/td>\n<td style=\"width: 52.4248%;\">&nbsp;<\/td>\n<\/tr>\n<tr>\n<td style=\"width: 28.6466%;\"><strong>Energ\u00e9tique :<\/strong><\/td>\n<td style=\"width: 52.4248%;\">Rouge \/ 1er chakra<\/td>\n<\/tr>\n<tr>\n<td style=\"width: 28.6466%;\"><strong>Psycho-\u00e9motionnel :<\/strong>&nbsp;<\/td>\n<td style=\"width: 52.4248%;\">Huile de celui qui doute<\/td>\n<\/tr>\n<tr>\n<td style=\"width: 28.6466%;\"><strong>Description :<\/strong>&nbsp;&nbsp;<\/p>\n<p>&nbsp;<\/p>\n<p>&nbsp;<\/p>\n<p>&nbsp;<\/p>\n<p>&nbsp;<\/p>\n<p>&nbsp;<\/td>\n<td style=\"width: 52.4248%;\" scope=\"row\">\n<ul>\n<li>Elle serait originaire d'Ethiopie m\u00eame si on la retrouve principalement cultiv\u00e9e en Inde aujourd'hui et elle est pr\u00e9sente jusqu'\u00e0 Java et aux Philippines. Ses graines ressemblent \u00e0 celles du Cumin, du Carvi et de l\u2019Aneth.<\/li>\n<li>L'ajowan est utilis\u00e9 depuis longtemps pour ses vertus m\u00e9dicinales et culinaires. Dans la pharmacop\u00e9e indienne, cette plante est conseill\u00e9e en particulier sur la sph\u00e8re digestive mais aussi comme antiseptique lors de toux et de maux de gorge ainsi que pour les soins du visage. Il sert aussi \u00e0 lutter contre le chol\u00e9ra et comme antiparasitaire interne. L'eau d'omam, une infusion de graines, est l'une des gal\u00e9niques des plus classiques. Sur l'\u00eele de Java, les semences servent en m\u00e9lange \u00e0 induire les menstruations apr\u00e8s l'accouchement. Aux philippines, elles servent, m\u00e2ch\u00e9es, pour limiter les flatulences. En Afrique (\u00c9thiopie et Somalie principalement), les graines et les racines sont mix\u00e9es avec d'autres plantes pour les probl\u00e8mes d'estomac. Les graines servent aussi \u00e0 la confection de vermifuge o\u00f9 pour d\u00e9clencher des avortements.<\/li>\n<\/ul>\n<\/td>\n<\/tr>\n<tr>\n<td style=\"width: 28.6466%;\"><strong>Application<br \/>\n<\/strong><\/td>\n<td>&nbsp;<\/td>\n<\/tr>\n<tr>\n<td style=\"width: 28.6466%;\"><strong>Principes actifs<br \/>\n<\/strong><\/td>\n<td>\n<ul style=\"list-style-type: disc;\">\n<li>Gamma terpin\u00e8ne (de 15&nbsp;\u00e0 50&nbsp;%)<\/li>\n<li>Thymol (de 28 \u00e0 45&nbsp;%)<\/li>\n<li>Paracym\u00e8ne (de 10&nbsp;\u00e0 30&nbsp;%)&nbsp;<\/li>\n<\/ul>\n<\/td>\n<\/tr>\n<tr>\n<td style=\"width: 28.6466%;\"><strong>Pr\u00e9cautions<\/strong><\/td>\n<td>\n<ul style=\"list-style-type: disc;\">\n<li><strong>Dermocaustique, h\u00e9patotoxique<\/strong><\/li>\n<li><strong>Femme enceinte et enfant &lt;&nbsp;6 ans<\/strong><\/li>\n<\/ul>\n<\/td>\n<\/tr>\n<\/tbody>\n<\/table>\n","protected":false},"excerpt":{"rendered":"<p>Ajowan - Thym indien &nbsp; &nbsp; &nbsp; 10 ml CHF 12.00 &nbsp; Nom botanique : Trachyspermum ammi (L.) Sprague Famille botanique : Apiac\u00e9es M\u00e9thode d'extraction : Distillation \u00e0 la vapeur d'eau\u200b Partie de la plante utilis\u00e9e : Graines Quantit\u00e9 v\u00e9g\u00e9tale : &nbsp; Origine g\u00e9ographique :&nbsp; Inde Culture qualit\u00e9&nbsp;: Conventionnelle Effet parfum\u00e9 : &nbsp; Note parfum\u00e9e : chaude, un peu am\u00e8re&nbsp;<a href=\"https:\/\/bien-etreiris.ch\/de\/produktpraesentation\/aromatherapie\/aetherische-oele\/ajowan\/\" class=\"read-more\">Weiter lesen<\/a><\/p>\n","protected":false},"author":1,"featured_media":71678,"parent":37429,"menu_order":3373,"comment_status":"closed","ping_status":"closed","template":"page-with-child.php","meta":{"_acf_changed":false,"ngg_post_thumbnail":0,"footnotes":""},"class_list":["post-71683","page","type-page","status-publish","has-post-thumbnail","hentry"],"acf":[],"yoast_head":"<!-- This site is optimized with the Yoast SEO plugin v27.6 - https:\/\/yoast.com\/product\/yoast-seo-wordpress\/ -->\n<title>AJOWAN - WOHLBEFINDEN<\/title>\n<meta name=\"robots\" content=\"index, follow, max-snippet:-1, max-image-preview:large, max-video-preview:-1\" \/>\n<link rel=\"canonical\" href=\"https:\/\/bien-etreiris.ch\/de\/produktpraesentation\/aromatherapie\/aetherische-oele\/ajowan\/\" \/>\n<meta property=\"og:locale\" content=\"de_DE\" \/>\n<meta property=\"og:type\" content=\"article\" \/>\n<meta property=\"og:title\" content=\"AJOWAN - WOHLBEFINDEN\" \/>\n<meta property=\"og:description\" content=\"Ajowan - Thym indien &nbsp; &nbsp; &nbsp; 10 ml CHF 12.00 &nbsp; Nom botanique : Trachyspermum ammi (L.) Sprague Famille botanique : Apiac\u00e9es M\u00e9thode d&#039;extraction : Distillation \u00e0 la vapeur d&#039;eau\u200b Partie de la plante utilis\u00e9e : Graines Quantit\u00e9 v\u00e9g\u00e9tale : &nbsp; Origine g\u00e9ographique :&nbsp; Inde Culture qualit\u00e9&nbsp;: Conventionnelle Effet parfum\u00e9 : &nbsp; Note parfum\u00e9e : chaude, un peu am\u00e8re&nbsp;Weiter lesen\" \/>\n<meta property=\"og:url\" content=\"https:\/\/bien-etreiris.ch\/de\/produktpraesentation\/aromatherapie\/aetherische-oele\/ajowan\/\" \/>\n<meta property=\"og:site_name\" content=\"WOHLBEFINDEN\" \/>\n<meta property=\"article:publisher\" content=\"https:\/\/www.facebook.com\/bienetreiris\/\" \/>\n<meta property=\"article:modified_time\" content=\"2023-07-12T12:16:28+00:00\" \/>\n<meta property=\"og:image\" content=\"https:\/\/bien-etreiris.ch\/wp-content\/uploads\/2023\/07\/acceuil-ajowan.png\" \/>\n\t<meta property=\"og:image:width\" content=\"500\" \/>\n\t<meta property=\"og:image:height\" content=\"305\" \/>\n\t<meta property=\"og:image:type\" content=\"image\/png\" \/>\n<meta name=\"twitter:label1\" content=\"Gesch\u00e4tzte Lesezeit\" \/>\n\t<meta name=\"twitter:data1\" content=\"1\u00a0Minute\" \/>\n<script type=\"application\/ld+json\" class=\"yoast-schema-graph\">{\"@context\":\"https:\\\/\\\/schema.org\",\"@graph\":[{\"@type\":\"WebPage\",\"@id\":\"https:\\\/\\\/bien-etreiris.ch\\\/de\\\/produktpraesentation\\\/aromatherapie\\\/aetherische-oele\\\/ajowan\\\/\",\"url\":\"https:\\\/\\\/bien-etreiris.ch\\\/de\\\/produktpraesentation\\\/aromatherapie\\\/aetherische-oele\\\/ajowan\\\/\",\"name\":\"AJOWAN - WOHLBEFINDEN\",\"isPartOf\":{\"@id\":\"https:\\\/\\\/bien-etreiris.ch\\\/de\\\/#website\"},\"primaryImageOfPage\":{\"@id\":\"https:\\\/\\\/bien-etreiris.ch\\\/de\\\/produktpraesentation\\\/aromatherapie\\\/aetherische-oele\\\/ajowan\\\/#primaryimage\"},\"image\":{\"@id\":\"https:\\\/\\\/bien-etreiris.ch\\\/de\\\/produktpraesentation\\\/aromatherapie\\\/aetherische-oele\\\/ajowan\\\/#primaryimage\"},\"thumbnailUrl\":\"https:\\\/\\\/bien-etreiris.ch\\\/wp-content\\\/uploads\\\/2023\\\/07\\\/acceuil-ajowan.png\",\"datePublished\":\"2023-07-11T08:12:58+00:00\",\"dateModified\":\"2023-07-12T12:16:28+00:00\",\"breadcrumb\":{\"@id\":\"https:\\\/\\\/bien-etreiris.ch\\\/de\\\/produktpraesentation\\\/aromatherapie\\\/aetherische-oele\\\/ajowan\\\/#breadcrumb\"},\"inLanguage\":\"de\",\"potentialAction\":[{\"@type\":\"ReadAction\",\"target\":[\"https:\\\/\\\/bien-etreiris.ch\\\/de\\\/produktpraesentation\\\/aromatherapie\\\/aetherische-oele\\\/ajowan\\\/\"]}]},{\"@type\":\"ImageObject\",\"inLanguage\":\"de\",\"@id\":\"https:\\\/\\\/bien-etreiris.ch\\\/de\\\/produktpraesentation\\\/aromatherapie\\\/aetherische-oele\\\/ajowan\\\/#primaryimage\",\"url\":\"https:\\\/\\\/bien-etreiris.ch\\\/wp-content\\\/uploads\\\/2023\\\/07\\\/acceuil-ajowan.png\",\"contentUrl\":\"https:\\\/\\\/bien-etreiris.ch\\\/wp-content\\\/uploads\\\/2023\\\/07\\\/acceuil-ajowan.png\",\"width\":500,\"height\":305},{\"@type\":\"BreadcrumbList\",\"@id\":\"https:\\\/\\\/bien-etreiris.ch\\\/de\\\/produktpraesentation\\\/aromatherapie\\\/aetherische-oele\\\/ajowan\\\/#breadcrumb\",\"itemListElement\":[{\"@type\":\"ListItem\",\"position\":1,\"name\":\"Home\",\"item\":\"https:\\\/\\\/bien-etreiris.ch\\\/de\\\/\"},{\"@type\":\"ListItem\",\"position\":2,\"name\":\"PRODUKTPR\u00c4SENTATION\",\"item\":\"https:\\\/\\\/bien-etreiris.ch\\\/de\\\/produktpraesentation\\\/\"},{\"@type\":\"ListItem\",\"position\":3,\"name\":\"AROMATHERAPIE\",\"item\":\"https:\\\/\\\/bien-etreiris.ch\\\/de\\\/produktpraesentation\\\/aromatherapie\\\/\"},{\"@type\":\"ListItem\",\"position\":4,\"name\":\"\u00c4THERISCHE \u00d6LE\",\"item\":\"https:\\\/\\\/bien-etreiris.ch\\\/de\\\/produktpraesentation\\\/aromatherapie\\\/aetherische-oele\\\/\"},{\"@type\":\"ListItem\",\"position\":5,\"name\":\"AJOWAN\"}]},{\"@type\":\"WebSite\",\"@id\":\"https:\\\/\\\/bien-etreiris.ch\\\/de\\\/#website\",\"url\":\"https:\\\/\\\/bien-etreiris.ch\\\/de\\\/\",\"name\":\"Bien-\u00eatre Iris\",\"description\":\"IHRE Gesundheit ist uns wichtig\",\"potentialAction\":[{\"@type\":\"SearchAction\",\"target\":{\"@type\":\"EntryPoint\",\"urlTemplate\":\"https:\\\/\\\/bien-etreiris.ch\\\/de\\\/?s={search_term_string}\"},\"query-input\":{\"@type\":\"PropertyValueSpecification\",\"valueRequired\":true,\"valueName\":\"search_term_string\"}}],\"inLanguage\":\"de\"}]}<\/script>\n<!-- \/ Yoast SEO plugin. -->","yoast_head_json":{"title":"AJOWAN - WOHLBEFINDEN","robots":{"index":"index","follow":"follow","max-snippet":"max-snippet:-1","max-image-preview":"max-image-preview:large","max-video-preview":"max-video-preview:-1"},"canonical":"https:\/\/bien-etreiris.ch\/de\/produktpraesentation\/aromatherapie\/aetherische-oele\/ajowan\/","og_locale":"de_DE","og_type":"article","og_title":"AJOWAN - WOHLBEFINDEN","og_description":"Ajowan - Thym indien &nbsp; &nbsp; &nbsp; 10 ml CHF 12.00 &nbsp; Nom botanique : Trachyspermum ammi (L.) Sprague Famille botanique : Apiac\u00e9es M\u00e9thode d'extraction : Distillation \u00e0 la vapeur d'eau\u200b Partie de la plante utilis\u00e9e : Graines Quantit\u00e9 v\u00e9g\u00e9tale : &nbsp; Origine g\u00e9ographique :&nbsp; Inde Culture qualit\u00e9&nbsp;: Conventionnelle Effet parfum\u00e9 : &nbsp; Note parfum\u00e9e : chaude, un peu am\u00e8re&nbsp;Weiter lesen","og_url":"https:\/\/bien-etreiris.ch\/de\/produktpraesentation\/aromatherapie\/aetherische-oele\/ajowan\/","og_site_name":"WOHLBEFINDEN","article_publisher":"https:\/\/www.facebook.com\/bienetreiris\/","article_modified_time":"2023-07-12T12:16:28+00:00","og_image":[{"width":500,"height":305,"url":"https:\/\/bien-etreiris.ch\/wp-content\/uploads\/2023\/07\/acceuil-ajowan.png","type":"image\/png"}],"twitter_misc":{"Gesch\u00e4tzte Lesezeit":"1\u00a0Minute"},"schema":{"@context":"https:\/\/schema.org","@graph":[{"@type":"WebPage","@id":"https:\/\/bien-etreiris.ch\/de\/produktpraesentation\/aromatherapie\/aetherische-oele\/ajowan\/","url":"https:\/\/bien-etreiris.ch\/de\/produktpraesentation\/aromatherapie\/aetherische-oele\/ajowan\/","name":"AJOWAN - WOHLBEFINDEN","isPartOf":{"@id":"https:\/\/bien-etreiris.ch\/de\/#website"},"primaryImageOfPage":{"@id":"https:\/\/bien-etreiris.ch\/de\/produktpraesentation\/aromatherapie\/aetherische-oele\/ajowan\/#primaryimage"},"image":{"@id":"https:\/\/bien-etreiris.ch\/de\/produktpraesentation\/aromatherapie\/aetherische-oele\/ajowan\/#primaryimage"},"thumbnailUrl":"https:\/\/bien-etreiris.ch\/wp-content\/uploads\/2023\/07\/acceuil-ajowan.png","datePublished":"2023-07-11T08:12:58+00:00","dateModified":"2023-07-12T12:16:28+00:00","breadcrumb":{"@id":"https:\/\/bien-etreiris.ch\/de\/produktpraesentation\/aromatherapie\/aetherische-oele\/ajowan\/#breadcrumb"},"inLanguage":"de","potentialAction":[{"@type":"ReadAction","target":["https:\/\/bien-etreiris.ch\/de\/produktpraesentation\/aromatherapie\/aetherische-oele\/ajowan\/"]}]},{"@type":"ImageObject","inLanguage":"de","@id":"https:\/\/bien-etreiris.ch\/de\/produktpraesentation\/aromatherapie\/aetherische-oele\/ajowan\/#primaryimage","url":"https:\/\/bien-etreiris.ch\/wp-content\/uploads\/2023\/07\/acceuil-ajowan.png","contentUrl":"https:\/\/bien-etreiris.ch\/wp-content\/uploads\/2023\/07\/acceuil-ajowan.png","width":500,"height":305},{"@type":"BreadcrumbList","@id":"https:\/\/bien-etreiris.ch\/de\/produktpraesentation\/aromatherapie\/aetherische-oele\/ajowan\/#breadcrumb","itemListElement":[{"@type":"ListItem","position":1,"name":"Home","item":"https:\/\/bien-etreiris.ch\/de\/"},{"@type":"ListItem","position":2,"name":"PRODUKTPR\u00c4SENTATION","item":"https:\/\/bien-etreiris.ch\/de\/produktpraesentation\/"},{"@type":"ListItem","position":3,"name":"AROMATHERAPIE","item":"https:\/\/bien-etreiris.ch\/de\/produktpraesentation\/aromatherapie\/"},{"@type":"ListItem","position":4,"name":"\u00c4THERISCHE \u00d6LE","item":"https:\/\/bien-etreiris.ch\/de\/produktpraesentation\/aromatherapie\/aetherische-oele\/"},{"@type":"ListItem","position":5,"name":"AJOWAN"}]},{"@type":"WebSite","@id":"https:\/\/bien-etreiris.ch\/de\/#website","url":"https:\/\/bien-etreiris.ch\/de\/","name":"Bien-\u00eatre Iris","description":"IHRE Gesundheit ist uns wichtig","potentialAction":[{"@type":"SearchAction","target":{"@type":"EntryPoint","urlTemplate":"https:\/\/bien-etreiris.ch\/de\/?s={search_term_string}"},"query-input":{"@type":"PropertyValueSpecification","valueRequired":true,"valueName":"search_term_string"}}],"inLanguage":"de"}]}},"_links":{"self":[{"href":"https:\/\/bien-etreiris.ch\/de\/wp-json\/wp\/v2\/pages\/71683","targetHints":{"allow":["GET"]}}],"collection":[{"href":"https:\/\/bien-etreiris.ch\/de\/wp-json\/wp\/v2\/pages"}],"about":[{"href":"https:\/\/bien-etreiris.ch\/de\/wp-json\/wp\/v2\/types\/page"}],"author":[{"embeddable":true,"href":"https:\/\/bien-etreiris.ch\/de\/wp-json\/wp\/v2\/users\/1"}],"replies":[{"embeddable":true,"href":"https:\/\/bien-etreiris.ch\/de\/wp-json\/wp\/v2\/comments?post=71683"}],"version-history":[{"count":1,"href":"https:\/\/bien-etreiris.ch\/de\/wp-json\/wp\/v2\/pages\/71683\/revisions"}],"predecessor-version":[{"id":71727,"href":"https:\/\/bien-etreiris.ch\/de\/wp-json\/wp\/v2\/pages\/71683\/revisions\/71727"}],"up":[{"embeddable":true,"href":"https:\/\/bien-etreiris.ch\/de\/wp-json\/wp\/v2\/pages\/37429"}],"wp:featuredmedia":[{"embeddable":true,"href":"https:\/\/bien-etreiris.ch\/de\/wp-json\/wp\/v2\/media\/71678"}],"wp:attachment":[{"href":"https:\/\/bien-etreiris.ch\/de\/wp-json\/wp\/v2\/media?parent=71683"}],"curies":[{"name":"wp","href":"https:\/\/api.w.org\/{rel}","templated":true}]}}