{"id":71629,"date":"2023-07-10T23:17:39","date_gmt":"2023-07-10T21:17:39","guid":{"rendered":"https:\/\/bien-etreiris.ch\/produktpraesentation\/aromatherapie\/aetherische-oele\/amyris\/"},"modified":"2023-07-11T07:46:38","modified_gmt":"2023-07-11T05:46:38","slug":"amyris","status":"publish","type":"page","link":"https:\/\/bien-etreiris.ch\/de\/produktpraesentation\/aromatherapie\/aetherische-oele\/amyris\/","title":{"rendered":"AMYRIS"},"content":{"rendered":"\n<h2>Amyris<\/h2>\n<p>&nbsp;<\/p>\n<p>&nbsp;<\/p>\n<p>&nbsp;<\/p>\n\n\n\n<p>&nbsp;10ml <strong>CHF 10.00<\/strong><\/p>\n<p>&nbsp;<\/p>\n\n\n\n<table style=\"width: 83.8096%; height: 407px;\">\n<tbody>\n<tr style=\"height: 23px;\">\n<td style=\"width: 28.9286%; height: 10px;\">\n<p><strong>Nom botanique :<\/strong><\/p>\n<\/td>\n<td style=\"width: 60.5609%; height: 10px;\">Amyris balsamifera L.<\/td>\n<\/tr>\n<tr style=\"height: 23px;\">\n<td style=\"width: 28.9286%; height: 23px;\"><strong>Famille botanique :<\/strong><\/td>\n<td style=\"width: 60.5609%; height: 23px;\">Rutac\u00e9es<\/td>\n<\/tr>\n<tr style=\"height: 23px;\">\n<td style=\"width: 28.9286%; height: 23px;\"><strong>M\u00e9thode d'extraction :<\/strong><\/td>\n<td style=\"width: 60.5609%; height: 23px;\">Distillation \u00e0 la vapeur d'eau\u200b\u200b\u200b\u200b<\/td>\n<\/tr>\n<tr style=\"height: 23px;\">\n<td style=\"width: 28.9286%; height: 23px;\"><strong>Partie de la plante utilis\u00e9e :<\/strong><\/td>\n<td style=\"width: 60.5609%; height: 23px;\">Copeaux du bois<\/td>\n<\/tr>\n<tr style=\"height: 23px;\">\n<td style=\"width: 28.9286%; height: 23px;\"><strong>Quantit\u00e9 v\u00e9g\u00e9tale :<\/strong><\/td>\n<td style=\"width: 60.5609%; height: 23px;\">&nbsp;<\/td>\n<\/tr>\n<tr style=\"height: 23px;\">\n<td style=\"width: 28.9286%; height: 23px;\"><strong>Origine g\u00e9ographique :<\/strong>&nbsp;<\/td>\n<td style=\"width: 60.5609%; height: 23px;\">Haiti<\/td>\n<\/tr>\n<tr style=\"height: 23px;\">\n<td style=\"width: 28.9286%; height: 23px;\"><strong>Culture qualit\u00e9&nbsp;:<\/strong><\/td>\n<td style=\"width: 60.5609%; height: 23px;\">&nbsp;<\/td>\n<\/tr>\n<tr style=\"height: 23px;\">\n<td style=\"width: 28.9286%; height: 23px;\"><strong>Effet parfum\u00e9 :<\/strong><\/td>\n<td style=\"width: 60.5609%; height: 23px;\">&nbsp;<\/td>\n<\/tr>\n<tr style=\"height: 23px;\">\n<td style=\"width: 28.9286%; height: 23px;\"><strong>Note parfum\u00e9e :<\/strong><\/td>\n<td style=\"width: 60.5609%; height: 23px;\">&nbsp;<\/td>\n<\/tr>\n<tr style=\"height: 23px;\">\n<td style=\"width: 28.9286%; height: 23px;\"><strong>Profil de parfum :<\/strong><\/td>\n<td style=\"width: 60.5609%; height: 23px;\">Doux, bois\u00e9, balsamique doux, vanille<\/td>\n<\/tr>\n<tr style=\"height: 23px;\">\n<td style=\"width: 28.9286%; height: 23px;\"><strong>Th\u00e8me du parfum :<\/strong><\/td>\n<td style=\"width: 60.5609%; height: 23px;\">Marzipan<\/td>\n<\/tr>\n<tr style=\"height: 23px;\">\n<td style=\"width: 28.9286%; height: 23px;\"><strong>\u00c9nerg\u00e9tique :<\/strong><\/td>\n<td style=\"width: 60.5609%; height: 23px;\">orange \/ 2e chakra<\/td>\n<\/tr>\n<tr style=\"height: 23px;\">\n<td style=\"width: 28.9286%; height: 23px;\"><strong>Psycho-\u00e9motionnel :<\/strong>&nbsp;<\/td>\n<td style=\"width: 60.5609%; height: 23px;\">Agitation, sympt\u00f4mes de stress, troubles du sommeil<\/td>\n<\/tr>\n<tr style=\"height: 23px;\">\n<td style=\"width: 28.9286%; height: 23px;\"><strong>M\u00e9langes possibles<\/strong><\/td>\n<td style=\"width: 60.5609%; height: 23px;\">Lavande, santal blanc, g\u00e9ranium rosat, la sauge sclar\u00e9e ou le jasmin.<\/td>\n<\/tr>\n<tr style=\"height: 328px;\">\n<td style=\"width: 28.9286%; height: 10px; vertical-align: top;\">\n<p><strong>Description :<\/strong><\/p>\n<p>&nbsp;<\/p>\n<p>&nbsp;<\/p>\n<\/td>\n<td style=\"width: 60.5609%; height: 10px; vertical-align: top;\">\n<ul style=\"list-style-type: disc;\">\n<li>Cet arbre originaire des tropiques est \u00e9galement appel\u00e9 \"bois de santal des Antilles\", mais il n'est pas apparent\u00e9 au \"v\u00e9ritable\" santal blanc pour lequel il est commercialis\u00e9 en remplacement. Il est plut\u00f4t apparent\u00e9 aux agrumes.<\/li>\n<\/ul>\n<\/td>\n<\/tr>\n<tr style=\"height: 361px;\">\n<td style=\"width: 28.9286%; height: 10px; vertical-align: top;\">\n<p><strong>Application :<\/strong><\/p>\n<\/td>\n<td style=\"width: 60.5609%; height: 10px; vertical-align: top;\">\n<ul style=\"list-style-type: disc;\">\n<li>L'huile d'amyris au parfum balsamique et velout\u00e9 contient une forte proportion sesquiterp\u00e9niques, cette huile douce a donc un rapport important avec la peau et le psychisme<\/li>\n<li>Elle stabilise les irritations chroniques de la peau qui refont r\u00e9guli\u00e8rement surface \u00e0 cause du stress, de l'agitation et des angoisses.<\/li>\n<li>Elle convient \u00e9galement pour un soin d\u00e9congestionnant doux des veines dilat\u00e9es, des varices et des h\u00e9morro\u00efdes.<\/li>\n<\/ul>\n<\/td>\n<\/tr>\n<tr style=\"height: 232px;\">\n<td style=\"width: 28.9286%; height: 10px; vertical-align: top;\">\n<p><strong>Principes actifs <br><\/strong><\/p>\n<\/td>\n<td style=\"width: 60.5609%; height: 10px; vertical-align: top;\">\n<ul style=\"list-style-type: disc;\">\n<li>Val\u00e8rianol (de 17&nbsp;\u00e0 26&nbsp;%)<\/li>\n<li>7 et 10 \u00e9pi alpha eudesmol (de 7&nbsp;\u00e0 13&nbsp;%)<\/li>\n<li>El\u00e9mol (de 6&nbsp;\u00e0 13&nbsp;%)<\/li>\n<li>B\u00e9ta eudesmol (de 5&nbsp;\u00e0 12&nbsp;%)<\/li>\n<li>10 \u00e9pi gamma eudesmol (de 4&nbsp;\u00e0 11&nbsp;%)<\/li>\n<li>Gamma eudesmol (de 4&nbsp;\u00e0 11&nbsp;%)<\/li>\n<\/ul>\n<\/td>\n<\/tr>\n<tr style=\"height: 68px;\">\n<td style=\"width: 28.9286%; height: 68px; vertical-align: top;\">\n<p><strong>Pr\u00e9cautions<\/strong><\/p>\n<\/td>\n<td style=\"width: 60.5609%; height: 68px;\">Il est d\u00e9conseill\u00e9 chez la femme enceinte ou allaitante et chez les enfants de moins de 7 ans.<\/td>\n<\/tr>\n<\/tbody>\n<\/table>\n\n\n<p>&nbsp;<\/p>\n<h2><span style=\"color: #99cc00;\"><em><a href=\"https:\/\/bien-etreiris.ch\/guide-lumiere-conseil\/remedes-naturels\/phytotherapie\/huiles-essentielles\/guide-des-huiles-essentielles\/amaris\/\" target=\"_blank\" rel=\"noopener\"><span style=\"color: #99cc00;\">Savoir plus sur cette huile essentielle<\/span><\/a><\/em><\/span><\/h2>","protected":false},"excerpt":{"rendered":"<p>Amyris &nbsp; &nbsp; &nbsp; &nbsp;10ml CHF 10.00 &nbsp; Nom botanique : Amyris balsamifera L. Famille botanique : Rutac\u00e9es M\u00e9thode d'extraction : Distillation \u00e0 la vapeur d'eau\u200b\u200b\u200b\u200b Partie de la plante utilis\u00e9e : Copeaux du bois Quantit\u00e9 v\u00e9g\u00e9tale : &nbsp; Origine g\u00e9ographique :&nbsp; Haiti Culture qualit\u00e9&nbsp;: &nbsp; Effet parfum\u00e9 : &nbsp; Note parfum\u00e9e : &nbsp; Profil de parfum : Doux, bois\u00e9,&nbsp;<a href=\"https:\/\/bien-etreiris.ch\/de\/produktpraesentation\/aromatherapie\/aetherische-oele\/amyris\/\" class=\"read-more\">Weiter lesen<\/a><\/p>\n","protected":false},"author":1,"featured_media":71627,"parent":37429,"menu_order":3372,"comment_status":"closed","ping_status":"closed","template":"page-with-child.php","meta":{"_acf_changed":false,"ngg_post_thumbnail":0,"footnotes":""},"class_list":["post-71629","page","type-page","status-publish","has-post-thumbnail","hentry"],"acf":[],"yoast_head":"<!-- This site is optimized with the Yoast SEO plugin v27.6 - https:\/\/yoast.com\/product\/yoast-seo-wordpress\/ -->\n<title>AMYRIS - WOHLBEFINDEN<\/title>\n<meta name=\"robots\" content=\"index, follow, max-snippet:-1, max-image-preview:large, max-video-preview:-1\" \/>\n<link rel=\"canonical\" href=\"https:\/\/bien-etreiris.ch\/de\/produktpraesentation\/aromatherapie\/aetherische-oele\/amyris\/\" \/>\n<meta property=\"og:locale\" content=\"de_DE\" \/>\n<meta property=\"og:type\" content=\"article\" \/>\n<meta property=\"og:title\" content=\"AMYRIS - WOHLBEFINDEN\" \/>\n<meta property=\"og:description\" content=\"Amyris &nbsp; &nbsp; &nbsp; &nbsp;10ml CHF 10.00 &nbsp; Nom botanique : Amyris balsamifera L. Famille botanique : Rutac\u00e9es M\u00e9thode d&#039;extraction : Distillation \u00e0 la vapeur d&#039;eau\u200b\u200b\u200b\u200b Partie de la plante utilis\u00e9e : Copeaux du bois Quantit\u00e9 v\u00e9g\u00e9tale : &nbsp; Origine g\u00e9ographique :&nbsp; Haiti Culture qualit\u00e9&nbsp;: &nbsp; Effet parfum\u00e9 : &nbsp; Note parfum\u00e9e : &nbsp; Profil de parfum : Doux, bois\u00e9,&nbsp;Weiter lesen\" \/>\n<meta property=\"og:url\" content=\"https:\/\/bien-etreiris.ch\/de\/produktpraesentation\/aromatherapie\/aetherische-oele\/amyris\/\" \/>\n<meta property=\"og:site_name\" content=\"WOHLBEFINDEN\" \/>\n<meta property=\"article:publisher\" content=\"https:\/\/www.facebook.com\/bienetreiris\/\" \/>\n<meta property=\"article:modified_time\" content=\"2023-07-11T05:46:38+00:00\" \/>\n<meta property=\"og:image\" content=\"https:\/\/bien-etreiris.ch\/wp-content\/uploads\/2023\/07\/Untitled-80-1.png\" \/>\n\t<meta property=\"og:image:width\" content=\"500\" \/>\n\t<meta property=\"og:image:height\" content=\"305\" \/>\n\t<meta property=\"og:image:type\" content=\"image\/png\" \/>\n<meta name=\"twitter:label1\" content=\"Gesch\u00e4tzte Lesezeit\" \/>\n\t<meta name=\"twitter:data1\" content=\"2\u00a0Minuten\" \/>\n<script type=\"application\/ld+json\" class=\"yoast-schema-graph\">{\"@context\":\"https:\\\/\\\/schema.org\",\"@graph\":[{\"@type\":\"WebPage\",\"@id\":\"https:\\\/\\\/bien-etreiris.ch\\\/de\\\/produktpraesentation\\\/aromatherapie\\\/aetherische-oele\\\/amyris\\\/\",\"url\":\"https:\\\/\\\/bien-etreiris.ch\\\/de\\\/produktpraesentation\\\/aromatherapie\\\/aetherische-oele\\\/amyris\\\/\",\"name\":\"AMYRIS - WOHLBEFINDEN\",\"isPartOf\":{\"@id\":\"https:\\\/\\\/bien-etreiris.ch\\\/de\\\/#website\"},\"primaryImageOfPage\":{\"@id\":\"https:\\\/\\\/bien-etreiris.ch\\\/de\\\/produktpraesentation\\\/aromatherapie\\\/aetherische-oele\\\/amyris\\\/#primaryimage\"},\"image\":{\"@id\":\"https:\\\/\\\/bien-etreiris.ch\\\/de\\\/produktpraesentation\\\/aromatherapie\\\/aetherische-oele\\\/amyris\\\/#primaryimage\"},\"thumbnailUrl\":\"https:\\\/\\\/bien-etreiris.ch\\\/wp-content\\\/uploads\\\/2023\\\/07\\\/Untitled-80-1.png\",\"datePublished\":\"2023-07-10T21:17:39+00:00\",\"dateModified\":\"2023-07-11T05:46:38+00:00\",\"breadcrumb\":{\"@id\":\"https:\\\/\\\/bien-etreiris.ch\\\/de\\\/produktpraesentation\\\/aromatherapie\\\/aetherische-oele\\\/amyris\\\/#breadcrumb\"},\"inLanguage\":\"de\",\"potentialAction\":[{\"@type\":\"ReadAction\",\"target\":[\"https:\\\/\\\/bien-etreiris.ch\\\/de\\\/produktpraesentation\\\/aromatherapie\\\/aetherische-oele\\\/amyris\\\/\"]}]},{\"@type\":\"ImageObject\",\"inLanguage\":\"de\",\"@id\":\"https:\\\/\\\/bien-etreiris.ch\\\/de\\\/produktpraesentation\\\/aromatherapie\\\/aetherische-oele\\\/amyris\\\/#primaryimage\",\"url\":\"https:\\\/\\\/bien-etreiris.ch\\\/wp-content\\\/uploads\\\/2023\\\/07\\\/Untitled-80-1.png\",\"contentUrl\":\"https:\\\/\\\/bien-etreiris.ch\\\/wp-content\\\/uploads\\\/2023\\\/07\\\/Untitled-80-1.png\",\"width\":500,\"height\":305},{\"@type\":\"BreadcrumbList\",\"@id\":\"https:\\\/\\\/bien-etreiris.ch\\\/de\\\/produktpraesentation\\\/aromatherapie\\\/aetherische-oele\\\/amyris\\\/#breadcrumb\",\"itemListElement\":[{\"@type\":\"ListItem\",\"position\":1,\"name\":\"Home\",\"item\":\"https:\\\/\\\/bien-etreiris.ch\\\/de\\\/\"},{\"@type\":\"ListItem\",\"position\":2,\"name\":\"PRODUKTPR\u00c4SENTATION\",\"item\":\"https:\\\/\\\/bien-etreiris.ch\\\/de\\\/produktpraesentation\\\/\"},{\"@type\":\"ListItem\",\"position\":3,\"name\":\"AROMATHERAPIE\",\"item\":\"https:\\\/\\\/bien-etreiris.ch\\\/de\\\/produktpraesentation\\\/aromatherapie\\\/\"},{\"@type\":\"ListItem\",\"position\":4,\"name\":\"\u00c4THERISCHE \u00d6LE\",\"item\":\"https:\\\/\\\/bien-etreiris.ch\\\/de\\\/produktpraesentation\\\/aromatherapie\\\/aetherische-oele\\\/\"},{\"@type\":\"ListItem\",\"position\":5,\"name\":\"AMYRIS\"}]},{\"@type\":\"WebSite\",\"@id\":\"https:\\\/\\\/bien-etreiris.ch\\\/de\\\/#website\",\"url\":\"https:\\\/\\\/bien-etreiris.ch\\\/de\\\/\",\"name\":\"Bien-\u00eatre Iris\",\"description\":\"IHRE Gesundheit ist uns wichtig\",\"potentialAction\":[{\"@type\":\"SearchAction\",\"target\":{\"@type\":\"EntryPoint\",\"urlTemplate\":\"https:\\\/\\\/bien-etreiris.ch\\\/de\\\/?s={search_term_string}\"},\"query-input\":{\"@type\":\"PropertyValueSpecification\",\"valueRequired\":true,\"valueName\":\"search_term_string\"}}],\"inLanguage\":\"de\"}]}<\/script>\n<!-- \/ Yoast SEO plugin. -->","yoast_head_json":{"title":"AMYRIS - WOHLBEFINDEN","robots":{"index":"index","follow":"follow","max-snippet":"max-snippet:-1","max-image-preview":"max-image-preview:large","max-video-preview":"max-video-preview:-1"},"canonical":"https:\/\/bien-etreiris.ch\/de\/produktpraesentation\/aromatherapie\/aetherische-oele\/amyris\/","og_locale":"de_DE","og_type":"article","og_title":"AMYRIS - WOHLBEFINDEN","og_description":"Amyris &nbsp; &nbsp; &nbsp; &nbsp;10ml CHF 10.00 &nbsp; Nom botanique : Amyris balsamifera L. Famille botanique : Rutac\u00e9es M\u00e9thode d'extraction : Distillation \u00e0 la vapeur d'eau\u200b\u200b\u200b\u200b Partie de la plante utilis\u00e9e : Copeaux du bois Quantit\u00e9 v\u00e9g\u00e9tale : &nbsp; Origine g\u00e9ographique :&nbsp; Haiti Culture qualit\u00e9&nbsp;: &nbsp; Effet parfum\u00e9 : &nbsp; Note parfum\u00e9e : &nbsp; Profil de parfum : Doux, bois\u00e9,&nbsp;Weiter lesen","og_url":"https:\/\/bien-etreiris.ch\/de\/produktpraesentation\/aromatherapie\/aetherische-oele\/amyris\/","og_site_name":"WOHLBEFINDEN","article_publisher":"https:\/\/www.facebook.com\/bienetreiris\/","article_modified_time":"2023-07-11T05:46:38+00:00","og_image":[{"width":500,"height":305,"url":"https:\/\/bien-etreiris.ch\/wp-content\/uploads\/2023\/07\/Untitled-80-1.png","type":"image\/png"}],"twitter_misc":{"Gesch\u00e4tzte Lesezeit":"2\u00a0Minuten"},"schema":{"@context":"https:\/\/schema.org","@graph":[{"@type":"WebPage","@id":"https:\/\/bien-etreiris.ch\/de\/produktpraesentation\/aromatherapie\/aetherische-oele\/amyris\/","url":"https:\/\/bien-etreiris.ch\/de\/produktpraesentation\/aromatherapie\/aetherische-oele\/amyris\/","name":"AMYRIS - WOHLBEFINDEN","isPartOf":{"@id":"https:\/\/bien-etreiris.ch\/de\/#website"},"primaryImageOfPage":{"@id":"https:\/\/bien-etreiris.ch\/de\/produktpraesentation\/aromatherapie\/aetherische-oele\/amyris\/#primaryimage"},"image":{"@id":"https:\/\/bien-etreiris.ch\/de\/produktpraesentation\/aromatherapie\/aetherische-oele\/amyris\/#primaryimage"},"thumbnailUrl":"https:\/\/bien-etreiris.ch\/wp-content\/uploads\/2023\/07\/Untitled-80-1.png","datePublished":"2023-07-10T21:17:39+00:00","dateModified":"2023-07-11T05:46:38+00:00","breadcrumb":{"@id":"https:\/\/bien-etreiris.ch\/de\/produktpraesentation\/aromatherapie\/aetherische-oele\/amyris\/#breadcrumb"},"inLanguage":"de","potentialAction":[{"@type":"ReadAction","target":["https:\/\/bien-etreiris.ch\/de\/produktpraesentation\/aromatherapie\/aetherische-oele\/amyris\/"]}]},{"@type":"ImageObject","inLanguage":"de","@id":"https:\/\/bien-etreiris.ch\/de\/produktpraesentation\/aromatherapie\/aetherische-oele\/amyris\/#primaryimage","url":"https:\/\/bien-etreiris.ch\/wp-content\/uploads\/2023\/07\/Untitled-80-1.png","contentUrl":"https:\/\/bien-etreiris.ch\/wp-content\/uploads\/2023\/07\/Untitled-80-1.png","width":500,"height":305},{"@type":"BreadcrumbList","@id":"https:\/\/bien-etreiris.ch\/de\/produktpraesentation\/aromatherapie\/aetherische-oele\/amyris\/#breadcrumb","itemListElement":[{"@type":"ListItem","position":1,"name":"Home","item":"https:\/\/bien-etreiris.ch\/de\/"},{"@type":"ListItem","position":2,"name":"PRODUKTPR\u00c4SENTATION","item":"https:\/\/bien-etreiris.ch\/de\/produktpraesentation\/"},{"@type":"ListItem","position":3,"name":"AROMATHERAPIE","item":"https:\/\/bien-etreiris.ch\/de\/produktpraesentation\/aromatherapie\/"},{"@type":"ListItem","position":4,"name":"\u00c4THERISCHE \u00d6LE","item":"https:\/\/bien-etreiris.ch\/de\/produktpraesentation\/aromatherapie\/aetherische-oele\/"},{"@type":"ListItem","position":5,"name":"AMYRIS"}]},{"@type":"WebSite","@id":"https:\/\/bien-etreiris.ch\/de\/#website","url":"https:\/\/bien-etreiris.ch\/de\/","name":"Bien-\u00eatre Iris","description":"IHRE Gesundheit ist uns wichtig","potentialAction":[{"@type":"SearchAction","target":{"@type":"EntryPoint","urlTemplate":"https:\/\/bien-etreiris.ch\/de\/?s={search_term_string}"},"query-input":{"@type":"PropertyValueSpecification","valueRequired":true,"valueName":"search_term_string"}}],"inLanguage":"de"}]}},"_links":{"self":[{"href":"https:\/\/bien-etreiris.ch\/de\/wp-json\/wp\/v2\/pages\/71629","targetHints":{"allow":["GET"]}}],"collection":[{"href":"https:\/\/bien-etreiris.ch\/de\/wp-json\/wp\/v2\/pages"}],"about":[{"href":"https:\/\/bien-etreiris.ch\/de\/wp-json\/wp\/v2\/types\/page"}],"author":[{"embeddable":true,"href":"https:\/\/bien-etreiris.ch\/de\/wp-json\/wp\/v2\/users\/1"}],"replies":[{"embeddable":true,"href":"https:\/\/bien-etreiris.ch\/de\/wp-json\/wp\/v2\/comments?post=71629"}],"version-history":[{"count":9,"href":"https:\/\/bien-etreiris.ch\/de\/wp-json\/wp\/v2\/pages\/71629\/revisions"}],"predecessor-version":[{"id":71668,"href":"https:\/\/bien-etreiris.ch\/de\/wp-json\/wp\/v2\/pages\/71629\/revisions\/71668"}],"up":[{"embeddable":true,"href":"https:\/\/bien-etreiris.ch\/de\/wp-json\/wp\/v2\/pages\/37429"}],"wp:featuredmedia":[{"embeddable":true,"href":"https:\/\/bien-etreiris.ch\/de\/wp-json\/wp\/v2\/media\/71627"}],"wp:attachment":[{"href":"https:\/\/bien-etreiris.ch\/de\/wp-json\/wp\/v2\/media?parent=71629"}],"curies":[{"name":"wp","href":"https:\/\/api.w.org\/{rel}","templated":true}]}}