{"id":71609,"date":"2023-07-10T22:31:31","date_gmt":"2023-07-10T20:31:31","guid":{"rendered":"https:\/\/bien-etreiris.ch\/produktpraesentation\/aromatherapie\/aetherische-oele\/amande-amere\/"},"modified":"2023-07-10T22:41:34","modified_gmt":"2023-07-10T20:41:34","slug":"amande-amere","status":"publish","type":"page","link":"https:\/\/bien-etreiris.ch\/de\/produktpraesentation\/aromatherapie\/aetherische-oele\/amande-amere\/","title":{"rendered":"AMANDE AMERE"},"content":{"rendered":"<h2>Amande Am\u00e8re<\/h2>\n<h2>&nbsp;<\/h2>\n<h2>&nbsp;<\/h2>\n<p>5 ml <strong>CHF 17.00<\/strong><\/p>\n<h2>&nbsp;<\/h2>\n<h2>Amande Am\u00e8re<\/h2>\n<table style=\"width: 74.1647%;\">\n<tbody>\n<tr>\n<td style=\"width: 28.8095%;\"><strong>Nom botanique :<\/strong><\/td>\n<td style=\"width: 42.8871%;\"><em>Prunus amygdalus <\/em>var. <em>amara<\/em><\/td>\n<\/tr>\n<tr>\n<td style=\"width: 28.8095%;\"><strong>Famille botanique :<\/strong><\/td>\n<td style=\"width: 42.8871%;\"><em>Rosac\u00e9es<br \/>\n<\/em><\/td>\n<\/tr>\n<tr>\n<td style=\"width: 28.8095%;\"><strong>M\u00e9thode d'extraction :<\/strong><\/td>\n<td style=\"width: 42.8871%;\">Distillation \u00e0 la vapeur d'eau\u200b\u200b\u200b\u200b<\/td>\n<\/tr>\n<tr>\n<td style=\"width: 28.8095%;\"><strong>Partie de la plante utilis\u00e9e :<\/strong><\/td>\n<td style=\"width: 42.8871%;\">Amande<\/td>\n<\/tr>\n<tr>\n<td style=\"width: 28.8095%;\"><strong>Quantit\u00e9 v\u00e9g\u00e9tale :<\/strong><\/td>\n<td style=\"width: 42.8871%;\">&nbsp;<\/td>\n<\/tr>\n<tr>\n<td style=\"width: 28.8095%;\"><strong>Origine g\u00e9ographique :<\/strong>&nbsp;<\/td>\n<td style=\"width: 42.8871%;\">Maroc<\/td>\n<\/tr>\n<tr>\n<td style=\"width: 28.8095%;\"><strong>Culture qualit\u00e9&nbsp;:<\/strong><\/td>\n<td style=\"width: 42.8871%;\">Conventionnelle<\/td>\n<\/tr>\n<tr>\n<td style=\"width: 28.8095%;\"><strong>Effet parfum\u00e9 :<\/strong><\/td>\n<td style=\"width: 42.8871%;\">&nbsp;<\/td>\n<\/tr>\n<tr>\n<td style=\"width: 28.8095%;\"><strong>Note parfum\u00e9e :<\/strong><\/td>\n<td style=\"width: 42.8871%;\">&nbsp;<\/td>\n<\/tr>\n<tr>\n<td style=\"width: 28.8095%;\"><strong>Profil de parfum :<\/strong><\/td>\n<td style=\"width: 42.8871%;\">&nbsp;<\/td>\n<\/tr>\n<tr>\n<td style=\"width: 28.8095%;\"><strong>Th\u00e8me du parfum :<\/strong><\/td>\n<td style=\"width: 42.8871%;\">&nbsp;<\/td>\n<\/tr>\n<tr>\n<td style=\"width: 28.8095%;\"><strong>\u00c9nerg\u00e9tique :<\/strong><\/td>\n<td style=\"width: 42.8871%;\">&nbsp;<\/td>\n<\/tr>\n<tr>\n<td style=\"width: 28.8095%;\"><strong>Psycho-\u00e9motionnel :<\/strong>&nbsp;<\/td>\n<td style=\"width: 42.8871%;\">&nbsp;<\/td>\n<\/tr>\n<tr>\n<td style=\"width: 28.8095%;\"><strong>Description :<\/strong>&nbsp;&nbsp;<\/p>\n<p>&nbsp;<\/p>\n<p>&nbsp;<\/p>\n<p>&nbsp;<\/p>\n<p>&nbsp;<\/p>\n<p>&nbsp;<\/td>\n<td style=\"width: 42.8871%;\" scope=\"row\">\n<ul>\n<li>L'huile d'amande am\u00e8re sans acide cyanhydrique (ar\u00f4me d'amande am\u00e8re) ne convient pas pour un usage externe et n'a rien de commun avec l'huile d'amande \"grasse\". Ce sont des produits totalement diff\u00e9rents, avec une efficacit\u00e9 diff\u00e9rente. On ne conna\u00eet que tr\u00e8s peu d'allergies pouvant survenir au contact de la peau, mais de l\u00e9g\u00e8res irritations cutan\u00e9es peuvent n\u00e9anmoins se produire au contact.<br \/>\nL'huile d'amande am\u00e8re constitue donc une alternative inoffensive \u00e0 l'utilisation d'amandes am\u00e8res pures. Veuillez toutefois noter que cela n'est valable que pour de petites quantit\u00e9s utilis\u00e9es en cuisine.<\/li>\n<li>L'huile d'amande am\u00e8re peut \u00e9galement \u00eatre utilis\u00e9e dans une lampe aromatique ou un diffuseur.<\/li>\n<li>Elle est \u00e9galement utilis\u00e9e comme ingr\u00e9dient aromatique dans les parfums, les produits cosm\u00e9tiques, les savons et les produits pour le bain.<\/li>\n<\/ul>\n<\/td>\n<\/tr>\n<tr>\n<td style=\"width: 28.8095%;\"><strong>Application :<\/strong><\/td>\n<td>\n<ul style=\"list-style-type: disc;\">\n<li>C'est une huile essentielle utilis\u00e9e principalement en cuisine ou pour des soins cosm\u00e9tiques.<\/li>\n<li>Elle n'est pas employ\u00e9e par les sp\u00e9cialistes en aromath\u00e9rapie mais aurait cependant des propri\u00e9t\u00e9s sur la peau car elle est tonifiante et raffermissante.<\/li>\n<\/ul>\n<\/td>\n<\/tr>\n<tr>\n<td style=\"width: 28.8095%;\"><strong>Principes actifs :<\/strong><\/td>\n<td>\n<ul>\n<li><span class=\"color-content\">Benzald\u00e9hyde&nbsp;(entre 90 et 96 %)<\/span><\/li>\n<li><span class=\"color-content\">Acide benzo\u00efque&nbsp;(&lt; 5 %)<\/span>&nbsp;<\/li>\n<\/ul>\n<\/td>\n<\/tr>\n<tr>\n<td style=\"width: 28.8095%;\"><strong>Pr\u00e9cautions :<br \/>\n<\/strong><\/td>\n<td>\n<ul style=\"list-style-type: disc;\">\n<li>Ne pas utiliser chez les enfants de moins de 7 ans<\/li>\n<li>D\u00e9conseill\u00e9e chez la femme enceinte et allaitante<\/li>\n<\/ul>\n<\/td>\n<\/tr>\n<\/tbody>\n<\/table>\n","protected":false},"excerpt":{"rendered":"<p>Amande Am\u00e8re &nbsp; &nbsp; 5 ml CHF 17.00 &nbsp; Amande Am\u00e8re Nom botanique : Prunus amygdalus var. amara Famille botanique : Rosac\u00e9es M\u00e9thode d'extraction : Distillation \u00e0 la vapeur d'eau\u200b\u200b\u200b\u200b Partie de la plante utilis\u00e9e : Amande Quantit\u00e9 v\u00e9g\u00e9tale : &nbsp; Origine g\u00e9ographique :&nbsp; Maroc Culture qualit\u00e9&nbsp;: Conventionnelle Effet parfum\u00e9 : &nbsp; Note parfum\u00e9e : &nbsp; Profil de parfum :&nbsp;<a href=\"https:\/\/bien-etreiris.ch\/de\/produktpraesentation\/aromatherapie\/aetherische-oele\/amande-amere\/\" class=\"read-more\">Weiter lesen<\/a><\/p>\n","protected":false},"author":1,"featured_media":71616,"parent":37429,"menu_order":3378,"comment_status":"closed","ping_status":"closed","template":"page-with-child.php","meta":{"_acf_changed":false,"ngg_post_thumbnail":0,"footnotes":""},"class_list":["post-71609","page","type-page","status-publish","has-post-thumbnail","hentry"],"acf":[],"yoast_head":"<!-- This site is optimized with the Yoast SEO plugin v27.6 - https:\/\/yoast.com\/product\/yoast-seo-wordpress\/ -->\n<title>AMANDE AMERE - WOHLBEFINDEN<\/title>\n<meta name=\"robots\" content=\"index, follow, max-snippet:-1, max-image-preview:large, max-video-preview:-1\" \/>\n<link rel=\"canonical\" href=\"https:\/\/bien-etreiris.ch\/de\/produktpraesentation\/aromatherapie\/aetherische-oele\/amande-amere\/\" \/>\n<meta property=\"og:locale\" content=\"de_DE\" \/>\n<meta property=\"og:type\" content=\"article\" \/>\n<meta property=\"og:title\" content=\"AMANDE AMERE - WOHLBEFINDEN\" \/>\n<meta property=\"og:description\" content=\"Amande Am\u00e8re &nbsp; &nbsp; 5 ml CHF 17.00 &nbsp; Amande Am\u00e8re Nom botanique : Prunus amygdalus var. amara Famille botanique : Rosac\u00e9es M\u00e9thode d&#039;extraction : Distillation \u00e0 la vapeur d&#039;eau\u200b\u200b\u200b\u200b Partie de la plante utilis\u00e9e : Amande Quantit\u00e9 v\u00e9g\u00e9tale : &nbsp; Origine g\u00e9ographique :&nbsp; Maroc Culture qualit\u00e9&nbsp;: Conventionnelle Effet parfum\u00e9 : &nbsp; Note parfum\u00e9e : &nbsp; Profil de parfum :&nbsp;Weiter lesen\" \/>\n<meta property=\"og:url\" content=\"https:\/\/bien-etreiris.ch\/de\/produktpraesentation\/aromatherapie\/aetherische-oele\/amande-amere\/\" \/>\n<meta property=\"og:site_name\" content=\"WOHLBEFINDEN\" \/>\n<meta property=\"article:publisher\" content=\"https:\/\/www.facebook.com\/bienetreiris\/\" \/>\n<meta property=\"article:modified_time\" content=\"2023-07-10T20:41:34+00:00\" \/>\n<meta property=\"og:image\" content=\"https:\/\/bien-etreiris.ch\/wp-content\/uploads\/2023\/07\/Acceuil-amande-amere-1.png\" \/>\n\t<meta property=\"og:image:width\" content=\"458\" \/>\n\t<meta property=\"og:image:height\" content=\"305\" \/>\n\t<meta property=\"og:image:type\" content=\"image\/png\" \/>\n<meta name=\"twitter:label1\" content=\"Gesch\u00e4tzte Lesezeit\" \/>\n\t<meta name=\"twitter:data1\" content=\"2\u00a0Minuten\" \/>\n<script type=\"application\/ld+json\" class=\"yoast-schema-graph\">{\"@context\":\"https:\\\/\\\/schema.org\",\"@graph\":[{\"@type\":\"WebPage\",\"@id\":\"https:\\\/\\\/bien-etreiris.ch\\\/de\\\/produktpraesentation\\\/aromatherapie\\\/aetherische-oele\\\/amande-amere\\\/\",\"url\":\"https:\\\/\\\/bien-etreiris.ch\\\/de\\\/produktpraesentation\\\/aromatherapie\\\/aetherische-oele\\\/amande-amere\\\/\",\"name\":\"AMANDE AMERE - WOHLBEFINDEN\",\"isPartOf\":{\"@id\":\"https:\\\/\\\/bien-etreiris.ch\\\/de\\\/#website\"},\"primaryImageOfPage\":{\"@id\":\"https:\\\/\\\/bien-etreiris.ch\\\/de\\\/produktpraesentation\\\/aromatherapie\\\/aetherische-oele\\\/amande-amere\\\/#primaryimage\"},\"image\":{\"@id\":\"https:\\\/\\\/bien-etreiris.ch\\\/de\\\/produktpraesentation\\\/aromatherapie\\\/aetherische-oele\\\/amande-amere\\\/#primaryimage\"},\"thumbnailUrl\":\"https:\\\/\\\/bien-etreiris.ch\\\/wp-content\\\/uploads\\\/2023\\\/07\\\/Acceuil-amande-amere-2.png\",\"datePublished\":\"2023-07-10T20:31:31+00:00\",\"dateModified\":\"2023-07-10T20:41:34+00:00\",\"breadcrumb\":{\"@id\":\"https:\\\/\\\/bien-etreiris.ch\\\/de\\\/produktpraesentation\\\/aromatherapie\\\/aetherische-oele\\\/amande-amere\\\/#breadcrumb\"},\"inLanguage\":\"de\",\"potentialAction\":[{\"@type\":\"ReadAction\",\"target\":[\"https:\\\/\\\/bien-etreiris.ch\\\/de\\\/produktpraesentation\\\/aromatherapie\\\/aetherische-oele\\\/amande-amere\\\/\"]}]},{\"@type\":\"ImageObject\",\"inLanguage\":\"de\",\"@id\":\"https:\\\/\\\/bien-etreiris.ch\\\/de\\\/produktpraesentation\\\/aromatherapie\\\/aetherische-oele\\\/amande-amere\\\/#primaryimage\",\"url\":\"https:\\\/\\\/bien-etreiris.ch\\\/wp-content\\\/uploads\\\/2023\\\/07\\\/Acceuil-amande-amere-2.png\",\"contentUrl\":\"https:\\\/\\\/bien-etreiris.ch\\\/wp-content\\\/uploads\\\/2023\\\/07\\\/Acceuil-amande-amere-2.png\",\"width\":500,\"height\":305},{\"@type\":\"BreadcrumbList\",\"@id\":\"https:\\\/\\\/bien-etreiris.ch\\\/de\\\/produktpraesentation\\\/aromatherapie\\\/aetherische-oele\\\/amande-amere\\\/#breadcrumb\",\"itemListElement\":[{\"@type\":\"ListItem\",\"position\":1,\"name\":\"Home\",\"item\":\"https:\\\/\\\/bien-etreiris.ch\\\/de\\\/\"},{\"@type\":\"ListItem\",\"position\":2,\"name\":\"PRODUKTPR\u00c4SENTATION\",\"item\":\"https:\\\/\\\/bien-etreiris.ch\\\/de\\\/produktpraesentation\\\/\"},{\"@type\":\"ListItem\",\"position\":3,\"name\":\"AROMATHERAPIE\",\"item\":\"https:\\\/\\\/bien-etreiris.ch\\\/de\\\/produktpraesentation\\\/aromatherapie\\\/\"},{\"@type\":\"ListItem\",\"position\":4,\"name\":\"\u00c4THERISCHE \u00d6LE\",\"item\":\"https:\\\/\\\/bien-etreiris.ch\\\/de\\\/produktpraesentation\\\/aromatherapie\\\/aetherische-oele\\\/\"},{\"@type\":\"ListItem\",\"position\":5,\"name\":\"AMANDE AMERE\"}]},{\"@type\":\"WebSite\",\"@id\":\"https:\\\/\\\/bien-etreiris.ch\\\/de\\\/#website\",\"url\":\"https:\\\/\\\/bien-etreiris.ch\\\/de\\\/\",\"name\":\"Bien-\u00eatre Iris\",\"description\":\"IHRE Gesundheit ist uns wichtig\",\"potentialAction\":[{\"@type\":\"SearchAction\",\"target\":{\"@type\":\"EntryPoint\",\"urlTemplate\":\"https:\\\/\\\/bien-etreiris.ch\\\/de\\\/?s={search_term_string}\"},\"query-input\":{\"@type\":\"PropertyValueSpecification\",\"valueRequired\":true,\"valueName\":\"search_term_string\"}}],\"inLanguage\":\"de\"}]}<\/script>\n<!-- \/ Yoast SEO plugin. -->","yoast_head_json":{"title":"AMANDE AMERE - WOHLBEFINDEN","robots":{"index":"index","follow":"follow","max-snippet":"max-snippet:-1","max-image-preview":"max-image-preview:large","max-video-preview":"max-video-preview:-1"},"canonical":"https:\/\/bien-etreiris.ch\/de\/produktpraesentation\/aromatherapie\/aetherische-oele\/amande-amere\/","og_locale":"de_DE","og_type":"article","og_title":"AMANDE AMERE - WOHLBEFINDEN","og_description":"Amande Am\u00e8re &nbsp; &nbsp; 5 ml CHF 17.00 &nbsp; Amande Am\u00e8re Nom botanique : Prunus amygdalus var. amara Famille botanique : Rosac\u00e9es M\u00e9thode d'extraction : Distillation \u00e0 la vapeur d'eau\u200b\u200b\u200b\u200b Partie de la plante utilis\u00e9e : Amande Quantit\u00e9 v\u00e9g\u00e9tale : &nbsp; Origine g\u00e9ographique :&nbsp; Maroc Culture qualit\u00e9&nbsp;: Conventionnelle Effet parfum\u00e9 : &nbsp; Note parfum\u00e9e : &nbsp; Profil de parfum :&nbsp;Weiter lesen","og_url":"https:\/\/bien-etreiris.ch\/de\/produktpraesentation\/aromatherapie\/aetherische-oele\/amande-amere\/","og_site_name":"WOHLBEFINDEN","article_publisher":"https:\/\/www.facebook.com\/bienetreiris\/","article_modified_time":"2023-07-10T20:41:34+00:00","og_image":[{"width":458,"height":305,"url":"https:\/\/bien-etreiris.ch\/wp-content\/uploads\/2023\/07\/Acceuil-amande-amere-1.png","type":"image\/png"}],"twitter_misc":{"Gesch\u00e4tzte Lesezeit":"2\u00a0Minuten"},"schema":{"@context":"https:\/\/schema.org","@graph":[{"@type":"WebPage","@id":"https:\/\/bien-etreiris.ch\/de\/produktpraesentation\/aromatherapie\/aetherische-oele\/amande-amere\/","url":"https:\/\/bien-etreiris.ch\/de\/produktpraesentation\/aromatherapie\/aetherische-oele\/amande-amere\/","name":"AMANDE AMERE - WOHLBEFINDEN","isPartOf":{"@id":"https:\/\/bien-etreiris.ch\/de\/#website"},"primaryImageOfPage":{"@id":"https:\/\/bien-etreiris.ch\/de\/produktpraesentation\/aromatherapie\/aetherische-oele\/amande-amere\/#primaryimage"},"image":{"@id":"https:\/\/bien-etreiris.ch\/de\/produktpraesentation\/aromatherapie\/aetherische-oele\/amande-amere\/#primaryimage"},"thumbnailUrl":"https:\/\/bien-etreiris.ch\/wp-content\/uploads\/2023\/07\/Acceuil-amande-amere-2.png","datePublished":"2023-07-10T20:31:31+00:00","dateModified":"2023-07-10T20:41:34+00:00","breadcrumb":{"@id":"https:\/\/bien-etreiris.ch\/de\/produktpraesentation\/aromatherapie\/aetherische-oele\/amande-amere\/#breadcrumb"},"inLanguage":"de","potentialAction":[{"@type":"ReadAction","target":["https:\/\/bien-etreiris.ch\/de\/produktpraesentation\/aromatherapie\/aetherische-oele\/amande-amere\/"]}]},{"@type":"ImageObject","inLanguage":"de","@id":"https:\/\/bien-etreiris.ch\/de\/produktpraesentation\/aromatherapie\/aetherische-oele\/amande-amere\/#primaryimage","url":"https:\/\/bien-etreiris.ch\/wp-content\/uploads\/2023\/07\/Acceuil-amande-amere-2.png","contentUrl":"https:\/\/bien-etreiris.ch\/wp-content\/uploads\/2023\/07\/Acceuil-amande-amere-2.png","width":500,"height":305},{"@type":"BreadcrumbList","@id":"https:\/\/bien-etreiris.ch\/de\/produktpraesentation\/aromatherapie\/aetherische-oele\/amande-amere\/#breadcrumb","itemListElement":[{"@type":"ListItem","position":1,"name":"Home","item":"https:\/\/bien-etreiris.ch\/de\/"},{"@type":"ListItem","position":2,"name":"PRODUKTPR\u00c4SENTATION","item":"https:\/\/bien-etreiris.ch\/de\/produktpraesentation\/"},{"@type":"ListItem","position":3,"name":"AROMATHERAPIE","item":"https:\/\/bien-etreiris.ch\/de\/produktpraesentation\/aromatherapie\/"},{"@type":"ListItem","position":4,"name":"\u00c4THERISCHE \u00d6LE","item":"https:\/\/bien-etreiris.ch\/de\/produktpraesentation\/aromatherapie\/aetherische-oele\/"},{"@type":"ListItem","position":5,"name":"AMANDE AMERE"}]},{"@type":"WebSite","@id":"https:\/\/bien-etreiris.ch\/de\/#website","url":"https:\/\/bien-etreiris.ch\/de\/","name":"Bien-\u00eatre Iris","description":"IHRE Gesundheit ist uns wichtig","potentialAction":[{"@type":"SearchAction","target":{"@type":"EntryPoint","urlTemplate":"https:\/\/bien-etreiris.ch\/de\/?s={search_term_string}"},"query-input":{"@type":"PropertyValueSpecification","valueRequired":true,"valueName":"search_term_string"}}],"inLanguage":"de"}]}},"_links":{"self":[{"href":"https:\/\/bien-etreiris.ch\/de\/wp-json\/wp\/v2\/pages\/71609","targetHints":{"allow":["GET"]}}],"collection":[{"href":"https:\/\/bien-etreiris.ch\/de\/wp-json\/wp\/v2\/pages"}],"about":[{"href":"https:\/\/bien-etreiris.ch\/de\/wp-json\/wp\/v2\/types\/page"}],"author":[{"embeddable":true,"href":"https:\/\/bien-etreiris.ch\/de\/wp-json\/wp\/v2\/users\/1"}],"replies":[{"embeddable":true,"href":"https:\/\/bien-etreiris.ch\/de\/wp-json\/wp\/v2\/comments?post=71609"}],"version-history":[{"count":2,"href":"https:\/\/bien-etreiris.ch\/de\/wp-json\/wp\/v2\/pages\/71609\/revisions"}],"predecessor-version":[{"id":71619,"href":"https:\/\/bien-etreiris.ch\/de\/wp-json\/wp\/v2\/pages\/71609\/revisions\/71619"}],"up":[{"embeddable":true,"href":"https:\/\/bien-etreiris.ch\/de\/wp-json\/wp\/v2\/pages\/37429"}],"wp:featuredmedia":[{"embeddable":true,"href":"https:\/\/bien-etreiris.ch\/de\/wp-json\/wp\/v2\/media\/71616"}],"wp:attachment":[{"href":"https:\/\/bien-etreiris.ch\/de\/wp-json\/wp\/v2\/media?parent=71609"}],"curies":[{"name":"wp","href":"https:\/\/api.w.org\/{rel}","templated":true}]}}