{"id":71576,"date":"2023-07-08T15:36:18","date_gmt":"2023-07-08T13:36:18","guid":{"rendered":"https:\/\/bien-etreiris.ch\/produktpraesentation\/zoom-die-welt-der-tiere\/herbes-pour-les-animaux\/chien\/"},"modified":"2023-07-10T10:22:51","modified_gmt":"2023-07-10T08:22:51","slug":"herbes-pour-chiens","status":"publish","type":"page","link":"https:\/\/bien-etreiris.ch\/de\/produktpraesentation\/zoom-die-welt-der-tiere\/gesundheit-der-tiere\/phytotherapie\/kraueter-fuer-tiere\/herbes-pour-chiens\/","title":{"rendered":"CHIENS"},"content":{"rendered":"<h4>Herbes pour chiens<\/h4>\n<p>Aliment compl\u00e9mentaire naturel &amp; adapt\u00e9 \u00e0 l'esp\u00e8ce pour chiens<\/p>\n<p>Nos amis carnivores se nourrissaient \u00e9galement de plantes dans la nature. C'est la raison pour laquelle nous proposons des compl\u00e9ments alimentaires adapt\u00e9s au renforcement naturel :<\/p>\n<ul style=\"list-style-type: disc;\">\n<li>Aliments v\u00e9g\u00e9taux pour chiens adapt\u00e9s \u00e0 l'esp\u00e8ce<\/li>\n<li>A base d'herbes de haute qualit\u00e9 herboristerie<\/li>\n<li>Exempts d'additifs, de conservateurs et d'agents de remplissage<\/li>\n<li>S\u00e9lection d'herbes moulues et coup\u00e9es<\/li>\n<\/ul>\n<p>&nbsp;<\/p>\n<h2>Herbes s\u00e9ch\u00e9es pour chiens<\/h2>\n<p>Vous \u00eates \u00e0 la recherche d'une herbe s\u00e9ch\u00e9e bien pr\u00e9cise ? Pas de probl\u00e8me ! Chez nous, vous pouvez \u00e9galement obtenir toutes les herbes \u00e0 l'unit\u00e9 et dans diff\u00e9rents grammages. Nous vous souhaitons beaucoup de plaisir \u00e0 m\u00e9langer vous-m\u00eame les herbes !<\/p>\n<h2>&nbsp;<\/h2>\n","protected":false},"excerpt":{"rendered":"<p>Herbes pour chiens Aliment compl\u00e9mentaire naturel &amp; adapt\u00e9 \u00e0 l'esp\u00e8ce pour chiens Nos amis carnivores se nourrissaient \u00e9galement de plantes dans la nature. C'est la raison pour laquelle nous proposons des compl\u00e9ments alimentaires adapt\u00e9s au renforcement naturel : Aliments v\u00e9g\u00e9taux pour chiens adapt\u00e9s \u00e0 l'esp\u00e8ce A base d'herbes de haute qualit\u00e9 herboristerie Exempts d'additifs, de conservateurs et d'agents de remplissage&nbsp;<a href=\"https:\/\/bien-etreiris.ch\/de\/produktpraesentation\/zoom-die-welt-der-tiere\/gesundheit-der-tiere\/phytotherapie\/kraueter-fuer-tiere\/herbes-pour-chiens\/\" class=\"read-more\">Weiter lesen<\/a><\/p>\n","protected":false},"author":1,"featured_media":41813,"parent":71564,"menu_order":3384,"comment_status":"closed","ping_status":"closed","template":"page-with-child.php","meta":{"_acf_changed":false,"ngg_post_thumbnail":0,"footnotes":""},"class_list":["post-71576","page","type-page","status-publish","has-post-thumbnail","hentry"],"acf":[],"yoast_head":"<!-- This site is optimized with the Yoast SEO plugin v27.5 - https:\/\/yoast.com\/product\/yoast-seo-wordpress\/ -->\n<title>CHIENS - WOHLBEFINDEN<\/title>\n<meta name=\"robots\" content=\"index, follow, max-snippet:-1, max-image-preview:large, max-video-preview:-1\" \/>\n<link rel=\"canonical\" href=\"https:\/\/bien-etreiris.ch\/de\/produktpraesentation\/zoom-die-welt-der-tiere\/gesundheit-der-tiere\/kraueter-fuer-tiere\/herbes-pour-chiens\/\" \/>\n<meta property=\"og:locale\" content=\"de_DE\" \/>\n<meta property=\"og:type\" content=\"article\" \/>\n<meta property=\"og:title\" content=\"CHIENS - WOHLBEFINDEN\" \/>\n<meta property=\"og:description\" content=\"Herbes pour chiens Aliment compl\u00e9mentaire naturel &amp; adapt\u00e9 \u00e0 l&#039;esp\u00e8ce pour chiens Nos amis carnivores se nourrissaient \u00e9galement de plantes dans la nature. C&#039;est la raison pour laquelle nous proposons des compl\u00e9ments alimentaires adapt\u00e9s au renforcement naturel : Aliments v\u00e9g\u00e9taux pour chiens adapt\u00e9s \u00e0 l&#039;esp\u00e8ce A base d&#039;herbes de haute qualit\u00e9 herboristerie Exempts d&#039;additifs, de conservateurs et d&#039;agents de remplissage&nbsp;Weiter lesen\" \/>\n<meta property=\"og:url\" content=\"https:\/\/bien-etreiris.ch\/de\/produktpraesentation\/zoom-die-welt-der-tiere\/gesundheit-der-tiere\/kraueter-fuer-tiere\/herbes-pour-chiens\/\" \/>\n<meta property=\"og:site_name\" content=\"WOHLBEFINDEN\" \/>\n<meta property=\"article:publisher\" content=\"https:\/\/www.facebook.com\/bienetreiris\/\" \/>\n<meta property=\"article:modified_time\" content=\"2023-07-10T08:22:51+00:00\" \/>\n<meta property=\"og:image\" content=\"https:\/\/bien-etreiris.ch\/wp-content\/uploads\/2021\/04\/acceuil-chien.jpg\" \/>\n\t<meta property=\"og:image:width\" content=\"500\" \/>\n\t<meta property=\"og:image:height\" content=\"344\" \/>\n\t<meta property=\"og:image:type\" content=\"image\/jpeg\" \/>\n<meta name=\"twitter:label1\" content=\"Gesch\u00e4tzte Lesezeit\" \/>\n\t<meta name=\"twitter:data1\" content=\"1\u00a0Minute\" \/>\n<script type=\"application\/ld+json\" class=\"yoast-schema-graph\">{\"@context\":\"https:\\\/\\\/schema.org\",\"@graph\":[{\"@type\":\"WebPage\",\"@id\":\"https:\\\/\\\/bien-etreiris.ch\\\/de\\\/produktpraesentation\\\/zoom-die-welt-der-tiere\\\/gesundheit-der-tiere\\\/kraueter-fuer-tiere\\\/herbes-pour-chiens\\\/\",\"url\":\"https:\\\/\\\/bien-etreiris.ch\\\/de\\\/produktpraesentation\\\/zoom-die-welt-der-tiere\\\/gesundheit-der-tiere\\\/kraueter-fuer-tiere\\\/herbes-pour-chiens\\\/\",\"name\":\"CHIENS - WOHLBEFINDEN\",\"isPartOf\":{\"@id\":\"https:\\\/\\\/bien-etreiris.ch\\\/de\\\/#website\"},\"primaryImageOfPage\":{\"@id\":\"https:\\\/\\\/bien-etreiris.ch\\\/de\\\/produktpraesentation\\\/zoom-die-welt-der-tiere\\\/gesundheit-der-tiere\\\/kraueter-fuer-tiere\\\/herbes-pour-chiens\\\/#primaryimage\"},\"image\":{\"@id\":\"https:\\\/\\\/bien-etreiris.ch\\\/de\\\/produktpraesentation\\\/zoom-die-welt-der-tiere\\\/gesundheit-der-tiere\\\/kraueter-fuer-tiere\\\/herbes-pour-chiens\\\/#primaryimage\"},\"thumbnailUrl\":\"https:\\\/\\\/bien-etreiris.ch\\\/wp-content\\\/uploads\\\/2021\\\/04\\\/acceuil-chien.jpg\",\"datePublished\":\"2023-07-08T13:36:18+00:00\",\"dateModified\":\"2023-07-10T08:22:51+00:00\",\"breadcrumb\":{\"@id\":\"https:\\\/\\\/bien-etreiris.ch\\\/de\\\/produktpraesentation\\\/zoom-die-welt-der-tiere\\\/gesundheit-der-tiere\\\/kraueter-fuer-tiere\\\/herbes-pour-chiens\\\/#breadcrumb\"},\"inLanguage\":\"de\",\"potentialAction\":[{\"@type\":\"ReadAction\",\"target\":[\"https:\\\/\\\/bien-etreiris.ch\\\/de\\\/produktpraesentation\\\/zoom-die-welt-der-tiere\\\/gesundheit-der-tiere\\\/kraueter-fuer-tiere\\\/herbes-pour-chiens\\\/\"]}]},{\"@type\":\"ImageObject\",\"inLanguage\":\"de\",\"@id\":\"https:\\\/\\\/bien-etreiris.ch\\\/de\\\/produktpraesentation\\\/zoom-die-welt-der-tiere\\\/gesundheit-der-tiere\\\/kraueter-fuer-tiere\\\/herbes-pour-chiens\\\/#primaryimage\",\"url\":\"https:\\\/\\\/bien-etreiris.ch\\\/wp-content\\\/uploads\\\/2021\\\/04\\\/acceuil-chien.jpg\",\"contentUrl\":\"https:\\\/\\\/bien-etreiris.ch\\\/wp-content\\\/uploads\\\/2021\\\/04\\\/acceuil-chien.jpg\",\"width\":500,\"height\":344},{\"@type\":\"BreadcrumbList\",\"@id\":\"https:\\\/\\\/bien-etreiris.ch\\\/de\\\/produktpraesentation\\\/zoom-die-welt-der-tiere\\\/gesundheit-der-tiere\\\/kraueter-fuer-tiere\\\/herbes-pour-chiens\\\/#breadcrumb\",\"itemListElement\":[{\"@type\":\"ListItem\",\"position\":1,\"name\":\"Home\",\"item\":\"https:\\\/\\\/bien-etreiris.ch\\\/de\\\/\"},{\"@type\":\"ListItem\",\"position\":2,\"name\":\"PRODUKTPR\u00c4SENTATION\",\"item\":\"https:\\\/\\\/bien-etreiris.ch\\\/de\\\/produktpraesentation\\\/\"},{\"@type\":\"ListItem\",\"position\":3,\"name\":\"ZOOM \u2013 DIE WELT DER TIERE\",\"item\":\"https:\\\/\\\/bien-etreiris.ch\\\/de\\\/produktpraesentation\\\/zoom-die-welt-der-tiere\\\/\"},{\"@type\":\"ListItem\",\"position\":4,\"name\":\"GESUNDHEIT DER TIERE\",\"item\":\"https:\\\/\\\/bien-etreiris.ch\\\/de\\\/produktpraesentation\\\/zoom-die-welt-der-tiere\\\/gesundheit-der-tiere\\\/\"},{\"@type\":\"ListItem\",\"position\":5,\"name\":\"KR\u00c4UTER F\u00dcR TIERE\",\"item\":\"https:\\\/\\\/bien-etreiris.ch\\\/de\\\/produktpraesentation\\\/zoom-die-welt-der-tiere\\\/gesundheit-der-tiere\\\/kraueter-fuer-tiere\\\/\"},{\"@type\":\"ListItem\",\"position\":6,\"name\":\"CHIENS\"}]},{\"@type\":\"WebSite\",\"@id\":\"https:\\\/\\\/bien-etreiris.ch\\\/de\\\/#website\",\"url\":\"https:\\\/\\\/bien-etreiris.ch\\\/de\\\/\",\"name\":\"Bien-\u00eatre Iris\",\"description\":\"IHRE Gesundheit ist uns wichtig\",\"potentialAction\":[{\"@type\":\"SearchAction\",\"target\":{\"@type\":\"EntryPoint\",\"urlTemplate\":\"https:\\\/\\\/bien-etreiris.ch\\\/de\\\/?s={search_term_string}\"},\"query-input\":{\"@type\":\"PropertyValueSpecification\",\"valueRequired\":true,\"valueName\":\"search_term_string\"}}],\"inLanguage\":\"de\"}]}<\/script>\n<!-- \/ Yoast SEO plugin. -->","yoast_head_json":{"title":"CHIENS - WOHLBEFINDEN","robots":{"index":"index","follow":"follow","max-snippet":"max-snippet:-1","max-image-preview":"max-image-preview:large","max-video-preview":"max-video-preview:-1"},"canonical":"https:\/\/bien-etreiris.ch\/de\/produktpraesentation\/zoom-die-welt-der-tiere\/gesundheit-der-tiere\/kraueter-fuer-tiere\/herbes-pour-chiens\/","og_locale":"de_DE","og_type":"article","og_title":"CHIENS - WOHLBEFINDEN","og_description":"Herbes pour chiens Aliment compl\u00e9mentaire naturel &amp; adapt\u00e9 \u00e0 l'esp\u00e8ce pour chiens Nos amis carnivores se nourrissaient \u00e9galement de plantes dans la nature. C'est la raison pour laquelle nous proposons des compl\u00e9ments alimentaires adapt\u00e9s au renforcement naturel : Aliments v\u00e9g\u00e9taux pour chiens adapt\u00e9s \u00e0 l'esp\u00e8ce A base d'herbes de haute qualit\u00e9 herboristerie Exempts d'additifs, de conservateurs et d'agents de remplissage&nbsp;Weiter lesen","og_url":"https:\/\/bien-etreiris.ch\/de\/produktpraesentation\/zoom-die-welt-der-tiere\/gesundheit-der-tiere\/kraueter-fuer-tiere\/herbes-pour-chiens\/","og_site_name":"WOHLBEFINDEN","article_publisher":"https:\/\/www.facebook.com\/bienetreiris\/","article_modified_time":"2023-07-10T08:22:51+00:00","og_image":[{"width":500,"height":344,"url":"https:\/\/bien-etreiris.ch\/wp-content\/uploads\/2021\/04\/acceuil-chien.jpg","type":"image\/jpeg"}],"twitter_misc":{"Gesch\u00e4tzte Lesezeit":"1\u00a0Minute"},"schema":{"@context":"https:\/\/schema.org","@graph":[{"@type":"WebPage","@id":"https:\/\/bien-etreiris.ch\/de\/produktpraesentation\/zoom-die-welt-der-tiere\/gesundheit-der-tiere\/kraueter-fuer-tiere\/herbes-pour-chiens\/","url":"https:\/\/bien-etreiris.ch\/de\/produktpraesentation\/zoom-die-welt-der-tiere\/gesundheit-der-tiere\/kraueter-fuer-tiere\/herbes-pour-chiens\/","name":"CHIENS - WOHLBEFINDEN","isPartOf":{"@id":"https:\/\/bien-etreiris.ch\/de\/#website"},"primaryImageOfPage":{"@id":"https:\/\/bien-etreiris.ch\/de\/produktpraesentation\/zoom-die-welt-der-tiere\/gesundheit-der-tiere\/kraueter-fuer-tiere\/herbes-pour-chiens\/#primaryimage"},"image":{"@id":"https:\/\/bien-etreiris.ch\/de\/produktpraesentation\/zoom-die-welt-der-tiere\/gesundheit-der-tiere\/kraueter-fuer-tiere\/herbes-pour-chiens\/#primaryimage"},"thumbnailUrl":"https:\/\/bien-etreiris.ch\/wp-content\/uploads\/2021\/04\/acceuil-chien.jpg","datePublished":"2023-07-08T13:36:18+00:00","dateModified":"2023-07-10T08:22:51+00:00","breadcrumb":{"@id":"https:\/\/bien-etreiris.ch\/de\/produktpraesentation\/zoom-die-welt-der-tiere\/gesundheit-der-tiere\/kraueter-fuer-tiere\/herbes-pour-chiens\/#breadcrumb"},"inLanguage":"de","potentialAction":[{"@type":"ReadAction","target":["https:\/\/bien-etreiris.ch\/de\/produktpraesentation\/zoom-die-welt-der-tiere\/gesundheit-der-tiere\/kraueter-fuer-tiere\/herbes-pour-chiens\/"]}]},{"@type":"ImageObject","inLanguage":"de","@id":"https:\/\/bien-etreiris.ch\/de\/produktpraesentation\/zoom-die-welt-der-tiere\/gesundheit-der-tiere\/kraueter-fuer-tiere\/herbes-pour-chiens\/#primaryimage","url":"https:\/\/bien-etreiris.ch\/wp-content\/uploads\/2021\/04\/acceuil-chien.jpg","contentUrl":"https:\/\/bien-etreiris.ch\/wp-content\/uploads\/2021\/04\/acceuil-chien.jpg","width":500,"height":344},{"@type":"BreadcrumbList","@id":"https:\/\/bien-etreiris.ch\/de\/produktpraesentation\/zoom-die-welt-der-tiere\/gesundheit-der-tiere\/kraueter-fuer-tiere\/herbes-pour-chiens\/#breadcrumb","itemListElement":[{"@type":"ListItem","position":1,"name":"Home","item":"https:\/\/bien-etreiris.ch\/de\/"},{"@type":"ListItem","position":2,"name":"PRODUKTPR\u00c4SENTATION","item":"https:\/\/bien-etreiris.ch\/de\/produktpraesentation\/"},{"@type":"ListItem","position":3,"name":"ZOOM \u2013 DIE WELT DER TIERE","item":"https:\/\/bien-etreiris.ch\/de\/produktpraesentation\/zoom-die-welt-der-tiere\/"},{"@type":"ListItem","position":4,"name":"GESUNDHEIT DER TIERE","item":"https:\/\/bien-etreiris.ch\/de\/produktpraesentation\/zoom-die-welt-der-tiere\/gesundheit-der-tiere\/"},{"@type":"ListItem","position":5,"name":"KR\u00c4UTER F\u00dcR TIERE","item":"https:\/\/bien-etreiris.ch\/de\/produktpraesentation\/zoom-die-welt-der-tiere\/gesundheit-der-tiere\/kraueter-fuer-tiere\/"},{"@type":"ListItem","position":6,"name":"CHIENS"}]},{"@type":"WebSite","@id":"https:\/\/bien-etreiris.ch\/de\/#website","url":"https:\/\/bien-etreiris.ch\/de\/","name":"Bien-\u00eatre Iris","description":"IHRE Gesundheit ist uns wichtig","potentialAction":[{"@type":"SearchAction","target":{"@type":"EntryPoint","urlTemplate":"https:\/\/bien-etreiris.ch\/de\/?s={search_term_string}"},"query-input":{"@type":"PropertyValueSpecification","valueRequired":true,"valueName":"search_term_string"}}],"inLanguage":"de"}]}},"_links":{"self":[{"href":"https:\/\/bien-etreiris.ch\/de\/wp-json\/wp\/v2\/pages\/71576","targetHints":{"allow":["GET"]}}],"collection":[{"href":"https:\/\/bien-etreiris.ch\/de\/wp-json\/wp\/v2\/pages"}],"about":[{"href":"https:\/\/bien-etreiris.ch\/de\/wp-json\/wp\/v2\/types\/page"}],"author":[{"embeddable":true,"href":"https:\/\/bien-etreiris.ch\/de\/wp-json\/wp\/v2\/users\/1"}],"replies":[{"embeddable":true,"href":"https:\/\/bien-etreiris.ch\/de\/wp-json\/wp\/v2\/comments?post=71576"}],"version-history":[{"count":5,"href":"https:\/\/bien-etreiris.ch\/de\/wp-json\/wp\/v2\/pages\/71576\/revisions"}],"predecessor-version":[{"id":71595,"href":"https:\/\/bien-etreiris.ch\/de\/wp-json\/wp\/v2\/pages\/71576\/revisions\/71595"}],"up":[{"embeddable":true,"href":"https:\/\/bien-etreiris.ch\/de\/wp-json\/wp\/v2\/pages\/71564"}],"wp:featuredmedia":[{"embeddable":true,"href":"https:\/\/bien-etreiris.ch\/de\/wp-json\/wp\/v2\/media\/41813"}],"wp:attachment":[{"href":"https:\/\/bien-etreiris.ch\/de\/wp-json\/wp\/v2\/media?parent=71576"}],"curies":[{"name":"wp","href":"https:\/\/api.w.org\/{rel}","templated":true}]}}