{"id":71535,"date":"2023-07-08T12:24:24","date_gmt":"2023-07-08T10:24:24","guid":{"rendered":"https:\/\/bien-etreiris.ch\/produktpraesentation\/aromatherapie\/aetherische-oele\/armoise-blanche\/"},"modified":"2024-09-27T07:40:51","modified_gmt":"2024-09-27T05:40:51","slug":"armoise-blanche","status":"publish","type":"page","link":"https:\/\/bien-etreiris.ch\/de\/produktpraesentation\/aromatherapie\/aetherische-oele\/armoise-blanche\/","title":{"rendered":"ARMOISE BLANCHE"},"content":{"rendered":"<h2>Armoise herbe blanche - artemisia herba alba<\/h2>\n<p><a href=\"https:\/\/bien-etreiris.ch\/de\/produktpraesentation\/aromatherapie\/aetherische-oele\/armoise-blanche\/armoise-herbe-blanche-krauter-lotsch-2\/\" rel=\"attachment wp-att-71539\"><img loading=\"lazy\" decoding=\"async\" class=\"size-full wp-image-71539 alignleft\" src=\"https:\/\/bien-etreiris.ch\/wp-content\/uploads\/2023\/07\/Armoise-herbe-blanche-Krauter-Lotsch.png\" alt=\"\" width=\"145\" height=\"283\"><\/a><\/p>\n<p>&nbsp;<\/p>\n<p>&nbsp;<\/p>\n<p>&nbsp;<\/p>\n<p>&nbsp;<\/p>\n<p>&nbsp;<\/p>\n<p>&nbsp;<\/p>\n<p>10 ml <strong>CHF 24.50<\/strong><\/p>\n<p>&nbsp;<\/p>\n<p>&nbsp;<\/p>\n<p>&nbsp;<\/p>\n<p>&nbsp;<\/p>\n<table style=\"width: 73.2144%; height: 900px;\">\n<tbody>\n<tr style=\"height: 23px;\">\n<td style=\"width: 17.9727%; height: 23px;\"><strong>Nom botanique :<\/strong><\/td>\n<td style=\"width: 35.828%; height: 23px;\" valign=\"top\" width=\"30%\">Artemisia herba-alba<\/td>\n<\/tr>\n<tr style=\"height: 23px;\">\n<td style=\"width: 17.9727%; height: 23px;\"><strong>Famille botanique :<\/strong><\/td>\n<td style=\"width: 35.828%; height: 23px;\"><span class=\"normal\">Asteraceae<\/span><\/td>\n<\/tr>\n<tr style=\"height: 23px;\">\n<td style=\"width: 17.9727%; height: 23px;\"><strong>M\u00e9thode d'extraction :<\/strong><\/td>\n<td style=\"width: 35.828%; height: 23px;\">Distillation \u00e0 la vapeur d'eau,<\/td>\n<\/tr>\n<tr style=\"height: 46px;\">\n<td style=\"width: 17.9727%; height: 46px;\"><strong>Partie de la plante utilis\u00e9e :<\/strong><\/td>\n<td style=\"width: 35.828%; height: 46px;\">Herbe<\/td>\n<\/tr>\n<tr style=\"height: 23px;\">\n<td style=\"width: 17.9727%; height: 23px;\"><strong>Quantit\u00e9 v\u00e9g\u00e9tale :<\/strong><\/td>\n<td style=\"width: 35.828%; height: 23px;\">&nbsp;<\/td>\n<\/tr>\n<tr style=\"height: 23px;\">\n<td style=\"width: 17.9727%; height: 23px;\"><strong>Origine g\u00e9ographique :<\/strong>&nbsp;<\/td>\n<td style=\"width: 35.828%; height: 23px;\">Maroc<\/td>\n<\/tr>\n<tr style=\"height: 46px;\">\n<td style=\"width: 17.9727%; height: 46px;\"><strong>Culture qualit\u00e9&nbsp;:<\/strong><\/td>\n<td style=\"width: 35.828%; height: 46px;\">Cueillette sauvage par r\u00e9colte manuelle pure de juin \u00e0 novembre<\/td>\n<\/tr>\n<tr style=\"height: 23px;\">\n<td style=\"width: 17.9727%; height: 23px;\"><strong>Effet parfum\u00e9 :<\/strong><\/td>\n<td style=\"width: 35.828%; height: 23px;\">aromatique, balsamique-sucr\u00e9, frais, herbac\u00e9<\/td>\n<\/tr>\n<tr style=\"height: 23px;\">\n<td style=\"width: 17.9727%; height: 23px;\"><strong>Note parfum\u00e9e :<\/strong><\/td>\n<td style=\"width: 35.828%; height: 23px;\">&nbsp;<\/td>\n<\/tr>\n<tr style=\"height: 23px;\">\n<td style=\"width: 17.9727%; height: 23px;\"><strong>Profil de parfum :<\/strong><\/td>\n<td style=\"width: 35.828%; height: 23px;\">&nbsp;<\/td>\n<\/tr>\n<tr style=\"height: 23px;\">\n<td style=\"width: 17.9727%; height: 23px;\"><strong>Th\u00e8me du parfum :<\/strong><\/td>\n<td style=\"width: 35.828%; height: 23px;\">relaxant, apaisant, terre \u00e0 terre<\/td>\n<\/tr>\n<tr style=\"height: 23px;\">\n<td style=\"width: 17.9727%; height: 23px;\"><strong>\u00c9nerg\u00e9tique :<\/strong><\/td>\n<td style=\"width: 35.828%; height: 23px;\">&nbsp;<\/td>\n<\/tr>\n<tr style=\"height: 23px;\">\n<td style=\"width: 17.9727%; height: 23px;\"><strong>Psycho-\u00e9motionnel :<\/strong>&nbsp;<\/td>\n<td style=\"width: 35.828%; height: 23px;\">\n<ul style=\"list-style-type: disc;\">\n<li>Sa note clarifiant nous aide \u00e0 transformer les blocages et \u00e0 obtenir une vision et une clart\u00e9.<\/li>\n<li>L'esprit et l'\u00e2me sont apais\u00e9s et d\u00e9tendus.<\/li>\n<li>L'armoise aide \u00e0 se remettre sur pied lorsque les humeurs d\u00e9pressives tirent vers le bas.<\/li>\n<\/ul>\n<\/td>\n<\/tr>\n<tr style=\"height: 320px;\">\n<td style=\"width: 17.9727%; height: 320px;\"><strong>Description :<\/strong>&nbsp;&nbsp;&nbsp;&nbsp;&nbsp;<\/p>\n<p>&nbsp;<\/p>\n<p>&nbsp;<\/p>\n<p>&nbsp;<\/p>\n<p>&nbsp;<\/p>\n<p>&nbsp;<\/td>\n<td style=\"width: 35.828%; height: 320px;\" scope=\"row\">\n<ul>\n<li>L'armoise est une plante ext\u00e9rieurement insignifiante du genre Artemisia, mais elle est consid\u00e9r\u00e9e comme la plus ancienne plante m\u00e9dicinale connue en Europe.<\/li>\n<li>Depuis toujours, elle est utilis\u00e9e comme plante m\u00e9dicinale purificatrice importante et on la trouve \u00e9galement dans des bouquets d'encens et des m\u00e9langes.<\/li>\n<li>La d\u00e9esse grecque \"Artemis\" est consid\u00e9r\u00e9e comme la gardienne de la chasse, de la for\u00eat, de la fertilit\u00e9, des enfants et de la lune.<\/li>\n<\/ul>\n<\/td>\n<\/tr>\n<tr style=\"height: 119px;\">\n<td style=\"width: 17.9727%; height: 119px;\"><strong>Application :<\/strong><\/td>\n<td style=\"width: 35.828%; height: 119px;\">\n<ul style=\"list-style-type: disc;\">\n<li>En cas de maux de t\u00eate, il aide \u00e0 se d\u00e9barrasser des pens\u00e9es pesantes et du stress.<\/li>\n<li>En hiver, l'huile d'armoise est une aide agr\u00e9able pour lib\u00e9rer les voies respiratoires en cas d'infections et de toux. Utilis\u00e9e dans le bain, elle a un effet stimulant et rafra\u00eechissant.<\/li>\n<li>L'armoise fait partie des plantes f\u00e9minines. Elle peut aider \u00e0 soulager les crampes, \u00e0 stimuler la circulation sanguine et est consid\u00e9r\u00e9e comme un r\u00e9gulateur. Elle contribue \u00e9galement \u00e0 soulager la constipation et les troubles gastro-intestinaux.<\/li>\n<li>Dilu\u00e9e dans une huile de soin bio, l'huile essentielle peut \u00eatre appliqu\u00e9e en douceur sur le ventre. (2-3 gouttes dans une poign\u00e9e d'huile)<\/li>\n<\/ul>\n<\/td>\n<\/tr>\n<tr style=\"height: 46px;\">\n<td style=\"width: 17.9727%; height: 46px;\"><strong>Allerg\u00e8nes<br \/>\n<\/strong><\/td>\n<td style=\"width: 35.828%; height: 46px;\">Citral, citronellol, g\u00e9raniol, eug\u00e9nol, limon\u00e8ne, isoeug\u00e9nol, cinnamal<\/td>\n<\/tr>\n<tr style=\"height: 70px;\">\n<td style=\"width: 17.9727%; height: 70px;\"><strong><span style=\"color: #ff0000;\">Pr\u00e9caution !<\/span><br \/>\n<\/strong><\/td>\n<td style=\"width: 35.828%; height: 70px;\">En cas de grossesse ou d'allaitement, d'allergie*, d'\u00e9pilepsie* ou de traitement m\u00e9dical, veuillez consulter votre m\u00e9decin avant utilisation.<\/td>\n<\/tr>\n<\/tbody>\n<\/table>\n<p>&nbsp;<\/p>\n","protected":false},"excerpt":{"rendered":"<p>Armoise herbe blanche - artemisia herba alba &nbsp; &nbsp; &nbsp; &nbsp; &nbsp; &nbsp; 10 ml CHF 24.50 &nbsp; &nbsp; &nbsp; &nbsp; Nom botanique : Artemisia herba-alba Famille botanique : Asteraceae M\u00e9thode d'extraction : Distillation \u00e0 la vapeur d'eau, Partie de la plante utilis\u00e9e : Herbe Quantit\u00e9 v\u00e9g\u00e9tale : &nbsp; Origine g\u00e9ographique :&nbsp; Maroc Culture qualit\u00e9&nbsp;: Cueillette sauvage par r\u00e9colte manuelle&nbsp;<a href=\"https:\/\/bien-etreiris.ch\/de\/produktpraesentation\/aromatherapie\/aetherische-oele\/armoise-blanche\/\" class=\"read-more\">Weiter lesen<\/a><\/p>\n","protected":false},"author":1,"featured_media":89697,"parent":37429,"menu_order":3392,"comment_status":"closed","ping_status":"closed","template":"page-with-child.php","meta":{"_acf_changed":false,"ngg_post_thumbnail":0,"footnotes":""},"class_list":["post-71535","page","type-page","status-publish","has-post-thumbnail","hentry"],"acf":[],"yoast_head":"<!-- This site is optimized with the Yoast SEO plugin v27.6 - https:\/\/yoast.com\/product\/yoast-seo-wordpress\/ -->\n<title>ARMOISE BLANCHE - WOHLBEFINDEN<\/title>\n<meta name=\"robots\" content=\"index, follow, max-snippet:-1, max-image-preview:large, max-video-preview:-1\" \/>\n<link rel=\"canonical\" href=\"https:\/\/bien-etreiris.ch\/de\/produktpraesentation\/aromatherapie\/aetherische-oele\/armoise-blanche\/\" \/>\n<meta property=\"og:locale\" content=\"de_DE\" \/>\n<meta property=\"og:type\" content=\"article\" \/>\n<meta property=\"og:title\" content=\"ARMOISE BLANCHE - WOHLBEFINDEN\" \/>\n<meta property=\"og:description\" content=\"Armoise herbe blanche - artemisia herba alba &nbsp; &nbsp; &nbsp; &nbsp; &nbsp; &nbsp; 10 ml CHF 24.50 &nbsp; &nbsp; &nbsp; &nbsp; Nom botanique : Artemisia herba-alba Famille botanique : Asteraceae M\u00e9thode d&#039;extraction : Distillation \u00e0 la vapeur d&#039;eau, Partie de la plante utilis\u00e9e : Herbe Quantit\u00e9 v\u00e9g\u00e9tale : &nbsp; Origine g\u00e9ographique :&nbsp; Maroc Culture qualit\u00e9&nbsp;: Cueillette sauvage par r\u00e9colte manuelle&nbsp;Weiter lesen\" \/>\n<meta property=\"og:url\" content=\"https:\/\/bien-etreiris.ch\/de\/produktpraesentation\/aromatherapie\/aetherische-oele\/armoise-blanche\/\" \/>\n<meta property=\"og:site_name\" content=\"WOHLBEFINDEN\" \/>\n<meta property=\"article:publisher\" content=\"https:\/\/www.facebook.com\/bienetreiris\/\" \/>\n<meta property=\"article:modified_time\" content=\"2024-09-27T05:40:51+00:00\" \/>\n<meta property=\"og:image\" content=\"https:\/\/bien-etreiris.ch\/wp-content\/uploads\/2023\/07\/acceuil-armise-blanche-2.jpg\" \/>\n\t<meta property=\"og:image:width\" content=\"500\" \/>\n\t<meta property=\"og:image:height\" content=\"333\" \/>\n\t<meta property=\"og:image:type\" content=\"image\/jpeg\" \/>\n<meta name=\"twitter:label1\" content=\"Gesch\u00e4tzte Lesezeit\" \/>\n\t<meta name=\"twitter:data1\" content=\"2\u00a0Minuten\" \/>\n<script type=\"application\/ld+json\" class=\"yoast-schema-graph\">{\"@context\":\"https:\\\/\\\/schema.org\",\"@graph\":[{\"@type\":\"WebPage\",\"@id\":\"https:\\\/\\\/bien-etreiris.ch\\\/de\\\/produktpraesentation\\\/aromatherapie\\\/aetherische-oele\\\/armoise-blanche\\\/\",\"url\":\"https:\\\/\\\/bien-etreiris.ch\\\/de\\\/produktpraesentation\\\/aromatherapie\\\/aetherische-oele\\\/armoise-blanche\\\/\",\"name\":\"ARMOISE BLANCHE - WOHLBEFINDEN\",\"isPartOf\":{\"@id\":\"https:\\\/\\\/bien-etreiris.ch\\\/de\\\/#website\"},\"primaryImageOfPage\":{\"@id\":\"https:\\\/\\\/bien-etreiris.ch\\\/de\\\/produktpraesentation\\\/aromatherapie\\\/aetherische-oele\\\/armoise-blanche\\\/#primaryimage\"},\"image\":{\"@id\":\"https:\\\/\\\/bien-etreiris.ch\\\/de\\\/produktpraesentation\\\/aromatherapie\\\/aetherische-oele\\\/armoise-blanche\\\/#primaryimage\"},\"thumbnailUrl\":\"https:\\\/\\\/bien-etreiris.ch\\\/wp-content\\\/uploads\\\/2024\\\/09\\\/acceuil-armoise-blanc.png\",\"datePublished\":\"2023-07-08T10:24:24+00:00\",\"dateModified\":\"2024-09-27T05:40:51+00:00\",\"breadcrumb\":{\"@id\":\"https:\\\/\\\/bien-etreiris.ch\\\/de\\\/produktpraesentation\\\/aromatherapie\\\/aetherische-oele\\\/armoise-blanche\\\/#breadcrumb\"},\"inLanguage\":\"de\",\"potentialAction\":[{\"@type\":\"ReadAction\",\"target\":[\"https:\\\/\\\/bien-etreiris.ch\\\/de\\\/produktpraesentation\\\/aromatherapie\\\/aetherische-oele\\\/armoise-blanche\\\/\"]}]},{\"@type\":\"ImageObject\",\"inLanguage\":\"de\",\"@id\":\"https:\\\/\\\/bien-etreiris.ch\\\/de\\\/produktpraesentation\\\/aromatherapie\\\/aetherische-oele\\\/armoise-blanche\\\/#primaryimage\",\"url\":\"https:\\\/\\\/bien-etreiris.ch\\\/wp-content\\\/uploads\\\/2024\\\/09\\\/acceuil-armoise-blanc.png\",\"contentUrl\":\"https:\\\/\\\/bien-etreiris.ch\\\/wp-content\\\/uploads\\\/2024\\\/09\\\/acceuil-armoise-blanc.png\",\"width\":500,\"height\":305},{\"@type\":\"BreadcrumbList\",\"@id\":\"https:\\\/\\\/bien-etreiris.ch\\\/de\\\/produktpraesentation\\\/aromatherapie\\\/aetherische-oele\\\/armoise-blanche\\\/#breadcrumb\",\"itemListElement\":[{\"@type\":\"ListItem\",\"position\":1,\"name\":\"Home\",\"item\":\"https:\\\/\\\/bien-etreiris.ch\\\/de\\\/\"},{\"@type\":\"ListItem\",\"position\":2,\"name\":\"PRODUKTPR\u00c4SENTATION\",\"item\":\"https:\\\/\\\/bien-etreiris.ch\\\/de\\\/produktpraesentation\\\/\"},{\"@type\":\"ListItem\",\"position\":3,\"name\":\"AROMATHERAPIE\",\"item\":\"https:\\\/\\\/bien-etreiris.ch\\\/de\\\/produktpraesentation\\\/aromatherapie\\\/\"},{\"@type\":\"ListItem\",\"position\":4,\"name\":\"\u00c4THERISCHE \u00d6LE\",\"item\":\"https:\\\/\\\/bien-etreiris.ch\\\/de\\\/produktpraesentation\\\/aromatherapie\\\/aetherische-oele\\\/\"},{\"@type\":\"ListItem\",\"position\":5,\"name\":\"ARMOISE BLANCHE\"}]},{\"@type\":\"WebSite\",\"@id\":\"https:\\\/\\\/bien-etreiris.ch\\\/de\\\/#website\",\"url\":\"https:\\\/\\\/bien-etreiris.ch\\\/de\\\/\",\"name\":\"Bien-\u00eatre Iris\",\"description\":\"IHRE Gesundheit ist uns wichtig\",\"potentialAction\":[{\"@type\":\"SearchAction\",\"target\":{\"@type\":\"EntryPoint\",\"urlTemplate\":\"https:\\\/\\\/bien-etreiris.ch\\\/de\\\/?s={search_term_string}\"},\"query-input\":{\"@type\":\"PropertyValueSpecification\",\"valueRequired\":true,\"valueName\":\"search_term_string\"}}],\"inLanguage\":\"de\"}]}<\/script>\n<!-- \/ Yoast SEO plugin. -->","yoast_head_json":{"title":"ARMOISE BLANCHE - WOHLBEFINDEN","robots":{"index":"index","follow":"follow","max-snippet":"max-snippet:-1","max-image-preview":"max-image-preview:large","max-video-preview":"max-video-preview:-1"},"canonical":"https:\/\/bien-etreiris.ch\/de\/produktpraesentation\/aromatherapie\/aetherische-oele\/armoise-blanche\/","og_locale":"de_DE","og_type":"article","og_title":"ARMOISE BLANCHE - WOHLBEFINDEN","og_description":"Armoise herbe blanche - artemisia herba alba &nbsp; &nbsp; &nbsp; &nbsp; &nbsp; &nbsp; 10 ml CHF 24.50 &nbsp; &nbsp; &nbsp; &nbsp; Nom botanique : Artemisia herba-alba Famille botanique : Asteraceae M\u00e9thode d'extraction : Distillation \u00e0 la vapeur d'eau, Partie de la plante utilis\u00e9e : Herbe Quantit\u00e9 v\u00e9g\u00e9tale : &nbsp; Origine g\u00e9ographique :&nbsp; Maroc Culture qualit\u00e9&nbsp;: Cueillette sauvage par r\u00e9colte manuelle&nbsp;Weiter lesen","og_url":"https:\/\/bien-etreiris.ch\/de\/produktpraesentation\/aromatherapie\/aetherische-oele\/armoise-blanche\/","og_site_name":"WOHLBEFINDEN","article_publisher":"https:\/\/www.facebook.com\/bienetreiris\/","article_modified_time":"2024-09-27T05:40:51+00:00","og_image":[{"width":500,"height":333,"url":"https:\/\/bien-etreiris.ch\/wp-content\/uploads\/2023\/07\/acceuil-armise-blanche-2.jpg","type":"image\/jpeg"}],"twitter_misc":{"Gesch\u00e4tzte Lesezeit":"2\u00a0Minuten"},"schema":{"@context":"https:\/\/schema.org","@graph":[{"@type":"WebPage","@id":"https:\/\/bien-etreiris.ch\/de\/produktpraesentation\/aromatherapie\/aetherische-oele\/armoise-blanche\/","url":"https:\/\/bien-etreiris.ch\/de\/produktpraesentation\/aromatherapie\/aetherische-oele\/armoise-blanche\/","name":"ARMOISE BLANCHE - WOHLBEFINDEN","isPartOf":{"@id":"https:\/\/bien-etreiris.ch\/de\/#website"},"primaryImageOfPage":{"@id":"https:\/\/bien-etreiris.ch\/de\/produktpraesentation\/aromatherapie\/aetherische-oele\/armoise-blanche\/#primaryimage"},"image":{"@id":"https:\/\/bien-etreiris.ch\/de\/produktpraesentation\/aromatherapie\/aetherische-oele\/armoise-blanche\/#primaryimage"},"thumbnailUrl":"https:\/\/bien-etreiris.ch\/wp-content\/uploads\/2024\/09\/acceuil-armoise-blanc.png","datePublished":"2023-07-08T10:24:24+00:00","dateModified":"2024-09-27T05:40:51+00:00","breadcrumb":{"@id":"https:\/\/bien-etreiris.ch\/de\/produktpraesentation\/aromatherapie\/aetherische-oele\/armoise-blanche\/#breadcrumb"},"inLanguage":"de","potentialAction":[{"@type":"ReadAction","target":["https:\/\/bien-etreiris.ch\/de\/produktpraesentation\/aromatherapie\/aetherische-oele\/armoise-blanche\/"]}]},{"@type":"ImageObject","inLanguage":"de","@id":"https:\/\/bien-etreiris.ch\/de\/produktpraesentation\/aromatherapie\/aetherische-oele\/armoise-blanche\/#primaryimage","url":"https:\/\/bien-etreiris.ch\/wp-content\/uploads\/2024\/09\/acceuil-armoise-blanc.png","contentUrl":"https:\/\/bien-etreiris.ch\/wp-content\/uploads\/2024\/09\/acceuil-armoise-blanc.png","width":500,"height":305},{"@type":"BreadcrumbList","@id":"https:\/\/bien-etreiris.ch\/de\/produktpraesentation\/aromatherapie\/aetherische-oele\/armoise-blanche\/#breadcrumb","itemListElement":[{"@type":"ListItem","position":1,"name":"Home","item":"https:\/\/bien-etreiris.ch\/de\/"},{"@type":"ListItem","position":2,"name":"PRODUKTPR\u00c4SENTATION","item":"https:\/\/bien-etreiris.ch\/de\/produktpraesentation\/"},{"@type":"ListItem","position":3,"name":"AROMATHERAPIE","item":"https:\/\/bien-etreiris.ch\/de\/produktpraesentation\/aromatherapie\/"},{"@type":"ListItem","position":4,"name":"\u00c4THERISCHE \u00d6LE","item":"https:\/\/bien-etreiris.ch\/de\/produktpraesentation\/aromatherapie\/aetherische-oele\/"},{"@type":"ListItem","position":5,"name":"ARMOISE BLANCHE"}]},{"@type":"WebSite","@id":"https:\/\/bien-etreiris.ch\/de\/#website","url":"https:\/\/bien-etreiris.ch\/de\/","name":"Bien-\u00eatre Iris","description":"IHRE Gesundheit ist uns wichtig","potentialAction":[{"@type":"SearchAction","target":{"@type":"EntryPoint","urlTemplate":"https:\/\/bien-etreiris.ch\/de\/?s={search_term_string}"},"query-input":{"@type":"PropertyValueSpecification","valueRequired":true,"valueName":"search_term_string"}}],"inLanguage":"de"}]}},"_links":{"self":[{"href":"https:\/\/bien-etreiris.ch\/de\/wp-json\/wp\/v2\/pages\/71535","targetHints":{"allow":["GET"]}}],"collection":[{"href":"https:\/\/bien-etreiris.ch\/de\/wp-json\/wp\/v2\/pages"}],"about":[{"href":"https:\/\/bien-etreiris.ch\/de\/wp-json\/wp\/v2\/types\/page"}],"author":[{"embeddable":true,"href":"https:\/\/bien-etreiris.ch\/de\/wp-json\/wp\/v2\/users\/1"}],"replies":[{"embeddable":true,"href":"https:\/\/bien-etreiris.ch\/de\/wp-json\/wp\/v2\/comments?post=71535"}],"version-history":[{"count":7,"href":"https:\/\/bien-etreiris.ch\/de\/wp-json\/wp\/v2\/pages\/71535\/revisions"}],"predecessor-version":[{"id":89701,"href":"https:\/\/bien-etreiris.ch\/de\/wp-json\/wp\/v2\/pages\/71535\/revisions\/89701"}],"up":[{"embeddable":true,"href":"https:\/\/bien-etreiris.ch\/de\/wp-json\/wp\/v2\/pages\/37429"}],"wp:featuredmedia":[{"embeddable":true,"href":"https:\/\/bien-etreiris.ch\/de\/wp-json\/wp\/v2\/media\/89697"}],"wp:attachment":[{"href":"https:\/\/bien-etreiris.ch\/de\/wp-json\/wp\/v2\/media?parent=71535"}],"curies":[{"name":"wp","href":"https:\/\/api.w.org\/{rel}","templated":true}]}}