{"id":71173,"date":"2023-06-14T22:11:09","date_gmt":"2023-06-14T20:11:09","guid":{"rendered":"https:\/\/bien-etreiris.ch\/produktpraesentation\/entspannen\/wohlfuhlkissen\/waermekissen\/coussins-en-pepins-de-raisin\/"},"modified":"2023-10-04T10:41:26","modified_gmt":"2023-10-04T08:41:26","slug":"kissen-aus-traubenkernen","status":"publish","type":"page","link":"https:\/\/bien-etreiris.ch\/de\/produktpraesentation\/entspannen\/wohlfuhlkissen\/waermekissen\/kissen-aus-traubenkernen\/","title":{"rendered":"TRAUBENKERNE"},"content":{"rendered":"<h2>Kissen aus Traubenkernen<\/h2>\n<p>F\u00fcllung: 100% echte Traubenkerne.<\/p>\n<p>Kissen: 100% nicht waschbare Baumwolle<br \/>\nKissenbezug: 100% Baumwolle, mit Hotelverschluss.<br \/>\nKissenbezug waschbar bei 40-60\u00b0C.<\/p>\n<p>Das ganze Kissen kann im Backofen bis 100\u00b0 erw\u00e4rmt werden.<br \/>\nDas ganze Kissen kann in den K\u00fchl- oder Gefrierschrank gelegt werden.<\/p>\n<p>&nbsp;<\/p>\n<p>Hergestellt in Neyruz &nbsp;&nbsp; <a href=\"https:\/\/bien-etreiris.ch\/de\/produktpraesentation\/gesundes-leben\/gesunde-lebensmittel\/superfoods\/koernrer-samen\/hanfsamen\/suisse-2-2\/\" rel=\"attachment wp-att-75233\"><img loading=\"lazy\" decoding=\"async\" class=\"alignnone  wp-image-75233\" src=\"https:\/\/bien-etreiris.ch\/wp-content\/uploads\/2023\/09\/suisse.png\" alt=\"\" width=\"48\" height=\"48\"><\/a><a href=\"https:\/\/bien-etreiris.ch\/de\/produktpraesentation\/gesundes-leben\/gesunde-lebensmittel\/superfoods\/koernrer-samen\/hanfsamen\/fribourg-2\/\" rel=\"attachment wp-att-75236\"><img loading=\"lazy\" decoding=\"async\" class=\"alignnone  wp-image-75236\" src=\"https:\/\/bien-etreiris.ch\/wp-content\/uploads\/2023\/09\/fribourg.png\" alt=\"\" width=\"44\" height=\"45\"><\/a><a href=\"https:\/\/bien-etreiris.ch\/de\/produktpraesentation\/entspannen\/wohlfuhlkissen\/waermekissen\/kirschenkernkissen\/neyruz\/\" rel=\"attachment wp-att-76203\"><img loading=\"lazy\" decoding=\"async\" class=\"alignnone  wp-image-76203\" src=\"https:\/\/bien-etreiris.ch\/wp-content\/uploads\/2023\/10\/neyruz.png\" alt=\"\" width=\"52\" height=\"50\"><\/a><\/p>\n<p>&nbsp;<\/p>\n<h4>Erh\u00e4ltlich in vier Gr\u00f6ssen, im Preis inbegriffen 1 waschbarer Bezug Ihrer Wahl<\/h4>\n<ol>\n<li>12 cm x 20 cm (220 g) CHF 28.00<\/li>\n<li>20 cm x 25 cm (700 g) CHF 46.50<\/li>\n<li>15 cm x 40 cm (540 g) CHF 55.00<\/li>\n<li>09 cm x 21 cm (130 g) CHF 36.00 (in Augenform geschnitten)<\/li>\n<\/ol>\n<p>&nbsp;<\/p>\n<h4>Es ist uns m\u00f6glich, andere Gr\u00f6ssen f\u00fcr Sie anzufertigen.<\/h4>\n<h4>&nbsp;<\/h4>\n<h4>Sie k\u00f6nnen auch zus\u00e4tzliche H\u00fcllen kaufen.<\/h4>\n<ol>\n<li>12 cm x 20 cm CHF 11.00<\/li>\n<li>20 cm x 25 cm CHF 14.00<\/li>\n<li>15 cm x 40 cm CHF 21.00<\/li>\n<li>09 cm x 21 cm CHF 19.00 (in Augenform geschnitten)<\/li>\n<\/ol>\n<p>&nbsp;<\/p>\n<p>Informationen zu Allergenen: Dieses Produkt enth\u00e4lt keine kennzeichnungspflichtigen allergenen Stoffe.<\/p>\n<p>&nbsp;<\/p>\n<h4>Ein altbew\u00e4hrtes Hausmittel und ein sympathischer W\u00e4rmespeicher!<\/h4>\n<p>Im Gegensatz zur W\u00e4rmflasche k\u00fchlt das Kissen nicht so stark aus, passt sich der K\u00f6rpertemperatur an und l\u00e4uft nicht aus. Es wird auch f\u00fcr Kaltanwendungen gesch\u00e4tzt. Aufgrund ihrer Form und Gr\u00f6sse sowie des \u00d6lgehalts sind Traubenkerne zwar teurer als Kirschkerne, haben aber als Kissenf\u00fcllung einige Vorteile: Die W\u00e4rme wird so \u00fcber einen l\u00e4ngeren Zeitraum abgegeben und aufgrund der geringeren Gr\u00f6sse der Kerne sind sie deutlich weicher. Deshalb sind sie bei Kindern beliebt. Neben der W\u00e4rme- und K\u00e4ltebehandlung eignen sich Traubenkerne in einem Kissen auch als Lagerungshilfe, z. B. f\u00fcr Schwangere, zur Finger- und Fussmassage, insbesondere wenn es darum geht, die Beweglichkeit der Gliedmassen durch eine gezielte Massage wiederherzustellen oder bei Kindern zu aktivieren.<\/p>\n<p>Das W\u00e4rmekissen vermittelt ein angenehmes W\u00e4rmegef\u00fchl. Es hat eine entspannende und schmerzlindernde Wirkung bei:<\/p>\n<p>Bauchkr\u00e4mpfen \/ Menstruationsschmerzen \/ R\u00fcckenschmerzen \/ Nackenschmerzen \/ Hexenschuss \/ Ischias \/ Zahnschmerzen \/ Spannungskopfschmerzen \/ Gelenkschmerzen \/ Rheuma \/ Schlafst\u00f6rungen \/ Nervosit\u00e4t \/ Stress \/ \"zum Kuscheln\" und bei kalten F\u00fcssen.<\/p>\n<p>&nbsp;<\/p>\n<h4>Das K\u00e4ltekissen k\u00fchlt herrlich. Es hat eine entspannende und schmerzlindernde Wirkung bei:<\/h4>\n<p>Prellungen \/ Bluterg\u00fcssen \/ Zerrungen \/ Verstauchungen \/ Insektenstichen \/ Schwellungen \/ Zahnschmerzen \/ Kopfschmerzen \/ Migr\u00e4ne \/ Krampfadern \/ Wetterf\u00fchligkeit \/ Entz\u00fcndungen.<\/p>\n<p>&nbsp;<\/p>\n<p><span style=\"color: #ff0000;\">ACHTUNG:<\/span> Waschen Sie das Innenkissen aus 100% Baumwolle (naturbelassen) mit Traubenkernen nur, wenn unbedingt n\u00f6tig, mit \"Handw\u00e4sche\", KEINE GARANTIE! ACHTUNG: Traubenkerne f\u00e4rben ab! Sehr, sehr gut an der Luft trocknen lassen, umdrehen und mehrmals sch\u00fctteln! (Schimmelgefahr!) Nicht im Trockner trocknen!<\/p>\n<p>Ersatzbez\u00fcge f\u00fcr Traubenkernkissen<\/p>\n<p>&nbsp;<\/p>\n<p>&nbsp;<\/p>\n<p>&nbsp;<\/p>\n","protected":false},"excerpt":{"rendered":"<p>Kissen aus Traubenkernen F\u00fcllung: 100% echte Traubenkerne. Kissen: 100% nicht waschbare Baumwolle Kissenbezug: 100% Baumwolle, mit Hotelverschluss. Kissenbezug waschbar bei 40-60\u00b0C. Das ganze Kissen kann im Backofen bis 100\u00b0 erw\u00e4rmt werden. Das ganze Kissen kann in den K\u00fchl- oder Gefrierschrank gelegt werden. &nbsp; Hergestellt in Neyruz &nbsp;&nbsp; &nbsp; Erh\u00e4ltlich in vier Gr\u00f6ssen, im Preis inbegriffen 1 waschbarer Bezug Ihrer Wahl&nbsp;<a href=\"https:\/\/bien-etreiris.ch\/de\/produktpraesentation\/entspannen\/wohlfuhlkissen\/waermekissen\/kissen-aus-traubenkernen\/\" class=\"read-more\">Weiter lesen<\/a><\/p>\n","protected":false},"author":1,"featured_media":71164,"parent":13446,"menu_order":3445,"comment_status":"closed","ping_status":"closed","template":"page-with-child.php","meta":{"_acf_changed":false,"ngg_post_thumbnail":0,"footnotes":""},"class_list":["post-71173","page","type-page","status-publish","has-post-thumbnail","hentry"],"acf":[],"yoast_head":"<!-- This site is optimized with the Yoast SEO plugin v27.5 - https:\/\/yoast.com\/product\/yoast-seo-wordpress\/ -->\n<title>TRAUBENKERNE - WOHLBEFINDEN<\/title>\n<meta name=\"robots\" content=\"index, follow, max-snippet:-1, max-image-preview:large, max-video-preview:-1\" \/>\n<link rel=\"canonical\" href=\"https:\/\/bien-etreiris.ch\/de\/produktpraesentation\/entspannen\/wohlfuhlkissen\/waermekissen\/kissen-aus-traubenkernen\/\" \/>\n<meta property=\"og:locale\" content=\"de_DE\" \/>\n<meta property=\"og:type\" content=\"article\" \/>\n<meta property=\"og:title\" content=\"TRAUBENKERNE - WOHLBEFINDEN\" \/>\n<meta property=\"og:description\" content=\"Kissen aus Traubenkernen F\u00fcllung: 100% echte Traubenkerne. Kissen: 100% nicht waschbare Baumwolle Kissenbezug: 100% Baumwolle, mit Hotelverschluss. Kissenbezug waschbar bei 40-60\u00b0C. Das ganze Kissen kann im Backofen bis 100\u00b0 erw\u00e4rmt werden. Das ganze Kissen kann in den K\u00fchl- oder Gefrierschrank gelegt werden. &nbsp; Hergestellt in Neyruz &nbsp;&nbsp; &nbsp; Erh\u00e4ltlich in vier Gr\u00f6ssen, im Preis inbegriffen 1 waschbarer Bezug Ihrer Wahl&nbsp;Weiter lesen\" \/>\n<meta property=\"og:url\" content=\"https:\/\/bien-etreiris.ch\/de\/produktpraesentation\/entspannen\/wohlfuhlkissen\/waermekissen\/kissen-aus-traubenkernen\/\" \/>\n<meta property=\"og:site_name\" content=\"WOHLBEFINDEN\" \/>\n<meta property=\"article:publisher\" content=\"https:\/\/www.facebook.com\/bienetreiris\/\" \/>\n<meta property=\"article:modified_time\" content=\"2023-10-04T08:41:26+00:00\" \/>\n<meta property=\"og:image\" content=\"https:\/\/bien-etreiris.ch\/wp-content\/uploads\/2023\/06\/pepins-de-raisin.jpg\" \/>\n\t<meta property=\"og:image:width\" content=\"500\" \/>\n\t<meta property=\"og:image:height\" content=\"333\" \/>\n\t<meta property=\"og:image:type\" content=\"image\/jpeg\" \/>\n<meta name=\"twitter:label1\" content=\"Gesch\u00e4tzte Lesezeit\" \/>\n\t<meta name=\"twitter:data1\" content=\"3\u00a0Minuten\" \/>\n<script type=\"application\/ld+json\" class=\"yoast-schema-graph\">{\"@context\":\"https:\\\/\\\/schema.org\",\"@graph\":[{\"@type\":\"WebPage\",\"@id\":\"https:\\\/\\\/bien-etreiris.ch\\\/de\\\/produktpraesentation\\\/entspannen\\\/wohlfuhlkissen\\\/waermekissen\\\/kissen-aus-traubenkernen\\\/\",\"url\":\"https:\\\/\\\/bien-etreiris.ch\\\/de\\\/produktpraesentation\\\/entspannen\\\/wohlfuhlkissen\\\/waermekissen\\\/kissen-aus-traubenkernen\\\/\",\"name\":\"TRAUBENKERNE - WOHLBEFINDEN\",\"isPartOf\":{\"@id\":\"https:\\\/\\\/bien-etreiris.ch\\\/de\\\/#website\"},\"primaryImageOfPage\":{\"@id\":\"https:\\\/\\\/bien-etreiris.ch\\\/de\\\/produktpraesentation\\\/entspannen\\\/wohlfuhlkissen\\\/waermekissen\\\/kissen-aus-traubenkernen\\\/#primaryimage\"},\"image\":{\"@id\":\"https:\\\/\\\/bien-etreiris.ch\\\/de\\\/produktpraesentation\\\/entspannen\\\/wohlfuhlkissen\\\/waermekissen\\\/kissen-aus-traubenkernen\\\/#primaryimage\"},\"thumbnailUrl\":\"https:\\\/\\\/bien-etreiris.ch\\\/wp-content\\\/uploads\\\/2023\\\/06\\\/pepins-de-raisin.jpg\",\"datePublished\":\"2023-06-14T20:11:09+00:00\",\"dateModified\":\"2023-10-04T08:41:26+00:00\",\"breadcrumb\":{\"@id\":\"https:\\\/\\\/bien-etreiris.ch\\\/de\\\/produktpraesentation\\\/entspannen\\\/wohlfuhlkissen\\\/waermekissen\\\/kissen-aus-traubenkernen\\\/#breadcrumb\"},\"inLanguage\":\"de\",\"potentialAction\":[{\"@type\":\"ReadAction\",\"target\":[\"https:\\\/\\\/bien-etreiris.ch\\\/de\\\/produktpraesentation\\\/entspannen\\\/wohlfuhlkissen\\\/waermekissen\\\/kissen-aus-traubenkernen\\\/\"]}]},{\"@type\":\"ImageObject\",\"inLanguage\":\"de\",\"@id\":\"https:\\\/\\\/bien-etreiris.ch\\\/de\\\/produktpraesentation\\\/entspannen\\\/wohlfuhlkissen\\\/waermekissen\\\/kissen-aus-traubenkernen\\\/#primaryimage\",\"url\":\"https:\\\/\\\/bien-etreiris.ch\\\/wp-content\\\/uploads\\\/2023\\\/06\\\/pepins-de-raisin.jpg\",\"contentUrl\":\"https:\\\/\\\/bien-etreiris.ch\\\/wp-content\\\/uploads\\\/2023\\\/06\\\/pepins-de-raisin.jpg\",\"width\":500,\"height\":333},{\"@type\":\"BreadcrumbList\",\"@id\":\"https:\\\/\\\/bien-etreiris.ch\\\/de\\\/produktpraesentation\\\/entspannen\\\/wohlfuhlkissen\\\/waermekissen\\\/kissen-aus-traubenkernen\\\/#breadcrumb\",\"itemListElement\":[{\"@type\":\"ListItem\",\"position\":1,\"name\":\"Home\",\"item\":\"https:\\\/\\\/bien-etreiris.ch\\\/de\\\/\"},{\"@type\":\"ListItem\",\"position\":2,\"name\":\"PRODUKTPR\u00c4SENTATION\",\"item\":\"https:\\\/\\\/bien-etreiris.ch\\\/de\\\/produktpraesentation\\\/\"},{\"@type\":\"ListItem\",\"position\":3,\"name\":\"ENTSPANNEND\",\"item\":\"https:\\\/\\\/bien-etreiris.ch\\\/de\\\/produktpraesentation\\\/entspannen\\\/\"},{\"@type\":\"ListItem\",\"position\":4,\"name\":\"WOHLF\u00dcHLKISSEN\",\"item\":\"https:\\\/\\\/bien-etreiris.ch\\\/de\\\/produktpraesentation\\\/entspannen\\\/wohlfuhlkissen\\\/\"},{\"@type\":\"ListItem\",\"position\":5,\"name\":\"W\u00c4RMEKISSEN\",\"item\":\"https:\\\/\\\/bien-etreiris.ch\\\/de\\\/produktpraesentation\\\/entspannen\\\/wohlfuhlkissen\\\/waermekissen\\\/\"},{\"@type\":\"ListItem\",\"position\":6,\"name\":\"TRAUBENKERNE\"}]},{\"@type\":\"WebSite\",\"@id\":\"https:\\\/\\\/bien-etreiris.ch\\\/de\\\/#website\",\"url\":\"https:\\\/\\\/bien-etreiris.ch\\\/de\\\/\",\"name\":\"Bien-\u00eatre Iris\",\"description\":\"IHRE Gesundheit ist uns wichtig\",\"potentialAction\":[{\"@type\":\"SearchAction\",\"target\":{\"@type\":\"EntryPoint\",\"urlTemplate\":\"https:\\\/\\\/bien-etreiris.ch\\\/de\\\/?s={search_term_string}\"},\"query-input\":{\"@type\":\"PropertyValueSpecification\",\"valueRequired\":true,\"valueName\":\"search_term_string\"}}],\"inLanguage\":\"de\"}]}<\/script>\n<!-- \/ Yoast SEO plugin. -->","yoast_head_json":{"title":"TRAUBENKERNE - WOHLBEFINDEN","robots":{"index":"index","follow":"follow","max-snippet":"max-snippet:-1","max-image-preview":"max-image-preview:large","max-video-preview":"max-video-preview:-1"},"canonical":"https:\/\/bien-etreiris.ch\/de\/produktpraesentation\/entspannen\/wohlfuhlkissen\/waermekissen\/kissen-aus-traubenkernen\/","og_locale":"de_DE","og_type":"article","og_title":"TRAUBENKERNE - WOHLBEFINDEN","og_description":"Kissen aus Traubenkernen F\u00fcllung: 100% echte Traubenkerne. Kissen: 100% nicht waschbare Baumwolle Kissenbezug: 100% Baumwolle, mit Hotelverschluss. Kissenbezug waschbar bei 40-60\u00b0C. Das ganze Kissen kann im Backofen bis 100\u00b0 erw\u00e4rmt werden. Das ganze Kissen kann in den K\u00fchl- oder Gefrierschrank gelegt werden. &nbsp; Hergestellt in Neyruz &nbsp;&nbsp; &nbsp; Erh\u00e4ltlich in vier Gr\u00f6ssen, im Preis inbegriffen 1 waschbarer Bezug Ihrer Wahl&nbsp;Weiter lesen","og_url":"https:\/\/bien-etreiris.ch\/de\/produktpraesentation\/entspannen\/wohlfuhlkissen\/waermekissen\/kissen-aus-traubenkernen\/","og_site_name":"WOHLBEFINDEN","article_publisher":"https:\/\/www.facebook.com\/bienetreiris\/","article_modified_time":"2023-10-04T08:41:26+00:00","og_image":[{"width":500,"height":333,"url":"https:\/\/bien-etreiris.ch\/wp-content\/uploads\/2023\/06\/pepins-de-raisin.jpg","type":"image\/jpeg"}],"twitter_misc":{"Gesch\u00e4tzte Lesezeit":"3\u00a0Minuten"},"schema":{"@context":"https:\/\/schema.org","@graph":[{"@type":"WebPage","@id":"https:\/\/bien-etreiris.ch\/de\/produktpraesentation\/entspannen\/wohlfuhlkissen\/waermekissen\/kissen-aus-traubenkernen\/","url":"https:\/\/bien-etreiris.ch\/de\/produktpraesentation\/entspannen\/wohlfuhlkissen\/waermekissen\/kissen-aus-traubenkernen\/","name":"TRAUBENKERNE - WOHLBEFINDEN","isPartOf":{"@id":"https:\/\/bien-etreiris.ch\/de\/#website"},"primaryImageOfPage":{"@id":"https:\/\/bien-etreiris.ch\/de\/produktpraesentation\/entspannen\/wohlfuhlkissen\/waermekissen\/kissen-aus-traubenkernen\/#primaryimage"},"image":{"@id":"https:\/\/bien-etreiris.ch\/de\/produktpraesentation\/entspannen\/wohlfuhlkissen\/waermekissen\/kissen-aus-traubenkernen\/#primaryimage"},"thumbnailUrl":"https:\/\/bien-etreiris.ch\/wp-content\/uploads\/2023\/06\/pepins-de-raisin.jpg","datePublished":"2023-06-14T20:11:09+00:00","dateModified":"2023-10-04T08:41:26+00:00","breadcrumb":{"@id":"https:\/\/bien-etreiris.ch\/de\/produktpraesentation\/entspannen\/wohlfuhlkissen\/waermekissen\/kissen-aus-traubenkernen\/#breadcrumb"},"inLanguage":"de","potentialAction":[{"@type":"ReadAction","target":["https:\/\/bien-etreiris.ch\/de\/produktpraesentation\/entspannen\/wohlfuhlkissen\/waermekissen\/kissen-aus-traubenkernen\/"]}]},{"@type":"ImageObject","inLanguage":"de","@id":"https:\/\/bien-etreiris.ch\/de\/produktpraesentation\/entspannen\/wohlfuhlkissen\/waermekissen\/kissen-aus-traubenkernen\/#primaryimage","url":"https:\/\/bien-etreiris.ch\/wp-content\/uploads\/2023\/06\/pepins-de-raisin.jpg","contentUrl":"https:\/\/bien-etreiris.ch\/wp-content\/uploads\/2023\/06\/pepins-de-raisin.jpg","width":500,"height":333},{"@type":"BreadcrumbList","@id":"https:\/\/bien-etreiris.ch\/de\/produktpraesentation\/entspannen\/wohlfuhlkissen\/waermekissen\/kissen-aus-traubenkernen\/#breadcrumb","itemListElement":[{"@type":"ListItem","position":1,"name":"Home","item":"https:\/\/bien-etreiris.ch\/de\/"},{"@type":"ListItem","position":2,"name":"PRODUKTPR\u00c4SENTATION","item":"https:\/\/bien-etreiris.ch\/de\/produktpraesentation\/"},{"@type":"ListItem","position":3,"name":"ENTSPANNEND","item":"https:\/\/bien-etreiris.ch\/de\/produktpraesentation\/entspannen\/"},{"@type":"ListItem","position":4,"name":"WOHLF\u00dcHLKISSEN","item":"https:\/\/bien-etreiris.ch\/de\/produktpraesentation\/entspannen\/wohlfuhlkissen\/"},{"@type":"ListItem","position":5,"name":"W\u00c4RMEKISSEN","item":"https:\/\/bien-etreiris.ch\/de\/produktpraesentation\/entspannen\/wohlfuhlkissen\/waermekissen\/"},{"@type":"ListItem","position":6,"name":"TRAUBENKERNE"}]},{"@type":"WebSite","@id":"https:\/\/bien-etreiris.ch\/de\/#website","url":"https:\/\/bien-etreiris.ch\/de\/","name":"Bien-\u00eatre Iris","description":"IHRE Gesundheit ist uns wichtig","potentialAction":[{"@type":"SearchAction","target":{"@type":"EntryPoint","urlTemplate":"https:\/\/bien-etreiris.ch\/de\/?s={search_term_string}"},"query-input":{"@type":"PropertyValueSpecification","valueRequired":true,"valueName":"search_term_string"}}],"inLanguage":"de"}]}},"_links":{"self":[{"href":"https:\/\/bien-etreiris.ch\/de\/wp-json\/wp\/v2\/pages\/71173","targetHints":{"allow":["GET"]}}],"collection":[{"href":"https:\/\/bien-etreiris.ch\/de\/wp-json\/wp\/v2\/pages"}],"about":[{"href":"https:\/\/bien-etreiris.ch\/de\/wp-json\/wp\/v2\/types\/page"}],"author":[{"embeddable":true,"href":"https:\/\/bien-etreiris.ch\/de\/wp-json\/wp\/v2\/users\/1"}],"replies":[{"embeddable":true,"href":"https:\/\/bien-etreiris.ch\/de\/wp-json\/wp\/v2\/comments?post=71173"}],"version-history":[{"count":5,"href":"https:\/\/bien-etreiris.ch\/de\/wp-json\/wp\/v2\/pages\/71173\/revisions"}],"predecessor-version":[{"id":76218,"href":"https:\/\/bien-etreiris.ch\/de\/wp-json\/wp\/v2\/pages\/71173\/revisions\/76218"}],"up":[{"embeddable":true,"href":"https:\/\/bien-etreiris.ch\/de\/wp-json\/wp\/v2\/pages\/13446"}],"wp:featuredmedia":[{"embeddable":true,"href":"https:\/\/bien-etreiris.ch\/de\/wp-json\/wp\/v2\/media\/71164"}],"wp:attachment":[{"href":"https:\/\/bien-etreiris.ch\/de\/wp-json\/wp\/v2\/media?parent=71173"}],"curies":[{"name":"wp","href":"https:\/\/api.w.org\/{rel}","templated":true}]}}