{"id":71144,"date":"2023-06-14T12:38:45","date_gmt":"2023-06-14T10:38:45","guid":{"rendered":"https:\/\/bien-etreiris.ch\/cerises-ou-pepin\/"},"modified":"2023-10-04T10:44:52","modified_gmt":"2023-10-04T08:44:52","slug":"kirschenkernkissen","status":"publish","type":"page","link":"https:\/\/bien-etreiris.ch\/de\/produktpraesentation\/entspannen\/wohlfuhlkissen\/waermekissen\/kirschenkernkissen\/","title":{"rendered":"KIRSCHENKERNE"},"content":{"rendered":"<h2>Kissen mit Kirschen - Kerne gef\u00fcllt<\/h2>\n<p>&nbsp;<\/p>\n<ul>\n<li>F\u00fcllung: 100% echte Kirschkerne<\/li>\n<li>Kissen: 100% Baumwolle, nicht waschbar<\/li>\n<li>Kissenbezug: 100% Baumwolle, mit Hotelverschluss<\/li>\n<li>Kissenbezug waschbar bei 60<\/li>\n<li>Das ganze Kissen kann im Backofen bis 100\u00b0 erw\u00e4rmt werden<\/li>\n<li>Das ganze Kissen kann in den K\u00fchl- oder Gefrierschrank gelegt werden.<\/li>\n<\/ul>\n<p>&nbsp;<\/p>\n<p>Hergestellt in Neyruz &nbsp; <a href=\"https:\/\/bien-etreiris.ch\/de\/produktpraesentation\/gesundes-leben\/gesunde-lebensmittel\/superfoods\/koernrer-samen\/hanfsamen\/suisse-2-2\/\" rel=\"attachment wp-att-75233\"><img loading=\"lazy\" decoding=\"async\" class=\"alignnone  wp-image-75233\" src=\"https:\/\/bien-etreiris.ch\/wp-content\/uploads\/2023\/09\/suisse.png\" alt=\"\" width=\"46\" height=\"46\"><\/a><a href=\"https:\/\/bien-etreiris.ch\/de\/produktpraesentation\/gesundes-leben\/gesunde-lebensmittel\/superfoods\/koernrer-samen\/hanfsamen\/fribourg-2\/\" rel=\"attachment wp-att-75236\"><img loading=\"lazy\" decoding=\"async\" class=\"alignnone  wp-image-75236\" src=\"https:\/\/bien-etreiris.ch\/wp-content\/uploads\/2023\/09\/fribourg.png\" alt=\"\" width=\"45\" height=\"46\"><\/a><a href=\"https:\/\/bien-etreiris.ch\/de\/produktpraesentation\/entspannen\/wohlfuhlkissen\/waermekissen\/coussins-en-cerises\/neyruz\/\" rel=\"attachment wp-att-76203\"><img loading=\"lazy\" decoding=\"async\" class=\"alignnone  wp-image-76203\" src=\"https:\/\/bien-etreiris.ch\/wp-content\/uploads\/2023\/10\/neyruz.png\" alt=\"\" width=\"45\" height=\"43\"><\/a><\/p>\n<p>&nbsp;<\/p>\n<p>Erh\u00e4ltlich in drei Gr\u00f6ssen, im Preis inbegriffen 1 waschbarer Bezug Ihrer Wahl<\/p>\n<ol>\n<li>12 x 20 cm (250 g) CHF 21.00<\/li>\n<li>20 x 25 cm (500 g) CHF 28.00<\/li>\n<li>30 x 40 cm (2000 g) CHF 43.00<\/li>\n<\/ol>\n<p>&nbsp;<\/p>\n<p>Informationen zu Allergenen: Dieses Produkt enth\u00e4lt keine kennzeichnungspflichtigen allergenen Stoffe.<\/p>\n<p>Zus\u00e4tzliche H\u00fcllen<\/p>\n<ol>\n<li>12 x 20 cm CHF 10.00<\/li>\n<li>20 x 25 cm CHF 14.00<\/li>\n<li>30 x 40 cm CHF 19.00<\/li>\n<\/ol>\n<p>&nbsp;<\/p>\n<h4>Ein altbew\u00e4hrtes und beliebtes Hausmittel<\/h4>\n<p>Kirschenliebhaber sind misstrauisch. Das Kissen, das zu 100 Prozent aus Kirschkernen besteht, ist ein altbew\u00e4hrtes und beliebtes Hausmittel. Es wird als \"trockene\" W\u00e4rmflasche oder als beruhigende kalte Kompresse verwendet. Einfach bei 100 \u00b0C bis zu 10 Minuten im Ofen backen oder im Gefrierfach k\u00fchlen und auflegen.<\/p>\n<h4>Anwendung:<\/h4>\n<p>Verwendung als \"trockene W\u00e4rmflasche\": Im Backofen k\u00f6nnen die vollst\u00e4ndig getrockneten Kirschkerne mit W\u00e4rme aufgeladen werden. Wenn das erw\u00e4rmte Kirschkernkissen auf oder \u00fcber die betroffene K\u00f6rperstelle gelegt wird, geben die Kirschsteine ihre W\u00e4rme gezielt ab. Wenn die W\u00e4rme langsam abnimmt, wird ein wesentlicher Vorteil gegen\u00fcber der mit Wasser gef\u00fcllten W\u00e4rmflasche deutlich: Die Kirschkerne k\u00fchlen nicht so stark ab wie Wasser. Im Backofen (Hei\u00dfluft) etwa 5-10 Minuten auf 100 \u00b0C erhitzen. Bei geringerem W\u00e4rmebedarf kann er auch auf einer Heizung oder einem Kachelofen platziert werden.<\/p>\n<p>&nbsp;<\/p>\n<h4>Als kalte Kompresse verwenden:<\/h4>\n<p>Legen Sie das Kissen in einer Plastikt\u00fcte in den K\u00fchl- oder Gefrierschrank, die Kirschkerne k\u00f6nnen entsprechend gek\u00fchlt werden.<\/p>\n<p>Legen Sie das gek\u00fchlte Kissen direkt auf die betroffenen K\u00f6rperstellen. Die Kirschkerne geben die angestrebte K\u00e4lte ab.<\/p>\n<p>&nbsp;<\/p>\n<h4>Warum sollte man Kirschkernkissen nicht waschen?<\/h4>\n<p>Wenn das Kissen an der Trommel h\u00e4ngen bleibt, k\u00f6nnten die Kirschkerne herausfallen und die Waschmaschine zerst\u00f6ren.<\/p>\n<p>&nbsp;<\/p>\n<h4>Warum darf ein Kirschkernkissen nicht in die Mikrowelle?<\/h4>\n<p>Wenn Kirschkernkissen auf voller Leistung erhitzt werden, kann Harz austreten und sich schnell entz\u00fcnden. Das Kissen kann zu brennen beginnen und je nachdem, wo es platziert wird, kann auch die Umgebung wie die Mikrowelle oder das Bett in Brand geraten.<\/p>\n<p>&nbsp;<\/p>\n","protected":false},"excerpt":{"rendered":"<p>Kissen mit Kirschen - Kerne gef\u00fcllt &nbsp; F\u00fcllung: 100% echte Kirschkerne Kissen: 100% Baumwolle, nicht waschbar Kissenbezug: 100% Baumwolle, mit Hotelverschluss Kissenbezug waschbar bei 60 Das ganze Kissen kann im Backofen bis 100\u00b0 erw\u00e4rmt werden Das ganze Kissen kann in den K\u00fchl- oder Gefrierschrank gelegt werden. &nbsp; Hergestellt in Neyruz &nbsp; &nbsp; Erh\u00e4ltlich in drei Gr\u00f6ssen, im Preis inbegriffen 1&nbsp;<a href=\"https:\/\/bien-etreiris.ch\/de\/produktpraesentation\/entspannen\/wohlfuhlkissen\/waermekissen\/kirschenkernkissen\/\" class=\"read-more\">Weiter lesen<\/a><\/p>\n","protected":false},"author":1,"featured_media":71139,"parent":13446,"menu_order":3451,"comment_status":"closed","ping_status":"closed","template":"page-with-child.php","meta":{"_acf_changed":false,"ngg_post_thumbnail":0,"footnotes":""},"class_list":["post-71144","page","type-page","status-publish","has-post-thumbnail","hentry"],"acf":[],"yoast_head":"<!-- This site is optimized with the Yoast SEO plugin v27.5 - https:\/\/yoast.com\/product\/yoast-seo-wordpress\/ -->\n<title>KIRSCHENKERNE - WOHLBEFINDEN<\/title>\n<meta name=\"robots\" content=\"index, follow, max-snippet:-1, max-image-preview:large, max-video-preview:-1\" \/>\n<link rel=\"canonical\" href=\"https:\/\/bien-etreiris.ch\/de\/produktpraesentation\/entspannen\/wohlfuhlkissen\/waermekissen\/kirschenkernkissen\/\" \/>\n<meta property=\"og:locale\" content=\"de_DE\" \/>\n<meta property=\"og:type\" content=\"article\" \/>\n<meta property=\"og:title\" content=\"KIRSCHENKERNE - WOHLBEFINDEN\" \/>\n<meta property=\"og:description\" content=\"Kissen mit Kirschen - Kerne gef\u00fcllt &nbsp; F\u00fcllung: 100% echte Kirschkerne Kissen: 100% Baumwolle, nicht waschbar Kissenbezug: 100% Baumwolle, mit Hotelverschluss Kissenbezug waschbar bei 60 Das ganze Kissen kann im Backofen bis 100\u00b0 erw\u00e4rmt werden Das ganze Kissen kann in den K\u00fchl- oder Gefrierschrank gelegt werden. &nbsp; Hergestellt in Neyruz &nbsp; &nbsp; Erh\u00e4ltlich in drei Gr\u00f6ssen, im Preis inbegriffen 1&nbsp;Weiter lesen\" \/>\n<meta property=\"og:url\" content=\"https:\/\/bien-etreiris.ch\/de\/produktpraesentation\/entspannen\/wohlfuhlkissen\/waermekissen\/kirschenkernkissen\/\" \/>\n<meta property=\"og:site_name\" content=\"WOHLBEFINDEN\" \/>\n<meta property=\"article:publisher\" content=\"https:\/\/www.facebook.com\/bienetreiris\/\" \/>\n<meta property=\"article:modified_time\" content=\"2023-10-04T08:44:52+00:00\" \/>\n<meta property=\"og:image\" content=\"https:\/\/bien-etreiris.ch\/wp-content\/uploads\/2023\/06\/Cerises.jpg\" \/>\n\t<meta property=\"og:image:width\" content=\"500\" \/>\n\t<meta property=\"og:image:height\" content=\"333\" \/>\n\t<meta property=\"og:image:type\" content=\"image\/jpeg\" \/>\n<meta name=\"twitter:label1\" content=\"Gesch\u00e4tzte Lesezeit\" \/>\n\t<meta name=\"twitter:data1\" content=\"3\u00a0Minuten\" \/>\n<script type=\"application\/ld+json\" class=\"yoast-schema-graph\">{\"@context\":\"https:\\\/\\\/schema.org\",\"@graph\":[{\"@type\":\"WebPage\",\"@id\":\"https:\\\/\\\/bien-etreiris.ch\\\/de\\\/produktpraesentation\\\/entspannen\\\/wohlfuhlkissen\\\/waermekissen\\\/kirschenkernkissen\\\/\",\"url\":\"https:\\\/\\\/bien-etreiris.ch\\\/de\\\/produktpraesentation\\\/entspannen\\\/wohlfuhlkissen\\\/waermekissen\\\/kirschenkernkissen\\\/\",\"name\":\"KIRSCHENKERNE - WOHLBEFINDEN\",\"isPartOf\":{\"@id\":\"https:\\\/\\\/bien-etreiris.ch\\\/de\\\/#website\"},\"primaryImageOfPage\":{\"@id\":\"https:\\\/\\\/bien-etreiris.ch\\\/de\\\/produktpraesentation\\\/entspannen\\\/wohlfuhlkissen\\\/waermekissen\\\/kirschenkernkissen\\\/#primaryimage\"},\"image\":{\"@id\":\"https:\\\/\\\/bien-etreiris.ch\\\/de\\\/produktpraesentation\\\/entspannen\\\/wohlfuhlkissen\\\/waermekissen\\\/kirschenkernkissen\\\/#primaryimage\"},\"thumbnailUrl\":\"https:\\\/\\\/bien-etreiris.ch\\\/wp-content\\\/uploads\\\/2023\\\/06\\\/Cerises.jpg\",\"datePublished\":\"2023-06-14T10:38:45+00:00\",\"dateModified\":\"2023-10-04T08:44:52+00:00\",\"breadcrumb\":{\"@id\":\"https:\\\/\\\/bien-etreiris.ch\\\/de\\\/produktpraesentation\\\/entspannen\\\/wohlfuhlkissen\\\/waermekissen\\\/kirschenkernkissen\\\/#breadcrumb\"},\"inLanguage\":\"de\",\"potentialAction\":[{\"@type\":\"ReadAction\",\"target\":[\"https:\\\/\\\/bien-etreiris.ch\\\/de\\\/produktpraesentation\\\/entspannen\\\/wohlfuhlkissen\\\/waermekissen\\\/kirschenkernkissen\\\/\"]}]},{\"@type\":\"ImageObject\",\"inLanguage\":\"de\",\"@id\":\"https:\\\/\\\/bien-etreiris.ch\\\/de\\\/produktpraesentation\\\/entspannen\\\/wohlfuhlkissen\\\/waermekissen\\\/kirschenkernkissen\\\/#primaryimage\",\"url\":\"https:\\\/\\\/bien-etreiris.ch\\\/wp-content\\\/uploads\\\/2023\\\/06\\\/Cerises.jpg\",\"contentUrl\":\"https:\\\/\\\/bien-etreiris.ch\\\/wp-content\\\/uploads\\\/2023\\\/06\\\/Cerises.jpg\",\"width\":500,\"height\":333},{\"@type\":\"BreadcrumbList\",\"@id\":\"https:\\\/\\\/bien-etreiris.ch\\\/de\\\/produktpraesentation\\\/entspannen\\\/wohlfuhlkissen\\\/waermekissen\\\/kirschenkernkissen\\\/#breadcrumb\",\"itemListElement\":[{\"@type\":\"ListItem\",\"position\":1,\"name\":\"Home\",\"item\":\"https:\\\/\\\/bien-etreiris.ch\\\/de\\\/\"},{\"@type\":\"ListItem\",\"position\":2,\"name\":\"PRODUKTPR\u00c4SENTATION\",\"item\":\"https:\\\/\\\/bien-etreiris.ch\\\/de\\\/produktpraesentation\\\/\"},{\"@type\":\"ListItem\",\"position\":3,\"name\":\"ENTSPANNEND\",\"item\":\"https:\\\/\\\/bien-etreiris.ch\\\/de\\\/produktpraesentation\\\/entspannen\\\/\"},{\"@type\":\"ListItem\",\"position\":4,\"name\":\"WOHLF\u00dcHLKISSEN\",\"item\":\"https:\\\/\\\/bien-etreiris.ch\\\/de\\\/produktpraesentation\\\/entspannen\\\/wohlfuhlkissen\\\/\"},{\"@type\":\"ListItem\",\"position\":5,\"name\":\"W\u00c4RMEKISSEN\",\"item\":\"https:\\\/\\\/bien-etreiris.ch\\\/de\\\/produktpraesentation\\\/entspannen\\\/wohlfuhlkissen\\\/waermekissen\\\/\"},{\"@type\":\"ListItem\",\"position\":6,\"name\":\"KIRSCHENKERNE\"}]},{\"@type\":\"WebSite\",\"@id\":\"https:\\\/\\\/bien-etreiris.ch\\\/de\\\/#website\",\"url\":\"https:\\\/\\\/bien-etreiris.ch\\\/de\\\/\",\"name\":\"Bien-\u00eatre Iris\",\"description\":\"IHRE Gesundheit ist uns wichtig\",\"potentialAction\":[{\"@type\":\"SearchAction\",\"target\":{\"@type\":\"EntryPoint\",\"urlTemplate\":\"https:\\\/\\\/bien-etreiris.ch\\\/de\\\/?s={search_term_string}\"},\"query-input\":{\"@type\":\"PropertyValueSpecification\",\"valueRequired\":true,\"valueName\":\"search_term_string\"}}],\"inLanguage\":\"de\"}]}<\/script>\n<!-- \/ Yoast SEO plugin. -->","yoast_head_json":{"title":"KIRSCHENKERNE - WOHLBEFINDEN","robots":{"index":"index","follow":"follow","max-snippet":"max-snippet:-1","max-image-preview":"max-image-preview:large","max-video-preview":"max-video-preview:-1"},"canonical":"https:\/\/bien-etreiris.ch\/de\/produktpraesentation\/entspannen\/wohlfuhlkissen\/waermekissen\/kirschenkernkissen\/","og_locale":"de_DE","og_type":"article","og_title":"KIRSCHENKERNE - WOHLBEFINDEN","og_description":"Kissen mit Kirschen - Kerne gef\u00fcllt &nbsp; F\u00fcllung: 100% echte Kirschkerne Kissen: 100% Baumwolle, nicht waschbar Kissenbezug: 100% Baumwolle, mit Hotelverschluss Kissenbezug waschbar bei 60 Das ganze Kissen kann im Backofen bis 100\u00b0 erw\u00e4rmt werden Das ganze Kissen kann in den K\u00fchl- oder Gefrierschrank gelegt werden. &nbsp; Hergestellt in Neyruz &nbsp; &nbsp; Erh\u00e4ltlich in drei Gr\u00f6ssen, im Preis inbegriffen 1&nbsp;Weiter lesen","og_url":"https:\/\/bien-etreiris.ch\/de\/produktpraesentation\/entspannen\/wohlfuhlkissen\/waermekissen\/kirschenkernkissen\/","og_site_name":"WOHLBEFINDEN","article_publisher":"https:\/\/www.facebook.com\/bienetreiris\/","article_modified_time":"2023-10-04T08:44:52+00:00","og_image":[{"width":500,"height":333,"url":"https:\/\/bien-etreiris.ch\/wp-content\/uploads\/2023\/06\/Cerises.jpg","type":"image\/jpeg"}],"twitter_misc":{"Gesch\u00e4tzte Lesezeit":"3\u00a0Minuten"},"schema":{"@context":"https:\/\/schema.org","@graph":[{"@type":"WebPage","@id":"https:\/\/bien-etreiris.ch\/de\/produktpraesentation\/entspannen\/wohlfuhlkissen\/waermekissen\/kirschenkernkissen\/","url":"https:\/\/bien-etreiris.ch\/de\/produktpraesentation\/entspannen\/wohlfuhlkissen\/waermekissen\/kirschenkernkissen\/","name":"KIRSCHENKERNE - WOHLBEFINDEN","isPartOf":{"@id":"https:\/\/bien-etreiris.ch\/de\/#website"},"primaryImageOfPage":{"@id":"https:\/\/bien-etreiris.ch\/de\/produktpraesentation\/entspannen\/wohlfuhlkissen\/waermekissen\/kirschenkernkissen\/#primaryimage"},"image":{"@id":"https:\/\/bien-etreiris.ch\/de\/produktpraesentation\/entspannen\/wohlfuhlkissen\/waermekissen\/kirschenkernkissen\/#primaryimage"},"thumbnailUrl":"https:\/\/bien-etreiris.ch\/wp-content\/uploads\/2023\/06\/Cerises.jpg","datePublished":"2023-06-14T10:38:45+00:00","dateModified":"2023-10-04T08:44:52+00:00","breadcrumb":{"@id":"https:\/\/bien-etreiris.ch\/de\/produktpraesentation\/entspannen\/wohlfuhlkissen\/waermekissen\/kirschenkernkissen\/#breadcrumb"},"inLanguage":"de","potentialAction":[{"@type":"ReadAction","target":["https:\/\/bien-etreiris.ch\/de\/produktpraesentation\/entspannen\/wohlfuhlkissen\/waermekissen\/kirschenkernkissen\/"]}]},{"@type":"ImageObject","inLanguage":"de","@id":"https:\/\/bien-etreiris.ch\/de\/produktpraesentation\/entspannen\/wohlfuhlkissen\/waermekissen\/kirschenkernkissen\/#primaryimage","url":"https:\/\/bien-etreiris.ch\/wp-content\/uploads\/2023\/06\/Cerises.jpg","contentUrl":"https:\/\/bien-etreiris.ch\/wp-content\/uploads\/2023\/06\/Cerises.jpg","width":500,"height":333},{"@type":"BreadcrumbList","@id":"https:\/\/bien-etreiris.ch\/de\/produktpraesentation\/entspannen\/wohlfuhlkissen\/waermekissen\/kirschenkernkissen\/#breadcrumb","itemListElement":[{"@type":"ListItem","position":1,"name":"Home","item":"https:\/\/bien-etreiris.ch\/de\/"},{"@type":"ListItem","position":2,"name":"PRODUKTPR\u00c4SENTATION","item":"https:\/\/bien-etreiris.ch\/de\/produktpraesentation\/"},{"@type":"ListItem","position":3,"name":"ENTSPANNEND","item":"https:\/\/bien-etreiris.ch\/de\/produktpraesentation\/entspannen\/"},{"@type":"ListItem","position":4,"name":"WOHLF\u00dcHLKISSEN","item":"https:\/\/bien-etreiris.ch\/de\/produktpraesentation\/entspannen\/wohlfuhlkissen\/"},{"@type":"ListItem","position":5,"name":"W\u00c4RMEKISSEN","item":"https:\/\/bien-etreiris.ch\/de\/produktpraesentation\/entspannen\/wohlfuhlkissen\/waermekissen\/"},{"@type":"ListItem","position":6,"name":"KIRSCHENKERNE"}]},{"@type":"WebSite","@id":"https:\/\/bien-etreiris.ch\/de\/#website","url":"https:\/\/bien-etreiris.ch\/de\/","name":"Bien-\u00eatre Iris","description":"IHRE Gesundheit ist uns wichtig","potentialAction":[{"@type":"SearchAction","target":{"@type":"EntryPoint","urlTemplate":"https:\/\/bien-etreiris.ch\/de\/?s={search_term_string}"},"query-input":{"@type":"PropertyValueSpecification","valueRequired":true,"valueName":"search_term_string"}}],"inLanguage":"de"}]}},"_links":{"self":[{"href":"https:\/\/bien-etreiris.ch\/de\/wp-json\/wp\/v2\/pages\/71144","targetHints":{"allow":["GET"]}}],"collection":[{"href":"https:\/\/bien-etreiris.ch\/de\/wp-json\/wp\/v2\/pages"}],"about":[{"href":"https:\/\/bien-etreiris.ch\/de\/wp-json\/wp\/v2\/types\/page"}],"author":[{"embeddable":true,"href":"https:\/\/bien-etreiris.ch\/de\/wp-json\/wp\/v2\/users\/1"}],"replies":[{"embeddable":true,"href":"https:\/\/bien-etreiris.ch\/de\/wp-json\/wp\/v2\/comments?post=71144"}],"version-history":[{"count":8,"href":"https:\/\/bien-etreiris.ch\/de\/wp-json\/wp\/v2\/pages\/71144\/revisions"}],"predecessor-version":[{"id":76219,"href":"https:\/\/bien-etreiris.ch\/de\/wp-json\/wp\/v2\/pages\/71144\/revisions\/76219"}],"up":[{"embeddable":true,"href":"https:\/\/bien-etreiris.ch\/de\/wp-json\/wp\/v2\/pages\/13446"}],"wp:featuredmedia":[{"embeddable":true,"href":"https:\/\/bien-etreiris.ch\/de\/wp-json\/wp\/v2\/media\/71139"}],"wp:attachment":[{"href":"https:\/\/bien-etreiris.ch\/de\/wp-json\/wp\/v2\/media?parent=71144"}],"curies":[{"name":"wp","href":"https:\/\/api.w.org\/{rel}","templated":true}]}}