{"id":71128,"date":"2023-06-14T12:17:45","date_gmt":"2023-06-14T10:17:45","guid":{"rendered":"https:\/\/bien-etreiris.ch\/produktpraesentation\/entspannen\/wohlfuhlkissen\/waermekissen\/chaleur-de-leschi\/"},"modified":"2023-10-04T10:31:12","modified_gmt":"2023-10-04T08:31:12","slug":"chaleur-de-leschi","status":"publish","type":"page","link":"https:\/\/bien-etreiris.ch\/de\/produktpraesentation\/entspannen\/wohlfuhlkissen\/waermekissen\/chaleur-de-leschi\/","title":{"rendered":"VON LESCHI"},"content":{"rendered":"<h2><strong>Die W\u00e4rmekissen von Leschi:<\/strong><\/h2>\n<p>&nbsp;<\/p>\n<p><a href=\"https:\/\/decoiris.ch\/wp-content\/uploads\/2017\/11\/Acceuil-4.jpg\"><img loading=\"lazy\" decoding=\"async\" class=\"alignnone size-medium wp-image-6176\" src=\"https:\/\/decoiris.ch\/wp-content\/uploads\/2017\/11\/Acceuil-4-300x245.jpg\" alt=\"\" width=\"300\" height=\"245\"><\/a>Kuschelige Gef\u00e4hrten f\u00fcr die kalte Jahreszeit<\/p>\n<div>Trendiges Design oder schlichte Optik?<br \/>\nPraktisches W\u00e4rmekissen in Katzen- oder Herzform?<br \/>\nBei dieser Auswahl wird auch Ihnen warm ums Herz!<\/div>\n<h2>&nbsp;<\/h2>\n<div>Aus flauschigem Fleece gefertigt und mit wohltuendem Weizen gef\u00fcllt funktionieren sie ganz einfach: Kurz in die Mikrowelle oder den Backofen gelegt, spenden sie rund 45 Minuten lang eine nat\u00fcrliche W\u00e4rme. Perfekt zur Entspannung an kalten Winterabenden.<\/div>\n<h2>&nbsp;<\/h2>\n<p><a href=\"https:\/\/decoiris.ch\/wp-content\/uploads\/2017\/11\/coussin-interieur.jpg\"><img loading=\"lazy\" decoding=\"async\" class=\"alignnone size-medium wp-image-6179\" src=\"https:\/\/decoiris.ch\/wp-content\/uploads\/2017\/11\/coussin-interieur-300x138.jpg\" alt=\"\" width=\"300\" height=\"138\"><\/a><a href=\"https:\/\/decoiris.ch\/wp-content\/uploads\/2017\/11\/Panda-midnight.jpg\"><img loading=\"lazy\" decoding=\"async\" class=\"alignnone size-medium wp-image-6183\" src=\"https:\/\/decoiris.ch\/wp-content\/uploads\/2017\/11\/Panda-midnight-286x300.jpg\" alt=\"\" width=\"286\" height=\"300\"><\/a><a href=\"https:\/\/bien-etreiris.ch\/wp-content\/uploads\/2022\/03\/renard-brun.jpg\"><img loading=\"lazy\" decoding=\"async\" class=\"alignnone  wp-image-55383\" src=\"https:\/\/bien-etreiris.ch\/wp-content\/uploads\/2022\/03\/renard-brun-274x300.jpg\" alt=\"\" width=\"233\" height=\"255\" srcset=\"https:\/\/bien-etreiris.ch\/wp-content\/uploads\/2022\/03\/renard-brun-274x300.jpg 274w, https:\/\/bien-etreiris.ch\/wp-content\/uploads\/2022\/03\/renard-brun.jpg 640w\" sizes=\"auto, (max-width: 233px) 100vw, 233px\" \/><\/a><a href=\"https:\/\/bien-etreiris.ch\/wp-content\/uploads\/2022\/03\/renard-rouge.jpg\"><img loading=\"lazy\" decoding=\"async\" class=\"alignnone size-thumbnail wp-image-55396\" src=\"https:\/\/bien-etreiris.ch\/wp-content\/uploads\/2022\/03\/renard-rouge-150x150.jpg\" alt=\"\" width=\"150\" height=\"150\"><\/a><a href=\"https:\/\/bien-etreiris.ch\/wp-content\/uploads\/2022\/03\/renard-sable.jpg\"><img loading=\"lazy\" decoding=\"async\" class=\"alignnone  wp-image-55401\" src=\"https:\/\/bien-etreiris.ch\/wp-content\/uploads\/2022\/03\/renard-sable-150x150.jpg\" alt=\"\" width=\"89\" height=\"89\"><\/a><\/p>\n<p>&nbsp;<\/p>\n<p>&nbsp;<\/p>\n<div>\n<div>H\u00fclle waschbar. Inlett in Mikro-welle oder Ofen aufw\u00e4rmbar.<\/div>\n<\/div>\n<div>&nbsp;<\/div>\n<ul>\n<li>W\u00e4rmekissen Panda Bao<\/li>\n<li>W\u00e4rmekissen f\u00fcr den Bauch<\/li>\n<li>W\u00e4rmt 45 Minuten lang<\/li>\n<li>In Mikrowelle oder Ofen aufw\u00e4rmbar<\/li>\n<li>H\u00fclle 100 % Polyesterfleece, bei 30\u00b0 waschbar<\/li>\n<li>F\u00fcllung Inlett mit 100 % Bioweizen<\/li>\n<li>Ca. 25 x 25 cm, ca. 620 g<\/li>\n<\/ul>\n<p>&nbsp;<\/p>\n<p>1 St\u00fcck&nbsp;<strong> CHF 25.00<\/strong><\/p>\n<p>&nbsp;<\/p>\n<p>&nbsp;<\/p>\n<p>&nbsp;<\/p>\n","protected":false},"excerpt":{"rendered":"<p>Die W\u00e4rmekissen von Leschi: &nbsp; Kuschelige Gef\u00e4hrten f\u00fcr die kalte Jahreszeit Trendiges Design oder schlichte Optik? Praktisches W\u00e4rmekissen in Katzen- oder Herzform? Bei dieser Auswahl wird auch Ihnen warm ums Herz! &nbsp; Aus flauschigem Fleece gefertigt und mit wohltuendem Weizen gef\u00fcllt funktionieren sie ganz einfach: Kurz in die Mikrowelle oder den Backofen gelegt, spenden sie rund 45 Minuten lang eine&nbsp;<a href=\"https:\/\/bien-etreiris.ch\/de\/produktpraesentation\/entspannen\/wohlfuhlkissen\/waermekissen\/chaleur-de-leschi\/\" class=\"read-more\">Weiter lesen<\/a><\/p>\n","protected":false},"author":1,"featured_media":71125,"parent":13446,"menu_order":3448,"comment_status":"closed","ping_status":"closed","template":"page-with-child.php","meta":{"_acf_changed":false,"ngg_post_thumbnail":0,"footnotes":""},"class_list":["post-71128","page","type-page","status-publish","has-post-thumbnail","hentry"],"acf":[],"yoast_head":"<!-- This site is optimized with the Yoast SEO plugin v27.5 - https:\/\/yoast.com\/product\/yoast-seo-wordpress\/ -->\n<title>VON LESCHI - WOHLBEFINDEN<\/title>\n<meta name=\"robots\" content=\"index, follow, max-snippet:-1, max-image-preview:large, max-video-preview:-1\" \/>\n<link rel=\"canonical\" href=\"https:\/\/bien-etreiris.ch\/de\/produktpraesentation\/entspannen\/wohlfuhlkissen\/waermekissen\/chaleur-de-leschi\/\" \/>\n<meta property=\"og:locale\" content=\"de_DE\" \/>\n<meta property=\"og:type\" content=\"article\" \/>\n<meta property=\"og:title\" content=\"VON LESCHI - WOHLBEFINDEN\" \/>\n<meta property=\"og:description\" content=\"Die W\u00e4rmekissen von Leschi: &nbsp; Kuschelige Gef\u00e4hrten f\u00fcr die kalte Jahreszeit Trendiges Design oder schlichte Optik? Praktisches W\u00e4rmekissen in Katzen- oder Herzform? Bei dieser Auswahl wird auch Ihnen warm ums Herz! &nbsp; Aus flauschigem Fleece gefertigt und mit wohltuendem Weizen gef\u00fcllt funktionieren sie ganz einfach: Kurz in die Mikrowelle oder den Backofen gelegt, spenden sie rund 45 Minuten lang eine&nbsp;Weiter lesen\" \/>\n<meta property=\"og:url\" content=\"https:\/\/bien-etreiris.ch\/de\/produktpraesentation\/entspannen\/wohlfuhlkissen\/waermekissen\/chaleur-de-leschi\/\" \/>\n<meta property=\"og:site_name\" content=\"WOHLBEFINDEN\" \/>\n<meta property=\"article:publisher\" content=\"https:\/\/www.facebook.com\/bienetreiris\/\" \/>\n<meta property=\"article:modified_time\" content=\"2023-10-04T08:31:12+00:00\" \/>\n<meta property=\"og:image\" content=\"https:\/\/bien-etreiris.ch\/wp-content\/uploads\/2023\/06\/leschi.jpg\" \/>\n\t<meta property=\"og:image:width\" content=\"550\" \/>\n\t<meta property=\"og:image:height\" content=\"355\" \/>\n\t<meta property=\"og:image:type\" content=\"image\/jpeg\" \/>\n<meta name=\"twitter:label1\" content=\"Gesch\u00e4tzte Lesezeit\" \/>\n\t<meta name=\"twitter:data1\" content=\"2\u00a0Minuten\" \/>\n<script type=\"application\/ld+json\" class=\"yoast-schema-graph\">{\"@context\":\"https:\\\/\\\/schema.org\",\"@graph\":[{\"@type\":\"WebPage\",\"@id\":\"https:\\\/\\\/bien-etreiris.ch\\\/de\\\/produktpraesentation\\\/entspannen\\\/wohlfuhlkissen\\\/waermekissen\\\/chaleur-de-leschi\\\/\",\"url\":\"https:\\\/\\\/bien-etreiris.ch\\\/de\\\/produktpraesentation\\\/entspannen\\\/wohlfuhlkissen\\\/waermekissen\\\/chaleur-de-leschi\\\/\",\"name\":\"VON LESCHI - WOHLBEFINDEN\",\"isPartOf\":{\"@id\":\"https:\\\/\\\/bien-etreiris.ch\\\/de\\\/#website\"},\"primaryImageOfPage\":{\"@id\":\"https:\\\/\\\/bien-etreiris.ch\\\/de\\\/produktpraesentation\\\/entspannen\\\/wohlfuhlkissen\\\/waermekissen\\\/chaleur-de-leschi\\\/#primaryimage\"},\"image\":{\"@id\":\"https:\\\/\\\/bien-etreiris.ch\\\/de\\\/produktpraesentation\\\/entspannen\\\/wohlfuhlkissen\\\/waermekissen\\\/chaleur-de-leschi\\\/#primaryimage\"},\"thumbnailUrl\":\"https:\\\/\\\/bien-etreiris.ch\\\/wp-content\\\/uploads\\\/2023\\\/06\\\/leschi.jpg\",\"datePublished\":\"2023-06-14T10:17:45+00:00\",\"dateModified\":\"2023-10-04T08:31:12+00:00\",\"breadcrumb\":{\"@id\":\"https:\\\/\\\/bien-etreiris.ch\\\/de\\\/produktpraesentation\\\/entspannen\\\/wohlfuhlkissen\\\/waermekissen\\\/chaleur-de-leschi\\\/#breadcrumb\"},\"inLanguage\":\"de\",\"potentialAction\":[{\"@type\":\"ReadAction\",\"target\":[\"https:\\\/\\\/bien-etreiris.ch\\\/de\\\/produktpraesentation\\\/entspannen\\\/wohlfuhlkissen\\\/waermekissen\\\/chaleur-de-leschi\\\/\"]}]},{\"@type\":\"ImageObject\",\"inLanguage\":\"de\",\"@id\":\"https:\\\/\\\/bien-etreiris.ch\\\/de\\\/produktpraesentation\\\/entspannen\\\/wohlfuhlkissen\\\/waermekissen\\\/chaleur-de-leschi\\\/#primaryimage\",\"url\":\"https:\\\/\\\/bien-etreiris.ch\\\/wp-content\\\/uploads\\\/2023\\\/06\\\/leschi.jpg\",\"contentUrl\":\"https:\\\/\\\/bien-etreiris.ch\\\/wp-content\\\/uploads\\\/2023\\\/06\\\/leschi.jpg\",\"width\":550,\"height\":355},{\"@type\":\"BreadcrumbList\",\"@id\":\"https:\\\/\\\/bien-etreiris.ch\\\/de\\\/produktpraesentation\\\/entspannen\\\/wohlfuhlkissen\\\/waermekissen\\\/chaleur-de-leschi\\\/#breadcrumb\",\"itemListElement\":[{\"@type\":\"ListItem\",\"position\":1,\"name\":\"Home\",\"item\":\"https:\\\/\\\/bien-etreiris.ch\\\/de\\\/\"},{\"@type\":\"ListItem\",\"position\":2,\"name\":\"PRODUKTPR\u00c4SENTATION\",\"item\":\"https:\\\/\\\/bien-etreiris.ch\\\/de\\\/produktpraesentation\\\/\"},{\"@type\":\"ListItem\",\"position\":3,\"name\":\"ENTSPANNEND\",\"item\":\"https:\\\/\\\/bien-etreiris.ch\\\/de\\\/produktpraesentation\\\/entspannen\\\/\"},{\"@type\":\"ListItem\",\"position\":4,\"name\":\"WOHLF\u00dcHLKISSEN\",\"item\":\"https:\\\/\\\/bien-etreiris.ch\\\/de\\\/produktpraesentation\\\/entspannen\\\/wohlfuhlkissen\\\/\"},{\"@type\":\"ListItem\",\"position\":5,\"name\":\"W\u00c4RMEKISSEN\",\"item\":\"https:\\\/\\\/bien-etreiris.ch\\\/de\\\/produktpraesentation\\\/entspannen\\\/wohlfuhlkissen\\\/waermekissen\\\/\"},{\"@type\":\"ListItem\",\"position\":6,\"name\":\"VON LESCHI\"}]},{\"@type\":\"WebSite\",\"@id\":\"https:\\\/\\\/bien-etreiris.ch\\\/de\\\/#website\",\"url\":\"https:\\\/\\\/bien-etreiris.ch\\\/de\\\/\",\"name\":\"Bien-\u00eatre Iris\",\"description\":\"IHRE Gesundheit ist uns wichtig\",\"potentialAction\":[{\"@type\":\"SearchAction\",\"target\":{\"@type\":\"EntryPoint\",\"urlTemplate\":\"https:\\\/\\\/bien-etreiris.ch\\\/de\\\/?s={search_term_string}\"},\"query-input\":{\"@type\":\"PropertyValueSpecification\",\"valueRequired\":true,\"valueName\":\"search_term_string\"}}],\"inLanguage\":\"de\"}]}<\/script>\n<!-- \/ Yoast SEO plugin. -->","yoast_head_json":{"title":"VON LESCHI - WOHLBEFINDEN","robots":{"index":"index","follow":"follow","max-snippet":"max-snippet:-1","max-image-preview":"max-image-preview:large","max-video-preview":"max-video-preview:-1"},"canonical":"https:\/\/bien-etreiris.ch\/de\/produktpraesentation\/entspannen\/wohlfuhlkissen\/waermekissen\/chaleur-de-leschi\/","og_locale":"de_DE","og_type":"article","og_title":"VON LESCHI - WOHLBEFINDEN","og_description":"Die W\u00e4rmekissen von Leschi: &nbsp; Kuschelige Gef\u00e4hrten f\u00fcr die kalte Jahreszeit Trendiges Design oder schlichte Optik? Praktisches W\u00e4rmekissen in Katzen- oder Herzform? Bei dieser Auswahl wird auch Ihnen warm ums Herz! &nbsp; Aus flauschigem Fleece gefertigt und mit wohltuendem Weizen gef\u00fcllt funktionieren sie ganz einfach: Kurz in die Mikrowelle oder den Backofen gelegt, spenden sie rund 45 Minuten lang eine&nbsp;Weiter lesen","og_url":"https:\/\/bien-etreiris.ch\/de\/produktpraesentation\/entspannen\/wohlfuhlkissen\/waermekissen\/chaleur-de-leschi\/","og_site_name":"WOHLBEFINDEN","article_publisher":"https:\/\/www.facebook.com\/bienetreiris\/","article_modified_time":"2023-10-04T08:31:12+00:00","og_image":[{"width":550,"height":355,"url":"https:\/\/bien-etreiris.ch\/wp-content\/uploads\/2023\/06\/leschi.jpg","type":"image\/jpeg"}],"twitter_misc":{"Gesch\u00e4tzte Lesezeit":"2\u00a0Minuten"},"schema":{"@context":"https:\/\/schema.org","@graph":[{"@type":"WebPage","@id":"https:\/\/bien-etreiris.ch\/de\/produktpraesentation\/entspannen\/wohlfuhlkissen\/waermekissen\/chaleur-de-leschi\/","url":"https:\/\/bien-etreiris.ch\/de\/produktpraesentation\/entspannen\/wohlfuhlkissen\/waermekissen\/chaleur-de-leschi\/","name":"VON LESCHI - WOHLBEFINDEN","isPartOf":{"@id":"https:\/\/bien-etreiris.ch\/de\/#website"},"primaryImageOfPage":{"@id":"https:\/\/bien-etreiris.ch\/de\/produktpraesentation\/entspannen\/wohlfuhlkissen\/waermekissen\/chaleur-de-leschi\/#primaryimage"},"image":{"@id":"https:\/\/bien-etreiris.ch\/de\/produktpraesentation\/entspannen\/wohlfuhlkissen\/waermekissen\/chaleur-de-leschi\/#primaryimage"},"thumbnailUrl":"https:\/\/bien-etreiris.ch\/wp-content\/uploads\/2023\/06\/leschi.jpg","datePublished":"2023-06-14T10:17:45+00:00","dateModified":"2023-10-04T08:31:12+00:00","breadcrumb":{"@id":"https:\/\/bien-etreiris.ch\/de\/produktpraesentation\/entspannen\/wohlfuhlkissen\/waermekissen\/chaleur-de-leschi\/#breadcrumb"},"inLanguage":"de","potentialAction":[{"@type":"ReadAction","target":["https:\/\/bien-etreiris.ch\/de\/produktpraesentation\/entspannen\/wohlfuhlkissen\/waermekissen\/chaleur-de-leschi\/"]}]},{"@type":"ImageObject","inLanguage":"de","@id":"https:\/\/bien-etreiris.ch\/de\/produktpraesentation\/entspannen\/wohlfuhlkissen\/waermekissen\/chaleur-de-leschi\/#primaryimage","url":"https:\/\/bien-etreiris.ch\/wp-content\/uploads\/2023\/06\/leschi.jpg","contentUrl":"https:\/\/bien-etreiris.ch\/wp-content\/uploads\/2023\/06\/leschi.jpg","width":550,"height":355},{"@type":"BreadcrumbList","@id":"https:\/\/bien-etreiris.ch\/de\/produktpraesentation\/entspannen\/wohlfuhlkissen\/waermekissen\/chaleur-de-leschi\/#breadcrumb","itemListElement":[{"@type":"ListItem","position":1,"name":"Home","item":"https:\/\/bien-etreiris.ch\/de\/"},{"@type":"ListItem","position":2,"name":"PRODUKTPR\u00c4SENTATION","item":"https:\/\/bien-etreiris.ch\/de\/produktpraesentation\/"},{"@type":"ListItem","position":3,"name":"ENTSPANNEND","item":"https:\/\/bien-etreiris.ch\/de\/produktpraesentation\/entspannen\/"},{"@type":"ListItem","position":4,"name":"WOHLF\u00dcHLKISSEN","item":"https:\/\/bien-etreiris.ch\/de\/produktpraesentation\/entspannen\/wohlfuhlkissen\/"},{"@type":"ListItem","position":5,"name":"W\u00c4RMEKISSEN","item":"https:\/\/bien-etreiris.ch\/de\/produktpraesentation\/entspannen\/wohlfuhlkissen\/waermekissen\/"},{"@type":"ListItem","position":6,"name":"VON LESCHI"}]},{"@type":"WebSite","@id":"https:\/\/bien-etreiris.ch\/de\/#website","url":"https:\/\/bien-etreiris.ch\/de\/","name":"Bien-\u00eatre Iris","description":"IHRE Gesundheit ist uns wichtig","potentialAction":[{"@type":"SearchAction","target":{"@type":"EntryPoint","urlTemplate":"https:\/\/bien-etreiris.ch\/de\/?s={search_term_string}"},"query-input":{"@type":"PropertyValueSpecification","valueRequired":true,"valueName":"search_term_string"}}],"inLanguage":"de"}]}},"_links":{"self":[{"href":"https:\/\/bien-etreiris.ch\/de\/wp-json\/wp\/v2\/pages\/71128","targetHints":{"allow":["GET"]}}],"collection":[{"href":"https:\/\/bien-etreiris.ch\/de\/wp-json\/wp\/v2\/pages"}],"about":[{"href":"https:\/\/bien-etreiris.ch\/de\/wp-json\/wp\/v2\/types\/page"}],"author":[{"embeddable":true,"href":"https:\/\/bien-etreiris.ch\/de\/wp-json\/wp\/v2\/users\/1"}],"replies":[{"embeddable":true,"href":"https:\/\/bien-etreiris.ch\/de\/wp-json\/wp\/v2\/comments?post=71128"}],"version-history":[{"count":3,"href":"https:\/\/bien-etreiris.ch\/de\/wp-json\/wp\/v2\/pages\/71128\/revisions"}],"predecessor-version":[{"id":76213,"href":"https:\/\/bien-etreiris.ch\/de\/wp-json\/wp\/v2\/pages\/71128\/revisions\/76213"}],"up":[{"embeddable":true,"href":"https:\/\/bien-etreiris.ch\/de\/wp-json\/wp\/v2\/pages\/13446"}],"wp:featuredmedia":[{"embeddable":true,"href":"https:\/\/bien-etreiris.ch\/de\/wp-json\/wp\/v2\/media\/71125"}],"wp:attachment":[{"href":"https:\/\/bien-etreiris.ch\/de\/wp-json\/wp\/v2\/media?parent=71128"}],"curies":[{"name":"wp","href":"https:\/\/api.w.org\/{rel}","templated":true}]}}