{"id":71039,"date":"2023-06-01T22:36:18","date_gmt":"2023-06-01T20:36:18","guid":{"rendered":"https:\/\/bien-etreiris.ch\/produktpraesentation\/gesundes-leben\/nahrungsergaenzungsmittel\/pflanzenheilkunde-gleichgewicht-durch-heilpflanzen\/pflanzenextrakte\/epilobe\/"},"modified":"2023-06-01T22:58:29","modified_gmt":"2023-06-01T20:58:29","slug":"epilobe","status":"publish","type":"page","link":"https:\/\/bien-etreiris.ch\/de\/produktpraesentation\/gesundes-leben\/nahrungsergaenzungsmittel\/pflanzenheilkunde-gleichgewicht-durch-heilpflanzen\/pflanzenextrakte\/epilobe\/","title":{"rendered":"EPILOBE"},"content":{"rendered":"<h2>Extrait d'\u00e9pilobe \u00e0 petites fleurs BIO<\/h2>\n<p><a href=\"https:\/\/bien-etreiris.ch\/de\/produktpraesentation\/gesundes-leben\/nahrungsergaenzungsmittel\/pflanzenheilkunde-gleichgewicht-durch-heilpflanzen\/pflanzenextrakte\/epilobe\/epilopium-extract-2\/\" rel=\"attachment wp-att-71029\"><img loading=\"lazy\" decoding=\"async\" class=\"wp-image-71029 alignleft\" src=\"https:\/\/bien-etreiris.ch\/wp-content\/uploads\/2023\/06\/Epilopium-extract.jpg\" alt=\"\" width=\"231\" height=\"506\" srcset=\"https:\/\/bien-etreiris.ch\/wp-content\/uploads\/2023\/06\/Epilopium-extract.jpg 281w, https:\/\/bien-etreiris.ch\/wp-content\/uploads\/2023\/06\/Epilopium-extract-137x300.jpg 137w\" sizes=\"auto, (max-width: 231px) 100vw, 231px\" \/><\/a><\/p>\n<p>&nbsp;<\/p>\n<p>&nbsp;<\/p>\n<p>&nbsp;<\/p>\n<p>&nbsp;<\/p>\n<p>&nbsp;<\/p>\n<p>&nbsp;<\/p>\n<p>&nbsp;<\/p>\n<p>Ingr\u00e9dients : eau, \u00e9pilobe \u00e0 petites fleurs* (Epilobium parviflorum)<br \/>\n*issu de l'agriculture biologique contr\u00f4l\u00e9e - Pasteuris\u00e9<\/p>\n<p>Extrait \u00e0 base d'eau<\/p>\n<p>Fabriqu\u00e9 en Autriche<\/p>\n<p>&nbsp;<\/p>\n<p>100ml <strong>CHF 21.70<\/strong><\/p>\n<p>&nbsp;<\/p>\n<p>&nbsp;<\/p>\n<p>&nbsp;<\/p>\n<h4>Recommandation de prise :<\/h4>\n<p>Garder l'extrait 30 secondes dans la bouche, puis l'avaler. Boire 1 cuill\u00e8re \u00e0 soupe d'extrait matin et soir, pur ou dilu\u00e9 dans de l'eau. Ne pas d\u00e9passer la dose journali\u00e8re.<\/p>\n<p>&nbsp;<\/p>\n<h4><span style=\"color: #ff9900;\"><a style=\"color: #ff9900;\" href=\"https:\/\/bien-etreiris.ch\/guide-lumiere-conseil\/remedes-naturels\/phytotherapie\/plantes-medicinales\/epilobe\/\" target=\"_blank\" rel=\"noopener\">Si vous souhaitez en savoir plus sur l'\u00e9pilobe, cliquez ici.<\/a><\/span><\/h4>\n","protected":false},"excerpt":{"rendered":"<p>Extrait d'\u00e9pilobe \u00e0 petites fleurs BIO &nbsp; &nbsp; &nbsp; &nbsp; &nbsp; &nbsp; &nbsp; Ingr\u00e9dients : eau, \u00e9pilobe \u00e0 petites fleurs* (Epilobium parviflorum) *issu de l'agriculture biologique contr\u00f4l\u00e9e - Pasteuris\u00e9 Extrait \u00e0 base d'eau Fabriqu\u00e9 en Autriche &nbsp; 100ml CHF 21.70 &nbsp; &nbsp; &nbsp; Recommandation de prise : Garder l'extrait 30 secondes dans la bouche, puis l'avaler. Boire 1 cuill\u00e8re \u00e0&nbsp;<a href=\"https:\/\/bien-etreiris.ch\/de\/produktpraesentation\/gesundes-leben\/nahrungsergaenzungsmittel\/pflanzenheilkunde-gleichgewicht-durch-heilpflanzen\/pflanzenextrakte\/epilobe\/\" class=\"read-more\">Weiter lesen<\/a><\/p>\n","protected":false},"author":1,"featured_media":71028,"parent":41725,"menu_order":3460,"comment_status":"closed","ping_status":"closed","template":"page-with-child.php","meta":{"_acf_changed":false,"ngg_post_thumbnail":0,"footnotes":""},"class_list":["post-71039","page","type-page","status-publish","has-post-thumbnail","hentry"],"acf":[],"yoast_head":"<!-- This site is optimized with the Yoast SEO plugin v27.6 - https:\/\/yoast.com\/product\/yoast-seo-wordpress\/ -->\n<title>EPILOBE - WOHLBEFINDEN<\/title>\n<meta name=\"robots\" content=\"index, follow, max-snippet:-1, max-image-preview:large, max-video-preview:-1\" \/>\n<link rel=\"canonical\" href=\"https:\/\/bien-etreiris.ch\/de\/produktpraesentation\/gesundes-leben\/nahrungsergaenzungsmittel\/pflanzenheilkunde-gleichgewicht-durch-heilpflanzen\/pflanzenextrakte\/epilobe\/\" \/>\n<meta property=\"og:locale\" content=\"de_DE\" \/>\n<meta property=\"og:type\" content=\"article\" \/>\n<meta property=\"og:title\" content=\"EPILOBE - WOHLBEFINDEN\" \/>\n<meta property=\"og:description\" content=\"Extrait d&#039;\u00e9pilobe \u00e0 petites fleurs BIO &nbsp; &nbsp; &nbsp; &nbsp; &nbsp; &nbsp; &nbsp; Ingr\u00e9dients : eau, \u00e9pilobe \u00e0 petites fleurs* (Epilobium parviflorum) *issu de l&#039;agriculture biologique contr\u00f4l\u00e9e - Pasteuris\u00e9 Extrait \u00e0 base d&#039;eau Fabriqu\u00e9 en Autriche &nbsp; 100ml CHF 21.70 &nbsp; &nbsp; &nbsp; Recommandation de prise : Garder l&#039;extrait 30 secondes dans la bouche, puis l&#039;avaler. Boire 1 cuill\u00e8re \u00e0&nbsp;Weiter lesen\" \/>\n<meta property=\"og:url\" content=\"https:\/\/bien-etreiris.ch\/de\/produktpraesentation\/gesundes-leben\/nahrungsergaenzungsmittel\/pflanzenheilkunde-gleichgewicht-durch-heilpflanzen\/pflanzenextrakte\/epilobe\/\" \/>\n<meta property=\"og:site_name\" content=\"WOHLBEFINDEN\" \/>\n<meta property=\"article:publisher\" content=\"https:\/\/www.facebook.com\/bienetreiris\/\" \/>\n<meta property=\"article:modified_time\" content=\"2023-06-01T20:58:29+00:00\" \/>\n<meta property=\"og:image\" content=\"https:\/\/bien-etreiris.ch\/wp-content\/uploads\/2023\/06\/Epilopium.jpg\" \/>\n\t<meta property=\"og:image:width\" content=\"500\" \/>\n\t<meta property=\"og:image:height\" content=\"324\" \/>\n\t<meta property=\"og:image:type\" content=\"image\/jpeg\" \/>\n<meta name=\"twitter:label1\" content=\"Gesch\u00e4tzte Lesezeit\" \/>\n\t<meta name=\"twitter:data1\" content=\"1\u00a0Minute\" \/>\n<script type=\"application\/ld+json\" class=\"yoast-schema-graph\">{\"@context\":\"https:\\\/\\\/schema.org\",\"@graph\":[{\"@type\":\"WebPage\",\"@id\":\"https:\\\/\\\/bien-etreiris.ch\\\/de\\\/produktpraesentation\\\/gesundes-leben\\\/nahrungsergaenzungsmittel\\\/pflanzenheilkunde-gleichgewicht-durch-heilpflanzen\\\/pflanzenextrakte\\\/epilobe\\\/\",\"url\":\"https:\\\/\\\/bien-etreiris.ch\\\/de\\\/produktpraesentation\\\/gesundes-leben\\\/nahrungsergaenzungsmittel\\\/pflanzenheilkunde-gleichgewicht-durch-heilpflanzen\\\/pflanzenextrakte\\\/epilobe\\\/\",\"name\":\"EPILOBE - WOHLBEFINDEN\",\"isPartOf\":{\"@id\":\"https:\\\/\\\/bien-etreiris.ch\\\/de\\\/#website\"},\"primaryImageOfPage\":{\"@id\":\"https:\\\/\\\/bien-etreiris.ch\\\/de\\\/produktpraesentation\\\/gesundes-leben\\\/nahrungsergaenzungsmittel\\\/pflanzenheilkunde-gleichgewicht-durch-heilpflanzen\\\/pflanzenextrakte\\\/epilobe\\\/#primaryimage\"},\"image\":{\"@id\":\"https:\\\/\\\/bien-etreiris.ch\\\/de\\\/produktpraesentation\\\/gesundes-leben\\\/nahrungsergaenzungsmittel\\\/pflanzenheilkunde-gleichgewicht-durch-heilpflanzen\\\/pflanzenextrakte\\\/epilobe\\\/#primaryimage\"},\"thumbnailUrl\":\"https:\\\/\\\/bien-etreiris.ch\\\/wp-content\\\/uploads\\\/2023\\\/06\\\/Epilopium.jpg\",\"datePublished\":\"2023-06-01T20:36:18+00:00\",\"dateModified\":\"2023-06-01T20:58:29+00:00\",\"breadcrumb\":{\"@id\":\"https:\\\/\\\/bien-etreiris.ch\\\/de\\\/produktpraesentation\\\/gesundes-leben\\\/nahrungsergaenzungsmittel\\\/pflanzenheilkunde-gleichgewicht-durch-heilpflanzen\\\/pflanzenextrakte\\\/epilobe\\\/#breadcrumb\"},\"inLanguage\":\"de\",\"potentialAction\":[{\"@type\":\"ReadAction\",\"target\":[\"https:\\\/\\\/bien-etreiris.ch\\\/de\\\/produktpraesentation\\\/gesundes-leben\\\/nahrungsergaenzungsmittel\\\/pflanzenheilkunde-gleichgewicht-durch-heilpflanzen\\\/pflanzenextrakte\\\/epilobe\\\/\"]}]},{\"@type\":\"ImageObject\",\"inLanguage\":\"de\",\"@id\":\"https:\\\/\\\/bien-etreiris.ch\\\/de\\\/produktpraesentation\\\/gesundes-leben\\\/nahrungsergaenzungsmittel\\\/pflanzenheilkunde-gleichgewicht-durch-heilpflanzen\\\/pflanzenextrakte\\\/epilobe\\\/#primaryimage\",\"url\":\"https:\\\/\\\/bien-etreiris.ch\\\/wp-content\\\/uploads\\\/2023\\\/06\\\/Epilopium.jpg\",\"contentUrl\":\"https:\\\/\\\/bien-etreiris.ch\\\/wp-content\\\/uploads\\\/2023\\\/06\\\/Epilopium.jpg\",\"width\":500,\"height\":324},{\"@type\":\"BreadcrumbList\",\"@id\":\"https:\\\/\\\/bien-etreiris.ch\\\/de\\\/produktpraesentation\\\/gesundes-leben\\\/nahrungsergaenzungsmittel\\\/pflanzenheilkunde-gleichgewicht-durch-heilpflanzen\\\/pflanzenextrakte\\\/epilobe\\\/#breadcrumb\",\"itemListElement\":[{\"@type\":\"ListItem\",\"position\":1,\"name\":\"Home\",\"item\":\"https:\\\/\\\/bien-etreiris.ch\\\/de\\\/\"},{\"@type\":\"ListItem\",\"position\":2,\"name\":\"PRODUKTPR\u00c4SENTATION\",\"item\":\"https:\\\/\\\/bien-etreiris.ch\\\/de\\\/produktpraesentation\\\/\"},{\"@type\":\"ListItem\",\"position\":3,\"name\":\"GESUNDES LEBEN\",\"item\":\"https:\\\/\\\/bien-etreiris.ch\\\/de\\\/produktpraesentation\\\/gesundes-leben\\\/\"},{\"@type\":\"ListItem\",\"position\":4,\"name\":\"NAHRUNGSERG\u00c4NZUNG\",\"item\":\"https:\\\/\\\/bien-etreiris.ch\\\/de\\\/produktpraesentation\\\/gesundes-leben\\\/nahrungsergaenzungsmittel\\\/\"},{\"@type\":\"ListItem\",\"position\":5,\"name\":\"PFLANZENHEILKUNDE\",\"item\":\"https:\\\/\\\/bien-etreiris.ch\\\/de\\\/produktpraesentation\\\/gesundes-leben\\\/nahrungsergaenzungsmittel\\\/pflanzenheilkunde-gleichgewicht-durch-heilpflanzen\\\/\"},{\"@type\":\"ListItem\",\"position\":6,\"name\":\"PFLANZENEXTRAKTE\",\"item\":\"https:\\\/\\\/bien-etreiris.ch\\\/de\\\/produktpraesentation\\\/gesundes-leben\\\/nahrungsergaenzungsmittel\\\/pflanzenheilkunde-gleichgewicht-durch-heilpflanzen\\\/pflanzenextrakte\\\/\"},{\"@type\":\"ListItem\",\"position\":7,\"name\":\"EPILOBE\"}]},{\"@type\":\"WebSite\",\"@id\":\"https:\\\/\\\/bien-etreiris.ch\\\/de\\\/#website\",\"url\":\"https:\\\/\\\/bien-etreiris.ch\\\/de\\\/\",\"name\":\"Bien-\u00eatre Iris\",\"description\":\"IHRE Gesundheit ist uns wichtig\",\"potentialAction\":[{\"@type\":\"SearchAction\",\"target\":{\"@type\":\"EntryPoint\",\"urlTemplate\":\"https:\\\/\\\/bien-etreiris.ch\\\/de\\\/?s={search_term_string}\"},\"query-input\":{\"@type\":\"PropertyValueSpecification\",\"valueRequired\":true,\"valueName\":\"search_term_string\"}}],\"inLanguage\":\"de\"}]}<\/script>\n<!-- \/ Yoast SEO plugin. -->","yoast_head_json":{"title":"EPILOBE - WOHLBEFINDEN","robots":{"index":"index","follow":"follow","max-snippet":"max-snippet:-1","max-image-preview":"max-image-preview:large","max-video-preview":"max-video-preview:-1"},"canonical":"https:\/\/bien-etreiris.ch\/de\/produktpraesentation\/gesundes-leben\/nahrungsergaenzungsmittel\/pflanzenheilkunde-gleichgewicht-durch-heilpflanzen\/pflanzenextrakte\/epilobe\/","og_locale":"de_DE","og_type":"article","og_title":"EPILOBE - WOHLBEFINDEN","og_description":"Extrait d'\u00e9pilobe \u00e0 petites fleurs BIO &nbsp; &nbsp; &nbsp; &nbsp; &nbsp; &nbsp; &nbsp; Ingr\u00e9dients : eau, \u00e9pilobe \u00e0 petites fleurs* (Epilobium parviflorum) *issu de l'agriculture biologique contr\u00f4l\u00e9e - Pasteuris\u00e9 Extrait \u00e0 base d'eau Fabriqu\u00e9 en Autriche &nbsp; 100ml CHF 21.70 &nbsp; &nbsp; &nbsp; Recommandation de prise : Garder l'extrait 30 secondes dans la bouche, puis l'avaler. Boire 1 cuill\u00e8re \u00e0&nbsp;Weiter lesen","og_url":"https:\/\/bien-etreiris.ch\/de\/produktpraesentation\/gesundes-leben\/nahrungsergaenzungsmittel\/pflanzenheilkunde-gleichgewicht-durch-heilpflanzen\/pflanzenextrakte\/epilobe\/","og_site_name":"WOHLBEFINDEN","article_publisher":"https:\/\/www.facebook.com\/bienetreiris\/","article_modified_time":"2023-06-01T20:58:29+00:00","og_image":[{"width":500,"height":324,"url":"https:\/\/bien-etreiris.ch\/wp-content\/uploads\/2023\/06\/Epilopium.jpg","type":"image\/jpeg"}],"twitter_misc":{"Gesch\u00e4tzte Lesezeit":"1\u00a0Minute"},"schema":{"@context":"https:\/\/schema.org","@graph":[{"@type":"WebPage","@id":"https:\/\/bien-etreiris.ch\/de\/produktpraesentation\/gesundes-leben\/nahrungsergaenzungsmittel\/pflanzenheilkunde-gleichgewicht-durch-heilpflanzen\/pflanzenextrakte\/epilobe\/","url":"https:\/\/bien-etreiris.ch\/de\/produktpraesentation\/gesundes-leben\/nahrungsergaenzungsmittel\/pflanzenheilkunde-gleichgewicht-durch-heilpflanzen\/pflanzenextrakte\/epilobe\/","name":"EPILOBE - WOHLBEFINDEN","isPartOf":{"@id":"https:\/\/bien-etreiris.ch\/de\/#website"},"primaryImageOfPage":{"@id":"https:\/\/bien-etreiris.ch\/de\/produktpraesentation\/gesundes-leben\/nahrungsergaenzungsmittel\/pflanzenheilkunde-gleichgewicht-durch-heilpflanzen\/pflanzenextrakte\/epilobe\/#primaryimage"},"image":{"@id":"https:\/\/bien-etreiris.ch\/de\/produktpraesentation\/gesundes-leben\/nahrungsergaenzungsmittel\/pflanzenheilkunde-gleichgewicht-durch-heilpflanzen\/pflanzenextrakte\/epilobe\/#primaryimage"},"thumbnailUrl":"https:\/\/bien-etreiris.ch\/wp-content\/uploads\/2023\/06\/Epilopium.jpg","datePublished":"2023-06-01T20:36:18+00:00","dateModified":"2023-06-01T20:58:29+00:00","breadcrumb":{"@id":"https:\/\/bien-etreiris.ch\/de\/produktpraesentation\/gesundes-leben\/nahrungsergaenzungsmittel\/pflanzenheilkunde-gleichgewicht-durch-heilpflanzen\/pflanzenextrakte\/epilobe\/#breadcrumb"},"inLanguage":"de","potentialAction":[{"@type":"ReadAction","target":["https:\/\/bien-etreiris.ch\/de\/produktpraesentation\/gesundes-leben\/nahrungsergaenzungsmittel\/pflanzenheilkunde-gleichgewicht-durch-heilpflanzen\/pflanzenextrakte\/epilobe\/"]}]},{"@type":"ImageObject","inLanguage":"de","@id":"https:\/\/bien-etreiris.ch\/de\/produktpraesentation\/gesundes-leben\/nahrungsergaenzungsmittel\/pflanzenheilkunde-gleichgewicht-durch-heilpflanzen\/pflanzenextrakte\/epilobe\/#primaryimage","url":"https:\/\/bien-etreiris.ch\/wp-content\/uploads\/2023\/06\/Epilopium.jpg","contentUrl":"https:\/\/bien-etreiris.ch\/wp-content\/uploads\/2023\/06\/Epilopium.jpg","width":500,"height":324},{"@type":"BreadcrumbList","@id":"https:\/\/bien-etreiris.ch\/de\/produktpraesentation\/gesundes-leben\/nahrungsergaenzungsmittel\/pflanzenheilkunde-gleichgewicht-durch-heilpflanzen\/pflanzenextrakte\/epilobe\/#breadcrumb","itemListElement":[{"@type":"ListItem","position":1,"name":"Home","item":"https:\/\/bien-etreiris.ch\/de\/"},{"@type":"ListItem","position":2,"name":"PRODUKTPR\u00c4SENTATION","item":"https:\/\/bien-etreiris.ch\/de\/produktpraesentation\/"},{"@type":"ListItem","position":3,"name":"GESUNDES LEBEN","item":"https:\/\/bien-etreiris.ch\/de\/produktpraesentation\/gesundes-leben\/"},{"@type":"ListItem","position":4,"name":"NAHRUNGSERG\u00c4NZUNG","item":"https:\/\/bien-etreiris.ch\/de\/produktpraesentation\/gesundes-leben\/nahrungsergaenzungsmittel\/"},{"@type":"ListItem","position":5,"name":"PFLANZENHEILKUNDE","item":"https:\/\/bien-etreiris.ch\/de\/produktpraesentation\/gesundes-leben\/nahrungsergaenzungsmittel\/pflanzenheilkunde-gleichgewicht-durch-heilpflanzen\/"},{"@type":"ListItem","position":6,"name":"PFLANZENEXTRAKTE","item":"https:\/\/bien-etreiris.ch\/de\/produktpraesentation\/gesundes-leben\/nahrungsergaenzungsmittel\/pflanzenheilkunde-gleichgewicht-durch-heilpflanzen\/pflanzenextrakte\/"},{"@type":"ListItem","position":7,"name":"EPILOBE"}]},{"@type":"WebSite","@id":"https:\/\/bien-etreiris.ch\/de\/#website","url":"https:\/\/bien-etreiris.ch\/de\/","name":"Bien-\u00eatre Iris","description":"IHRE Gesundheit ist uns wichtig","potentialAction":[{"@type":"SearchAction","target":{"@type":"EntryPoint","urlTemplate":"https:\/\/bien-etreiris.ch\/de\/?s={search_term_string}"},"query-input":{"@type":"PropertyValueSpecification","valueRequired":true,"valueName":"search_term_string"}}],"inLanguage":"de"}]}},"_links":{"self":[{"href":"https:\/\/bien-etreiris.ch\/de\/wp-json\/wp\/v2\/pages\/71039","targetHints":{"allow":["GET"]}}],"collection":[{"href":"https:\/\/bien-etreiris.ch\/de\/wp-json\/wp\/v2\/pages"}],"about":[{"href":"https:\/\/bien-etreiris.ch\/de\/wp-json\/wp\/v2\/types\/page"}],"author":[{"embeddable":true,"href":"https:\/\/bien-etreiris.ch\/de\/wp-json\/wp\/v2\/users\/1"}],"replies":[{"embeddable":true,"href":"https:\/\/bien-etreiris.ch\/de\/wp-json\/wp\/v2\/comments?post=71039"}],"version-history":[{"count":1,"href":"https:\/\/bien-etreiris.ch\/de\/wp-json\/wp\/v2\/pages\/71039\/revisions"}],"predecessor-version":[{"id":71041,"href":"https:\/\/bien-etreiris.ch\/de\/wp-json\/wp\/v2\/pages\/71039\/revisions\/71041"}],"up":[{"embeddable":true,"href":"https:\/\/bien-etreiris.ch\/de\/wp-json\/wp\/v2\/pages\/41725"}],"wp:featuredmedia":[{"embeddable":true,"href":"https:\/\/bien-etreiris.ch\/de\/wp-json\/wp\/v2\/media\/71028"}],"wp:attachment":[{"href":"https:\/\/bien-etreiris.ch\/de\/wp-json\/wp\/v2\/media?parent=71039"}],"curies":[{"name":"wp","href":"https:\/\/api.w.org\/{rel}","templated":true}]}}