{"id":70698,"date":"2023-05-28T07:16:12","date_gmt":"2023-05-28T05:16:12","guid":{"rendered":"https:\/\/bien-etreiris.ch\/ratgeber-klarheit-beratung\/natuerliche-heilmittel\/pflanzenheilkunde\/heilpflanzen\/teinture-meres\/"},"modified":"2023-05-28T07:27:18","modified_gmt":"2023-05-28T05:27:18","slug":"pflanzliche-urtinkturen","status":"publish","type":"page","link":"https:\/\/bien-etreiris.ch\/de\/produktpraesentation\/lesen-und-entdecken\/heilpflanzen\/pflanzliche-urtinkturen\/","title":{"rendered":"URTINKTUREN"},"content":{"rendered":"\n<h2>Pflanzliche Urtinkturen<\/h2>\n<p>&nbsp;<\/p>\n\n\n<p><a href=\"https:\/\/bien-etreiris.ch\/de\/produktpraesentation\/lesen-und-entdecken\/heilpflanzen\/teinture-meres-vegetales\/pflanzliche-urtinkturen\/\" rel=\"attachment wp-att-70689\"><img loading=\"lazy\" decoding=\"async\" class=\"wp-image-70711 size-full alignleft\" src=\"https:\/\/bien-etreiris.ch\/wp-content\/uploads\/2023\/05\/Pflanzliche-Urtinkturen.jpg\" alt=\"\" width=\"313\" height=\"320\" srcset=\"https:\/\/bien-etreiris.ch\/wp-content\/uploads\/2023\/05\/Pflanzliche-Urtinkturen.jpg 313w, https:\/\/bien-etreiris.ch\/wp-content\/uploads\/2023\/05\/Pflanzliche-Urtinkturen-293x300.jpg 293w\" sizes=\"auto, (max-width: 313px) 100vw, 313px\" \/><\/a><\/p>\n<p>&nbsp;<\/p>\n<p>&nbsp;<\/p>\n<p>&nbsp;<\/p>\n<p>&nbsp;<\/p>\n<p>&nbsp;<\/p>\n<p>Buch: 100 Seiten, geb.<br>erschienen: 2017<br>Gewicht: 591g<br>ISBN: 978-3-0380-0516-2<\/p>\n<p>1 St\u00fcck<strong> CHF 19.00<\/strong><\/p>\n<p>&nbsp;<\/p>\n<p>&nbsp;<\/p>\n<p>&nbsp;<\/p>\n<h4 class=\"pb-3\"><strong>Wesen und Anwendung<\/strong><\/h4>\n<div id=\"bookDescriptionWrapper\" class=\"d-none d-md-block\">\n<div id=\"bookDescription\" class=\"\">\n<div id=\"description\">\n<p>&nbsp;<\/p>\n<p><strong>Der Herausgeber schreibt:<\/strong><\/p>\n<p>- Das praktische, kompakte Nachschlagewerk der Phytotherapie.<br>-&nbsp;Die 48 bekanntesten Heilpflanzen werden anschaulich vorgestellt.<br>-&nbsp;Wirkung f\u00fcr K\u00f6rper und Seele.<\/p>\n<p>In den Heilpflanzen ist ein grosses Potenzial an Kr\u00e4ften verborgen, die dem Menschen in kranken und gesunden Tagen Genesung und Vitalit\u00e4t schenken.<\/p>\n<p>Urtinkturen - das sind Frischpflanzenpr\u00e4parate mit einer hohen inneren Qualit\u00e4t - sind die idealen Mittel, um das Wesen, die Pers\u00f6nlichkeit einer Heilpflanze zu vermitteln. So k\u00f6nnen die Urtinkturen nicht nur auf der k\u00f6rperlichen, sondern auch auf der seelischen Ebene wirken.<\/p>\n<p>Das vorliegende Buch stellt das Wesen von 48 bekannten Heilpflanzen auf anschauliche Weise vor. Durch das Studium des Wesens wird es dem Therapeuten oder Patienten erm\u00f6glicht, eine innere Beziehung zur Pflanze aufzunehmen, wodurch sich deren Heilkr\u00e4fte in hohem Masse entfalten k\u00f6nnen.<\/p>\n<\/div>\n<\/div>\n<\/div>","protected":false},"excerpt":{"rendered":"<p>Pflanzliche Urtinkturen &nbsp; &nbsp; &nbsp; &nbsp; &nbsp; &nbsp; Buch: 100 Seiten, geb.erschienen: 2017Gewicht: 591gISBN: 978-3-0380-0516-2 1 St\u00fcck CHF 19.00 &nbsp; &nbsp; &nbsp; Wesen und Anwendung &nbsp; Der Herausgeber schreibt: - Das praktische, kompakte Nachschlagewerk der Phytotherapie.-&nbsp;Die 48 bekanntesten Heilpflanzen werden anschaulich vorgestellt.-&nbsp;Wirkung f\u00fcr K\u00f6rper und Seele. In den Heilpflanzen ist ein grosses Potenzial an Kr\u00e4ften verborgen, die dem Menschen in&nbsp;<a href=\"https:\/\/bien-etreiris.ch\/de\/produktpraesentation\/lesen-und-entdecken\/heilpflanzen\/pflanzliche-urtinkturen\/\" class=\"read-more\">Weiter lesen<\/a><\/p>\n","protected":false},"author":1,"featured_media":70694,"parent":41892,"menu_order":3500,"comment_status":"closed","ping_status":"closed","template":"page-with-child.php","meta":{"_acf_changed":false,"ngg_post_thumbnail":0,"footnotes":""},"class_list":["post-70698","page","type-page","status-publish","has-post-thumbnail","hentry"],"acf":[],"yoast_head":"<!-- This site is optimized with the Yoast SEO plugin v27.6 - https:\/\/yoast.com\/product\/yoast-seo-wordpress\/ -->\n<title>URTINKTUREN - WOHLBEFINDEN<\/title>\n<meta name=\"robots\" content=\"index, follow, max-snippet:-1, max-image-preview:large, max-video-preview:-1\" \/>\n<link rel=\"canonical\" href=\"https:\/\/bien-etreiris.ch\/de\/produktpraesentation\/lesen-und-entdecken\/heilpflanzen\/pflanzliche-urtinkturen\/\" \/>\n<meta property=\"og:locale\" content=\"de_DE\" \/>\n<meta property=\"og:type\" content=\"article\" \/>\n<meta property=\"og:title\" content=\"URTINKTUREN - WOHLBEFINDEN\" \/>\n<meta property=\"og:description\" content=\"Pflanzliche Urtinkturen &nbsp; &nbsp; &nbsp; &nbsp; &nbsp; &nbsp; Buch: 100 Seiten, geb.erschienen: 2017Gewicht: 591gISBN: 978-3-0380-0516-2 1 St\u00fcck CHF 19.00 &nbsp; &nbsp; &nbsp; Wesen und Anwendung &nbsp; Der Herausgeber schreibt: - Das praktische, kompakte Nachschlagewerk der Phytotherapie.-&nbsp;Die 48 bekanntesten Heilpflanzen werden anschaulich vorgestellt.-&nbsp;Wirkung f\u00fcr K\u00f6rper und Seele. In den Heilpflanzen ist ein grosses Potenzial an Kr\u00e4ften verborgen, die dem Menschen in&nbsp;Weiter lesen\" \/>\n<meta property=\"og:url\" content=\"https:\/\/bien-etreiris.ch\/de\/produktpraesentation\/lesen-und-entdecken\/heilpflanzen\/pflanzliche-urtinkturen\/\" \/>\n<meta property=\"og:site_name\" content=\"WOHLBEFINDEN\" \/>\n<meta property=\"article:publisher\" content=\"https:\/\/www.facebook.com\/bienetreiris\/\" \/>\n<meta property=\"article:modified_time\" content=\"2023-05-28T05:27:18+00:00\" \/>\n<meta property=\"og:image\" content=\"https:\/\/bien-etreiris.ch\/wp-content\/uploads\/2023\/05\/acceuil-teintures-meres-vegetales.jpg\" \/>\n\t<meta property=\"og:image:width\" content=\"500\" \/>\n\t<meta property=\"og:image:height\" content=\"333\" \/>\n\t<meta property=\"og:image:type\" content=\"image\/jpeg\" \/>\n<meta name=\"twitter:label1\" content=\"Gesch\u00e4tzte Lesezeit\" \/>\n\t<meta name=\"twitter:data1\" content=\"1\u00a0Minute\" \/>\n<script type=\"application\/ld+json\" class=\"yoast-schema-graph\">{\"@context\":\"https:\\\/\\\/schema.org\",\"@graph\":[{\"@type\":\"WebPage\",\"@id\":\"https:\\\/\\\/bien-etreiris.ch\\\/de\\\/produktpraesentation\\\/lesen-und-entdecken\\\/heilpflanzen\\\/pflanzliche-urtinkturen\\\/\",\"url\":\"https:\\\/\\\/bien-etreiris.ch\\\/de\\\/produktpraesentation\\\/lesen-und-entdecken\\\/heilpflanzen\\\/pflanzliche-urtinkturen\\\/\",\"name\":\"URTINKTUREN - WOHLBEFINDEN\",\"isPartOf\":{\"@id\":\"https:\\\/\\\/bien-etreiris.ch\\\/de\\\/#website\"},\"primaryImageOfPage\":{\"@id\":\"https:\\\/\\\/bien-etreiris.ch\\\/de\\\/produktpraesentation\\\/lesen-und-entdecken\\\/heilpflanzen\\\/pflanzliche-urtinkturen\\\/#primaryimage\"},\"image\":{\"@id\":\"https:\\\/\\\/bien-etreiris.ch\\\/de\\\/produktpraesentation\\\/lesen-und-entdecken\\\/heilpflanzen\\\/pflanzliche-urtinkturen\\\/#primaryimage\"},\"thumbnailUrl\":\"https:\\\/\\\/bien-etreiris.ch\\\/wp-content\\\/uploads\\\/2023\\\/05\\\/acceuil-teintures-meres-vegetales.jpg\",\"datePublished\":\"2023-05-28T05:16:12+00:00\",\"dateModified\":\"2023-05-28T05:27:18+00:00\",\"breadcrumb\":{\"@id\":\"https:\\\/\\\/bien-etreiris.ch\\\/de\\\/produktpraesentation\\\/lesen-und-entdecken\\\/heilpflanzen\\\/pflanzliche-urtinkturen\\\/#breadcrumb\"},\"inLanguage\":\"de\",\"potentialAction\":[{\"@type\":\"ReadAction\",\"target\":[\"https:\\\/\\\/bien-etreiris.ch\\\/de\\\/produktpraesentation\\\/lesen-und-entdecken\\\/heilpflanzen\\\/pflanzliche-urtinkturen\\\/\"]}]},{\"@type\":\"ImageObject\",\"inLanguage\":\"de\",\"@id\":\"https:\\\/\\\/bien-etreiris.ch\\\/de\\\/produktpraesentation\\\/lesen-und-entdecken\\\/heilpflanzen\\\/pflanzliche-urtinkturen\\\/#primaryimage\",\"url\":\"https:\\\/\\\/bien-etreiris.ch\\\/wp-content\\\/uploads\\\/2023\\\/05\\\/acceuil-teintures-meres-vegetales.jpg\",\"contentUrl\":\"https:\\\/\\\/bien-etreiris.ch\\\/wp-content\\\/uploads\\\/2023\\\/05\\\/acceuil-teintures-meres-vegetales.jpg\",\"width\":500,\"height\":333},{\"@type\":\"BreadcrumbList\",\"@id\":\"https:\\\/\\\/bien-etreiris.ch\\\/de\\\/produktpraesentation\\\/lesen-und-entdecken\\\/heilpflanzen\\\/pflanzliche-urtinkturen\\\/#breadcrumb\",\"itemListElement\":[{\"@type\":\"ListItem\",\"position\":1,\"name\":\"Home\",\"item\":\"https:\\\/\\\/bien-etreiris.ch\\\/de\\\/\"},{\"@type\":\"ListItem\",\"position\":2,\"name\":\"PRODUKTPR\u00c4SENTATION\",\"item\":\"https:\\\/\\\/bien-etreiris.ch\\\/de\\\/produktpraesentation\\\/\"},{\"@type\":\"ListItem\",\"position\":3,\"name\":\"LESEN UND ENTDECKEN\",\"item\":\"https:\\\/\\\/bien-etreiris.ch\\\/de\\\/produktpraesentation\\\/lesen-und-entdecken\\\/\"},{\"@type\":\"ListItem\",\"position\":4,\"name\":\"HEILPFLANZEN\",\"item\":\"https:\\\/\\\/bien-etreiris.ch\\\/de\\\/produktpraesentation\\\/lesen-und-entdecken\\\/heilpflanzen\\\/\"},{\"@type\":\"ListItem\",\"position\":5,\"name\":\"URTINKTUREN\"}]},{\"@type\":\"WebSite\",\"@id\":\"https:\\\/\\\/bien-etreiris.ch\\\/de\\\/#website\",\"url\":\"https:\\\/\\\/bien-etreiris.ch\\\/de\\\/\",\"name\":\"Bien-\u00eatre Iris\",\"description\":\"IHRE Gesundheit ist uns wichtig\",\"potentialAction\":[{\"@type\":\"SearchAction\",\"target\":{\"@type\":\"EntryPoint\",\"urlTemplate\":\"https:\\\/\\\/bien-etreiris.ch\\\/de\\\/?s={search_term_string}\"},\"query-input\":{\"@type\":\"PropertyValueSpecification\",\"valueRequired\":true,\"valueName\":\"search_term_string\"}}],\"inLanguage\":\"de\"}]}<\/script>\n<!-- \/ Yoast SEO plugin. -->","yoast_head_json":{"title":"URTINKTUREN - WOHLBEFINDEN","robots":{"index":"index","follow":"follow","max-snippet":"max-snippet:-1","max-image-preview":"max-image-preview:large","max-video-preview":"max-video-preview:-1"},"canonical":"https:\/\/bien-etreiris.ch\/de\/produktpraesentation\/lesen-und-entdecken\/heilpflanzen\/pflanzliche-urtinkturen\/","og_locale":"de_DE","og_type":"article","og_title":"URTINKTUREN - WOHLBEFINDEN","og_description":"Pflanzliche Urtinkturen &nbsp; &nbsp; &nbsp; &nbsp; &nbsp; &nbsp; Buch: 100 Seiten, geb.erschienen: 2017Gewicht: 591gISBN: 978-3-0380-0516-2 1 St\u00fcck CHF 19.00 &nbsp; &nbsp; &nbsp; Wesen und Anwendung &nbsp; Der Herausgeber schreibt: - Das praktische, kompakte Nachschlagewerk der Phytotherapie.-&nbsp;Die 48 bekanntesten Heilpflanzen werden anschaulich vorgestellt.-&nbsp;Wirkung f\u00fcr K\u00f6rper und Seele. In den Heilpflanzen ist ein grosses Potenzial an Kr\u00e4ften verborgen, die dem Menschen in&nbsp;Weiter lesen","og_url":"https:\/\/bien-etreiris.ch\/de\/produktpraesentation\/lesen-und-entdecken\/heilpflanzen\/pflanzliche-urtinkturen\/","og_site_name":"WOHLBEFINDEN","article_publisher":"https:\/\/www.facebook.com\/bienetreiris\/","article_modified_time":"2023-05-28T05:27:18+00:00","og_image":[{"width":500,"height":333,"url":"https:\/\/bien-etreiris.ch\/wp-content\/uploads\/2023\/05\/acceuil-teintures-meres-vegetales.jpg","type":"image\/jpeg"}],"twitter_misc":{"Gesch\u00e4tzte Lesezeit":"1\u00a0Minute"},"schema":{"@context":"https:\/\/schema.org","@graph":[{"@type":"WebPage","@id":"https:\/\/bien-etreiris.ch\/de\/produktpraesentation\/lesen-und-entdecken\/heilpflanzen\/pflanzliche-urtinkturen\/","url":"https:\/\/bien-etreiris.ch\/de\/produktpraesentation\/lesen-und-entdecken\/heilpflanzen\/pflanzliche-urtinkturen\/","name":"URTINKTUREN - WOHLBEFINDEN","isPartOf":{"@id":"https:\/\/bien-etreiris.ch\/de\/#website"},"primaryImageOfPage":{"@id":"https:\/\/bien-etreiris.ch\/de\/produktpraesentation\/lesen-und-entdecken\/heilpflanzen\/pflanzliche-urtinkturen\/#primaryimage"},"image":{"@id":"https:\/\/bien-etreiris.ch\/de\/produktpraesentation\/lesen-und-entdecken\/heilpflanzen\/pflanzliche-urtinkturen\/#primaryimage"},"thumbnailUrl":"https:\/\/bien-etreiris.ch\/wp-content\/uploads\/2023\/05\/acceuil-teintures-meres-vegetales.jpg","datePublished":"2023-05-28T05:16:12+00:00","dateModified":"2023-05-28T05:27:18+00:00","breadcrumb":{"@id":"https:\/\/bien-etreiris.ch\/de\/produktpraesentation\/lesen-und-entdecken\/heilpflanzen\/pflanzliche-urtinkturen\/#breadcrumb"},"inLanguage":"de","potentialAction":[{"@type":"ReadAction","target":["https:\/\/bien-etreiris.ch\/de\/produktpraesentation\/lesen-und-entdecken\/heilpflanzen\/pflanzliche-urtinkturen\/"]}]},{"@type":"ImageObject","inLanguage":"de","@id":"https:\/\/bien-etreiris.ch\/de\/produktpraesentation\/lesen-und-entdecken\/heilpflanzen\/pflanzliche-urtinkturen\/#primaryimage","url":"https:\/\/bien-etreiris.ch\/wp-content\/uploads\/2023\/05\/acceuil-teintures-meres-vegetales.jpg","contentUrl":"https:\/\/bien-etreiris.ch\/wp-content\/uploads\/2023\/05\/acceuil-teintures-meres-vegetales.jpg","width":500,"height":333},{"@type":"BreadcrumbList","@id":"https:\/\/bien-etreiris.ch\/de\/produktpraesentation\/lesen-und-entdecken\/heilpflanzen\/pflanzliche-urtinkturen\/#breadcrumb","itemListElement":[{"@type":"ListItem","position":1,"name":"Home","item":"https:\/\/bien-etreiris.ch\/de\/"},{"@type":"ListItem","position":2,"name":"PRODUKTPR\u00c4SENTATION","item":"https:\/\/bien-etreiris.ch\/de\/produktpraesentation\/"},{"@type":"ListItem","position":3,"name":"LESEN UND ENTDECKEN","item":"https:\/\/bien-etreiris.ch\/de\/produktpraesentation\/lesen-und-entdecken\/"},{"@type":"ListItem","position":4,"name":"HEILPFLANZEN","item":"https:\/\/bien-etreiris.ch\/de\/produktpraesentation\/lesen-und-entdecken\/heilpflanzen\/"},{"@type":"ListItem","position":5,"name":"URTINKTUREN"}]},{"@type":"WebSite","@id":"https:\/\/bien-etreiris.ch\/de\/#website","url":"https:\/\/bien-etreiris.ch\/de\/","name":"Bien-\u00eatre Iris","description":"IHRE Gesundheit ist uns wichtig","potentialAction":[{"@type":"SearchAction","target":{"@type":"EntryPoint","urlTemplate":"https:\/\/bien-etreiris.ch\/de\/?s={search_term_string}"},"query-input":{"@type":"PropertyValueSpecification","valueRequired":true,"valueName":"search_term_string"}}],"inLanguage":"de"}]}},"_links":{"self":[{"href":"https:\/\/bien-etreiris.ch\/de\/wp-json\/wp\/v2\/pages\/70698","targetHints":{"allow":["GET"]}}],"collection":[{"href":"https:\/\/bien-etreiris.ch\/de\/wp-json\/wp\/v2\/pages"}],"about":[{"href":"https:\/\/bien-etreiris.ch\/de\/wp-json\/wp\/v2\/types\/page"}],"author":[{"embeddable":true,"href":"https:\/\/bien-etreiris.ch\/de\/wp-json\/wp\/v2\/users\/1"}],"replies":[{"embeddable":true,"href":"https:\/\/bien-etreiris.ch\/de\/wp-json\/wp\/v2\/comments?post=70698"}],"version-history":[{"count":6,"href":"https:\/\/bien-etreiris.ch\/de\/wp-json\/wp\/v2\/pages\/70698\/revisions"}],"predecessor-version":[{"id":70715,"href":"https:\/\/bien-etreiris.ch\/de\/wp-json\/wp\/v2\/pages\/70698\/revisions\/70715"}],"up":[{"embeddable":true,"href":"https:\/\/bien-etreiris.ch\/de\/wp-json\/wp\/v2\/pages\/41892"}],"wp:featuredmedia":[{"embeddable":true,"href":"https:\/\/bien-etreiris.ch\/de\/wp-json\/wp\/v2\/media\/70694"}],"wp:attachment":[{"href":"https:\/\/bien-etreiris.ch\/de\/wp-json\/wp\/v2\/media?parent=70698"}],"curies":[{"name":"wp","href":"https:\/\/api.w.org\/{rel}","templated":true}]}}