{"id":70584,"date":"2023-05-20T13:53:57","date_gmt":"2023-05-20T11:53:57","guid":{"rendered":"https:\/\/bien-etreiris.ch\/produktpraesentation\/gesundes-leben\/nahrungsergaenzungsmittel\/kompi-naehrstoffe\/menopower\/"},"modified":"2023-05-23T14:41:47","modified_gmt":"2023-05-23T12:41:47","slug":"menopower","status":"publish","type":"page","link":"https:\/\/bien-etreiris.ch\/de\/produktpraesentation\/gesundes-leben\/nahrungsergaenzungsmittel\/kompi-naehrstoffe\/menopower\/","title":{"rendered":"MENOPOWER"},"content":{"rendered":"<h2>Menopower - unter anderem mit Yamswurzel, Nachtkerzen\u00f6l, Eisen und B-Vitaminen<\/h2>\n<p><a href=\"https:\/\/bien-etreiris.ch\/de\/produktpraesentation\/gesundes-leben\/nahrungsergaenzungsmittel\/kompi-naehrstoffe\/menopower\/menopower-2\/\" rel=\"attachment wp-att-70571\"><img loading=\"lazy\" decoding=\"async\" class=\"wp-image-70591 size-full alignleft\" src=\"https:\/\/bien-etreiris.ch\/wp-content\/uploads\/2023\/05\/menopower-1.jpg\" alt=\"\" width=\"360\" height=\"598\" srcset=\"https:\/\/bien-etreiris.ch\/wp-content\/uploads\/2023\/05\/menopower-1.jpg 360w, https:\/\/bien-etreiris.ch\/wp-content\/uploads\/2023\/05\/menopower-1-181x300.jpg 181w\" sizes=\"auto, (max-width: 360px) 100vw, 360px\" \/><\/a><\/p>\n<p>&nbsp;<\/p>\n<p>&nbsp;<\/p>\n<p>&nbsp;<\/p>\n<p>&nbsp;<\/p>\n<p>&nbsp;<\/p>\n<p>&nbsp;<\/p>\n<p>&nbsp;<\/p>\n<p>&nbsp;<\/p>\n<p>&nbsp;<\/p>\n<p>&nbsp;<\/p>\n<h4>Unimedica<\/h4>\n<p>mit Yamswurzel, Nachtkerzen\u00f6l, Rotklee, Baldrian, Eisen, M\u00f6nchspfeffer, Fols\u00e4ure, Vitamin B6 und B12<\/p>\n<p>1 Glas mit 90 g\u00e9lules <strong>CHF 21.00<\/strong><\/p>\n<p>&nbsp;<\/p>\n<p>&nbsp;<\/p>\n<p><a href=\"https:\/\/bien-etreiris.ch\/de\/produktpraesentation\/gesundes-leben\/nahrungsergaenzungsmittel\/kompi-naehrstoffe\/menopower\/menopower-de\/\" rel=\"attachment wp-att-70602\"><img loading=\"lazy\" decoding=\"async\" class=\"alignnone  wp-image-70602\" src=\"https:\/\/bien-etreiris.ch\/wp-content\/uploads\/2023\/05\/menopower-DE.jpg\" alt=\"\" width=\"892\" height=\"307\" srcset=\"https:\/\/bien-etreiris.ch\/wp-content\/uploads\/2023\/05\/menopower-DE.jpg 2322w, https:\/\/bien-etreiris.ch\/wp-content\/uploads\/2023\/05\/menopower-DE-300x103.jpg 300w, https:\/\/bien-etreiris.ch\/wp-content\/uploads\/2023\/05\/menopower-DE-1024x353.jpg 1024w, https:\/\/bien-etreiris.ch\/wp-content\/uploads\/2023\/05\/menopower-DE-768x265.jpg 768w, https:\/\/bien-etreiris.ch\/wp-content\/uploads\/2023\/05\/menopower-DE-1536x529.jpg 1536w, https:\/\/bien-etreiris.ch\/wp-content\/uploads\/2023\/05\/menopower-DE-2048x706.jpg 2048w\" sizes=\"auto, (max-width: 892px) 100vw, 892px\" \/><\/a><\/p>\n<p>&nbsp;<\/p>\n<p>&nbsp;<\/p>\n<p>Menopower Kapseln von Unimedica wurden daf\u00fcr geschaffen, den \u00dcbergang in die reiferen Jahre auf nat\u00fcrliche Weise zu begleiten und unangenehme Nebenerscheinungen der Wechseljahre zu lindern.<\/p>\n<p>Eine Tagesdosis Menopower Kapseln von Unimedica (2 Kapseln) decken den empfohlenen Tagesbedarf an Eisen zu 71 %, an Vitamin B6 und Folat (Fols\u00e4ure bzw. Vitamin B9) zu je 100 % und an Vitamin B12 (Cobalamin) sogar zu 10.000 %. Dabei liegt das Folat in seiner aktiven Form vor. So kann es der K\u00f6rper am besten aufnehmen und nutzen.<\/p>\n<p>Diese Vitalstoffe unterst\u00fctzen das Immunsystem und die Blutbildung und reduzieren M\u00fcdigkeit und Erm\u00fcdungserscheinungen. Sie sind au\u00dferdem an der Zellteilung beteiligt (Eisen, Folat, B12) und unterst\u00fctzen den Energiestoffwechsel (Eisen, B6, B12) sowie weitere wichtige K\u00f6rperfunktionen.<\/p>\n<p>Eine Auswahl spezifischer Pflanzenextrakte vervollkommnen die Menopower Kapseln von Unimedica mit ihren wertvollen Inhaltsstoffen:<\/p>\n<p>Die Yamswurzel ist in den Tropen beheimatet. Die Pflanzen bilden bis zu 2 Meter lange Wurzeln aus. Einige der 800 Arten der Yamswurzelgew\u00e4chse werden als Nahrung angebaut und als Heilpflanzen verwendet. Ihr Geschmack erinnert an Kartoffeln und Esskastanien. Yamswurzeln enthalten neben anderen wertvollen Inhaltsstoffen Diosgenin, eine Vorstufe des nat\u00fcrlichen Hormons Progesteron. Dieses Hormon wird in den Wechseljahren vom weiblichen K\u00f6rper immer weniger gebildet. Das kann verschiedene Wechseljahresbeschwerden ausl\u00f6sen.<\/p>\n<p>Nachtkerzen\u00f6l enth\u00e4lt die hochwertige Omega-6-Fetts\u00e4ure Gamma-Linolens\u00e4ure. Die Nachtkerze mit ihren leuchtend gelben Bl\u00fcten stammt urspr\u00fcnglich aus Nordamerika und ist inzwischen auch hier in Europa weit verbreitet.<\/p>\n<p>Rotklee breitet sich hierzulande gern auf Wiesen und Feldern aus. Er enth\u00e4lt verschiedene Isoflavone, die zu den Phyto\u00f6strogenen z\u00e4hlen.<\/p>\n<p>Baldrian ist seit dem Altertum als erw\u00e4rmendes, beruhigendes und blut- und harntreibendes Hausmittel bekannt. Dabei kommen Wurzelstock und Wurzeln gewaschen, zerkleinert und getrocknet zum Einsatz. Die krautige, bis zu 2 Meter hohe Pflanze geh\u00f6rt zu den Gei\u00dfblattgew\u00e4chsen und wird heute vorrangig in Europa, Japan und den USA angebaut.<\/p>\n<p>M\u00f6nchspfeffer ist ein hochwachsender Strauch aus dem Mittelmeerraum und S\u00fcdwestasien. Seine rot-schwarzen Fr\u00fcchte \u00e4hneln Pfefferk\u00f6rnern und wurden auch im Mittelalter in Kl\u00f6stern als Pfefferersatz zum W\u00fcrzen verwendet. Daher stammt wohl auch der Name. Hippokrates war M\u00f6nchspfeffer schon als Heilpflanze bekannt. Die getrockneten Fr\u00fcchte werden bis heute in pflanzlichen Arzneimitteln zur Linderung verschiedener Frauenleiden eingesetzt.<\/p>\n<p>All diese pflanzlichen Bestandteile werden in der Pflanzenheilkunde bei Frauenleiden, insbesondere bei Wechseljahresbeschwerden angewandt.<\/p>\n<p>Jede Dose Menopower Kapseln von Unimedica enth\u00e4lt 90 Kapseln. Das entspricht einem 1,5-Monats-Vorrat.<\/p>\n<h4>VEGAN UND OHNE FOLGENDE ZUSATZSTOFFE<\/h4>\n<p>Vegane Kapselh\u00fclle aus reiner pflanzlicher Cellulose (HPMC), frei von Carrageen und PEG.<br \/>\nMenopower Kapseln von Unimedica sind frei von Zus\u00e4tzen wie Farbstoffen, Stabilisatoren, Konservierungsstoffen, Trennmitteln wie Magnesiumstearat sowie gentechnikfrei, laktosefrei, glutenfrei und vegan.<\/p>\n<p>Wirkungsspektrum*<\/p>\n<h4>Eisen tr\u00e4gt bei zu*:<\/h4>\n<ul style=\"list-style-type: disc;\">\n<li>einer normalen kognitiven Funktion<\/li>\n<li>einem normalen Energiestoffwechsel<\/li>\n<li>einer normalen Bildung von roten Blutk\u00f6rperchen und H\u00e4moglobin<\/li>\n<li>einem normalen Sauerstofftransport im K\u00f6rper<\/li>\n<li>einer normalen Funktion des Immunsystems<\/li>\n<li>Verringerung von M\u00fcdigkeit und Erm\u00fcdung<\/li>\n<li>einer normalen kognitiven Entwicklung von Kindern,<\/li>\n<li>und hat eine Funktion bei der Zellteilung<\/li>\n<\/ul>\n<p>&nbsp;<\/p>\n<h4>Vitamin B6 tr\u00e4gt bei zu*:<\/h4>\n<ul style=\"list-style-type: disc;\">\n<li>einer normalen Cystein-Synthese<\/li>\n<li>einem normalen Energiestoffwechsel<\/li>\n<li>einer normalen Funktion des Nervensystems<\/li>\n<li>einem normalen Homocystein- Stoffwechsel<\/li>\n<li>einem normalen Eiweiss- und Glycogenstoffwechsel<\/li>\n<li>einer normalen psychischen Funktion<\/li>\n<li>einer normalen Bildung roter Blutk\u00f6rperchen<\/li>\n<li>einer normalen Funktion des Immunsystems<\/li>\n<li>Verringerung von M\u00fcdigkeit und Erm\u00fcdung<\/li>\n<li>Regulierung der Hormont\u00e4tigkeit<\/li>\n<\/ul>\n<p>&nbsp;<\/p>\n<h4>Folat (Fols\u00e4ure bzw. Vitamin B9) tr\u00e4gt bei zu*:<\/h4>\n<ul style=\"list-style-type: disc;\">\n<li>Wachstum des m\u00fctterlichen Gewebes w\u00e4hrend der Schwangerschaft<\/li>\n<li>einer normalen Aminos\u00e4uresynthese<\/li>\n<li>einer normalen Blutbildung<\/li>\n<li>einem normalen Homocystein-Stoffwechsel<\/li>\n<li>einer normalen psychischen Funktion<\/li>\n<li>einer normalen Funktion des Immunsystems<\/li>\n<li>Verringerung von M\u00fcdigkeit und Erm\u00fcdung<\/li>\n<li>und hat eine Funktion bei der Zellteilung<\/li>\n<\/ul>\n<p>&nbsp;<\/p>\n<h4>Vitamin B12 (Cobalamin) tr\u00e4gt bei zu*:<\/h4>\n<ul style=\"list-style-type: disc;\">\n<li>einem normalen Energiestoffwechsel<\/li>\n<li>einer normalen Funktion des Nervensystems<\/li>\n<li>einem normalen Homocystein- Stoffwechsel<\/li>\n<li>einer normalen psychischen Funktion<\/li>\n<li>einer normalen Bildung roter Blutk\u00f6rperchen<\/li>\n<li>einer normalen Funktion des Immunsystems<\/li>\n<li>Verringerung von M\u00fcdigkeit und Erm\u00fcdung<\/li>\n<li>und hat eine Funktion bei der Zellteilung<\/li>\n<\/ul>\n<p>&nbsp;<\/p>\n<p>*Durch die Europ\u00e4ische Beh\u00f6rde f\u00fcr Lebensmittelsicherheit zugelassene gesundheitsbezogene Angaben.<\/p>\n<p>&nbsp;<\/p>\n<p>&nbsp;<\/p>\n","protected":false},"excerpt":{"rendered":"<p>Menopower - unter anderem mit Yamswurzel, Nachtkerzen\u00f6l, Eisen und B-Vitaminen &nbsp; &nbsp; &nbsp; &nbsp; &nbsp; &nbsp; &nbsp; &nbsp; &nbsp; &nbsp; Unimedica mit Yamswurzel, Nachtkerzen\u00f6l, Rotklee, Baldrian, Eisen, M\u00f6nchspfeffer, Fols\u00e4ure, Vitamin B6 und B12 1 Glas mit 90 g\u00e9lules CHF 21.00 &nbsp; &nbsp; &nbsp; &nbsp; Menopower Kapseln von Unimedica wurden daf\u00fcr geschaffen, den \u00dcbergang in die reiferen Jahre auf nat\u00fcrliche Weise&nbsp;<a href=\"https:\/\/bien-etreiris.ch\/de\/produktpraesentation\/gesundes-leben\/nahrungsergaenzungsmittel\/kompi-naehrstoffe\/menopower\/\" class=\"read-more\">Weiter lesen<\/a><\/p>\n","protected":false},"author":1,"featured_media":70576,"parent":47656,"menu_order":3515,"comment_status":"closed","ping_status":"closed","template":"page-with-child.php","meta":{"_acf_changed":false,"ngg_post_thumbnail":0,"footnotes":""},"class_list":["post-70584","page","type-page","status-publish","has-post-thumbnail","hentry"],"acf":[],"yoast_head":"<!-- This site is optimized with the Yoast SEO plugin v27.5 - https:\/\/yoast.com\/product\/yoast-seo-wordpress\/ -->\n<title>MENOPOWER - WOHLBEFINDEN<\/title>\n<meta name=\"robots\" content=\"index, follow, max-snippet:-1, max-image-preview:large, max-video-preview:-1\" \/>\n<link rel=\"canonical\" href=\"https:\/\/bien-etreiris.ch\/de\/produktpraesentation\/gesundes-leben\/nahrungsergaenzungsmittel\/kompi-naehrstoffe\/menopower\/\" \/>\n<meta property=\"og:locale\" content=\"de_DE\" \/>\n<meta property=\"og:type\" content=\"article\" \/>\n<meta property=\"og:title\" content=\"MENOPOWER - WOHLBEFINDEN\" \/>\n<meta property=\"og:description\" content=\"Menopower - unter anderem mit Yamswurzel, Nachtkerzen\u00f6l, Eisen und B-Vitaminen &nbsp; &nbsp; &nbsp; &nbsp; &nbsp; &nbsp; &nbsp; &nbsp; &nbsp; &nbsp; Unimedica mit Yamswurzel, Nachtkerzen\u00f6l, Rotklee, Baldrian, Eisen, M\u00f6nchspfeffer, Fols\u00e4ure, Vitamin B6 und B12 1 Glas mit 90 g\u00e9lules CHF 21.00 &nbsp; &nbsp; &nbsp; &nbsp; Menopower Kapseln von Unimedica wurden daf\u00fcr geschaffen, den \u00dcbergang in die reiferen Jahre auf nat\u00fcrliche Weise&nbsp;Weiter lesen\" \/>\n<meta property=\"og:url\" content=\"https:\/\/bien-etreiris.ch\/de\/produktpraesentation\/gesundes-leben\/nahrungsergaenzungsmittel\/kompi-naehrstoffe\/menopower\/\" \/>\n<meta property=\"og:site_name\" content=\"WOHLBEFINDEN\" \/>\n<meta property=\"article:publisher\" content=\"https:\/\/www.facebook.com\/bienetreiris\/\" \/>\n<meta property=\"article:modified_time\" content=\"2023-05-23T12:41:47+00:00\" \/>\n<meta property=\"og:image\" content=\"https:\/\/bien-etreiris.ch\/wp-content\/uploads\/2023\/05\/acceuil-menopower.jpg\" \/>\n\t<meta property=\"og:image:width\" content=\"500\" \/>\n\t<meta property=\"og:image:height\" content=\"333\" \/>\n\t<meta property=\"og:image:type\" content=\"image\/jpeg\" \/>\n<meta name=\"twitter:label1\" content=\"Gesch\u00e4tzte Lesezeit\" \/>\n\t<meta name=\"twitter:data1\" content=\"4\u00a0Minuten\" \/>\n<script type=\"application\/ld+json\" class=\"yoast-schema-graph\">{\"@context\":\"https:\\\/\\\/schema.org\",\"@graph\":[{\"@type\":\"WebPage\",\"@id\":\"https:\\\/\\\/bien-etreiris.ch\\\/de\\\/produktpraesentation\\\/gesundes-leben\\\/nahrungsergaenzungsmittel\\\/kompi-naehrstoffe\\\/menopower\\\/\",\"url\":\"https:\\\/\\\/bien-etreiris.ch\\\/de\\\/produktpraesentation\\\/gesundes-leben\\\/nahrungsergaenzungsmittel\\\/kompi-naehrstoffe\\\/menopower\\\/\",\"name\":\"MENOPOWER - WOHLBEFINDEN\",\"isPartOf\":{\"@id\":\"https:\\\/\\\/bien-etreiris.ch\\\/de\\\/#website\"},\"primaryImageOfPage\":{\"@id\":\"https:\\\/\\\/bien-etreiris.ch\\\/de\\\/produktpraesentation\\\/gesundes-leben\\\/nahrungsergaenzungsmittel\\\/kompi-naehrstoffe\\\/menopower\\\/#primaryimage\"},\"image\":{\"@id\":\"https:\\\/\\\/bien-etreiris.ch\\\/de\\\/produktpraesentation\\\/gesundes-leben\\\/nahrungsergaenzungsmittel\\\/kompi-naehrstoffe\\\/menopower\\\/#primaryimage\"},\"thumbnailUrl\":\"https:\\\/\\\/bien-etreiris.ch\\\/wp-content\\\/uploads\\\/2023\\\/05\\\/acceuil-menopower.jpg\",\"datePublished\":\"2023-05-20T11:53:57+00:00\",\"dateModified\":\"2023-05-23T12:41:47+00:00\",\"breadcrumb\":{\"@id\":\"https:\\\/\\\/bien-etreiris.ch\\\/de\\\/produktpraesentation\\\/gesundes-leben\\\/nahrungsergaenzungsmittel\\\/kompi-naehrstoffe\\\/menopower\\\/#breadcrumb\"},\"inLanguage\":\"de\",\"potentialAction\":[{\"@type\":\"ReadAction\",\"target\":[\"https:\\\/\\\/bien-etreiris.ch\\\/de\\\/produktpraesentation\\\/gesundes-leben\\\/nahrungsergaenzungsmittel\\\/kompi-naehrstoffe\\\/menopower\\\/\"]}]},{\"@type\":\"ImageObject\",\"inLanguage\":\"de\",\"@id\":\"https:\\\/\\\/bien-etreiris.ch\\\/de\\\/produktpraesentation\\\/gesundes-leben\\\/nahrungsergaenzungsmittel\\\/kompi-naehrstoffe\\\/menopower\\\/#primaryimage\",\"url\":\"https:\\\/\\\/bien-etreiris.ch\\\/wp-content\\\/uploads\\\/2023\\\/05\\\/acceuil-menopower.jpg\",\"contentUrl\":\"https:\\\/\\\/bien-etreiris.ch\\\/wp-content\\\/uploads\\\/2023\\\/05\\\/acceuil-menopower.jpg\",\"width\":500,\"height\":333},{\"@type\":\"BreadcrumbList\",\"@id\":\"https:\\\/\\\/bien-etreiris.ch\\\/de\\\/produktpraesentation\\\/gesundes-leben\\\/nahrungsergaenzungsmittel\\\/kompi-naehrstoffe\\\/menopower\\\/#breadcrumb\",\"itemListElement\":[{\"@type\":\"ListItem\",\"position\":1,\"name\":\"Home\",\"item\":\"https:\\\/\\\/bien-etreiris.ch\\\/de\\\/\"},{\"@type\":\"ListItem\",\"position\":2,\"name\":\"PRODUKTPR\u00c4SENTATION\",\"item\":\"https:\\\/\\\/bien-etreiris.ch\\\/de\\\/produktpraesentation\\\/\"},{\"@type\":\"ListItem\",\"position\":3,\"name\":\"GESUNDES LEBEN\",\"item\":\"https:\\\/\\\/bien-etreiris.ch\\\/de\\\/produktpraesentation\\\/gesundes-leben\\\/\"},{\"@type\":\"ListItem\",\"position\":4,\"name\":\"NAHRUNGSERG\u00c4NZUNG\",\"item\":\"https:\\\/\\\/bien-etreiris.ch\\\/de\\\/produktpraesentation\\\/gesundes-leben\\\/nahrungsergaenzungsmittel\\\/\"},{\"@type\":\"ListItem\",\"position\":5,\"name\":\"KOMPI N\u00c4HRSTOFFE\",\"item\":\"https:\\\/\\\/bien-etreiris.ch\\\/de\\\/produktpraesentation\\\/gesundes-leben\\\/nahrungsergaenzungsmittel\\\/kompi-naehrstoffe\\\/\"},{\"@type\":\"ListItem\",\"position\":6,\"name\":\"MENOPOWER\"}]},{\"@type\":\"WebSite\",\"@id\":\"https:\\\/\\\/bien-etreiris.ch\\\/de\\\/#website\",\"url\":\"https:\\\/\\\/bien-etreiris.ch\\\/de\\\/\",\"name\":\"Bien-\u00eatre Iris\",\"description\":\"IHRE Gesundheit ist uns wichtig\",\"potentialAction\":[{\"@type\":\"SearchAction\",\"target\":{\"@type\":\"EntryPoint\",\"urlTemplate\":\"https:\\\/\\\/bien-etreiris.ch\\\/de\\\/?s={search_term_string}\"},\"query-input\":{\"@type\":\"PropertyValueSpecification\",\"valueRequired\":true,\"valueName\":\"search_term_string\"}}],\"inLanguage\":\"de\"}]}<\/script>\n<!-- \/ Yoast SEO plugin. -->","yoast_head_json":{"title":"MENOPOWER - WOHLBEFINDEN","robots":{"index":"index","follow":"follow","max-snippet":"max-snippet:-1","max-image-preview":"max-image-preview:large","max-video-preview":"max-video-preview:-1"},"canonical":"https:\/\/bien-etreiris.ch\/de\/produktpraesentation\/gesundes-leben\/nahrungsergaenzungsmittel\/kompi-naehrstoffe\/menopower\/","og_locale":"de_DE","og_type":"article","og_title":"MENOPOWER - WOHLBEFINDEN","og_description":"Menopower - unter anderem mit Yamswurzel, Nachtkerzen\u00f6l, Eisen und B-Vitaminen &nbsp; &nbsp; &nbsp; &nbsp; &nbsp; &nbsp; &nbsp; &nbsp; &nbsp; &nbsp; Unimedica mit Yamswurzel, Nachtkerzen\u00f6l, Rotklee, Baldrian, Eisen, M\u00f6nchspfeffer, Fols\u00e4ure, Vitamin B6 und B12 1 Glas mit 90 g\u00e9lules CHF 21.00 &nbsp; &nbsp; &nbsp; &nbsp; Menopower Kapseln von Unimedica wurden daf\u00fcr geschaffen, den \u00dcbergang in die reiferen Jahre auf nat\u00fcrliche Weise&nbsp;Weiter lesen","og_url":"https:\/\/bien-etreiris.ch\/de\/produktpraesentation\/gesundes-leben\/nahrungsergaenzungsmittel\/kompi-naehrstoffe\/menopower\/","og_site_name":"WOHLBEFINDEN","article_publisher":"https:\/\/www.facebook.com\/bienetreiris\/","article_modified_time":"2023-05-23T12:41:47+00:00","og_image":[{"width":500,"height":333,"url":"https:\/\/bien-etreiris.ch\/wp-content\/uploads\/2023\/05\/acceuil-menopower.jpg","type":"image\/jpeg"}],"twitter_misc":{"Gesch\u00e4tzte Lesezeit":"4\u00a0Minuten"},"schema":{"@context":"https:\/\/schema.org","@graph":[{"@type":"WebPage","@id":"https:\/\/bien-etreiris.ch\/de\/produktpraesentation\/gesundes-leben\/nahrungsergaenzungsmittel\/kompi-naehrstoffe\/menopower\/","url":"https:\/\/bien-etreiris.ch\/de\/produktpraesentation\/gesundes-leben\/nahrungsergaenzungsmittel\/kompi-naehrstoffe\/menopower\/","name":"MENOPOWER - WOHLBEFINDEN","isPartOf":{"@id":"https:\/\/bien-etreiris.ch\/de\/#website"},"primaryImageOfPage":{"@id":"https:\/\/bien-etreiris.ch\/de\/produktpraesentation\/gesundes-leben\/nahrungsergaenzungsmittel\/kompi-naehrstoffe\/menopower\/#primaryimage"},"image":{"@id":"https:\/\/bien-etreiris.ch\/de\/produktpraesentation\/gesundes-leben\/nahrungsergaenzungsmittel\/kompi-naehrstoffe\/menopower\/#primaryimage"},"thumbnailUrl":"https:\/\/bien-etreiris.ch\/wp-content\/uploads\/2023\/05\/acceuil-menopower.jpg","datePublished":"2023-05-20T11:53:57+00:00","dateModified":"2023-05-23T12:41:47+00:00","breadcrumb":{"@id":"https:\/\/bien-etreiris.ch\/de\/produktpraesentation\/gesundes-leben\/nahrungsergaenzungsmittel\/kompi-naehrstoffe\/menopower\/#breadcrumb"},"inLanguage":"de","potentialAction":[{"@type":"ReadAction","target":["https:\/\/bien-etreiris.ch\/de\/produktpraesentation\/gesundes-leben\/nahrungsergaenzungsmittel\/kompi-naehrstoffe\/menopower\/"]}]},{"@type":"ImageObject","inLanguage":"de","@id":"https:\/\/bien-etreiris.ch\/de\/produktpraesentation\/gesundes-leben\/nahrungsergaenzungsmittel\/kompi-naehrstoffe\/menopower\/#primaryimage","url":"https:\/\/bien-etreiris.ch\/wp-content\/uploads\/2023\/05\/acceuil-menopower.jpg","contentUrl":"https:\/\/bien-etreiris.ch\/wp-content\/uploads\/2023\/05\/acceuil-menopower.jpg","width":500,"height":333},{"@type":"BreadcrumbList","@id":"https:\/\/bien-etreiris.ch\/de\/produktpraesentation\/gesundes-leben\/nahrungsergaenzungsmittel\/kompi-naehrstoffe\/menopower\/#breadcrumb","itemListElement":[{"@type":"ListItem","position":1,"name":"Home","item":"https:\/\/bien-etreiris.ch\/de\/"},{"@type":"ListItem","position":2,"name":"PRODUKTPR\u00c4SENTATION","item":"https:\/\/bien-etreiris.ch\/de\/produktpraesentation\/"},{"@type":"ListItem","position":3,"name":"GESUNDES LEBEN","item":"https:\/\/bien-etreiris.ch\/de\/produktpraesentation\/gesundes-leben\/"},{"@type":"ListItem","position":4,"name":"NAHRUNGSERG\u00c4NZUNG","item":"https:\/\/bien-etreiris.ch\/de\/produktpraesentation\/gesundes-leben\/nahrungsergaenzungsmittel\/"},{"@type":"ListItem","position":5,"name":"KOMPI N\u00c4HRSTOFFE","item":"https:\/\/bien-etreiris.ch\/de\/produktpraesentation\/gesundes-leben\/nahrungsergaenzungsmittel\/kompi-naehrstoffe\/"},{"@type":"ListItem","position":6,"name":"MENOPOWER"}]},{"@type":"WebSite","@id":"https:\/\/bien-etreiris.ch\/de\/#website","url":"https:\/\/bien-etreiris.ch\/de\/","name":"Bien-\u00eatre Iris","description":"IHRE Gesundheit ist uns wichtig","potentialAction":[{"@type":"SearchAction","target":{"@type":"EntryPoint","urlTemplate":"https:\/\/bien-etreiris.ch\/de\/?s={search_term_string}"},"query-input":{"@type":"PropertyValueSpecification","valueRequired":true,"valueName":"search_term_string"}}],"inLanguage":"de"}]}},"_links":{"self":[{"href":"https:\/\/bien-etreiris.ch\/de\/wp-json\/wp\/v2\/pages\/70584","targetHints":{"allow":["GET"]}}],"collection":[{"href":"https:\/\/bien-etreiris.ch\/de\/wp-json\/wp\/v2\/pages"}],"about":[{"href":"https:\/\/bien-etreiris.ch\/de\/wp-json\/wp\/v2\/types\/page"}],"author":[{"embeddable":true,"href":"https:\/\/bien-etreiris.ch\/de\/wp-json\/wp\/v2\/users\/1"}],"replies":[{"embeddable":true,"href":"https:\/\/bien-etreiris.ch\/de\/wp-json\/wp\/v2\/comments?post=70584"}],"version-history":[{"count":6,"href":"https:\/\/bien-etreiris.ch\/de\/wp-json\/wp\/v2\/pages\/70584\/revisions"}],"predecessor-version":[{"id":70606,"href":"https:\/\/bien-etreiris.ch\/de\/wp-json\/wp\/v2\/pages\/70584\/revisions\/70606"}],"up":[{"embeddable":true,"href":"https:\/\/bien-etreiris.ch\/de\/wp-json\/wp\/v2\/pages\/47656"}],"wp:featuredmedia":[{"embeddable":true,"href":"https:\/\/bien-etreiris.ch\/de\/wp-json\/wp\/v2\/media\/70576"}],"wp:attachment":[{"href":"https:\/\/bien-etreiris.ch\/de\/wp-json\/wp\/v2\/media?parent=70584"}],"curies":[{"name":"wp","href":"https:\/\/api.w.org\/{rel}","templated":true}]}}