{"id":70553,"date":"2023-05-18T11:51:30","date_gmt":"2023-05-18T09:51:30","guid":{"rendered":"https:\/\/bien-etreiris.ch\/produktpraesentation\/aromatherapie\/aetherische-oele\/sandelholz\/bois-de-santal-sec\/"},"modified":"2023-05-18T11:57:21","modified_gmt":"2023-05-18T09:57:21","slug":"bois-de-santal-sec","status":"publish","type":"page","link":"https:\/\/bien-etreiris.ch\/de\/produktpraesentation\/aromatherapie\/aetherische-oele\/sandelholz\/bois-de-santal-sec\/","title":{"rendered":"BOIS DE SANTAL SEC"},"content":{"rendered":"\n<h2>Bois de santal sec<\/h2>\n<p><a href=\"https:\/\/bien-etreiris.ch\/de\/produktpraesentation\/aromatherapie\/aetherische-oele\/sandelholz\/bois-de-santal-sec\/dead-sandalwood-2\/\" rel=\"attachment wp-att-70544\"><img loading=\"lazy\" decoding=\"async\" class=\"wp-image-70544 alignleft\" src=\"https:\/\/bien-etreiris.ch\/wp-content\/uploads\/2023\/05\/Dead-Sandalwood.jpg\" alt=\"\" width=\"175\" height=\"396\" srcset=\"https:\/\/bien-etreiris.ch\/wp-content\/uploads\/2023\/05\/Dead-Sandalwood.jpg 301w, https:\/\/bien-etreiris.ch\/wp-content\/uploads\/2023\/05\/Dead-Sandalwood-133x300.jpg 133w\" sizes=\"auto, (max-width: 175px) 100vw, 175px\" \/><\/a><\/p>\n<p>&nbsp;<\/p>\n<p>&nbsp;<\/p>\n<p>&nbsp;<\/p>\n<p>&nbsp;<\/p>\n<p>&nbsp;<\/p>\n<h4>Damascena<\/h4>\n<p>Bois de santal mort<\/p>\n<p>huile essentielle 100% naturelle<\/p>\n<p>Lat. Nom : Santalum spicatum<\/p>\n<p>Contenue : 5 ml <strong>CHF 49.00<\/strong><\/p>\n<p>&nbsp;<\/p>\n<p>&nbsp;<\/p>\n<p>&nbsp;<\/p>\n<p>&nbsp;<\/p>\n<div class=\"span12\" data-motopress-wrapper-file=\"page-fullwidth.php\" data-motopress-wrapper-type=\"content\">\n<div id=\"content\" class=\"row\">\n<div class=\"span12\" data-motopress-type=\"loop\" data-motopress-loop-file=\"loop\/loop-page.php\">\n<div id=\"post-63950\" class=\"page post-63950 type-page status-publish has-post-thumbnail hentry\">\n<table style=\"width: 77.0238%;\">\n<tbody>\n<tr>\n<td style=\"width: 24.4048%;\"><strong>Nom botanique :<\/strong><\/td>\n<td style=\"width: 51.6667%;\">Santalum spicatum<\/td>\n<\/tr>\n<tr>\n<td style=\"width: 24.4048%;\"><strong>Famille botanique :<\/strong><\/td>\n<td style=\"width: 51.6667%;\">&nbsp;<\/td>\n<\/tr>\n<tr>\n<td style=\"width: 24.4048%;\"><strong>M\u00e9thode d'extraction :<\/strong><\/td>\n<td style=\"width: 51.6667%;\">Distillation \u00e0 la vapeur d'eau<\/td>\n<\/tr>\n<tr>\n<td style=\"width: 24.4048%;\"><strong>Partie de la plante utilis\u00e9e :<\/strong><\/td>\n<td style=\"width: 51.6667%;\">Partie de la plante Bois r\u00e9colt\u00e9 \u00e0 l'\u00e9tat sauvage<\/td>\n<\/tr>\n<tr>\n<td style=\"width: 24.4048%;\"><strong>Quantit\u00e9 v\u00e9g\u00e9tale :<\/strong><\/td>\n<td style=\"width: 51.6667%;\">Quantit\u00e9 de plantes 90-120 kilos de bois de santal sec sont n\u00e9cessaires pour obtenir 1 kg d'huile.<\/td>\n<\/tr>\n<tr>\n<td style=\"width: 24.4048%;\"><strong>Origine g\u00e9ographique :<\/strong>&nbsp;<\/td>\n<td style=\"width: 51.6667%;\">Australie<\/td>\n<\/tr>\n<tr>\n<td style=\"width: 24.4048%;\"><strong>Culture qualit\u00e9&nbsp;:<\/strong><\/td>\n<td style=\"width: 51.6667%;\">sauvage<\/td>\n<\/tr>\n<tr>\n<td style=\"width: 24.4048%;\"><strong>Effet parfum\u00e9 :<\/strong><\/td>\n<td style=\"width: 51.6667%;\">terreux<\/td>\n<\/tr>\n<tr>\n<td style=\"width: 24.4048%;\"><strong>Note parfum\u00e9e :<\/strong><\/td>\n<td style=\"width: 51.6667%;\">Note de base<\/td>\n<\/tr>\n<tr>\n<td style=\"width: 24.4048%;\"><strong>Profil de parfum :<\/strong><\/td>\n<td style=\"width: 51.6667%;\">doux-bois\u00e9, balsamique, chaud-bois\u00e9<\/td>\n<\/tr>\n<tr>\n<td style=\"width: 24.4048%;\"><strong>Th\u00e8me du parfum :<\/strong><\/td>\n<td style=\"width: 51.6667%;\">r\u00e9chauffant, inspirant, apaisant, harmonisant<\/td>\n<\/tr>\n<tr>\n<td style=\"width: 24.4048%;\"><strong>\u00c9nerg\u00e9tique :<\/strong><\/td>\n<td style=\"width: 51.6667%;\">&nbsp;<\/td>\n<\/tr>\n<tr>\n<td style=\"width: 24.4048%; vertical-align: top;\"><strong>Psycho-\u00e9motionnel :<\/strong>&nbsp;<\/td>\n<td style=\"width: 51.6667%;\">\n<ul style=\"list-style-type: disc;\">\n<li>procure un sentiment de s\u00e9curit\u00e9<\/li>\n<li>r\u00e9chauffe et apaise.<\/li>\n<\/ul>\n<\/td>\n<\/tr>\n<tr>\n<td style=\"width: 24.4048%; vertical-align: top;\">\n<p><strong>Description :<\/strong><\/p>\n<p>&nbsp;<\/p>\n<p>&nbsp;<\/p>\n<p>&nbsp;<\/p>\n<p>&nbsp;<\/p>\n<p>&nbsp;<\/p>\n<\/td>\n<td style=\"width: 51.6667%;\" scope=\"row\">\n<ul style=\"list-style-type: disc;\">\n<li>\n<p>L'huile est obtenue \u00e0 partir du bois de santal s\u00e9ch\u00e9. Les aborig\u00e8nes d'Australie le collectent depuis longtemps.<\/p>\n<\/li>\n<li>\n<p>C'est une expression de leur respect pour les arbres. Avec la mort du bois, ses composants changent. L'huile d\u00e9gage un parfum bois\u00e9, chaud et profond.<\/p>\n<\/li>\n<li>\n<p>&nbsp;<\/p>\n<p>L'aromath\u00e9rapie utilise l'huile de bois santal sec pour traiter les maladies des voies respiratoires.<\/p>\n<\/li>\n<li>\n<p>Sur le plan \u00e9motionnel et psychique, elle<\/p>\n<\/li>\n<li>\n<p>Son parfum inspirant fait na\u00eetre la cr\u00e9ativit\u00e9.<\/p>\n<\/li>\n<\/ul>\n<p>&nbsp;<\/p>\n<\/td>\n<\/tr>\n<tr>\n<td style=\"width: 24.4048%; vertical-align: top;\">\n<p><strong>Application :<\/strong><\/p>\n<\/td>\n<td style=\"width: 51.6667%;\">\n<ul style=\"list-style-type: disc;\">\n<li>\n<p>Dead Sandalwood se m\u00e9lange bien avec la lavande, le pamplemousse, la bergamote, le citron, la camomille, l'ylang-ylang, le sapin de Douglas et le sapin blanc.<\/p>\n<\/li>\n<li>\n<p>Pour un bain traitant et relaxant, m\u00e9langer avec de la rose, de l'orange, de l'arolle et de la base de bain moussant au coco.<\/p>\n<p>.<\/p>\n<\/li>\n<\/ul>\n<\/td>\n<\/tr>\n<tr>\n<td style=\"width: 24.4048%; vertical-align: top;\">\n<p><strong>Allerg\u00e8nes :<br><\/strong><\/p>\n<\/td>\n<td style=\"width: 51.6667%;\">\n<ul style=\"list-style-type: disc;\">\n<li>Farn\u00e9sol<\/li>\n<\/ul>\n<\/td>\n<\/tr>\n<tr>\n<td style=\"width: 24.4048%; vertical-align: top;\" colspan=\"2\">\n<p><strong>Des sp\u00e9cialistes form\u00e9s se feront un plaisir de vous donner de plus amples informations sur les possibilit\u00e9s d'utilisation m\u00e9dicale et cosm\u00e9tique<\/strong><\/p>\n<p>&nbsp;<\/p>\n<\/td>\n<\/tr>\n<\/tbody>\n<\/table>\n<div class=\"clear\">&nbsp;<\/div>\n<\/div>\n<div class=\"row\">&nbsp;<\/div>\n<\/div>\n<\/div>\n<\/div>\n<p>&nbsp;<\/p>\n","protected":false},"excerpt":{"rendered":"<p>Bois de santal sec &nbsp; &nbsp; &nbsp; &nbsp; &nbsp; Damascena Bois de santal mort huile essentielle 100% naturelle Lat. Nom : Santalum spicatum Contenue : 5 ml CHF 49.00 &nbsp; &nbsp; &nbsp; &nbsp; Nom botanique : Santalum spicatum Famille botanique : &nbsp; M\u00e9thode d'extraction : Distillation \u00e0 la vapeur d'eau Partie de la plante utilis\u00e9e : Partie de la plante&nbsp;<a href=\"https:\/\/bien-etreiris.ch\/de\/produktpraesentation\/aromatherapie\/aetherische-oele\/sandelholz\/bois-de-santal-sec\/\" class=\"read-more\">Weiter lesen<\/a><\/p>\n","protected":false},"author":1,"featured_media":70549,"parent":70453,"menu_order":3518,"comment_status":"closed","ping_status":"closed","template":"page-with-child.php","meta":{"_acf_changed":false,"ngg_post_thumbnail":0,"footnotes":""},"class_list":["post-70553","page","type-page","status-publish","has-post-thumbnail","hentry"],"acf":[],"yoast_head":"<!-- This site is optimized with the Yoast SEO plugin v27.6 - https:\/\/yoast.com\/product\/yoast-seo-wordpress\/ -->\n<title>BOIS DE SANTAL SEC - WOHLBEFINDEN<\/title>\n<meta name=\"robots\" content=\"index, follow, max-snippet:-1, max-image-preview:large, max-video-preview:-1\" \/>\n<link rel=\"canonical\" href=\"https:\/\/bien-etreiris.ch\/de\/produktpraesentation\/aromatherapie\/aetherische-oele\/sandelholz\/bois-de-santal-sec\/\" \/>\n<meta property=\"og:locale\" content=\"de_DE\" \/>\n<meta property=\"og:type\" content=\"article\" \/>\n<meta property=\"og:title\" content=\"BOIS DE SANTAL SEC - WOHLBEFINDEN\" \/>\n<meta property=\"og:description\" content=\"Bois de santal sec &nbsp; &nbsp; &nbsp; &nbsp; &nbsp; Damascena Bois de santal mort huile essentielle 100% naturelle Lat. Nom : Santalum spicatum Contenue : 5 ml CHF 49.00 &nbsp; &nbsp; &nbsp; &nbsp; Nom botanique : Santalum spicatum Famille botanique : &nbsp; M\u00e9thode d&#039;extraction : Distillation \u00e0 la vapeur d&#039;eau Partie de la plante utilis\u00e9e : Partie de la plante&nbsp;Weiter lesen\" \/>\n<meta property=\"og:url\" content=\"https:\/\/bien-etreiris.ch\/de\/produktpraesentation\/aromatherapie\/aetherische-oele\/sandelholz\/bois-de-santal-sec\/\" \/>\n<meta property=\"og:site_name\" content=\"WOHLBEFINDEN\" \/>\n<meta property=\"article:publisher\" content=\"https:\/\/www.facebook.com\/bienetreiris\/\" \/>\n<meta property=\"article:modified_time\" content=\"2023-05-18T09:57:21+00:00\" \/>\n<meta property=\"og:image\" content=\"https:\/\/bien-etreiris.ch\/wp-content\/uploads\/2023\/05\/acceuil-Dead-Sandalwood.png\" \/>\n\t<meta property=\"og:image:width\" content=\"500\" \/>\n\t<meta property=\"og:image:height\" content=\"303\" \/>\n\t<meta property=\"og:image:type\" content=\"image\/png\" \/>\n<meta name=\"twitter:label1\" content=\"Gesch\u00e4tzte Lesezeit\" \/>\n\t<meta name=\"twitter:data1\" content=\"2\u00a0Minuten\" \/>\n<script type=\"application\/ld+json\" class=\"yoast-schema-graph\">{\"@context\":\"https:\\\/\\\/schema.org\",\"@graph\":[{\"@type\":\"WebPage\",\"@id\":\"https:\\\/\\\/bien-etreiris.ch\\\/de\\\/produktpraesentation\\\/aromatherapie\\\/aetherische-oele\\\/sandelholz\\\/bois-de-santal-sec\\\/\",\"url\":\"https:\\\/\\\/bien-etreiris.ch\\\/de\\\/produktpraesentation\\\/aromatherapie\\\/aetherische-oele\\\/sandelholz\\\/bois-de-santal-sec\\\/\",\"name\":\"BOIS DE SANTAL SEC - WOHLBEFINDEN\",\"isPartOf\":{\"@id\":\"https:\\\/\\\/bien-etreiris.ch\\\/de\\\/#website\"},\"primaryImageOfPage\":{\"@id\":\"https:\\\/\\\/bien-etreiris.ch\\\/de\\\/produktpraesentation\\\/aromatherapie\\\/aetherische-oele\\\/sandelholz\\\/bois-de-santal-sec\\\/#primaryimage\"},\"image\":{\"@id\":\"https:\\\/\\\/bien-etreiris.ch\\\/de\\\/produktpraesentation\\\/aromatherapie\\\/aetherische-oele\\\/sandelholz\\\/bois-de-santal-sec\\\/#primaryimage\"},\"thumbnailUrl\":\"https:\\\/\\\/bien-etreiris.ch\\\/wp-content\\\/uploads\\\/2023\\\/05\\\/acceuil-Dead-Sandalwood.png\",\"datePublished\":\"2023-05-18T09:51:30+00:00\",\"dateModified\":\"2023-05-18T09:57:21+00:00\",\"breadcrumb\":{\"@id\":\"https:\\\/\\\/bien-etreiris.ch\\\/de\\\/produktpraesentation\\\/aromatherapie\\\/aetherische-oele\\\/sandelholz\\\/bois-de-santal-sec\\\/#breadcrumb\"},\"inLanguage\":\"de\",\"potentialAction\":[{\"@type\":\"ReadAction\",\"target\":[\"https:\\\/\\\/bien-etreiris.ch\\\/de\\\/produktpraesentation\\\/aromatherapie\\\/aetherische-oele\\\/sandelholz\\\/bois-de-santal-sec\\\/\"]}]},{\"@type\":\"ImageObject\",\"inLanguage\":\"de\",\"@id\":\"https:\\\/\\\/bien-etreiris.ch\\\/de\\\/produktpraesentation\\\/aromatherapie\\\/aetherische-oele\\\/sandelholz\\\/bois-de-santal-sec\\\/#primaryimage\",\"url\":\"https:\\\/\\\/bien-etreiris.ch\\\/wp-content\\\/uploads\\\/2023\\\/05\\\/acceuil-Dead-Sandalwood.png\",\"contentUrl\":\"https:\\\/\\\/bien-etreiris.ch\\\/wp-content\\\/uploads\\\/2023\\\/05\\\/acceuil-Dead-Sandalwood.png\",\"width\":500,\"height\":303},{\"@type\":\"BreadcrumbList\",\"@id\":\"https:\\\/\\\/bien-etreiris.ch\\\/de\\\/produktpraesentation\\\/aromatherapie\\\/aetherische-oele\\\/sandelholz\\\/bois-de-santal-sec\\\/#breadcrumb\",\"itemListElement\":[{\"@type\":\"ListItem\",\"position\":1,\"name\":\"Home\",\"item\":\"https:\\\/\\\/bien-etreiris.ch\\\/de\\\/\"},{\"@type\":\"ListItem\",\"position\":2,\"name\":\"PRODUKTPR\u00c4SENTATION\",\"item\":\"https:\\\/\\\/bien-etreiris.ch\\\/de\\\/produktpraesentation\\\/\"},{\"@type\":\"ListItem\",\"position\":3,\"name\":\"AROMATHERAPIE\",\"item\":\"https:\\\/\\\/bien-etreiris.ch\\\/de\\\/produktpraesentation\\\/aromatherapie\\\/\"},{\"@type\":\"ListItem\",\"position\":4,\"name\":\"\u00c4THERISCHE \u00d6LE\",\"item\":\"https:\\\/\\\/bien-etreiris.ch\\\/de\\\/produktpraesentation\\\/aromatherapie\\\/aetherische-oele\\\/\"},{\"@type\":\"ListItem\",\"position\":5,\"name\":\"SANDELHOLZ\",\"item\":\"https:\\\/\\\/bien-etreiris.ch\\\/de\\\/produktpraesentation\\\/aromatherapie\\\/aetherische-oele\\\/sandelholz\\\/\"},{\"@type\":\"ListItem\",\"position\":6,\"name\":\"BOIS DE SANTAL SEC\"}]},{\"@type\":\"WebSite\",\"@id\":\"https:\\\/\\\/bien-etreiris.ch\\\/de\\\/#website\",\"url\":\"https:\\\/\\\/bien-etreiris.ch\\\/de\\\/\",\"name\":\"Bien-\u00eatre Iris\",\"description\":\"IHRE Gesundheit ist uns wichtig\",\"potentialAction\":[{\"@type\":\"SearchAction\",\"target\":{\"@type\":\"EntryPoint\",\"urlTemplate\":\"https:\\\/\\\/bien-etreiris.ch\\\/de\\\/?s={search_term_string}\"},\"query-input\":{\"@type\":\"PropertyValueSpecification\",\"valueRequired\":true,\"valueName\":\"search_term_string\"}}],\"inLanguage\":\"de\"}]}<\/script>\n<!-- \/ Yoast SEO plugin. -->","yoast_head_json":{"title":"BOIS DE SANTAL SEC - WOHLBEFINDEN","robots":{"index":"index","follow":"follow","max-snippet":"max-snippet:-1","max-image-preview":"max-image-preview:large","max-video-preview":"max-video-preview:-1"},"canonical":"https:\/\/bien-etreiris.ch\/de\/produktpraesentation\/aromatherapie\/aetherische-oele\/sandelholz\/bois-de-santal-sec\/","og_locale":"de_DE","og_type":"article","og_title":"BOIS DE SANTAL SEC - WOHLBEFINDEN","og_description":"Bois de santal sec &nbsp; &nbsp; &nbsp; &nbsp; &nbsp; Damascena Bois de santal mort huile essentielle 100% naturelle Lat. Nom : Santalum spicatum Contenue : 5 ml CHF 49.00 &nbsp; &nbsp; &nbsp; &nbsp; Nom botanique : Santalum spicatum Famille botanique : &nbsp; M\u00e9thode d'extraction : Distillation \u00e0 la vapeur d'eau Partie de la plante utilis\u00e9e : Partie de la plante&nbsp;Weiter lesen","og_url":"https:\/\/bien-etreiris.ch\/de\/produktpraesentation\/aromatherapie\/aetherische-oele\/sandelholz\/bois-de-santal-sec\/","og_site_name":"WOHLBEFINDEN","article_publisher":"https:\/\/www.facebook.com\/bienetreiris\/","article_modified_time":"2023-05-18T09:57:21+00:00","og_image":[{"width":500,"height":303,"url":"https:\/\/bien-etreiris.ch\/wp-content\/uploads\/2023\/05\/acceuil-Dead-Sandalwood.png","type":"image\/png"}],"twitter_misc":{"Gesch\u00e4tzte Lesezeit":"2\u00a0Minuten"},"schema":{"@context":"https:\/\/schema.org","@graph":[{"@type":"WebPage","@id":"https:\/\/bien-etreiris.ch\/de\/produktpraesentation\/aromatherapie\/aetherische-oele\/sandelholz\/bois-de-santal-sec\/","url":"https:\/\/bien-etreiris.ch\/de\/produktpraesentation\/aromatherapie\/aetherische-oele\/sandelholz\/bois-de-santal-sec\/","name":"BOIS DE SANTAL SEC - WOHLBEFINDEN","isPartOf":{"@id":"https:\/\/bien-etreiris.ch\/de\/#website"},"primaryImageOfPage":{"@id":"https:\/\/bien-etreiris.ch\/de\/produktpraesentation\/aromatherapie\/aetherische-oele\/sandelholz\/bois-de-santal-sec\/#primaryimage"},"image":{"@id":"https:\/\/bien-etreiris.ch\/de\/produktpraesentation\/aromatherapie\/aetherische-oele\/sandelholz\/bois-de-santal-sec\/#primaryimage"},"thumbnailUrl":"https:\/\/bien-etreiris.ch\/wp-content\/uploads\/2023\/05\/acceuil-Dead-Sandalwood.png","datePublished":"2023-05-18T09:51:30+00:00","dateModified":"2023-05-18T09:57:21+00:00","breadcrumb":{"@id":"https:\/\/bien-etreiris.ch\/de\/produktpraesentation\/aromatherapie\/aetherische-oele\/sandelholz\/bois-de-santal-sec\/#breadcrumb"},"inLanguage":"de","potentialAction":[{"@type":"ReadAction","target":["https:\/\/bien-etreiris.ch\/de\/produktpraesentation\/aromatherapie\/aetherische-oele\/sandelholz\/bois-de-santal-sec\/"]}]},{"@type":"ImageObject","inLanguage":"de","@id":"https:\/\/bien-etreiris.ch\/de\/produktpraesentation\/aromatherapie\/aetherische-oele\/sandelholz\/bois-de-santal-sec\/#primaryimage","url":"https:\/\/bien-etreiris.ch\/wp-content\/uploads\/2023\/05\/acceuil-Dead-Sandalwood.png","contentUrl":"https:\/\/bien-etreiris.ch\/wp-content\/uploads\/2023\/05\/acceuil-Dead-Sandalwood.png","width":500,"height":303},{"@type":"BreadcrumbList","@id":"https:\/\/bien-etreiris.ch\/de\/produktpraesentation\/aromatherapie\/aetherische-oele\/sandelholz\/bois-de-santal-sec\/#breadcrumb","itemListElement":[{"@type":"ListItem","position":1,"name":"Home","item":"https:\/\/bien-etreiris.ch\/de\/"},{"@type":"ListItem","position":2,"name":"PRODUKTPR\u00c4SENTATION","item":"https:\/\/bien-etreiris.ch\/de\/produktpraesentation\/"},{"@type":"ListItem","position":3,"name":"AROMATHERAPIE","item":"https:\/\/bien-etreiris.ch\/de\/produktpraesentation\/aromatherapie\/"},{"@type":"ListItem","position":4,"name":"\u00c4THERISCHE \u00d6LE","item":"https:\/\/bien-etreiris.ch\/de\/produktpraesentation\/aromatherapie\/aetherische-oele\/"},{"@type":"ListItem","position":5,"name":"SANDELHOLZ","item":"https:\/\/bien-etreiris.ch\/de\/produktpraesentation\/aromatherapie\/aetherische-oele\/sandelholz\/"},{"@type":"ListItem","position":6,"name":"BOIS DE SANTAL SEC"}]},{"@type":"WebSite","@id":"https:\/\/bien-etreiris.ch\/de\/#website","url":"https:\/\/bien-etreiris.ch\/de\/","name":"Bien-\u00eatre Iris","description":"IHRE Gesundheit ist uns wichtig","potentialAction":[{"@type":"SearchAction","target":{"@type":"EntryPoint","urlTemplate":"https:\/\/bien-etreiris.ch\/de\/?s={search_term_string}"},"query-input":{"@type":"PropertyValueSpecification","valueRequired":true,"valueName":"search_term_string"}}],"inLanguage":"de"}]}},"_links":{"self":[{"href":"https:\/\/bien-etreiris.ch\/de\/wp-json\/wp\/v2\/pages\/70553","targetHints":{"allow":["GET"]}}],"collection":[{"href":"https:\/\/bien-etreiris.ch\/de\/wp-json\/wp\/v2\/pages"}],"about":[{"href":"https:\/\/bien-etreiris.ch\/de\/wp-json\/wp\/v2\/types\/page"}],"author":[{"embeddable":true,"href":"https:\/\/bien-etreiris.ch\/de\/wp-json\/wp\/v2\/users\/1"}],"replies":[{"embeddable":true,"href":"https:\/\/bien-etreiris.ch\/de\/wp-json\/wp\/v2\/comments?post=70553"}],"version-history":[{"count":2,"href":"https:\/\/bien-etreiris.ch\/de\/wp-json\/wp\/v2\/pages\/70553\/revisions"}],"predecessor-version":[{"id":70560,"href":"https:\/\/bien-etreiris.ch\/de\/wp-json\/wp\/v2\/pages\/70553\/revisions\/70560"}],"up":[{"embeddable":true,"href":"https:\/\/bien-etreiris.ch\/de\/wp-json\/wp\/v2\/pages\/70453"}],"wp:featuredmedia":[{"embeddable":true,"href":"https:\/\/bien-etreiris.ch\/de\/wp-json\/wp\/v2\/media\/70549"}],"wp:attachment":[{"href":"https:\/\/bien-etreiris.ch\/de\/wp-json\/wp\/v2\/media?parent=70553"}],"curies":[{"name":"wp","href":"https:\/\/api.w.org\/{rel}","templated":true}]}}