{"id":70476,"date":"2023-05-18T09:36:02","date_gmt":"2023-05-18T07:36:02","guid":{"rendered":"https:\/\/bien-etreiris.ch\/santalum-album\/"},"modified":"2023-05-18T10:19:54","modified_gmt":"2023-05-18T08:19:54","slug":"bois-de-santal-santalum-album","status":"publish","type":"page","link":"https:\/\/bien-etreiris.ch\/de\/produktpraesentation\/aromatherapie\/aetherische-oele\/sandelholz\/bois-de-santal-santalum-album\/","title":{"rendered":"SANTALUM ALBUM"},"content":{"rendered":"<h2>Bois de Santal Santalum Album BIO<\/h2>\n<p>&nbsp;<\/p>\n<p><a href=\"https:\/\/bien-etreiris.ch\/de\/produktpraesentation\/aromatherapie\/aetherische-oele\/sandelholz\/bois-de-santal-santalum-album\/bois-de-santal-3-2\/\" rel=\"attachment wp-att-70470\"><img loading=\"lazy\" decoding=\"async\" class=\"wp-image-70470 alignleft\" src=\"https:\/\/bien-etreiris.ch\/wp-content\/uploads\/2023\/05\/Bois-de-santal-1.jpg\" alt=\"\" width=\"156\" height=\"359\" srcset=\"https:\/\/bien-etreiris.ch\/wp-content\/uploads\/2023\/05\/Bois-de-santal-1.jpg 292w, https:\/\/bien-etreiris.ch\/wp-content\/uploads\/2023\/05\/Bois-de-santal-1-130x300.jpg 130w\" sizes=\"auto, (max-width: 156px) 100vw, 156px\" \/><\/a><\/p>\n<p>&nbsp;<\/p>\n<p>&nbsp;<\/p>\n<p>&nbsp;<\/p>\n<p>&nbsp;<\/p>\n<h4>Damascena<\/h4>\n<p>Huile essentielle 100% naturelle<\/p>\n<p>Lat. Nom : Santalum album<\/p>\n<p>Garantie de qualit\u00e9 biologique sup\u00e9rieure CH-BIO-006<\/p>\n<p>Contenue 5 ml <strong>CHF<\/strong><\/p>\n<p>&nbsp;<\/p>\n<p>&nbsp;<\/p>\n<p>&nbsp;<\/p>\n<p>&nbsp;<\/p>\n<div class=\"span12\" data-motopress-wrapper-file=\"page-fullwidth.php\" data-motopress-wrapper-type=\"content\">\n<div id=\"content\" class=\"row\">\n<div class=\"span12\" data-motopress-type=\"loop\" data-motopress-loop-file=\"loop\/loop-page.php\">\n<div id=\"post-63950\" class=\"page post-63950 type-page status-publish has-post-thumbnail hentry\">\n<table style=\"width: 70.5952%;\">\n<tbody>\n<tr>\n<td style=\"width: 25.7143%;\"><strong>Nom botanique :<\/strong><\/td>\n<td style=\"width: 43.9285%;\">Santalum album<\/td>\n<\/tr>\n<tr>\n<td style=\"width: 25.7143%;\"><strong>Famille botanique :<\/strong><\/td>\n<td style=\"width: 43.9285%;\">&nbsp;<\/td>\n<\/tr>\n<tr>\n<td style=\"width: 25.7143%;\"><strong>M\u00e9thode d'extraction :<\/strong><\/td>\n<td style=\"width: 43.9285%;\">&nbsp;<\/td>\n<\/tr>\n<tr>\n<td style=\"width: 25.7143%;\"><strong>Partie de la plante utilis\u00e9e :<\/strong><\/td>\n<td style=\"width: 43.9285%;\">&nbsp;<\/td>\n<\/tr>\n<tr>\n<td style=\"width: 25.7143%;\"><strong>Quantit\u00e9 v\u00e9g\u00e9tale :<\/strong><\/td>\n<td style=\"width: 43.9285%;\">&nbsp;<\/td>\n<\/tr>\n<tr>\n<td style=\"width: 25.7143%;\"><strong>Origine g\u00e9ographique :<\/strong>&nbsp;<\/td>\n<td style=\"width: 43.9285%;\">&nbsp;<\/td>\n<\/tr>\n<tr>\n<td style=\"width: 25.7143%;\"><strong>Culture qualit\u00e9&nbsp;:<\/strong><\/td>\n<td style=\"width: 43.9285%;\">&nbsp;<\/td>\n<\/tr>\n<tr>\n<td style=\"width: 25.7143%;\"><strong>Effet parfum\u00e9 :<\/strong><\/td>\n<td style=\"width: 43.9285%;\">&nbsp;<\/td>\n<\/tr>\n<tr>\n<td style=\"width: 25.7143%;\"><strong>Note parfum\u00e9e :<\/strong><\/td>\n<td style=\"width: 43.9285%;\">&nbsp;<\/td>\n<\/tr>\n<tr>\n<td style=\"width: 25.7143%;\"><strong>Profil de parfum :<\/strong><\/td>\n<td style=\"width: 43.9285%;\">Balsamique, chaud, exotique<\/td>\n<\/tr>\n<tr>\n<td style=\"width: 25.7143%;\"><strong>Th\u00e8me du parfum :<\/strong><\/td>\n<td style=\"width: 43.9285%;\">Equilibrant, \u00e9rotisant, r\u00e9chauffant, inspirant<\/td>\n<\/tr>\n<tr>\n<td style=\"width: 25.7143%;\"><strong>\u00c9nerg\u00e9tique :<\/strong><\/td>\n<td style=\"width: 43.9285%;\">&nbsp;<\/td>\n<\/tr>\n<tr>\n<td style=\"width: 25.7143%;\"><strong>Psycho-\u00e9motionnel :<\/strong>&nbsp;<\/td>\n<td style=\"width: 43.9285%;\">\n<ul style=\"list-style-type: disc;\">\n<li>l'huile a un effet relaxant et antid\u00e9presseur<\/li>\n<li>Elle enveloppe et prot\u00e8ge, procure un sentiment de s\u00e9curit\u00e9 et apaise l'anxi\u00e9t\u00e9<\/li>\n<li>Elle \u00e9limine les blocages profonds et favorise la m\u00e9ditation.<\/li>\n<\/ul>\n<\/td>\n<\/tr>\n<tr>\n<td style=\"width: 25.7143%; vertical-align: top;\"><strong>Description :<\/strong>&nbsp;<\/p>\n<p>&nbsp;<\/p>\n<p>&nbsp;<\/p>\n<p>&nbsp;<\/p>\n<p>&nbsp;<\/p>\n<p>&nbsp;<\/td>\n<td style=\"width: 43.9285%;\" scope=\"row\">\n<ul>\n<li>Le parfum chaud du pr\u00e9cieux bois de santal invite \u00e0 un voyage sensuel.<\/li>\n<li>En tant que rem\u00e8de, il est utilis\u00e9 depuis des mill\u00e9naires dans la m\u00e9decine ayurv\u00e9dique.<\/li>\n<li>Ses propri\u00e9t\u00e9s anti-inflammatoires et apaisantes pour la peau sont tr\u00e8s appr\u00e9ci\u00e9es dans les soins.<\/li>\n<\/ul>\n<p>&nbsp;<\/td>\n<\/tr>\n<tr>\n<td style=\"width: 25.7143%; vertical-align: top;\"><strong>Application :<\/strong><\/td>\n<td style=\"width: 43.9285%;\">\n<ul style=\"list-style-type: disc;\">\n<li>Le bois de santal se m\u00e9lange bien avec la mandarine rouge, le champaca, le frangipanier, le jasmin, le v\u00e9tiver, le benjoin, l'encens et l'ylang-ylang.<\/li>\n<li>Pour un bain nourrissant et sensuel, m\u00e9langer \u00e0 la rose, au palmarosa et \u00e0 la base de mousse de coco.<\/li>\n<\/ul>\n<p>&nbsp;<\/td>\n<\/tr>\n<tr>\n<td style=\"width: 25.7143%; vertical-align: top;\"><strong>&nbsp;<\/strong><\/td>\n<td style=\"width: 43.9285%;\">&nbsp;<\/td>\n<\/tr>\n<tr>\n<td style=\"width: 25.7143%; vertical-align: top;\" colspan=\"2\"><strong>Des sp\u00e9cialistes qualifi\u00e9s se feront un plaisir de vous donner de plus amples informations sur les possibilit\u00e9s d'utilisation m\u00e9dicale et cosm\u00e9tique.<\/strong><\/td>\n<\/tr>\n<\/tbody>\n<\/table>\n<div class=\"clear\">&nbsp;<\/div>\n<\/div>\n<div class=\"row\">&nbsp;<\/div>\n<\/div>\n<\/div>\n<\/div>\n<p>&nbsp;<\/p>\n<p>&nbsp;<\/p>\n","protected":false},"excerpt":{"rendered":"<p>Bois de Santal Santalum Album BIO &nbsp; &nbsp; &nbsp; &nbsp; &nbsp; Damascena Huile essentielle 100% naturelle Lat. Nom : Santalum album Garantie de qualit\u00e9 biologique sup\u00e9rieure CH-BIO-006 Contenue 5 ml CHF &nbsp; &nbsp; &nbsp; &nbsp; Nom botanique : Santalum album Famille botanique : &nbsp; M\u00e9thode d'extraction : &nbsp; Partie de la plante utilis\u00e9e : &nbsp; Quantit\u00e9 v\u00e9g\u00e9tale : &nbsp; Origine&nbsp;<a href=\"https:\/\/bien-etreiris.ch\/de\/produktpraesentation\/aromatherapie\/aetherische-oele\/sandelholz\/bois-de-santal-santalum-album\/\" class=\"read-more\">Weiter lesen<\/a><\/p>\n","protected":false},"author":1,"featured_media":70469,"parent":70453,"menu_order":3525,"comment_status":"closed","ping_status":"closed","template":"page-with-child.php","meta":{"_acf_changed":false,"ngg_post_thumbnail":0,"footnotes":""},"class_list":["post-70476","page","type-page","status-publish","has-post-thumbnail","hentry"],"acf":[],"yoast_head":"<!-- This site is optimized with the Yoast SEO plugin v27.6 - https:\/\/yoast.com\/product\/yoast-seo-wordpress\/ -->\n<title>SANTALUM ALBUM - WOHLBEFINDEN<\/title>\n<meta name=\"robots\" content=\"index, follow, max-snippet:-1, max-image-preview:large, max-video-preview:-1\" \/>\n<link rel=\"canonical\" href=\"https:\/\/bien-etreiris.ch\/de\/produktpraesentation\/aromatherapie\/aetherische-oele\/sandelholz\/bois-de-santal-santalum-album\/\" \/>\n<meta property=\"og:locale\" content=\"de_DE\" \/>\n<meta property=\"og:type\" content=\"article\" \/>\n<meta property=\"og:title\" content=\"SANTALUM ALBUM - WOHLBEFINDEN\" \/>\n<meta property=\"og:description\" content=\"Bois de Santal Santalum Album BIO &nbsp; &nbsp; &nbsp; &nbsp; &nbsp; Damascena Huile essentielle 100% naturelle Lat. Nom : Santalum album Garantie de qualit\u00e9 biologique sup\u00e9rieure CH-BIO-006 Contenue 5 ml CHF &nbsp; &nbsp; &nbsp; &nbsp; Nom botanique : Santalum album Famille botanique : &nbsp; M\u00e9thode d&#039;extraction : &nbsp; Partie de la plante utilis\u00e9e : &nbsp; Quantit\u00e9 v\u00e9g\u00e9tale : &nbsp; Origine&nbsp;Weiter lesen\" \/>\n<meta property=\"og:url\" content=\"https:\/\/bien-etreiris.ch\/de\/produktpraesentation\/aromatherapie\/aetherische-oele\/sandelholz\/bois-de-santal-santalum-album\/\" \/>\n<meta property=\"og:site_name\" content=\"WOHLBEFINDEN\" \/>\n<meta property=\"article:publisher\" content=\"https:\/\/www.facebook.com\/bienetreiris\/\" \/>\n<meta property=\"article:modified_time\" content=\"2023-05-18T08:19:54+00:00\" \/>\n<meta property=\"og:image\" content=\"https:\/\/bien-etreiris.ch\/wp-content\/uploads\/2023\/05\/Santalum-album.png\" \/>\n\t<meta property=\"og:image:width\" content=\"500\" \/>\n\t<meta property=\"og:image:height\" content=\"303\" \/>\n\t<meta property=\"og:image:type\" content=\"image\/png\" \/>\n<meta name=\"twitter:label1\" content=\"Gesch\u00e4tzte Lesezeit\" \/>\n\t<meta name=\"twitter:data1\" content=\"1\u00a0Minute\" \/>\n<script type=\"application\/ld+json\" class=\"yoast-schema-graph\">{\"@context\":\"https:\\\/\\\/schema.org\",\"@graph\":[{\"@type\":\"WebPage\",\"@id\":\"https:\\\/\\\/bien-etreiris.ch\\\/de\\\/produktpraesentation\\\/aromatherapie\\\/aetherische-oele\\\/sandelholz\\\/bois-de-santal-santalum-album\\\/\",\"url\":\"https:\\\/\\\/bien-etreiris.ch\\\/de\\\/produktpraesentation\\\/aromatherapie\\\/aetherische-oele\\\/sandelholz\\\/bois-de-santal-santalum-album\\\/\",\"name\":\"SANTALUM ALBUM - WOHLBEFINDEN\",\"isPartOf\":{\"@id\":\"https:\\\/\\\/bien-etreiris.ch\\\/de\\\/#website\"},\"primaryImageOfPage\":{\"@id\":\"https:\\\/\\\/bien-etreiris.ch\\\/de\\\/produktpraesentation\\\/aromatherapie\\\/aetherische-oele\\\/sandelholz\\\/bois-de-santal-santalum-album\\\/#primaryimage\"},\"image\":{\"@id\":\"https:\\\/\\\/bien-etreiris.ch\\\/de\\\/produktpraesentation\\\/aromatherapie\\\/aetherische-oele\\\/sandelholz\\\/bois-de-santal-santalum-album\\\/#primaryimage\"},\"thumbnailUrl\":\"https:\\\/\\\/bien-etreiris.ch\\\/wp-content\\\/uploads\\\/2023\\\/05\\\/Santalum-album.png\",\"datePublished\":\"2023-05-18T07:36:02+00:00\",\"dateModified\":\"2023-05-18T08:19:54+00:00\",\"breadcrumb\":{\"@id\":\"https:\\\/\\\/bien-etreiris.ch\\\/de\\\/produktpraesentation\\\/aromatherapie\\\/aetherische-oele\\\/sandelholz\\\/bois-de-santal-santalum-album\\\/#breadcrumb\"},\"inLanguage\":\"de\",\"potentialAction\":[{\"@type\":\"ReadAction\",\"target\":[\"https:\\\/\\\/bien-etreiris.ch\\\/de\\\/produktpraesentation\\\/aromatherapie\\\/aetherische-oele\\\/sandelholz\\\/bois-de-santal-santalum-album\\\/\"]}]},{\"@type\":\"ImageObject\",\"inLanguage\":\"de\",\"@id\":\"https:\\\/\\\/bien-etreiris.ch\\\/de\\\/produktpraesentation\\\/aromatherapie\\\/aetherische-oele\\\/sandelholz\\\/bois-de-santal-santalum-album\\\/#primaryimage\",\"url\":\"https:\\\/\\\/bien-etreiris.ch\\\/wp-content\\\/uploads\\\/2023\\\/05\\\/Santalum-album.png\",\"contentUrl\":\"https:\\\/\\\/bien-etreiris.ch\\\/wp-content\\\/uploads\\\/2023\\\/05\\\/Santalum-album.png\",\"width\":500,\"height\":303},{\"@type\":\"BreadcrumbList\",\"@id\":\"https:\\\/\\\/bien-etreiris.ch\\\/de\\\/produktpraesentation\\\/aromatherapie\\\/aetherische-oele\\\/sandelholz\\\/bois-de-santal-santalum-album\\\/#breadcrumb\",\"itemListElement\":[{\"@type\":\"ListItem\",\"position\":1,\"name\":\"Home\",\"item\":\"https:\\\/\\\/bien-etreiris.ch\\\/de\\\/\"},{\"@type\":\"ListItem\",\"position\":2,\"name\":\"PRODUKTPR\u00c4SENTATION\",\"item\":\"https:\\\/\\\/bien-etreiris.ch\\\/de\\\/produktpraesentation\\\/\"},{\"@type\":\"ListItem\",\"position\":3,\"name\":\"AROMATHERAPIE\",\"item\":\"https:\\\/\\\/bien-etreiris.ch\\\/de\\\/produktpraesentation\\\/aromatherapie\\\/\"},{\"@type\":\"ListItem\",\"position\":4,\"name\":\"\u00c4THERISCHE \u00d6LE\",\"item\":\"https:\\\/\\\/bien-etreiris.ch\\\/de\\\/produktpraesentation\\\/aromatherapie\\\/aetherische-oele\\\/\"},{\"@type\":\"ListItem\",\"position\":5,\"name\":\"SANDELHOLZ\",\"item\":\"https:\\\/\\\/bien-etreiris.ch\\\/de\\\/produktpraesentation\\\/aromatherapie\\\/aetherische-oele\\\/sandelholz\\\/\"},{\"@type\":\"ListItem\",\"position\":6,\"name\":\"SANTALUM ALBUM\"}]},{\"@type\":\"WebSite\",\"@id\":\"https:\\\/\\\/bien-etreiris.ch\\\/de\\\/#website\",\"url\":\"https:\\\/\\\/bien-etreiris.ch\\\/de\\\/\",\"name\":\"Bien-\u00eatre Iris\",\"description\":\"IHRE Gesundheit ist uns wichtig\",\"potentialAction\":[{\"@type\":\"SearchAction\",\"target\":{\"@type\":\"EntryPoint\",\"urlTemplate\":\"https:\\\/\\\/bien-etreiris.ch\\\/de\\\/?s={search_term_string}\"},\"query-input\":{\"@type\":\"PropertyValueSpecification\",\"valueRequired\":true,\"valueName\":\"search_term_string\"}}],\"inLanguage\":\"de\"}]}<\/script>\n<!-- \/ Yoast SEO plugin. -->","yoast_head_json":{"title":"SANTALUM ALBUM - WOHLBEFINDEN","robots":{"index":"index","follow":"follow","max-snippet":"max-snippet:-1","max-image-preview":"max-image-preview:large","max-video-preview":"max-video-preview:-1"},"canonical":"https:\/\/bien-etreiris.ch\/de\/produktpraesentation\/aromatherapie\/aetherische-oele\/sandelholz\/bois-de-santal-santalum-album\/","og_locale":"de_DE","og_type":"article","og_title":"SANTALUM ALBUM - WOHLBEFINDEN","og_description":"Bois de Santal Santalum Album BIO &nbsp; &nbsp; &nbsp; &nbsp; &nbsp; Damascena Huile essentielle 100% naturelle Lat. Nom : Santalum album Garantie de qualit\u00e9 biologique sup\u00e9rieure CH-BIO-006 Contenue 5 ml CHF &nbsp; &nbsp; &nbsp; &nbsp; Nom botanique : Santalum album Famille botanique : &nbsp; M\u00e9thode d'extraction : &nbsp; Partie de la plante utilis\u00e9e : &nbsp; Quantit\u00e9 v\u00e9g\u00e9tale : &nbsp; Origine&nbsp;Weiter lesen","og_url":"https:\/\/bien-etreiris.ch\/de\/produktpraesentation\/aromatherapie\/aetherische-oele\/sandelholz\/bois-de-santal-santalum-album\/","og_site_name":"WOHLBEFINDEN","article_publisher":"https:\/\/www.facebook.com\/bienetreiris\/","article_modified_time":"2023-05-18T08:19:54+00:00","og_image":[{"width":500,"height":303,"url":"https:\/\/bien-etreiris.ch\/wp-content\/uploads\/2023\/05\/Santalum-album.png","type":"image\/png"}],"twitter_misc":{"Gesch\u00e4tzte Lesezeit":"1\u00a0Minute"},"schema":{"@context":"https:\/\/schema.org","@graph":[{"@type":"WebPage","@id":"https:\/\/bien-etreiris.ch\/de\/produktpraesentation\/aromatherapie\/aetherische-oele\/sandelholz\/bois-de-santal-santalum-album\/","url":"https:\/\/bien-etreiris.ch\/de\/produktpraesentation\/aromatherapie\/aetherische-oele\/sandelholz\/bois-de-santal-santalum-album\/","name":"SANTALUM ALBUM - WOHLBEFINDEN","isPartOf":{"@id":"https:\/\/bien-etreiris.ch\/de\/#website"},"primaryImageOfPage":{"@id":"https:\/\/bien-etreiris.ch\/de\/produktpraesentation\/aromatherapie\/aetherische-oele\/sandelholz\/bois-de-santal-santalum-album\/#primaryimage"},"image":{"@id":"https:\/\/bien-etreiris.ch\/de\/produktpraesentation\/aromatherapie\/aetherische-oele\/sandelholz\/bois-de-santal-santalum-album\/#primaryimage"},"thumbnailUrl":"https:\/\/bien-etreiris.ch\/wp-content\/uploads\/2023\/05\/Santalum-album.png","datePublished":"2023-05-18T07:36:02+00:00","dateModified":"2023-05-18T08:19:54+00:00","breadcrumb":{"@id":"https:\/\/bien-etreiris.ch\/de\/produktpraesentation\/aromatherapie\/aetherische-oele\/sandelholz\/bois-de-santal-santalum-album\/#breadcrumb"},"inLanguage":"de","potentialAction":[{"@type":"ReadAction","target":["https:\/\/bien-etreiris.ch\/de\/produktpraesentation\/aromatherapie\/aetherische-oele\/sandelholz\/bois-de-santal-santalum-album\/"]}]},{"@type":"ImageObject","inLanguage":"de","@id":"https:\/\/bien-etreiris.ch\/de\/produktpraesentation\/aromatherapie\/aetherische-oele\/sandelholz\/bois-de-santal-santalum-album\/#primaryimage","url":"https:\/\/bien-etreiris.ch\/wp-content\/uploads\/2023\/05\/Santalum-album.png","contentUrl":"https:\/\/bien-etreiris.ch\/wp-content\/uploads\/2023\/05\/Santalum-album.png","width":500,"height":303},{"@type":"BreadcrumbList","@id":"https:\/\/bien-etreiris.ch\/de\/produktpraesentation\/aromatherapie\/aetherische-oele\/sandelholz\/bois-de-santal-santalum-album\/#breadcrumb","itemListElement":[{"@type":"ListItem","position":1,"name":"Home","item":"https:\/\/bien-etreiris.ch\/de\/"},{"@type":"ListItem","position":2,"name":"PRODUKTPR\u00c4SENTATION","item":"https:\/\/bien-etreiris.ch\/de\/produktpraesentation\/"},{"@type":"ListItem","position":3,"name":"AROMATHERAPIE","item":"https:\/\/bien-etreiris.ch\/de\/produktpraesentation\/aromatherapie\/"},{"@type":"ListItem","position":4,"name":"\u00c4THERISCHE \u00d6LE","item":"https:\/\/bien-etreiris.ch\/de\/produktpraesentation\/aromatherapie\/aetherische-oele\/"},{"@type":"ListItem","position":5,"name":"SANDELHOLZ","item":"https:\/\/bien-etreiris.ch\/de\/produktpraesentation\/aromatherapie\/aetherische-oele\/sandelholz\/"},{"@type":"ListItem","position":6,"name":"SANTALUM ALBUM"}]},{"@type":"WebSite","@id":"https:\/\/bien-etreiris.ch\/de\/#website","url":"https:\/\/bien-etreiris.ch\/de\/","name":"Bien-\u00eatre Iris","description":"IHRE Gesundheit ist uns wichtig","potentialAction":[{"@type":"SearchAction","target":{"@type":"EntryPoint","urlTemplate":"https:\/\/bien-etreiris.ch\/de\/?s={search_term_string}"},"query-input":{"@type":"PropertyValueSpecification","valueRequired":true,"valueName":"search_term_string"}}],"inLanguage":"de"}]}},"_links":{"self":[{"href":"https:\/\/bien-etreiris.ch\/de\/wp-json\/wp\/v2\/pages\/70476","targetHints":{"allow":["GET"]}}],"collection":[{"href":"https:\/\/bien-etreiris.ch\/de\/wp-json\/wp\/v2\/pages"}],"about":[{"href":"https:\/\/bien-etreiris.ch\/de\/wp-json\/wp\/v2\/types\/page"}],"author":[{"embeddable":true,"href":"https:\/\/bien-etreiris.ch\/de\/wp-json\/wp\/v2\/users\/1"}],"replies":[{"embeddable":true,"href":"https:\/\/bien-etreiris.ch\/de\/wp-json\/wp\/v2\/comments?post=70476"}],"version-history":[{"count":3,"href":"https:\/\/bien-etreiris.ch\/de\/wp-json\/wp\/v2\/pages\/70476\/revisions"}],"predecessor-version":[{"id":70499,"href":"https:\/\/bien-etreiris.ch\/de\/wp-json\/wp\/v2\/pages\/70476\/revisions\/70499"}],"up":[{"embeddable":true,"href":"https:\/\/bien-etreiris.ch\/de\/wp-json\/wp\/v2\/pages\/70453"}],"wp:featuredmedia":[{"embeddable":true,"href":"https:\/\/bien-etreiris.ch\/de\/wp-json\/wp\/v2\/media\/70469"}],"wp:attachment":[{"href":"https:\/\/bien-etreiris.ch\/de\/wp-json\/wp\/v2\/media?parent=70476"}],"curies":[{"name":"wp","href":"https:\/\/api.w.org\/{rel}","templated":true}]}}