{"id":70385,"date":"2023-05-17T22:33:08","date_gmt":"2023-05-17T20:33:08","guid":{"rendered":"https:\/\/bien-etreiris.ch\/produktpraesentation\/aromatherapie\/aetherische-oele\/ravintsara\/"},"modified":"2023-11-12T22:32:45","modified_gmt":"2023-11-12T20:32:45","slug":"ravintsara","status":"publish","type":"page","link":"https:\/\/bien-etreiris.ch\/de\/produktpraesentation\/aromatherapie\/aetherische-oele\/ravintsara\/","title":{"rendered":"RAVINTSARA"},"content":{"rendered":"<table style=\"height: 23px; width: 100%;\">\n<tbody>\n<tr>\n<td style=\"width: 100%;\">&nbsp;<\/td>\n<\/tr>\n<\/tbody>\n<\/table>\n<h2>Ravintsara BIO<\/h2>\n<p><a href=\"https:\/\/bien-etreiris.ch\/de\/produktpraesentation\/aromatherapie\/aetherische-oele\/ravintsara\/ravintsara-3-2\/\" rel=\"attachment wp-att-70378\"><img loading=\"lazy\" decoding=\"async\" class=\"wp-image-70378 alignleft\" src=\"https:\/\/bien-etreiris.ch\/wp-content\/uploads\/2023\/05\/ravintsara.jpg\" alt=\"\" width=\"171\" height=\"412\" srcset=\"https:\/\/bien-etreiris.ch\/wp-content\/uploads\/2023\/05\/ravintsara.jpg 284w, https:\/\/bien-etreiris.ch\/wp-content\/uploads\/2023\/05\/ravintsara-124x300.jpg 124w\" sizes=\"auto, (max-width: 171px) 100vw, 171px\" \/><\/a><\/p>\n<p>&nbsp;<\/p>\n<p>&nbsp;<\/p>\n<p>&nbsp;<\/p>\n<p>&nbsp;<\/p>\n<p>&nbsp;<\/p>\n<p>&nbsp;<\/p>\n<h4>Damascena<\/h4>\n<p>Huile essentielle 100% naturelle<\/p>\n<p>Lat. Nom : Cinnamomum camphora cineoliferum<\/p>\n<p>Garantie de qualit\u00e9 biologique sup\u00e9rieure CH-BIO 006<\/p>\n<p>&nbsp;<\/p>\n<p>&nbsp;<\/p>\n<p>&nbsp;<\/p>\n<p>&nbsp;<\/p>\n<table style=\"width: 98.4524%; height: 460px;\">\n<tbody>\n<tr style=\"height: 23px;\">\n<td style=\"width: 25.2792%; height: 23px;\"><strong>Nom botanique :<\/strong><\/td>\n<td style=\"width: 76.3385%; height: 23px;\">Cinnamomum camphora cineoliferum<\/td>\n<\/tr>\n<tr style=\"height: 23px;\">\n<td style=\"width: 25.2792%; height: 23px;\"><strong>Famille botanique :<\/strong><\/td>\n<td style=\"width: 76.3385%; height: 23px;\">Laurac\u00e9es<\/td>\n<\/tr>\n<tr style=\"height: 23px;\">\n<td style=\"width: 25.2792%; height: 23px;\"><strong>M\u00e9thode d'extraction :<\/strong><\/td>\n<td style=\"width: 76.3385%; height: 23px;\">distillation \u00e0 la vapeur d'eau<\/td>\n<\/tr>\n<tr style=\"height: 23px;\">\n<td style=\"width: 25.2792%; height: 23px;\"><strong>Partie de la plante utilis\u00e9e :<\/strong><\/td>\n<td style=\"width: 76.3385%; height: 23px;\">feuilles<\/td>\n<\/tr>\n<tr style=\"height: 23px;\">\n<td style=\"width: 25.2792%; height: 46px;\"><strong>Quantit\u00e9 v\u00e9g\u00e9tale :<\/strong><\/td>\n<td style=\"width: 76.3385%; height: 46px;\">70 \u00e0 120 kg de feuilles donnent 1 litre d'huile essentielle<\/td>\n<\/tr>\n<tr style=\"height: 23px;\">\n<td style=\"width: 25.2792%; height: 23px;\"><strong>Origine g\u00e9ographique :<\/strong>&nbsp;<\/td>\n<td style=\"width: 76.3385%; height: 23px;\">Madagascar<\/td>\n<\/tr>\n<tr style=\"height: 23px;\">\n<td style=\"width: 25.2792%; height: 23px;\"><strong>Culture qualit\u00e9&nbsp;:<\/strong><\/td>\n<td style=\"width: 76.3385%; height: 23px;\">Biologique<\/td>\n<\/tr>\n<tr style=\"height: 23px;\">\n<td style=\"width: 25.2792%; height: 23px;\"><strong>Effet parfum\u00e9 :<\/strong><\/td>\n<td style=\"width: 76.3385%; height: 23px;\">Rafra\u00eechissant<\/td>\n<\/tr>\n<tr style=\"height: 23px;\">\n<td style=\"width: 25.2792%; height: 23px;\"><strong>Note parfum\u00e9e :<\/strong><\/td>\n<td style=\"width: 76.3385%; height: 23px;\">Note de t\u00eate<\/td>\n<\/tr>\n<tr style=\"height: 23px;\">\n<td style=\"width: 25.2792%; height: 23px;\"><strong>Profil de parfum :<\/strong><\/td>\n<td style=\"width: 76.3385%; height: 23px;\">Clair, frais, rappelle l'eucalyptus<\/td>\n<\/tr>\n<tr style=\"height: 23px;\">\n<td style=\"width: 25.2792%; height: 46px;\"><strong>Th\u00e8me du parfum :<\/strong><\/td>\n<td style=\"width: 76.3385%; height: 46px;\">R\u00e9chauffe, stimule, purifie l'air, prot\u00e8ge, permet de respirer librement, pr\u00e9vient les refroidissements<\/td>\n<\/tr>\n<tr style=\"height: 23px;\">\n<td style=\"width: 25.2792%; height: 23px;\"><strong>\u00c9nerg\u00e9tique :<\/strong><\/td>\n<td style=\"width: 76.3385%; height: 23px;\">Indigo \/ 6e chakra<\/td>\n<\/tr>\n<tr style=\"height: 23px;\">\n<td style=\"width: 25.2792%; height: 23px;\"><strong>Psycho-\u00e9motionnel :<\/strong>&nbsp;<\/td>\n<td style=\"width: 76.3385%; height: 23px;\">\n<ul style=\"list-style-type: disc;\">\n<li>Sur le plan \u00e9motionnel, elle aide \u00e0 \u00e9liminer les blocages, apporte l'\u00e9quilibre et permet d'emprunter sereinement de nouveaux chemins.<\/li>\n<li>aide \u00e0 mieux se conna\u00eetre.<\/li>\n<\/ul>\n<\/td>\n<\/tr>\n<tr style=\"height: 23px;\">\n<td style=\"width: 25.2792%; height: 23px;\"><strong>Description :<\/strong>&nbsp;<\/td>\n<td style=\"width: 76.3385%; height: 23px;\">\n<ul style=\"list-style-type: disc;\">\n<li>L'huile extraite des feuilles de l'arbre Ravintsara est particuli\u00e8rement appr\u00e9ci\u00e9e en p\u00e9riode de refroidissement.<\/li>\n<li>Cette huile, qui ressemble \u00e0 de l'eucalyptus, a un effet antiviral, renforce le syst\u00e8me immunitaire et d\u00e9tend les muscles contract\u00e9s.<\/li>\n<li>Son parfum frais s'int\u00e8gre parfaitement dans tout m\u00e9lange pour sauna.<\/li>\n<\/ul>\n<\/td>\n<\/tr>\n<tr style=\"height: 23px;\">\n<td style=\"width: 25.2792%; height: 23px;\"><strong>Application :<\/strong><\/td>\n<td style=\"width: 76.3385%; height: 23px;\">\n<ul style=\"list-style-type: disc;\">\n<li>Le ravintsara se m\u00e9lange bien avec le cajeput, le romarin, l'eucalyptus, le sapin blanc, la lavande, la cardamome et la mandarine verte.<\/li>\n<li>Un m\u00e9lange de ravintsara, de pin cembro et de bergamote lib\u00e8re les voies respiratoires. Verser les huiles essentielles dans le diffuseur d'ar\u00f4mes ou, pour les d\u00e9placements, les instiller dans le stick odorant Damascena.<\/li>\n<\/ul>\n<p>&nbsp;<\/td>\n<\/tr>\n<tr style=\"height: 23px;\">\n<td style=\"width: 25.2792%; height: 23px;\"><strong>Principes actifs :<\/strong><\/td>\n<td style=\"width: 76.3385%; height: 23px;\">\n<ul style=\"list-style-type: disc;\">\n<li>1,8-cin\u00e9ole (eucalyptol) (de 50 \u00e0 60 %)<\/li>\n<li>Sabin\u00e8ne (de 10 \u00e0 18 %)<\/li>\n<li>Alpha-terpin\u00e9ol (de 5 \u00e0 11 %)<\/li>\n<\/ul>\n<\/td>\n<\/tr>\n<tr style=\"height: 23px;\">\n<td style=\"width: 25.2792%; height: 23px;\">Allerg\u00e8nes<\/td>\n<td style=\"width: 76.3385%; height: 23px;\">\n<ul style=\"list-style-type: disc;\">\n<li>g\u00e9raniol, limon\u00e8ne, linalol, isoeug\u00e9nol, linalol<\/li>\n<\/ul>\n<\/td>\n<\/tr>\n<tr style=\"height: 23px;\">\n<td style=\"width: 101.618%; height: 23px;\" colspan=\"2\">&nbsp;&nbsp;&nbsp;&nbsp;&nbsp;<\/p>\n<p><strong>Des sp\u00e9cialistes form\u00e9s vous donneront volontiers de plus amples informations sur les possibilit\u00e9s d'utilisation m\u00e9dicale et cosm\u00e9tique.<\/strong><\/td>\n<\/tr>\n<\/tbody>\n<\/table>\n<p>&nbsp;<\/p>\n<p>&nbsp;<\/p>\n<h4>MENTIONS D\u2019AVERTISSEMENT ET PRECAUTIONS<\/h4>\n<p><em><strong>Mention(s) de dangers - Phrases H :<\/strong><\/em><\/p>\n<p>H226, H315, H317, H319, H411<\/p>\n<p><em><strong>Mention(s) de prudence \u2013 Phrases P :<\/strong><\/em><\/p>\n<p>P210, P261, P280, P305-351-338, P333-313, P337-313&nbsp;&nbsp; &nbsp; &nbsp; &nbsp; &nbsp; &nbsp; &nbsp; &nbsp; &nbsp; &nbsp; &nbsp; &nbsp; &nbsp; &nbsp; &nbsp; &nbsp; &nbsp; &nbsp; &nbsp; &nbsp; &nbsp; &nbsp; &nbsp; &nbsp; &nbsp; &nbsp; &nbsp;&nbsp;<\/p>\n<p><strong>Pictogrammes :<\/strong><\/p>\n<p><a href=\"https:\/\/bien-etreiris.ch\/de\/produktpraesentation\/aromatherapie\/aetherische-oele\/rosmarin-cineol\/feuer-2\/\" rel=\"attachment wp-att-79234\"><img loading=\"lazy\" decoding=\"async\" class=\"alignnone  wp-image-79234\" src=\"https:\/\/bien-etreiris.ch\/wp-content\/uploads\/2023\/11\/Feuer-1.png\" alt=\"\" width=\"98\" height=\"99\"><\/a><a href=\"https:\/\/bien-etreiris.ch\/de\/produktpraesentation\/aromatherapie\/aetherische-oele\/rosmarin-cineol\/attention-2-2\/\" rel=\"attachment wp-att-79191\"><img loading=\"lazy\" decoding=\"async\" class=\"alignnone  wp-image-79191\" src=\"https:\/\/bien-etreiris.ch\/wp-content\/uploads\/2023\/11\/Attention.png\" alt=\"\" width=\"99\" height=\"99\" srcset=\"https:\/\/bien-etreiris.ch\/wp-content\/uploads\/2023\/11\/Attention.png 280w, https:\/\/bien-etreiris.ch\/wp-content\/uploads\/2023\/11\/Attention-150x150.png 150w\" sizes=\"auto, (max-width: 99px) 100vw, 99px\" \/><\/a><a href=\"https:\/\/bien-etreiris.ch\/de\/produktpraesentation\/aromatherapie\/aetherische-oele\/rosmarin-cineol\/gewasserschutz-2\/\" rel=\"attachment wp-att-79197\"><img loading=\"lazy\" decoding=\"async\" class=\"alignnone  wp-image-79197\" src=\"https:\/\/bien-etreiris.ch\/wp-content\/uploads\/2023\/11\/gewasserschutz.png\" alt=\"\" width=\"98\" height=\"98\" srcset=\"https:\/\/bien-etreiris.ch\/wp-content\/uploads\/2023\/11\/gewasserschutz.png 280w, https:\/\/bien-etreiris.ch\/wp-content\/uploads\/2023\/11\/gewasserschutz-150x150.png 150w\" sizes=\"auto, (max-width: 98px) 100vw, 98px\" \/><\/a><\/p>\n<p>&nbsp;<\/p>\n<p><a href=\"https:\/\/bien-etreiris.ch\/wp-content\/uploads\/2023\/11\/Mentions-de-danger.pdf\" target=\"_blank\" rel=\"https:\/\/bien-etreiris.ch\/wp-content\/uploads\/2023\/11\/Mentions-de-danger.pdf noopener\"><img loading=\"lazy\" decoding=\"async\" class=\"alignleft wp-image-79203\" title=\"Mentions de danger\" src=\"https:\/\/bien-etreiris.ch\/wp-content\/uploads\/2023\/11\/mentions-de-danger.jpg\" alt=\"\" width=\"211\" height=\"290\" srcset=\"https:\/\/bien-etreiris.ch\/wp-content\/uploads\/2023\/11\/mentions-de-danger.jpg 273w, https:\/\/bien-etreiris.ch\/wp-content\/uploads\/2023\/11\/mentions-de-danger-218x300.jpg 218w\" sizes=\"auto, (max-width: 211px) 100vw, 211px\" \/><\/a><\/p>\n<p>&nbsp;<\/p>\n<p>&nbsp;<\/p>\n<p>&nbsp;<\/p>\n<p>&nbsp;<\/p>\n<p><a href=\"https:\/\/bien-etreiris.ch\/wp-content\/uploads\/2023\/11\/Mentions-de-danger.pdf\" target=\"_blank\" rel=\"noopener\"><span style=\"color: #ff0000;\">T\u00e9l\u00e9charger la liste actuelle des mentions de danger. <\/span><\/a><\/p>\n<p><a href=\"_wp_link_placeholder\"><span style=\"color: #ff0000;\">En vigueur \u00e0 compter du 17 octobre 2020.<\/span><\/a><\/p>\n<p>&nbsp;<\/p>\n<p>&nbsp;<\/p>\n<p>&nbsp;<\/p>\n","protected":false},"excerpt":{"rendered":"<p>&nbsp; Ravintsara BIO &nbsp; &nbsp; &nbsp; &nbsp; &nbsp; &nbsp; Damascena Huile essentielle 100% naturelle Lat. Nom : Cinnamomum camphora cineoliferum Garantie de qualit\u00e9 biologique sup\u00e9rieure CH-BIO 006 &nbsp; &nbsp; &nbsp; &nbsp; Nom botanique : Cinnamomum camphora cineoliferum Famille botanique : Laurac\u00e9es M\u00e9thode d'extraction : distillation \u00e0 la vapeur d'eau Partie de la plante utilis\u00e9e : feuilles Quantit\u00e9 v\u00e9g\u00e9tale : 70&nbsp;<a href=\"https:\/\/bien-etreiris.ch\/de\/produktpraesentation\/aromatherapie\/aetherische-oele\/ravintsara\/\" class=\"read-more\">Weiter lesen<\/a><\/p>\n","protected":false},"author":1,"featured_media":70377,"parent":37429,"menu_order":3531,"comment_status":"closed","ping_status":"closed","template":"page-with-child.php","meta":{"_acf_changed":false,"ngg_post_thumbnail":0,"footnotes":""},"class_list":["post-70385","page","type-page","status-publish","has-post-thumbnail","hentry"],"acf":[],"yoast_head":"<!-- This site is optimized with the Yoast SEO plugin v27.6 - https:\/\/yoast.com\/product\/yoast-seo-wordpress\/ -->\n<title>RAVINTSARA - WOHLBEFINDEN<\/title>\n<meta name=\"robots\" content=\"index, follow, max-snippet:-1, max-image-preview:large, max-video-preview:-1\" \/>\n<link rel=\"canonical\" href=\"https:\/\/bien-etreiris.ch\/de\/produktpraesentation\/aromatherapie\/aetherische-oele\/ravintsara\/\" \/>\n<meta property=\"og:locale\" content=\"de_DE\" \/>\n<meta property=\"og:type\" content=\"article\" \/>\n<meta property=\"og:title\" content=\"RAVINTSARA - WOHLBEFINDEN\" \/>\n<meta property=\"og:description\" content=\"&nbsp; Ravintsara BIO &nbsp; &nbsp; &nbsp; &nbsp; &nbsp; &nbsp; Damascena Huile essentielle 100% naturelle Lat. Nom : Cinnamomum camphora cineoliferum Garantie de qualit\u00e9 biologique sup\u00e9rieure CH-BIO 006 &nbsp; &nbsp; &nbsp; &nbsp; Nom botanique : Cinnamomum camphora cineoliferum Famille botanique : Laurac\u00e9es M\u00e9thode d&#039;extraction : distillation \u00e0 la vapeur d&#039;eau Partie de la plante utilis\u00e9e : feuilles Quantit\u00e9 v\u00e9g\u00e9tale : 70&nbsp;Weiter lesen\" \/>\n<meta property=\"og:url\" content=\"https:\/\/bien-etreiris.ch\/de\/produktpraesentation\/aromatherapie\/aetherische-oele\/ravintsara\/\" \/>\n<meta property=\"og:site_name\" content=\"WOHLBEFINDEN\" \/>\n<meta property=\"article:publisher\" content=\"https:\/\/www.facebook.com\/bienetreiris\/\" \/>\n<meta property=\"article:modified_time\" content=\"2023-11-12T20:32:45+00:00\" \/>\n<meta property=\"og:image\" content=\"https:\/\/bien-etreiris.ch\/wp-content\/uploads\/2023\/05\/acceuil-ravintsara.png\" \/>\n\t<meta property=\"og:image:width\" content=\"500\" \/>\n\t<meta property=\"og:image:height\" content=\"303\" \/>\n\t<meta property=\"og:image:type\" content=\"image\/png\" \/>\n<meta name=\"twitter:label1\" content=\"Gesch\u00e4tzte Lesezeit\" \/>\n\t<meta name=\"twitter:data1\" content=\"3\u00a0Minuten\" \/>\n<script type=\"application\/ld+json\" class=\"yoast-schema-graph\">{\"@context\":\"https:\\\/\\\/schema.org\",\"@graph\":[{\"@type\":\"WebPage\",\"@id\":\"https:\\\/\\\/bien-etreiris.ch\\\/de\\\/produktpraesentation\\\/aromatherapie\\\/aetherische-oele\\\/ravintsara\\\/\",\"url\":\"https:\\\/\\\/bien-etreiris.ch\\\/de\\\/produktpraesentation\\\/aromatherapie\\\/aetherische-oele\\\/ravintsara\\\/\",\"name\":\"RAVINTSARA - WOHLBEFINDEN\",\"isPartOf\":{\"@id\":\"https:\\\/\\\/bien-etreiris.ch\\\/de\\\/#website\"},\"primaryImageOfPage\":{\"@id\":\"https:\\\/\\\/bien-etreiris.ch\\\/de\\\/produktpraesentation\\\/aromatherapie\\\/aetherische-oele\\\/ravintsara\\\/#primaryimage\"},\"image\":{\"@id\":\"https:\\\/\\\/bien-etreiris.ch\\\/de\\\/produktpraesentation\\\/aromatherapie\\\/aetherische-oele\\\/ravintsara\\\/#primaryimage\"},\"thumbnailUrl\":\"https:\\\/\\\/bien-etreiris.ch\\\/wp-content\\\/uploads\\\/2023\\\/05\\\/acceuil-ravintsara.png\",\"datePublished\":\"2023-05-17T20:33:08+00:00\",\"dateModified\":\"2023-11-12T20:32:45+00:00\",\"breadcrumb\":{\"@id\":\"https:\\\/\\\/bien-etreiris.ch\\\/de\\\/produktpraesentation\\\/aromatherapie\\\/aetherische-oele\\\/ravintsara\\\/#breadcrumb\"},\"inLanguage\":\"de\",\"potentialAction\":[{\"@type\":\"ReadAction\",\"target\":[\"https:\\\/\\\/bien-etreiris.ch\\\/de\\\/produktpraesentation\\\/aromatherapie\\\/aetherische-oele\\\/ravintsara\\\/\"]}]},{\"@type\":\"ImageObject\",\"inLanguage\":\"de\",\"@id\":\"https:\\\/\\\/bien-etreiris.ch\\\/de\\\/produktpraesentation\\\/aromatherapie\\\/aetherische-oele\\\/ravintsara\\\/#primaryimage\",\"url\":\"https:\\\/\\\/bien-etreiris.ch\\\/wp-content\\\/uploads\\\/2023\\\/05\\\/acceuil-ravintsara.png\",\"contentUrl\":\"https:\\\/\\\/bien-etreiris.ch\\\/wp-content\\\/uploads\\\/2023\\\/05\\\/acceuil-ravintsara.png\",\"width\":500,\"height\":303},{\"@type\":\"BreadcrumbList\",\"@id\":\"https:\\\/\\\/bien-etreiris.ch\\\/de\\\/produktpraesentation\\\/aromatherapie\\\/aetherische-oele\\\/ravintsara\\\/#breadcrumb\",\"itemListElement\":[{\"@type\":\"ListItem\",\"position\":1,\"name\":\"Home\",\"item\":\"https:\\\/\\\/bien-etreiris.ch\\\/de\\\/\"},{\"@type\":\"ListItem\",\"position\":2,\"name\":\"PRODUKTPR\u00c4SENTATION\",\"item\":\"https:\\\/\\\/bien-etreiris.ch\\\/de\\\/produktpraesentation\\\/\"},{\"@type\":\"ListItem\",\"position\":3,\"name\":\"AROMATHERAPIE\",\"item\":\"https:\\\/\\\/bien-etreiris.ch\\\/de\\\/produktpraesentation\\\/aromatherapie\\\/\"},{\"@type\":\"ListItem\",\"position\":4,\"name\":\"\u00c4THERISCHE \u00d6LE\",\"item\":\"https:\\\/\\\/bien-etreiris.ch\\\/de\\\/produktpraesentation\\\/aromatherapie\\\/aetherische-oele\\\/\"},{\"@type\":\"ListItem\",\"position\":5,\"name\":\"RAVINTSARA\"}]},{\"@type\":\"WebSite\",\"@id\":\"https:\\\/\\\/bien-etreiris.ch\\\/de\\\/#website\",\"url\":\"https:\\\/\\\/bien-etreiris.ch\\\/de\\\/\",\"name\":\"Bien-\u00eatre Iris\",\"description\":\"IHRE Gesundheit ist uns wichtig\",\"potentialAction\":[{\"@type\":\"SearchAction\",\"target\":{\"@type\":\"EntryPoint\",\"urlTemplate\":\"https:\\\/\\\/bien-etreiris.ch\\\/de\\\/?s={search_term_string}\"},\"query-input\":{\"@type\":\"PropertyValueSpecification\",\"valueRequired\":true,\"valueName\":\"search_term_string\"}}],\"inLanguage\":\"de\"}]}<\/script>\n<!-- \/ Yoast SEO plugin. -->","yoast_head_json":{"title":"RAVINTSARA - WOHLBEFINDEN","robots":{"index":"index","follow":"follow","max-snippet":"max-snippet:-1","max-image-preview":"max-image-preview:large","max-video-preview":"max-video-preview:-1"},"canonical":"https:\/\/bien-etreiris.ch\/de\/produktpraesentation\/aromatherapie\/aetherische-oele\/ravintsara\/","og_locale":"de_DE","og_type":"article","og_title":"RAVINTSARA - WOHLBEFINDEN","og_description":"&nbsp; Ravintsara BIO &nbsp; &nbsp; &nbsp; &nbsp; &nbsp; &nbsp; Damascena Huile essentielle 100% naturelle Lat. Nom : Cinnamomum camphora cineoliferum Garantie de qualit\u00e9 biologique sup\u00e9rieure CH-BIO 006 &nbsp; &nbsp; &nbsp; &nbsp; Nom botanique : Cinnamomum camphora cineoliferum Famille botanique : Laurac\u00e9es M\u00e9thode d'extraction : distillation \u00e0 la vapeur d'eau Partie de la plante utilis\u00e9e : feuilles Quantit\u00e9 v\u00e9g\u00e9tale : 70&nbsp;Weiter lesen","og_url":"https:\/\/bien-etreiris.ch\/de\/produktpraesentation\/aromatherapie\/aetherische-oele\/ravintsara\/","og_site_name":"WOHLBEFINDEN","article_publisher":"https:\/\/www.facebook.com\/bienetreiris\/","article_modified_time":"2023-11-12T20:32:45+00:00","og_image":[{"width":500,"height":303,"url":"https:\/\/bien-etreiris.ch\/wp-content\/uploads\/2023\/05\/acceuil-ravintsara.png","type":"image\/png"}],"twitter_misc":{"Gesch\u00e4tzte Lesezeit":"3\u00a0Minuten"},"schema":{"@context":"https:\/\/schema.org","@graph":[{"@type":"WebPage","@id":"https:\/\/bien-etreiris.ch\/de\/produktpraesentation\/aromatherapie\/aetherische-oele\/ravintsara\/","url":"https:\/\/bien-etreiris.ch\/de\/produktpraesentation\/aromatherapie\/aetherische-oele\/ravintsara\/","name":"RAVINTSARA - WOHLBEFINDEN","isPartOf":{"@id":"https:\/\/bien-etreiris.ch\/de\/#website"},"primaryImageOfPage":{"@id":"https:\/\/bien-etreiris.ch\/de\/produktpraesentation\/aromatherapie\/aetherische-oele\/ravintsara\/#primaryimage"},"image":{"@id":"https:\/\/bien-etreiris.ch\/de\/produktpraesentation\/aromatherapie\/aetherische-oele\/ravintsara\/#primaryimage"},"thumbnailUrl":"https:\/\/bien-etreiris.ch\/wp-content\/uploads\/2023\/05\/acceuil-ravintsara.png","datePublished":"2023-05-17T20:33:08+00:00","dateModified":"2023-11-12T20:32:45+00:00","breadcrumb":{"@id":"https:\/\/bien-etreiris.ch\/de\/produktpraesentation\/aromatherapie\/aetherische-oele\/ravintsara\/#breadcrumb"},"inLanguage":"de","potentialAction":[{"@type":"ReadAction","target":["https:\/\/bien-etreiris.ch\/de\/produktpraesentation\/aromatherapie\/aetherische-oele\/ravintsara\/"]}]},{"@type":"ImageObject","inLanguage":"de","@id":"https:\/\/bien-etreiris.ch\/de\/produktpraesentation\/aromatherapie\/aetherische-oele\/ravintsara\/#primaryimage","url":"https:\/\/bien-etreiris.ch\/wp-content\/uploads\/2023\/05\/acceuil-ravintsara.png","contentUrl":"https:\/\/bien-etreiris.ch\/wp-content\/uploads\/2023\/05\/acceuil-ravintsara.png","width":500,"height":303},{"@type":"BreadcrumbList","@id":"https:\/\/bien-etreiris.ch\/de\/produktpraesentation\/aromatherapie\/aetherische-oele\/ravintsara\/#breadcrumb","itemListElement":[{"@type":"ListItem","position":1,"name":"Home","item":"https:\/\/bien-etreiris.ch\/de\/"},{"@type":"ListItem","position":2,"name":"PRODUKTPR\u00c4SENTATION","item":"https:\/\/bien-etreiris.ch\/de\/produktpraesentation\/"},{"@type":"ListItem","position":3,"name":"AROMATHERAPIE","item":"https:\/\/bien-etreiris.ch\/de\/produktpraesentation\/aromatherapie\/"},{"@type":"ListItem","position":4,"name":"\u00c4THERISCHE \u00d6LE","item":"https:\/\/bien-etreiris.ch\/de\/produktpraesentation\/aromatherapie\/aetherische-oele\/"},{"@type":"ListItem","position":5,"name":"RAVINTSARA"}]},{"@type":"WebSite","@id":"https:\/\/bien-etreiris.ch\/de\/#website","url":"https:\/\/bien-etreiris.ch\/de\/","name":"Bien-\u00eatre Iris","description":"IHRE Gesundheit ist uns wichtig","potentialAction":[{"@type":"SearchAction","target":{"@type":"EntryPoint","urlTemplate":"https:\/\/bien-etreiris.ch\/de\/?s={search_term_string}"},"query-input":{"@type":"PropertyValueSpecification","valueRequired":true,"valueName":"search_term_string"}}],"inLanguage":"de"}]}},"_links":{"self":[{"href":"https:\/\/bien-etreiris.ch\/de\/wp-json\/wp\/v2\/pages\/70385","targetHints":{"allow":["GET"]}}],"collection":[{"href":"https:\/\/bien-etreiris.ch\/de\/wp-json\/wp\/v2\/pages"}],"about":[{"href":"https:\/\/bien-etreiris.ch\/de\/wp-json\/wp\/v2\/types\/page"}],"author":[{"embeddable":true,"href":"https:\/\/bien-etreiris.ch\/de\/wp-json\/wp\/v2\/users\/1"}],"replies":[{"embeddable":true,"href":"https:\/\/bien-etreiris.ch\/de\/wp-json\/wp\/v2\/comments?post=70385"}],"version-history":[{"count":10,"href":"https:\/\/bien-etreiris.ch\/de\/wp-json\/wp\/v2\/pages\/70385\/revisions"}],"predecessor-version":[{"id":79523,"href":"https:\/\/bien-etreiris.ch\/de\/wp-json\/wp\/v2\/pages\/70385\/revisions\/79523"}],"up":[{"embeddable":true,"href":"https:\/\/bien-etreiris.ch\/de\/wp-json\/wp\/v2\/pages\/37429"}],"wp:featuredmedia":[{"embeddable":true,"href":"https:\/\/bien-etreiris.ch\/de\/wp-json\/wp\/v2\/media\/70377"}],"wp:attachment":[{"href":"https:\/\/bien-etreiris.ch\/de\/wp-json\/wp\/v2\/media?parent=70385"}],"curies":[{"name":"wp","href":"https:\/\/api.w.org\/{rel}","templated":true}]}}