{"id":70370,"date":"2023-05-17T08:54:25","date_gmt":"2023-05-17T06:54:25","guid":{"rendered":"https:\/\/bien-etreiris.ch\/produktpraesentation\/aromatherapie\/aetherische-oele\/feuilles-de-ho\/"},"modified":"2023-05-17T20:03:00","modified_gmt":"2023-05-17T18:03:00","slug":"feuilles-de-ho","status":"publish","type":"page","link":"https:\/\/bien-etreiris.ch\/de\/produktpraesentation\/aromatherapie\/aetherische-oele\/feuilles-de-ho\/","title":{"rendered":"FEUILLES DE H\u00d4"},"content":{"rendered":"\n<h2>Feuilles de H\u00f4<\/h2>\n\n\n<p><a href=\"https:\/\/bien-etreiris.ch\/de\/produktpraesentation\/aromatherapie\/aetherische-oele\/feuilles-de-ho\/feuilles-de-ho-2\/\" rel=\"attachment wp-att-70360\"><img loading=\"lazy\" decoding=\"async\" class=\"wp-image-70360 alignleft\" src=\"https:\/\/bien-etreiris.ch\/wp-content\/uploads\/2023\/05\/Feuilles-de-ho.jpg\" alt=\"\" width=\"200\" height=\"414\" srcset=\"https:\/\/bien-etreiris.ch\/wp-content\/uploads\/2023\/05\/Feuilles-de-ho.jpg 327w, https:\/\/bien-etreiris.ch\/wp-content\/uploads\/2023\/05\/Feuilles-de-ho-145x300.jpg 145w\" sizes=\"auto, (max-width: 200px) 100vw, 200px\" \/><\/a><\/p>\n<p>&nbsp;<\/p>\n<p>&nbsp;<\/p>\n<p>&nbsp;<\/p>\n<p>&nbsp;<\/p>\n<p>&nbsp;<\/p>\n<h4>Damascena<\/h4>\n<p>Feuilles de H\u00f4 (Ho-Scho)<\/p>\n<p>huile essentielle 100% naturelle<\/p>\n<p>Lat. Nom : Cinnamomum camphora linalooliferu<\/p>\n<p>Garantie d'une qualit\u00e9 sup\u00e9rieure<\/p>\n<p>Contenu : 5 ml <strong>CHF 8.50<\/strong><\/p>\n<p>&nbsp;<\/p>\n<p>&nbsp;<\/p>\n<p>&nbsp;<\/p>\n<p>&nbsp;<\/p>\n<div class=\"span12\" data-motopress-wrapper-file=\"page-fullwidth.php\" data-motopress-wrapper-type=\"content\">\n<div id=\"content\" class=\"row\">\n<div class=\"span12\" data-motopress-type=\"loop\" data-motopress-loop-file=\"loop\/loop-page.php\">\n<div id=\"post-63950\" class=\"page post-63950 type-page status-publish has-post-thumbnail hentry\">\n<table style=\"width: 85%; height: 784px;\">\n<tbody>\n<tr style=\"height: 23px;\">\n<td style=\"width: 26.0714%; height: 23px;\"><strong>Nom botanique :<\/strong><\/td>\n<td style=\"width: 57.9762%; height: 23px;\">Cinnamomum camphora linalooliferu<\/td>\n<\/tr>\n<tr style=\"height: 23px;\">\n<td style=\"width: 26.0714%; height: 23px;\"><strong>Famille botanique :<\/strong><\/td>\n<td style=\"width: 57.9762%; height: 23px;\">Laurac\u00e9es<\/td>\n<\/tr>\n<tr style=\"height: 23px;\">\n<td style=\"width: 26.0714%; height: 23px;\"><strong>M\u00e9thode d'extraction :<\/strong><\/td>\n<td style=\"width: 57.9762%; height: 23px;\">Distillation \u00e0 la vapeur d'eau<\/td>\n<\/tr>\n<tr style=\"height: 46px;\">\n<td style=\"width: 26.0714%; height: 46px;\"><strong>Partie de la plante utilis\u00e9e :<\/strong><\/td>\n<td style=\"width: 57.9762%; height: 46px;\">Feuilles<\/td>\n<\/tr>\n<tr style=\"height: 23px;\">\n<td style=\"width: 26.0714%; height: 23px;\"><strong>Quantit\u00e9 v\u00e9g\u00e9tale :<\/strong><\/td>\n<td style=\"width: 57.9762%; height: 23px;\">&nbsp;<\/td>\n<\/tr>\n<tr style=\"height: 23px;\">\n<td style=\"width: 26.0714%; height: 23px;\"><strong>Origine g\u00e9ographique :<\/strong>&nbsp;<\/td>\n<td style=\"width: 57.9762%; height: 23px;\">Ta\u00efwan (peut varier en fonction de la saison et de la r\u00e9colte)<\/td>\n<\/tr>\n<tr style=\"height: 23px;\">\n<td style=\"width: 26.0714%; height: 23px;\"><strong>Culture qualit\u00e9&nbsp;:<\/strong><\/td>\n<td style=\"width: 57.9762%; height: 23px;\">Cueillette sauvage, traditionnelle<\/td>\n<\/tr>\n<tr style=\"height: 23px;\">\n<td style=\"width: 26.0714%; height: 23px;\"><strong>Effet parfum\u00e9 :<\/strong><\/td>\n<td style=\"width: 57.9762%; height: 23px;\">Stimulant<\/td>\n<\/tr>\n<tr style=\"height: 23px;\">\n<td style=\"width: 26.0714%; height: 23px;\"><strong>Note parfum\u00e9e :<\/strong><\/td>\n<td style=\"width: 57.9762%; height: 23px;\">Note de base<\/td>\n<\/tr>\n<tr style=\"height: 23px;\">\n<td style=\"width: 26.0714%; height: 23px;\"><strong>Profil de parfum :<\/strong><\/td>\n<td style=\"width: 57.9762%; height: 23px;\">Fin, bois\u00e9, \u00e2pre, semblable au bois de rose<\/td>\n<\/tr>\n<tr style=\"height: 23px;\">\n<td style=\"width: 26.0714%; height: 23px;\"><strong>Th\u00e8me du parfum :<\/strong><\/td>\n<td style=\"width: 57.9762%; height: 23px;\">Equilibrant, inspirant, r\u00e9chauffant<\/td>\n<\/tr>\n<tr style=\"height: 23px;\">\n<td style=\"width: 26.0714%; height: 23px;\"><strong>\u00c9nerg\u00e9tique :<\/strong><\/td>\n<td style=\"width: 57.9762%; height: 23px;\">&nbsp;<\/td>\n<\/tr>\n<tr style=\"height: 23px;\">\n<td style=\"width: 26.0714%; height: 23px;\"><strong>Psycho-\u00e9motionnel :<\/strong>&nbsp;<\/td>\n<td style=\"width: 57.9762%; height: 23px;\">apaisant ; am\u00e9liore fortement l'humeur<\/td>\n<\/tr>\n<tr style=\"height: 343px;\">\n<td style=\"width: 26.0714%; height: 343px;\"><strong>Description :<\/strong>\n<p>&nbsp;<\/p>\n<p>&nbsp;<\/p>\n<p>&nbsp;<\/p>\n<p>&nbsp;<\/p>\n<p>&nbsp;<\/p>\n<p>&nbsp;<\/p>\n<\/td>\n<td style=\"width: 57.9762%; height: 343px;\" scope=\"row\">\n<ul>\n<li>&nbsp;<\/li>\n<\/ul>\n<\/td>\n<\/tr>\n<tr style=\"height: 119px;\">\n<td style=\"width: 26.0714%; height: 119px;\"><strong>Application :<\/strong><\/td>\n<td style=\"width: 57.9762%; height: 119px;\">\n<ul>\n<li>&nbsp;<\/li>\n<\/ul>\n<p>&nbsp;<\/p>\n<\/td>\n<\/tr>\n<tr>\n<th style=\"width: 26.0714%; text-align: left;\"><strong>Allergene :<\/strong><\/th>\n<td style=\"width: 57.9762%;\">\n<ul style=\"list-style-type: disc;\">\n<li>Limonene, Linalool<\/li>\n<\/ul>\n<\/td>\n<\/tr>\n<\/tbody>\n<\/table>\n<div class=\"clear\">&nbsp;<\/div>\n<\/div>\n<div class=\"row\">&nbsp;<\/div>\n<\/div>\n<\/div>\n<\/div>","protected":false},"excerpt":{"rendered":"<p>Feuilles de H\u00f4 &nbsp; &nbsp; &nbsp; &nbsp; &nbsp; Damascena Feuilles de H\u00f4 (Ho-Scho) huile essentielle 100% naturelle Lat. Nom : Cinnamomum camphora linalooliferu Garantie d'une qualit\u00e9 sup\u00e9rieure Contenu : 5 ml CHF 8.50 &nbsp; &nbsp; &nbsp; &nbsp; Nom botanique : Cinnamomum camphora linalooliferu Famille botanique : Laurac\u00e9es M\u00e9thode d'extraction : Distillation \u00e0 la vapeur d'eau Partie de la plante utilis\u00e9e&nbsp;<a href=\"https:\/\/bien-etreiris.ch\/de\/produktpraesentation\/aromatherapie\/aetherische-oele\/feuilles-de-ho\/\" class=\"read-more\">Weiter lesen<\/a><\/p>\n","protected":false},"author":1,"featured_media":70365,"parent":37429,"menu_order":3534,"comment_status":"closed","ping_status":"closed","template":"page-with-child.php","meta":{"_acf_changed":false,"ngg_post_thumbnail":0,"footnotes":""},"class_list":["post-70370","page","type-page","status-publish","has-post-thumbnail","hentry"],"acf":[],"yoast_head":"<!-- This site is optimized with the Yoast SEO plugin v27.6 - https:\/\/yoast.com\/product\/yoast-seo-wordpress\/ -->\n<title>FEUILLES DE H\u00d4 - WOHLBEFINDEN<\/title>\n<meta name=\"robots\" content=\"index, follow, max-snippet:-1, max-image-preview:large, max-video-preview:-1\" \/>\n<link rel=\"canonical\" href=\"https:\/\/bien-etreiris.ch\/de\/produktpraesentation\/aromatherapie\/aetherische-oele\/feuilles-de-ho\/\" \/>\n<meta property=\"og:locale\" content=\"de_DE\" \/>\n<meta property=\"og:type\" content=\"article\" \/>\n<meta property=\"og:title\" content=\"FEUILLES DE H\u00d4 - WOHLBEFINDEN\" \/>\n<meta property=\"og:description\" content=\"Feuilles de H\u00f4 &nbsp; &nbsp; &nbsp; &nbsp; &nbsp; Damascena Feuilles de H\u00f4 (Ho-Scho) huile essentielle 100% naturelle Lat. Nom : Cinnamomum camphora linalooliferu Garantie d&#039;une qualit\u00e9 sup\u00e9rieure Contenu : 5 ml CHF 8.50 &nbsp; &nbsp; &nbsp; &nbsp; Nom botanique : Cinnamomum camphora linalooliferu Famille botanique : Laurac\u00e9es M\u00e9thode d&#039;extraction : Distillation \u00e0 la vapeur d&#039;eau Partie de la plante utilis\u00e9e&nbsp;Weiter lesen\" \/>\n<meta property=\"og:url\" content=\"https:\/\/bien-etreiris.ch\/de\/produktpraesentation\/aromatherapie\/aetherische-oele\/feuilles-de-ho\/\" \/>\n<meta property=\"og:site_name\" content=\"WOHLBEFINDEN\" \/>\n<meta property=\"article:publisher\" content=\"https:\/\/www.facebook.com\/bienetreiris\/\" \/>\n<meta property=\"article:modified_time\" content=\"2023-05-17T18:03:00+00:00\" \/>\n<meta property=\"og:image\" content=\"https:\/\/bien-etreiris.ch\/wp-content\/uploads\/2023\/05\/Acceuil-feuilles-Ho.png\" \/>\n\t<meta property=\"og:image:width\" content=\"500\" \/>\n\t<meta property=\"og:image:height\" content=\"303\" \/>\n\t<meta property=\"og:image:type\" content=\"image\/png\" \/>\n<meta name=\"twitter:label1\" content=\"Gesch\u00e4tzte Lesezeit\" \/>\n\t<meta name=\"twitter:data1\" content=\"1\u00a0Minute\" \/>\n<script type=\"application\/ld+json\" class=\"yoast-schema-graph\">{\"@context\":\"https:\\\/\\\/schema.org\",\"@graph\":[{\"@type\":\"WebPage\",\"@id\":\"https:\\\/\\\/bien-etreiris.ch\\\/de\\\/produktpraesentation\\\/aromatherapie\\\/aetherische-oele\\\/feuilles-de-ho\\\/\",\"url\":\"https:\\\/\\\/bien-etreiris.ch\\\/de\\\/produktpraesentation\\\/aromatherapie\\\/aetherische-oele\\\/feuilles-de-ho\\\/\",\"name\":\"FEUILLES DE H\u00d4 - WOHLBEFINDEN\",\"isPartOf\":{\"@id\":\"https:\\\/\\\/bien-etreiris.ch\\\/de\\\/#website\"},\"primaryImageOfPage\":{\"@id\":\"https:\\\/\\\/bien-etreiris.ch\\\/de\\\/produktpraesentation\\\/aromatherapie\\\/aetherische-oele\\\/feuilles-de-ho\\\/#primaryimage\"},\"image\":{\"@id\":\"https:\\\/\\\/bien-etreiris.ch\\\/de\\\/produktpraesentation\\\/aromatherapie\\\/aetherische-oele\\\/feuilles-de-ho\\\/#primaryimage\"},\"thumbnailUrl\":\"https:\\\/\\\/bien-etreiris.ch\\\/wp-content\\\/uploads\\\/2023\\\/05\\\/Acceuil-feuilles-Ho.png\",\"datePublished\":\"2023-05-17T06:54:25+00:00\",\"dateModified\":\"2023-05-17T18:03:00+00:00\",\"breadcrumb\":{\"@id\":\"https:\\\/\\\/bien-etreiris.ch\\\/de\\\/produktpraesentation\\\/aromatherapie\\\/aetherische-oele\\\/feuilles-de-ho\\\/#breadcrumb\"},\"inLanguage\":\"de\",\"potentialAction\":[{\"@type\":\"ReadAction\",\"target\":[\"https:\\\/\\\/bien-etreiris.ch\\\/de\\\/produktpraesentation\\\/aromatherapie\\\/aetherische-oele\\\/feuilles-de-ho\\\/\"]}]},{\"@type\":\"ImageObject\",\"inLanguage\":\"de\",\"@id\":\"https:\\\/\\\/bien-etreiris.ch\\\/de\\\/produktpraesentation\\\/aromatherapie\\\/aetherische-oele\\\/feuilles-de-ho\\\/#primaryimage\",\"url\":\"https:\\\/\\\/bien-etreiris.ch\\\/wp-content\\\/uploads\\\/2023\\\/05\\\/Acceuil-feuilles-Ho.png\",\"contentUrl\":\"https:\\\/\\\/bien-etreiris.ch\\\/wp-content\\\/uploads\\\/2023\\\/05\\\/Acceuil-feuilles-Ho.png\",\"width\":500,\"height\":303},{\"@type\":\"BreadcrumbList\",\"@id\":\"https:\\\/\\\/bien-etreiris.ch\\\/de\\\/produktpraesentation\\\/aromatherapie\\\/aetherische-oele\\\/feuilles-de-ho\\\/#breadcrumb\",\"itemListElement\":[{\"@type\":\"ListItem\",\"position\":1,\"name\":\"Home\",\"item\":\"https:\\\/\\\/bien-etreiris.ch\\\/de\\\/\"},{\"@type\":\"ListItem\",\"position\":2,\"name\":\"PRODUKTPR\u00c4SENTATION\",\"item\":\"https:\\\/\\\/bien-etreiris.ch\\\/de\\\/produktpraesentation\\\/\"},{\"@type\":\"ListItem\",\"position\":3,\"name\":\"AROMATHERAPIE\",\"item\":\"https:\\\/\\\/bien-etreiris.ch\\\/de\\\/produktpraesentation\\\/aromatherapie\\\/\"},{\"@type\":\"ListItem\",\"position\":4,\"name\":\"\u00c4THERISCHE \u00d6LE\",\"item\":\"https:\\\/\\\/bien-etreiris.ch\\\/de\\\/produktpraesentation\\\/aromatherapie\\\/aetherische-oele\\\/\"},{\"@type\":\"ListItem\",\"position\":5,\"name\":\"FEUILLES DE H\u00d4\"}]},{\"@type\":\"WebSite\",\"@id\":\"https:\\\/\\\/bien-etreiris.ch\\\/de\\\/#website\",\"url\":\"https:\\\/\\\/bien-etreiris.ch\\\/de\\\/\",\"name\":\"Bien-\u00eatre Iris\",\"description\":\"IHRE Gesundheit ist uns wichtig\",\"potentialAction\":[{\"@type\":\"SearchAction\",\"target\":{\"@type\":\"EntryPoint\",\"urlTemplate\":\"https:\\\/\\\/bien-etreiris.ch\\\/de\\\/?s={search_term_string}\"},\"query-input\":{\"@type\":\"PropertyValueSpecification\",\"valueRequired\":true,\"valueName\":\"search_term_string\"}}],\"inLanguage\":\"de\"}]}<\/script>\n<!-- \/ Yoast SEO plugin. -->","yoast_head_json":{"title":"FEUILLES DE H\u00d4 - WOHLBEFINDEN","robots":{"index":"index","follow":"follow","max-snippet":"max-snippet:-1","max-image-preview":"max-image-preview:large","max-video-preview":"max-video-preview:-1"},"canonical":"https:\/\/bien-etreiris.ch\/de\/produktpraesentation\/aromatherapie\/aetherische-oele\/feuilles-de-ho\/","og_locale":"de_DE","og_type":"article","og_title":"FEUILLES DE H\u00d4 - WOHLBEFINDEN","og_description":"Feuilles de H\u00f4 &nbsp; &nbsp; &nbsp; &nbsp; &nbsp; Damascena Feuilles de H\u00f4 (Ho-Scho) huile essentielle 100% naturelle Lat. Nom : Cinnamomum camphora linalooliferu Garantie d'une qualit\u00e9 sup\u00e9rieure Contenu : 5 ml CHF 8.50 &nbsp; &nbsp; &nbsp; &nbsp; Nom botanique : Cinnamomum camphora linalooliferu Famille botanique : Laurac\u00e9es M\u00e9thode d'extraction : Distillation \u00e0 la vapeur d'eau Partie de la plante utilis\u00e9e&nbsp;Weiter lesen","og_url":"https:\/\/bien-etreiris.ch\/de\/produktpraesentation\/aromatherapie\/aetherische-oele\/feuilles-de-ho\/","og_site_name":"WOHLBEFINDEN","article_publisher":"https:\/\/www.facebook.com\/bienetreiris\/","article_modified_time":"2023-05-17T18:03:00+00:00","og_image":[{"width":500,"height":303,"url":"https:\/\/bien-etreiris.ch\/wp-content\/uploads\/2023\/05\/Acceuil-feuilles-Ho.png","type":"image\/png"}],"twitter_misc":{"Gesch\u00e4tzte Lesezeit":"1\u00a0Minute"},"schema":{"@context":"https:\/\/schema.org","@graph":[{"@type":"WebPage","@id":"https:\/\/bien-etreiris.ch\/de\/produktpraesentation\/aromatherapie\/aetherische-oele\/feuilles-de-ho\/","url":"https:\/\/bien-etreiris.ch\/de\/produktpraesentation\/aromatherapie\/aetherische-oele\/feuilles-de-ho\/","name":"FEUILLES DE H\u00d4 - WOHLBEFINDEN","isPartOf":{"@id":"https:\/\/bien-etreiris.ch\/de\/#website"},"primaryImageOfPage":{"@id":"https:\/\/bien-etreiris.ch\/de\/produktpraesentation\/aromatherapie\/aetherische-oele\/feuilles-de-ho\/#primaryimage"},"image":{"@id":"https:\/\/bien-etreiris.ch\/de\/produktpraesentation\/aromatherapie\/aetherische-oele\/feuilles-de-ho\/#primaryimage"},"thumbnailUrl":"https:\/\/bien-etreiris.ch\/wp-content\/uploads\/2023\/05\/Acceuil-feuilles-Ho.png","datePublished":"2023-05-17T06:54:25+00:00","dateModified":"2023-05-17T18:03:00+00:00","breadcrumb":{"@id":"https:\/\/bien-etreiris.ch\/de\/produktpraesentation\/aromatherapie\/aetherische-oele\/feuilles-de-ho\/#breadcrumb"},"inLanguage":"de","potentialAction":[{"@type":"ReadAction","target":["https:\/\/bien-etreiris.ch\/de\/produktpraesentation\/aromatherapie\/aetherische-oele\/feuilles-de-ho\/"]}]},{"@type":"ImageObject","inLanguage":"de","@id":"https:\/\/bien-etreiris.ch\/de\/produktpraesentation\/aromatherapie\/aetherische-oele\/feuilles-de-ho\/#primaryimage","url":"https:\/\/bien-etreiris.ch\/wp-content\/uploads\/2023\/05\/Acceuil-feuilles-Ho.png","contentUrl":"https:\/\/bien-etreiris.ch\/wp-content\/uploads\/2023\/05\/Acceuil-feuilles-Ho.png","width":500,"height":303},{"@type":"BreadcrumbList","@id":"https:\/\/bien-etreiris.ch\/de\/produktpraesentation\/aromatherapie\/aetherische-oele\/feuilles-de-ho\/#breadcrumb","itemListElement":[{"@type":"ListItem","position":1,"name":"Home","item":"https:\/\/bien-etreiris.ch\/de\/"},{"@type":"ListItem","position":2,"name":"PRODUKTPR\u00c4SENTATION","item":"https:\/\/bien-etreiris.ch\/de\/produktpraesentation\/"},{"@type":"ListItem","position":3,"name":"AROMATHERAPIE","item":"https:\/\/bien-etreiris.ch\/de\/produktpraesentation\/aromatherapie\/"},{"@type":"ListItem","position":4,"name":"\u00c4THERISCHE \u00d6LE","item":"https:\/\/bien-etreiris.ch\/de\/produktpraesentation\/aromatherapie\/aetherische-oele\/"},{"@type":"ListItem","position":5,"name":"FEUILLES DE H\u00d4"}]},{"@type":"WebSite","@id":"https:\/\/bien-etreiris.ch\/de\/#website","url":"https:\/\/bien-etreiris.ch\/de\/","name":"Bien-\u00eatre Iris","description":"IHRE Gesundheit ist uns wichtig","potentialAction":[{"@type":"SearchAction","target":{"@type":"EntryPoint","urlTemplate":"https:\/\/bien-etreiris.ch\/de\/?s={search_term_string}"},"query-input":{"@type":"PropertyValueSpecification","valueRequired":true,"valueName":"search_term_string"}}],"inLanguage":"de"}]}},"_links":{"self":[{"href":"https:\/\/bien-etreiris.ch\/de\/wp-json\/wp\/v2\/pages\/70370","targetHints":{"allow":["GET"]}}],"collection":[{"href":"https:\/\/bien-etreiris.ch\/de\/wp-json\/wp\/v2\/pages"}],"about":[{"href":"https:\/\/bien-etreiris.ch\/de\/wp-json\/wp\/v2\/types\/page"}],"author":[{"embeddable":true,"href":"https:\/\/bien-etreiris.ch\/de\/wp-json\/wp\/v2\/users\/1"}],"replies":[{"embeddable":true,"href":"https:\/\/bien-etreiris.ch\/de\/wp-json\/wp\/v2\/comments?post=70370"}],"version-history":[{"count":1,"href":"https:\/\/bien-etreiris.ch\/de\/wp-json\/wp\/v2\/pages\/70370\/revisions"}],"predecessor-version":[{"id":70373,"href":"https:\/\/bien-etreiris.ch\/de\/wp-json\/wp\/v2\/pages\/70370\/revisions\/70373"}],"up":[{"embeddable":true,"href":"https:\/\/bien-etreiris.ch\/de\/wp-json\/wp\/v2\/pages\/37429"}],"wp:featuredmedia":[{"embeddable":true,"href":"https:\/\/bien-etreiris.ch\/de\/wp-json\/wp\/v2\/media\/70365"}],"wp:attachment":[{"href":"https:\/\/bien-etreiris.ch\/de\/wp-json\/wp\/v2\/media?parent=70370"}],"curies":[{"name":"wp","href":"https:\/\/api.w.org\/{rel}","templated":true}]}}