{"id":70346,"date":"2023-05-16T22:21:33","date_gmt":"2023-05-16T20:21:33","guid":{"rendered":"https:\/\/bien-etreiris.ch\/produktpraesentation\/aromatherapie\/aetherische-oele\/bois-de-ho\/"},"modified":"2023-05-17T05:33:36","modified_gmt":"2023-05-17T03:33:36","slug":"bois-de-ho","status":"publish","type":"page","link":"https:\/\/bien-etreiris.ch\/de\/produktpraesentation\/aromatherapie\/aetherische-oele\/bois-de-ho\/","title":{"rendered":"BOIS DE H\u00d4"},"content":{"rendered":"<h2>Bois de H\u00f4 BIO<\/h2>\n<p>&nbsp;<\/p>\n<p><a href=\"https:\/\/bien-etreiris.ch\/de\/produktpraesentation\/aromatherapie\/aetherische-oele\/bois-de-ho\/bois-de-ho-2\/\" rel=\"attachment wp-att-70320\"><img loading=\"lazy\" decoding=\"async\" class=\"wp-image-70320 alignleft\" src=\"https:\/\/bien-etreiris.ch\/wp-content\/uploads\/2023\/05\/Bois-de-ho.jpg\" alt=\"\" width=\"173\" height=\"400\" srcset=\"https:\/\/bien-etreiris.ch\/wp-content\/uploads\/2023\/05\/Bois-de-ho.jpg 295w, https:\/\/bien-etreiris.ch\/wp-content\/uploads\/2023\/05\/Bois-de-ho-130x300.jpg 130w\" sizes=\"auto, (max-width: 173px) 100vw, 173px\" \/><\/a><\/p>\n<p>&nbsp;<\/p>\n<p>&nbsp;<\/p>\n<p>&nbsp;<\/p>\n<p>&nbsp;<\/p>\n<p>&nbsp;<\/p>\n<p>&nbsp;<\/p>\n<p>Huile essentielle 100% naturelle<\/p>\n<p>Lat. Nom : Cinnamomum camphora linalooliferum<\/p>\n<p>Garantie d'une qualit\u00e9 sup\u00e9rieure<\/p>\n<p>Contenue : 5 ml <strong>CHF 7.70<\/strong><\/p>\n<p>&nbsp;<\/p>\n<p>&nbsp;<\/p>\n<p>&nbsp;<\/p>\n<p>&nbsp;<\/p>\n<table style=\"width: 80.4762%;\">\n<tbody>\n<tr>\n<td style=\"width: 22.5%;\"><strong>Nom botanique :<\/strong><\/td>\n<td style=\"width: 57.0238%;\">Cinnamomum camphora linalooliferum<\/td>\n<\/tr>\n<tr>\n<td style=\"width: 22.5%;\"><strong>Famille botanique :<\/strong><\/td>\n<td style=\"width: 57.0238%;\">Laurac\u00e9es<\/td>\n<\/tr>\n<tr>\n<td style=\"width: 22.5%;\"><strong>M\u00e9thode d'extraction :<\/strong><\/td>\n<td style=\"width: 57.0238%;\">Distillation \u00e0 la vapeur d'eau<\/td>\n<\/tr>\n<tr>\n<td style=\"width: 22.5%;\"><strong>Partie de la plante utilis\u00e9e :<\/strong><\/td>\n<td style=\"width: 57.0238%;\">bois, \u00e9corce<\/td>\n<\/tr>\n<tr>\n<td style=\"width: 22.5%;\"><strong>Quantit\u00e9 v\u00e9g\u00e9tale :<\/strong><\/td>\n<td style=\"width: 57.0238%;\">&nbsp;<\/td>\n<\/tr>\n<tr>\n<td style=\"width: 22.5%;\"><strong>Origine g\u00e9ographique :<\/strong>&nbsp;<\/td>\n<td style=\"width: 57.0238%;\">Ta\u00efwan (peut varier en fonction de la saison et de la r\u00e9colte)<\/td>\n<\/tr>\n<tr>\n<td style=\"width: 22.5%;\"><strong>Culture qualit\u00e9&nbsp;:<\/strong><\/td>\n<td style=\"width: 57.0238%;\">biologique<\/td>\n<\/tr>\n<tr>\n<td style=\"width: 22.5%;\"><strong>Effet parfum\u00e9 :<\/strong><\/td>\n<td style=\"width: 57.0238%;\">stimulant<\/td>\n<\/tr>\n<tr>\n<td style=\"width: 22.5%;\"><strong>Note parfum\u00e9e :<\/strong><\/td>\n<td style=\"width: 57.0238%;\">Note de base<\/td>\n<\/tr>\n<tr>\n<td style=\"width: 22.5%;\"><strong>Profil de parfum :<\/strong><\/td>\n<td style=\"width: 57.0238%;\">fin, bois\u00e9, \u00e2pre, semblable au bois de rose<\/td>\n<\/tr>\n<tr>\n<td style=\"width: 22.5%;\"><strong>Th\u00e8me du parfum :<\/strong><\/td>\n<td style=\"width: 57.0238%;\">\u00e9quilibrant, inspirant, r\u00e9chauffant<\/td>\n<\/tr>\n<tr>\n<td style=\"width: 22.5%;\"><strong>\u00c9nerg\u00e9tique :<\/strong><\/td>\n<td style=\"width: 57.0238%;\">magenta \/ 4e chakra<\/td>\n<\/tr>\n<tr>\n<td style=\"width: 22.5%;\"><strong>Psycho-\u00e9motionnel :<\/strong>&nbsp;<\/td>\n<td style=\"width: 57.0238%;\">&nbsp;<\/td>\n<\/tr>\n<tr>\n<td style=\"width: 22.5%;\"><strong>Description :<\/strong>&nbsp;&nbsp;<\/p>\n<p>&nbsp;<\/p>\n<p>&nbsp;<\/p>\n<p>&nbsp;<\/p>\n<p>&nbsp;<\/p>\n<p>&nbsp;<\/td>\n<td style=\"width: 57.0238%;\" scope=\"row\">\n<ul>\n<li>Le Bois de H\u00f4 peut \u00eatre la source de nombreuses confusions. Pour mettre les choses au clair, reprenons les bases. L'huile essentielle de Bois de H\u00f4 est issue d'un arbre, comme son nom l'indique, que l'on appelle \u00e9galement Bois de Shiu ou Laurier de Chine. Son nom latin est Cinnamomum camphora. Exacement comme le Ravinstara ou le camphrier. Ces 3 huiles essentielles sont issues du m\u00eame arbre, n\u00e9anmoins leur origine g\u00e9ographique va directement influencer leur composition. Ainsi, le Ravintsara est plut\u00f4t retrouv\u00e9 vers Madagascar et pr\u00e9sente un ch\u00e9motype \u00e0 1,8-cin\u00e9ole, le Camphrier pousse vers le Vi\u00eat Nam et pr\u00e9sente un ch\u00e9motype \u00e0 camphre, tandis que le Bois de H\u00f4 est plut\u00f4t originaire de Chine et pr\u00e9sente un ch\u00e9motype \u00e0 linalol.<\/li>\n<li>Le Bois de H\u00f4 pr\u00e9sente une composition tr\u00e8s proche de celle <span style=\"color: #99cc00;\"><a style=\"color: #99cc00;\" href=\"https:\/\/bien-etreiris.ch\/de\/produktpraesentation\/aromatherapie\/aetherische-oele\/rosenholz\/\" target=\"_blank\" rel=\"noopener\">du Bois de Rose,<\/a><\/span> et donc des propri\u00e9t\u00e9s similaires : cosm\u00e9tiques et anti-infectieuses pour la peau. C'est d'ailleurs ce qui explique son succ\u00e8s ces derni\u00e8res ann\u00e9es.<\/li>\n<li>Le <span style=\"color: #99cc00;\"><a style=\"color: #99cc00;\" href=\"https:\/\/bien-etreiris.ch\/de\/produktpraesentation\/aromatherapie\/aetherische-oele\/rosenholz\/\" target=\"_blank\" rel=\"noopener\">Bois de Rose<\/a><\/span> \u00e9tant menac\u00e9 d'extinction, on le remplace syst\u00e9matiquement par le Bois de H\u00f4. Nom latin : Cinnamomum camphora var. linaloolifera Y.Fujita. Partie distill\u00e9e : bois<\/li>\n<\/ul>\n<\/td>\n<\/tr>\n<tr>\n<td style=\"width: 22.5%; vertical-align: top;\"><strong>Application :<\/strong><\/td>\n<td style=\"width: 57.0238%;\">\n<ul>\n<li>Autres effets de l'huile de bois de H\u00f4 BIO : Nous ne sommes pas autoris\u00e9s \u00e0 donner des indications. C'est pourquoi nous vous recommandons de consulter divers ouvrages sp\u00e9cialis\u00e9s ou de <strong><span style=\"color: #99cc00;\"><a style=\"color: #99cc00;\" href=\"https:\/\/bien-etreiris.ch\/de\/ratgeber-klarheit-beratung\/natuerliche-heilmittel\/pflanzenheilkunde\/aetherische-oele\/anwendungsleitfaden-fuer-aetherische-oelele\/camphrier\/bois-de-ho\/\" target=\"_blank\" rel=\"noopener\">visiter ce lien<\/a> <\/span><\/strong><\/li>\n<\/ul>\n<p>&nbsp;<\/td>\n<\/tr>\n<tr>\n<td style=\"width: 22.5%;\"><strong>Principes actifs :<\/strong><\/td>\n<td style=\"width: 57.0238%;\">\n<ul style=\"list-style-type: disc;\">\n<li>Linalol (de 90 \u00e0 99 %)<\/li>\n<\/ul>\n<\/td>\n<\/tr>\n<tr>\n<td style=\"width: 22.5%;\"><strong>Allerg\u00e8nes :<\/strong><\/td>\n<td style=\"width: 57.0238%;\">\n<ul>\n<li>Limonene, Linalool<\/li>\n<\/ul>\n<\/td>\n<\/tr>\n<\/tbody>\n<\/table>\n<p>&nbsp;<\/p>\n<p>&nbsp;<\/p>\n","protected":false},"excerpt":{"rendered":"<p>Bois de H\u00f4 BIO &nbsp; &nbsp; &nbsp; &nbsp; &nbsp; &nbsp; &nbsp; Huile essentielle 100% naturelle Lat. Nom : Cinnamomum camphora linalooliferum Garantie d'une qualit\u00e9 sup\u00e9rieure Contenue : 5 ml CHF 7.70 &nbsp; &nbsp; &nbsp; &nbsp; Nom botanique : Cinnamomum camphora linalooliferum Famille botanique : Laurac\u00e9es M\u00e9thode d'extraction : Distillation \u00e0 la vapeur d'eau Partie de la plante utilis\u00e9e : bois,&nbsp;<a href=\"https:\/\/bien-etreiris.ch\/de\/produktpraesentation\/aromatherapie\/aetherische-oele\/bois-de-ho\/\" class=\"read-more\">Weiter lesen<\/a><\/p>\n","protected":false},"author":1,"featured_media":70328,"parent":37429,"menu_order":3537,"comment_status":"closed","ping_status":"closed","template":"page-with-child.php","meta":{"_acf_changed":false,"ngg_post_thumbnail":0,"footnotes":""},"class_list":["post-70346","page","type-page","status-publish","has-post-thumbnail","hentry"],"acf":[],"yoast_head":"<!-- This site is optimized with the Yoast SEO plugin v27.6 - https:\/\/yoast.com\/product\/yoast-seo-wordpress\/ -->\n<title>BOIS DE H\u00d4 - WOHLBEFINDEN<\/title>\n<meta name=\"robots\" content=\"index, follow, max-snippet:-1, max-image-preview:large, max-video-preview:-1\" \/>\n<link rel=\"canonical\" href=\"https:\/\/bien-etreiris.ch\/de\/produktpraesentation\/aromatherapie\/aetherische-oele\/bois-de-ho\/\" \/>\n<meta property=\"og:locale\" content=\"de_DE\" \/>\n<meta property=\"og:type\" content=\"article\" \/>\n<meta property=\"og:title\" content=\"BOIS DE H\u00d4 - WOHLBEFINDEN\" \/>\n<meta property=\"og:description\" content=\"Bois de H\u00f4 BIO &nbsp; &nbsp; &nbsp; &nbsp; &nbsp; &nbsp; &nbsp; Huile essentielle 100% naturelle Lat. Nom : Cinnamomum camphora linalooliferum Garantie d&#039;une qualit\u00e9 sup\u00e9rieure Contenue : 5 ml CHF 7.70 &nbsp; &nbsp; &nbsp; &nbsp; Nom botanique : Cinnamomum camphora linalooliferum Famille botanique : Laurac\u00e9es M\u00e9thode d&#039;extraction : Distillation \u00e0 la vapeur d&#039;eau Partie de la plante utilis\u00e9e : bois,&nbsp;Weiter lesen\" \/>\n<meta property=\"og:url\" content=\"https:\/\/bien-etreiris.ch\/de\/produktpraesentation\/aromatherapie\/aetherische-oele\/bois-de-ho\/\" \/>\n<meta property=\"og:site_name\" content=\"WOHLBEFINDEN\" \/>\n<meta property=\"article:publisher\" content=\"https:\/\/www.facebook.com\/bienetreiris\/\" \/>\n<meta property=\"article:modified_time\" content=\"2023-05-17T03:33:36+00:00\" \/>\n<meta property=\"og:image\" content=\"https:\/\/bien-etreiris.ch\/wp-content\/uploads\/2023\/05\/Acceuil-Bois-de-Ho-1.png\" \/>\n\t<meta property=\"og:image:width\" content=\"500\" \/>\n\t<meta property=\"og:image:height\" content=\"303\" \/>\n\t<meta property=\"og:image:type\" content=\"image\/png\" \/>\n<meta name=\"twitter:label1\" content=\"Gesch\u00e4tzte Lesezeit\" \/>\n\t<meta name=\"twitter:data1\" content=\"2\u00a0Minuten\" \/>\n<script type=\"application\/ld+json\" class=\"yoast-schema-graph\">{\"@context\":\"https:\\\/\\\/schema.org\",\"@graph\":[{\"@type\":\"WebPage\",\"@id\":\"https:\\\/\\\/bien-etreiris.ch\\\/de\\\/produktpraesentation\\\/aromatherapie\\\/aetherische-oele\\\/bois-de-ho\\\/\",\"url\":\"https:\\\/\\\/bien-etreiris.ch\\\/de\\\/produktpraesentation\\\/aromatherapie\\\/aetherische-oele\\\/bois-de-ho\\\/\",\"name\":\"BOIS DE H\u00d4 - WOHLBEFINDEN\",\"isPartOf\":{\"@id\":\"https:\\\/\\\/bien-etreiris.ch\\\/de\\\/#website\"},\"primaryImageOfPage\":{\"@id\":\"https:\\\/\\\/bien-etreiris.ch\\\/de\\\/produktpraesentation\\\/aromatherapie\\\/aetherische-oele\\\/bois-de-ho\\\/#primaryimage\"},\"image\":{\"@id\":\"https:\\\/\\\/bien-etreiris.ch\\\/de\\\/produktpraesentation\\\/aromatherapie\\\/aetherische-oele\\\/bois-de-ho\\\/#primaryimage\"},\"thumbnailUrl\":\"https:\\\/\\\/bien-etreiris.ch\\\/wp-content\\\/uploads\\\/2023\\\/05\\\/Acceuil-Bois-de-Ho-1.png\",\"datePublished\":\"2023-05-16T20:21:33+00:00\",\"dateModified\":\"2023-05-17T03:33:36+00:00\",\"breadcrumb\":{\"@id\":\"https:\\\/\\\/bien-etreiris.ch\\\/de\\\/produktpraesentation\\\/aromatherapie\\\/aetherische-oele\\\/bois-de-ho\\\/#breadcrumb\"},\"inLanguage\":\"de\",\"potentialAction\":[{\"@type\":\"ReadAction\",\"target\":[\"https:\\\/\\\/bien-etreiris.ch\\\/de\\\/produktpraesentation\\\/aromatherapie\\\/aetherische-oele\\\/bois-de-ho\\\/\"]}]},{\"@type\":\"ImageObject\",\"inLanguage\":\"de\",\"@id\":\"https:\\\/\\\/bien-etreiris.ch\\\/de\\\/produktpraesentation\\\/aromatherapie\\\/aetherische-oele\\\/bois-de-ho\\\/#primaryimage\",\"url\":\"https:\\\/\\\/bien-etreiris.ch\\\/wp-content\\\/uploads\\\/2023\\\/05\\\/Acceuil-Bois-de-Ho-1.png\",\"contentUrl\":\"https:\\\/\\\/bien-etreiris.ch\\\/wp-content\\\/uploads\\\/2023\\\/05\\\/Acceuil-Bois-de-Ho-1.png\",\"width\":500,\"height\":303},{\"@type\":\"BreadcrumbList\",\"@id\":\"https:\\\/\\\/bien-etreiris.ch\\\/de\\\/produktpraesentation\\\/aromatherapie\\\/aetherische-oele\\\/bois-de-ho\\\/#breadcrumb\",\"itemListElement\":[{\"@type\":\"ListItem\",\"position\":1,\"name\":\"Home\",\"item\":\"https:\\\/\\\/bien-etreiris.ch\\\/de\\\/\"},{\"@type\":\"ListItem\",\"position\":2,\"name\":\"PRODUKTPR\u00c4SENTATION\",\"item\":\"https:\\\/\\\/bien-etreiris.ch\\\/de\\\/produktpraesentation\\\/\"},{\"@type\":\"ListItem\",\"position\":3,\"name\":\"AROMATHERAPIE\",\"item\":\"https:\\\/\\\/bien-etreiris.ch\\\/de\\\/produktpraesentation\\\/aromatherapie\\\/\"},{\"@type\":\"ListItem\",\"position\":4,\"name\":\"\u00c4THERISCHE \u00d6LE\",\"item\":\"https:\\\/\\\/bien-etreiris.ch\\\/de\\\/produktpraesentation\\\/aromatherapie\\\/aetherische-oele\\\/\"},{\"@type\":\"ListItem\",\"position\":5,\"name\":\"BOIS DE H\u00d4\"}]},{\"@type\":\"WebSite\",\"@id\":\"https:\\\/\\\/bien-etreiris.ch\\\/de\\\/#website\",\"url\":\"https:\\\/\\\/bien-etreiris.ch\\\/de\\\/\",\"name\":\"Bien-\u00eatre Iris\",\"description\":\"IHRE Gesundheit ist uns wichtig\",\"potentialAction\":[{\"@type\":\"SearchAction\",\"target\":{\"@type\":\"EntryPoint\",\"urlTemplate\":\"https:\\\/\\\/bien-etreiris.ch\\\/de\\\/?s={search_term_string}\"},\"query-input\":{\"@type\":\"PropertyValueSpecification\",\"valueRequired\":true,\"valueName\":\"search_term_string\"}}],\"inLanguage\":\"de\"}]}<\/script>\n<!-- \/ Yoast SEO plugin. -->","yoast_head_json":{"title":"BOIS DE H\u00d4 - WOHLBEFINDEN","robots":{"index":"index","follow":"follow","max-snippet":"max-snippet:-1","max-image-preview":"max-image-preview:large","max-video-preview":"max-video-preview:-1"},"canonical":"https:\/\/bien-etreiris.ch\/de\/produktpraesentation\/aromatherapie\/aetherische-oele\/bois-de-ho\/","og_locale":"de_DE","og_type":"article","og_title":"BOIS DE H\u00d4 - WOHLBEFINDEN","og_description":"Bois de H\u00f4 BIO &nbsp; &nbsp; &nbsp; &nbsp; &nbsp; &nbsp; &nbsp; Huile essentielle 100% naturelle Lat. Nom : Cinnamomum camphora linalooliferum Garantie d'une qualit\u00e9 sup\u00e9rieure Contenue : 5 ml CHF 7.70 &nbsp; &nbsp; &nbsp; &nbsp; Nom botanique : Cinnamomum camphora linalooliferum Famille botanique : Laurac\u00e9es M\u00e9thode d'extraction : Distillation \u00e0 la vapeur d'eau Partie de la plante utilis\u00e9e : bois,&nbsp;Weiter lesen","og_url":"https:\/\/bien-etreiris.ch\/de\/produktpraesentation\/aromatherapie\/aetherische-oele\/bois-de-ho\/","og_site_name":"WOHLBEFINDEN","article_publisher":"https:\/\/www.facebook.com\/bienetreiris\/","article_modified_time":"2023-05-17T03:33:36+00:00","og_image":[{"width":500,"height":303,"url":"https:\/\/bien-etreiris.ch\/wp-content\/uploads\/2023\/05\/Acceuil-Bois-de-Ho-1.png","type":"image\/png"}],"twitter_misc":{"Gesch\u00e4tzte Lesezeit":"2\u00a0Minuten"},"schema":{"@context":"https:\/\/schema.org","@graph":[{"@type":"WebPage","@id":"https:\/\/bien-etreiris.ch\/de\/produktpraesentation\/aromatherapie\/aetherische-oele\/bois-de-ho\/","url":"https:\/\/bien-etreiris.ch\/de\/produktpraesentation\/aromatherapie\/aetherische-oele\/bois-de-ho\/","name":"BOIS DE H\u00d4 - WOHLBEFINDEN","isPartOf":{"@id":"https:\/\/bien-etreiris.ch\/de\/#website"},"primaryImageOfPage":{"@id":"https:\/\/bien-etreiris.ch\/de\/produktpraesentation\/aromatherapie\/aetherische-oele\/bois-de-ho\/#primaryimage"},"image":{"@id":"https:\/\/bien-etreiris.ch\/de\/produktpraesentation\/aromatherapie\/aetherische-oele\/bois-de-ho\/#primaryimage"},"thumbnailUrl":"https:\/\/bien-etreiris.ch\/wp-content\/uploads\/2023\/05\/Acceuil-Bois-de-Ho-1.png","datePublished":"2023-05-16T20:21:33+00:00","dateModified":"2023-05-17T03:33:36+00:00","breadcrumb":{"@id":"https:\/\/bien-etreiris.ch\/de\/produktpraesentation\/aromatherapie\/aetherische-oele\/bois-de-ho\/#breadcrumb"},"inLanguage":"de","potentialAction":[{"@type":"ReadAction","target":["https:\/\/bien-etreiris.ch\/de\/produktpraesentation\/aromatherapie\/aetherische-oele\/bois-de-ho\/"]}]},{"@type":"ImageObject","inLanguage":"de","@id":"https:\/\/bien-etreiris.ch\/de\/produktpraesentation\/aromatherapie\/aetherische-oele\/bois-de-ho\/#primaryimage","url":"https:\/\/bien-etreiris.ch\/wp-content\/uploads\/2023\/05\/Acceuil-Bois-de-Ho-1.png","contentUrl":"https:\/\/bien-etreiris.ch\/wp-content\/uploads\/2023\/05\/Acceuil-Bois-de-Ho-1.png","width":500,"height":303},{"@type":"BreadcrumbList","@id":"https:\/\/bien-etreiris.ch\/de\/produktpraesentation\/aromatherapie\/aetherische-oele\/bois-de-ho\/#breadcrumb","itemListElement":[{"@type":"ListItem","position":1,"name":"Home","item":"https:\/\/bien-etreiris.ch\/de\/"},{"@type":"ListItem","position":2,"name":"PRODUKTPR\u00c4SENTATION","item":"https:\/\/bien-etreiris.ch\/de\/produktpraesentation\/"},{"@type":"ListItem","position":3,"name":"AROMATHERAPIE","item":"https:\/\/bien-etreiris.ch\/de\/produktpraesentation\/aromatherapie\/"},{"@type":"ListItem","position":4,"name":"\u00c4THERISCHE \u00d6LE","item":"https:\/\/bien-etreiris.ch\/de\/produktpraesentation\/aromatherapie\/aetherische-oele\/"},{"@type":"ListItem","position":5,"name":"BOIS DE H\u00d4"}]},{"@type":"WebSite","@id":"https:\/\/bien-etreiris.ch\/de\/#website","url":"https:\/\/bien-etreiris.ch\/de\/","name":"Bien-\u00eatre Iris","description":"IHRE Gesundheit ist uns wichtig","potentialAction":[{"@type":"SearchAction","target":{"@type":"EntryPoint","urlTemplate":"https:\/\/bien-etreiris.ch\/de\/?s={search_term_string}"},"query-input":{"@type":"PropertyValueSpecification","valueRequired":true,"valueName":"search_term_string"}}],"inLanguage":"de"}]}},"_links":{"self":[{"href":"https:\/\/bien-etreiris.ch\/de\/wp-json\/wp\/v2\/pages\/70346","targetHints":{"allow":["GET"]}}],"collection":[{"href":"https:\/\/bien-etreiris.ch\/de\/wp-json\/wp\/v2\/pages"}],"about":[{"href":"https:\/\/bien-etreiris.ch\/de\/wp-json\/wp\/v2\/types\/page"}],"author":[{"embeddable":true,"href":"https:\/\/bien-etreiris.ch\/de\/wp-json\/wp\/v2\/users\/1"}],"replies":[{"embeddable":true,"href":"https:\/\/bien-etreiris.ch\/de\/wp-json\/wp\/v2\/comments?post=70346"}],"version-history":[{"count":3,"href":"https:\/\/bien-etreiris.ch\/de\/wp-json\/wp\/v2\/pages\/70346\/revisions"}],"predecessor-version":[{"id":70357,"href":"https:\/\/bien-etreiris.ch\/de\/wp-json\/wp\/v2\/pages\/70346\/revisions\/70357"}],"up":[{"embeddable":true,"href":"https:\/\/bien-etreiris.ch\/de\/wp-json\/wp\/v2\/pages\/37429"}],"wp:featuredmedia":[{"embeddable":true,"href":"https:\/\/bien-etreiris.ch\/de\/wp-json\/wp\/v2\/media\/70328"}],"wp:attachment":[{"href":"https:\/\/bien-etreiris.ch\/de\/wp-json\/wp\/v2\/media?parent=70346"}],"curies":[{"name":"wp","href":"https:\/\/api.w.org\/{rel}","templated":true}]}}