{"id":70108,"date":"2023-05-12T22:44:45","date_gmt":"2023-05-12T20:44:45","guid":{"rendered":"https:\/\/bien-etreiris.ch\/produktpraesentation\/aromatherapie\/aetherische-oele\/citron\/"},"modified":"2023-11-21T04:42:11","modified_gmt":"2023-11-21T02:42:11","slug":"citron","status":"publish","type":"page","link":"https:\/\/bien-etreiris.ch\/de\/produktpraesentation\/aromatherapie\/aetherische-oele\/les-agrumes\/citron\/","title":{"rendered":"CITRON"},"content":{"rendered":"<h2>Citron BIO<\/h2>\n<p><a href=\"https:\/\/bien-etreiris.ch\/de\/produktpraesentation\/aromatherapie\/aetherische-oele\/les-agrumes\/citron\/citron-7-2\/\" rel=\"attachment wp-att-70102\"><img loading=\"lazy\" decoding=\"async\" class=\"wp-image-70102 alignleft\" src=\"https:\/\/bien-etreiris.ch\/wp-content\/uploads\/2023\/05\/Citron.jpg\" alt=\"\" width=\"196\" height=\"459\" srcset=\"https:\/\/bien-etreiris.ch\/wp-content\/uploads\/2023\/05\/Citron.jpg 297w, https:\/\/bien-etreiris.ch\/wp-content\/uploads\/2023\/05\/Citron-128x300.jpg 128w\" sizes=\"auto, (max-width: 196px) 100vw, 196px\" \/><\/a><\/p>\n<p>&nbsp;<\/p>\n<p>&nbsp;<\/p>\n<p>&nbsp;<\/p>\n<p>&nbsp;<\/p>\n<p>&nbsp;<\/p>\n<p>&nbsp;<\/p>\n<h4>Damascena<\/h4>\n<p>Huile essentielle 100% naturelle<\/p>\n<p>Lat. Nom : Citrus limon<\/p>\n<p>Garantie de qualit\u00e9 biologique sup\u00e9rieure CH-BIO 006<\/p>\n<p>Contenu: 10 ml <strong>CHF 9.00<\/strong><\/p>\n<p>&nbsp;&nbsp;&nbsp;&nbsp;&nbsp;&nbsp;&nbsp;&nbsp;&nbsp;&nbsp;&nbsp;&nbsp;&nbsp;&nbsp; 20 ml <strong>CHF 14.50<\/strong><\/p>\n<p>&nbsp;<\/p>\n<h4><a href=\"https:\/\/bien-etreiris.ch\/de\/produktpraesentation\/gesundes-leben\/gesunde-lebensmittel\/zutaten-wohlbefinden\/suppen-saucen-bruehe\/gewuerzoele\/zitrone-oel\/\" target=\"_blank\" rel=\"noopener\"><span style=\"color: #ff6600;\">Voici le lien vers notre huile aromatique \"citron\"<\/span><\/a><\/h4>\n<p>&nbsp;<\/p>\n<p>&nbsp;<\/p>\n<p><a href=\"https:\/\/bien-etreiris.ch\/presentations-des-produits\/aromatherapie\/huiles-essentielles\/citron\/alepia-2\/\" rel=\"attachment wp-att-70193\"><img loading=\"lazy\" decoding=\"async\" class=\"wp-image-70193 alignleft\" src=\"https:\/\/bien-etreiris.ch\/wp-content\/uploads\/2023\/05\/Alepia.jpg\" alt=\"\" width=\"300\" height=\"529\" srcset=\"https:\/\/bien-etreiris.ch\/wp-content\/uploads\/2023\/05\/Alepia.jpg 461w, https:\/\/bien-etreiris.ch\/wp-content\/uploads\/2023\/05\/Alepia-170x300.jpg 170w\" sizes=\"auto, (max-width: 300px) 100vw, 300px\" \/><\/a><\/p>\n<p>&nbsp;<\/p>\n<p>&nbsp;<\/p>\n<p>&nbsp;<\/p>\n<p>&nbsp;<\/p>\n<p>&nbsp;<\/p>\n<p>&nbsp;<\/p>\n<h4>Alepia<\/h4>\n<p>Recommand\u00e9e pour le soin de la peau et des cheveux ainsi que pour parfumer l\u2019atmosph\u00e8re.<\/p>\n<p>Origine Italie et certifi\u00e9e Bio.<\/p>\n<p>Contenance : 30 mL <strong>CHF 14.50<\/strong><\/p>\n<p>&nbsp;<\/p>\n<p>&nbsp;<\/p>\n<p>&nbsp;<\/p>\n<p>&nbsp;<\/p>\n<p>&nbsp;<\/p>\n<p>&nbsp;<\/p>\n<p>IMPORTANT : cette huile essentielle est obtenue par distillation \u00e0 la vapeur d'eau.<\/p>\n<table style=\"width: 65.1191%;\">\n<tbody>\n<tr>\n<td style=\"width: 22.381%;\"><strong>Nom botanique :<\/strong><\/td>\n<td style=\"width: 46.3105%;\">Citrus limon<\/td>\n<\/tr>\n<tr>\n<td style=\"width: 22.381%;\"><strong>Famille botanique :<\/strong><\/td>\n<td style=\"width: 46.3105%;\">Rutac\u00e9es<\/td>\n<\/tr>\n<tr>\n<td style=\"width: 22.381%;\"><strong>M\u00e9thode d'extraction :<\/strong><\/td>\n<td style=\"width: 46.3105%;\">distillation \u00e0 la vapeur d'eau<\/td>\n<\/tr>\n<tr>\n<td style=\"width: 22.381%;\"><strong>Partie de la plante utilis\u00e9e :<\/strong><\/td>\n<td style=\"width: 46.3105%;\">p\u00e9ricarpe frais du fruit<\/td>\n<\/tr>\n<tr>\n<td style=\"width: 22.381%;\"><strong>Quantit\u00e9 v\u00e9g\u00e9tale :<\/strong><\/td>\n<td style=\"width: 46.3105%;\">Pour 1 kg d'huile, il faut environ 200 kg de zestes.<\/td>\n<\/tr>\n<tr>\n<td style=\"width: 22.381%;\"><strong>Origine g\u00e9ographique :<\/strong>&nbsp;<\/td>\n<td style=\"width: 46.3105%;\">Italie<\/td>\n<\/tr>\n<tr>\n<td style=\"width: 22.381%;\"><strong>Culture qualit\u00e9&nbsp;:<\/strong><\/td>\n<td style=\"width: 46.3105%;\">biologique<\/td>\n<\/tr>\n<tr>\n<td style=\"width: 22.381%;\"><strong>Effet parfum\u00e9 :<\/strong><\/td>\n<td style=\"width: 46.3105%;\">rafra\u00eechissant<\/td>\n<\/tr>\n<tr>\n<td style=\"width: 22.381%;\"><strong>Note parfum\u00e9e :<\/strong><\/td>\n<td style=\"width: 46.3105%;\">Note de t\u00eate<\/td>\n<\/tr>\n<tr>\n<td style=\"width: 22.381%;\"><strong>Profil de parfum :<\/strong><\/td>\n<td style=\"width: 46.3105%;\">frais, citronn\u00e9, puissant<\/td>\n<\/tr>\n<tr>\n<td style=\"width: 22.381%;\"><strong>Th\u00e8me du parfum :<\/strong><\/td>\n<td style=\"width: 46.3105%;\">favorise la concentration, apaise, clarifie, stimule<\/td>\n<\/tr>\n<tr>\n<td style=\"width: 22.381%;\"><strong>\u00c9nerg\u00e9tique :<\/strong><\/td>\n<td style=\"width: 46.3105%;\">jaune \/ 3e chakra<\/td>\n<\/tr>\n<tr>\n<td style=\"width: 22.381%; vertical-align: top;\"><strong>Psycho-\u00e9motionnel :<\/strong>&nbsp;<\/td>\n<td style=\"width: 46.3105%;\">\n<ul style=\"list-style-type: disc;\">\n<li>stimulateur<\/li>\n<li>aide \u00e0 la concentration<\/li>\n<li>am\u00e9liore le travail d'analyse<\/li>\n<li>permet de faire des choix sans \u00e9motions.<\/li>\n<\/ul>\n<\/td>\n<\/tr>\n<tr>\n<td style=\"width: 22.381%; vertical-align: top;\"><strong>Description :<\/strong>&nbsp;&nbsp;&nbsp;&nbsp;&nbsp;&nbsp;<\/p>\n<p>&nbsp;<\/p>\n<p>&nbsp;<\/p>\n<p>&nbsp;<\/p>\n<p>&nbsp;<\/p>\n<p>&nbsp;<\/p>\n<p>&nbsp;<\/td>\n<td style=\"width: 46.3105%;\" scope=\"row\">\n<ul style=\"list-style-type: disc;\">\n<li>Le citron est arriv\u00e9 de Chine en Europe via l'Orient. Une huile essentielle fra\u00eeche et polyvalente est extraite de l'\u00e9corce jaune \u00e9clatante du fruit.<\/li>\n<li>L'aromath\u00e9rapie utilise ses propri\u00e9t\u00e9s f\u00e9brifuges, antiseptiques et anti-inflammatoires contre les maladies infectieuses.<\/li>\n<li>Son action d\u00e9congestionnante et d\u00e9purative est utilis\u00e9e en cas de stases lymphatiques et d'insuffisance veineuse.<\/li>\n<li>Sur le plan \u00e9motionnel, le citron est une huile de bonne humeur. Il am\u00e9liore l'humeur, favorise la concentration et interrompt les pens\u00e9es tournantes.<\/li>\n<li>Il aide \u00e0 lutter contre l'\u00e9puisement mental et \u00e0 se redresser.<\/li>\n<\/ul>\n<\/td>\n<\/tr>\n<tr>\n<td style=\"width: 22.381%; vertical-align: top;\"><strong>Application :<\/strong><\/td>\n<td style=\"width: 46.3105%;\">\n<ul style=\"list-style-type: disc;\">\n<li>Le citron se m\u00e9lange bien avec la lavande, la verveine, le fenouil, le gen\u00e9vrier, l'eucalyptus, le g\u00e9ranium rosat, l'hysope, la racine d'ang\u00e9lique, le bois de linaloa et le c\u00e8dre.<\/li>\n<li>Pour une atmosph\u00e8re favorisant la concentration et la clarification, ajouter du pin cembro dans le diffuseur d'ar\u00f4mes. Pour accompagner les examens, verser des gouttes dans le crayon \u00e0 parfum Damascena.<\/li>\n<li>Ajout\u00e9e \u00e0 l'eau de nettoyage, elle rafra\u00eechit la maison.<\/li>\n<\/ul>\n<p>&nbsp;<\/td>\n<\/tr>\n<tr>\n<td style=\"width: 22.381%; vertical-align: top;\"><strong>Allerg\u00e8nes<br \/>\n<\/strong><\/td>\n<td style=\"width: 46.3105%;\">\n<ul style=\"list-style-type: disc;\">\n<li><strong>Citral (g\u00e9ranial + n\u00e9ral), g\u00e9raniol, limon\u00e8ne, linalol<\/strong><\/li>\n<\/ul>\n<p>&nbsp;<\/td>\n<\/tr>\n<tr>\n<td style=\"width: 22.381%; vertical-align: top;\"><strong><span style=\"color: #ff0000;\">Pr\u00e9cautions !<\/span><br \/>\n<\/strong><\/td>\n<td style=\"width: 46.3105%;\">\n<ul>\n<li>L'huile de citron augmente la sensibilit\u00e9 de la peau \u00e0 la lumi\u00e8re. Apr\u00e8s un massage ou une friction \u00e0 l'huile de citron, la peau ne devrait pas \u00eatre expos\u00e9e directement au soleil !<\/li>\n<li><strong>&nbsp;= dermocaustique<\/strong><\/li>\n<\/ul>\n<p>&nbsp;<\/td>\n<\/tr>\n<tr>\n<td style=\"width: 68.6915%; vertical-align: top;\" colspan=\"2\"><strong><span style=\"color: #ff0000;\"><br \/>\n<\/span><\/strong><strong>Des sp\u00e9cialistes qualifi\u00e9s vous donneront volontiers de plus amples informations sur les possibilit\u00e9s d'utilisation m\u00e9dicale et cosm\u00e9tique.<\/strong><\/td>\n<\/tr>\n<\/tbody>\n<\/table>\n<h2>&nbsp;<\/h2>\n<h2><span style=\"color: #99cc00;\"><a style=\"color: #99cc00;\" href=\"https:\/\/bien-etreiris.ch\/de\/ratgeber-klarheit-beratung\/natuerliche-heilmittel\/pflanzenheilkunde\/aetherische-oele\/anwendungsleitfaden-fuer-aetherische-oele\/citron\/\" target=\"_blank\" rel=\"noopener\"><em>Cliquez sur ce lien pour acc\u00e9der au guide des huiles essentielles \"Citron\".<\/em><\/a><\/span><\/h2>\n","protected":false},"excerpt":{"rendered":"<p>Citron BIO &nbsp; &nbsp; &nbsp; &nbsp; &nbsp; &nbsp; Damascena Huile essentielle 100% naturelle Lat. Nom : Citrus limon Garantie de qualit\u00e9 biologique sup\u00e9rieure CH-BIO 006 Contenu: 10 ml CHF 9.00 &nbsp;&nbsp;&nbsp;&nbsp;&nbsp;&nbsp;&nbsp;&nbsp;&nbsp;&nbsp;&nbsp;&nbsp;&nbsp;&nbsp; 20 ml CHF 14.50 &nbsp; Voici le lien vers notre huile aromatique \"citron\" &nbsp; &nbsp; &nbsp; &nbsp; &nbsp; &nbsp; &nbsp; &nbsp; Alepia Recommand\u00e9e pour le soin de la peau&nbsp;<a href=\"https:\/\/bien-etreiris.ch\/de\/produktpraesentation\/aromatherapie\/aetherische-oele\/les-agrumes\/citron\/\" class=\"read-more\">Weiter lesen<\/a><\/p>\n","protected":false},"author":1,"featured_media":70333,"parent":80268,"menu_order":3565,"comment_status":"closed","ping_status":"closed","template":"page-with-child.php","meta":{"_acf_changed":false,"ngg_post_thumbnail":0,"footnotes":""},"class_list":["post-70108","page","type-page","status-publish","has-post-thumbnail","hentry"],"acf":[],"yoast_head":"<!-- This site is optimized with the Yoast SEO plugin v27.6 - https:\/\/yoast.com\/product\/yoast-seo-wordpress\/ -->\n<title>CITRON - WOHLBEFINDEN<\/title>\n<meta name=\"robots\" content=\"index, follow, max-snippet:-1, max-image-preview:large, max-video-preview:-1\" \/>\n<link rel=\"canonical\" href=\"https:\/\/bien-etreiris.ch\/de\/produktpraesentation\/aromatherapie\/aetherische-oele\/les-agrumes\/citron\/\" \/>\n<meta property=\"og:locale\" content=\"de_DE\" \/>\n<meta property=\"og:type\" content=\"article\" \/>\n<meta property=\"og:title\" content=\"CITRON - WOHLBEFINDEN\" \/>\n<meta property=\"og:description\" content=\"Citron BIO &nbsp; &nbsp; &nbsp; &nbsp; &nbsp; &nbsp; Damascena Huile essentielle 100% naturelle Lat. Nom : Citrus limon Garantie de qualit\u00e9 biologique sup\u00e9rieure CH-BIO 006 Contenu: 10 ml CHF 9.00 &nbsp;&nbsp;&nbsp;&nbsp;&nbsp;&nbsp;&nbsp;&nbsp;&nbsp;&nbsp;&nbsp;&nbsp;&nbsp;&nbsp; 20 ml CHF 14.50 &nbsp; Voici le lien vers notre huile aromatique &quot;citron&quot; &nbsp; &nbsp; &nbsp; &nbsp; &nbsp; &nbsp; &nbsp; &nbsp; Alepia Recommand\u00e9e pour le soin de la peau&nbsp;Weiter lesen\" \/>\n<meta property=\"og:url\" content=\"https:\/\/bien-etreiris.ch\/de\/produktpraesentation\/aromatherapie\/aetherische-oele\/les-agrumes\/citron\/\" \/>\n<meta property=\"og:site_name\" content=\"WOHLBEFINDEN\" \/>\n<meta property=\"article:publisher\" content=\"https:\/\/www.facebook.com\/bienetreiris\/\" \/>\n<meta property=\"article:modified_time\" content=\"2023-11-21T02:42:11+00:00\" \/>\n<meta property=\"og:image\" content=\"https:\/\/bien-etreiris.ch\/wp-content\/uploads\/2023\/05\/acceuil-citron-1.png\" \/>\n\t<meta property=\"og:image:width\" content=\"500\" \/>\n\t<meta property=\"og:image:height\" content=\"303\" \/>\n\t<meta property=\"og:image:type\" content=\"image\/png\" \/>\n<meta name=\"twitter:label1\" content=\"Gesch\u00e4tzte Lesezeit\" \/>\n\t<meta name=\"twitter:data1\" content=\"3\u00a0Minuten\" \/>\n<script type=\"application\/ld+json\" class=\"yoast-schema-graph\">{\"@context\":\"https:\\\/\\\/schema.org\",\"@graph\":[{\"@type\":\"WebPage\",\"@id\":\"https:\\\/\\\/bien-etreiris.ch\\\/de\\\/produktpraesentation\\\/aromatherapie\\\/aetherische-oele\\\/les-agrumes\\\/citron\\\/\",\"url\":\"https:\\\/\\\/bien-etreiris.ch\\\/de\\\/produktpraesentation\\\/aromatherapie\\\/aetherische-oele\\\/les-agrumes\\\/citron\\\/\",\"name\":\"CITRON - WOHLBEFINDEN\",\"isPartOf\":{\"@id\":\"https:\\\/\\\/bien-etreiris.ch\\\/de\\\/#website\"},\"primaryImageOfPage\":{\"@id\":\"https:\\\/\\\/bien-etreiris.ch\\\/de\\\/produktpraesentation\\\/aromatherapie\\\/aetherische-oele\\\/les-agrumes\\\/citron\\\/#primaryimage\"},\"image\":{\"@id\":\"https:\\\/\\\/bien-etreiris.ch\\\/de\\\/produktpraesentation\\\/aromatherapie\\\/aetherische-oele\\\/les-agrumes\\\/citron\\\/#primaryimage\"},\"thumbnailUrl\":\"https:\\\/\\\/bien-etreiris.ch\\\/wp-content\\\/uploads\\\/2023\\\/05\\\/acceuil-citron-1.png\",\"datePublished\":\"2023-05-12T20:44:45+00:00\",\"dateModified\":\"2023-11-21T02:42:11+00:00\",\"breadcrumb\":{\"@id\":\"https:\\\/\\\/bien-etreiris.ch\\\/de\\\/produktpraesentation\\\/aromatherapie\\\/aetherische-oele\\\/les-agrumes\\\/citron\\\/#breadcrumb\"},\"inLanguage\":\"de\",\"potentialAction\":[{\"@type\":\"ReadAction\",\"target\":[\"https:\\\/\\\/bien-etreiris.ch\\\/de\\\/produktpraesentation\\\/aromatherapie\\\/aetherische-oele\\\/les-agrumes\\\/citron\\\/\"]}]},{\"@type\":\"ImageObject\",\"inLanguage\":\"de\",\"@id\":\"https:\\\/\\\/bien-etreiris.ch\\\/de\\\/produktpraesentation\\\/aromatherapie\\\/aetherische-oele\\\/les-agrumes\\\/citron\\\/#primaryimage\",\"url\":\"https:\\\/\\\/bien-etreiris.ch\\\/wp-content\\\/uploads\\\/2023\\\/05\\\/acceuil-citron-1.png\",\"contentUrl\":\"https:\\\/\\\/bien-etreiris.ch\\\/wp-content\\\/uploads\\\/2023\\\/05\\\/acceuil-citron-1.png\",\"width\":500,\"height\":303},{\"@type\":\"BreadcrumbList\",\"@id\":\"https:\\\/\\\/bien-etreiris.ch\\\/de\\\/produktpraesentation\\\/aromatherapie\\\/aetherische-oele\\\/les-agrumes\\\/citron\\\/#breadcrumb\",\"itemListElement\":[{\"@type\":\"ListItem\",\"position\":1,\"name\":\"Home\",\"item\":\"https:\\\/\\\/bien-etreiris.ch\\\/de\\\/\"},{\"@type\":\"ListItem\",\"position\":2,\"name\":\"PRODUKTPR\u00c4SENTATION\",\"item\":\"https:\\\/\\\/bien-etreiris.ch\\\/de\\\/produktpraesentation\\\/\"},{\"@type\":\"ListItem\",\"position\":3,\"name\":\"AROMATHERAPIE\",\"item\":\"https:\\\/\\\/bien-etreiris.ch\\\/de\\\/produktpraesentation\\\/aromatherapie\\\/\"},{\"@type\":\"ListItem\",\"position\":4,\"name\":\"\u00c4THERISCHE \u00d6LE\",\"item\":\"https:\\\/\\\/bien-etreiris.ch\\\/de\\\/produktpraesentation\\\/aromatherapie\\\/aetherische-oele\\\/\"},{\"@type\":\"ListItem\",\"position\":5,\"name\":\"AGRUMES\",\"item\":\"https:\\\/\\\/bien-etreiris.ch\\\/de\\\/produktpraesentation\\\/aromatherapie\\\/aetherische-oele\\\/les-agrumes\\\/\"},{\"@type\":\"ListItem\",\"position\":6,\"name\":\"CITRON\"}]},{\"@type\":\"WebSite\",\"@id\":\"https:\\\/\\\/bien-etreiris.ch\\\/de\\\/#website\",\"url\":\"https:\\\/\\\/bien-etreiris.ch\\\/de\\\/\",\"name\":\"Bien-\u00eatre Iris\",\"description\":\"IHRE Gesundheit ist uns wichtig\",\"potentialAction\":[{\"@type\":\"SearchAction\",\"target\":{\"@type\":\"EntryPoint\",\"urlTemplate\":\"https:\\\/\\\/bien-etreiris.ch\\\/de\\\/?s={search_term_string}\"},\"query-input\":{\"@type\":\"PropertyValueSpecification\",\"valueRequired\":true,\"valueName\":\"search_term_string\"}}],\"inLanguage\":\"de\"}]}<\/script>\n<!-- \/ Yoast SEO plugin. -->","yoast_head_json":{"title":"CITRON - WOHLBEFINDEN","robots":{"index":"index","follow":"follow","max-snippet":"max-snippet:-1","max-image-preview":"max-image-preview:large","max-video-preview":"max-video-preview:-1"},"canonical":"https:\/\/bien-etreiris.ch\/de\/produktpraesentation\/aromatherapie\/aetherische-oele\/les-agrumes\/citron\/","og_locale":"de_DE","og_type":"article","og_title":"CITRON - WOHLBEFINDEN","og_description":"Citron BIO &nbsp; &nbsp; &nbsp; &nbsp; &nbsp; &nbsp; Damascena Huile essentielle 100% naturelle Lat. Nom : Citrus limon Garantie de qualit\u00e9 biologique sup\u00e9rieure CH-BIO 006 Contenu: 10 ml CHF 9.00 &nbsp;&nbsp;&nbsp;&nbsp;&nbsp;&nbsp;&nbsp;&nbsp;&nbsp;&nbsp;&nbsp;&nbsp;&nbsp;&nbsp; 20 ml CHF 14.50 &nbsp; Voici le lien vers notre huile aromatique \"citron\" &nbsp; &nbsp; &nbsp; &nbsp; &nbsp; &nbsp; &nbsp; &nbsp; Alepia Recommand\u00e9e pour le soin de la peau&nbsp;Weiter lesen","og_url":"https:\/\/bien-etreiris.ch\/de\/produktpraesentation\/aromatherapie\/aetherische-oele\/les-agrumes\/citron\/","og_site_name":"WOHLBEFINDEN","article_publisher":"https:\/\/www.facebook.com\/bienetreiris\/","article_modified_time":"2023-11-21T02:42:11+00:00","og_image":[{"width":500,"height":303,"url":"https:\/\/bien-etreiris.ch\/wp-content\/uploads\/2023\/05\/acceuil-citron-1.png","type":"image\/png"}],"twitter_misc":{"Gesch\u00e4tzte Lesezeit":"3\u00a0Minuten"},"schema":{"@context":"https:\/\/schema.org","@graph":[{"@type":"WebPage","@id":"https:\/\/bien-etreiris.ch\/de\/produktpraesentation\/aromatherapie\/aetherische-oele\/les-agrumes\/citron\/","url":"https:\/\/bien-etreiris.ch\/de\/produktpraesentation\/aromatherapie\/aetherische-oele\/les-agrumes\/citron\/","name":"CITRON - WOHLBEFINDEN","isPartOf":{"@id":"https:\/\/bien-etreiris.ch\/de\/#website"},"primaryImageOfPage":{"@id":"https:\/\/bien-etreiris.ch\/de\/produktpraesentation\/aromatherapie\/aetherische-oele\/les-agrumes\/citron\/#primaryimage"},"image":{"@id":"https:\/\/bien-etreiris.ch\/de\/produktpraesentation\/aromatherapie\/aetherische-oele\/les-agrumes\/citron\/#primaryimage"},"thumbnailUrl":"https:\/\/bien-etreiris.ch\/wp-content\/uploads\/2023\/05\/acceuil-citron-1.png","datePublished":"2023-05-12T20:44:45+00:00","dateModified":"2023-11-21T02:42:11+00:00","breadcrumb":{"@id":"https:\/\/bien-etreiris.ch\/de\/produktpraesentation\/aromatherapie\/aetherische-oele\/les-agrumes\/citron\/#breadcrumb"},"inLanguage":"de","potentialAction":[{"@type":"ReadAction","target":["https:\/\/bien-etreiris.ch\/de\/produktpraesentation\/aromatherapie\/aetherische-oele\/les-agrumes\/citron\/"]}]},{"@type":"ImageObject","inLanguage":"de","@id":"https:\/\/bien-etreiris.ch\/de\/produktpraesentation\/aromatherapie\/aetherische-oele\/les-agrumes\/citron\/#primaryimage","url":"https:\/\/bien-etreiris.ch\/wp-content\/uploads\/2023\/05\/acceuil-citron-1.png","contentUrl":"https:\/\/bien-etreiris.ch\/wp-content\/uploads\/2023\/05\/acceuil-citron-1.png","width":500,"height":303},{"@type":"BreadcrumbList","@id":"https:\/\/bien-etreiris.ch\/de\/produktpraesentation\/aromatherapie\/aetherische-oele\/les-agrumes\/citron\/#breadcrumb","itemListElement":[{"@type":"ListItem","position":1,"name":"Home","item":"https:\/\/bien-etreiris.ch\/de\/"},{"@type":"ListItem","position":2,"name":"PRODUKTPR\u00c4SENTATION","item":"https:\/\/bien-etreiris.ch\/de\/produktpraesentation\/"},{"@type":"ListItem","position":3,"name":"AROMATHERAPIE","item":"https:\/\/bien-etreiris.ch\/de\/produktpraesentation\/aromatherapie\/"},{"@type":"ListItem","position":4,"name":"\u00c4THERISCHE \u00d6LE","item":"https:\/\/bien-etreiris.ch\/de\/produktpraesentation\/aromatherapie\/aetherische-oele\/"},{"@type":"ListItem","position":5,"name":"AGRUMES","item":"https:\/\/bien-etreiris.ch\/de\/produktpraesentation\/aromatherapie\/aetherische-oele\/les-agrumes\/"},{"@type":"ListItem","position":6,"name":"CITRON"}]},{"@type":"WebSite","@id":"https:\/\/bien-etreiris.ch\/de\/#website","url":"https:\/\/bien-etreiris.ch\/de\/","name":"Bien-\u00eatre Iris","description":"IHRE Gesundheit ist uns wichtig","potentialAction":[{"@type":"SearchAction","target":{"@type":"EntryPoint","urlTemplate":"https:\/\/bien-etreiris.ch\/de\/?s={search_term_string}"},"query-input":{"@type":"PropertyValueSpecification","valueRequired":true,"valueName":"search_term_string"}}],"inLanguage":"de"}]}},"_links":{"self":[{"href":"https:\/\/bien-etreiris.ch\/de\/wp-json\/wp\/v2\/pages\/70108","targetHints":{"allow":["GET"]}}],"collection":[{"href":"https:\/\/bien-etreiris.ch\/de\/wp-json\/wp\/v2\/pages"}],"about":[{"href":"https:\/\/bien-etreiris.ch\/de\/wp-json\/wp\/v2\/types\/page"}],"author":[{"embeddable":true,"href":"https:\/\/bien-etreiris.ch\/de\/wp-json\/wp\/v2\/users\/1"}],"replies":[{"embeddable":true,"href":"https:\/\/bien-etreiris.ch\/de\/wp-json\/wp\/v2\/comments?post=70108"}],"version-history":[{"count":8,"href":"https:\/\/bien-etreiris.ch\/de\/wp-json\/wp\/v2\/pages\/70108\/revisions"}],"predecessor-version":[{"id":80290,"href":"https:\/\/bien-etreiris.ch\/de\/wp-json\/wp\/v2\/pages\/70108\/revisions\/80290"}],"up":[{"embeddable":true,"href":"https:\/\/bien-etreiris.ch\/de\/wp-json\/wp\/v2\/pages\/80268"}],"wp:featuredmedia":[{"embeddable":true,"href":"https:\/\/bien-etreiris.ch\/de\/wp-json\/wp\/v2\/media\/70333"}],"wp:attachment":[{"href":"https:\/\/bien-etreiris.ch\/de\/wp-json\/wp\/v2\/media?parent=70108"}],"curies":[{"name":"wp","href":"https:\/\/api.w.org\/{rel}","templated":true}]}}