{"id":70049,"date":"2023-05-12T17:07:23","date_gmt":"2023-05-12T15:07:23","guid":{"rendered":"https:\/\/bien-etreiris.ch\/ratgeber-klarheit-beratung\/natuerliche-heilmittel\/pflanzenheilkunde\/aetherische-oele\/infos\/fournisseur-pricipal\/"},"modified":"2023-05-12T17:08:06","modified_gmt":"2023-05-12T15:08:06","slug":"fournisseur-pricipal","status":"publish","type":"page","link":"https:\/\/bien-etreiris.ch\/de\/ratgeber-klarheit-beratung\/natuerliche-heilmittel\/pflanzenheilkunde\/aetherische-oele\/infos\/fournisseur-pricipal\/","title":{"rendered":"FOURNISSEUR PRICIPAL"},"content":{"rendered":"\n<h4>Notre Fournisseur principal DAMASCENA<\/h4>\n\n\n<p><img loading=\"lazy\" decoding=\"async\" class=\"wp-image-13926 alignleft\" src=\"https:\/\/decoiris.ch\/wp-content\/uploads\/2018\/12\/4-fl\u00e4schli-1-300x206.jpg\" sizes=\"auto, (max-width: 386px) 100vw, 386px\" srcset=\"https:\/\/bien-etreiris.ch\/wp-content\/uploads\/2018\/12\/4-fl\u00e4schli-1-300x206.jpg 300w, https:\/\/bien-etreiris.ch\/wp-content\/uploads\/2018\/12\/4-fl\u00e4schli-1-768x528.jpg 768w, https:\/\/bien-etreiris.ch\/wp-content\/uploads\/2018\/12\/4-fl\u00e4schli-1-1024x703.jpg 1024w, https:\/\/bien-etreiris.ch\/wp-content\/uploads\/2018\/12\/4-fl\u00e4schli-1.jpg 1281w\" alt=\"\" width=\"386\" height=\"265\"><\/p>\n<p>&nbsp;<\/p>\n<p>&nbsp;<\/p>\n<p>&nbsp;<\/p>\n<h2><a href=\"https:\/\/bien-etreiris.ch\/de\/produktpraesentation\/aromatherapie\/aetherische-oele\/\" target=\"_blank\" rel=\"noopener\"><strong><span class=\"tlid-translation translation\" style=\"color: #ff9900;\"><span class=\"\" title=\"\">\u25c4<\/span><\/span><span class=\"tlid-translation translation\"><span class=\"\" title=\"\"><span style=\"color: #ff9900;\">Produits assortis\u25ba<\/span><\/span><\/span><\/strong><\/a><\/h2>\n<p>&nbsp;<\/p>\n<p>&nbsp;<\/p>\n<p>&nbsp;<\/p>\n<p>Dynamiser l'esprit et le corps avec des huiles essentielles. Gagnez de l'\u00e9nergie, maintenez votre sant\u00e9 et augmentez votre enthousiasme pour la vie - \u00e0 la maison, au travail ou pendant vos loisirs. Les huiles essentielles affectent directement nos sentiments. Nous le savons de la nature: le doux parfum d\u2019une roseraie peut nous enchanter, rafra\u00eechir un citron ou une orangeraie, calmer un champ de lavande bleu profond en Provence et le parfum de pin peut nous donner un sentiment lib\u00e9rateur. L'utilisation d'huiles essentielles peut vous aider \u00e0 rester vital et en bonne sant\u00e9.<\/p>\n<p>&nbsp;<\/p>\n<h4><strong>La garantie de qualit\u00e9 Damascena<\/strong><\/h4>\n<p>Offrir le meilleur de la qualit\u00e9 naturelle est le principe de notre travail. C'est pourquoi nous nous occupons personnellement de la culture des plantes et de la production appropri\u00e9e de tous les produits depuis plus de 30 ans. Nous achetons localement chez les producteurs, nous nous occupons de nos propres projets de culture et nous soutenons la culture biologique durable dans le monde entier. Les huiles Damascena sont 100% pures, non adult\u00e9r\u00e9es, vari\u00e9tales, de qualit\u00e9 aromath\u00e9rapeutique et garanties sans additifs synth\u00e9tiques. Lors de vos achats, nous accordons une attention particuli\u00e8re au travail avec des fournisseurs fiables et de confiance que nous connaissons personnellement. La puret\u00e9 et la qualit\u00e9 des huiles sont r\u00e9guli\u00e8rement contr\u00f4l\u00e9es par des tests de chromatographie en phase gazeuse et des m\u00e9thodes d'analyse de pointe. Tous nos absolus sont exempts de r\u00e9sidus de solvant.<\/p>\n<p>&nbsp;<\/p>\n<h4><strong>Traiter avec les huiles essentielles<\/strong><\/h4>\n<p>Les huiles essentielles sont des plantes hautement concentr\u00e9es qui arrosent nos fleurs, feuilles, fruits, bois, r\u00e9sines ou racines. Ils doivent \u00eatre utilis\u00e9s consciemment et avec pr\u00e9caution et ne peuvent \u00eatre appliqu\u00e9s que dilu\u00e9s pour une application externe. Ils sont hautement inflammables et doivent toujours \u00eatre conserv\u00e9s dans un endroit s\u00fbr, hors de la port\u00e9e des enfants et \u00e0 l'abri de la lumi\u00e8re. Le contact des huiles avec les yeux et les muqueuses doit \u00eatre \u00e9vit\u00e9. Lorsqu'elles sont r\u00e9frig\u00e9r\u00e9es, la plupart des huiles essentielles sont stables pendant au moins trois ans, mais les huiles d'agrumes doivent \u00eatre consomm\u00e9es dans l'ann\u00e9e. Toutes les informations importantes et les dispositions l\u00e9gales se trouvent sur l\u2019\u00e9tiquette.<\/p>\n<p>&nbsp;<\/p>\n<h4><strong>Applications<\/strong><\/h4>\n<p>\u2022 Dans les lampes \u00e0 parfum, pour am\u00e9liorer le climat de la pi\u00e8ce et assainir l'air, ajoutez environ 5 \u00e0 10 gouttes dans le bol rempli d'eau de la lampe \u00e0 parfum.<\/p>\n<p>\u2022 Pour les soins personnels tels que pour la production d\u2019huiles de massage et de bain, ajouter 10 \u00e0 20 gouttes \u00e0 100 ml d\u2019huile de base.<\/p>\n<p>\u2022 De nombreuses applications, telles que les inhalations, les enveloppes et les compresses peuvent \u00eatre trouv\u00e9s dans la litt\u00e9rature vari\u00e9e sur les huiles essentielles.<\/p>\n<p>\u2022 La consommation interne d'huiles essentielles ne doit \u00eatre effectu\u00e9e que sur les conseils d'un sp\u00e9cialiste form\u00e9 en aromath\u00e9rapie.<\/p>\n<h4><strong>Allusion<\/strong><\/h4>\n<p>Toutes nos huiles ne sont pas des m\u00e9dicaments au sens de la loi sur les drogues. Par cons\u00e9quent, l'\u00e9tiquette contient l'\u00e9tiquette l\u00e9galement obligatoire \"Utiliser pour aromatiser les espaces de vie\".<\/p>\n<h4><strong>Ordonnance sur les substances dangereuses<\/strong><\/h4>\n<p>Le r\u00e8glement de l'UE sur les substances dangereuses prescrit l'utilisation de bouchons de s\u00e9curit\u00e9 pour enfants et l'\u00e9tiquetage de symboles de danger pour certaines huiles.<\/p>\n<p>&nbsp;<\/p>\n<p><img loading=\"lazy\" decoding=\"async\" class=\"alignnone wp-image-14013\" src=\"https:\/\/decoiris.ch\/wp-content\/uploads\/2018\/12\/Ger\u00fcst-Ediketten-en-fran\u00e7ais-plus-grand-300x106.jpg\" sizes=\"auto, (max-width: 889px) 100vw, 889px\" srcset=\"https:\/\/bien-etreiris.ch\/wp-content\/uploads\/2018\/12\/Ger\u00fcst-Ediketten-en-fran\u00e7ais-plus-grand-300x106.jpg 300w, https:\/\/bien-etreiris.ch\/wp-content\/uploads\/2018\/12\/Ger\u00fcst-Ediketten-en-fran\u00e7ais-plus-grand-768x272.jpg 768w, https:\/\/bien-etreiris.ch\/wp-content\/uploads\/2018\/12\/Ger\u00fcst-Ediketten-en-fran\u00e7ais-plus-grand-1024x363.jpg 1024w, https:\/\/bien-etreiris.ch\/wp-content\/uploads\/2018\/12\/Ger\u00fcst-Ediketten-en-fran\u00e7ais-plus-grand.jpg 1200w\" alt=\"\" width=\"889\" height=\"314\"><\/p>","protected":false},"excerpt":{"rendered":"<p>Notre Fournisseur principal DAMASCENA &nbsp; &nbsp; &nbsp; \u25c4Produits assortis\u25ba &nbsp; &nbsp; &nbsp; Dynamiser l'esprit et le corps avec des huiles essentielles. Gagnez de l'\u00e9nergie, maintenez votre sant\u00e9 et augmentez votre enthousiasme pour la vie - \u00e0 la maison, au travail ou pendant vos loisirs. Les huiles essentielles affectent directement nos sentiments. Nous le savons de la nature: le doux parfum&nbsp;<a href=\"https:\/\/bien-etreiris.ch\/de\/ratgeber-klarheit-beratung\/natuerliche-heilmittel\/pflanzenheilkunde\/aetherische-oele\/infos\/fournisseur-pricipal\/\" class=\"read-more\">Weiter lesen<\/a><\/p>\n","protected":false},"author":1,"featured_media":70046,"parent":13889,"menu_order":3578,"comment_status":"closed","ping_status":"closed","template":"page-with-child.php","meta":{"_acf_changed":false,"ngg_post_thumbnail":0,"footnotes":""},"class_list":["post-70049","page","type-page","status-publish","has-post-thumbnail","hentry"],"acf":[],"yoast_head":"<!-- This site is optimized with the Yoast SEO plugin v27.6 - https:\/\/yoast.com\/product\/yoast-seo-wordpress\/ -->\n<title>FOURNISSEUR PRICIPAL - WOHLBEFINDEN<\/title>\n<meta name=\"robots\" content=\"index, follow, max-snippet:-1, max-image-preview:large, max-video-preview:-1\" \/>\n<link rel=\"canonical\" href=\"https:\/\/bien-etreiris.ch\/de\/ratgeber-klarheit-beratung\/natuerliche-heilmittel\/pflanzenheilkunde\/aetherische-oele\/infos\/fournisseur-pricipal\/\" \/>\n<meta property=\"og:locale\" content=\"de_DE\" \/>\n<meta property=\"og:type\" content=\"article\" \/>\n<meta property=\"og:title\" content=\"FOURNISSEUR PRICIPAL - WOHLBEFINDEN\" \/>\n<meta property=\"og:description\" content=\"Notre Fournisseur principal DAMASCENA &nbsp; &nbsp; &nbsp; \u25c4Produits assortis\u25ba &nbsp; &nbsp; &nbsp; Dynamiser l&#039;esprit et le corps avec des huiles essentielles. Gagnez de l&#039;\u00e9nergie, maintenez votre sant\u00e9 et augmentez votre enthousiasme pour la vie - \u00e0 la maison, au travail ou pendant vos loisirs. Les huiles essentielles affectent directement nos sentiments. Nous le savons de la nature: le doux parfum&nbsp;Weiter lesen\" \/>\n<meta property=\"og:url\" content=\"https:\/\/bien-etreiris.ch\/de\/ratgeber-klarheit-beratung\/natuerliche-heilmittel\/pflanzenheilkunde\/aetherische-oele\/infos\/fournisseur-pricipal\/\" \/>\n<meta property=\"og:site_name\" content=\"WOHLBEFINDEN\" \/>\n<meta property=\"article:publisher\" content=\"https:\/\/www.facebook.com\/bienetreiris\/\" \/>\n<meta property=\"article:modified_time\" content=\"2023-05-12T15:08:06+00:00\" \/>\n<meta property=\"og:image\" content=\"https:\/\/bien-etreiris.ch\/wp-content\/uploads\/2023\/05\/acceuil-a-propos-nos-fournisseur-principal.jpg\" \/>\n\t<meta property=\"og:image:width\" content=\"500\" \/>\n\t<meta property=\"og:image:height\" content=\"333\" \/>\n\t<meta property=\"og:image:type\" content=\"image\/jpeg\" \/>\n<meta name=\"twitter:label1\" content=\"Gesch\u00e4tzte Lesezeit\" \/>\n\t<meta name=\"twitter:data1\" content=\"4\u00a0Minuten\" \/>\n<script type=\"application\/ld+json\" class=\"yoast-schema-graph\">{\"@context\":\"https:\\\/\\\/schema.org\",\"@graph\":[{\"@type\":\"WebPage\",\"@id\":\"https:\\\/\\\/bien-etreiris.ch\\\/de\\\/ratgeber-klarheit-beratung\\\/natuerliche-heilmittel\\\/pflanzenheilkunde\\\/aetherische-oele\\\/infos\\\/fournisseur-pricipal\\\/\",\"url\":\"https:\\\/\\\/bien-etreiris.ch\\\/de\\\/ratgeber-klarheit-beratung\\\/natuerliche-heilmittel\\\/pflanzenheilkunde\\\/aetherische-oele\\\/infos\\\/fournisseur-pricipal\\\/\",\"name\":\"FOURNISSEUR PRICIPAL - WOHLBEFINDEN\",\"isPartOf\":{\"@id\":\"https:\\\/\\\/bien-etreiris.ch\\\/de\\\/#website\"},\"primaryImageOfPage\":{\"@id\":\"https:\\\/\\\/bien-etreiris.ch\\\/de\\\/ratgeber-klarheit-beratung\\\/natuerliche-heilmittel\\\/pflanzenheilkunde\\\/aetherische-oele\\\/infos\\\/fournisseur-pricipal\\\/#primaryimage\"},\"image\":{\"@id\":\"https:\\\/\\\/bien-etreiris.ch\\\/de\\\/ratgeber-klarheit-beratung\\\/natuerliche-heilmittel\\\/pflanzenheilkunde\\\/aetherische-oele\\\/infos\\\/fournisseur-pricipal\\\/#primaryimage\"},\"thumbnailUrl\":\"https:\\\/\\\/bien-etreiris.ch\\\/wp-content\\\/uploads\\\/2023\\\/05\\\/acceuil-a-propos-nos-fournisseur-principal.jpg\",\"datePublished\":\"2023-05-12T15:07:23+00:00\",\"dateModified\":\"2023-05-12T15:08:06+00:00\",\"breadcrumb\":{\"@id\":\"https:\\\/\\\/bien-etreiris.ch\\\/de\\\/ratgeber-klarheit-beratung\\\/natuerliche-heilmittel\\\/pflanzenheilkunde\\\/aetherische-oele\\\/infos\\\/fournisseur-pricipal\\\/#breadcrumb\"},\"inLanguage\":\"de\",\"potentialAction\":[{\"@type\":\"ReadAction\",\"target\":[\"https:\\\/\\\/bien-etreiris.ch\\\/de\\\/ratgeber-klarheit-beratung\\\/natuerliche-heilmittel\\\/pflanzenheilkunde\\\/aetherische-oele\\\/infos\\\/fournisseur-pricipal\\\/\"]}]},{\"@type\":\"ImageObject\",\"inLanguage\":\"de\",\"@id\":\"https:\\\/\\\/bien-etreiris.ch\\\/de\\\/ratgeber-klarheit-beratung\\\/natuerliche-heilmittel\\\/pflanzenheilkunde\\\/aetherische-oele\\\/infos\\\/fournisseur-pricipal\\\/#primaryimage\",\"url\":\"https:\\\/\\\/bien-etreiris.ch\\\/wp-content\\\/uploads\\\/2023\\\/05\\\/acceuil-a-propos-nos-fournisseur-principal.jpg\",\"contentUrl\":\"https:\\\/\\\/bien-etreiris.ch\\\/wp-content\\\/uploads\\\/2023\\\/05\\\/acceuil-a-propos-nos-fournisseur-principal.jpg\",\"width\":500,\"height\":333},{\"@type\":\"BreadcrumbList\",\"@id\":\"https:\\\/\\\/bien-etreiris.ch\\\/de\\\/ratgeber-klarheit-beratung\\\/natuerliche-heilmittel\\\/pflanzenheilkunde\\\/aetherische-oele\\\/infos\\\/fournisseur-pricipal\\\/#breadcrumb\",\"itemListElement\":[{\"@type\":\"ListItem\",\"position\":1,\"name\":\"Home\",\"item\":\"https:\\\/\\\/bien-etreiris.ch\\\/de\\\/\"},{\"@type\":\"ListItem\",\"position\":2,\"name\":\"RATGEBER &#038; KLARHEIT\",\"item\":\"https:\\\/\\\/bien-etreiris.ch\\\/de\\\/ratgeber-klarheit-beratung\\\/\"},{\"@type\":\"ListItem\",\"position\":3,\"name\":\"NAT\u00dcRLICHE SUBSTANZEN\",\"item\":\"https:\\\/\\\/bien-etreiris.ch\\\/de\\\/ratgeber-klarheit-beratung\\\/natuerliche-heilmittel\\\/\"},{\"@type\":\"ListItem\",\"position\":4,\"name\":\"PFLANZENHEILKUNDE\",\"item\":\"https:\\\/\\\/bien-etreiris.ch\\\/de\\\/ratgeber-klarheit-beratung\\\/pflanzenheilkunde\\\/\"},{\"@type\":\"ListItem\",\"position\":5,\"name\":\"\u00c4THERISCHE \u00d6LE\",\"item\":\"https:\\\/\\\/bien-etreiris.ch\\\/de\\\/ratgeber-klarheit-beratung\\\/pflanzenheilkunde\\\/aetherische-oele\\\/\"},{\"@type\":\"ListItem\",\"position\":6,\"name\":\"INFOS\",\"item\":\"https:\\\/\\\/bien-etreiris.ch\\\/de\\\/ratgeber-klarheit-beratung\\\/natuerliche-heilmittel\\\/pflanzenheilkunde\\\/aetherische-oele\\\/infos\\\/\"},{\"@type\":\"ListItem\",\"position\":7,\"name\":\"FOURNISSEUR PRICIPAL\"}]},{\"@type\":\"WebSite\",\"@id\":\"https:\\\/\\\/bien-etreiris.ch\\\/de\\\/#website\",\"url\":\"https:\\\/\\\/bien-etreiris.ch\\\/de\\\/\",\"name\":\"Bien-\u00eatre Iris\",\"description\":\"IHRE Gesundheit ist uns wichtig\",\"potentialAction\":[{\"@type\":\"SearchAction\",\"target\":{\"@type\":\"EntryPoint\",\"urlTemplate\":\"https:\\\/\\\/bien-etreiris.ch\\\/de\\\/?s={search_term_string}\"},\"query-input\":{\"@type\":\"PropertyValueSpecification\",\"valueRequired\":true,\"valueName\":\"search_term_string\"}}],\"inLanguage\":\"de\"}]}<\/script>\n<!-- \/ Yoast SEO plugin. -->","yoast_head_json":{"title":"FOURNISSEUR PRICIPAL - WOHLBEFINDEN","robots":{"index":"index","follow":"follow","max-snippet":"max-snippet:-1","max-image-preview":"max-image-preview:large","max-video-preview":"max-video-preview:-1"},"canonical":"https:\/\/bien-etreiris.ch\/de\/ratgeber-klarheit-beratung\/natuerliche-heilmittel\/pflanzenheilkunde\/aetherische-oele\/infos\/fournisseur-pricipal\/","og_locale":"de_DE","og_type":"article","og_title":"FOURNISSEUR PRICIPAL - WOHLBEFINDEN","og_description":"Notre Fournisseur principal DAMASCENA &nbsp; &nbsp; &nbsp; \u25c4Produits assortis\u25ba &nbsp; &nbsp; &nbsp; Dynamiser l'esprit et le corps avec des huiles essentielles. Gagnez de l'\u00e9nergie, maintenez votre sant\u00e9 et augmentez votre enthousiasme pour la vie - \u00e0 la maison, au travail ou pendant vos loisirs. Les huiles essentielles affectent directement nos sentiments. Nous le savons de la nature: le doux parfum&nbsp;Weiter lesen","og_url":"https:\/\/bien-etreiris.ch\/de\/ratgeber-klarheit-beratung\/natuerliche-heilmittel\/pflanzenheilkunde\/aetherische-oele\/infos\/fournisseur-pricipal\/","og_site_name":"WOHLBEFINDEN","article_publisher":"https:\/\/www.facebook.com\/bienetreiris\/","article_modified_time":"2023-05-12T15:08:06+00:00","og_image":[{"width":500,"height":333,"url":"https:\/\/bien-etreiris.ch\/wp-content\/uploads\/2023\/05\/acceuil-a-propos-nos-fournisseur-principal.jpg","type":"image\/jpeg"}],"twitter_misc":{"Gesch\u00e4tzte Lesezeit":"4\u00a0Minuten"},"schema":{"@context":"https:\/\/schema.org","@graph":[{"@type":"WebPage","@id":"https:\/\/bien-etreiris.ch\/de\/ratgeber-klarheit-beratung\/natuerliche-heilmittel\/pflanzenheilkunde\/aetherische-oele\/infos\/fournisseur-pricipal\/","url":"https:\/\/bien-etreiris.ch\/de\/ratgeber-klarheit-beratung\/natuerliche-heilmittel\/pflanzenheilkunde\/aetherische-oele\/infos\/fournisseur-pricipal\/","name":"FOURNISSEUR PRICIPAL - WOHLBEFINDEN","isPartOf":{"@id":"https:\/\/bien-etreiris.ch\/de\/#website"},"primaryImageOfPage":{"@id":"https:\/\/bien-etreiris.ch\/de\/ratgeber-klarheit-beratung\/natuerliche-heilmittel\/pflanzenheilkunde\/aetherische-oele\/infos\/fournisseur-pricipal\/#primaryimage"},"image":{"@id":"https:\/\/bien-etreiris.ch\/de\/ratgeber-klarheit-beratung\/natuerliche-heilmittel\/pflanzenheilkunde\/aetherische-oele\/infos\/fournisseur-pricipal\/#primaryimage"},"thumbnailUrl":"https:\/\/bien-etreiris.ch\/wp-content\/uploads\/2023\/05\/acceuil-a-propos-nos-fournisseur-principal.jpg","datePublished":"2023-05-12T15:07:23+00:00","dateModified":"2023-05-12T15:08:06+00:00","breadcrumb":{"@id":"https:\/\/bien-etreiris.ch\/de\/ratgeber-klarheit-beratung\/natuerliche-heilmittel\/pflanzenheilkunde\/aetherische-oele\/infos\/fournisseur-pricipal\/#breadcrumb"},"inLanguage":"de","potentialAction":[{"@type":"ReadAction","target":["https:\/\/bien-etreiris.ch\/de\/ratgeber-klarheit-beratung\/natuerliche-heilmittel\/pflanzenheilkunde\/aetherische-oele\/infos\/fournisseur-pricipal\/"]}]},{"@type":"ImageObject","inLanguage":"de","@id":"https:\/\/bien-etreiris.ch\/de\/ratgeber-klarheit-beratung\/natuerliche-heilmittel\/pflanzenheilkunde\/aetherische-oele\/infos\/fournisseur-pricipal\/#primaryimage","url":"https:\/\/bien-etreiris.ch\/wp-content\/uploads\/2023\/05\/acceuil-a-propos-nos-fournisseur-principal.jpg","contentUrl":"https:\/\/bien-etreiris.ch\/wp-content\/uploads\/2023\/05\/acceuil-a-propos-nos-fournisseur-principal.jpg","width":500,"height":333},{"@type":"BreadcrumbList","@id":"https:\/\/bien-etreiris.ch\/de\/ratgeber-klarheit-beratung\/natuerliche-heilmittel\/pflanzenheilkunde\/aetherische-oele\/infos\/fournisseur-pricipal\/#breadcrumb","itemListElement":[{"@type":"ListItem","position":1,"name":"Home","item":"https:\/\/bien-etreiris.ch\/de\/"},{"@type":"ListItem","position":2,"name":"RATGEBER &#038; KLARHEIT","item":"https:\/\/bien-etreiris.ch\/de\/ratgeber-klarheit-beratung\/"},{"@type":"ListItem","position":3,"name":"NAT\u00dcRLICHE SUBSTANZEN","item":"https:\/\/bien-etreiris.ch\/de\/ratgeber-klarheit-beratung\/natuerliche-heilmittel\/"},{"@type":"ListItem","position":4,"name":"PFLANZENHEILKUNDE","item":"https:\/\/bien-etreiris.ch\/de\/ratgeber-klarheit-beratung\/pflanzenheilkunde\/"},{"@type":"ListItem","position":5,"name":"\u00c4THERISCHE \u00d6LE","item":"https:\/\/bien-etreiris.ch\/de\/ratgeber-klarheit-beratung\/pflanzenheilkunde\/aetherische-oele\/"},{"@type":"ListItem","position":6,"name":"INFOS","item":"https:\/\/bien-etreiris.ch\/de\/ratgeber-klarheit-beratung\/natuerliche-heilmittel\/pflanzenheilkunde\/aetherische-oele\/infos\/"},{"@type":"ListItem","position":7,"name":"FOURNISSEUR PRICIPAL"}]},{"@type":"WebSite","@id":"https:\/\/bien-etreiris.ch\/de\/#website","url":"https:\/\/bien-etreiris.ch\/de\/","name":"Bien-\u00eatre Iris","description":"IHRE Gesundheit ist uns wichtig","potentialAction":[{"@type":"SearchAction","target":{"@type":"EntryPoint","urlTemplate":"https:\/\/bien-etreiris.ch\/de\/?s={search_term_string}"},"query-input":{"@type":"PropertyValueSpecification","valueRequired":true,"valueName":"search_term_string"}}],"inLanguage":"de"}]}},"_links":{"self":[{"href":"https:\/\/bien-etreiris.ch\/de\/wp-json\/wp\/v2\/pages\/70049","targetHints":{"allow":["GET"]}}],"collection":[{"href":"https:\/\/bien-etreiris.ch\/de\/wp-json\/wp\/v2\/pages"}],"about":[{"href":"https:\/\/bien-etreiris.ch\/de\/wp-json\/wp\/v2\/types\/page"}],"author":[{"embeddable":true,"href":"https:\/\/bien-etreiris.ch\/de\/wp-json\/wp\/v2\/users\/1"}],"replies":[{"embeddable":true,"href":"https:\/\/bien-etreiris.ch\/de\/wp-json\/wp\/v2\/comments?post=70049"}],"version-history":[{"count":1,"href":"https:\/\/bien-etreiris.ch\/de\/wp-json\/wp\/v2\/pages\/70049\/revisions"}],"predecessor-version":[{"id":70051,"href":"https:\/\/bien-etreiris.ch\/de\/wp-json\/wp\/v2\/pages\/70049\/revisions\/70051"}],"up":[{"embeddable":true,"href":"https:\/\/bien-etreiris.ch\/de\/wp-json\/wp\/v2\/pages\/13889"}],"wp:featuredmedia":[{"embeddable":true,"href":"https:\/\/bien-etreiris.ch\/de\/wp-json\/wp\/v2\/media\/70046"}],"wp:attachment":[{"href":"https:\/\/bien-etreiris.ch\/de\/wp-json\/wp\/v2\/media?parent=70049"}],"curies":[{"name":"wp","href":"https:\/\/api.w.org\/{rel}","templated":true}]}}